{"id":53,"date":"2019-11-04T15:59:36","date_gmt":"2019-11-04T13:59:36","guid":{"rendered":"http:\/\/srvr10.xetpoint.com\/~seyfi\/pernio\/?page_id=53"},"modified":"2019-11-04T15:59:37","modified_gmt":"2019-11-04T13:59:37","slug":"elain-loytynyt","status":"publish","type":"page","link":"https:\/\/sey.fi\/pernio\/pernion-seudun-elainsuojeluyhdistys\/loytoelaimet\/elain-loytynyt\/","title":{"rendered":"El\u00e4in l\u00f6ytynyt"},"content":{"rendered":"\n<p><strong>Huomioitavaa, jos kyseess\u00e4 on koira tai muu el\u00e4in.<\/strong><\/p>\n\n\n\n<p>Jos pihallesi ilmaantuu yksin\u00e4\u00e4n liikkuva koira tai jokin muu el\u00e4in, ilmoita siit\u00e4 l\u00e4himp\u00e4\u00e4n l\u00f6yt\u00f6el\u00e4inten talteenottopaikkaan ja poliisille.<\/p>\n\n\n\n<p><strong>Yrit\u00e4 ottaa el\u00e4in kiinni.<\/strong>&nbsp;El\u00e4int\u00e4 ei kannata ajaa takaa vaan yritt\u00e4\u00e4 houkutella se esimerkiksi ruualla l\u00e4helle kiinniottoa varten.<\/p>\n\n\n\n<p>Salon alueen el\u00e4imist\u00e4 voit soittaa&nbsp; Salon el\u00e4insuojeluyhdistys 044 778 4617&nbsp; Miia Peltonen&nbsp; 045 212 1151 Leena Aho 050-3396557<\/p>\n\n\n\n<p>Kemi\u00f6nsaaren (ent. Kemi\u00f6n, Dragsfj\u00e4rdin ja V\u00e4stanfj\u00e4rdin) el\u00e4imist\u00e4 voit soittaa el\u00e4insuojeluneuvoja Pernilla Nymanille 040-7629024.<\/p>\n\n\n\n<p>Heill\u00e4 voi jo olla tiedot kadonneeksi ilmoitetusta el\u00e4imest\u00e4.<\/p>\n\n\n\n<h3 class=\"wp-block-heading\"><strong>Huomioitavaa, jos kyseess\u00e4 on kissa.<\/strong><\/h3>\n\n\n\n<p><strong>Jos pihallesi ilmestyy hyv\u00e4kuntoinen vieras kissa, \u00e4l\u00e4 anna sille ruokaa ettei se j\u00e4\u00e4 pihallesi py\u00f6rim\u00e4\u00e4n.&nbsp;<\/strong><\/p>\n\n\n\n<p>Ota v\u00e4litt\u00f6m\u00e4sti yhteytt\u00e4 l\u00f6yt\u00f6el\u00e4inkotiin ja el\u00e4insuojeluneuvojaan jos kissa&#8230;<br>\u2026 pyrkii sis\u00e4lle. P\u00e4\u00e4st\u00e4 kissa sis\u00e4lle tai ilmoita ainakin l\u00f6yt\u00f6el\u00e4inten talteenottopaikkaan.<br>\u2026 on loukkaantunut. Voit toimittaa sen my\u00f6s el\u00e4inl\u00e4\u00e4k\u00e4riin.<br>\u2026 sy\u00f6 esim. lintulaudalta ruokaa.<br>\u2026 n\u00e4ytt\u00e4\u00e4 laihalta ja takkuiselta tai muuten silt\u00e4, ett\u00e4 on ollut pitk\u00e4\u00e4n itsekseen ulkona.<br>\u2026 on vieras ja j\u00e4\u00e4 pihapiiriisi py\u00f6rim\u00e4\u00e4n.<br>\u2026 on tiineen\u00e4. \u00c4l\u00e4 j\u00e4\u00e4 odottamaan pentujen syntymist\u00e4.<br>\u2026 on villikissa.<\/p>\n\n\n\n<h3 class=\"wp-block-heading\"><strong>Miten toimia kun l\u00f6yd\u00e4t el\u00e4imen<\/strong><\/h3>\n\n\n\n<p><strong>Katso onko el\u00e4imell\u00e4 kaulapantaa.<\/strong>&nbsp;Tarkista l\u00f6ytyyk\u00f6 sen ulko- tai sis\u00e4puolelta yhteystietoja.<\/p>\n\n\n\n<p>Katso onko vasemmassa korvassa (koirilla toisinaan vasemmassa nivusessa) tatuointia. Rotukoirien korvaan on monesti tatuoitu niiden rekisterinumero, jonka perusteella selvi\u00e4\u00e4 koiran omistaja. Rekisteri\u00e4 pit\u00e4\u00e4 yll\u00e4 Suomen Kennelliitto.<\/p>\n\n\n\n<p>Kissojen Katastrofiyhdistys pit\u00e4\u00e4 yll\u00e4 kissojen tatuointirekisteri\u00e4. Jos omistaja ei selvi\u00e4 sielt\u00e4, niin kysy\u00e4 voi my\u00f6s Suomen Kissaliitosta. Monet el\u00e4insuojeluyhdistykset tatuoivat luovuttamansa el\u00e4imet eiv\u00e4tk\u00e4 ilmoita niit\u00e4 eteenp\u00e4in joten tatuointitunnuksia voi kysell\u00e4 my\u00f6s niist\u00e4. HESYn toimistolta voi kysy\u00e4 lis\u00e4\u00e4, 09-777 4225.<\/p>\n\n\n\n<p>Kysele l\u00e4hitienoon ihmisilt\u00e4, tiet\u00e4v\u00e4tk\u00f6 he, kuka el\u00e4imen omistaa.<\/p>\n\n\n\n<p><strong>Soita viipym\u00e4tt\u00e4 Salon el\u00e4insuojeluyhdistys 044 778 4617 Miia Peltonen 045 212 1151 Leena Aho 050-3396557<br><\/strong><\/p>\n\n\n\n<p>H\u00e4nell\u00e4 voi jo olla tiedot kadonneeksi ilmoitetusta el\u00e4imest\u00e4.<\/p>\n\n\n\n<p>Voit soittaa my\u00f6s l\u00f6yt\u00f6kunnan talteenottopaikkaan, mieluusti my\u00f6s naapurikunnan talteenottopaikkaan.<\/p>\n\n\n\n<p><strong>Koiran tai harvinaisemman el\u00e4imen ollessa kyseess\u00e4 my\u00f6s poliisille kannattaa ilmoittaa.<\/strong><\/p>\n\n\n\n<p>Maaseudulla esimerkiksi riistanhoitoyhdistyksist\u00e4 saattaa olla apua omistajan selvitt\u00e4misess\u00e4.<\/p>\n\n\n\n<p>Tutki l\u00e4hiseudun ilmoitustaulut, sanomalehtien kadonnut \u2013 ilmoitukset ja internet (www.karkurit.fi, esyjen sivut) ja laita omia ilmoituksia el\u00e4imen l\u00f6ytymisest\u00e4.<\/p>\n\n\n\n<p>El\u00e4imell\u00e4 saattaa olla kaulanahan alla mikrosiru, jota ei n\u00e4e paljain silmin. Mikrosirujen lukulaitteita l\u00f6ytyy useimmista l\u00f6yt\u00f6el\u00e4inten talteenottopaikoista ja monilta el\u00e4inl\u00e4\u00e4k\u00e4riasemilta. Mikrosirun numeron avulla pystyt\u00e4\u00e4n selvitt\u00e4m\u00e4\u00e4n el\u00e4imen omistaja esimerkiksi turvasiru.fi rekisterist\u00e4.<\/p>\n\n\n\n<h4 class=\"wp-block-heading\"><strong>X-tatuointi korvassa todenn\u00e4k\u00f6isesti merkitsee sit\u00e4, ett\u00e4 kissalla tai koiralla on my\u00f6s mikrosiru.<\/strong><\/h4>\n\n\n\n<p>Voit toimittaa el\u00e4imen l\u00f6yt\u00f6kunnan talteenottopaikkaan. Joka tapauksessa l\u00f6ytyneest\u00e4 el\u00e4imest\u00e4 on teht\u00e4v\u00e4 viipym\u00e4tt\u00e4 ilmoitus kunnan viralliseen l\u00f6yt\u00f6el\u00e4inten talteenottopaikkaan.<\/p>\n\n\n\n<p>El\u00e4insuojelulain 15\u00a7:n mukaan el\u00e4imen omistajalla on oikeus saada el\u00e4in takaisin hoitokuluja vastaan. El\u00e4imen saa luovuttaa uuteen kotiin vasta, kun se on ollut talteenottopaikassa 15 vuorokautta.<\/p>\n\n\n\n<p>Tekstin muokannut Ulla R\u00e4s\u00e4nen\/ Leena Aho<br>L\u00e4hde:<br>http:\/\/www.hesy.fi\/elainloytynyt.htm<\/p>\n","protected":false},"excerpt":{"rendered":"<p>Huomioitavaa, jos kyseess\u00e4 on koira tai muu el\u00e4in. Jos pihallesi ilmaantuu yksin\u00e4\u00e4n liikkuva koira tai jokin muu el\u00e4in, ilmoita siit\u00e4 l\u00e4himp\u00e4\u00e4n l\u00f6yt\u00f6el\u00e4inten talteenottopaikkaan ja poliisille. Yrit\u00e4 ottaa el\u00e4in kiinni.&nbsp;El\u00e4int\u00e4 ei kannata ajaa takaa vaan yritt\u00e4\u00e4 houkutella se esimerkiksi ruualla l\u00e4helle kiinniottoa varten. Salon alueen el\u00e4imist\u00e4 voit soittaa&nbsp; Salon el\u00e4insuojeluyhdistys 044 778 4617&nbsp; Miia Peltonen&nbsp; 045 [&hellip;]<\/p>\n","protected":false},"author":8,"featured_media":0,"parent":34,"menu_order":0,"comment_status":"closed","ping_status":"closed","template":"","meta":{"_acf_changed":false,"footnotes":""},"class_list":["post-53","page","type-page","status-publish","hentry"],"acf":[],"yoast_head":"<!-- This site is optimized with the Yoast SEO plugin v27.1.1 - https:\/\/yoast.com\/product\/yoast-seo-wordpress\/ -->\n<title>El\u00e4in l\u00f6ytynyt - Perni\u00f6n seudun el\u00e4insuojeluyhdistys<\/title>\n<meta name=\"robots\" content=\"index, follow, max-snippet:-1, max-image-preview:large, max-video-preview:-1\" \/>\n<link rel=\"canonical\" href=\"https:\/\/sey.fi\/pernio\/pernion-seudun-elainsuojeluyhdistys\/loytoelaimet\/elain-loytynyt\/\" \/>\n<meta property=\"og:locale\" content=\"fi_FI\" \/>\n<meta property=\"og:type\" content=\"article\" \/>\n<meta property=\"og:title\" content=\"El\u00e4in l\u00f6ytynyt - Perni\u00f6n seudun el\u00e4insuojeluyhdistys\" \/>\n<meta property=\"og:description\" content=\"Huomioitavaa, jos kyseess\u00e4 on koira tai muu el\u00e4in. Jos pihallesi ilmaantuu yksin\u00e4\u00e4n liikkuva koira tai jokin muu el\u00e4in, ilmoita siit\u00e4 l\u00e4himp\u00e4\u00e4n l\u00f6yt\u00f6el\u00e4inten talteenottopaikkaan ja poliisille. Yrit\u00e4 ottaa el\u00e4in kiinni.&nbsp;El\u00e4int\u00e4 ei kannata ajaa takaa vaan yritt\u00e4\u00e4 houkutella se esimerkiksi ruualla l\u00e4helle kiinniottoa varten. Salon alueen el\u00e4imist\u00e4 voit soittaa&nbsp; Salon el\u00e4insuojeluyhdistys 044 778 4617&nbsp; Miia Peltonen&nbsp; 045 [&hellip;]\" \/>\n<meta property=\"og:url\" content=\"https:\/\/sey.fi\/pernio\/pernion-seudun-elainsuojeluyhdistys\/loytoelaimet\/elain-loytynyt\/\" \/>\n<meta property=\"og:site_name\" content=\"Perni\u00f6n seudun el\u00e4insuojeluyhdistys\" \/>\n<meta property=\"article:modified_time\" content=\"2019-11-04T13:59:37+00:00\" \/>\n<meta name=\"twitter:card\" content=\"summary_large_image\" \/>\n<meta name=\"twitter:label1\" content=\"Arvioitu lukuaika\" \/>\n\t<meta name=\"twitter:data1\" content=\"3 minuuttia\" \/>\n<script type=\"application\/ld+json\" class=\"yoast-schema-graph\">{\"@context\":\"https:\/\/schema.org\",\"@graph\":[{\"@type\":\"WebPage\",\"@id\":\"https:\/\/sey.fi\/pernio\/pernion-seudun-elainsuojeluyhdistys\/loytoelaimet\/elain-loytynyt\/\",\"url\":\"https:\/\/sey.fi\/pernio\/pernion-seudun-elainsuojeluyhdistys\/loytoelaimet\/elain-loytynyt\/\",\"name\":\"El\u00e4in l\u00f6ytynyt - Perni\u00f6n seudun el\u00e4insuojeluyhdistys\",\"isPartOf\":{\"@id\":\"https:\/\/sey.fi\/pernio\/#website\"},\"datePublished\":\"2019-11-04T13:59:36+00:00\",\"dateModified\":\"2019-11-04T13:59:37+00:00\",\"breadcrumb\":{\"@id\":\"https:\/\/sey.fi\/pernio\/pernion-seudun-elainsuojeluyhdistys\/loytoelaimet\/elain-loytynyt\/#breadcrumb\"},\"inLanguage\":\"fi\",\"potentialAction\":[{\"@type\":\"ReadAction\",\"target\":[\"https:\/\/sey.fi\/pernio\/pernion-seudun-elainsuojeluyhdistys\/loytoelaimet\/elain-loytynyt\/\"]}]},{\"@type\":\"BreadcrumbList\",\"@id\":\"https:\/\/sey.fi\/pernio\/pernion-seudun-elainsuojeluyhdistys\/loytoelaimet\/elain-loytynyt\/#breadcrumb\",\"itemListElement\":[{\"@type\":\"ListItem\",\"position\":1,\"name\":\"Home\",\"item\":\"https:\/\/sey.fi\/pernio\/\"},{\"@type\":\"ListItem\",\"position\":2,\"name\":\"Perni\u00f6n seudun el\u00e4insuojeluyhdistys\",\"item\":\"https:\/\/sey.fi\/pernio\/\"},{\"@type\":\"ListItem\",\"position\":3,\"name\":\"L\u00f6yt\u00f6el\u00e4imet\",\"item\":\"https:\/\/sey.fi\/pernio\/pernion-seudun-elainsuojeluyhdistys\/loytoelaimet\/\"},{\"@type\":\"ListItem\",\"position\":4,\"name\":\"El\u00e4in l\u00f6ytynyt\"}]},{\"@type\":\"WebSite\",\"@id\":\"https:\/\/sey.fi\/pernio\/#website\",\"url\":\"https:\/\/sey.fi\/pernio\/\",\"name\":\"Perni\u00f6n seudun el\u00e4insuojeluyhdistys\",\"description\":\"Uusi SEY J\u00e4senyhdistykset -sivusto\",\"potentialAction\":[{\"@type\":\"SearchAction\",\"target\":{\"@type\":\"EntryPoint\",\"urlTemplate\":\"https:\/\/sey.fi\/pernio\/?s={search_term_string}\"},\"query-input\":{\"@type\":\"PropertyValueSpecification\",\"valueRequired\":true,\"valueName\":\"search_term_string\"}}],\"inLanguage\":\"fi\"}]}<\/script>\n<!-- \/ Yoast SEO plugin. -->","yoast_head_json":{"title":"El\u00e4in l\u00f6ytynyt - Perni\u00f6n seudun el\u00e4insuojeluyhdistys","robots":{"index":"index","follow":"follow","max-snippet":"max-snippet:-1","max-image-preview":"max-image-preview:large","max-video-preview":"max-video-preview:-1"},"canonical":"https:\/\/sey.fi\/pernio\/pernion-seudun-elainsuojeluyhdistys\/loytoelaimet\/elain-loytynyt\/","og_locale":"fi_FI","og_type":"article","og_title":"El\u00e4in l\u00f6ytynyt - Perni\u00f6n seudun el\u00e4insuojeluyhdistys","og_description":"Huomioitavaa, jos kyseess\u00e4 on koira tai muu el\u00e4in. Jos pihallesi ilmaantuu yksin\u00e4\u00e4n liikkuva koira tai jokin muu el\u00e4in, ilmoita siit\u00e4 l\u00e4himp\u00e4\u00e4n l\u00f6yt\u00f6el\u00e4inten talteenottopaikkaan ja poliisille. Yrit\u00e4 ottaa el\u00e4in kiinni.&nbsp;El\u00e4int\u00e4 ei kannata ajaa takaa vaan yritt\u00e4\u00e4 houkutella se esimerkiksi ruualla l\u00e4helle kiinniottoa varten. Salon alueen el\u00e4imist\u00e4 voit soittaa&nbsp; Salon el\u00e4insuojeluyhdistys 044 778 4617&nbsp; Miia Peltonen&nbsp; 045 [&hellip;]","og_url":"https:\/\/sey.fi\/pernio\/pernion-seudun-elainsuojeluyhdistys\/loytoelaimet\/elain-loytynyt\/","og_site_name":"Perni\u00f6n seudun el\u00e4insuojeluyhdistys","article_modified_time":"2019-11-04T13:59:37+00:00","twitter_card":"summary_large_image","twitter_misc":{"Arvioitu lukuaika":"3 minuuttia"},"schema":{"@context":"https:\/\/schema.org","@graph":[{"@type":"WebPage","@id":"https:\/\/sey.fi\/pernio\/pernion-seudun-elainsuojeluyhdistys\/loytoelaimet\/elain-loytynyt\/","url":"https:\/\/sey.fi\/pernio\/pernion-seudun-elainsuojeluyhdistys\/loytoelaimet\/elain-loytynyt\/","name":"El\u00e4in l\u00f6ytynyt - Perni\u00f6n seudun el\u00e4insuojeluyhdistys","isPartOf":{"@id":"https:\/\/sey.fi\/pernio\/#website"},"datePublished":"2019-11-04T13:59:36+00:00","dateModified":"2019-11-04T13:59:37+00:00","breadcrumb":{"@id":"https:\/\/sey.fi\/pernio\/pernion-seudun-elainsuojeluyhdistys\/loytoelaimet\/elain-loytynyt\/#breadcrumb"},"inLanguage":"fi","potentialAction":[{"@type":"ReadAction","target":["https:\/\/sey.fi\/pernio\/pernion-seudun-elainsuojeluyhdistys\/loytoelaimet\/elain-loytynyt\/"]}]},{"@type":"BreadcrumbList","@id":"https:\/\/sey.fi\/pernio\/pernion-seudun-elainsuojeluyhdistys\/loytoelaimet\/elain-loytynyt\/#breadcrumb","itemListElement":[{"@type":"ListItem","position":1,"name":"Home","item":"https:\/\/sey.fi\/pernio\/"},{"@type":"ListItem","position":2,"name":"Perni\u00f6n seudun el\u00e4insuojeluyhdistys","item":"https:\/\/sey.fi\/pernio\/"},{"@type":"ListItem","position":3,"name":"L\u00f6yt\u00f6el\u00e4imet","item":"https:\/\/sey.fi\/pernio\/pernion-seudun-elainsuojeluyhdistys\/loytoelaimet\/"},{"@type":"ListItem","position":4,"name":"El\u00e4in l\u00f6ytynyt"}]},{"@type":"WebSite","@id":"https:\/\/sey.fi\/pernio\/#website","url":"https:\/\/sey.fi\/pernio\/","name":"Perni\u00f6n seudun el\u00e4insuojeluyhdistys","description":"Uusi SEY J\u00e4senyhdistykset -sivusto","potentialAction":[{"@type":"SearchAction","target":{"@type":"EntryPoint","urlTemplate":"https:\/\/sey.fi\/pernio\/?s={search_term_string}"},"query-input":{"@type":"PropertyValueSpecification","valueRequired":true,"valueName":"search_term_string"}}],"inLanguage":"fi"}]}},"_links":{"self":[{"href":"https:\/\/sey.fi\/pernio\/wp-json\/wp\/v2\/pages\/53","targetHints":{"allow":["GET"]}}],"collection":[{"href":"https:\/\/sey.fi\/pernio\/wp-json\/wp\/v2\/pages"}],"about":[{"href":"https:\/\/sey.fi\/pernio\/wp-json\/wp\/v2\/types\/page"}],"author":[{"embeddable":true,"href":"https:\/\/sey.fi\/pernio\/wp-json\/wp\/v2\/users\/8"}],"replies":[{"embeddable":true,"href":"https:\/\/sey.fi\/pernio\/wp-json\/wp\/v2\/comments?post=53"}],"version-history":[{"count":1,"href":"https:\/\/sey.fi\/pernio\/wp-json\/wp\/v2\/pages\/53\/revisions"}],"predecessor-version":[{"id":54,"href":"https:\/\/sey.fi\/pernio\/wp-json\/wp\/v2\/pages\/53\/revisions\/54"}],"up":[{"embeddable":true,"href":"https:\/\/sey.fi\/pernio\/wp-json\/wp\/v2\/pages\/34"}],"wp:attachment":[{"href":"https:\/\/sey.fi\/pernio\/wp-json\/wp\/v2\/media?parent=53"}],"curies":[{"name":"wp","href":"https:\/\/api.w.org\/{rel}","templated":true}]}}