{"id":55,"date":"2019-11-04T16:01:28","date_gmt":"2019-11-04T14:01:28","guid":{"rendered":"http:\/\/srvr10.xetpoint.com\/~seyfi\/pernio\/?page_id=55"},"modified":"2021-02-03T10:41:32","modified_gmt":"2021-02-03T08:41:32","slug":"elaintietoa","status":"publish","type":"page","link":"https:\/\/sey.fi\/pernio\/pernion-seudun-elainsuojeluyhdistys\/elaintietoa\/","title":{"rendered":"El\u00e4intietoa"},"content":{"rendered":"\n<h3 class=\"wp-block-heading\"> Kissan luovutusik\u00e4 <\/h3>\n\n\n\n<figure class=\"wp-block-image is-resized\"><img loading=\"lazy\" decoding=\"async\" src=\"http:\/\/pernio.sey.fi\/images\/63386473.jpg\" alt=\"\" width=\"373\" height=\"280\" \/><\/figure>\n\n\n\n<h4 class=\"wp-block-heading\"><strong>Tiesitk\u00f6, ett\u00e4 kissanpennun luovutusik\u00e4 on 14 viikkoa?<\/strong><\/h4>\n\n\n\n<p>Viel\u00e4kin on vallalla k\u00e4sitys, ett\u00e4 kissanpennun voi antaa uuteen kotiin jo 8 viikon i\u00e4ss\u00e4. T\u00e4t\u00e4 nuorempiakin luovutetaan. Kissanpentu oppii sis\u00e4siistiksi ja sy\u00f6m\u00e4\u00e4n kiinte\u00e4\u00e4 ruokaa 5-6 viikon i\u00e4ss\u00e4, mutta t\u00e4m\u00e4 ei viel\u00e4 tarkoita, ett\u00e4 se on valmis l\u00e4htem\u00e4\u00e4n maailmalle.&nbsp;<strong>Pennun tulisi olla emonsa ja sisarustensa kanssa ainakin 14 viikkoiseksi.<\/strong>&nbsp;T\u00e4m\u00e4 koskee sek\u00e4 rotu- ett\u00e4 maatiaiskissaa. Kissat eiv\u00e4t itsen\u00e4isin\u00e4 el\u00e4imin\u00e4 leimaudu ihmiseen kuten koirat, joten niit\u00e4 ei ole tarpeen erottaa emostaan liian aikaisin. Kissat my\u00f6s el\u00e4v\u00e4t pidemp\u00e4\u00e4n kuin koirat, joten t\u00e4m\u00e4kin puoltaa sit\u00e4 miksi kissanpentu tarvitsee emoaan kauemmin kuin koiranpentu.<\/p>\n\n\n\n<p>Pentu tarvitsee ainakin 14 viikkoa emon l\u00e4heisyytt\u00e4 ja turvallisuutta, t\u00e4ss\u00e4 ajassa emo opettaa pennulle &#8221;kissan tavat&#8221;.&nbsp;<strong>14 viikon i\u00e4ss\u00e4 vieroitetut kissanpennut yleens\u00e4 sopeutuvat ongelmitta uuteen kotiinsa.<\/strong>&nbsp;Ne ovat tuolloin saaneet riitt\u00e4v\u00e4t ev\u00e4\u00e4t maailmalla selviytymiseen.<\/p>\n\n\n\n<p><strong>Kissojen kielen pentu oppii 2-14 viikon v\u00e4lisen\u00e4 aikana.<\/strong>&nbsp;Sit\u00e4, mik\u00e4 silt\u00e4 j\u00e4\u00e4 oppimatta tuona aikana, se ei en\u00e4\u00e4 my\u00f6hemmink\u00e4\u00e4n pysty oppimaan. Hyvin nuorina vieroitetut kissat eiv\u00e4t yleens\u00e4 tule toimeen muiden kissojen kanssa, koska niiden sosiaalisten taitojen oppiminen on j\u00e4\u00e4nyt pahasti kesken. Muita&nbsp;<strong>ongelmia<\/strong>&nbsp;voivat olla&nbsp;<strong>aggressiivisuus, sis\u00e4siisteysongelmat<\/strong>&nbsp;ja lis\u00e4ksi keskim\u00e4\u00e4r\u00e4ist\u00e4 enemm\u00e4n my\u00f6s muut&nbsp;<strong>k\u00e4ytt\u00e4ytymisongelmat<\/strong>. Liian aikaisin vieroitetut pennut voivat aikuisenakin imeskell\u00e4 omistajan ihoa ja vaatteita. Ne voivat my\u00f6s imeskell\u00e4 tai jopa niell\u00e4 muita asunnosta l\u00f6ytyvi\u00e4 tekstiilej\u00e4; usein villavaatteita. Jos pennut saavat olla pitk\u00e4\u00e4n emonsa kanssa, ne ehtiv\u00e4t saada t\u00e4ysimittaisen tilaisuuden oppia emoltaan taitoja, joita tarvitsevat my\u00f6hemmin el\u00e4m\u00e4ss\u00e4\u00e4n; kuten kissojen &#8221;kielen&#8221; vivahteita.<\/p>\n\n\n\n<p><strong>El\u00e4insuojelulaissa sanotaan, ettei pentuja saa vieroittaa emostaan liian varhain.<\/strong>&nbsp;Vieroituksen on tapahduttava sellaisena ajankohtana, joka on sek\u00e4 pentujen ett\u00e4 emon hyvinvoinnin kannalta edullisinta. On my\u00f6s omistajan etu, ett\u00e4 kissa saa emoltaan riitt\u00e4v\u00e4t opit el\u00e4m\u00e4\u00e4 varten. Ajatellen, ett\u00e4 hyvin hoidettuna&nbsp;<strong>kissa voi el\u00e4\u00e4 yli 20-vuotiaaksi<\/strong>, on kaikkien edun mukaista antaa pennun olla emonsa kanssa riitt\u00e4v\u00e4n pitk\u00e4\u00e4n.&nbsp;<strong>Muutama viikko on pieni aika ihmisen el\u00e4m\u00e4ss\u00e4, mutta kissanpennulle se voi olla ratkaiseva aika sen loppuel\u00e4m\u00e4\u00e4 ajatellen.<\/strong><\/p>\n\n\n\n<p><\/p>\n","protected":false},"excerpt":{"rendered":"<p>Kissan luovutusik\u00e4 Tiesitk\u00f6, ett\u00e4 kissanpennun luovutusik\u00e4 on 14 viikkoa? Viel\u00e4kin on vallalla k\u00e4sitys, ett\u00e4 kissanpennun voi antaa uuteen kotiin jo 8 viikon i\u00e4ss\u00e4. T\u00e4t\u00e4 nuorempiakin luovutetaan. Kissanpentu oppii sis\u00e4siistiksi ja sy\u00f6m\u00e4\u00e4n kiinte\u00e4\u00e4 ruokaa 5-6 viikon i\u00e4ss\u00e4, mutta t\u00e4m\u00e4 ei viel\u00e4 tarkoita, ett\u00e4 se on valmis l\u00e4htem\u00e4\u00e4n maailmalle.&nbsp;Pennun tulisi olla emonsa ja sisarustensa kanssa ainakin 14 [&hellip;]<\/p>\n","protected":false},"author":8,"featured_media":0,"parent":2,"menu_order":0,"comment_status":"closed","ping_status":"closed","template":"","meta":{"_acf_changed":false,"footnotes":""},"class_list":["post-55","page","type-page","status-publish","hentry"],"acf":[],"yoast_head":"<!-- This site is optimized with the Yoast SEO plugin v27.1.1 - https:\/\/yoast.com\/product\/yoast-seo-wordpress\/ -->\n<title>El\u00e4intietoa - Perni\u00f6n seudun el\u00e4insuojeluyhdistys<\/title>\n<meta name=\"robots\" content=\"index, follow, max-snippet:-1, max-image-preview:large, max-video-preview:-1\" \/>\n<link rel=\"canonical\" href=\"https:\/\/sey.fi\/pernio\/pernion-seudun-elainsuojeluyhdistys\/elaintietoa\/\" \/>\n<meta property=\"og:locale\" content=\"fi_FI\" \/>\n<meta property=\"og:type\" content=\"article\" \/>\n<meta property=\"og:title\" content=\"El\u00e4intietoa - Perni\u00f6n seudun el\u00e4insuojeluyhdistys\" \/>\n<meta property=\"og:description\" content=\"Kissan luovutusik\u00e4 Tiesitk\u00f6, ett\u00e4 kissanpennun luovutusik\u00e4 on 14 viikkoa? Viel\u00e4kin on vallalla k\u00e4sitys, ett\u00e4 kissanpennun voi antaa uuteen kotiin jo 8 viikon i\u00e4ss\u00e4. T\u00e4t\u00e4 nuorempiakin luovutetaan. Kissanpentu oppii sis\u00e4siistiksi ja sy\u00f6m\u00e4\u00e4n kiinte\u00e4\u00e4 ruokaa 5-6 viikon i\u00e4ss\u00e4, mutta t\u00e4m\u00e4 ei viel\u00e4 tarkoita, ett\u00e4 se on valmis l\u00e4htem\u00e4\u00e4n maailmalle.&nbsp;Pennun tulisi olla emonsa ja sisarustensa kanssa ainakin 14 [&hellip;]\" \/>\n<meta property=\"og:url\" content=\"https:\/\/sey.fi\/pernio\/pernion-seudun-elainsuojeluyhdistys\/elaintietoa\/\" \/>\n<meta property=\"og:site_name\" content=\"Perni\u00f6n seudun el\u00e4insuojeluyhdistys\" \/>\n<meta property=\"article:modified_time\" content=\"2021-02-03T08:41:32+00:00\" \/>\n<meta property=\"og:image\" content=\"http:\/\/pernio.sey.fi\/images\/63386473.jpg\" \/>\n<meta name=\"twitter:card\" content=\"summary_large_image\" \/>\n<meta name=\"twitter:label1\" content=\"Arvioitu lukuaika\" \/>\n\t<meta name=\"twitter:data1\" content=\"2 minuuttia\" \/>\n<script type=\"application\/ld+json\" class=\"yoast-schema-graph\">{\"@context\":\"https:\/\/schema.org\",\"@graph\":[{\"@type\":\"WebPage\",\"@id\":\"https:\/\/sey.fi\/pernio\/pernion-seudun-elainsuojeluyhdistys\/elaintietoa\/\",\"url\":\"https:\/\/sey.fi\/pernio\/pernion-seudun-elainsuojeluyhdistys\/elaintietoa\/\",\"name\":\"El\u00e4intietoa - Perni\u00f6n seudun el\u00e4insuojeluyhdistys\",\"isPartOf\":{\"@id\":\"https:\/\/sey.fi\/pernio\/#website\"},\"primaryImageOfPage\":{\"@id\":\"https:\/\/sey.fi\/pernio\/pernion-seudun-elainsuojeluyhdistys\/elaintietoa\/#primaryimage\"},\"image\":{\"@id\":\"https:\/\/sey.fi\/pernio\/pernion-seudun-elainsuojeluyhdistys\/elaintietoa\/#primaryimage\"},\"thumbnailUrl\":\"http:\/\/pernio.sey.fi\/images\/63386473.jpg\",\"datePublished\":\"2019-11-04T14:01:28+00:00\",\"dateModified\":\"2021-02-03T08:41:32+00:00\",\"breadcrumb\":{\"@id\":\"https:\/\/sey.fi\/pernio\/pernion-seudun-elainsuojeluyhdistys\/elaintietoa\/#breadcrumb\"},\"inLanguage\":\"fi\",\"potentialAction\":[{\"@type\":\"ReadAction\",\"target\":[\"https:\/\/sey.fi\/pernio\/pernion-seudun-elainsuojeluyhdistys\/elaintietoa\/\"]}]},{\"@type\":\"ImageObject\",\"inLanguage\":\"fi\",\"@id\":\"https:\/\/sey.fi\/pernio\/pernion-seudun-elainsuojeluyhdistys\/elaintietoa\/#primaryimage\",\"url\":\"http:\/\/pernio.sey.fi\/images\/63386473.jpg\",\"contentUrl\":\"http:\/\/pernio.sey.fi\/images\/63386473.jpg\"},{\"@type\":\"BreadcrumbList\",\"@id\":\"https:\/\/sey.fi\/pernio\/pernion-seudun-elainsuojeluyhdistys\/elaintietoa\/#breadcrumb\",\"itemListElement\":[{\"@type\":\"ListItem\",\"position\":1,\"name\":\"Home\",\"item\":\"https:\/\/sey.fi\/pernio\/\"},{\"@type\":\"ListItem\",\"position\":2,\"name\":\"Perni\u00f6n seudun el\u00e4insuojeluyhdistys\",\"item\":\"https:\/\/sey.fi\/pernio\/\"},{\"@type\":\"ListItem\",\"position\":3,\"name\":\"El\u00e4intietoa\"}]},{\"@type\":\"WebSite\",\"@id\":\"https:\/\/sey.fi\/pernio\/#website\",\"url\":\"https:\/\/sey.fi\/pernio\/\",\"name\":\"Perni\u00f6n seudun el\u00e4insuojeluyhdistys\",\"description\":\"Uusi SEY J\u00e4senyhdistykset -sivusto\",\"potentialAction\":[{\"@type\":\"SearchAction\",\"target\":{\"@type\":\"EntryPoint\",\"urlTemplate\":\"https:\/\/sey.fi\/pernio\/?s={search_term_string}\"},\"query-input\":{\"@type\":\"PropertyValueSpecification\",\"valueRequired\":true,\"valueName\":\"search_term_string\"}}],\"inLanguage\":\"fi\"}]}<\/script>\n<!-- \/ Yoast SEO plugin. -->","yoast_head_json":{"title":"El\u00e4intietoa - Perni\u00f6n seudun el\u00e4insuojeluyhdistys","robots":{"index":"index","follow":"follow","max-snippet":"max-snippet:-1","max-image-preview":"max-image-preview:large","max-video-preview":"max-video-preview:-1"},"canonical":"https:\/\/sey.fi\/pernio\/pernion-seudun-elainsuojeluyhdistys\/elaintietoa\/","og_locale":"fi_FI","og_type":"article","og_title":"El\u00e4intietoa - Perni\u00f6n seudun el\u00e4insuojeluyhdistys","og_description":"Kissan luovutusik\u00e4 Tiesitk\u00f6, ett\u00e4 kissanpennun luovutusik\u00e4 on 14 viikkoa? Viel\u00e4kin on vallalla k\u00e4sitys, ett\u00e4 kissanpennun voi antaa uuteen kotiin jo 8 viikon i\u00e4ss\u00e4. T\u00e4t\u00e4 nuorempiakin luovutetaan. Kissanpentu oppii sis\u00e4siistiksi ja sy\u00f6m\u00e4\u00e4n kiinte\u00e4\u00e4 ruokaa 5-6 viikon i\u00e4ss\u00e4, mutta t\u00e4m\u00e4 ei viel\u00e4 tarkoita, ett\u00e4 se on valmis l\u00e4htem\u00e4\u00e4n maailmalle.&nbsp;Pennun tulisi olla emonsa ja sisarustensa kanssa ainakin 14 [&hellip;]","og_url":"https:\/\/sey.fi\/pernio\/pernion-seudun-elainsuojeluyhdistys\/elaintietoa\/","og_site_name":"Perni\u00f6n seudun el\u00e4insuojeluyhdistys","article_modified_time":"2021-02-03T08:41:32+00:00","og_image":[{"url":"http:\/\/pernio.sey.fi\/images\/63386473.jpg","type":"","width":"","height":""}],"twitter_card":"summary_large_image","twitter_misc":{"Arvioitu lukuaika":"2 minuuttia"},"schema":{"@context":"https:\/\/schema.org","@graph":[{"@type":"WebPage","@id":"https:\/\/sey.fi\/pernio\/pernion-seudun-elainsuojeluyhdistys\/elaintietoa\/","url":"https:\/\/sey.fi\/pernio\/pernion-seudun-elainsuojeluyhdistys\/elaintietoa\/","name":"El\u00e4intietoa - Perni\u00f6n seudun el\u00e4insuojeluyhdistys","isPartOf":{"@id":"https:\/\/sey.fi\/pernio\/#website"},"primaryImageOfPage":{"@id":"https:\/\/sey.fi\/pernio\/pernion-seudun-elainsuojeluyhdistys\/elaintietoa\/#primaryimage"},"image":{"@id":"https:\/\/sey.fi\/pernio\/pernion-seudun-elainsuojeluyhdistys\/elaintietoa\/#primaryimage"},"thumbnailUrl":"http:\/\/pernio.sey.fi\/images\/63386473.jpg","datePublished":"2019-11-04T14:01:28+00:00","dateModified":"2021-02-03T08:41:32+00:00","breadcrumb":{"@id":"https:\/\/sey.fi\/pernio\/pernion-seudun-elainsuojeluyhdistys\/elaintietoa\/#breadcrumb"},"inLanguage":"fi","potentialAction":[{"@type":"ReadAction","target":["https:\/\/sey.fi\/pernio\/pernion-seudun-elainsuojeluyhdistys\/elaintietoa\/"]}]},{"@type":"ImageObject","inLanguage":"fi","@id":"https:\/\/sey.fi\/pernio\/pernion-seudun-elainsuojeluyhdistys\/elaintietoa\/#primaryimage","url":"http:\/\/pernio.sey.fi\/images\/63386473.jpg","contentUrl":"http:\/\/pernio.sey.fi\/images\/63386473.jpg"},{"@type":"BreadcrumbList","@id":"https:\/\/sey.fi\/pernio\/pernion-seudun-elainsuojeluyhdistys\/elaintietoa\/#breadcrumb","itemListElement":[{"@type":"ListItem","position":1,"name":"Home","item":"https:\/\/sey.fi\/pernio\/"},{"@type":"ListItem","position":2,"name":"Perni\u00f6n seudun el\u00e4insuojeluyhdistys","item":"https:\/\/sey.fi\/pernio\/"},{"@type":"ListItem","position":3,"name":"El\u00e4intietoa"}]},{"@type":"WebSite","@id":"https:\/\/sey.fi\/pernio\/#website","url":"https:\/\/sey.fi\/pernio\/","name":"Perni\u00f6n seudun el\u00e4insuojeluyhdistys","description":"Uusi SEY J\u00e4senyhdistykset -sivusto","potentialAction":[{"@type":"SearchAction","target":{"@type":"EntryPoint","urlTemplate":"https:\/\/sey.fi\/pernio\/?s={search_term_string}"},"query-input":{"@type":"PropertyValueSpecification","valueRequired":true,"valueName":"search_term_string"}}],"inLanguage":"fi"}]}},"_links":{"self":[{"href":"https:\/\/sey.fi\/pernio\/wp-json\/wp\/v2\/pages\/55","targetHints":{"allow":["GET"]}}],"collection":[{"href":"https:\/\/sey.fi\/pernio\/wp-json\/wp\/v2\/pages"}],"about":[{"href":"https:\/\/sey.fi\/pernio\/wp-json\/wp\/v2\/types\/page"}],"author":[{"embeddable":true,"href":"https:\/\/sey.fi\/pernio\/wp-json\/wp\/v2\/users\/8"}],"replies":[{"embeddable":true,"href":"https:\/\/sey.fi\/pernio\/wp-json\/wp\/v2\/comments?post=55"}],"version-history":[{"count":3,"href":"https:\/\/sey.fi\/pernio\/wp-json\/wp\/v2\/pages\/55\/revisions"}],"predecessor-version":[{"id":118,"href":"https:\/\/sey.fi\/pernio\/wp-json\/wp\/v2\/pages\/55\/revisions\/118"}],"up":[{"embeddable":true,"href":"https:\/\/sey.fi\/pernio\/wp-json\/wp\/v2\/pages\/2"}],"wp:attachment":[{"href":"https:\/\/sey.fi\/pernio\/wp-json\/wp\/v2\/media?parent=55"}],"curies":[{"name":"wp","href":"https:\/\/api.w.org\/{rel}","templated":true}]}}