{"id":57,"date":"2019-11-04T16:02:58","date_gmt":"2019-11-04T14:02:58","guid":{"rendered":"http:\/\/srvr10.xetpoint.com\/~seyfi\/pernio\/?page_id=57"},"modified":"2019-11-04T16:02:59","modified_gmt":"2019-11-04T14:02:59","slug":"mita-on-pentutehtailu","status":"publish","type":"page","link":"https:\/\/sey.fi\/pernio\/pernion-seudun-elainsuojeluyhdistys\/elaintietoa\/mita-on-pentutehtailu\/","title":{"rendered":"Mit\u00e4 on pentutehtailu?"},"content":{"rendered":"\n<p><strong>Pys\u00e4yt\u00e4 pentutehdas. \u00c4l\u00e4 osta pime\u00e4\u00e4 pentua.<\/strong><\/p>\n\n\n\n<p>Vuonna 2005 Suomen El\u00e4insuojeluyhdistysten liitto SEY vietti El\u00e4inten viikkoa teemalla &#8221;Pys\u00e4yt\u00e4 pentutehdas. \u00c4l\u00e4 osta pime\u00e4\u00e4 pentua.&#8221;. Valitettavasti pentutehtailu on edelleen ongelma.<\/p>\n\n\n\n<p>Tietoa jakamalla SEY haluaa v\u00e4hent\u00e4\u00e4 huonoista oloista tulevien, laittomasti maahan tuotujen ja taustaltaan muuten arveluttavien koiran- ja kissanpentujen markkinoita.<\/p>\n\n\n\n<p>Pime\u00e4ss\u00e4 kaupassa el\u00e4imet joutuvat k\u00e4rsim\u00e4\u00e4n piittaamattomien ihmisten rahanahneudesta. Ostajalle puolestaan koituu pettymyksi\u00e4 ja surua, kun pentu osoittautuu sairaaksi tai ei muuten ole sellainen kuin luvattiin. S\u00e4\u00e4list\u00e4 ostaminen vain lis\u00e4\u00e4 tarjontaa.<\/p>\n\n\n\n<p>Arveluttavaa pentukauppaa harjoittavat el\u00e4imi\u00e4 Virosta ja Ven\u00e4j\u00e4lt\u00e4 tuovat kaupalliset v\u00e4litt\u00e4j\u00e4t mutta my\u00f6s kotimaiset jobbarit sek\u00e4 pentutehtaat, joissa el\u00e4inten elinolot ja hoito ovat huonot.<\/p>\n\n\n\n<p>Pentutehtaita on sek\u00e4 Suomessa ett\u00e4 rajojen takana. Pentutehtaissa on usein suuri m\u00e4\u00e4r\u00e4 koiria tai kissoja, jotka lis\u00e4\u00e4ntyv\u00e4t jatkuvasti, mutta pentutehtailua voidaan harjoittaa jo yhdell\u00e4kin nartulla, jos pentuja teetet\u00e4\u00e4n jatkuvasti ja em\u00e4\u00e4 ja pentuja hoidetaan huonosti. Pentutehtailun v\u00e4linein\u00e4 voivat olla sek\u00e4 puhdas- ett\u00e4 sekarotuiset koirat ja kissat.<\/p>\n\n\n\n<h3 class=\"wp-block-heading\"><strong>Miten pime\u00e4 pentukauppias toimii<\/strong><\/h3>\n\n\n\n<p>Pime\u00e4ll\u00e4 pentukaupalle ja pentutehtailulle tyypillist\u00e4 on toiminnan piilottelu. Myyj\u00e4n yhteystiedot ovat usein salaiset. Samasta numerosta saatetaan myyd\u00e4 useita erirotuisia ja eri-ik\u00e4isi\u00e4 pentuja samaan aikaan.&nbsp;<strong>Myynti-ilmoitukset julkaistaan ilmaispalstoilla.<\/strong><\/p>\n\n\n\n<p><strong>Ostaja ei p\u00e4\u00e4se n\u00e4kem\u00e4\u00e4n pentujen asuintiloja eik\u00e4 emoa<\/strong>, vaan tapaaminen sovitaan muualle. Joskus pentu halutaan tuoda suoraan ostajan kotiin.<\/p>\n\n\n\n<h3 class=\"wp-block-heading\"><strong>Miksi ei pentutehtaasta<\/strong><\/h3>\n\n\n\n<p>Jokainen huonosti hoidetusta koirasta tai kissasta maksettu euro on tukimaksu h\u00e4m\u00e4r\u00e4lle toiminnalle. El\u00e4inten hoito on pentutehtaassa usein pahasti laiminly\u00f6ty. El\u00e4intiloja siivotaan harvoin, ja emot el\u00e4v\u00e4t saastan keskell\u00e4 esim. betonilattialla pimeiss\u00e4, kosteissa kellareissa tai p\u00e4\u00e4llekk\u00e4in pinottuihin kuljetush\u00e4kkeihin suljettuna.&nbsp;<strong>\u00c4l\u00e4 tue el\u00e4inten pit\u00e4mist\u00e4 sellaisissa oloissa, joita et hyv\u00e4ksy!<\/strong><\/p>\n\n\n\n<p>On my\u00f6s sellaisia pentutehtaita, joissa el\u00e4imet ovat p\u00e4\u00e4llisin puolin kunnossa, mutta niit\u00e4 s\u00e4ilytet\u00e4\u00e4n ala-arvoisissa oloissa, esim. kuljetush\u00e4keiss\u00e4.<\/p>\n\n\n\n<p>Nartut toimivat yleens\u00e4 pelkkin\u00e4 pennuntuotantokoneina, jotka joutuvat tuottamaan j\u00e4lkel\u00e4isi\u00e4 jokaisen juoksuajan j\u00e4lkeen. Jotkut kasvattajat rekister\u00f6iv\u00e4t pennut nartun joka toisesta kiimasta, mutta teett\u00e4v\u00e4t v\u00e4liss\u00e4 rekister\u00f6im\u00e4tt\u00f6m\u00e4n pentueen. N\u00e4in nartulla ansaitaan enemm\u00e4n rahaa kuin olisi mahdollista Kennelliiton ohjeita noudattamalla.<\/p>\n\n\n\n<p>Tavallista on, ett\u00e4 el\u00e4imet lis\u00e4\u00e4ntyv\u00e4t pentutehtaissa kesken\u00e4\u00e4n t\u00e4ysin sattumanvaraisesti. Silloin pentueen vanhemmat ovat usein l\u00e4hisukua kesken\u00e4\u00e4n, ja pennut voivat k\u00e4rsi\u00e4 koko el\u00e4m\u00e4ns\u00e4 esimerkiksi vaikeista luusto-ongelmista, allergioista tai tulehdusalttiudesta.<\/p>\n\n\n\n<p>Suuren el\u00e4injoukon madottaminen on sek\u00e4 kallista ett\u00e4 ty\u00f6l\u00e4st\u00e4 ja siksi usein laiminly\u00f6d\u00e4\u00e4n. Pennut saavat matotartunnan emostaan jo siki\u00f6aikana ja kehittyv\u00e4t huonosti. Loiset, aliravitsemus ja likaisuus heikent\u00e4v\u00e4t vastustuskyky\u00e4.<\/p>\n\n\n\n<p>Kun kasvattaja ei ole rokotuttanut emoa, eiv\u00e4t my\u00f6sk\u00e4\u00e4n pennut saa vasta-aineita esimerkiksi parvovirusta tai penikkatautia vastaan.<\/p>\n\n\n\n<p>El\u00e4inten ravinto on usein puutteellista ja el\u00e4imet sen seurauksena huonokuntoisia. Tarttuvat taudit levi\u00e4v\u00e4t pentutehtaissa helposti.<\/p>\n\n\n\n<p>Huonokuntoisen, esimerkiksi parvoripuliin sairastuneen koiranpennun hoidattaminen el\u00e4inl\u00e4\u00e4k\u00e4rill\u00e4 maksaa paljon, ja usein pentu ei hoidosta huolimatta selvi\u00e4. Ostohetkell\u00e4 edulliselta tuntunut pentu tuleekin hyvin kalliiksi, ja pennun kuolema voi tuoda suuren surun.<\/p>\n\n\n\n<h3 class=\"wp-block-heading\"><strong>Varo laitonta tuontia<\/strong><\/h3>\n\n\n\n<p>Myyt\u00e4v\u00e4n\u00e4 on jatkuvasti tuontipentuja, joiden tausta on ep\u00e4selv\u00e4. Pennunostajan on syyt\u00e4 olla valppaana, sill\u00e4&nbsp;<strong>salakuljetuksen paljastuttua el\u00e4in joko palautetaan l\u00e4ht\u00f6maahan tai lopetetaan<\/strong>. Omistaja voi menett\u00e4\u00e4 lemmikkins\u00e4, sill\u00e4 p\u00e4\u00e4t\u00f6kset pannaan toimeen my\u00f6s takautuvasti.<\/p>\n\n\n\n<p>Laiton tuonti aiheuttaa my\u00f6s tautien levi\u00e4misen vaaran. Raivotauti ja koiran heisimadon mukana levi\u00e4v\u00e4 ekinokokki-loinen ovat ihmiselle hengenvaarallisia. Suomen luontoon levinnyt ekinokokki est\u00e4isi marjojen ja sienien ker\u00e4\u00e4misen ja aiheuttaisi siten suurta vahinkoa.<\/p>\n\n\n\n<h3 class=\"wp-block-heading\"><strong>Ohjeita koiranpennun hankkijalle<\/strong><\/h3>\n\n\n\n<ul class=\"wp-block-list\"><li><strong>\u00c4l\u00e4 osta pentua s\u00e4\u00e4list\u00e4.<\/strong>&nbsp;Vaikka pelastaisit yhden pennun, tuet samalla toiminnan jatkumista. Paras keino lopettaa ep\u00e4ilytt\u00e4v\u00e4 el\u00e4inbisnes on olla tukematta sit\u00e4 mill\u00e4\u00e4n tavoin.&nbsp;<strong>Ilman ostajia ei pian ole myyji\u00e4k\u00e4\u00e4n.<\/strong><\/li><li><strong>\u00c4l\u00e4 osta pentua, jonka emoa et saa tavata.<\/strong>&nbsp;Jos myyj\u00e4 ei p\u00e4\u00e4st\u00e4 sis\u00e4lle taloon vaan tuo pennun tai useamman n\u00e4ht\u00e4v\u00e4ksi ulos, \u00e4l\u00e4 osta h\u00e4nelt\u00e4 pentua. Jos myyj\u00e4 haluaa tuoda pennun suoraan uuteen kotiin ilman ett\u00e4 olet ensin k\u00e4ynyt katsomassa pentuetta h\u00e4nen luonaan, \u00e4l\u00e4 osta h\u00e4nelt\u00e4 pentua.<\/li><li>\u00c4l\u00e4 anna ruusukkeiden ja pokaalien sokaista itse\u00e4si. N\u00e4yttelyiss\u00e4 menestyminen ei sellaisenaan takaa koirien hyv\u00e4\u00e4 hoitoa ja eettisi\u00e4 toimintatapoja.<\/li><li>\u00c4l\u00e4 osta rekister\u00f6im\u00e4t\u00f6nt\u00e4 rotukoiran pentua. Selitykseen vahinkopentueesta on monesti syyt\u00e4 suhtautua varauksella.<\/li><li>Ota etuk\u00e4teen selv\u00e4\u00e4, mitk\u00e4 paperit ulkomailta tuodulla koiralla pit\u00e4\u00e4 olla. Jos myyj\u00e4 ei halua n\u00e4ytt\u00e4\u00e4 papereita ja selitt\u00e4\u00e4 niiden merkint\u00f6j\u00e4 selv\u00e4sti, \u00e4l\u00e4 osta koiraa h\u00e4nelt\u00e4.<\/li><li>Tehk\u00e4\u00e4 el\u00e4imest\u00e4 \u2014 my\u00f6s sekarotuisesta \u2014 huolellinen kauppakirja, jonka molemmat osapuolet allekirjoittavat. Jos myyj\u00e4 ei halua laatia kauppakirjaa eik\u00e4 h\u00e4nell\u00e4 ole aikaa kaikessa rauhassa kirjata siihen kaikkia asioita, \u00e4l\u00e4 osta h\u00e4nelt\u00e4 pentua.&nbsp;<\/li><\/ul>\n\n\n\n<h4 class=\"wp-block-heading\">Suomen El\u00e4insuojeluyhdistysten Liitto SEY<\/h4>\n\n\n\n<h4 class=\"wp-block-heading\">TIEDOTE 2.10.2005<\/h4>\n","protected":false},"excerpt":{"rendered":"<p>Pys\u00e4yt\u00e4 pentutehdas. \u00c4l\u00e4 osta pime\u00e4\u00e4 pentua. Vuonna 2005 Suomen El\u00e4insuojeluyhdistysten liitto SEY vietti El\u00e4inten viikkoa teemalla &#8221;Pys\u00e4yt\u00e4 pentutehdas. \u00c4l\u00e4 osta pime\u00e4\u00e4 pentua.&#8221;. Valitettavasti pentutehtailu on edelleen ongelma. Tietoa jakamalla SEY haluaa v\u00e4hent\u00e4\u00e4 huonoista oloista tulevien, laittomasti maahan tuotujen ja taustaltaan muuten arveluttavien koiran- ja kissanpentujen markkinoita. Pime\u00e4ss\u00e4 kaupassa el\u00e4imet joutuvat k\u00e4rsim\u00e4\u00e4n piittaamattomien ihmisten rahanahneudesta. Ostajalle [&hellip;]<\/p>\n","protected":false},"author":8,"featured_media":0,"parent":55,"menu_order":0,"comment_status":"closed","ping_status":"closed","template":"","meta":{"_acf_changed":false,"footnotes":""},"class_list":["post-57","page","type-page","status-publish","hentry"],"acf":[],"yoast_head":"<!-- This site is optimized with the Yoast SEO plugin v27.1.1 - https:\/\/yoast.com\/product\/yoast-seo-wordpress\/ -->\n<title>Mit\u00e4 on pentutehtailu? - Perni\u00f6n seudun el\u00e4insuojeluyhdistys<\/title>\n<meta name=\"robots\" content=\"index, follow, max-snippet:-1, max-image-preview:large, max-video-preview:-1\" \/>\n<link rel=\"canonical\" href=\"https:\/\/sey.fi\/pernio\/pernion-seudun-elainsuojeluyhdistys\/elaintietoa\/mita-on-pentutehtailu\/\" \/>\n<meta property=\"og:locale\" content=\"fi_FI\" \/>\n<meta property=\"og:type\" content=\"article\" \/>\n<meta property=\"og:title\" content=\"Mit\u00e4 on pentutehtailu? - Perni\u00f6n seudun el\u00e4insuojeluyhdistys\" \/>\n<meta property=\"og:description\" content=\"Pys\u00e4yt\u00e4 pentutehdas. \u00c4l\u00e4 osta pime\u00e4\u00e4 pentua. Vuonna 2005 Suomen El\u00e4insuojeluyhdistysten liitto SEY vietti El\u00e4inten viikkoa teemalla &#8221;Pys\u00e4yt\u00e4 pentutehdas. \u00c4l\u00e4 osta pime\u00e4\u00e4 pentua.&#8221;. Valitettavasti pentutehtailu on edelleen ongelma. Tietoa jakamalla SEY haluaa v\u00e4hent\u00e4\u00e4 huonoista oloista tulevien, laittomasti maahan tuotujen ja taustaltaan muuten arveluttavien koiran- ja kissanpentujen markkinoita. Pime\u00e4ss\u00e4 kaupassa el\u00e4imet joutuvat k\u00e4rsim\u00e4\u00e4n piittaamattomien ihmisten rahanahneudesta. Ostajalle [&hellip;]\" \/>\n<meta property=\"og:url\" content=\"https:\/\/sey.fi\/pernio\/pernion-seudun-elainsuojeluyhdistys\/elaintietoa\/mita-on-pentutehtailu\/\" \/>\n<meta property=\"og:site_name\" content=\"Perni\u00f6n seudun el\u00e4insuojeluyhdistys\" \/>\n<meta property=\"article:modified_time\" content=\"2019-11-04T14:02:59+00:00\" \/>\n<meta name=\"twitter:card\" content=\"summary_large_image\" \/>\n<meta name=\"twitter:label1\" content=\"Arvioitu lukuaika\" \/>\n\t<meta name=\"twitter:data1\" content=\"4 minuuttia\" \/>\n<script type=\"application\/ld+json\" class=\"yoast-schema-graph\">{\"@context\":\"https:\/\/schema.org\",\"@graph\":[{\"@type\":\"WebPage\",\"@id\":\"https:\/\/sey.fi\/pernio\/pernion-seudun-elainsuojeluyhdistys\/elaintietoa\/mita-on-pentutehtailu\/\",\"url\":\"https:\/\/sey.fi\/pernio\/pernion-seudun-elainsuojeluyhdistys\/elaintietoa\/mita-on-pentutehtailu\/\",\"name\":\"Mit\u00e4 on pentutehtailu? - Perni\u00f6n seudun el\u00e4insuojeluyhdistys\",\"isPartOf\":{\"@id\":\"https:\/\/sey.fi\/pernio\/#website\"},\"datePublished\":\"2019-11-04T14:02:58+00:00\",\"dateModified\":\"2019-11-04T14:02:59+00:00\",\"breadcrumb\":{\"@id\":\"https:\/\/sey.fi\/pernio\/pernion-seudun-elainsuojeluyhdistys\/elaintietoa\/mita-on-pentutehtailu\/#breadcrumb\"},\"inLanguage\":\"fi\",\"potentialAction\":[{\"@type\":\"ReadAction\",\"target\":[\"https:\/\/sey.fi\/pernio\/pernion-seudun-elainsuojeluyhdistys\/elaintietoa\/mita-on-pentutehtailu\/\"]}]},{\"@type\":\"BreadcrumbList\",\"@id\":\"https:\/\/sey.fi\/pernio\/pernion-seudun-elainsuojeluyhdistys\/elaintietoa\/mita-on-pentutehtailu\/#breadcrumb\",\"itemListElement\":[{\"@type\":\"ListItem\",\"position\":1,\"name\":\"Home\",\"item\":\"https:\/\/sey.fi\/pernio\/\"},{\"@type\":\"ListItem\",\"position\":2,\"name\":\"Perni\u00f6n seudun el\u00e4insuojeluyhdistys\",\"item\":\"https:\/\/sey.fi\/pernio\/\"},{\"@type\":\"ListItem\",\"position\":3,\"name\":\"El\u00e4intietoa\",\"item\":\"https:\/\/sey.fi\/pernio\/pernion-seudun-elainsuojeluyhdistys\/elaintietoa\/\"},{\"@type\":\"ListItem\",\"position\":4,\"name\":\"Mit\u00e4 on pentutehtailu?\"}]},{\"@type\":\"WebSite\",\"@id\":\"https:\/\/sey.fi\/pernio\/#website\",\"url\":\"https:\/\/sey.fi\/pernio\/\",\"name\":\"Perni\u00f6n seudun el\u00e4insuojeluyhdistys\",\"description\":\"Uusi SEY J\u00e4senyhdistykset -sivusto\",\"potentialAction\":[{\"@type\":\"SearchAction\",\"target\":{\"@type\":\"EntryPoint\",\"urlTemplate\":\"https:\/\/sey.fi\/pernio\/?s={search_term_string}\"},\"query-input\":{\"@type\":\"PropertyValueSpecification\",\"valueRequired\":true,\"valueName\":\"search_term_string\"}}],\"inLanguage\":\"fi\"}]}<\/script>\n<!-- \/ Yoast SEO plugin. -->","yoast_head_json":{"title":"Mit\u00e4 on pentutehtailu? - Perni\u00f6n seudun el\u00e4insuojeluyhdistys","robots":{"index":"index","follow":"follow","max-snippet":"max-snippet:-1","max-image-preview":"max-image-preview:large","max-video-preview":"max-video-preview:-1"},"canonical":"https:\/\/sey.fi\/pernio\/pernion-seudun-elainsuojeluyhdistys\/elaintietoa\/mita-on-pentutehtailu\/","og_locale":"fi_FI","og_type":"article","og_title":"Mit\u00e4 on pentutehtailu? - Perni\u00f6n seudun el\u00e4insuojeluyhdistys","og_description":"Pys\u00e4yt\u00e4 pentutehdas. \u00c4l\u00e4 osta pime\u00e4\u00e4 pentua. Vuonna 2005 Suomen El\u00e4insuojeluyhdistysten liitto SEY vietti El\u00e4inten viikkoa teemalla &#8221;Pys\u00e4yt\u00e4 pentutehdas. \u00c4l\u00e4 osta pime\u00e4\u00e4 pentua.&#8221;. Valitettavasti pentutehtailu on edelleen ongelma. Tietoa jakamalla SEY haluaa v\u00e4hent\u00e4\u00e4 huonoista oloista tulevien, laittomasti maahan tuotujen ja taustaltaan muuten arveluttavien koiran- ja kissanpentujen markkinoita. Pime\u00e4ss\u00e4 kaupassa el\u00e4imet joutuvat k\u00e4rsim\u00e4\u00e4n piittaamattomien ihmisten rahanahneudesta. Ostajalle [&hellip;]","og_url":"https:\/\/sey.fi\/pernio\/pernion-seudun-elainsuojeluyhdistys\/elaintietoa\/mita-on-pentutehtailu\/","og_site_name":"Perni\u00f6n seudun el\u00e4insuojeluyhdistys","article_modified_time":"2019-11-04T14:02:59+00:00","twitter_card":"summary_large_image","twitter_misc":{"Arvioitu lukuaika":"4 minuuttia"},"schema":{"@context":"https:\/\/schema.org","@graph":[{"@type":"WebPage","@id":"https:\/\/sey.fi\/pernio\/pernion-seudun-elainsuojeluyhdistys\/elaintietoa\/mita-on-pentutehtailu\/","url":"https:\/\/sey.fi\/pernio\/pernion-seudun-elainsuojeluyhdistys\/elaintietoa\/mita-on-pentutehtailu\/","name":"Mit\u00e4 on pentutehtailu? - Perni\u00f6n seudun el\u00e4insuojeluyhdistys","isPartOf":{"@id":"https:\/\/sey.fi\/pernio\/#website"},"datePublished":"2019-11-04T14:02:58+00:00","dateModified":"2019-11-04T14:02:59+00:00","breadcrumb":{"@id":"https:\/\/sey.fi\/pernio\/pernion-seudun-elainsuojeluyhdistys\/elaintietoa\/mita-on-pentutehtailu\/#breadcrumb"},"inLanguage":"fi","potentialAction":[{"@type":"ReadAction","target":["https:\/\/sey.fi\/pernio\/pernion-seudun-elainsuojeluyhdistys\/elaintietoa\/mita-on-pentutehtailu\/"]}]},{"@type":"BreadcrumbList","@id":"https:\/\/sey.fi\/pernio\/pernion-seudun-elainsuojeluyhdistys\/elaintietoa\/mita-on-pentutehtailu\/#breadcrumb","itemListElement":[{"@type":"ListItem","position":1,"name":"Home","item":"https:\/\/sey.fi\/pernio\/"},{"@type":"ListItem","position":2,"name":"Perni\u00f6n seudun el\u00e4insuojeluyhdistys","item":"https:\/\/sey.fi\/pernio\/"},{"@type":"ListItem","position":3,"name":"El\u00e4intietoa","item":"https:\/\/sey.fi\/pernio\/pernion-seudun-elainsuojeluyhdistys\/elaintietoa\/"},{"@type":"ListItem","position":4,"name":"Mit\u00e4 on pentutehtailu?"}]},{"@type":"WebSite","@id":"https:\/\/sey.fi\/pernio\/#website","url":"https:\/\/sey.fi\/pernio\/","name":"Perni\u00f6n seudun el\u00e4insuojeluyhdistys","description":"Uusi SEY J\u00e4senyhdistykset -sivusto","potentialAction":[{"@type":"SearchAction","target":{"@type":"EntryPoint","urlTemplate":"https:\/\/sey.fi\/pernio\/?s={search_term_string}"},"query-input":{"@type":"PropertyValueSpecification","valueRequired":true,"valueName":"search_term_string"}}],"inLanguage":"fi"}]}},"_links":{"self":[{"href":"https:\/\/sey.fi\/pernio\/wp-json\/wp\/v2\/pages\/57","targetHints":{"allow":["GET"]}}],"collection":[{"href":"https:\/\/sey.fi\/pernio\/wp-json\/wp\/v2\/pages"}],"about":[{"href":"https:\/\/sey.fi\/pernio\/wp-json\/wp\/v2\/types\/page"}],"author":[{"embeddable":true,"href":"https:\/\/sey.fi\/pernio\/wp-json\/wp\/v2\/users\/8"}],"replies":[{"embeddable":true,"href":"https:\/\/sey.fi\/pernio\/wp-json\/wp\/v2\/comments?post=57"}],"version-history":[{"count":1,"href":"https:\/\/sey.fi\/pernio\/wp-json\/wp\/v2\/pages\/57\/revisions"}],"predecessor-version":[{"id":58,"href":"https:\/\/sey.fi\/pernio\/wp-json\/wp\/v2\/pages\/57\/revisions\/58"}],"up":[{"embeddable":true,"href":"https:\/\/sey.fi\/pernio\/wp-json\/wp\/v2\/pages\/55"}],"wp:attachment":[{"href":"https:\/\/sey.fi\/pernio\/wp-json\/wp\/v2\/media?parent=57"}],"curies":[{"name":"wp","href":"https:\/\/api.w.org\/{rel}","templated":true}]}}