{"id":11,"date":"2019-11-08T13:52:12","date_gmt":"2019-11-08T11:52:12","guid":{"rendered":"http:\/\/srvr10.xetpoint.com\/~seyfi\/pietarsaari\/?page_id=11"},"modified":"2024-12-13T14:20:14","modified_gmt":"2024-12-13T12:20:14","slug":"elainten-hautausmaa-djurgravgard","status":"publish","type":"page","link":"https:\/\/sey.fi\/pietarsaari\/pietarsaaren-elainsuojelu\/elainten-hautausmaa-djurgravgard\/","title":{"rendered":"El\u00e4inten hautausmaa &#8211; Djurgravg\u00e5rd"},"content":{"rendered":"\n<p><strong>1.1.2025 alkaen!! Fr\u00e5n 1.1.2025 !!<\/strong><\/p>\n\n\n\n<p>Pietarsaaren lemmikkiel\u00e4inten hautausmaa sijaitsee Pohjantien varrella, Jarolan jalkapallokent\u00e4n vieress\u00e4.<\/p>\n\n\n\n<p>Jakobstads begravningsplats f\u00f6r husdjur finns p\u00e5 Nordanv\u00e4gen, bredvid Jarolas fotbollsplan.<\/p>\n\n\n\n<div data-wp-interactive=\"core\/file\" class=\"wp-block-file\"><object data-wp-bind--hidden=\"!state.hasPdfPreview\" hidden class=\"wp-block-file__embed\" data=\"https:\/\/sey.fi\/wp-content\/uploads\/sites\/25\/2024\/12\/Elainten-hautausmaa-1.pdf\" type=\"application\/pdf\" style=\"width:100%;height:600px\" aria-label=\"Tiedoston El\u00e4inten hautausmaa (1) upotus.\"><\/object><a id=\"wp-block-file--media-faf445a5-f23e-424c-a40f-01cd363e8e15\" href=\"https:\/\/sey.fi\/wp-content\/uploads\/sites\/25\/2024\/12\/Elainten-hautausmaa-1.pdf\">El\u00e4inten hautausmaa (1)<\/a><a href=\"https:\/\/sey.fi\/wp-content\/uploads\/sites\/25\/2024\/12\/Elainten-hautausmaa-1.pdf\" class=\"wp-block-file__button wp-element-button\" download aria-describedby=\"wp-block-file--media-faf445a5-f23e-424c-a40f-01cd363e8e15\">Lataa<\/a><\/div>\n\n\n\n<div data-wp-interactive=\"core\/file\" class=\"wp-block-file\"><object data-wp-bind--hidden=\"!state.hasPdfPreview\" hidden class=\"wp-block-file__embed\" data=\"https:\/\/sey.fi\/wp-content\/uploads\/sites\/25\/2024\/12\/Begravningsplats-for-husdjur.pdf\" type=\"application\/pdf\" style=\"width:100%;height:600px\" aria-label=\"Tiedoston Begravningsplats f\u00f6r husdjur upotus.\"><\/object><a id=\"wp-block-file--media-e94553f4-d9a8-4e75-a7d4-418e6975b81d\" href=\"https:\/\/sey.fi\/wp-content\/uploads\/sites\/25\/2024\/12\/Begravningsplats-for-husdjur.pdf\">Begravningsplats f\u00f6r husdjur<\/a><a href=\"https:\/\/sey.fi\/wp-content\/uploads\/sites\/25\/2024\/12\/Begravningsplats-for-husdjur.pdf\" class=\"wp-block-file__button wp-element-button\" download aria-describedby=\"wp-block-file--media-e94553f4-d9a8-4e75-a7d4-418e6975b81d\">Lataa<\/a><\/div>\n\n\n\n<p><\/p>\n","protected":false},"excerpt":{"rendered":"<p>1.1.2025 alkaen!! Fr\u00e5n 1.1.2025 !! Pietarsaaren lemmikkiel\u00e4inten hautausmaa sijaitsee Pohjantien varrella, Jarolan jalkapallokent\u00e4n vieress\u00e4. Jakobstads begravningsplats f\u00f6r husdjur finns p\u00e5 Nordanv\u00e4gen, bredvid Jarolas fotbollsplan.<\/p>\n","protected":false},"author":8,"featured_media":0,"parent":2,"menu_order":0,"comment_status":"closed","ping_status":"closed","template":"","meta":{"_acf_changed":false,"footnotes":""},"class_list":["post-11","page","type-page","status-publish","hentry"],"acf":[],"yoast_head":"<!-- This site is optimized with the Yoast SEO plugin v27.1.1 - https:\/\/yoast.com\/product\/yoast-seo-wordpress\/ -->\n<title>El\u00e4inten hautausmaa - Djurgravg\u00e5rd - SEY Pietarsaari ry. \/ Jakobstad rf.<\/title>\n<meta name=\"robots\" content=\"index, follow, max-snippet:-1, max-image-preview:large, max-video-preview:-1\" \/>\n<link rel=\"canonical\" href=\"https:\/\/sey.fi\/pietarsaari\/pietarsaaren-elainsuojelu\/elainten-hautausmaa-djurgravgard\/\" \/>\n<meta property=\"og:locale\" content=\"fi_FI\" \/>\n<meta property=\"og:type\" content=\"article\" \/>\n<meta property=\"og:title\" content=\"El\u00e4inten hautausmaa - Djurgravg\u00e5rd - SEY Pietarsaari ry. \/ Jakobstad rf.\" \/>\n<meta property=\"og:description\" content=\"1.1.2025 alkaen!! Fr\u00e5n 1.1.2025 !! Pietarsaaren lemmikkiel\u00e4inten hautausmaa sijaitsee Pohjantien varrella, Jarolan jalkapallokent\u00e4n vieress\u00e4. Jakobstads begravningsplats f\u00f6r husdjur finns p\u00e5 Nordanv\u00e4gen, bredvid Jarolas fotbollsplan.\" \/>\n<meta property=\"og:url\" content=\"https:\/\/sey.fi\/pietarsaari\/pietarsaaren-elainsuojelu\/elainten-hautausmaa-djurgravgard\/\" \/>\n<meta property=\"og:site_name\" content=\"SEY Pietarsaari ry. \/ Jakobstad rf.\" \/>\n<meta property=\"article:modified_time\" content=\"2024-12-13T12:20:14+00:00\" \/>\n<meta name=\"twitter:card\" content=\"summary_large_image\" \/>\n<meta name=\"twitter:label1\" content=\"Arvioitu lukuaika\" \/>\n\t<meta name=\"twitter:data1\" content=\"1 minuutti\" \/>\n<script type=\"application\/ld+json\" class=\"yoast-schema-graph\">{\"@context\":\"https:\/\/schema.org\",\"@graph\":[{\"@type\":\"WebPage\",\"@id\":\"https:\/\/sey.fi\/pietarsaari\/pietarsaaren-elainsuojelu\/elainten-hautausmaa-djurgravgard\/\",\"url\":\"https:\/\/sey.fi\/pietarsaari\/pietarsaaren-elainsuojelu\/elainten-hautausmaa-djurgravgard\/\",\"name\":\"El\u00e4inten hautausmaa - Djurgravg\u00e5rd - SEY Pietarsaari ry. \/ Jakobstad rf.\",\"isPartOf\":{\"@id\":\"https:\/\/sey.fi\/pietarsaari\/#website\"},\"datePublished\":\"2019-11-08T11:52:12+00:00\",\"dateModified\":\"2024-12-13T12:20:14+00:00\",\"breadcrumb\":{\"@id\":\"https:\/\/sey.fi\/pietarsaari\/pietarsaaren-elainsuojelu\/elainten-hautausmaa-djurgravgard\/#breadcrumb\"},\"inLanguage\":\"fi\",\"potentialAction\":[{\"@type\":\"ReadAction\",\"target\":[\"https:\/\/sey.fi\/pietarsaari\/pietarsaaren-elainsuojelu\/elainten-hautausmaa-djurgravgard\/\"]}]},{\"@type\":\"BreadcrumbList\",\"@id\":\"https:\/\/sey.fi\/pietarsaari\/pietarsaaren-elainsuojelu\/elainten-hautausmaa-djurgravgard\/#breadcrumb\",\"itemListElement\":[{\"@type\":\"ListItem\",\"position\":1,\"name\":\"Home\",\"item\":\"https:\/\/sey.fi\/pietarsaari\/\"},{\"@type\":\"ListItem\",\"position\":2,\"name\":\"SEY Pietarsaari ry. \/ Jakobstad rf.\",\"item\":\"https:\/\/sey.fi\/pietarsaari\/\"},{\"@type\":\"ListItem\",\"position\":3,\"name\":\"El\u00e4inten hautausmaa &#8211; Djurgravg\u00e5rd\"}]},{\"@type\":\"WebSite\",\"@id\":\"https:\/\/sey.fi\/pietarsaari\/#website\",\"url\":\"https:\/\/sey.fi\/pietarsaari\/\",\"name\":\"SEY Pietarsaari ry. \/ Jakobstad rf.\",\"description\":\"Uusi SEY J\u00e4senyhdistykset -sivusto\",\"potentialAction\":[{\"@type\":\"SearchAction\",\"target\":{\"@type\":\"EntryPoint\",\"urlTemplate\":\"https:\/\/sey.fi\/pietarsaari\/?s={search_term_string}\"},\"query-input\":{\"@type\":\"PropertyValueSpecification\",\"valueRequired\":true,\"valueName\":\"search_term_string\"}}],\"inLanguage\":\"fi\"}]}<\/script>\n<!-- \/ Yoast SEO plugin. -->","yoast_head_json":{"title":"El\u00e4inten hautausmaa - Djurgravg\u00e5rd - SEY Pietarsaari ry. \/ Jakobstad rf.","robots":{"index":"index","follow":"follow","max-snippet":"max-snippet:-1","max-image-preview":"max-image-preview:large","max-video-preview":"max-video-preview:-1"},"canonical":"https:\/\/sey.fi\/pietarsaari\/pietarsaaren-elainsuojelu\/elainten-hautausmaa-djurgravgard\/","og_locale":"fi_FI","og_type":"article","og_title":"El\u00e4inten hautausmaa - Djurgravg\u00e5rd - SEY Pietarsaari ry. \/ Jakobstad rf.","og_description":"1.1.2025 alkaen!! Fr\u00e5n 1.1.2025 !! Pietarsaaren lemmikkiel\u00e4inten hautausmaa sijaitsee Pohjantien varrella, Jarolan jalkapallokent\u00e4n vieress\u00e4. Jakobstads begravningsplats f\u00f6r husdjur finns p\u00e5 Nordanv\u00e4gen, bredvid Jarolas fotbollsplan.","og_url":"https:\/\/sey.fi\/pietarsaari\/pietarsaaren-elainsuojelu\/elainten-hautausmaa-djurgravgard\/","og_site_name":"SEY Pietarsaari ry. \/ Jakobstad rf.","article_modified_time":"2024-12-13T12:20:14+00:00","twitter_card":"summary_large_image","twitter_misc":{"Arvioitu lukuaika":"1 minuutti"},"schema":{"@context":"https:\/\/schema.org","@graph":[{"@type":"WebPage","@id":"https:\/\/sey.fi\/pietarsaari\/pietarsaaren-elainsuojelu\/elainten-hautausmaa-djurgravgard\/","url":"https:\/\/sey.fi\/pietarsaari\/pietarsaaren-elainsuojelu\/elainten-hautausmaa-djurgravgard\/","name":"El\u00e4inten hautausmaa - Djurgravg\u00e5rd - SEY Pietarsaari ry. \/ Jakobstad rf.","isPartOf":{"@id":"https:\/\/sey.fi\/pietarsaari\/#website"},"datePublished":"2019-11-08T11:52:12+00:00","dateModified":"2024-12-13T12:20:14+00:00","breadcrumb":{"@id":"https:\/\/sey.fi\/pietarsaari\/pietarsaaren-elainsuojelu\/elainten-hautausmaa-djurgravgard\/#breadcrumb"},"inLanguage":"fi","potentialAction":[{"@type":"ReadAction","target":["https:\/\/sey.fi\/pietarsaari\/pietarsaaren-elainsuojelu\/elainten-hautausmaa-djurgravgard\/"]}]},{"@type":"BreadcrumbList","@id":"https:\/\/sey.fi\/pietarsaari\/pietarsaaren-elainsuojelu\/elainten-hautausmaa-djurgravgard\/#breadcrumb","itemListElement":[{"@type":"ListItem","position":1,"name":"Home","item":"https:\/\/sey.fi\/pietarsaari\/"},{"@type":"ListItem","position":2,"name":"SEY Pietarsaari ry. \/ Jakobstad rf.","item":"https:\/\/sey.fi\/pietarsaari\/"},{"@type":"ListItem","position":3,"name":"El\u00e4inten hautausmaa &#8211; Djurgravg\u00e5rd"}]},{"@type":"WebSite","@id":"https:\/\/sey.fi\/pietarsaari\/#website","url":"https:\/\/sey.fi\/pietarsaari\/","name":"SEY Pietarsaari ry. \/ Jakobstad rf.","description":"Uusi SEY J\u00e4senyhdistykset -sivusto","potentialAction":[{"@type":"SearchAction","target":{"@type":"EntryPoint","urlTemplate":"https:\/\/sey.fi\/pietarsaari\/?s={search_term_string}"},"query-input":{"@type":"PropertyValueSpecification","valueRequired":true,"valueName":"search_term_string"}}],"inLanguage":"fi"}]}},"_links":{"self":[{"href":"https:\/\/sey.fi\/pietarsaari\/wp-json\/wp\/v2\/pages\/11","targetHints":{"allow":["GET"]}}],"collection":[{"href":"https:\/\/sey.fi\/pietarsaari\/wp-json\/wp\/v2\/pages"}],"about":[{"href":"https:\/\/sey.fi\/pietarsaari\/wp-json\/wp\/v2\/types\/page"}],"author":[{"embeddable":true,"href":"https:\/\/sey.fi\/pietarsaari\/wp-json\/wp\/v2\/users\/8"}],"replies":[{"embeddable":true,"href":"https:\/\/sey.fi\/pietarsaari\/wp-json\/wp\/v2\/comments?post=11"}],"version-history":[{"count":11,"href":"https:\/\/sey.fi\/pietarsaari\/wp-json\/wp\/v2\/pages\/11\/revisions"}],"predecessor-version":[{"id":107,"href":"https:\/\/sey.fi\/pietarsaari\/wp-json\/wp\/v2\/pages\/11\/revisions\/107"}],"up":[{"embeddable":true,"href":"https:\/\/sey.fi\/pietarsaari\/wp-json\/wp\/v2\/pages\/2"}],"wp:attachment":[{"href":"https:\/\/sey.fi\/pietarsaari\/wp-json\/wp\/v2\/media?parent=11"}],"curies":[{"name":"wp","href":"https:\/\/api.w.org\/{rel}","templated":true}]}}