{"id":27,"date":"2019-11-08T14:01:42","date_gmt":"2019-11-08T12:01:42","guid":{"rendered":"http:\/\/srvr10.xetpoint.com\/~seyfi\/pietarsaari\/?page_id=27"},"modified":"2019-11-08T14:01:43","modified_gmt":"2019-11-08T12:01:43","slug":"linkit-lankar","status":"publish","type":"page","link":"https:\/\/sey.fi\/pietarsaari\/pietarsaaren-elainsuojelu\/linkit-lankar\/","title":{"rendered":"LINKIT &#8211; L\u00c4NKAR"},"content":{"rendered":"\n<p><strong><a href=\"https:\/\/www.djurensratt.se\/\">Djurens R\u00e4tt, Sverige<\/a><\/strong><\/p>\n\n\n\n<p><strong><a href=\"http:\/\/elainpolitiikka.fi\/\">Paras laki el\u00e4imille<\/a>\u00a0<br><br><a href=\"http:\/\/www.tuulispaa.org\/\">El\u00e4insuojelukeskus Tuulisp\u00e4\u00e4<\/a><\/strong><\/p>\n\n\n\n<p><strong>El\u00e4insuojeluliitto<\/strong>&nbsp;<strong><a href=\"http:\/\/www.animalia.fi\/\" target=\"_blank\" rel=\"noreferrer noopener\">ANIMALIA<\/a><\/strong><\/p>\n\n\n\n<p><strong><a href=\"http:\/\/www.birdlife.fi\/\">BIRDLIFE<\/a><\/strong><\/p>\n\n\n\n<p><strong><a href=\"http:\/\/www.villielainhoitola.fi\/?l=fi&amp;p=5&amp;goo=Etusivu\">NORDIC WILD LIFE<\/a><\/strong>&nbsp;<\/p>\n\n\n\n<p><strong><a href=\"http:\/\/www.siilikiikarissa.fi\/\">SIILI KIIKARISSA<\/a><\/strong><\/p>\n","protected":false},"excerpt":{"rendered":"<p>Djurens R\u00e4tt, Sverige Paras laki el\u00e4imille\u00a0 El\u00e4insuojelukeskus Tuulisp\u00e4\u00e4 El\u00e4insuojeluliitto&nbsp;ANIMALIA BIRDLIFE NORDIC WILD LIFE&nbsp; SIILI KIIKARISSA<\/p>\n","protected":false},"author":8,"featured_media":0,"parent":2,"menu_order":0,"comment_status":"closed","ping_status":"closed","template":"","meta":{"_acf_changed":false,"footnotes":""},"class_list":["post-27","page","type-page","status-publish","hentry"],"acf":[],"yoast_head":"<!-- This site is optimized with the Yoast SEO plugin v27.1.1 - https:\/\/yoast.com\/product\/yoast-seo-wordpress\/ -->\n<title>LINKIT - L\u00c4NKAR - SEY Pietarsaari ry. \/ Jakobstad rf.<\/title>\n<meta name=\"robots\" content=\"index, follow, max-snippet:-1, max-image-preview:large, max-video-preview:-1\" \/>\n<link rel=\"canonical\" href=\"https:\/\/sey.fi\/pietarsaari\/pietarsaaren-elainsuojelu\/linkit-lankar\/\" \/>\n<meta property=\"og:locale\" content=\"fi_FI\" \/>\n<meta property=\"og:type\" content=\"article\" \/>\n<meta property=\"og:title\" content=\"LINKIT - L\u00c4NKAR - SEY Pietarsaari ry. \/ Jakobstad rf.\" \/>\n<meta property=\"og:description\" content=\"Djurens R\u00e4tt, Sverige Paras laki el\u00e4imille\u00a0 El\u00e4insuojelukeskus Tuulisp\u00e4\u00e4 El\u00e4insuojeluliitto&nbsp;ANIMALIA BIRDLIFE NORDIC WILD LIFE&nbsp; SIILI KIIKARISSA\" \/>\n<meta property=\"og:url\" content=\"https:\/\/sey.fi\/pietarsaari\/pietarsaaren-elainsuojelu\/linkit-lankar\/\" \/>\n<meta property=\"og:site_name\" content=\"SEY Pietarsaari ry. \/ Jakobstad rf.\" \/>\n<meta property=\"article:modified_time\" content=\"2019-11-08T12:01:43+00:00\" \/>\n<meta name=\"twitter:card\" content=\"summary_large_image\" \/>\n<script type=\"application\/ld+json\" class=\"yoast-schema-graph\">{\"@context\":\"https:\/\/schema.org\",\"@graph\":[{\"@type\":\"WebPage\",\"@id\":\"https:\/\/sey.fi\/pietarsaari\/pietarsaaren-elainsuojelu\/linkit-lankar\/\",\"url\":\"https:\/\/sey.fi\/pietarsaari\/pietarsaaren-elainsuojelu\/linkit-lankar\/\",\"name\":\"LINKIT - L\u00c4NKAR - SEY Pietarsaari ry. \/ Jakobstad rf.\",\"isPartOf\":{\"@id\":\"https:\/\/sey.fi\/pietarsaari\/#website\"},\"datePublished\":\"2019-11-08T12:01:42+00:00\",\"dateModified\":\"2019-11-08T12:01:43+00:00\",\"breadcrumb\":{\"@id\":\"https:\/\/sey.fi\/pietarsaari\/pietarsaaren-elainsuojelu\/linkit-lankar\/#breadcrumb\"},\"inLanguage\":\"fi\",\"potentialAction\":[{\"@type\":\"ReadAction\",\"target\":[\"https:\/\/sey.fi\/pietarsaari\/pietarsaaren-elainsuojelu\/linkit-lankar\/\"]}]},{\"@type\":\"BreadcrumbList\",\"@id\":\"https:\/\/sey.fi\/pietarsaari\/pietarsaaren-elainsuojelu\/linkit-lankar\/#breadcrumb\",\"itemListElement\":[{\"@type\":\"ListItem\",\"position\":1,\"name\":\"Home\",\"item\":\"https:\/\/sey.fi\/pietarsaari\/\"},{\"@type\":\"ListItem\",\"position\":2,\"name\":\"SEY Pietarsaari ry. \/ Jakobstad rf.\",\"item\":\"https:\/\/sey.fi\/pietarsaari\/\"},{\"@type\":\"ListItem\",\"position\":3,\"name\":\"LINKIT &#8211; L\u00c4NKAR\"}]},{\"@type\":\"WebSite\",\"@id\":\"https:\/\/sey.fi\/pietarsaari\/#website\",\"url\":\"https:\/\/sey.fi\/pietarsaari\/\",\"name\":\"SEY Pietarsaari ry. \/ Jakobstad rf.\",\"description\":\"Uusi SEY J\u00e4senyhdistykset -sivusto\",\"potentialAction\":[{\"@type\":\"SearchAction\",\"target\":{\"@type\":\"EntryPoint\",\"urlTemplate\":\"https:\/\/sey.fi\/pietarsaari\/?s={search_term_string}\"},\"query-input\":{\"@type\":\"PropertyValueSpecification\",\"valueRequired\":true,\"valueName\":\"search_term_string\"}}],\"inLanguage\":\"fi\"}]}<\/script>\n<!-- \/ Yoast SEO plugin. -->","yoast_head_json":{"title":"LINKIT - L\u00c4NKAR - SEY Pietarsaari ry. \/ Jakobstad rf.","robots":{"index":"index","follow":"follow","max-snippet":"max-snippet:-1","max-image-preview":"max-image-preview:large","max-video-preview":"max-video-preview:-1"},"canonical":"https:\/\/sey.fi\/pietarsaari\/pietarsaaren-elainsuojelu\/linkit-lankar\/","og_locale":"fi_FI","og_type":"article","og_title":"LINKIT - L\u00c4NKAR - SEY Pietarsaari ry. \/ Jakobstad rf.","og_description":"Djurens R\u00e4tt, Sverige Paras laki el\u00e4imille\u00a0 El\u00e4insuojelukeskus Tuulisp\u00e4\u00e4 El\u00e4insuojeluliitto&nbsp;ANIMALIA BIRDLIFE NORDIC WILD LIFE&nbsp; SIILI KIIKARISSA","og_url":"https:\/\/sey.fi\/pietarsaari\/pietarsaaren-elainsuojelu\/linkit-lankar\/","og_site_name":"SEY Pietarsaari ry. \/ Jakobstad rf.","article_modified_time":"2019-11-08T12:01:43+00:00","twitter_card":"summary_large_image","schema":{"@context":"https:\/\/schema.org","@graph":[{"@type":"WebPage","@id":"https:\/\/sey.fi\/pietarsaari\/pietarsaaren-elainsuojelu\/linkit-lankar\/","url":"https:\/\/sey.fi\/pietarsaari\/pietarsaaren-elainsuojelu\/linkit-lankar\/","name":"LINKIT - L\u00c4NKAR - SEY Pietarsaari ry. \/ Jakobstad rf.","isPartOf":{"@id":"https:\/\/sey.fi\/pietarsaari\/#website"},"datePublished":"2019-11-08T12:01:42+00:00","dateModified":"2019-11-08T12:01:43+00:00","breadcrumb":{"@id":"https:\/\/sey.fi\/pietarsaari\/pietarsaaren-elainsuojelu\/linkit-lankar\/#breadcrumb"},"inLanguage":"fi","potentialAction":[{"@type":"ReadAction","target":["https:\/\/sey.fi\/pietarsaari\/pietarsaaren-elainsuojelu\/linkit-lankar\/"]}]},{"@type":"BreadcrumbList","@id":"https:\/\/sey.fi\/pietarsaari\/pietarsaaren-elainsuojelu\/linkit-lankar\/#breadcrumb","itemListElement":[{"@type":"ListItem","position":1,"name":"Home","item":"https:\/\/sey.fi\/pietarsaari\/"},{"@type":"ListItem","position":2,"name":"SEY Pietarsaari ry. \/ Jakobstad rf.","item":"https:\/\/sey.fi\/pietarsaari\/"},{"@type":"ListItem","position":3,"name":"LINKIT &#8211; L\u00c4NKAR"}]},{"@type":"WebSite","@id":"https:\/\/sey.fi\/pietarsaari\/#website","url":"https:\/\/sey.fi\/pietarsaari\/","name":"SEY Pietarsaari ry. \/ Jakobstad rf.","description":"Uusi SEY J\u00e4senyhdistykset -sivusto","potentialAction":[{"@type":"SearchAction","target":{"@type":"EntryPoint","urlTemplate":"https:\/\/sey.fi\/pietarsaari\/?s={search_term_string}"},"query-input":{"@type":"PropertyValueSpecification","valueRequired":true,"valueName":"search_term_string"}}],"inLanguage":"fi"}]}},"_links":{"self":[{"href":"https:\/\/sey.fi\/pietarsaari\/wp-json\/wp\/v2\/pages\/27","targetHints":{"allow":["GET"]}}],"collection":[{"href":"https:\/\/sey.fi\/pietarsaari\/wp-json\/wp\/v2\/pages"}],"about":[{"href":"https:\/\/sey.fi\/pietarsaari\/wp-json\/wp\/v2\/types\/page"}],"author":[{"embeddable":true,"href":"https:\/\/sey.fi\/pietarsaari\/wp-json\/wp\/v2\/users\/8"}],"replies":[{"embeddable":true,"href":"https:\/\/sey.fi\/pietarsaari\/wp-json\/wp\/v2\/comments?post=27"}],"version-history":[{"count":1,"href":"https:\/\/sey.fi\/pietarsaari\/wp-json\/wp\/v2\/pages\/27\/revisions"}],"predecessor-version":[{"id":28,"href":"https:\/\/sey.fi\/pietarsaari\/wp-json\/wp\/v2\/pages\/27\/revisions\/28"}],"up":[{"embeddable":true,"href":"https:\/\/sey.fi\/pietarsaari\/wp-json\/wp\/v2\/pages\/2"}],"wp:attachment":[{"href":"https:\/\/sey.fi\/pietarsaari\/wp-json\/wp\/v2\/media?parent=27"}],"curies":[{"name":"wp","href":"https:\/\/api.w.org\/{rel}","templated":true}]}}