{"id":29,"date":"2019-11-08T14:04:49","date_gmt":"2019-11-08T12:04:49","guid":{"rendered":"http:\/\/srvr10.xetpoint.com\/~seyfi\/pietarsaari\/?page_id=29"},"modified":"2025-10-17T16:19:59","modified_gmt":"2025-10-17T13:19:59","slug":"yhdistys-foreningen","status":"publish","type":"page","link":"https:\/\/sey.fi\/pietarsaari\/pietarsaaren-elainsuojelu\/yhdistys-foreningen\/","title":{"rendered":"Yhdistys &#8211; F\u00f6reningen"},"content":{"rendered":"\n<figure class=\"wp-block-image\"><img decoding=\"async\" src=\"http:\/\/pietarsaari.sey.fi\/images\/001.jpg\" alt=\"\" \/><\/figure>\n\n\n\n<h1 class=\"wp-block-heading\">Me olemme &#8211; Vi \u00e4r<\/h1>\n\n\n\n<h3 class=\"wp-block-heading\">SEY Pietarsaari ry.<\/h3>\n\n\n\n<p>Yhdistyksemme perustettiin vuonna 1976 ja toimintamme peruspilareina ovat el\u00e4inten suojelu. tiedottaminen ja neuvonta el\u00e4insuojeluasioissa sek\u00e4 el\u00e4inten hautausmaan yll\u00e4pit\u00e4minen.<br>Olemme SEY Suomen El\u00e4insuojeluyhdistysten liitto ry:n alainen yhdistys. J\u00e4senille j\u00e4rjestet\u00e4\u00e4n erilaisia koulutuksia ym. tilaisuuksia SEY:n toimesta useita kertoja vuodessa.&nbsp;<\/p>\n\n\n\n<p>Aktiivij\u00e4senemme kokoontuvat noin kerran kuukaudessa. Pyrimme my\u00f6s j\u00e4rjest\u00e4m\u00e4\u00e4n erilaisia el\u00e4insuojelutapahtumia joiden tuotto menee lyhent\u00e4m\u00e4tt\u00f6m\u00e4n\u00e4 alueemme el\u00e4insuojeluty\u00f6n hyv\u00e4ksi.<br><br>Olemme j\u00e4rjest\u00e4neet my\u00f6s kissojen sterilointikampanjoita yhteisty\u00f6ss\u00e4 paikallisten el\u00e4inl\u00e4\u00e4k\u00e4rien kanssa.&nbsp;<\/p>\n\n\n\n<p>Toimintamme on vapaaehtoista ja siksi eritt\u00e4in mielenkiintoista ja palkitsevaa. J\u00e4senemme ovat kaiken ik\u00e4isi\u00e4 ja kaikki ovat l\u00e4mpim\u00e4sti tervetulleita. Tule sin\u00e4kin mukaan!<br><br><\/p>\n\n\n\n<h3 class=\"wp-block-heading\">SEY Jakobstad rf.<\/h3>\n\n\n\n<p>V\u00e5r f\u00f6reningen grundades 1976 och grundtanken i v\u00e5r verksamhet \u00e4r djurskydd, information och r\u00e5dgivning om djurskydds\u00e4renden samt uppr\u00e4tth\u00e5llandet av djurbegravningsplatsen. Vi \u00e4r verksamma under SEY Finska Djurskyddsf\u00f6reningarnas f\u00f6rbund rf. SEY ordnar ocks\u00e5&nbsp;olika skolningar och annat f\u00f6r v\u00e5ra medlemmar flera g\u00e5nger om \u00e5ret.<\/p>\n\n\n\n<p>V\u00e5ra aktiva medlemmar samlas ca. en g\u00e5ng i m\u00e5naden. Dessutom str\u00e4var vi att ordna olika sorts av djurskyddsevenemang. Alla int\u00e4kter g\u00e5r oavkortade till f\u00f6rm\u00e5n f\u00f6r v\u00e5rt omr\u00e5dets djurskyddsarbete.<br><br>Vi har \u00e4ven ordnat steriliseringskampanjer i samarbete med lokala veterin\u00e4rer.<\/p>\n\n\n\n<p>V\u00e5r verksamhet f\u00f6r djurens b\u00e4sta \u00e4r frivilligt,&nbsp;mycket intressant och bel\u00f6nande. Vi har&nbsp;medlemmar i alla \u00e5ldrar och alla \u00e4r varmt v\u00e4lkomna. Kom med!<\/p>\n\n\n\n<p><\/p>\n\n\n\n<h3 class=\"wp-block-heading\">Kuvagalleria<\/h3>\n\n\n\n<figure class=\"wp-block-image\"><img decoding=\"async\" src=\"http:\/\/pietarsaari.sey.fi\/images\/img_2315.jpg\" alt=\"\" \/><\/figure>\n\n\n\n<figure class=\"wp-block-image\"><img decoding=\"async\" src=\"http:\/\/pietarsaari.sey.fi\/templates\/seyry\/images\/bg-text-gallery.png\" alt=\"\" \/><\/figure>\n\n\n\n<figure class=\"wp-block-image\"><img decoding=\"async\" src=\"http:\/\/pietarsaari.sey.fi\/images\/vappu.jpg\" alt=\"\" \/><\/figure>\n\n\n\n<figure class=\"wp-block-image\"><img decoding=\"async\" src=\"http:\/\/pietarsaari.sey.fi\/templates\/seyry\/images\/bg-text-gallery.png\" alt=\"\" \/><\/figure>\n\n\n\n<p><\/p>\n","protected":false},"excerpt":{"rendered":"<p>Me olemme &#8211; Vi \u00e4r SEY Pietarsaari ry. Yhdistyksemme perustettiin vuonna 1976 ja toimintamme peruspilareina ovat el\u00e4inten suojelu. tiedottaminen ja neuvonta el\u00e4insuojeluasioissa sek\u00e4 el\u00e4inten hautausmaan yll\u00e4pit\u00e4minen.Olemme SEY Suomen El\u00e4insuojeluyhdistysten liitto ry:n alainen yhdistys. J\u00e4senille j\u00e4rjestet\u00e4\u00e4n erilaisia koulutuksia ym. tilaisuuksia SEY:n toimesta useita kertoja vuodessa.&nbsp; Aktiivij\u00e4senemme kokoontuvat noin kerran kuukaudessa. Pyrimme my\u00f6s j\u00e4rjest\u00e4m\u00e4\u00e4n erilaisia el\u00e4insuojelutapahtumia joiden [&hellip;]<\/p>\n","protected":false},"author":8,"featured_media":0,"parent":2,"menu_order":0,"comment_status":"closed","ping_status":"closed","template":"","meta":{"_acf_changed":false,"footnotes":""},"class_list":["post-29","page","type-page","status-publish","hentry"],"acf":[],"yoast_head":"<!-- This site is optimized with the Yoast SEO plugin v27.1.1 - https:\/\/yoast.com\/product\/yoast-seo-wordpress\/ -->\n<title>Yhdistys - F\u00f6reningen - SEY Pietarsaari ry. \/ Jakobstad rf.<\/title>\n<meta name=\"robots\" content=\"index, follow, max-snippet:-1, max-image-preview:large, max-video-preview:-1\" \/>\n<link rel=\"canonical\" href=\"https:\/\/sey.fi\/pietarsaari\/pietarsaaren-elainsuojelu\/yhdistys-foreningen\/\" \/>\n<meta property=\"og:locale\" content=\"fi_FI\" \/>\n<meta property=\"og:type\" content=\"article\" \/>\n<meta property=\"og:title\" content=\"Yhdistys - F\u00f6reningen - SEY Pietarsaari ry. \/ Jakobstad rf.\" \/>\n<meta property=\"og:description\" content=\"Me olemme &#8211; Vi \u00e4r SEY Pietarsaari ry. Yhdistyksemme perustettiin vuonna 1976 ja toimintamme peruspilareina ovat el\u00e4inten suojelu. tiedottaminen ja neuvonta el\u00e4insuojeluasioissa sek\u00e4 el\u00e4inten hautausmaan yll\u00e4pit\u00e4minen.Olemme SEY Suomen El\u00e4insuojeluyhdistysten liitto ry:n alainen yhdistys. J\u00e4senille j\u00e4rjestet\u00e4\u00e4n erilaisia koulutuksia ym. tilaisuuksia SEY:n toimesta useita kertoja vuodessa.&nbsp; Aktiivij\u00e4senemme kokoontuvat noin kerran kuukaudessa. Pyrimme my\u00f6s j\u00e4rjest\u00e4m\u00e4\u00e4n erilaisia el\u00e4insuojelutapahtumia joiden [&hellip;]\" \/>\n<meta property=\"og:url\" content=\"https:\/\/sey.fi\/pietarsaari\/pietarsaaren-elainsuojelu\/yhdistys-foreningen\/\" \/>\n<meta property=\"og:site_name\" content=\"SEY Pietarsaari ry. \/ Jakobstad rf.\" \/>\n<meta property=\"article:modified_time\" content=\"2025-10-17T13:19:59+00:00\" \/>\n<meta property=\"og:image\" content=\"http:\/\/pietarsaari.sey.fi\/images\/001.jpg\" \/>\n<meta name=\"twitter:card\" content=\"summary_large_image\" \/>\n<meta name=\"twitter:label1\" content=\"Arvioitu lukuaika\" \/>\n\t<meta name=\"twitter:data1\" content=\"3 minuuttia\" \/>\n<script type=\"application\/ld+json\" class=\"yoast-schema-graph\">{\"@context\":\"https:\/\/schema.org\",\"@graph\":[{\"@type\":\"WebPage\",\"@id\":\"https:\/\/sey.fi\/pietarsaari\/pietarsaaren-elainsuojelu\/yhdistys-foreningen\/\",\"url\":\"https:\/\/sey.fi\/pietarsaari\/pietarsaaren-elainsuojelu\/yhdistys-foreningen\/\",\"name\":\"Yhdistys - F\u00f6reningen - SEY Pietarsaari ry. \/ Jakobstad rf.\",\"isPartOf\":{\"@id\":\"https:\/\/sey.fi\/pietarsaari\/#website\"},\"primaryImageOfPage\":{\"@id\":\"https:\/\/sey.fi\/pietarsaari\/pietarsaaren-elainsuojelu\/yhdistys-foreningen\/#primaryimage\"},\"image\":{\"@id\":\"https:\/\/sey.fi\/pietarsaari\/pietarsaaren-elainsuojelu\/yhdistys-foreningen\/#primaryimage\"},\"thumbnailUrl\":\"http:\/\/pietarsaari.sey.fi\/images\/001.jpg\",\"datePublished\":\"2019-11-08T12:04:49+00:00\",\"dateModified\":\"2025-10-17T13:19:59+00:00\",\"breadcrumb\":{\"@id\":\"https:\/\/sey.fi\/pietarsaari\/pietarsaaren-elainsuojelu\/yhdistys-foreningen\/#breadcrumb\"},\"inLanguage\":\"fi\",\"potentialAction\":[{\"@type\":\"ReadAction\",\"target\":[\"https:\/\/sey.fi\/pietarsaari\/pietarsaaren-elainsuojelu\/yhdistys-foreningen\/\"]}]},{\"@type\":\"ImageObject\",\"inLanguage\":\"fi\",\"@id\":\"https:\/\/sey.fi\/pietarsaari\/pietarsaaren-elainsuojelu\/yhdistys-foreningen\/#primaryimage\",\"url\":\"http:\/\/pietarsaari.sey.fi\/images\/001.jpg\",\"contentUrl\":\"http:\/\/pietarsaari.sey.fi\/images\/001.jpg\"},{\"@type\":\"BreadcrumbList\",\"@id\":\"https:\/\/sey.fi\/pietarsaari\/pietarsaaren-elainsuojelu\/yhdistys-foreningen\/#breadcrumb\",\"itemListElement\":[{\"@type\":\"ListItem\",\"position\":1,\"name\":\"Home\",\"item\":\"https:\/\/sey.fi\/pietarsaari\/\"},{\"@type\":\"ListItem\",\"position\":2,\"name\":\"SEY Pietarsaari ry. \/ Jakobstad rf.\",\"item\":\"https:\/\/sey.fi\/pietarsaari\/\"},{\"@type\":\"ListItem\",\"position\":3,\"name\":\"Yhdistys &#8211; F\u00f6reningen\"}]},{\"@type\":\"WebSite\",\"@id\":\"https:\/\/sey.fi\/pietarsaari\/#website\",\"url\":\"https:\/\/sey.fi\/pietarsaari\/\",\"name\":\"SEY Pietarsaari ry. \/ Jakobstad rf.\",\"description\":\"Uusi SEY J\u00e4senyhdistykset -sivusto\",\"potentialAction\":[{\"@type\":\"SearchAction\",\"target\":{\"@type\":\"EntryPoint\",\"urlTemplate\":\"https:\/\/sey.fi\/pietarsaari\/?s={search_term_string}\"},\"query-input\":{\"@type\":\"PropertyValueSpecification\",\"valueRequired\":true,\"valueName\":\"search_term_string\"}}],\"inLanguage\":\"fi\"}]}<\/script>\n<!-- \/ Yoast SEO plugin. -->","yoast_head_json":{"title":"Yhdistys - F\u00f6reningen - SEY Pietarsaari ry. \/ Jakobstad rf.","robots":{"index":"index","follow":"follow","max-snippet":"max-snippet:-1","max-image-preview":"max-image-preview:large","max-video-preview":"max-video-preview:-1"},"canonical":"https:\/\/sey.fi\/pietarsaari\/pietarsaaren-elainsuojelu\/yhdistys-foreningen\/","og_locale":"fi_FI","og_type":"article","og_title":"Yhdistys - F\u00f6reningen - SEY Pietarsaari ry. \/ Jakobstad rf.","og_description":"Me olemme &#8211; Vi \u00e4r SEY Pietarsaari ry. Yhdistyksemme perustettiin vuonna 1976 ja toimintamme peruspilareina ovat el\u00e4inten suojelu. tiedottaminen ja neuvonta el\u00e4insuojeluasioissa sek\u00e4 el\u00e4inten hautausmaan yll\u00e4pit\u00e4minen.Olemme SEY Suomen El\u00e4insuojeluyhdistysten liitto ry:n alainen yhdistys. J\u00e4senille j\u00e4rjestet\u00e4\u00e4n erilaisia koulutuksia ym. tilaisuuksia SEY:n toimesta useita kertoja vuodessa.&nbsp; Aktiivij\u00e4senemme kokoontuvat noin kerran kuukaudessa. Pyrimme my\u00f6s j\u00e4rjest\u00e4m\u00e4\u00e4n erilaisia el\u00e4insuojelutapahtumia joiden [&hellip;]","og_url":"https:\/\/sey.fi\/pietarsaari\/pietarsaaren-elainsuojelu\/yhdistys-foreningen\/","og_site_name":"SEY Pietarsaari ry. \/ Jakobstad rf.","article_modified_time":"2025-10-17T13:19:59+00:00","og_image":[{"url":"http:\/\/pietarsaari.sey.fi\/images\/001.jpg","type":"","width":"","height":""}],"twitter_card":"summary_large_image","twitter_misc":{"Arvioitu lukuaika":"3 minuuttia"},"schema":{"@context":"https:\/\/schema.org","@graph":[{"@type":"WebPage","@id":"https:\/\/sey.fi\/pietarsaari\/pietarsaaren-elainsuojelu\/yhdistys-foreningen\/","url":"https:\/\/sey.fi\/pietarsaari\/pietarsaaren-elainsuojelu\/yhdistys-foreningen\/","name":"Yhdistys - F\u00f6reningen - SEY Pietarsaari ry. \/ Jakobstad rf.","isPartOf":{"@id":"https:\/\/sey.fi\/pietarsaari\/#website"},"primaryImageOfPage":{"@id":"https:\/\/sey.fi\/pietarsaari\/pietarsaaren-elainsuojelu\/yhdistys-foreningen\/#primaryimage"},"image":{"@id":"https:\/\/sey.fi\/pietarsaari\/pietarsaaren-elainsuojelu\/yhdistys-foreningen\/#primaryimage"},"thumbnailUrl":"http:\/\/pietarsaari.sey.fi\/images\/001.jpg","datePublished":"2019-11-08T12:04:49+00:00","dateModified":"2025-10-17T13:19:59+00:00","breadcrumb":{"@id":"https:\/\/sey.fi\/pietarsaari\/pietarsaaren-elainsuojelu\/yhdistys-foreningen\/#breadcrumb"},"inLanguage":"fi","potentialAction":[{"@type":"ReadAction","target":["https:\/\/sey.fi\/pietarsaari\/pietarsaaren-elainsuojelu\/yhdistys-foreningen\/"]}]},{"@type":"ImageObject","inLanguage":"fi","@id":"https:\/\/sey.fi\/pietarsaari\/pietarsaaren-elainsuojelu\/yhdistys-foreningen\/#primaryimage","url":"http:\/\/pietarsaari.sey.fi\/images\/001.jpg","contentUrl":"http:\/\/pietarsaari.sey.fi\/images\/001.jpg"},{"@type":"BreadcrumbList","@id":"https:\/\/sey.fi\/pietarsaari\/pietarsaaren-elainsuojelu\/yhdistys-foreningen\/#breadcrumb","itemListElement":[{"@type":"ListItem","position":1,"name":"Home","item":"https:\/\/sey.fi\/pietarsaari\/"},{"@type":"ListItem","position":2,"name":"SEY Pietarsaari ry. \/ Jakobstad rf.","item":"https:\/\/sey.fi\/pietarsaari\/"},{"@type":"ListItem","position":3,"name":"Yhdistys &#8211; F\u00f6reningen"}]},{"@type":"WebSite","@id":"https:\/\/sey.fi\/pietarsaari\/#website","url":"https:\/\/sey.fi\/pietarsaari\/","name":"SEY Pietarsaari ry. \/ Jakobstad rf.","description":"Uusi SEY J\u00e4senyhdistykset -sivusto","potentialAction":[{"@type":"SearchAction","target":{"@type":"EntryPoint","urlTemplate":"https:\/\/sey.fi\/pietarsaari\/?s={search_term_string}"},"query-input":{"@type":"PropertyValueSpecification","valueRequired":true,"valueName":"search_term_string"}}],"inLanguage":"fi"}]}},"_links":{"self":[{"href":"https:\/\/sey.fi\/pietarsaari\/wp-json\/wp\/v2\/pages\/29","targetHints":{"allow":["GET"]}}],"collection":[{"href":"https:\/\/sey.fi\/pietarsaari\/wp-json\/wp\/v2\/pages"}],"about":[{"href":"https:\/\/sey.fi\/pietarsaari\/wp-json\/wp\/v2\/types\/page"}],"author":[{"embeddable":true,"href":"https:\/\/sey.fi\/pietarsaari\/wp-json\/wp\/v2\/users\/8"}],"replies":[{"embeddable":true,"href":"https:\/\/sey.fi\/pietarsaari\/wp-json\/wp\/v2\/comments?post=29"}],"version-history":[{"count":5,"href":"https:\/\/sey.fi\/pietarsaari\/wp-json\/wp\/v2\/pages\/29\/revisions"}],"predecessor-version":[{"id":110,"href":"https:\/\/sey.fi\/pietarsaari\/wp-json\/wp\/v2\/pages\/29\/revisions\/110"}],"up":[{"embeddable":true,"href":"https:\/\/sey.fi\/pietarsaari\/wp-json\/wp\/v2\/pages\/2"}],"wp:attachment":[{"href":"https:\/\/sey.fi\/pietarsaari\/wp-json\/wp\/v2\/media?parent=29"}],"curies":[{"name":"wp","href":"https:\/\/api.w.org\/{rel}","templated":true}]}}