{"id":31,"date":"2019-11-08T14:05:15","date_gmt":"2019-11-08T12:05:15","guid":{"rendered":"http:\/\/srvr10.xetpoint.com\/~seyfi\/pietarsaari\/?page_id=31"},"modified":"2025-10-17T16:17:14","modified_gmt":"2025-10-17T13:17:14","slug":"ota-yhteytta-kontakta-oss","status":"publish","type":"page","link":"https:\/\/sey.fi\/pietarsaari\/pietarsaaren-elainsuojelu\/ota-yhteytta-kontakta-oss\/","title":{"rendered":"OTA YHTEYTT\u00c4 &#8211; KONTAKTA OSS"},"content":{"rendered":"\n<p>Puheenjohtaja\/ Ordf\u00f6rande: Teija L\u00f6fholm, puh.\/ tel. +358 45 804 3843<\/p>\n\n\n\n<p>Varapuheenjohtaja\/ Viceordf\u00f6rande:&nbsp;Janette Tiala, puh.\/ tel. +358 40 637 7053<\/p>\n\n\n\n<p>Sihteeri\/ Sekreterare: Heli Kivist\u00f6<br><br>Rahastonhoitaja\/ Kass\u00f6r: Kirsi Sepp\u00e4l\u00e4<\/p>\n\n\n\n<p>E- mail:&nbsp;<a href=\"mailto:elainystavatjeppis@gmail.com\">pietarsaari@sey.fi<\/a><br><br>Facebook:&nbsp;<a href=\"https:\/\/www.facebook.com\/elainystavatjeppisdjurvanner\/\">SEY Pietarsaari ry.- SEY Jakobstad rf.<\/a><\/p>\n\n\n\n<p>&nbsp; &nbsp; &nbsp; &nbsp;<\/p>\n","protected":false},"excerpt":{"rendered":"<p>Puheenjohtaja\/ Ordf\u00f6rande: Teija L\u00f6fholm, puh.\/ tel. +358 45 804 3843 Varapuheenjohtaja\/ Viceordf\u00f6rande:&nbsp;Janette Tiala, puh.\/ tel. +358 40 637 7053 Sihteeri\/ Sekreterare: Heli Kivist\u00f6 Rahastonhoitaja\/ Kass\u00f6r: Kirsi Sepp\u00e4l\u00e4 E- mail:&nbsp;pietarsaari@sey.fi Facebook:&nbsp;SEY Pietarsaari ry.- SEY Jakobstad rf. &nbsp; &nbsp; &nbsp; &nbsp;<\/p>\n","protected":false},"author":8,"featured_media":0,"parent":2,"menu_order":0,"comment_status":"closed","ping_status":"closed","template":"","meta":{"_acf_changed":false,"footnotes":""},"class_list":["post-31","page","type-page","status-publish","hentry"],"acf":[],"yoast_head":"<!-- This site is optimized with the Yoast SEO plugin v27.1.1 - https:\/\/yoast.com\/product\/yoast-seo-wordpress\/ -->\n<title>OTA YHTEYTT\u00c4 - KONTAKTA OSS - SEY Pietarsaari ry. \/ Jakobstad rf.<\/title>\n<meta name=\"robots\" content=\"index, follow, max-snippet:-1, max-image-preview:large, max-video-preview:-1\" \/>\n<link rel=\"canonical\" href=\"https:\/\/sey.fi\/pietarsaari\/pietarsaaren-elainsuojelu\/ota-yhteytta-kontakta-oss\/\" \/>\n<meta property=\"og:locale\" content=\"fi_FI\" \/>\n<meta property=\"og:type\" content=\"article\" \/>\n<meta property=\"og:title\" content=\"OTA YHTEYTT\u00c4 - KONTAKTA OSS - SEY Pietarsaari ry. \/ Jakobstad rf.\" \/>\n<meta property=\"og:description\" content=\"Puheenjohtaja\/ Ordf\u00f6rande: Teija L\u00f6fholm, puh.\/ tel. +358 45 804 3843 Varapuheenjohtaja\/ Viceordf\u00f6rande:&nbsp;Janette Tiala, puh.\/ tel. +358 40 637 7053 Sihteeri\/ Sekreterare: Heli Kivist\u00f6 Rahastonhoitaja\/ Kass\u00f6r: Kirsi Sepp\u00e4l\u00e4 E- mail:&nbsp;pietarsaari@sey.fi Facebook:&nbsp;SEY Pietarsaari ry.- SEY Jakobstad rf. &nbsp; &nbsp; &nbsp; &nbsp;\" \/>\n<meta property=\"og:url\" content=\"https:\/\/sey.fi\/pietarsaari\/pietarsaaren-elainsuojelu\/ota-yhteytta-kontakta-oss\/\" \/>\n<meta property=\"og:site_name\" content=\"SEY Pietarsaari ry. \/ Jakobstad rf.\" \/>\n<meta property=\"article:modified_time\" content=\"2025-10-17T13:17:14+00:00\" \/>\n<meta name=\"twitter:card\" content=\"summary_large_image\" \/>\n<meta name=\"twitter:label1\" content=\"Arvioitu lukuaika\" \/>\n\t<meta name=\"twitter:data1\" content=\"1 minuutti\" \/>\n<script type=\"application\/ld+json\" class=\"yoast-schema-graph\">{\"@context\":\"https:\/\/schema.org\",\"@graph\":[{\"@type\":\"WebPage\",\"@id\":\"https:\/\/sey.fi\/pietarsaari\/pietarsaaren-elainsuojelu\/ota-yhteytta-kontakta-oss\/\",\"url\":\"https:\/\/sey.fi\/pietarsaari\/pietarsaaren-elainsuojelu\/ota-yhteytta-kontakta-oss\/\",\"name\":\"OTA YHTEYTT\u00c4 - KONTAKTA OSS - SEY Pietarsaari ry. \/ Jakobstad rf.\",\"isPartOf\":{\"@id\":\"https:\/\/sey.fi\/pietarsaari\/#website\"},\"datePublished\":\"2019-11-08T12:05:15+00:00\",\"dateModified\":\"2025-10-17T13:17:14+00:00\",\"breadcrumb\":{\"@id\":\"https:\/\/sey.fi\/pietarsaari\/pietarsaaren-elainsuojelu\/ota-yhteytta-kontakta-oss\/#breadcrumb\"},\"inLanguage\":\"fi\",\"potentialAction\":[{\"@type\":\"ReadAction\",\"target\":[\"https:\/\/sey.fi\/pietarsaari\/pietarsaaren-elainsuojelu\/ota-yhteytta-kontakta-oss\/\"]}]},{\"@type\":\"BreadcrumbList\",\"@id\":\"https:\/\/sey.fi\/pietarsaari\/pietarsaaren-elainsuojelu\/ota-yhteytta-kontakta-oss\/#breadcrumb\",\"itemListElement\":[{\"@type\":\"ListItem\",\"position\":1,\"name\":\"Home\",\"item\":\"https:\/\/sey.fi\/pietarsaari\/\"},{\"@type\":\"ListItem\",\"position\":2,\"name\":\"SEY Pietarsaari ry. \/ Jakobstad rf.\",\"item\":\"https:\/\/sey.fi\/pietarsaari\/\"},{\"@type\":\"ListItem\",\"position\":3,\"name\":\"OTA YHTEYTT\u00c4 &#8211; KONTAKTA OSS\"}]},{\"@type\":\"WebSite\",\"@id\":\"https:\/\/sey.fi\/pietarsaari\/#website\",\"url\":\"https:\/\/sey.fi\/pietarsaari\/\",\"name\":\"SEY Pietarsaari ry. \/ Jakobstad rf.\",\"description\":\"Uusi SEY J\u00e4senyhdistykset -sivusto\",\"potentialAction\":[{\"@type\":\"SearchAction\",\"target\":{\"@type\":\"EntryPoint\",\"urlTemplate\":\"https:\/\/sey.fi\/pietarsaari\/?s={search_term_string}\"},\"query-input\":{\"@type\":\"PropertyValueSpecification\",\"valueRequired\":true,\"valueName\":\"search_term_string\"}}],\"inLanguage\":\"fi\"}]}<\/script>\n<!-- \/ Yoast SEO plugin. -->","yoast_head_json":{"title":"OTA YHTEYTT\u00c4 - KONTAKTA OSS - SEY Pietarsaari ry. \/ Jakobstad rf.","robots":{"index":"index","follow":"follow","max-snippet":"max-snippet:-1","max-image-preview":"max-image-preview:large","max-video-preview":"max-video-preview:-1"},"canonical":"https:\/\/sey.fi\/pietarsaari\/pietarsaaren-elainsuojelu\/ota-yhteytta-kontakta-oss\/","og_locale":"fi_FI","og_type":"article","og_title":"OTA YHTEYTT\u00c4 - KONTAKTA OSS - SEY Pietarsaari ry. \/ Jakobstad rf.","og_description":"Puheenjohtaja\/ Ordf\u00f6rande: Teija L\u00f6fholm, puh.\/ tel. +358 45 804 3843 Varapuheenjohtaja\/ Viceordf\u00f6rande:&nbsp;Janette Tiala, puh.\/ tel. +358 40 637 7053 Sihteeri\/ Sekreterare: Heli Kivist\u00f6 Rahastonhoitaja\/ Kass\u00f6r: Kirsi Sepp\u00e4l\u00e4 E- mail:&nbsp;pietarsaari@sey.fi Facebook:&nbsp;SEY Pietarsaari ry.- SEY Jakobstad rf. &nbsp; &nbsp; &nbsp; &nbsp;","og_url":"https:\/\/sey.fi\/pietarsaari\/pietarsaaren-elainsuojelu\/ota-yhteytta-kontakta-oss\/","og_site_name":"SEY Pietarsaari ry. \/ Jakobstad rf.","article_modified_time":"2025-10-17T13:17:14+00:00","twitter_card":"summary_large_image","twitter_misc":{"Arvioitu lukuaika":"1 minuutti"},"schema":{"@context":"https:\/\/schema.org","@graph":[{"@type":"WebPage","@id":"https:\/\/sey.fi\/pietarsaari\/pietarsaaren-elainsuojelu\/ota-yhteytta-kontakta-oss\/","url":"https:\/\/sey.fi\/pietarsaari\/pietarsaaren-elainsuojelu\/ota-yhteytta-kontakta-oss\/","name":"OTA YHTEYTT\u00c4 - KONTAKTA OSS - SEY Pietarsaari ry. \/ Jakobstad rf.","isPartOf":{"@id":"https:\/\/sey.fi\/pietarsaari\/#website"},"datePublished":"2019-11-08T12:05:15+00:00","dateModified":"2025-10-17T13:17:14+00:00","breadcrumb":{"@id":"https:\/\/sey.fi\/pietarsaari\/pietarsaaren-elainsuojelu\/ota-yhteytta-kontakta-oss\/#breadcrumb"},"inLanguage":"fi","potentialAction":[{"@type":"ReadAction","target":["https:\/\/sey.fi\/pietarsaari\/pietarsaaren-elainsuojelu\/ota-yhteytta-kontakta-oss\/"]}]},{"@type":"BreadcrumbList","@id":"https:\/\/sey.fi\/pietarsaari\/pietarsaaren-elainsuojelu\/ota-yhteytta-kontakta-oss\/#breadcrumb","itemListElement":[{"@type":"ListItem","position":1,"name":"Home","item":"https:\/\/sey.fi\/pietarsaari\/"},{"@type":"ListItem","position":2,"name":"SEY Pietarsaari ry. \/ Jakobstad rf.","item":"https:\/\/sey.fi\/pietarsaari\/"},{"@type":"ListItem","position":3,"name":"OTA YHTEYTT\u00c4 &#8211; KONTAKTA OSS"}]},{"@type":"WebSite","@id":"https:\/\/sey.fi\/pietarsaari\/#website","url":"https:\/\/sey.fi\/pietarsaari\/","name":"SEY Pietarsaari ry. \/ Jakobstad rf.","description":"Uusi SEY J\u00e4senyhdistykset -sivusto","potentialAction":[{"@type":"SearchAction","target":{"@type":"EntryPoint","urlTemplate":"https:\/\/sey.fi\/pietarsaari\/?s={search_term_string}"},"query-input":{"@type":"PropertyValueSpecification","valueRequired":true,"valueName":"search_term_string"}}],"inLanguage":"fi"}]}},"_links":{"self":[{"href":"https:\/\/sey.fi\/pietarsaari\/wp-json\/wp\/v2\/pages\/31","targetHints":{"allow":["GET"]}}],"collection":[{"href":"https:\/\/sey.fi\/pietarsaari\/wp-json\/wp\/v2\/pages"}],"about":[{"href":"https:\/\/sey.fi\/pietarsaari\/wp-json\/wp\/v2\/types\/page"}],"author":[{"embeddable":true,"href":"https:\/\/sey.fi\/pietarsaari\/wp-json\/wp\/v2\/users\/8"}],"replies":[{"embeddable":true,"href":"https:\/\/sey.fi\/pietarsaari\/wp-json\/wp\/v2\/comments?post=31"}],"version-history":[{"count":5,"href":"https:\/\/sey.fi\/pietarsaari\/wp-json\/wp\/v2\/pages\/31\/revisions"}],"predecessor-version":[{"id":109,"href":"https:\/\/sey.fi\/pietarsaari\/wp-json\/wp\/v2\/pages\/31\/revisions\/109"}],"up":[{"embeddable":true,"href":"https:\/\/sey.fi\/pietarsaari\/wp-json\/wp\/v2\/pages\/2"}],"wp:attachment":[{"href":"https:\/\/sey.fi\/pietarsaari\/wp-json\/wp\/v2\/media?parent=31"}],"curies":[{"name":"wp","href":"https:\/\/api.w.org\/{rel}","templated":true}]}}