{"id":15,"date":"2019-11-08T14:54:08","date_gmt":"2019-11-08T12:54:08","guid":{"rendered":"http:\/\/srvr10.xetpoint.com\/~seyfi\/raahe\/?page_id=15"},"modified":"2019-11-08T14:54:09","modified_gmt":"2019-11-08T12:54:09","slug":"yhdistys","status":"publish","type":"page","link":"https:\/\/sey.fi\/raahe\/sey-raahe\/yhdistys\/","title":{"rendered":"Yhdistys"},"content":{"rendered":"\n<figure class=\"wp-block-image\"><img decoding=\"async\" src=\"http:\/\/raahe.sey.fi\/images\/etusivu\/kissa.jpg\" alt=\"\" \/><\/figure>\n\n\n\n<h1 class=\"wp-block-heading\">SEY Raahe<\/h1>\n\n\n\n<p>SEY Raahe ry (entinen Raahenseudun El\u00e4insuojeluyhdistys ry) on perustettu vuonna 2000. Sen toimialueeseen kuuluvat Raahen kaupungin lis\u00e4ksi Siikajoen ja Pyh\u00e4joen kunnat.<\/p>\n\n\n\n<p>El\u00e4insuojeluyhdistyksen perustavoitteeksi on kirjattu el\u00e4inten hyvinvoinnin edist\u00e4minen Raahen seutukunnan alueella. T\u00e4h\u00e4n pyrit\u00e4\u00e4n tiedottamalla, opastamalla ja jakamalla tietoa el\u00e4inten oikeasta, lain vaatimasta ja asianmukaisesta kohtelusta.<\/p>\n","protected":false},"excerpt":{"rendered":"<p>SEY Raahe SEY Raahe ry (entinen Raahenseudun El\u00e4insuojeluyhdistys ry) on perustettu vuonna 2000. Sen toimialueeseen kuuluvat Raahen kaupungin lis\u00e4ksi Siikajoen ja Pyh\u00e4joen kunnat. El\u00e4insuojeluyhdistyksen perustavoitteeksi on kirjattu el\u00e4inten hyvinvoinnin edist\u00e4minen Raahen seutukunnan alueella. T\u00e4h\u00e4n pyrit\u00e4\u00e4n tiedottamalla, opastamalla ja jakamalla tietoa el\u00e4inten oikeasta, lain vaatimasta ja asianmukaisesta kohtelusta.<\/p>\n","protected":false},"author":8,"featured_media":0,"parent":2,"menu_order":0,"comment_status":"closed","ping_status":"closed","template":"","meta":{"_acf_changed":false,"footnotes":""},"class_list":["post-15","page","type-page","status-publish","hentry"],"acf":[],"yoast_head":"<!-- This site is optimized with the Yoast SEO plugin v27.1.1 - https:\/\/yoast.com\/product\/yoast-seo-wordpress\/ -->\n<title>Yhdistys - SEY Raahe<\/title>\n<meta name=\"robots\" content=\"index, follow, max-snippet:-1, max-image-preview:large, max-video-preview:-1\" \/>\n<link rel=\"canonical\" href=\"https:\/\/sey.fi\/raahe\/sey-raahe\/yhdistys\/\" \/>\n<meta property=\"og:locale\" content=\"fi_FI\" \/>\n<meta property=\"og:type\" content=\"article\" \/>\n<meta property=\"og:title\" content=\"Yhdistys - SEY Raahe\" \/>\n<meta property=\"og:description\" content=\"SEY Raahe SEY Raahe ry (entinen Raahenseudun El\u00e4insuojeluyhdistys ry) on perustettu vuonna 2000. Sen toimialueeseen kuuluvat Raahen kaupungin lis\u00e4ksi Siikajoen ja Pyh\u00e4joen kunnat. El\u00e4insuojeluyhdistyksen perustavoitteeksi on kirjattu el\u00e4inten hyvinvoinnin edist\u00e4minen Raahen seutukunnan alueella. T\u00e4h\u00e4n pyrit\u00e4\u00e4n tiedottamalla, opastamalla ja jakamalla tietoa el\u00e4inten oikeasta, lain vaatimasta ja asianmukaisesta kohtelusta.\" \/>\n<meta property=\"og:url\" content=\"https:\/\/sey.fi\/raahe\/sey-raahe\/yhdistys\/\" \/>\n<meta property=\"og:site_name\" content=\"SEY Raahe\" \/>\n<meta property=\"article:modified_time\" content=\"2019-11-08T12:54:09+00:00\" \/>\n<meta property=\"og:image\" content=\"http:\/\/raahe.sey.fi\/images\/etusivu\/kissa.jpg\" \/>\n<meta name=\"twitter:card\" content=\"summary_large_image\" \/>\n<script type=\"application\/ld+json\" class=\"yoast-schema-graph\">{\"@context\":\"https:\/\/schema.org\",\"@graph\":[{\"@type\":\"WebPage\",\"@id\":\"https:\/\/sey.fi\/raahe\/sey-raahe\/yhdistys\/\",\"url\":\"https:\/\/sey.fi\/raahe\/sey-raahe\/yhdistys\/\",\"name\":\"Yhdistys - SEY Raahe\",\"isPartOf\":{\"@id\":\"https:\/\/sey.fi\/raahe\/#website\"},\"primaryImageOfPage\":{\"@id\":\"https:\/\/sey.fi\/raahe\/sey-raahe\/yhdistys\/#primaryimage\"},\"image\":{\"@id\":\"https:\/\/sey.fi\/raahe\/sey-raahe\/yhdistys\/#primaryimage\"},\"thumbnailUrl\":\"http:\/\/raahe.sey.fi\/images\/etusivu\/kissa.jpg\",\"datePublished\":\"2019-11-08T12:54:08+00:00\",\"dateModified\":\"2019-11-08T12:54:09+00:00\",\"breadcrumb\":{\"@id\":\"https:\/\/sey.fi\/raahe\/sey-raahe\/yhdistys\/#breadcrumb\"},\"inLanguage\":\"fi\",\"potentialAction\":[{\"@type\":\"ReadAction\",\"target\":[\"https:\/\/sey.fi\/raahe\/sey-raahe\/yhdistys\/\"]}]},{\"@type\":\"ImageObject\",\"inLanguage\":\"fi\",\"@id\":\"https:\/\/sey.fi\/raahe\/sey-raahe\/yhdistys\/#primaryimage\",\"url\":\"http:\/\/raahe.sey.fi\/images\/etusivu\/kissa.jpg\",\"contentUrl\":\"http:\/\/raahe.sey.fi\/images\/etusivu\/kissa.jpg\"},{\"@type\":\"BreadcrumbList\",\"@id\":\"https:\/\/sey.fi\/raahe\/sey-raahe\/yhdistys\/#breadcrumb\",\"itemListElement\":[{\"@type\":\"ListItem\",\"position\":1,\"name\":\"Home\",\"item\":\"https:\/\/sey.fi\/raahe\/\"},{\"@type\":\"ListItem\",\"position\":2,\"name\":\"SEY Raahe\",\"item\":\"https:\/\/sey.fi\/raahe\/\"},{\"@type\":\"ListItem\",\"position\":3,\"name\":\"Yhdistys\"}]},{\"@type\":\"WebSite\",\"@id\":\"https:\/\/sey.fi\/raahe\/#website\",\"url\":\"https:\/\/sey.fi\/raahe\/\",\"name\":\"SEY Raahe\",\"description\":\"Uusi SEY J\u00e4senyhdistykset -sivusto\",\"potentialAction\":[{\"@type\":\"SearchAction\",\"target\":{\"@type\":\"EntryPoint\",\"urlTemplate\":\"https:\/\/sey.fi\/raahe\/?s={search_term_string}\"},\"query-input\":{\"@type\":\"PropertyValueSpecification\",\"valueRequired\":true,\"valueName\":\"search_term_string\"}}],\"inLanguage\":\"fi\"}]}<\/script>\n<!-- \/ Yoast SEO plugin. -->","yoast_head_json":{"title":"Yhdistys - SEY Raahe","robots":{"index":"index","follow":"follow","max-snippet":"max-snippet:-1","max-image-preview":"max-image-preview:large","max-video-preview":"max-video-preview:-1"},"canonical":"https:\/\/sey.fi\/raahe\/sey-raahe\/yhdistys\/","og_locale":"fi_FI","og_type":"article","og_title":"Yhdistys - SEY Raahe","og_description":"SEY Raahe SEY Raahe ry (entinen Raahenseudun El\u00e4insuojeluyhdistys ry) on perustettu vuonna 2000. Sen toimialueeseen kuuluvat Raahen kaupungin lis\u00e4ksi Siikajoen ja Pyh\u00e4joen kunnat. El\u00e4insuojeluyhdistyksen perustavoitteeksi on kirjattu el\u00e4inten hyvinvoinnin edist\u00e4minen Raahen seutukunnan alueella. T\u00e4h\u00e4n pyrit\u00e4\u00e4n tiedottamalla, opastamalla ja jakamalla tietoa el\u00e4inten oikeasta, lain vaatimasta ja asianmukaisesta kohtelusta.","og_url":"https:\/\/sey.fi\/raahe\/sey-raahe\/yhdistys\/","og_site_name":"SEY Raahe","article_modified_time":"2019-11-08T12:54:09+00:00","og_image":[{"url":"http:\/\/raahe.sey.fi\/images\/etusivu\/kissa.jpg","type":"","width":"","height":""}],"twitter_card":"summary_large_image","schema":{"@context":"https:\/\/schema.org","@graph":[{"@type":"WebPage","@id":"https:\/\/sey.fi\/raahe\/sey-raahe\/yhdistys\/","url":"https:\/\/sey.fi\/raahe\/sey-raahe\/yhdistys\/","name":"Yhdistys - SEY Raahe","isPartOf":{"@id":"https:\/\/sey.fi\/raahe\/#website"},"primaryImageOfPage":{"@id":"https:\/\/sey.fi\/raahe\/sey-raahe\/yhdistys\/#primaryimage"},"image":{"@id":"https:\/\/sey.fi\/raahe\/sey-raahe\/yhdistys\/#primaryimage"},"thumbnailUrl":"http:\/\/raahe.sey.fi\/images\/etusivu\/kissa.jpg","datePublished":"2019-11-08T12:54:08+00:00","dateModified":"2019-11-08T12:54:09+00:00","breadcrumb":{"@id":"https:\/\/sey.fi\/raahe\/sey-raahe\/yhdistys\/#breadcrumb"},"inLanguage":"fi","potentialAction":[{"@type":"ReadAction","target":["https:\/\/sey.fi\/raahe\/sey-raahe\/yhdistys\/"]}]},{"@type":"ImageObject","inLanguage":"fi","@id":"https:\/\/sey.fi\/raahe\/sey-raahe\/yhdistys\/#primaryimage","url":"http:\/\/raahe.sey.fi\/images\/etusivu\/kissa.jpg","contentUrl":"http:\/\/raahe.sey.fi\/images\/etusivu\/kissa.jpg"},{"@type":"BreadcrumbList","@id":"https:\/\/sey.fi\/raahe\/sey-raahe\/yhdistys\/#breadcrumb","itemListElement":[{"@type":"ListItem","position":1,"name":"Home","item":"https:\/\/sey.fi\/raahe\/"},{"@type":"ListItem","position":2,"name":"SEY Raahe","item":"https:\/\/sey.fi\/raahe\/"},{"@type":"ListItem","position":3,"name":"Yhdistys"}]},{"@type":"WebSite","@id":"https:\/\/sey.fi\/raahe\/#website","url":"https:\/\/sey.fi\/raahe\/","name":"SEY Raahe","description":"Uusi SEY J\u00e4senyhdistykset -sivusto","potentialAction":[{"@type":"SearchAction","target":{"@type":"EntryPoint","urlTemplate":"https:\/\/sey.fi\/raahe\/?s={search_term_string}"},"query-input":{"@type":"PropertyValueSpecification","valueRequired":true,"valueName":"search_term_string"}}],"inLanguage":"fi"}]}},"_links":{"self":[{"href":"https:\/\/sey.fi\/raahe\/wp-json\/wp\/v2\/pages\/15","targetHints":{"allow":["GET"]}}],"collection":[{"href":"https:\/\/sey.fi\/raahe\/wp-json\/wp\/v2\/pages"}],"about":[{"href":"https:\/\/sey.fi\/raahe\/wp-json\/wp\/v2\/types\/page"}],"author":[{"embeddable":true,"href":"https:\/\/sey.fi\/raahe\/wp-json\/wp\/v2\/users\/8"}],"replies":[{"embeddable":true,"href":"https:\/\/sey.fi\/raahe\/wp-json\/wp\/v2\/comments?post=15"}],"version-history":[{"count":1,"href":"https:\/\/sey.fi\/raahe\/wp-json\/wp\/v2\/pages\/15\/revisions"}],"predecessor-version":[{"id":16,"href":"https:\/\/sey.fi\/raahe\/wp-json\/wp\/v2\/pages\/15\/revisions\/16"}],"up":[{"embeddable":true,"href":"https:\/\/sey.fi\/raahe\/wp-json\/wp\/v2\/pages\/2"}],"wp:attachment":[{"href":"https:\/\/sey.fi\/raahe\/wp-json\/wp\/v2\/media?parent=15"}],"curies":[{"name":"wp","href":"https:\/\/api.w.org\/{rel}","templated":true}]}}