{"id":17,"date":"2019-11-08T15:00:06","date_gmt":"2019-11-08T13:00:06","guid":{"rendered":"http:\/\/srvr10.xetpoint.com\/~seyfi\/raahe\/?page_id=17"},"modified":"2020-07-08T13:59:58","modified_gmt":"2020-07-08T10:59:58","slug":"historia","status":"publish","type":"page","link":"https:\/\/sey.fi\/raahe\/sey-raahe\/yhdistys\/historia\/","title":{"rendered":"Historia"},"content":{"rendered":"\n<h2 class=\"wp-block-heading\"><strong>Raaheen el\u00e4insuojeluyhdistys<\/strong><\/h2>\n\n\n\n<p>Syksyll\u00e4 2000 raahelaiset ja ymp\u00e4rist\u00f6kunnan asukkaat saivat lukea paikallislehden uutisen suunnitelmista perustaa Raaheen oma el\u00e4insuojeluyhdistys. Lue lehtileike yhdistyksen perustamisesta:<\/p>\n\n\n\n<figure class=\"wp-block-image size-large\"><img loading=\"lazy\" decoding=\"async\" width=\"1000\" height=\"557\" src=\"https:\/\/sey.fi\/wp-content\/uploads\/sites\/26\/2020\/07\/1_historiaa_yhdistyksen_perustaminen_pien.jpg\" alt=\"\" class=\"wp-image-96\" srcset=\"https:\/\/sey.fi\/wp-content\/uploads\/sites\/26\/2020\/07\/1_historiaa_yhdistyksen_perustaminen_pien.jpg 1000w, https:\/\/sey.fi\/wp-content\/uploads\/sites\/26\/2020\/07\/1_historiaa_yhdistyksen_perustaminen_pien-300x167.jpg 300w, https:\/\/sey.fi\/wp-content\/uploads\/sites\/26\/2020\/07\/1_historiaa_yhdistyksen_perustaminen_pien-768x428.jpg 768w\" sizes=\"auto, (max-width: 1000px) 100vw, 1000px\" \/><\/figure>\n\n\n\n<h2 class=\"wp-block-heading\"><strong>Perustamiskokous<\/strong><\/h2>\n\n\n\n<p>Raahen el\u00e4insuojeluyhdistyksen perustamiskokous pidettiin marraskuussa 2000. Lue lis\u00e4\u00e4 lehtileikkeest\u00e4:<\/p>\n\n\n\n<figure class=\"wp-block-image size-large\"><img loading=\"lazy\" decoding=\"async\" width=\"1000\" height=\"665\" src=\"https:\/\/sey.fi\/wp-content\/uploads\/sites\/26\/2020\/07\/2_historiaa_perustamiskokous_takana_pien.jpg\" alt=\"\" class=\"wp-image-97\" srcset=\"https:\/\/sey.fi\/wp-content\/uploads\/sites\/26\/2020\/07\/2_historiaa_perustamiskokous_takana_pien.jpg 1000w, https:\/\/sey.fi\/wp-content\/uploads\/sites\/26\/2020\/07\/2_historiaa_perustamiskokous_takana_pien-300x200.jpg 300w, https:\/\/sey.fi\/wp-content\/uploads\/sites\/26\/2020\/07\/2_historiaa_perustamiskokous_takana_pien-768x511.jpg 768w\" sizes=\"auto, (max-width: 1000px) 100vw, 1000px\" \/><\/figure>\n\n\n\n<h2 class=\"wp-block-heading\"><strong>Ensimm\u00e4inen joulukulkue ja El\u00e4inten joulurauhan julistukse<\/strong>t<\/h2>\n\n\n\n<p>El\u00e4insuojeluyhdistys aloitti El\u00e4inten joulurauhan julistukset joulukulkueella jouluna 2000. Jos joulupukki kiireilt\u00e4\u00e4n ehtii, tulee h\u00e4n aina mukaan Raaheen El\u00e4inten joulurauhan julistukseen. Nykyisin joulurauha julistetaan H\u00e4rk\u00e4torin puistossa. Lue lehtileikkeist\u00e4 tarkemmin.<\/p>\n\n\n\n<h3 class=\"wp-block-heading\">Ensimm\u00e4inen joulukulkue<\/h3>\n\n\n\n<figure class=\"wp-block-image size-large\"><img loading=\"lazy\" decoding=\"async\" width=\"1000\" height=\"849\" src=\"https:\/\/sey.fi\/wp-content\/uploads\/sites\/26\/2020\/07\/3_historiaa_eka_joulukulkue_pien.jpg\" alt=\"\" class=\"wp-image-98\" srcset=\"https:\/\/sey.fi\/wp-content\/uploads\/sites\/26\/2020\/07\/3_historiaa_eka_joulukulkue_pien.jpg 1000w, https:\/\/sey.fi\/wp-content\/uploads\/sites\/26\/2020\/07\/3_historiaa_eka_joulukulkue_pien-300x255.jpg 300w, https:\/\/sey.fi\/wp-content\/uploads\/sites\/26\/2020\/07\/3_historiaa_eka_joulukulkue_pien-768x652.jpg 768w\" sizes=\"auto, (max-width: 1000px) 100vw, 1000px\" \/><\/figure>\n\n\n\n<h3 class=\"wp-block-heading\">Joulurauhan julistus<\/h3>\n\n\n\n<figure class=\"wp-block-image size-large\"><img loading=\"lazy\" decoding=\"async\" width=\"1000\" height=\"597\" src=\"https:\/\/sey.fi\/wp-content\/uploads\/sites\/26\/2020\/07\/4_historiaa_joulurauhan_julistus_pien.jpg\" alt=\"\" class=\"wp-image-99\" srcset=\"https:\/\/sey.fi\/wp-content\/uploads\/sites\/26\/2020\/07\/4_historiaa_joulurauhan_julistus_pien.jpg 1000w, https:\/\/sey.fi\/wp-content\/uploads\/sites\/26\/2020\/07\/4_historiaa_joulurauhan_julistus_pien-300x179.jpg 300w, https:\/\/sey.fi\/wp-content\/uploads\/sites\/26\/2020\/07\/4_historiaa_joulurauhan_julistus_pien-768x458.jpg 768w\" sizes=\"auto, (max-width: 1000px) 100vw, 1000px\" \/><\/figure>\n\n\n\n<h2 class=\"wp-block-heading\"><strong>Raahen L\u00f6yt\u00f6el\u00e4inkoti perustetaan<\/strong><\/h2>\n\n\n\n<p>Raahen el\u00e4insuojeluyhdistys perusti L\u00f6yt\u00f6el\u00e4inkodin Kirkkokadulle. Lue lehtileike elokuulta 2001.<\/p>\n\n\n\n<h3 class=\"wp-block-heading\">L\u00f6yt\u00f6el\u00e4inkodin historiaa<\/h3>\n\n\n\n<figure class=\"wp-block-image size-large\"><img loading=\"lazy\" decoding=\"async\" width=\"1000\" height=\"719\" src=\"https:\/\/sey.fi\/wp-content\/uploads\/sites\/26\/2020\/07\/5_historiaa_loytis_pien.jpg\" alt=\"\" class=\"wp-image-101\" srcset=\"https:\/\/sey.fi\/wp-content\/uploads\/sites\/26\/2020\/07\/5_historiaa_loytis_pien.jpg 1000w, https:\/\/sey.fi\/wp-content\/uploads\/sites\/26\/2020\/07\/5_historiaa_loytis_pien-300x216.jpg 300w, https:\/\/sey.fi\/wp-content\/uploads\/sites\/26\/2020\/07\/5_historiaa_loytis_pien-768x552.jpg 768w\" sizes=\"auto, (max-width: 1000px) 100vw, 1000px\" \/><\/figure>\n\n\n\n<h2 class=\"wp-block-heading\"><strong>Gaalailta<\/strong><\/h2>\n\n\n\n<p>Raahenseudun el\u00e4insuojeluyhdistyksen j\u00e4rjest\u00e4m\u00e4 El\u00e4inten viikon Gaalailta teki tutuksi yhdistyksen toimintaa.<\/p>\n\n\n\n<figure class=\"wp-block-image size-large\"><img loading=\"lazy\" decoding=\"async\" width=\"1000\" height=\"593\" src=\"https:\/\/sey.fi\/wp-content\/uploads\/sites\/26\/2020\/07\/6_historiaa_gaalailta_pien.jpg\" alt=\"\" class=\"wp-image-102\" srcset=\"https:\/\/sey.fi\/wp-content\/uploads\/sites\/26\/2020\/07\/6_historiaa_gaalailta_pien.jpg 1000w, https:\/\/sey.fi\/wp-content\/uploads\/sites\/26\/2020\/07\/6_historiaa_gaalailta_pien-300x178.jpg 300w, https:\/\/sey.fi\/wp-content\/uploads\/sites\/26\/2020\/07\/6_historiaa_gaalailta_pien-768x455.jpg 768w\" sizes=\"auto, (max-width: 1000px) 100vw, 1000px\" \/><\/figure>\n\n\n\n<h2 class=\"wp-block-heading\"><strong>Kissatalo lopetusuhan alla<\/strong><\/h2>\n\n\n\n<p>Kuten Suomen muillakin l\u00f6yt\u00f6el\u00e4inkodeilla my\u00f6s Raahessa tehd\u00e4\u00e4n jatkuvasti t\u00f6it\u00e4 l\u00f6yt\u00f6el\u00e4inkodin toiminnan jatkumiseksi. Lue lis\u00e4\u00e4 lehtileikkeest\u00e4\u00a0Kissatalo lopetusuhan alla:<\/p>\n\n\n\n<figure class=\"wp-block-image size-large\"><img loading=\"lazy\" decoding=\"async\" width=\"1000\" height=\"481\" src=\"https:\/\/sey.fi\/wp-content\/uploads\/sites\/26\/2020\/07\/7_historiaa_kissatalo_jatkaa_pien.jpg\" alt=\"\" class=\"wp-image-103\" srcset=\"https:\/\/sey.fi\/wp-content\/uploads\/sites\/26\/2020\/07\/7_historiaa_kissatalo_jatkaa_pien.jpg 1000w, https:\/\/sey.fi\/wp-content\/uploads\/sites\/26\/2020\/07\/7_historiaa_kissatalo_jatkaa_pien-300x144.jpg 300w, https:\/\/sey.fi\/wp-content\/uploads\/sites\/26\/2020\/07\/7_historiaa_kissatalo_jatkaa_pien-768x369.jpg 768w\" sizes=\"auto, (max-width: 1000px) 100vw, 1000px\" \/><\/figure>\n\n\n\n<h2 class=\"wp-block-heading\"><strong>Uudet tilat Raahen L\u00f6yt\u00f6el\u00e4inkodille<\/strong><\/h2>\n\n\n\n<p>Kissat muuttivat uuteen osoitteeseen Ouluntie 11:een kes\u00e4ll\u00e4 2009, jossa &#8221;l\u00f6ytis&#8221; toimii t\u00e4ll\u00e4kin hetkell\u00e4 Rannikon 4H-yhdistyksen vet\u00e4m\u00e4n\u00e4. SEY Raahe ry tukee Raahen L\u00f6yt\u00f6el\u00e4inkodin toimintaa esimerkiksi lahjoittamalla kissanhiekkaa ja -ruokaa sek\u00e4 maksamalla el\u00e4inl\u00e4\u00e4k\u00e4rikuluja.<\/p>\n\n\n\n<h3 class=\"wp-block-heading\">Kissat Ouluntielle<\/h3>\n\n\n\n<figure class=\"wp-block-image size-large\"><img loading=\"lazy\" decoding=\"async\" width=\"1000\" height=\"941\" src=\"https:\/\/sey.fi\/wp-content\/uploads\/sites\/26\/2020\/07\/8_historiaa_kissat_ouluntielle_teksti_pien.jpg\" alt=\"\" class=\"wp-image-104\" srcset=\"https:\/\/sey.fi\/wp-content\/uploads\/sites\/26\/2020\/07\/8_historiaa_kissat_ouluntielle_teksti_pien.jpg 1000w, https:\/\/sey.fi\/wp-content\/uploads\/sites\/26\/2020\/07\/8_historiaa_kissat_ouluntielle_teksti_pien-300x282.jpg 300w, https:\/\/sey.fi\/wp-content\/uploads\/sites\/26\/2020\/07\/8_historiaa_kissat_ouluntielle_teksti_pien-768x723.jpg 768w\" sizes=\"auto, (max-width: 1000px) 100vw, 1000px\" \/><\/figure>\n\n\n\n<h3 class=\"wp-block-heading\">Kissat Ouluntielle<\/h3>\n\n\n\n<figure class=\"wp-block-image size-large\"><img loading=\"lazy\" decoding=\"async\" width=\"642\" height=\"1024\" src=\"https:\/\/sey.fi\/wp-content\/uploads\/sites\/26\/2020\/07\/8-1_historiaa_kissat_ouluntielle_pien-642x1024.jpg\" alt=\"\" class=\"wp-image-105\" srcset=\"https:\/\/sey.fi\/wp-content\/uploads\/sites\/26\/2020\/07\/8-1_historiaa_kissat_ouluntielle_pien-642x1024.jpg 642w, https:\/\/sey.fi\/wp-content\/uploads\/sites\/26\/2020\/07\/8-1_historiaa_kissat_ouluntielle_pien-188x300.jpg 188w, https:\/\/sey.fi\/wp-content\/uploads\/sites\/26\/2020\/07\/8-1_historiaa_kissat_ouluntielle_pien-768x1225.jpg 768w, https:\/\/sey.fi\/wp-content\/uploads\/sites\/26\/2020\/07\/8-1_historiaa_kissat_ouluntielle_pien-963x1536.jpg 963w, https:\/\/sey.fi\/wp-content\/uploads\/sites\/26\/2020\/07\/8-1_historiaa_kissat_ouluntielle_pien.jpg 1000w\" sizes=\"auto, (max-width: 642px) 100vw, 642px\" \/><\/figure>\n\n\n\n<h2 class=\"wp-block-heading\"><strong>RESY 10 vuotta!<\/strong><\/h2>\n\n\n\n<p>Raahen seudun El\u00e4insuojeluyhdistys juhli 10-vuotistaivaltaan n\u00e4ytt\u00e4v\u00e4sti. Kissoiksi naamioituneet tarjoilijat tarjoilivat kokkiopiskelijoiden loihtimia herkkuja, Silja Virranniemi kertoi ongelmakoirien lempe\u00e4st\u00e4 kouluttamisesta ja runotytt\u00f6 Aino lausui hellyytt\u00e4v\u00e4sti Pikkuinen oravanpoika ja Meid\u00e4n kissat -runot.<\/p>\n\n\n\n<p>Katso kuvia ja lue lehtileikkeest\u00e4 lis\u00e4\u00e4 syntym\u00e4p\u00e4ivist\u00e4.<\/p>\n\n\n\n<figure class=\"wp-block-image size-large\"><img loading=\"lazy\" decoding=\"async\" width=\"513\" height=\"1024\" src=\"https:\/\/sey.fi\/wp-content\/uploads\/sites\/26\/2020\/07\/9_juhlat_yhdkuva-513x1024.jpg\" alt=\"\" class=\"wp-image-106\" srcset=\"https:\/\/sey.fi\/wp-content\/uploads\/sites\/26\/2020\/07\/9_juhlat_yhdkuva-513x1024.jpg 513w, https:\/\/sey.fi\/wp-content\/uploads\/sites\/26\/2020\/07\/9_juhlat_yhdkuva-150x300.jpg 150w, https:\/\/sey.fi\/wp-content\/uploads\/sites\/26\/2020\/07\/9_juhlat_yhdkuva-768x1533.jpg 768w, https:\/\/sey.fi\/wp-content\/uploads\/sites\/26\/2020\/07\/9_juhlat_yhdkuva-770x1536.jpg 770w, https:\/\/sey.fi\/wp-content\/uploads\/sites\/26\/2020\/07\/9_juhlat_yhdkuva-1026x2048.jpg 1026w, https:\/\/sey.fi\/wp-content\/uploads\/sites\/26\/2020\/07\/9_juhlat_yhdkuva-scaled.jpg 1283w\" sizes=\"auto, (max-width: 513px) 100vw, 513px\" \/><\/figure>\n\n\n\n<h3 class=\"wp-block-heading\">Juhlat<\/h3>\n\n\n\n<figure class=\"wp-block-image size-large\"><img loading=\"lazy\" decoding=\"async\" width=\"1000\" height=\"603\" src=\"https:\/\/sey.fi\/wp-content\/uploads\/sites\/26\/2020\/07\/10_historiaa_resy_10wee_pien.jpg\" alt=\"\" class=\"wp-image-107\" srcset=\"https:\/\/sey.fi\/wp-content\/uploads\/sites\/26\/2020\/07\/10_historiaa_resy_10wee_pien.jpg 1000w, https:\/\/sey.fi\/wp-content\/uploads\/sites\/26\/2020\/07\/10_historiaa_resy_10wee_pien-300x181.jpg 300w, https:\/\/sey.fi\/wp-content\/uploads\/sites\/26\/2020\/07\/10_historiaa_resy_10wee_pien-768x463.jpg 768w\" sizes=\"auto, (max-width: 1000px) 100vw, 1000px\" \/><\/figure>\n\n\n\n<p><\/p>\n","protected":false},"excerpt":{"rendered":"<p>Raaheen el\u00e4insuojeluyhdistys Syksyll\u00e4 2000 raahelaiset ja ymp\u00e4rist\u00f6kunnan asukkaat saivat lukea paikallislehden uutisen suunnitelmista perustaa Raaheen oma el\u00e4insuojeluyhdistys. Lue lehtileike yhdistyksen perustamisesta: Perustamiskokous Raahen el\u00e4insuojeluyhdistyksen perustamiskokous pidettiin marraskuussa 2000. Lue lis\u00e4\u00e4 lehtileikkeest\u00e4: Ensimm\u00e4inen joulukulkue ja El\u00e4inten joulurauhan julistukset El\u00e4insuojeluyhdistys aloitti El\u00e4inten joulurauhan julistukset joulukulkueella jouluna 2000. Jos joulupukki kiireilt\u00e4\u00e4n ehtii, tulee h\u00e4n aina mukaan Raaheen El\u00e4inten [&hellip;]<\/p>\n","protected":false},"author":8,"featured_media":0,"parent":15,"menu_order":0,"comment_status":"closed","ping_status":"closed","template":"","meta":{"_acf_changed":false,"footnotes":""},"class_list":["post-17","page","type-page","status-publish","hentry"],"acf":[],"yoast_head":"<!-- This site is optimized with the Yoast SEO plugin v27.1.1 - https:\/\/yoast.com\/product\/yoast-seo-wordpress\/ -->\n<title>Historia - SEY Raahe<\/title>\n<meta name=\"robots\" content=\"index, follow, max-snippet:-1, max-image-preview:large, max-video-preview:-1\" \/>\n<link rel=\"canonical\" href=\"https:\/\/sey.fi\/raahe\/sey-raahe\/yhdistys\/historia\/\" \/>\n<meta property=\"og:locale\" content=\"fi_FI\" \/>\n<meta property=\"og:type\" content=\"article\" \/>\n<meta property=\"og:title\" content=\"Historia - SEY Raahe\" \/>\n<meta property=\"og:description\" content=\"Raaheen el\u00e4insuojeluyhdistys Syksyll\u00e4 2000 raahelaiset ja ymp\u00e4rist\u00f6kunnan asukkaat saivat lukea paikallislehden uutisen suunnitelmista perustaa Raaheen oma el\u00e4insuojeluyhdistys. Lue lehtileike yhdistyksen perustamisesta: Perustamiskokous Raahen el\u00e4insuojeluyhdistyksen perustamiskokous pidettiin marraskuussa 2000. Lue lis\u00e4\u00e4 lehtileikkeest\u00e4: Ensimm\u00e4inen joulukulkue ja El\u00e4inten joulurauhan julistukset El\u00e4insuojeluyhdistys aloitti El\u00e4inten joulurauhan julistukset joulukulkueella jouluna 2000. Jos joulupukki kiireilt\u00e4\u00e4n ehtii, tulee h\u00e4n aina mukaan Raaheen El\u00e4inten [&hellip;]\" \/>\n<meta property=\"og:url\" content=\"https:\/\/sey.fi\/raahe\/sey-raahe\/yhdistys\/historia\/\" \/>\n<meta property=\"og:site_name\" content=\"SEY Raahe\" \/>\n<meta property=\"article:modified_time\" content=\"2020-07-08T10:59:58+00:00\" \/>\n<meta property=\"og:image\" content=\"https:\/\/sey.fi\/wp-content\/uploads\/sites\/26\/2020\/07\/1_historiaa_yhdistyksen_perustaminen_pien.jpg\" \/>\n<meta name=\"twitter:card\" content=\"summary_large_image\" \/>\n<meta name=\"twitter:label1\" content=\"Arvioitu lukuaika\" \/>\n\t<meta name=\"twitter:data1\" content=\"1 minuutti\" \/>\n<script type=\"application\/ld+json\" class=\"yoast-schema-graph\">{\"@context\":\"https:\/\/schema.org\",\"@graph\":[{\"@type\":\"WebPage\",\"@id\":\"https:\/\/sey.fi\/raahe\/sey-raahe\/yhdistys\/historia\/\",\"url\":\"https:\/\/sey.fi\/raahe\/sey-raahe\/yhdistys\/historia\/\",\"name\":\"Historia - SEY Raahe\",\"isPartOf\":{\"@id\":\"https:\/\/sey.fi\/raahe\/#website\"},\"primaryImageOfPage\":{\"@id\":\"https:\/\/sey.fi\/raahe\/sey-raahe\/yhdistys\/historia\/#primaryimage\"},\"image\":{\"@id\":\"https:\/\/sey.fi\/raahe\/sey-raahe\/yhdistys\/historia\/#primaryimage\"},\"thumbnailUrl\":\"https:\/\/sey.fi\/wp-content\/uploads\/sites\/26\/2020\/07\/1_historiaa_yhdistyksen_perustaminen_pien.jpg\",\"datePublished\":\"2019-11-08T13:00:06+00:00\",\"dateModified\":\"2020-07-08T10:59:58+00:00\",\"breadcrumb\":{\"@id\":\"https:\/\/sey.fi\/raahe\/sey-raahe\/yhdistys\/historia\/#breadcrumb\"},\"inLanguage\":\"fi\",\"potentialAction\":[{\"@type\":\"ReadAction\",\"target\":[\"https:\/\/sey.fi\/raahe\/sey-raahe\/yhdistys\/historia\/\"]}]},{\"@type\":\"ImageObject\",\"inLanguage\":\"fi\",\"@id\":\"https:\/\/sey.fi\/raahe\/sey-raahe\/yhdistys\/historia\/#primaryimage\",\"url\":\"https:\/\/sey.fi\/wp-content\/uploads\/sites\/26\/2020\/07\/1_historiaa_yhdistyksen_perustaminen_pien.jpg\",\"contentUrl\":\"https:\/\/sey.fi\/wp-content\/uploads\/sites\/26\/2020\/07\/1_historiaa_yhdistyksen_perustaminen_pien.jpg\"},{\"@type\":\"BreadcrumbList\",\"@id\":\"https:\/\/sey.fi\/raahe\/sey-raahe\/yhdistys\/historia\/#breadcrumb\",\"itemListElement\":[{\"@type\":\"ListItem\",\"position\":1,\"name\":\"Home\",\"item\":\"https:\/\/sey.fi\/raahe\/\"},{\"@type\":\"ListItem\",\"position\":2,\"name\":\"SEY Raahe\",\"item\":\"https:\/\/sey.fi\/raahe\/\"},{\"@type\":\"ListItem\",\"position\":3,\"name\":\"Yhdistys\",\"item\":\"https:\/\/sey.fi\/raahe\/sey-raahe\/yhdistys\/\"},{\"@type\":\"ListItem\",\"position\":4,\"name\":\"Historia\"}]},{\"@type\":\"WebSite\",\"@id\":\"https:\/\/sey.fi\/raahe\/#website\",\"url\":\"https:\/\/sey.fi\/raahe\/\",\"name\":\"SEY Raahe\",\"description\":\"Uusi SEY J\u00e4senyhdistykset -sivusto\",\"potentialAction\":[{\"@type\":\"SearchAction\",\"target\":{\"@type\":\"EntryPoint\",\"urlTemplate\":\"https:\/\/sey.fi\/raahe\/?s={search_term_string}\"},\"query-input\":{\"@type\":\"PropertyValueSpecification\",\"valueRequired\":true,\"valueName\":\"search_term_string\"}}],\"inLanguage\":\"fi\"}]}<\/script>\n<!-- \/ Yoast SEO plugin. -->","yoast_head_json":{"title":"Historia - SEY Raahe","robots":{"index":"index","follow":"follow","max-snippet":"max-snippet:-1","max-image-preview":"max-image-preview:large","max-video-preview":"max-video-preview:-1"},"canonical":"https:\/\/sey.fi\/raahe\/sey-raahe\/yhdistys\/historia\/","og_locale":"fi_FI","og_type":"article","og_title":"Historia - SEY Raahe","og_description":"Raaheen el\u00e4insuojeluyhdistys Syksyll\u00e4 2000 raahelaiset ja ymp\u00e4rist\u00f6kunnan asukkaat saivat lukea paikallislehden uutisen suunnitelmista perustaa Raaheen oma el\u00e4insuojeluyhdistys. Lue lehtileike yhdistyksen perustamisesta: Perustamiskokous Raahen el\u00e4insuojeluyhdistyksen perustamiskokous pidettiin marraskuussa 2000. Lue lis\u00e4\u00e4 lehtileikkeest\u00e4: Ensimm\u00e4inen joulukulkue ja El\u00e4inten joulurauhan julistukset El\u00e4insuojeluyhdistys aloitti El\u00e4inten joulurauhan julistukset joulukulkueella jouluna 2000. Jos joulupukki kiireilt\u00e4\u00e4n ehtii, tulee h\u00e4n aina mukaan Raaheen El\u00e4inten [&hellip;]","og_url":"https:\/\/sey.fi\/raahe\/sey-raahe\/yhdistys\/historia\/","og_site_name":"SEY Raahe","article_modified_time":"2020-07-08T10:59:58+00:00","og_image":[{"url":"https:\/\/sey.fi\/wp-content\/uploads\/sites\/26\/2020\/07\/1_historiaa_yhdistyksen_perustaminen_pien.jpg","type":"","width":"","height":""}],"twitter_card":"summary_large_image","twitter_misc":{"Arvioitu lukuaika":"1 minuutti"},"schema":{"@context":"https:\/\/schema.org","@graph":[{"@type":"WebPage","@id":"https:\/\/sey.fi\/raahe\/sey-raahe\/yhdistys\/historia\/","url":"https:\/\/sey.fi\/raahe\/sey-raahe\/yhdistys\/historia\/","name":"Historia - SEY Raahe","isPartOf":{"@id":"https:\/\/sey.fi\/raahe\/#website"},"primaryImageOfPage":{"@id":"https:\/\/sey.fi\/raahe\/sey-raahe\/yhdistys\/historia\/#primaryimage"},"image":{"@id":"https:\/\/sey.fi\/raahe\/sey-raahe\/yhdistys\/historia\/#primaryimage"},"thumbnailUrl":"https:\/\/sey.fi\/wp-content\/uploads\/sites\/26\/2020\/07\/1_historiaa_yhdistyksen_perustaminen_pien.jpg","datePublished":"2019-11-08T13:00:06+00:00","dateModified":"2020-07-08T10:59:58+00:00","breadcrumb":{"@id":"https:\/\/sey.fi\/raahe\/sey-raahe\/yhdistys\/historia\/#breadcrumb"},"inLanguage":"fi","potentialAction":[{"@type":"ReadAction","target":["https:\/\/sey.fi\/raahe\/sey-raahe\/yhdistys\/historia\/"]}]},{"@type":"ImageObject","inLanguage":"fi","@id":"https:\/\/sey.fi\/raahe\/sey-raahe\/yhdistys\/historia\/#primaryimage","url":"https:\/\/sey.fi\/wp-content\/uploads\/sites\/26\/2020\/07\/1_historiaa_yhdistyksen_perustaminen_pien.jpg","contentUrl":"https:\/\/sey.fi\/wp-content\/uploads\/sites\/26\/2020\/07\/1_historiaa_yhdistyksen_perustaminen_pien.jpg"},{"@type":"BreadcrumbList","@id":"https:\/\/sey.fi\/raahe\/sey-raahe\/yhdistys\/historia\/#breadcrumb","itemListElement":[{"@type":"ListItem","position":1,"name":"Home","item":"https:\/\/sey.fi\/raahe\/"},{"@type":"ListItem","position":2,"name":"SEY Raahe","item":"https:\/\/sey.fi\/raahe\/"},{"@type":"ListItem","position":3,"name":"Yhdistys","item":"https:\/\/sey.fi\/raahe\/sey-raahe\/yhdistys\/"},{"@type":"ListItem","position":4,"name":"Historia"}]},{"@type":"WebSite","@id":"https:\/\/sey.fi\/raahe\/#website","url":"https:\/\/sey.fi\/raahe\/","name":"SEY Raahe","description":"Uusi SEY J\u00e4senyhdistykset -sivusto","potentialAction":[{"@type":"SearchAction","target":{"@type":"EntryPoint","urlTemplate":"https:\/\/sey.fi\/raahe\/?s={search_term_string}"},"query-input":{"@type":"PropertyValueSpecification","valueRequired":true,"valueName":"search_term_string"}}],"inLanguage":"fi"}]}},"_links":{"self":[{"href":"https:\/\/sey.fi\/raahe\/wp-json\/wp\/v2\/pages\/17","targetHints":{"allow":["GET"]}}],"collection":[{"href":"https:\/\/sey.fi\/raahe\/wp-json\/wp\/v2\/pages"}],"about":[{"href":"https:\/\/sey.fi\/raahe\/wp-json\/wp\/v2\/types\/page"}],"author":[{"embeddable":true,"href":"https:\/\/sey.fi\/raahe\/wp-json\/wp\/v2\/users\/8"}],"replies":[{"embeddable":true,"href":"https:\/\/sey.fi\/raahe\/wp-json\/wp\/v2\/comments?post=17"}],"version-history":[{"count":2,"href":"https:\/\/sey.fi\/raahe\/wp-json\/wp\/v2\/pages\/17\/revisions"}],"predecessor-version":[{"id":108,"href":"https:\/\/sey.fi\/raahe\/wp-json\/wp\/v2\/pages\/17\/revisions\/108"}],"up":[{"embeddable":true,"href":"https:\/\/sey.fi\/raahe\/wp-json\/wp\/v2\/pages\/15"}],"wp:attachment":[{"href":"https:\/\/sey.fi\/raahe\/wp-json\/wp\/v2\/media?parent=17"}],"curies":[{"name":"wp","href":"https:\/\/api.w.org\/{rel}","templated":true}]}}