{"id":19,"date":"2019-11-08T15:01:12","date_gmt":"2019-11-08T13:01:12","guid":{"rendered":"http:\/\/srvr10.xetpoint.com\/~seyfi\/raahe\/?page_id=19"},"modified":"2024-09-20T14:07:10","modified_gmt":"2024-09-20T11:07:10","slug":"hallitus","status":"publish","type":"page","link":"https:\/\/sey.fi\/raahe\/sey-raahe\/yhdistys\/hallitus\/","title":{"rendered":"Hallitus"},"content":{"rendered":"\n<h2 class=\"wp-block-heading\">SEY Raahe ry:n hallitus toimikaudella 2024<\/h2>\n\n\n\n<p><strong>Puheenjohtaja<\/strong> (Lahjoitusvastaava): Ari Kein\u00e4nen\u00a0(<a href=\"mailto:pj.seyraahe@gmail.com\" target=\"_blank\" rel=\"noreferrer noopener\">pj.seyraahe@gmail.com<\/a>)<\/p>\n\n\n\n<p><strong>Varapuheenjohtaja:<\/strong> Suvi Kallio<\/p>\n\n\n\n<p><strong>Sihteeri ja j\u00e4senasiat:<\/strong> Elle-Maarit Ylilokka (<a href=\"mailto:siht.seyraahe@gmail.com\" target=\"_blank\" rel=\"noreferrer noopener\">siht.seyraahe@gmail.com<\/a>)<\/p>\n\n\n\n<p>Jonna Paldanius<\/p>\n\n\n\n<p>Tiina Martikkala<\/p>\n\n\n\n<p><strong>Hallituksen varaj\u00e4senet:<\/strong><\/p>\n\n\n\n<p><strong>Rahastonhoitaja<\/strong>: Maarit Lampela<\/p>\n\n\n\n<p>Yhdistyksen vuosikokous pidettiin\u00a028.5.2024 ja hallituksen j\u00e4rjest\u00e4ytymiskokous samana p\u00e4iv\u00e4n\u00e4.<\/p>\n","protected":false},"excerpt":{"rendered":"<p>SEY Raahe ry:n hallitus toimikaudella 2024 Puheenjohtaja (Lahjoitusvastaava): Ari Kein\u00e4nen\u00a0(pj.seyraahe@gmail.com) Varapuheenjohtaja: Suvi Kallio Sihteeri ja j\u00e4senasiat: Elle-Maarit Ylilokka (siht.seyraahe@gmail.com) Jonna Paldanius Tiina Martikkala Hallituksen varaj\u00e4senet: Rahastonhoitaja: Maarit Lampela Yhdistyksen vuosikokous pidettiin\u00a028.5.2024 ja hallituksen j\u00e4rjest\u00e4ytymiskokous samana p\u00e4iv\u00e4n\u00e4.<\/p>\n","protected":false},"author":8,"featured_media":0,"parent":15,"menu_order":0,"comment_status":"closed","ping_status":"closed","template":"","meta":{"_acf_changed":false,"footnotes":""},"class_list":["post-19","page","type-page","status-publish","hentry"],"acf":[],"yoast_head":"<!-- This site is optimized with the Yoast SEO plugin v27.1.1 - https:\/\/yoast.com\/product\/yoast-seo-wordpress\/ -->\n<title>Hallitus - SEY Raahe<\/title>\n<meta name=\"robots\" content=\"index, follow, max-snippet:-1, max-image-preview:large, max-video-preview:-1\" \/>\n<link rel=\"canonical\" href=\"https:\/\/sey.fi\/raahe\/sey-raahe\/yhdistys\/hallitus\/\" \/>\n<meta property=\"og:locale\" content=\"fi_FI\" \/>\n<meta property=\"og:type\" content=\"article\" \/>\n<meta property=\"og:title\" content=\"Hallitus - SEY Raahe\" \/>\n<meta property=\"og:description\" content=\"SEY Raahe ry:n hallitus toimikaudella 2024 Puheenjohtaja (Lahjoitusvastaava): Ari Kein\u00e4nen\u00a0(pj.seyraahe@gmail.com) Varapuheenjohtaja: Suvi Kallio Sihteeri ja j\u00e4senasiat: Elle-Maarit Ylilokka (siht.seyraahe@gmail.com) Jonna Paldanius Tiina Martikkala Hallituksen varaj\u00e4senet: Rahastonhoitaja: Maarit Lampela Yhdistyksen vuosikokous pidettiin\u00a028.5.2024 ja hallituksen j\u00e4rjest\u00e4ytymiskokous samana p\u00e4iv\u00e4n\u00e4.\" \/>\n<meta property=\"og:url\" content=\"https:\/\/sey.fi\/raahe\/sey-raahe\/yhdistys\/hallitus\/\" \/>\n<meta property=\"og:site_name\" content=\"SEY Raahe\" \/>\n<meta property=\"article:modified_time\" content=\"2024-09-20T11:07:10+00:00\" \/>\n<meta name=\"twitter:card\" content=\"summary_large_image\" \/>\n<meta name=\"twitter:label1\" content=\"Arvioitu lukuaika\" \/>\n\t<meta name=\"twitter:data1\" content=\"1 minuutti\" \/>\n<script type=\"application\/ld+json\" class=\"yoast-schema-graph\">{\"@context\":\"https:\/\/schema.org\",\"@graph\":[{\"@type\":\"WebPage\",\"@id\":\"https:\/\/sey.fi\/raahe\/sey-raahe\/yhdistys\/hallitus\/\",\"url\":\"https:\/\/sey.fi\/raahe\/sey-raahe\/yhdistys\/hallitus\/\",\"name\":\"Hallitus - SEY Raahe\",\"isPartOf\":{\"@id\":\"https:\/\/sey.fi\/raahe\/#website\"},\"datePublished\":\"2019-11-08T13:01:12+00:00\",\"dateModified\":\"2024-09-20T11:07:10+00:00\",\"breadcrumb\":{\"@id\":\"https:\/\/sey.fi\/raahe\/sey-raahe\/yhdistys\/hallitus\/#breadcrumb\"},\"inLanguage\":\"fi\",\"potentialAction\":[{\"@type\":\"ReadAction\",\"target\":[\"https:\/\/sey.fi\/raahe\/sey-raahe\/yhdistys\/hallitus\/\"]}]},{\"@type\":\"BreadcrumbList\",\"@id\":\"https:\/\/sey.fi\/raahe\/sey-raahe\/yhdistys\/hallitus\/#breadcrumb\",\"itemListElement\":[{\"@type\":\"ListItem\",\"position\":1,\"name\":\"Home\",\"item\":\"https:\/\/sey.fi\/raahe\/\"},{\"@type\":\"ListItem\",\"position\":2,\"name\":\"SEY Raahe\",\"item\":\"https:\/\/sey.fi\/raahe\/\"},{\"@type\":\"ListItem\",\"position\":3,\"name\":\"Yhdistys\",\"item\":\"https:\/\/sey.fi\/raahe\/sey-raahe\/yhdistys\/\"},{\"@type\":\"ListItem\",\"position\":4,\"name\":\"Hallitus\"}]},{\"@type\":\"WebSite\",\"@id\":\"https:\/\/sey.fi\/raahe\/#website\",\"url\":\"https:\/\/sey.fi\/raahe\/\",\"name\":\"SEY Raahe\",\"description\":\"Uusi SEY J\u00e4senyhdistykset -sivusto\",\"potentialAction\":[{\"@type\":\"SearchAction\",\"target\":{\"@type\":\"EntryPoint\",\"urlTemplate\":\"https:\/\/sey.fi\/raahe\/?s={search_term_string}\"},\"query-input\":{\"@type\":\"PropertyValueSpecification\",\"valueRequired\":true,\"valueName\":\"search_term_string\"}}],\"inLanguage\":\"fi\"}]}<\/script>\n<!-- \/ Yoast SEO plugin. -->","yoast_head_json":{"title":"Hallitus - SEY Raahe","robots":{"index":"index","follow":"follow","max-snippet":"max-snippet:-1","max-image-preview":"max-image-preview:large","max-video-preview":"max-video-preview:-1"},"canonical":"https:\/\/sey.fi\/raahe\/sey-raahe\/yhdistys\/hallitus\/","og_locale":"fi_FI","og_type":"article","og_title":"Hallitus - SEY Raahe","og_description":"SEY Raahe ry:n hallitus toimikaudella 2024 Puheenjohtaja (Lahjoitusvastaava): Ari Kein\u00e4nen\u00a0(pj.seyraahe@gmail.com) Varapuheenjohtaja: Suvi Kallio Sihteeri ja j\u00e4senasiat: Elle-Maarit Ylilokka (siht.seyraahe@gmail.com) Jonna Paldanius Tiina Martikkala Hallituksen varaj\u00e4senet: Rahastonhoitaja: Maarit Lampela Yhdistyksen vuosikokous pidettiin\u00a028.5.2024 ja hallituksen j\u00e4rjest\u00e4ytymiskokous samana p\u00e4iv\u00e4n\u00e4.","og_url":"https:\/\/sey.fi\/raahe\/sey-raahe\/yhdistys\/hallitus\/","og_site_name":"SEY Raahe","article_modified_time":"2024-09-20T11:07:10+00:00","twitter_card":"summary_large_image","twitter_misc":{"Arvioitu lukuaika":"1 minuutti"},"schema":{"@context":"https:\/\/schema.org","@graph":[{"@type":"WebPage","@id":"https:\/\/sey.fi\/raahe\/sey-raahe\/yhdistys\/hallitus\/","url":"https:\/\/sey.fi\/raahe\/sey-raahe\/yhdistys\/hallitus\/","name":"Hallitus - SEY Raahe","isPartOf":{"@id":"https:\/\/sey.fi\/raahe\/#website"},"datePublished":"2019-11-08T13:01:12+00:00","dateModified":"2024-09-20T11:07:10+00:00","breadcrumb":{"@id":"https:\/\/sey.fi\/raahe\/sey-raahe\/yhdistys\/hallitus\/#breadcrumb"},"inLanguage":"fi","potentialAction":[{"@type":"ReadAction","target":["https:\/\/sey.fi\/raahe\/sey-raahe\/yhdistys\/hallitus\/"]}]},{"@type":"BreadcrumbList","@id":"https:\/\/sey.fi\/raahe\/sey-raahe\/yhdistys\/hallitus\/#breadcrumb","itemListElement":[{"@type":"ListItem","position":1,"name":"Home","item":"https:\/\/sey.fi\/raahe\/"},{"@type":"ListItem","position":2,"name":"SEY Raahe","item":"https:\/\/sey.fi\/raahe\/"},{"@type":"ListItem","position":3,"name":"Yhdistys","item":"https:\/\/sey.fi\/raahe\/sey-raahe\/yhdistys\/"},{"@type":"ListItem","position":4,"name":"Hallitus"}]},{"@type":"WebSite","@id":"https:\/\/sey.fi\/raahe\/#website","url":"https:\/\/sey.fi\/raahe\/","name":"SEY Raahe","description":"Uusi SEY J\u00e4senyhdistykset -sivusto","potentialAction":[{"@type":"SearchAction","target":{"@type":"EntryPoint","urlTemplate":"https:\/\/sey.fi\/raahe\/?s={search_term_string}"},"query-input":{"@type":"PropertyValueSpecification","valueRequired":true,"valueName":"search_term_string"}}],"inLanguage":"fi"}]}},"_links":{"self":[{"href":"https:\/\/sey.fi\/raahe\/wp-json\/wp\/v2\/pages\/19","targetHints":{"allow":["GET"]}}],"collection":[{"href":"https:\/\/sey.fi\/raahe\/wp-json\/wp\/v2\/pages"}],"about":[{"href":"https:\/\/sey.fi\/raahe\/wp-json\/wp\/v2\/types\/page"}],"author":[{"embeddable":true,"href":"https:\/\/sey.fi\/raahe\/wp-json\/wp\/v2\/users\/8"}],"replies":[{"embeddable":true,"href":"https:\/\/sey.fi\/raahe\/wp-json\/wp\/v2\/comments?post=19"}],"version-history":[{"count":7,"href":"https:\/\/sey.fi\/raahe\/wp-json\/wp\/v2\/pages\/19\/revisions"}],"predecessor-version":[{"id":193,"href":"https:\/\/sey.fi\/raahe\/wp-json\/wp\/v2\/pages\/19\/revisions\/193"}],"up":[{"embeddable":true,"href":"https:\/\/sey.fi\/raahe\/wp-json\/wp\/v2\/pages\/15"}],"wp:attachment":[{"href":"https:\/\/sey.fi\/raahe\/wp-json\/wp\/v2\/media?parent=19"}],"curies":[{"name":"wp","href":"https:\/\/api.w.org\/{rel}","templated":true}]}}