{"id":21,"date":"2019-11-08T15:01:49","date_gmt":"2019-11-08T13:01:49","guid":{"rendered":"http:\/\/srvr10.xetpoint.com\/~seyfi\/raahe\/?page_id=21"},"modified":"2025-05-25T20:14:02","modified_gmt":"2025-05-25T17:14:02","slug":"toimintasuunnitelma","status":"publish","type":"page","link":"https:\/\/sey.fi\/raahe\/sey-raahe\/yhdistys\/toimintasuunnitelma\/","title":{"rendered":"Toimintasuunnitelma 2025"},"content":{"rendered":"\n<p><strong>Toimintasuunnitelma 1.1.-31.12.2025<\/strong><\/p>\n\n\n\n<p>Sey Raahe kuuluu SEY Suomen El\u00e4insuojelu ry:hyn ja on rekister\u00f6ity nimell\u00e4 SEY Raahe ry virallisesti 14.3.2012. Yhdistys toimii Raahen, Pyh\u00e4joen ja Siikajoen kuntien alueella. Yhdistyksen tarkoituksena on edist\u00e4\u00e4 el\u00e4insuojelua ja suojella el\u00e4imi\u00e4 parhaalla mahdollisella tavalla k\u00e4rsimykselt\u00e4, kivulta ja tuskalta ja edist\u00e4\u00e4 el\u00e4inten hyvinvointia ja kohtelua.<\/p>\n\n\n\n<p><strong>Yhdistyksen kokoukset ja j\u00e4senist\u00f6<\/strong><strong><\/strong><\/p>\n\n\n\n<ul class=\"wp-block-list\">\n<li>Yhdistyksen s\u00e4\u00e4nt\u00f6m\u00e4\u00e4r\u00e4inen vuosikokous pidet\u00e4\u00e4n vuosittain hallituksen m\u00e4\u00e4r\u00e4\u00e4m\u00e4n\u00e4 p\u00e4iv\u00e4n\u00e4 tammi-toukokuussa. Muut kokoukset pidet\u00e4\u00e4n, kun tarve vaatii.<\/li>\n\n\n\n<li>Pyrit\u00e4\u00e4n hankkimaan lis\u00e4\u00e4 j\u00e4seni\u00e4 viestinn\u00e4n ja markkinoinnin avulla.<\/li>\n<\/ul>\n\n\n\n<p><strong>Toiminta<\/strong><strong><\/strong><\/p>\n\n\n\n<ul class=\"wp-block-list\">\n<li>J\u00e4rjestet\u00e4\u00e4n tapahtumia ja tilaisuuksia.<\/li>\n\n\n\n<li>Tehd\u00e4\u00e4n yhteisty\u00f6t\u00e4 muiden alueen el\u00e4inharrastajayhdistysten kanssa.<\/li>\n\n\n\n<li>J\u00e4rjestet\u00e4\u00e4n yhteisty\u00f6ss\u00e4 Raahen Kunnanel\u00e4inl\u00e4\u00e4k\u00e4rin kanssa leikkaustempaus kissoille.<\/li>\n\n\n\n<li>Jatketaan yhteisty\u00f6t\u00e4 Raahen Kunnanel\u00e4inl\u00e4\u00e4k\u00e4rin kanssa kissojen siruttamisen puolesta.<\/li>\n\n\n\n<li>Jatketaan yhteisty\u00f6t\u00e4 viranomaisten kanssa sek\u00e4 muiden l\u00e4hikuntien el\u00e4insuojeluyhdistysten kanssa.<\/li>\n\n\n\n<li>Osallistutaan SEY Suomen El\u00e4insuojelun El\u00e4inten viikkoon sek\u00e4 tuodaan esille SEY:n ajankohtaisia teemoja.<\/li>\n\n\n\n<li>Jaetaan tietoa erilaisista el\u00e4insuojelullisista aiheista ja jatkamme valistusty\u00f6t\u00e4.<\/li>\n\n\n\n<li>Osallistutaan mahdollisuuksien mukaan SEY Suomen El\u00e4insuojelun liittovaltuustokokouksiin ja liittokokoukseen.<\/li>\n\n\n\n<li>Tuetaan el\u00e4insuojeluneuvojan ty\u00f6t\u00e4.<\/li>\n\n\n\n<li>Autetaan ja toimitaan l\u00f6yt\u00f6el\u00e4inkotitoiminnan hyv\u00e4ksi, mik\u00e4li l\u00f6yt\u00f6el\u00e4inkotitoiminta on el\u00e4insuojelullisten n\u00e4k\u00f6kulmien sek\u00e4 SEY Suomen El\u00e4insuojelun periaatteiden mukaista.<\/li>\n\n\n\n<li>Yll\u00e4pidet\u00e4\u00e4n kirpputorip\u00f6yt\u00e4\u00e4 varojen kerrytt\u00e4miseksi.<\/li>\n\n\n\n<li>Osallistutaan messuille yms. tapahtumiin mahdollisuuksien ja resurssien mukaan.<\/li>\n\n\n\n<li>Joulun alla j\u00e4rjestet\u00e4\u00e4n El\u00e4inten Joulurauhan julistus tapahtuma.<\/li>\n<\/ul>\n\n\n\n<p><strong>Talous<\/strong><\/p>\n\n\n\n<p>Talous pidet\u00e4\u00e4n kunnossa tarkalla taloudenpidolla. Mahdolliset hankinnat ja hankkeet harkitaan tarkkaan, jotta talous pysyy tasapainossa. Anotaan SEY Suomen El\u00e4insuojelulta avustuksia eri toimintoihin.<\/p>\n\n\n\n<p><strong>Viestint\u00e4<\/strong><\/p>\n\n\n\n<ul class=\"wp-block-list\">\n<li>Pyrit\u00e4\u00e4n olemaan esill\u00e4 tiedotusv\u00e4lineiss\u00e4 ja sosiaalisessa mediassa.<\/li>\n\n\n\n<li>Pidet\u00e4\u00e4n yhdistyksen sivustot internetiss\u00e4 ajan tasalla.<\/li>\n\n\n\n<li>Jatketaan paikallislehdess\u00e4 ilmoittelua mahdollisten tapahtumien tiedottamisessa.<\/li>\n\n\n\n<li>Hy\u00f6dynnet\u00e4\u00e4n sis\u00e4isess\u00e4 viestinn\u00e4ss\u00e4 erilaisia s\u00e4hk\u00f6isi\u00e4 v\u00e4lineit\u00e4. J\u00e4rjestet\u00e4\u00e4n kokoukset tarvittaessa verkon v\u00e4lityksell\u00e4.<\/li>\n\n\n\n<li>Laaditaan tarvittaessa s\u00e4hk\u00f6isi\u00e4 j\u00e4sentiedotteita.<\/li>\n<\/ul>\n\n\n\n<p>Raahessa ____.____.2025<br>SEY Raahen hallitus<\/p>\n","protected":false},"excerpt":{"rendered":"<p>Toimintasuunnitelma 1.1.-31.12.2025 Sey Raahe kuuluu SEY Suomen El\u00e4insuojelu ry:hyn ja on rekister\u00f6ity nimell\u00e4 SEY Raahe ry virallisesti 14.3.2012. Yhdistys toimii Raahen, Pyh\u00e4joen ja Siikajoen kuntien alueella. Yhdistyksen tarkoituksena on edist\u00e4\u00e4 el\u00e4insuojelua ja suojella el\u00e4imi\u00e4 parhaalla mahdollisella tavalla k\u00e4rsimykselt\u00e4, kivulta ja tuskalta ja edist\u00e4\u00e4 el\u00e4inten hyvinvointia ja kohtelua. Yhdistyksen kokoukset ja j\u00e4senist\u00f6 Toiminta Talous Talous pidet\u00e4\u00e4n [&hellip;]<\/p>\n","protected":false},"author":8,"featured_media":0,"parent":15,"menu_order":0,"comment_status":"closed","ping_status":"closed","template":"","meta":{"_acf_changed":false,"footnotes":""},"class_list":["post-21","page","type-page","status-publish","hentry"],"acf":[],"yoast_head":"<!-- This site is optimized with the Yoast SEO plugin v27.1.1 - https:\/\/yoast.com\/product\/yoast-seo-wordpress\/ -->\n<title>Toimintasuunnitelma 2025 - SEY Raahe<\/title>\n<meta name=\"robots\" content=\"index, follow, max-snippet:-1, max-image-preview:large, max-video-preview:-1\" \/>\n<link rel=\"canonical\" href=\"https:\/\/sey.fi\/raahe\/sey-raahe\/yhdistys\/toimintasuunnitelma\/\" \/>\n<meta property=\"og:locale\" content=\"fi_FI\" \/>\n<meta property=\"og:type\" content=\"article\" \/>\n<meta property=\"og:title\" content=\"Toimintasuunnitelma 2025 - SEY Raahe\" \/>\n<meta property=\"og:description\" content=\"Toimintasuunnitelma 1.1.-31.12.2025 Sey Raahe kuuluu SEY Suomen El\u00e4insuojelu ry:hyn ja on rekister\u00f6ity nimell\u00e4 SEY Raahe ry virallisesti 14.3.2012. Yhdistys toimii Raahen, Pyh\u00e4joen ja Siikajoen kuntien alueella. Yhdistyksen tarkoituksena on edist\u00e4\u00e4 el\u00e4insuojelua ja suojella el\u00e4imi\u00e4 parhaalla mahdollisella tavalla k\u00e4rsimykselt\u00e4, kivulta ja tuskalta ja edist\u00e4\u00e4 el\u00e4inten hyvinvointia ja kohtelua. Yhdistyksen kokoukset ja j\u00e4senist\u00f6 Toiminta Talous Talous pidet\u00e4\u00e4n [&hellip;]\" \/>\n<meta property=\"og:url\" content=\"https:\/\/sey.fi\/raahe\/sey-raahe\/yhdistys\/toimintasuunnitelma\/\" \/>\n<meta property=\"og:site_name\" content=\"SEY Raahe\" \/>\n<meta property=\"article:modified_time\" content=\"2025-05-25T17:14:02+00:00\" \/>\n<meta name=\"twitter:card\" content=\"summary_large_image\" \/>\n<meta name=\"twitter:label1\" content=\"Arvioitu lukuaika\" \/>\n\t<meta name=\"twitter:data1\" content=\"2 minuuttia\" \/>\n<script type=\"application\/ld+json\" class=\"yoast-schema-graph\">{\"@context\":\"https:\/\/schema.org\",\"@graph\":[{\"@type\":\"WebPage\",\"@id\":\"https:\/\/sey.fi\/raahe\/sey-raahe\/yhdistys\/toimintasuunnitelma\/\",\"url\":\"https:\/\/sey.fi\/raahe\/sey-raahe\/yhdistys\/toimintasuunnitelma\/\",\"name\":\"Toimintasuunnitelma 2025 - SEY Raahe\",\"isPartOf\":{\"@id\":\"https:\/\/sey.fi\/raahe\/#website\"},\"datePublished\":\"2019-11-08T13:01:49+00:00\",\"dateModified\":\"2025-05-25T17:14:02+00:00\",\"breadcrumb\":{\"@id\":\"https:\/\/sey.fi\/raahe\/sey-raahe\/yhdistys\/toimintasuunnitelma\/#breadcrumb\"},\"inLanguage\":\"fi\",\"potentialAction\":[{\"@type\":\"ReadAction\",\"target\":[\"https:\/\/sey.fi\/raahe\/sey-raahe\/yhdistys\/toimintasuunnitelma\/\"]}]},{\"@type\":\"BreadcrumbList\",\"@id\":\"https:\/\/sey.fi\/raahe\/sey-raahe\/yhdistys\/toimintasuunnitelma\/#breadcrumb\",\"itemListElement\":[{\"@type\":\"ListItem\",\"position\":1,\"name\":\"Home\",\"item\":\"https:\/\/sey.fi\/raahe\/\"},{\"@type\":\"ListItem\",\"position\":2,\"name\":\"SEY Raahe\",\"item\":\"https:\/\/sey.fi\/raahe\/\"},{\"@type\":\"ListItem\",\"position\":3,\"name\":\"Yhdistys\",\"item\":\"https:\/\/sey.fi\/raahe\/sey-raahe\/yhdistys\/\"},{\"@type\":\"ListItem\",\"position\":4,\"name\":\"Toimintasuunnitelma 2025\"}]},{\"@type\":\"WebSite\",\"@id\":\"https:\/\/sey.fi\/raahe\/#website\",\"url\":\"https:\/\/sey.fi\/raahe\/\",\"name\":\"SEY Raahe\",\"description\":\"Uusi SEY J\u00e4senyhdistykset -sivusto\",\"potentialAction\":[{\"@type\":\"SearchAction\",\"target\":{\"@type\":\"EntryPoint\",\"urlTemplate\":\"https:\/\/sey.fi\/raahe\/?s={search_term_string}\"},\"query-input\":{\"@type\":\"PropertyValueSpecification\",\"valueRequired\":true,\"valueName\":\"search_term_string\"}}],\"inLanguage\":\"fi\"}]}<\/script>\n<!-- \/ Yoast SEO plugin. -->","yoast_head_json":{"title":"Toimintasuunnitelma 2025 - SEY Raahe","robots":{"index":"index","follow":"follow","max-snippet":"max-snippet:-1","max-image-preview":"max-image-preview:large","max-video-preview":"max-video-preview:-1"},"canonical":"https:\/\/sey.fi\/raahe\/sey-raahe\/yhdistys\/toimintasuunnitelma\/","og_locale":"fi_FI","og_type":"article","og_title":"Toimintasuunnitelma 2025 - SEY Raahe","og_description":"Toimintasuunnitelma 1.1.-31.12.2025 Sey Raahe kuuluu SEY Suomen El\u00e4insuojelu ry:hyn ja on rekister\u00f6ity nimell\u00e4 SEY Raahe ry virallisesti 14.3.2012. Yhdistys toimii Raahen, Pyh\u00e4joen ja Siikajoen kuntien alueella. Yhdistyksen tarkoituksena on edist\u00e4\u00e4 el\u00e4insuojelua ja suojella el\u00e4imi\u00e4 parhaalla mahdollisella tavalla k\u00e4rsimykselt\u00e4, kivulta ja tuskalta ja edist\u00e4\u00e4 el\u00e4inten hyvinvointia ja kohtelua. Yhdistyksen kokoukset ja j\u00e4senist\u00f6 Toiminta Talous Talous pidet\u00e4\u00e4n [&hellip;]","og_url":"https:\/\/sey.fi\/raahe\/sey-raahe\/yhdistys\/toimintasuunnitelma\/","og_site_name":"SEY Raahe","article_modified_time":"2025-05-25T17:14:02+00:00","twitter_card":"summary_large_image","twitter_misc":{"Arvioitu lukuaika":"2 minuuttia"},"schema":{"@context":"https:\/\/schema.org","@graph":[{"@type":"WebPage","@id":"https:\/\/sey.fi\/raahe\/sey-raahe\/yhdistys\/toimintasuunnitelma\/","url":"https:\/\/sey.fi\/raahe\/sey-raahe\/yhdistys\/toimintasuunnitelma\/","name":"Toimintasuunnitelma 2025 - SEY Raahe","isPartOf":{"@id":"https:\/\/sey.fi\/raahe\/#website"},"datePublished":"2019-11-08T13:01:49+00:00","dateModified":"2025-05-25T17:14:02+00:00","breadcrumb":{"@id":"https:\/\/sey.fi\/raahe\/sey-raahe\/yhdistys\/toimintasuunnitelma\/#breadcrumb"},"inLanguage":"fi","potentialAction":[{"@type":"ReadAction","target":["https:\/\/sey.fi\/raahe\/sey-raahe\/yhdistys\/toimintasuunnitelma\/"]}]},{"@type":"BreadcrumbList","@id":"https:\/\/sey.fi\/raahe\/sey-raahe\/yhdistys\/toimintasuunnitelma\/#breadcrumb","itemListElement":[{"@type":"ListItem","position":1,"name":"Home","item":"https:\/\/sey.fi\/raahe\/"},{"@type":"ListItem","position":2,"name":"SEY Raahe","item":"https:\/\/sey.fi\/raahe\/"},{"@type":"ListItem","position":3,"name":"Yhdistys","item":"https:\/\/sey.fi\/raahe\/sey-raahe\/yhdistys\/"},{"@type":"ListItem","position":4,"name":"Toimintasuunnitelma 2025"}]},{"@type":"WebSite","@id":"https:\/\/sey.fi\/raahe\/#website","url":"https:\/\/sey.fi\/raahe\/","name":"SEY Raahe","description":"Uusi SEY J\u00e4senyhdistykset -sivusto","potentialAction":[{"@type":"SearchAction","target":{"@type":"EntryPoint","urlTemplate":"https:\/\/sey.fi\/raahe\/?s={search_term_string}"},"query-input":{"@type":"PropertyValueSpecification","valueRequired":true,"valueName":"search_term_string"}}],"inLanguage":"fi"}]}},"_links":{"self":[{"href":"https:\/\/sey.fi\/raahe\/wp-json\/wp\/v2\/pages\/21","targetHints":{"allow":["GET"]}}],"collection":[{"href":"https:\/\/sey.fi\/raahe\/wp-json\/wp\/v2\/pages"}],"about":[{"href":"https:\/\/sey.fi\/raahe\/wp-json\/wp\/v2\/types\/page"}],"author":[{"embeddable":true,"href":"https:\/\/sey.fi\/raahe\/wp-json\/wp\/v2\/users\/8"}],"replies":[{"embeddable":true,"href":"https:\/\/sey.fi\/raahe\/wp-json\/wp\/v2\/comments?post=21"}],"version-history":[{"count":6,"href":"https:\/\/sey.fi\/raahe\/wp-json\/wp\/v2\/pages\/21\/revisions"}],"predecessor-version":[{"id":214,"href":"https:\/\/sey.fi\/raahe\/wp-json\/wp\/v2\/pages\/21\/revisions\/214"}],"up":[{"embeddable":true,"href":"https:\/\/sey.fi\/raahe\/wp-json\/wp\/v2\/pages\/15"}],"wp:attachment":[{"href":"https:\/\/sey.fi\/raahe\/wp-json\/wp\/v2\/media?parent=21"}],"curies":[{"name":"wp","href":"https:\/\/api.w.org\/{rel}","templated":true}]}}