{"id":23,"date":"2019-11-08T15:02:12","date_gmt":"2019-11-08T13:02:12","guid":{"rendered":"http:\/\/srvr10.xetpoint.com\/~seyfi\/raahe\/?page_id=23"},"modified":"2025-05-25T20:10:15","modified_gmt":"2025-05-25T17:10:15","slug":"toimintakertomus","status":"publish","type":"page","link":"https:\/\/sey.fi\/raahe\/sey-raahe\/yhdistys\/toimintakertomus\/","title":{"rendered":"Toimintakertomus 2024"},"content":{"rendered":"\n<p><strong>Toimintakertomus 1.1.-31.12.2024<\/strong><\/p>\n\n\n\n<p><strong>Yleist\u00e4<\/strong><strong><\/strong><\/p>\n\n\n\n<p>SEY Raahe ry (entinen Raahen seudun El\u00e4insuojeluyhdistys ry) on perustettu vuonna 2000. Sen toimialueeseen kuuluvat Raahen kaupungin lis\u00e4ksi Siikajoen ja Pyh\u00e4joen kunnat.<\/p>\n\n\n\n<p>El\u00e4insuojeluyhdistyksen perustavoitteeksi on kirjattu el\u00e4inten hyvinvoinnin edist\u00e4minen Raahen seutukunnan alueella. T\u00e4h\u00e4n pyrit\u00e4\u00e4n tiedottamalla, opastamalla ja jakamalla tietoa el\u00e4inten oikeasta, lain vaatimasta ja asianmukaisesta kohtelusta.<\/p>\n\n\n\n<p><strong>Hallitus<\/strong><strong><\/strong><\/p>\n\n\n\n<p>Vuosikokous pidettiin 28.5.2024 ja j\u00e4rjest\u00e4ytymiskokous 28.5.2024, joissa valittiin seuraava hallitus vastuuteht\u00e4vineen:<strong><br><br>Yhdistyksen puheenjohtaja<\/strong>:<br>Ari Kein\u00e4nen<\/p>\n\n\n\n<p><strong>Varsinaiset j\u00e4senet:<\/strong><br>Tiina Martikkala<br>Elle-Maarit Ylilokka (sihteeri-j\u00e4senvastaava)<br>Jonna Paldanius<br>Suvi Kallio (varapj)<br><br><strong>Varaj\u00e4senet:<\/strong><br>Maarit Lampela (taloudenhoitaja)<br><br>Toiminnantarkastaja: Seppo Sorvari, Raahe<br>Varatoiminnantarkastaja: Kaisa Kangas, Oulu<\/p>\n\n\n\n<p><strong>Edustukset<\/strong><\/p>\n\n\n\n<p>SEY Suomen El\u00e4insuojelu ry:n liittovaltuusto toimintakaudella 2023-2026:<\/p>\n\n\n\n<ul class=\"wp-block-list\">\n<li>varsinainen j\u00e4sen Saija Harju<\/li>\n\n\n\n<li>varaj\u00e4senet Maarit Lampela ja Paula Pf\u00e4ffli<\/li>\n<\/ul>\n\n\n\n<p>Maarit Lampela osallistui liittovaltuuston kev\u00e4tkokoukseen 18.5.2024 Kokkolassa.<strong><\/strong><\/p>\n\n\n\n<p><strong>Yhdistyksen talous<\/strong><strong><\/strong><\/p>\n\n\n\n<p>Yhdistyksen talous on kunnossa ja maksuvalmius hyv\u00e4. Rahaa tilill\u00e4 oli 3456,09&nbsp;euroa (31.12.2024) sek\u00e4 k\u00e4teiskassassa 90,00 euroa. Yhdistyksen toimintaa on rahoitettu lahjoituksilla, j\u00e4senmaksuilla ja kirpputori tuotoilla.<\/p>\n\n\n\n<p>J\u00e4seni\u00e4 yhdistyksess\u00e4 oli 59 (tilanne 31.12.2024). J\u00e4senmaksu r\u00e4stiss\u00e4 4 hl\u00f6ll\u00e4.<br><br><strong>Yhdistyksen kokoukset<br><br><\/strong>Hallitus kokoontui vuoden 2024 aikana 3 kertaa.<br><br><strong>Toiminta<\/strong><\/p>\n\n\n\n<p>Kissoja ja koiria sirutettiin koko vuoden ajan Raahen pienel\u00e4inklinikalla. Sirun sai noin 200 nelijalkaista. 1.1.2025 alkaen SEY Raahe tukee vain kissojen siruttamista lains\u00e4\u00e4d\u00e4nn\u00f6n muututtua niin ett\u00e4 koirien rekister\u00f6inti on pakollista Ruokaviraston koirarekisteriin.<\/p>\n\n\n\n<p>Kev\u00e4\u00e4ll\u00e4 osallistuttiin Raahen Seudun Luonnonyst\u00e4v\u00e4t ry:n P\u00f6ntt\u00f6talkoisiin pit\u00e4m\u00e4ll\u00e4 makkarakojua.<\/p>\n\n\n\n<p>Luonnonel\u00e4inten juomapisteet (7 kpl) otettiin taas k\u00e4ytt\u00f6\u00f6n kes\u00e4kuun alussa, tietoa levitettiin Facebookissa ja kotisivuilla.<\/p>\n\n\n\n<p>Vuoden mittaan oltiin apuna muutamassa loukutustapauksessa ja L\u00f6yt\u00f6el\u00e4inkodille lahjoitettiin vanerinen kissanloukku.<\/p>\n\n\n\n<p>Lahjoitettiin Raahen L\u00f6yt\u00f6el\u00e4inkodille rahaa yhteens\u00e4 1200 euroa vuoden mittaan.<br><br>Lokakuussa yhdistys sai SEY Suomen El\u00e4insuojelulta Kultaisen Tassunauhan kiitoksena omistautuneesta ty\u00f6st\u00e4 el\u00e4inten hyv\u00e4ksi.<\/p>\n\n\n\n<p>El\u00e4inten joulurauhan julistus ja kulkue toteutettiin yhteisty\u00f6ss\u00e4 Bio Huvimyllyn yst\u00e4v\u00e4t &amp; Kinosalonki Sofian kanssa. El\u00e4inten joulurauhan julisti Raahen Seudun Luonnonyst\u00e4vien puheenjohtaja Aki Lepp\u00e4l\u00e4 rescue-koira Lumenen kanssa.<br><br>Lahjoitettiin 200 euroa Raahen vastaanottokeskukselle ukrainalaisten pakolaisten lemmikkiruokien ostoa varten.<\/p>\n\n\n\n<p>Yhdistyksen kirppisp\u00f6yd\u00e4n pito PH-kirppiksell\u00e4 jatkui edelleen.<\/p>\n\n\n\n<p><strong>Julkaisu- ja tiedotustoiminta<\/strong><\/p>\n\n\n\n<p>Yhdistyksen nettisivut: https:\/\/sey.fi\/raahe\/<br>Yhdistyksen Facebook-sivu: https:\/\/www.facebook.com\/seyraahe (912 seuraajaa)<br>Yhdistyksen Instagram-tili: https:\/\/www.instagram.com\/seyraahe\/ (237 seuraajaa)<\/p>\n\n\n\n<p>Yhdistyksen ajankohtaisista asioista tiedotettiin Facebook ja Instagram sivun kautta.<\/p>\n\n\n\n<p>Raahen L\u00f6yt\u00f6el\u00e4inkodin viestint\u00e4\u00e4 tuettiin jakamalla heid\u00e4n Facebook-julkaisujaan SEY Raahen sivulla.<\/p>\n\n\n\n<p>Hallituksen sis\u00e4inen tiedotus on tapahtunut Facebookin suljetun ryhm\u00e4n, Whatsappin ja puhelimien kautta. Kokoontumiset ovat mahdollistaneet suullisen tiedottamisen.<\/p>\n\n\n\n<p><br><strong>Lopuksi<\/strong><strong><\/strong><\/p>\n\n\n\n<p>Sey Raahe ry pyrkii jatkamaan hyv\u00e4\u00e4 ty\u00f6t\u00e4 el\u00e4inten eteen tutuilla tempauksilla niin liven\u00e4 kuin verkossa, esimerkiksi sirukampanjalla, omien tuotteiden myynnill\u00e4 ja tapahtumilla. Yhteisty\u00f6 el\u00e4insuojeluviranomaisten, el\u00e4inl\u00e4\u00e4k\u00e4reiden, muiden paikallisten el\u00e4inyhdistysten (esim. Raahen kaverikoirat, Raahen koirakerho ja Raahen Seudun Luonnonyst\u00e4v\u00e4t ry), el\u00e4insuojeluneuvojien, Raahen L\u00f6yt\u00f6el\u00e4inkodin sek\u00e4 SEY Suomen El\u00e4insuojelun kanssa jatkuu tiiviin\u00e4.<br><br><\/p>\n\n\n\n<p><a><\/a>Raahessa<\/p>\n\n\n\n<p>SEY Raahe ry:n hallitus<\/p>\n","protected":false},"excerpt":{"rendered":"<p>Toimintakertomus 1.1.-31.12.2024 Yleist\u00e4 SEY Raahe ry (entinen Raahen seudun El\u00e4insuojeluyhdistys ry) on perustettu vuonna 2000. Sen toimialueeseen kuuluvat Raahen kaupungin lis\u00e4ksi Siikajoen ja Pyh\u00e4joen kunnat. El\u00e4insuojeluyhdistyksen perustavoitteeksi on kirjattu el\u00e4inten hyvinvoinnin edist\u00e4minen Raahen seutukunnan alueella. T\u00e4h\u00e4n pyrit\u00e4\u00e4n tiedottamalla, opastamalla ja jakamalla tietoa el\u00e4inten oikeasta, lain vaatimasta ja asianmukaisesta kohtelusta. Hallitus Vuosikokous pidettiin 28.5.2024 ja j\u00e4rjest\u00e4ytymiskokous [&hellip;]<\/p>\n","protected":false},"author":8,"featured_media":0,"parent":15,"menu_order":0,"comment_status":"closed","ping_status":"closed","template":"","meta":{"_acf_changed":false,"footnotes":""},"class_list":["post-23","page","type-page","status-publish","hentry"],"acf":[],"yoast_head":"<!-- This site is optimized with the Yoast SEO plugin v27.1.1 - https:\/\/yoast.com\/product\/yoast-seo-wordpress\/ -->\n<title>Toimintakertomus 2024 - SEY Raahe<\/title>\n<meta name=\"robots\" content=\"index, follow, max-snippet:-1, max-image-preview:large, max-video-preview:-1\" \/>\n<link rel=\"canonical\" href=\"https:\/\/sey.fi\/raahe\/sey-raahe\/yhdistys\/toimintakertomus\/\" \/>\n<meta property=\"og:locale\" content=\"fi_FI\" \/>\n<meta property=\"og:type\" content=\"article\" \/>\n<meta property=\"og:title\" content=\"Toimintakertomus 2024 - SEY Raahe\" \/>\n<meta property=\"og:description\" content=\"Toimintakertomus 1.1.-31.12.2024 Yleist\u00e4 SEY Raahe ry (entinen Raahen seudun El\u00e4insuojeluyhdistys ry) on perustettu vuonna 2000. Sen toimialueeseen kuuluvat Raahen kaupungin lis\u00e4ksi Siikajoen ja Pyh\u00e4joen kunnat. El\u00e4insuojeluyhdistyksen perustavoitteeksi on kirjattu el\u00e4inten hyvinvoinnin edist\u00e4minen Raahen seutukunnan alueella. T\u00e4h\u00e4n pyrit\u00e4\u00e4n tiedottamalla, opastamalla ja jakamalla tietoa el\u00e4inten oikeasta, lain vaatimasta ja asianmukaisesta kohtelusta. Hallitus Vuosikokous pidettiin 28.5.2024 ja j\u00e4rjest\u00e4ytymiskokous [&hellip;]\" \/>\n<meta property=\"og:url\" content=\"https:\/\/sey.fi\/raahe\/sey-raahe\/yhdistys\/toimintakertomus\/\" \/>\n<meta property=\"og:site_name\" content=\"SEY Raahe\" \/>\n<meta property=\"article:modified_time\" content=\"2025-05-25T17:10:15+00:00\" \/>\n<meta name=\"twitter:card\" content=\"summary_large_image\" \/>\n<meta name=\"twitter:label1\" content=\"Arvioitu lukuaika\" \/>\n\t<meta name=\"twitter:data1\" content=\"3 minuuttia\" \/>\n<script type=\"application\/ld+json\" class=\"yoast-schema-graph\">{\"@context\":\"https:\/\/schema.org\",\"@graph\":[{\"@type\":\"WebPage\",\"@id\":\"https:\/\/sey.fi\/raahe\/sey-raahe\/yhdistys\/toimintakertomus\/\",\"url\":\"https:\/\/sey.fi\/raahe\/sey-raahe\/yhdistys\/toimintakertomus\/\",\"name\":\"Toimintakertomus 2024 - SEY Raahe\",\"isPartOf\":{\"@id\":\"https:\/\/sey.fi\/raahe\/#website\"},\"datePublished\":\"2019-11-08T13:02:12+00:00\",\"dateModified\":\"2025-05-25T17:10:15+00:00\",\"breadcrumb\":{\"@id\":\"https:\/\/sey.fi\/raahe\/sey-raahe\/yhdistys\/toimintakertomus\/#breadcrumb\"},\"inLanguage\":\"fi\",\"potentialAction\":[{\"@type\":\"ReadAction\",\"target\":[\"https:\/\/sey.fi\/raahe\/sey-raahe\/yhdistys\/toimintakertomus\/\"]}]},{\"@type\":\"BreadcrumbList\",\"@id\":\"https:\/\/sey.fi\/raahe\/sey-raahe\/yhdistys\/toimintakertomus\/#breadcrumb\",\"itemListElement\":[{\"@type\":\"ListItem\",\"position\":1,\"name\":\"Home\",\"item\":\"https:\/\/sey.fi\/raahe\/\"},{\"@type\":\"ListItem\",\"position\":2,\"name\":\"SEY Raahe\",\"item\":\"https:\/\/sey.fi\/raahe\/\"},{\"@type\":\"ListItem\",\"position\":3,\"name\":\"Yhdistys\",\"item\":\"https:\/\/sey.fi\/raahe\/sey-raahe\/yhdistys\/\"},{\"@type\":\"ListItem\",\"position\":4,\"name\":\"Toimintakertomus 2024\"}]},{\"@type\":\"WebSite\",\"@id\":\"https:\/\/sey.fi\/raahe\/#website\",\"url\":\"https:\/\/sey.fi\/raahe\/\",\"name\":\"SEY Raahe\",\"description\":\"Uusi SEY J\u00e4senyhdistykset -sivusto\",\"potentialAction\":[{\"@type\":\"SearchAction\",\"target\":{\"@type\":\"EntryPoint\",\"urlTemplate\":\"https:\/\/sey.fi\/raahe\/?s={search_term_string}\"},\"query-input\":{\"@type\":\"PropertyValueSpecification\",\"valueRequired\":true,\"valueName\":\"search_term_string\"}}],\"inLanguage\":\"fi\"}]}<\/script>\n<!-- \/ Yoast SEO plugin. -->","yoast_head_json":{"title":"Toimintakertomus 2024 - SEY Raahe","robots":{"index":"index","follow":"follow","max-snippet":"max-snippet:-1","max-image-preview":"max-image-preview:large","max-video-preview":"max-video-preview:-1"},"canonical":"https:\/\/sey.fi\/raahe\/sey-raahe\/yhdistys\/toimintakertomus\/","og_locale":"fi_FI","og_type":"article","og_title":"Toimintakertomus 2024 - SEY Raahe","og_description":"Toimintakertomus 1.1.-31.12.2024 Yleist\u00e4 SEY Raahe ry (entinen Raahen seudun El\u00e4insuojeluyhdistys ry) on perustettu vuonna 2000. Sen toimialueeseen kuuluvat Raahen kaupungin lis\u00e4ksi Siikajoen ja Pyh\u00e4joen kunnat. El\u00e4insuojeluyhdistyksen perustavoitteeksi on kirjattu el\u00e4inten hyvinvoinnin edist\u00e4minen Raahen seutukunnan alueella. T\u00e4h\u00e4n pyrit\u00e4\u00e4n tiedottamalla, opastamalla ja jakamalla tietoa el\u00e4inten oikeasta, lain vaatimasta ja asianmukaisesta kohtelusta. Hallitus Vuosikokous pidettiin 28.5.2024 ja j\u00e4rjest\u00e4ytymiskokous [&hellip;]","og_url":"https:\/\/sey.fi\/raahe\/sey-raahe\/yhdistys\/toimintakertomus\/","og_site_name":"SEY Raahe","article_modified_time":"2025-05-25T17:10:15+00:00","twitter_card":"summary_large_image","twitter_misc":{"Arvioitu lukuaika":"3 minuuttia"},"schema":{"@context":"https:\/\/schema.org","@graph":[{"@type":"WebPage","@id":"https:\/\/sey.fi\/raahe\/sey-raahe\/yhdistys\/toimintakertomus\/","url":"https:\/\/sey.fi\/raahe\/sey-raahe\/yhdistys\/toimintakertomus\/","name":"Toimintakertomus 2024 - SEY Raahe","isPartOf":{"@id":"https:\/\/sey.fi\/raahe\/#website"},"datePublished":"2019-11-08T13:02:12+00:00","dateModified":"2025-05-25T17:10:15+00:00","breadcrumb":{"@id":"https:\/\/sey.fi\/raahe\/sey-raahe\/yhdistys\/toimintakertomus\/#breadcrumb"},"inLanguage":"fi","potentialAction":[{"@type":"ReadAction","target":["https:\/\/sey.fi\/raahe\/sey-raahe\/yhdistys\/toimintakertomus\/"]}]},{"@type":"BreadcrumbList","@id":"https:\/\/sey.fi\/raahe\/sey-raahe\/yhdistys\/toimintakertomus\/#breadcrumb","itemListElement":[{"@type":"ListItem","position":1,"name":"Home","item":"https:\/\/sey.fi\/raahe\/"},{"@type":"ListItem","position":2,"name":"SEY Raahe","item":"https:\/\/sey.fi\/raahe\/"},{"@type":"ListItem","position":3,"name":"Yhdistys","item":"https:\/\/sey.fi\/raahe\/sey-raahe\/yhdistys\/"},{"@type":"ListItem","position":4,"name":"Toimintakertomus 2024"}]},{"@type":"WebSite","@id":"https:\/\/sey.fi\/raahe\/#website","url":"https:\/\/sey.fi\/raahe\/","name":"SEY Raahe","description":"Uusi SEY J\u00e4senyhdistykset -sivusto","potentialAction":[{"@type":"SearchAction","target":{"@type":"EntryPoint","urlTemplate":"https:\/\/sey.fi\/raahe\/?s={search_term_string}"},"query-input":{"@type":"PropertyValueSpecification","valueRequired":true,"valueName":"search_term_string"}}],"inLanguage":"fi"}]}},"_links":{"self":[{"href":"https:\/\/sey.fi\/raahe\/wp-json\/wp\/v2\/pages\/23","targetHints":{"allow":["GET"]}}],"collection":[{"href":"https:\/\/sey.fi\/raahe\/wp-json\/wp\/v2\/pages"}],"about":[{"href":"https:\/\/sey.fi\/raahe\/wp-json\/wp\/v2\/types\/page"}],"author":[{"embeddable":true,"href":"https:\/\/sey.fi\/raahe\/wp-json\/wp\/v2\/users\/8"}],"replies":[{"embeddable":true,"href":"https:\/\/sey.fi\/raahe\/wp-json\/wp\/v2\/comments?post=23"}],"version-history":[{"count":6,"href":"https:\/\/sey.fi\/raahe\/wp-json\/wp\/v2\/pages\/23\/revisions"}],"predecessor-version":[{"id":212,"href":"https:\/\/sey.fi\/raahe\/wp-json\/wp\/v2\/pages\/23\/revisions\/212"}],"up":[{"embeddable":true,"href":"https:\/\/sey.fi\/raahe\/wp-json\/wp\/v2\/pages\/15"}],"wp:attachment":[{"href":"https:\/\/sey.fi\/raahe\/wp-json\/wp\/v2\/media?parent=23"}],"curies":[{"name":"wp","href":"https:\/\/api.w.org\/{rel}","templated":true}]}}