{"id":25,"date":"2019-11-08T15:02:33","date_gmt":"2019-11-08T13:02:33","guid":{"rendered":"http:\/\/srvr10.xetpoint.com\/~seyfi\/raahe\/?page_id=25"},"modified":"2023-09-20T16:16:28","modified_gmt":"2023-09-20T13:16:28","slug":"yhdistyksen-saannot","status":"publish","type":"page","link":"https:\/\/sey.fi\/raahe\/sey-raahe\/yhdistys\/yhdistyksen-saannot\/","title":{"rendered":"Yhdistyksen s\u00e4\u00e4nn\u00f6t"},"content":{"rendered":"\n<p><strong>YHDISTYSS\u00c4\u00c4NN\u00d6T<br><\/strong>SEY Raahe ry<\/p>\n\n\n\n<p>P\u00e4ivitetty 28.05.2023<\/p>\n\n\n\n<p><strong>1. Yhdistyksen nimi ja kotipaikka<\/strong><\/p>\n\n\n\n<p>Yhdistyksen nimi on SEY Raahe ry ja sen kotipaikka on Raahe. Yhdistyksen toiminta-alue k\u00e4sitt\u00e4\u00e4 Raahen ymp\u00e4rist\u00f6kuntineen (Siikajoki, Vihanti, Pyh\u00e4joki). Yhdistys on SEY Suomen El\u00e4insuojelun j\u00e4senyhdistys.<\/p>\n\n\n\n<p><strong>2. Tarkoitus ja toiminnan laatu<\/strong><\/p>\n\n\n\n<p>Yhdistyksen tarkoituksena on edist\u00e4\u00e4 el\u00e4insuojelua ja suojella el\u00e4imi\u00e4 parhaalla mahdollisella tavalla k\u00e4rsimykselt\u00e4, kivulta ja tuskalta sek\u00e4 edist\u00e4\u00e4 el\u00e4inten hyvinvointia ja kohtelua.<strong><br><br>Tarkoituksensa toteuttamiseksi yhdistys<\/strong><\/p>\n\n\n\n<ul class=\"wp-block-list\">\n<li>pyrkii vaikuttamaan el\u00e4insuojelus\u00e4\u00e4d\u00e4nt\u00f6\u00f6n sek\u00e4 viranomaisten p\u00e4\u00e4t\u00f6ksiin ja toimintaan antamalla lausuntoja, ehdotuksia ja kannanottoja, jotka edist\u00e4v\u00e4t el\u00e4inten hyv\u00e4\u00e4 kohtelua<\/li>\n\n\n\n<li>neuvoo ja opastaa el\u00e4intenomistajia toimimaan tavalla, joka edist\u00e4\u00e4 el\u00e4inten hyvinvointia<\/li>\n\n\n\n<li>harjoittaa julkaisu-, valistus- ja koulutustoimintaa<\/li>\n\n\n\n<li>j\u00e4rjest\u00e4\u00e4 esitelm\u00e4tilaisuuksia, kokouksia, el\u00e4insuojelup\u00e4ivi\u00e4 ja muita tilaisuuksia<\/li>\n\n\n\n<li>toimii muillakin vastaavilla tavoilla, jotta el\u00e4inten hyv\u00e4 kohtelu ja rakkaus el\u00e4imiin lis\u00e4\u00e4ntyisiv\u00e4t<\/li>\n\n\n\n<li>yll\u00e4pit\u00e4\u00e4 rekister\u00f6im\u00e4tt\u00f6mi\u00e4 alajaostoja<\/li>\n<\/ul>\n\n\n\n<p><strong>Toimintansa tukemiseksi yhdistys voi<\/strong><\/p>\n\n\n\n<ul class=\"wp-block-list\">\n<li>ottaa vastaan lahjoituksia ja testamentteja sek\u00e4 hankkia ja omistaa toimintaansa varten tarpeellista kiinte\u00e4\u00e4 ja irtainta omaisuutta<\/li>\n\n\n\n<li>j\u00e4rjest\u00e4\u00e4 myyj\u00e4isi\u00e4, arpajaisia ja varainker\u00e4yksi\u00e4<\/li>\n\n\n\n<li>ostaa ja v\u00e4litt\u00e4\u00e4 j\u00e4senilleen el\u00e4inhoito- ja suojeluv\u00e4lineit\u00e4 sek\u00e4 myyd\u00e4 merkkej\u00e4, kortteja ja adresseja sek\u00e4 harjoittaa kioskitoimintaa<\/li>\n<\/ul>\n\n\n\n<p>Tarvittaessa yhdistys hankkii toimintaansa varten asianmukaisen luvan.<\/p>\n\n\n\n<p><strong>3. J\u00e4senet<\/strong><\/p>\n\n\n\n<p>Yhdistyksen j\u00e4seneksi voidaan hyv\u00e4ksy\u00e4 henkil\u00f6, joka hyv\u00e4ksyy yhdistyksen tarkoituksen. Kannattavaksi j\u00e4seneksi voidaan hyv\u00e4ksy\u00e4 yksityinen henkil\u00f6 tai oikeuskelpoinen yhteis\u00f6, joka haluaa tukea yhdistyksen tarkoitusta ja toimintaa. J\u00e4sentyypit ilmenev\u00e4t SEY:n j\u00e4seneksi hyv\u00e4ksymist\u00e4 j\u00e4sentyypeist\u00e4. SEY Raahe ry:n j\u00e4senet hyv\u00e4ksyy hakemuksesta yhdistyksen hallitus.<\/p>\n\n\n\n<p>Kunniapuheenjohtajaksi tai kunniaj\u00e4seneksi voidaan hallituksen esityksest\u00e4 yhdistyksen kokouksessa kutsua henkil\u00f6, joka on huomattavasti edist\u00e4nyt ja tukenut yhdistyksen toimintaa.<\/p>\n\n\n\n<p><strong>4. J\u00e4senen eroaminen ja erottaminen<\/strong><\/p>\n\n\n\n<p>J\u00e4senell\u00e4 on oikeus erota yhdistyksest\u00e4 ilmoittamalla siit\u00e4 kirjallisesti hallitukselle tai sen puheenjohtajalle taikka ilmoittamalla erosta yhdistyksen kokouksessa merkitt\u00e4v\u00e4ksi p\u00f6yt\u00e4kirjaan. Hallitus voi erottaa j\u00e4senen yhdistyksest\u00e4, jos j\u00e4sen on j\u00e4tt\u00e4nyt er\u00e4\u00e4ntyneen j\u00e4senmaksunsa maksamatta tai muuten j\u00e4tt\u00e4nyt t\u00e4ytt\u00e4m\u00e4tt\u00e4 ne velvoitukset, joihin h\u00e4n on yhdistykseen liittym\u00e4ll\u00e4 sitoutunut tai on menettelyll\u00e4\u00e4n yhdistyksess\u00e4 tai sen ulkopuolella huomattavasti vahingoittanut yhdistyst\u00e4 tai ei en\u00e4\u00e4 t\u00e4yt\u00e4 laissa taikka yhdistyksen s\u00e4\u00e4nn\u00f6iss\u00e4 mainittuja j\u00e4senyyden ehtoja.<\/p>\n\n\n\n<p><strong>5. Liittymis- ja j\u00e4senmaksu<\/strong><\/p>\n\n\n\n<p>Varsinaisilta ja kannattavilta j\u00e4senilt\u00e4 peritt\u00e4v\u00e4n liittymismaksun ja vuotuisen j\u00e4senmaksun suuruudesta erikseen kummallekkin j\u00e4senryhm\u00e4lle p\u00e4\u00e4tt\u00e4\u00e4 vuosikokous. Kunniapuheenjohtaja ja kunniaj\u00e4senet eiv\u00e4t suorita j\u00e4senmaksuja.<\/p>\n\n\n\n<p><strong>6. Hallitus<\/strong><\/p>\n\n\n\n<p>Yhdistyksen asioita hoitaa hallitus, johon kuuluu vuosikokouksessa valitut puheenjohtaja ja 3-5 varsinaista j\u00e4sent\u00e4 sek\u00e4 1-4 varaj\u00e4sent\u00e4.<\/p>\n\n\n\n<p>Hallituksen toimikausi on vuosikokousten v\u00e4linen aika. Hallitus valitsee keskuudestaan varapuheenjohtajan sek\u00e4 ottaa keskuudestaan tai ulkopuoleltaan sihteerin, rahastonhoitajan ja muut tarvittavat toimihenkil\u00f6t.<\/p>\n\n\n\n<p>Hallitus kokoontuu puheenjohtajan tai h\u00e4nen estyneen\u00e4 ollessaan varapuheenjohtajan kutsusta, kun he katsovat siihen olevan aihetta tai kun v\u00e4hint\u00e4\u00e4n puolet hallituksen j\u00e4senist\u00e4 sit\u00e4 vaatii. Hallitus on p\u00e4\u00e4t\u00f6svaltainen, kun puolet sen j\u00e4senist\u00e4 ja lis\u00e4ksi puheenjohtaja tai varapuheenjohtaja on l\u00e4sn\u00e4. \u00c4\u00e4nestykset ratkaistaan ehdottomalla enemmist\u00f6ll\u00e4. \u00c4\u00e4nten menness\u00e4 tasan ratkaisee puheenjohtajan \u00e4\u00e4ni, vaaleissa kuitenkin arpa.<\/p>\n\n\n\n<p><strong>7. Yhdistyksen nimen kirjoittaminen<\/strong><\/p>\n\n\n\n<p>Yhdistyksen nimen kirjoittaa hallituksen puheenjohtaja, varapuheenjohtaja, sihteeri tai rahastonhoitaja, kaksi yhdess\u00e4.<\/p>\n\n\n\n<p><strong>8. Tilikausi ja toiminnantarkastus<\/strong><\/p>\n\n\n\n<p>Yhdistyksen tilikausi on kalenterivuosi. Tilinp\u00e4\u00e4t\u00f6s tarvittavine asiakirjoineen ja hallituksen vuosikertomus on annettava toiminnantarkastajalle viimeist\u00e4\u00e4n kolme viikkoa ennen vuosikokousta. Toiminnantarkastajan tulee antaa kirjallinen lausuntonsa viimeist\u00e4\u00e4n kaksi viikkoa ennen vuosikokousta hallitukselle.<\/p>\n\n\n\n<p><strong>9. Yhdistyksen kokoukset<\/strong><\/p>\n\n\n\n<p>Yhdistyksen vuosikokous pidet\u00e4\u00e4n vuosittain hallituksen m\u00e4\u00e4r\u00e4\u00e4m\u00e4n\u00e4 p\u00e4iv\u00e4n\u00e4 tammi-toukokuussa. Ylim\u00e4\u00e4r\u00e4inen kokous pidet\u00e4\u00e4n, kun yhdistyksen kokous niin p\u00e4\u00e4tt\u00e4\u00e4 tai kun hallitus katsoo siihen olevan aihetta tai kun v\u00e4hint\u00e4\u00e4n kymmenesosa (1\/10) yhdistyksen \u00e4\u00e4nioikeutetuista j\u00e4senist\u00e4 sit\u00e4 hallitukselta erityisesti ilmoitettua asiaa varten kirjallisesti vaatii. Kokous on pidett\u00e4v\u00e4 kolmenkymmenen vuorokauden kuluessa siit\u00e4, kun vaatimus sen pit\u00e4misest\u00e4 on esitetty hallitukselle.<\/p>\n\n\n\n<p>Yhdistyksen kokouksissa on jokaisella varsinaisella j\u00e4senell\u00e4, kunniapuheenjohtajalla ja kunniaj\u00e4senell\u00e4 yksi \u00e4\u00e4ni. Kannattavalla j\u00e4senell\u00e4 on kokouksessa l\u00e4sn\u00e4olo- ja puheoikeus. Yhdistyksen kokouksen p\u00e4\u00e4t\u00f6kseksi tulee, ellei s\u00e4\u00e4nn\u00f6iss\u00e4 ole toisin m\u00e4\u00e4r\u00e4tty, se mielipide, jota on kannattanut yli puolet annetuista \u00e4\u00e4nist\u00e4. \u00c4\u00e4nten menness\u00e4 tasan ratkaisee kokouksen puheenjohtajan \u00e4\u00e4ni, vaaleissa kuitenkin arpa.<\/p>\n\n\n\n<p><strong>10. Yhdistyksen kokousten koollekutsuminen<\/strong><\/p>\n\n\n\n<p>Hallituksen on kutsuttava yhdistyksen kokoukset koolle v\u00e4hint\u00e4\u00e4n seitsem\u00e4n vuorokautta ennen kokousta j\u00e4senille s\u00e4hk\u00f6isesti, sosiaalisessa mediassa tai yhdistyksen kotipaikkakunnalla ilmestyv\u00e4ss\u00e4 sanomalehdess\u00e4.<\/p>\n\n\n\n<p><strong>11. Vuosikokous<\/strong><\/p>\n\n\n\n<p>Yhdistyksen vuosikokouksessa k\u00e4sitell\u00e4\u00e4n seuraavat asiat:<\/p>\n\n\n\n<ol class=\"wp-block-list\">\n<li>kokouksen avaus<\/li>\n\n\n\n<li>valitaan kokouksen puheenjohtaja, sihteeri, kaksi p\u00f6yt\u00e4kirjantarkastajaa ja tarvittaessa kaksi \u00e4\u00e4ntenlaskijaa<\/li>\n\n\n\n<li>todetaan kokouksen laillisuus ja p\u00e4\u00e4t\u00f6svaltaisuus<\/li>\n\n\n\n<li>hyv\u00e4ksyt\u00e4\u00e4n kokouksen esityslista<\/li>\n\n\n\n<li>esitet\u00e4\u00e4n tilinp\u00e4\u00e4t\u00f6s, vuosikertomus ja toiminnantarkastajan lausunto<\/li>\n\n\n\n<li>p\u00e4\u00e4tet\u00e4\u00e4n tilinp\u00e4\u00e4t\u00f6ksen vahvistamisesta ja vastuuvapauden my\u00f6nt\u00e4misest\u00e4 hallitukselle ja muille vastuuvelvollisille<\/li>\n\n\n\n<li>vahvistetaan toimintasuunnitelma, tulo- ja menoarvio sek\u00e4 liittymis- ja j\u00e4senmaksujen suuruudet<\/li>\n\n\n\n<li>valitaan hallituksen puheenjohtaja ja muut j\u00e4senet<\/li>\n\n\n\n<li>valitaan yksi toiminnantarkastaja ja yksi varatoiminnantarkastaja<\/li>\n\n\n\n<li>k\u00e4sitell\u00e4\u00e4n muut kokouskutsussa mainitut asiat<\/li>\n<\/ol>\n\n\n\n<p>Mik\u00e4li yhdistyksen j\u00e4sen haluaa saada jonkin asian yhdistyksen vuosikokouksessa k\u00e4sitelt\u00e4v\u00e4ksi, on h\u00e4nen ilmoitettava siit\u00e4 kirjallisesti hallitukselle niin hyviss\u00e4 ajoin, ett\u00e4 asia voidaan sis\u00e4llytt\u00e4\u00e4 kokouskutsuun.<\/p>\n\n\n\n<p><strong>12. S\u00e4\u00e4nt\u00f6jen muuttaminen ja yhdistyksen purkaminen<\/strong><\/p>\n\n\n\n<p>P\u00e4\u00e4t\u00f6s s\u00e4\u00e4nt\u00f6jen muuttamisesta ja yhdistyksen purkamisesta on teht\u00e4v\u00e4 yhdistyksen kokouksessa v\u00e4hint\u00e4\u00e4n kolmen nelj\u00e4sosan (\u00be) enemmist\u00f6ll\u00e4 annetuista \u00e4\u00e4nist\u00e4. Kokouskutsussa on mainittava s\u00e4\u00e4nt\u00f6jen muuttamisesta tai yhdistyksen purkamisesta.<\/p>\n\n\n\n<p>Yhdistyksen purkautuessa k\u00e4ytet\u00e4\u00e4n yhdistyksen varat tarkoituksen edist\u00e4miseen purkamisesta p\u00e4\u00e4tt\u00e4v\u00e4n kokouksen m\u00e4\u00e4r\u00e4\u00e4m\u00e4ll\u00e4 tavalla. Yhdistyksen tullessa lakkautetuksi k\u00e4ytet\u00e4\u00e4n sen varat samaan tarkoitukseen.<\/p>\n","protected":false},"excerpt":{"rendered":"<p>YHDISTYSS\u00c4\u00c4NN\u00d6TSEY Raahe ry P\u00e4ivitetty 28.05.2023 1. Yhdistyksen nimi ja kotipaikka Yhdistyksen nimi on SEY Raahe ry ja sen kotipaikka on Raahe. Yhdistyksen toiminta-alue k\u00e4sitt\u00e4\u00e4 Raahen ymp\u00e4rist\u00f6kuntineen (Siikajoki, Vihanti, Pyh\u00e4joki). Yhdistys on SEY Suomen El\u00e4insuojelun j\u00e4senyhdistys. 2. Tarkoitus ja toiminnan laatu Yhdistyksen tarkoituksena on edist\u00e4\u00e4 el\u00e4insuojelua ja suojella el\u00e4imi\u00e4 parhaalla mahdollisella tavalla k\u00e4rsimykselt\u00e4, kivulta ja tuskalta [&hellip;]<\/p>\n","protected":false},"author":8,"featured_media":0,"parent":15,"menu_order":0,"comment_status":"closed","ping_status":"closed","template":"","meta":{"_acf_changed":false,"footnotes":""},"class_list":["post-25","page","type-page","status-publish","hentry"],"acf":[],"yoast_head":"<!-- This site is optimized with the Yoast SEO plugin v27.1.1 - https:\/\/yoast.com\/product\/yoast-seo-wordpress\/ -->\n<title>Yhdistyksen s\u00e4\u00e4nn\u00f6t - SEY Raahe<\/title>\n<meta name=\"robots\" content=\"index, follow, max-snippet:-1, max-image-preview:large, max-video-preview:-1\" \/>\n<link rel=\"canonical\" href=\"https:\/\/sey.fi\/raahe\/sey-raahe\/yhdistys\/yhdistyksen-saannot\/\" \/>\n<meta property=\"og:locale\" content=\"fi_FI\" \/>\n<meta property=\"og:type\" content=\"article\" \/>\n<meta property=\"og:title\" content=\"Yhdistyksen s\u00e4\u00e4nn\u00f6t - SEY Raahe\" \/>\n<meta property=\"og:description\" content=\"YHDISTYSS\u00c4\u00c4NN\u00d6TSEY Raahe ry P\u00e4ivitetty 28.05.2023 1. Yhdistyksen nimi ja kotipaikka Yhdistyksen nimi on SEY Raahe ry ja sen kotipaikka on Raahe. Yhdistyksen toiminta-alue k\u00e4sitt\u00e4\u00e4 Raahen ymp\u00e4rist\u00f6kuntineen (Siikajoki, Vihanti, Pyh\u00e4joki). Yhdistys on SEY Suomen El\u00e4insuojelun j\u00e4senyhdistys. 2. Tarkoitus ja toiminnan laatu Yhdistyksen tarkoituksena on edist\u00e4\u00e4 el\u00e4insuojelua ja suojella el\u00e4imi\u00e4 parhaalla mahdollisella tavalla k\u00e4rsimykselt\u00e4, kivulta ja tuskalta [&hellip;]\" \/>\n<meta property=\"og:url\" content=\"https:\/\/sey.fi\/raahe\/sey-raahe\/yhdistys\/yhdistyksen-saannot\/\" \/>\n<meta property=\"og:site_name\" content=\"SEY Raahe\" \/>\n<meta property=\"article:modified_time\" content=\"2023-09-20T13:16:28+00:00\" \/>\n<meta name=\"twitter:card\" content=\"summary_large_image\" \/>\n<meta name=\"twitter:label1\" content=\"Arvioitu lukuaika\" \/>\n\t<meta name=\"twitter:data1\" content=\"5 minuuttia\" \/>\n<script type=\"application\/ld+json\" class=\"yoast-schema-graph\">{\"@context\":\"https:\/\/schema.org\",\"@graph\":[{\"@type\":\"WebPage\",\"@id\":\"https:\/\/sey.fi\/raahe\/sey-raahe\/yhdistys\/yhdistyksen-saannot\/\",\"url\":\"https:\/\/sey.fi\/raahe\/sey-raahe\/yhdistys\/yhdistyksen-saannot\/\",\"name\":\"Yhdistyksen s\u00e4\u00e4nn\u00f6t - SEY Raahe\",\"isPartOf\":{\"@id\":\"https:\/\/sey.fi\/raahe\/#website\"},\"datePublished\":\"2019-11-08T13:02:33+00:00\",\"dateModified\":\"2023-09-20T13:16:28+00:00\",\"breadcrumb\":{\"@id\":\"https:\/\/sey.fi\/raahe\/sey-raahe\/yhdistys\/yhdistyksen-saannot\/#breadcrumb\"},\"inLanguage\":\"fi\",\"potentialAction\":[{\"@type\":\"ReadAction\",\"target\":[\"https:\/\/sey.fi\/raahe\/sey-raahe\/yhdistys\/yhdistyksen-saannot\/\"]}]},{\"@type\":\"BreadcrumbList\",\"@id\":\"https:\/\/sey.fi\/raahe\/sey-raahe\/yhdistys\/yhdistyksen-saannot\/#breadcrumb\",\"itemListElement\":[{\"@type\":\"ListItem\",\"position\":1,\"name\":\"Home\",\"item\":\"https:\/\/sey.fi\/raahe\/\"},{\"@type\":\"ListItem\",\"position\":2,\"name\":\"SEY Raahe\",\"item\":\"https:\/\/sey.fi\/raahe\/\"},{\"@type\":\"ListItem\",\"position\":3,\"name\":\"Yhdistys\",\"item\":\"https:\/\/sey.fi\/raahe\/sey-raahe\/yhdistys\/\"},{\"@type\":\"ListItem\",\"position\":4,\"name\":\"Yhdistyksen s\u00e4\u00e4nn\u00f6t\"}]},{\"@type\":\"WebSite\",\"@id\":\"https:\/\/sey.fi\/raahe\/#website\",\"url\":\"https:\/\/sey.fi\/raahe\/\",\"name\":\"SEY Raahe\",\"description\":\"Uusi SEY J\u00e4senyhdistykset -sivusto\",\"potentialAction\":[{\"@type\":\"SearchAction\",\"target\":{\"@type\":\"EntryPoint\",\"urlTemplate\":\"https:\/\/sey.fi\/raahe\/?s={search_term_string}\"},\"query-input\":{\"@type\":\"PropertyValueSpecification\",\"valueRequired\":true,\"valueName\":\"search_term_string\"}}],\"inLanguage\":\"fi\"}]}<\/script>\n<!-- \/ Yoast SEO plugin. -->","yoast_head_json":{"title":"Yhdistyksen s\u00e4\u00e4nn\u00f6t - SEY Raahe","robots":{"index":"index","follow":"follow","max-snippet":"max-snippet:-1","max-image-preview":"max-image-preview:large","max-video-preview":"max-video-preview:-1"},"canonical":"https:\/\/sey.fi\/raahe\/sey-raahe\/yhdistys\/yhdistyksen-saannot\/","og_locale":"fi_FI","og_type":"article","og_title":"Yhdistyksen s\u00e4\u00e4nn\u00f6t - SEY Raahe","og_description":"YHDISTYSS\u00c4\u00c4NN\u00d6TSEY Raahe ry P\u00e4ivitetty 28.05.2023 1. Yhdistyksen nimi ja kotipaikka Yhdistyksen nimi on SEY Raahe ry ja sen kotipaikka on Raahe. Yhdistyksen toiminta-alue k\u00e4sitt\u00e4\u00e4 Raahen ymp\u00e4rist\u00f6kuntineen (Siikajoki, Vihanti, Pyh\u00e4joki). Yhdistys on SEY Suomen El\u00e4insuojelun j\u00e4senyhdistys. 2. Tarkoitus ja toiminnan laatu Yhdistyksen tarkoituksena on edist\u00e4\u00e4 el\u00e4insuojelua ja suojella el\u00e4imi\u00e4 parhaalla mahdollisella tavalla k\u00e4rsimykselt\u00e4, kivulta ja tuskalta [&hellip;]","og_url":"https:\/\/sey.fi\/raahe\/sey-raahe\/yhdistys\/yhdistyksen-saannot\/","og_site_name":"SEY Raahe","article_modified_time":"2023-09-20T13:16:28+00:00","twitter_card":"summary_large_image","twitter_misc":{"Arvioitu lukuaika":"5 minuuttia"},"schema":{"@context":"https:\/\/schema.org","@graph":[{"@type":"WebPage","@id":"https:\/\/sey.fi\/raahe\/sey-raahe\/yhdistys\/yhdistyksen-saannot\/","url":"https:\/\/sey.fi\/raahe\/sey-raahe\/yhdistys\/yhdistyksen-saannot\/","name":"Yhdistyksen s\u00e4\u00e4nn\u00f6t - SEY Raahe","isPartOf":{"@id":"https:\/\/sey.fi\/raahe\/#website"},"datePublished":"2019-11-08T13:02:33+00:00","dateModified":"2023-09-20T13:16:28+00:00","breadcrumb":{"@id":"https:\/\/sey.fi\/raahe\/sey-raahe\/yhdistys\/yhdistyksen-saannot\/#breadcrumb"},"inLanguage":"fi","potentialAction":[{"@type":"ReadAction","target":["https:\/\/sey.fi\/raahe\/sey-raahe\/yhdistys\/yhdistyksen-saannot\/"]}]},{"@type":"BreadcrumbList","@id":"https:\/\/sey.fi\/raahe\/sey-raahe\/yhdistys\/yhdistyksen-saannot\/#breadcrumb","itemListElement":[{"@type":"ListItem","position":1,"name":"Home","item":"https:\/\/sey.fi\/raahe\/"},{"@type":"ListItem","position":2,"name":"SEY Raahe","item":"https:\/\/sey.fi\/raahe\/"},{"@type":"ListItem","position":3,"name":"Yhdistys","item":"https:\/\/sey.fi\/raahe\/sey-raahe\/yhdistys\/"},{"@type":"ListItem","position":4,"name":"Yhdistyksen s\u00e4\u00e4nn\u00f6t"}]},{"@type":"WebSite","@id":"https:\/\/sey.fi\/raahe\/#website","url":"https:\/\/sey.fi\/raahe\/","name":"SEY Raahe","description":"Uusi SEY J\u00e4senyhdistykset -sivusto","potentialAction":[{"@type":"SearchAction","target":{"@type":"EntryPoint","urlTemplate":"https:\/\/sey.fi\/raahe\/?s={search_term_string}"},"query-input":{"@type":"PropertyValueSpecification","valueRequired":true,"valueName":"search_term_string"}}],"inLanguage":"fi"}]}},"_links":{"self":[{"href":"https:\/\/sey.fi\/raahe\/wp-json\/wp\/v2\/pages\/25","targetHints":{"allow":["GET"]}}],"collection":[{"href":"https:\/\/sey.fi\/raahe\/wp-json\/wp\/v2\/pages"}],"about":[{"href":"https:\/\/sey.fi\/raahe\/wp-json\/wp\/v2\/types\/page"}],"author":[{"embeddable":true,"href":"https:\/\/sey.fi\/raahe\/wp-json\/wp\/v2\/users\/8"}],"replies":[{"embeddable":true,"href":"https:\/\/sey.fi\/raahe\/wp-json\/wp\/v2\/comments?post=25"}],"version-history":[{"count":2,"href":"https:\/\/sey.fi\/raahe\/wp-json\/wp\/v2\/pages\/25\/revisions"}],"predecessor-version":[{"id":188,"href":"https:\/\/sey.fi\/raahe\/wp-json\/wp\/v2\/pages\/25\/revisions\/188"}],"up":[{"embeddable":true,"href":"https:\/\/sey.fi\/raahe\/wp-json\/wp\/v2\/pages\/15"}],"wp:attachment":[{"href":"https:\/\/sey.fi\/raahe\/wp-json\/wp\/v2\/media?parent=25"}],"curies":[{"name":"wp","href":"https:\/\/api.w.org\/{rel}","templated":true}]}}