{"id":27,"date":"2019-11-08T15:03:00","date_gmt":"2019-11-08T13:03:00","guid":{"rendered":"http:\/\/srvr10.xetpoint.com\/~seyfi\/raahe\/?page_id=27"},"modified":"2019-11-08T15:10:45","modified_gmt":"2019-11-08T13:10:45","slug":"tue-toimintaa","status":"publish","type":"page","link":"https:\/\/sey.fi\/raahe\/sey-raahe\/tue-toimintaa\/","title":{"rendered":"Tue toimintaa"},"content":{"rendered":"\n<h2 class=\"wp-block-heading\">Auta el\u00e4imi\u00e4 ja tue toimintaamme<\/h2>\n\n\n\n<p>SEY Raahe ry:n toiminnan periaatteet ovat el\u00e4inyksil\u00f6n kunnioittaminen, el\u00e4inten hyv\u00e4n kohtelun ja hyvinvoinnin edist\u00e4minen sek\u00e4 el\u00e4inten suojeleminen parhaalla mahdollisella tavalla kivulta, tuskalta, k\u00e4rsimykselt\u00e4, pelolta ja haitalta.<\/p>\n\n\n\n<p>SEY Raahe ry toimii l\u00e4hes pelk\u00e4st\u00e4\u00e4n lahjoitusten varassa, joten pienikin apu on hyv\u00e4n alku.<\/p>\n\n\n\n<p>Tuemme s\u00e4\u00e4nn\u00f6llisesti my\u00f6s Raahen l\u00f6yt\u00f6el\u00e4inkodin toimintaa mm. avustamalla el\u00e4inl\u00e4\u00e4k\u00e4rikuluissa.<\/p>\n\n\n\n<p>Voit tukea meit\u00e4 ostamalla myynniss\u00e4 olevia tuotteita PH-kirppikselt\u00e4 tai lahjoittamalla tavaraa myyntiin. Lue lis\u00e4\u00e4 sivulta\u00a0<a href=\"https:\/\/sey.fi\/raahe\/esimerkkisivu\/myytavat-tuotteet\/\">Myyt\u00e4v\u00e4t tuotteet<\/a>.<\/p>\n\n\n\n<h2 class=\"wp-block-heading\">Liity j\u00e4seneksi<\/h2>\n\n\n\n<p>Voit tukea toimintaamme liittym\u00e4ll\u00e4 SEY Raahe ry:n j\u00e4seneksi. Katso lis\u00e4tietoja ja j\u00e4senhinnat sivulta&nbsp;<a href=\"https:\/\/sey.fi\/raahe\/esimerkkisivu\/tue-toimintaa\/tule-mukaan-toimintaan\/\">Tule mukaan toimintaan<\/a>.<\/p>\n","protected":false},"excerpt":{"rendered":"<p>Auta el\u00e4imi\u00e4 ja tue toimintaamme SEY Raahe ry:n toiminnan periaatteet ovat el\u00e4inyksil\u00f6n kunnioittaminen, el\u00e4inten hyv\u00e4n kohtelun ja hyvinvoinnin edist\u00e4minen sek\u00e4 el\u00e4inten suojeleminen parhaalla mahdollisella tavalla kivulta, tuskalta, k\u00e4rsimykselt\u00e4, pelolta ja haitalta. SEY Raahe ry toimii l\u00e4hes pelk\u00e4st\u00e4\u00e4n lahjoitusten varassa, joten pienikin apu on hyv\u00e4n alku. Tuemme s\u00e4\u00e4nn\u00f6llisesti my\u00f6s Raahen l\u00f6yt\u00f6el\u00e4inkodin toimintaa mm. avustamalla el\u00e4inl\u00e4\u00e4k\u00e4rikuluissa. Voit [&hellip;]<\/p>\n","protected":false},"author":8,"featured_media":0,"parent":2,"menu_order":0,"comment_status":"closed","ping_status":"closed","template":"","meta":{"_acf_changed":false,"footnotes":""},"class_list":["post-27","page","type-page","status-publish","hentry"],"acf":[],"yoast_head":"<!-- This site is optimized with the Yoast SEO plugin v27.1.1 - https:\/\/yoast.com\/product\/yoast-seo-wordpress\/ -->\n<title>Tue toimintaa - SEY Raahe<\/title>\n<meta name=\"robots\" content=\"index, follow, max-snippet:-1, max-image-preview:large, max-video-preview:-1\" \/>\n<link rel=\"canonical\" href=\"https:\/\/sey.fi\/raahe\/sey-raahe\/tue-toimintaa\/\" \/>\n<meta property=\"og:locale\" content=\"fi_FI\" \/>\n<meta property=\"og:type\" content=\"article\" \/>\n<meta property=\"og:title\" content=\"Tue toimintaa - SEY Raahe\" \/>\n<meta property=\"og:description\" content=\"Auta el\u00e4imi\u00e4 ja tue toimintaamme SEY Raahe ry:n toiminnan periaatteet ovat el\u00e4inyksil\u00f6n kunnioittaminen, el\u00e4inten hyv\u00e4n kohtelun ja hyvinvoinnin edist\u00e4minen sek\u00e4 el\u00e4inten suojeleminen parhaalla mahdollisella tavalla kivulta, tuskalta, k\u00e4rsimykselt\u00e4, pelolta ja haitalta. SEY Raahe ry toimii l\u00e4hes pelk\u00e4st\u00e4\u00e4n lahjoitusten varassa, joten pienikin apu on hyv\u00e4n alku. Tuemme s\u00e4\u00e4nn\u00f6llisesti my\u00f6s Raahen l\u00f6yt\u00f6el\u00e4inkodin toimintaa mm. avustamalla el\u00e4inl\u00e4\u00e4k\u00e4rikuluissa. Voit [&hellip;]\" \/>\n<meta property=\"og:url\" content=\"https:\/\/sey.fi\/raahe\/sey-raahe\/tue-toimintaa\/\" \/>\n<meta property=\"og:site_name\" content=\"SEY Raahe\" \/>\n<meta property=\"article:modified_time\" content=\"2019-11-08T13:10:45+00:00\" \/>\n<meta name=\"twitter:card\" content=\"summary_large_image\" \/>\n<meta name=\"twitter:label1\" content=\"Arvioitu lukuaika\" \/>\n\t<meta name=\"twitter:data1\" content=\"1 minuutti\" \/>\n<script type=\"application\/ld+json\" class=\"yoast-schema-graph\">{\"@context\":\"https:\/\/schema.org\",\"@graph\":[{\"@type\":\"WebPage\",\"@id\":\"https:\/\/sey.fi\/raahe\/sey-raahe\/tue-toimintaa\/\",\"url\":\"https:\/\/sey.fi\/raahe\/sey-raahe\/tue-toimintaa\/\",\"name\":\"Tue toimintaa - SEY Raahe\",\"isPartOf\":{\"@id\":\"https:\/\/sey.fi\/raahe\/#website\"},\"datePublished\":\"2019-11-08T13:03:00+00:00\",\"dateModified\":\"2019-11-08T13:10:45+00:00\",\"breadcrumb\":{\"@id\":\"https:\/\/sey.fi\/raahe\/sey-raahe\/tue-toimintaa\/#breadcrumb\"},\"inLanguage\":\"fi\",\"potentialAction\":[{\"@type\":\"ReadAction\",\"target\":[\"https:\/\/sey.fi\/raahe\/sey-raahe\/tue-toimintaa\/\"]}]},{\"@type\":\"BreadcrumbList\",\"@id\":\"https:\/\/sey.fi\/raahe\/sey-raahe\/tue-toimintaa\/#breadcrumb\",\"itemListElement\":[{\"@type\":\"ListItem\",\"position\":1,\"name\":\"Home\",\"item\":\"https:\/\/sey.fi\/raahe\/\"},{\"@type\":\"ListItem\",\"position\":2,\"name\":\"SEY Raahe\",\"item\":\"https:\/\/sey.fi\/raahe\/\"},{\"@type\":\"ListItem\",\"position\":3,\"name\":\"Tue toimintaa\"}]},{\"@type\":\"WebSite\",\"@id\":\"https:\/\/sey.fi\/raahe\/#website\",\"url\":\"https:\/\/sey.fi\/raahe\/\",\"name\":\"SEY Raahe\",\"description\":\"Uusi SEY J\u00e4senyhdistykset -sivusto\",\"potentialAction\":[{\"@type\":\"SearchAction\",\"target\":{\"@type\":\"EntryPoint\",\"urlTemplate\":\"https:\/\/sey.fi\/raahe\/?s={search_term_string}\"},\"query-input\":{\"@type\":\"PropertyValueSpecification\",\"valueRequired\":true,\"valueName\":\"search_term_string\"}}],\"inLanguage\":\"fi\"}]}<\/script>\n<!-- \/ Yoast SEO plugin. -->","yoast_head_json":{"title":"Tue toimintaa - SEY Raahe","robots":{"index":"index","follow":"follow","max-snippet":"max-snippet:-1","max-image-preview":"max-image-preview:large","max-video-preview":"max-video-preview:-1"},"canonical":"https:\/\/sey.fi\/raahe\/sey-raahe\/tue-toimintaa\/","og_locale":"fi_FI","og_type":"article","og_title":"Tue toimintaa - SEY Raahe","og_description":"Auta el\u00e4imi\u00e4 ja tue toimintaamme SEY Raahe ry:n toiminnan periaatteet ovat el\u00e4inyksil\u00f6n kunnioittaminen, el\u00e4inten hyv\u00e4n kohtelun ja hyvinvoinnin edist\u00e4minen sek\u00e4 el\u00e4inten suojeleminen parhaalla mahdollisella tavalla kivulta, tuskalta, k\u00e4rsimykselt\u00e4, pelolta ja haitalta. SEY Raahe ry toimii l\u00e4hes pelk\u00e4st\u00e4\u00e4n lahjoitusten varassa, joten pienikin apu on hyv\u00e4n alku. Tuemme s\u00e4\u00e4nn\u00f6llisesti my\u00f6s Raahen l\u00f6yt\u00f6el\u00e4inkodin toimintaa mm. avustamalla el\u00e4inl\u00e4\u00e4k\u00e4rikuluissa. Voit [&hellip;]","og_url":"https:\/\/sey.fi\/raahe\/sey-raahe\/tue-toimintaa\/","og_site_name":"SEY Raahe","article_modified_time":"2019-11-08T13:10:45+00:00","twitter_card":"summary_large_image","twitter_misc":{"Arvioitu lukuaika":"1 minuutti"},"schema":{"@context":"https:\/\/schema.org","@graph":[{"@type":"WebPage","@id":"https:\/\/sey.fi\/raahe\/sey-raahe\/tue-toimintaa\/","url":"https:\/\/sey.fi\/raahe\/sey-raahe\/tue-toimintaa\/","name":"Tue toimintaa - SEY Raahe","isPartOf":{"@id":"https:\/\/sey.fi\/raahe\/#website"},"datePublished":"2019-11-08T13:03:00+00:00","dateModified":"2019-11-08T13:10:45+00:00","breadcrumb":{"@id":"https:\/\/sey.fi\/raahe\/sey-raahe\/tue-toimintaa\/#breadcrumb"},"inLanguage":"fi","potentialAction":[{"@type":"ReadAction","target":["https:\/\/sey.fi\/raahe\/sey-raahe\/tue-toimintaa\/"]}]},{"@type":"BreadcrumbList","@id":"https:\/\/sey.fi\/raahe\/sey-raahe\/tue-toimintaa\/#breadcrumb","itemListElement":[{"@type":"ListItem","position":1,"name":"Home","item":"https:\/\/sey.fi\/raahe\/"},{"@type":"ListItem","position":2,"name":"SEY Raahe","item":"https:\/\/sey.fi\/raahe\/"},{"@type":"ListItem","position":3,"name":"Tue toimintaa"}]},{"@type":"WebSite","@id":"https:\/\/sey.fi\/raahe\/#website","url":"https:\/\/sey.fi\/raahe\/","name":"SEY Raahe","description":"Uusi SEY J\u00e4senyhdistykset -sivusto","potentialAction":[{"@type":"SearchAction","target":{"@type":"EntryPoint","urlTemplate":"https:\/\/sey.fi\/raahe\/?s={search_term_string}"},"query-input":{"@type":"PropertyValueSpecification","valueRequired":true,"valueName":"search_term_string"}}],"inLanguage":"fi"}]}},"_links":{"self":[{"href":"https:\/\/sey.fi\/raahe\/wp-json\/wp\/v2\/pages\/27","targetHints":{"allow":["GET"]}}],"collection":[{"href":"https:\/\/sey.fi\/raahe\/wp-json\/wp\/v2\/pages"}],"about":[{"href":"https:\/\/sey.fi\/raahe\/wp-json\/wp\/v2\/types\/page"}],"author":[{"embeddable":true,"href":"https:\/\/sey.fi\/raahe\/wp-json\/wp\/v2\/users\/8"}],"replies":[{"embeddable":true,"href":"https:\/\/sey.fi\/raahe\/wp-json\/wp\/v2\/comments?post=27"}],"version-history":[{"count":3,"href":"https:\/\/sey.fi\/raahe\/wp-json\/wp\/v2\/pages\/27\/revisions"}],"predecessor-version":[{"id":57,"href":"https:\/\/sey.fi\/raahe\/wp-json\/wp\/v2\/pages\/27\/revisions\/57"}],"up":[{"embeddable":true,"href":"https:\/\/sey.fi\/raahe\/wp-json\/wp\/v2\/pages\/2"}],"wp:attachment":[{"href":"https:\/\/sey.fi\/raahe\/wp-json\/wp\/v2\/media?parent=27"}],"curies":[{"name":"wp","href":"https:\/\/api.w.org\/{rel}","templated":true}]}}