{"id":32,"date":"2019-11-08T15:07:18","date_gmt":"2019-11-08T13:07:18","guid":{"rendered":"http:\/\/srvr10.xetpoint.com\/~seyfi\/raahe\/?page_id=32"},"modified":"2026-03-08T19:53:58","modified_gmt":"2026-03-08T17:53:58","slug":"elainsuojelu","status":"publish","type":"page","link":"https:\/\/sey.fi\/raahe\/sey-raahe\/elainsuojelu\/","title":{"rendered":"El\u00e4insuojelu"},"content":{"rendered":"\n<p>SIVU P\u00c4IVITETTY: 8.3.2026<\/p>\n\n\n\n<p>Alla tietoja el\u00e4insuojeluilmoituksista, l\u00f6yt\u00f6el\u00e4imist\u00e4, luonnonvaraisista el\u00e4imist\u00e4 ja loukuista Raahen seutukunnan alueella.<\/p>\n\n\n\n<h2 class=\"wp-block-heading\">El\u00e4insuojeluilmoitukset<\/h2>\n\n\n\n<h3 class=\"wp-block-heading\"><strong>Valvontael\u00e4inl\u00e4\u00e4k\u00e4ri<\/strong><\/h3>\n\n\n\n<p><strong>Kalajoki (ml. Himanka), Pyh\u00e4joki, Merij\u00e4rvi, Raahe, Vihanti ja Siikajoki<\/strong><br>Jos sinulla on syyt\u00e4 ep\u00e4ill\u00e4 el\u00e4imen kaltoinkohtelua ja haluat tehd\u00e4 el\u00e4insuojeluilmoituksen, ole yhteydess\u00e4 valvontael\u00e4inl\u00e4\u00e4k\u00e4riin:<\/p>\n\n\n\n<p><a href=\"mailto:valvontaelainlaakari@kalajoki.fi\">valvontaelainlaakari@kalajoki.fi<\/a>&nbsp;tai <br><br><strong>Arkisin:&nbsp;<\/strong><\/p>\n\n\n\n<p>Valvontael\u00e4inl\u00e4\u00e4k\u00e4ri Laura Sedrik, puh. 044 4691 747 (<a href=\"mailto:laura.sedrik@kalajoki.fi\">laura.sedrik@kalajoki.fi<\/a>)&nbsp;<\/p>\n\n\n\n<p>Vs. Valvontael\u00e4inl\u00e4\u00e4k\u00e4ri Tiina Lyttinen, puh. 044 4691 478 (<a href=\"mailto:tiina.lyttinen@kalajoki.fi\">tiina.lyttinen@kalajoki.fi<\/a>)<\/p>\n\n\n\n<p>Selvit\u00e4th\u00e4n el\u00e4insuojeluilmoitusta varten el\u00e4imen pitopaikan tarkan osoitteen tai esimerkiksi karttalinkin.<\/p>\n\n\n\n<p>Mik\u00e4li kyseess\u00e4 on h\u00e4t\u00e4tapaus (el\u00e4imen terveys tai henki on v\u00e4litt\u00f6m\u00e4ss\u00e4 vaarassa), eik\u00e4 valvontael\u00e4inl\u00e4\u00e4k\u00e4ri\u00e4 tavoita, voit olla yhteydess\u00e4 p\u00e4ivyst\u00e4v\u00e4\u00e4n el\u00e4inl\u00e4\u00e4k\u00e4riin tai poliisiin.<\/p>\n\n\n\n<p>P\u00e4ivystys virka-ajan j\u00e4lkeen (Kalajoki, Himanka, Merij\u00e4rvi)<\/p>\n\n\n\n<p>+358 84195830<\/p>\n\n\n\n<p>P\u00e4ivystys virka-ajan j\u00e4lkeen (Raahe, Siikajoki, Pyh\u00e4joki)<\/p>\n\n\n\n<p>+358 8241430<\/p>\n\n\n\n<p><strong>SEYn el\u00e4insuojeluneuvojat<\/strong><\/p>\n\n\n\n<p>T\u00e4ll\u00e4 hetkell\u00e4 Raahen seutukunnan alueella ei toimi SEY:n kouluttamaa el\u00e4insuojeluneuvojaa<br>Oletko jo tutustunut SEY:n yll\u00e4pit\u00e4m\u00e4\u00e4n El\u00e4insuojelu-Chattiin: <a href=\"https:\/\/sey.fi\/elainsuojeluchat\/\">https:\/\/sey.fi\/elainsuojeluchat\/<\/a><\/p>\n\n\n\n<h3 class=\"wp-block-heading\"><\/h3>\n\n\n\n<h2 class=\"wp-block-heading\">L\u00f6yt\u00f6el\u00e4imet<\/h2>\n\n\n\n<p><strong>Kissat ja muut pienel\u00e4imet<\/strong><br><em>Raahe, Vihanti, Pyh\u00e4joki ja Siikajoki<\/em><br>Raahen L\u00f6yt\u00f6el\u00e4inkoti, 0440 737 979, <a href=\"mailto:raahenloytoelainkoti@4h.fi\">raahenloytoelainkoti@4h.fi<\/a><br>Merikatu 18 (kulku M\u00e4kikadun puolelta)<br>Puhelimeen vastataan ma-pe klo 9-15, muuna aikana voit j\u00e4tt\u00e4\u00e4 viestin vastaajaan.<\/p>\n\n\n\n<p><a rel=\"noreferrer noopener\" href=\"http:\/\/rannikko.4h.fi\/loytoelainkoti-raahe\/\" target=\"_blank\">Raahen L\u00f6yt\u00f6el\u00e4inkodin nettisivut<\/a> <br><a rel=\"noreferrer noopener\" href=\"https:\/\/www.facebook.com\/raahen.loytoelainkoti\/\" target=\"_blank\">Raahen L\u00f6yt\u00f6el\u00e4inkodin Facebook-sivu<\/a> <\/p>\n\n\n\n<p><strong>Koirat<\/strong><br><em>Siikajoki, Ruukki, Pyh\u00e4joki<\/em><br>Raisa Alatalo, 040 524 6685<br><br><em>Raahe (Pattijoki, Vihanti)<\/em> 1.1.2026 alkaen<br>Koirahoitola Lumetta 040 610 7446<br><a href=\"koirahoitola@lumetta.fi\">koirahoitola@lumetta.fi <\/a><br>P\u00e4ivyst\u00e4mme arkisin ma-pe klo 9-16, pois lukien arkipyh\u00e4t. Meill\u00e4 ei ole ilta-, y\u00f6- tai viikonloppup\u00e4ivystyst\u00e4.<\/p>\n\n\n\n<p><a href=\"https:\/\/www.facebook.com\/KoirahoitolaLumetta\">https:\/\/www.facebook.com\/KoirahoitolaLumetta<\/a><\/p>\n\n\n\n<p><strong>Kaikki l\u00f6yt\u00f6el\u00e4imet:<\/strong><br><em>Ylivieska, Alavieska, Sievi, Nivala, Haapavesi, K\u00e4rs\u00e4m\u00e4ki, Kalajoki <\/em><br>Ylivieskan Lemmikkiel\u00e4inhoitola, joka p\u00e4iv\u00e4 klo 9-19, p. 040 410 2296<br><a rel=\"noreferrer noopener\" href=\"http:\/\/www.lemmikkielainhoitola.fi\/\" target=\"_blank\">Lemmikkiel\u00e4inhoitolan nettisivut<\/a><\/p>\n\n\n\n<p><strong>Oulaisten kaupungin l\u00f6yt\u00f6el\u00e4imet<\/strong><\/p>\n\n\n\n<p>Oulaisten kaupungin el\u00e4insuojelulain mukaiset l\u00f6yt\u00f6el\u00e4imet hoitaa 1.4.2021 alkaen <a href=\"https:\/\/www.facebook.com\/karkurit\">Oulaisten L\u00f6yt\u00f6el\u00e4inkoti<\/a> (Kaarikatu 31, 86300 Oulainen)<\/p>\n\n\n\n<p>L\u00f6yt\u00f6el\u00e4inilmoitukset ja -tiedustelut:  Tero\/Mirva Paakkonen <br>p. 045 7833 4262 \u2013 my\u00f6s Whatsapp<br>Facebook: <a href=\"https:\/\/www.facebook.com\/karkurit\">@karkurit<\/a><br><\/p>\n\n\n\n<h2 class=\"wp-block-heading\">Luonnonvaraiset el\u00e4imet<\/h2>\n\n\n\n<p>Kun kohtaat loukkaantuneen luonnonvaraisen el\u00e4imen, ota yhteytt\u00e4 alla oleviin numeroihin.<br><br>luonnonvaraisten el\u00e4intenhoitaja Marjaana Tanskanen, Tuomioja, 044 9537121<\/p>\n\n\n\n<p><a href=\"https:\/\/popopet.net\/luonnonvaraiset-elaimet\/\">Luopu ry<\/a>:n luonnonvaraisten el\u00e4inten neuvonta 045 7837 9601<br><br><strong>Loukkaantuneet linnut<\/strong><\/p>\n\n\n\n<p>Raahe \u2013 Vihanti \u2013 Siikajoki \u2013 Pyh\u00e4joki \u2013 Ruukki<\/p>\n\n\n\n<p>Sami Kalliokoski 040 8333 739 <em>(lintuharrastaja, vapaapalokuntalainen)<\/em><br>Heikki Tuohimaa, puh.&nbsp;050 348 2825&nbsp;<em>(lintuharrastaja, luontokartoittaja)<\/em><\/p>\n\n\n\n<p><a href=\"https:\/\/www.pply.fi\/suojelu-ja-tutkimus\/loukkaantuneet-linnut\/\" target=\"_blank\" rel=\"noreferrer noopener\">Pohjois-Pohjanmaan lintutieteellisen yhdistyksen sivuilta<\/a>&nbsp;l\u00f6ytyy paljon hy\u00f6dyllist\u00e4 tietoa.<\/p>\n\n\n\n<h3 class=\"wp-block-heading\"><strong>Loukkaantuneet luonnonel\u00e4imet<\/strong><\/h3>\n\n\n\n<p><strong>Nordic Wildlife Care<\/strong><br>Villiel\u00e4inhoitola, Mustasaari<br>p. 040 4121514<br><a rel=\"noreferrer noopener\" aria-label=\"Facebook-sivu (avautuu uudessa v\u00e4lilehdess\u00e4)\" href=\"https:\/\/www.facebook.com\/pg\/villielainhoitola\/\" target=\"_blank\">Facebook-sivu<\/a><br>Hoitolaan voi ottaa yhteytt\u00e4 loukkaantuneen luonnonvaraisen el\u00e4imen  l\u00f6yt\u00e4ess\u00e4\u00e4n. Hoidamme kaikenlaisia el\u00e4imi\u00e4. Meille voi tuoda el\u00e4imen,  joka on saatu kiinni tai k\u00e4ymme pyydyst\u00e4m\u00e4ss\u00e4 sen itse, jos mahdollista. Annamme neuvoja miten toimia,  ja minne voi ottaa yhteytt\u00e4, jos emme itse voi tulla paikanp\u00e4\u00e4lle.<\/p>\n\n\n\n<p><strong>Ranuan el\u00e4inpuisto<\/strong><br>Rovaniementie 29, 97700 Ranua<br>p. 040 5177 436, ranuan.zoo@ranuazoo.com<br> <a aria-label=\"www.ranuazoo.com (avautuu uudessa v\u00e4lilehdess\u00e4)\" href=\"http:\/\/www.ranuazoo.com\" target=\"_blank\" rel=\"noreferrer noopener\">www.ranuazoo.com<\/a><br>El\u00e4inpuisto ottaa hoiviinsa loukkaantuneita ja orpoja el\u00e4imi\u00e4.<\/p>\n\n\n\n<p><strong>El\u00e4intenpelastusteht\u00e4viss\u00e4:<\/strong><\/p>\n\n\n\n<ul class=\"wp-block-list\">\n<li>Raahen palo- ja pelastuslaitos, p. 08 429 6100 tai 044 429 6104<\/li>\n\n\n\n<li>Muiden kuntien yhteystiedot&nbsp;<a rel=\"noreferrer noopener\" href=\"http:\/\/www.jokipelastus.fi\/\" target=\"_blank\">Jokipelastus.fiss\u00e4<\/a><\/li>\n\n\n\n<li>Jokilaaksojen poliisilaitos, p. 071 876 5161 tai (puhelinvaihde) 071 876 0161<\/li>\n\n\n\n<li><a rel=\"noreferrer noopener\" href=\"http:\/\/www.raahempy.fi\/\" target=\"_blank\">Raahen Meripelastusyhdistys<\/a><\/li>\n<\/ul>\n\n\n\n<h2 class=\"wp-block-heading\">Sirurekistereit\u00e4<\/h2>\n\n\n\n<p><a aria-label=\"Siruhaku (avautuu uudessa v\u00e4lilehdess\u00e4)\" href=\"https:\/\/www.siruhaku.fi\/\" target=\"_blank\" rel=\"noreferrer noopener\">Siruhaku<\/a> <br><a aria-label=\"Turvasiru (avautuu uudessa v\u00e4lilehdess\u00e4)\" href=\"https:\/\/turvasiru.fi\/\" target=\"_blank\" rel=\"noreferrer noopener\">Turvasiru<\/a> <br><a aria-label=\"Kissaliitto (avautuu uudessa v\u00e4lilehdess\u00e4)\" href=\"https:\/\/www.kissaliitto.fi\/terveys\/mikrosirut\" target=\"_blank\" rel=\"noreferrer noopener\">Kissaliitto<\/a><br><a aria-label=\"Kennelliitto (avautuu uudessa v\u00e4lilehdess\u00e4)\" href=\"https:\/\/www.kennelliitto.fi\/koiran-omistaminen\/tunnistusmerkinta\/mikrosiru\" target=\"_blank\" rel=\"noreferrer noopener\">Kennelliitto<\/a><br><a href=\"https:\/\/koira.lemmikkielainrekisteri.fi\/\" target=\"_blank\" rel=\"noreferrer noopener\">Ruokaviraston koirarekisteri<\/a><\/p>\n\n\n\n<h2 class=\"wp-block-heading\">Loukut<\/h2>\n\n\n\n<p><strong>Lainattavat loukut<\/strong><\/p>\n\n\n\n<p>Raahen L\u00f6yt\u00f6el\u00e4inkodilta on lainattavissa el\u00e4inloukkuja karanneiden tai heitteille j\u00e4tettyjen el\u00e4inten kiinniottamiseen (kissat tai pienemm\u00e4t el\u00e4imet).<\/p>\n\n\n\n<p>Loukku lainataan 20 euron panttimaksua vastaan. Panttimaksun saat takaisin, kun loukku palautetaan L\u00f6yt\u00f6el\u00e4inkodille ehj\u00e4n\u00e4.<\/p>\n\n\n\n<p>Lis\u00e4tietoja Raahen L\u00f6yt\u00f6el\u00e4inkodilta Merikatu 18 (kulku M\u00e4kikadun puolelta), p. 044 073 7979.<\/p>\n\n\n\n<h2 class=\"wp-block-heading\">Raahen el\u00e4inl\u00e4\u00e4k\u00e4rit<\/h2>\n\n\n\n<p>Ajanvaraus ja neuvonta arkiaamuisin klo 8-9, p. 08 241 430<br><a href=\"https:\/\/www.facebook.com\/elainlaakariraahe\">https:\/\/www.facebook.com\/elainlaakariraahe<\/a><\/p>\n\n\n\n<h2 class=\"wp-block-heading has-medium-font-size\" id=\"heading-4gq879tpedjhvv63rvs0rfdc5r\">El\u00e4inl\u00e4\u00e4k\u00e4rit ja el\u00e4intenhoitajat Pyh\u00e4joki, Raahe ja Siikajoki<\/h2>\n\n\n\n<p><strong>S\u00e4hk\u00f6postiosoitteet:<\/strong>&nbsp;etunimi.sukunimi@kalajoki.fi<br>El\u00e4inl\u00e4\u00e4k\u00e4ri Sanni Ahdeoja, puh. 040 5311 528<\/p>\n\n\n\n<p>El\u00e4inl\u00e4\u00e4k\u00e4ri Maaria Jokela, puh. 040 4837 567<\/p>\n\n\n\n<p>El\u00e4inl\u00e4\u00e4k\u00e4ri Jarmo H\u00e4m\u00e4l\u00e4inen, puh. 044 4394 756<\/p>\n\n\n\n<p>Potilasvastaanotto vain ajanvarauksella<br>Rokotusvastaanotto ilman ajanvarausta torstaisin klo 15 &#8211; 18<\/p>\n\n\n\n<p><strong>P\u00e4ivyst\u00e4j\u00e4 \/ tiedote numerossa 08 241 430<\/strong> <br>P\u00e4ivystys kiireellisi\u00e4 sairastapauksia varten, <br>arkisin klo 16 &#8211; 08, viikonloppuisin pe klo 16 \u2013 ma klo 8 <\/p>\n\n\n\n<p>Vastaanotto Siikajoki: Kauppatie 3, 92320 Siikajoki <br>Vastaanotto Kunnanel\u00e4inl\u00e4\u00e4k\u00e4rin vastaanotto, Maininki,&nbsp;Merikatu 18, 92100 Raahe<\/p>\n\n\n\n<h2 class=\"wp-block-heading\">El\u00e4inl\u00e4\u00e4k\u00e4ripalvelu Triovet<\/h2>\n\n\n\n<p>Pienel\u00e4imet: 0400 230700<br>Ma klo 8-20 &#8211;&nbsp;Rokotukset pienel\u00e4imille ilman ajanvarausta maanantaisin klo 18-20.<br>Ti-to klo 8-16<br>Pe klo 8-15<\/p>\n\n\n\n<p>Suurel\u00e4imet: 0400 230707<br>Ma-Pe klo 8-16 <\/p>\n\n\n\n<p>Vastaanotto: <br><strong>TrioVet Pattijoki<\/strong><br>Puistotie 2, 92140 Raahe<br>(Pattijoen keskus)<br><a href=\"mailto:info@triovet.fi?subject=Yhteydenotto\">info@triovet.fi<\/a><\/p>\n\n\n\n<h2 class=\"wp-block-heading\">Pienel\u00e4intuhkaamo Lemmikki Enkelit ky <\/h2>\n\n\n\n<p>Sanna F\u00e4lt  puh. 045 7876 4848, info@lemmikkienkelit.fi <br>Avoinna arkisin ajanvarauksella klo 10-18, arkipyhin\u00e4 ja viikonloppuisin suljettu. Muina aikoina sopimuksen mukaan. <\/p>\n\n\n\n<h2 class=\"wp-block-heading\">Piehingin el\u00e4inten hautausmaa<\/h2>\n\n\n\n<p>Yhteyshenkil\u00f6 Tapani Karvonen, 040 586 3620<\/p>\n","protected":false},"excerpt":{"rendered":"<p>SIVU P\u00c4IVITETTY: 8.3.2026 Alla tietoja el\u00e4insuojeluilmoituksista, l\u00f6yt\u00f6el\u00e4imist\u00e4, luonnonvaraisista el\u00e4imist\u00e4 ja loukuista Raahen seutukunnan alueella. El\u00e4insuojeluilmoitukset Valvontael\u00e4inl\u00e4\u00e4k\u00e4ri Kalajoki (ml. Himanka), Pyh\u00e4joki, Merij\u00e4rvi, Raahe, Vihanti ja SiikajokiJos sinulla on syyt\u00e4 ep\u00e4ill\u00e4 el\u00e4imen kaltoinkohtelua ja haluat tehd\u00e4 el\u00e4insuojeluilmoituksen, ole yhteydess\u00e4 valvontael\u00e4inl\u00e4\u00e4k\u00e4riin: valvontaelainlaakari@kalajoki.fi&nbsp;tai Arkisin:&nbsp; Valvontael\u00e4inl\u00e4\u00e4k\u00e4ri Laura Sedrik, puh. 044 4691 747 (laura.sedrik@kalajoki.fi)&nbsp; Vs. Valvontael\u00e4inl\u00e4\u00e4k\u00e4ri Tiina Lyttinen, puh. 044 4691 [&hellip;]<\/p>\n","protected":false},"author":8,"featured_media":0,"parent":2,"menu_order":0,"comment_status":"closed","ping_status":"closed","template":"","meta":{"_acf_changed":false,"footnotes":""},"class_list":["post-32","page","type-page","status-publish","hentry"],"acf":[],"yoast_head":"<!-- This site is optimized with the Yoast SEO plugin v27.1.1 - https:\/\/yoast.com\/product\/yoast-seo-wordpress\/ -->\n<title>El\u00e4insuojelu - SEY Raahe<\/title>\n<meta name=\"robots\" content=\"index, follow, max-snippet:-1, max-image-preview:large, max-video-preview:-1\" \/>\n<link rel=\"canonical\" href=\"https:\/\/sey.fi\/raahe\/sey-raahe\/elainsuojelu\/\" \/>\n<meta property=\"og:locale\" content=\"fi_FI\" \/>\n<meta property=\"og:type\" content=\"article\" \/>\n<meta property=\"og:title\" content=\"El\u00e4insuojelu - SEY Raahe\" \/>\n<meta property=\"og:description\" content=\"SIVU P\u00c4IVITETTY: 8.3.2026 Alla tietoja el\u00e4insuojeluilmoituksista, l\u00f6yt\u00f6el\u00e4imist\u00e4, luonnonvaraisista el\u00e4imist\u00e4 ja loukuista Raahen seutukunnan alueella. El\u00e4insuojeluilmoitukset Valvontael\u00e4inl\u00e4\u00e4k\u00e4ri Kalajoki (ml. Himanka), Pyh\u00e4joki, Merij\u00e4rvi, Raahe, Vihanti ja SiikajokiJos sinulla on syyt\u00e4 ep\u00e4ill\u00e4 el\u00e4imen kaltoinkohtelua ja haluat tehd\u00e4 el\u00e4insuojeluilmoituksen, ole yhteydess\u00e4 valvontael\u00e4inl\u00e4\u00e4k\u00e4riin: valvontaelainlaakari@kalajoki.fi&nbsp;tai Arkisin:&nbsp; Valvontael\u00e4inl\u00e4\u00e4k\u00e4ri Laura Sedrik, puh. 044 4691 747 (laura.sedrik@kalajoki.fi)&nbsp; Vs. Valvontael\u00e4inl\u00e4\u00e4k\u00e4ri Tiina Lyttinen, puh. 044 4691 [&hellip;]\" \/>\n<meta property=\"og:url\" content=\"https:\/\/sey.fi\/raahe\/sey-raahe\/elainsuojelu\/\" \/>\n<meta property=\"og:site_name\" content=\"SEY Raahe\" \/>\n<meta property=\"article:modified_time\" content=\"2026-03-08T17:53:58+00:00\" \/>\n<meta name=\"twitter:card\" content=\"summary_large_image\" \/>\n<meta name=\"twitter:label1\" content=\"Arvioitu lukuaika\" \/>\n\t<meta name=\"twitter:data1\" content=\"4 minuuttia\" \/>\n<script type=\"application\/ld+json\" class=\"yoast-schema-graph\">{\"@context\":\"https:\/\/schema.org\",\"@graph\":[{\"@type\":\"WebPage\",\"@id\":\"https:\/\/sey.fi\/raahe\/sey-raahe\/elainsuojelu\/\",\"url\":\"https:\/\/sey.fi\/raahe\/sey-raahe\/elainsuojelu\/\",\"name\":\"El\u00e4insuojelu - SEY Raahe\",\"isPartOf\":{\"@id\":\"https:\/\/sey.fi\/raahe\/#website\"},\"datePublished\":\"2019-11-08T13:07:18+00:00\",\"dateModified\":\"2026-03-08T17:53:58+00:00\",\"breadcrumb\":{\"@id\":\"https:\/\/sey.fi\/raahe\/sey-raahe\/elainsuojelu\/#breadcrumb\"},\"inLanguage\":\"fi\",\"potentialAction\":[{\"@type\":\"ReadAction\",\"target\":[\"https:\/\/sey.fi\/raahe\/sey-raahe\/elainsuojelu\/\"]}]},{\"@type\":\"BreadcrumbList\",\"@id\":\"https:\/\/sey.fi\/raahe\/sey-raahe\/elainsuojelu\/#breadcrumb\",\"itemListElement\":[{\"@type\":\"ListItem\",\"position\":1,\"name\":\"Home\",\"item\":\"https:\/\/sey.fi\/raahe\/\"},{\"@type\":\"ListItem\",\"position\":2,\"name\":\"SEY Raahe\",\"item\":\"https:\/\/sey.fi\/raahe\/\"},{\"@type\":\"ListItem\",\"position\":3,\"name\":\"El\u00e4insuojelu\"}]},{\"@type\":\"WebSite\",\"@id\":\"https:\/\/sey.fi\/raahe\/#website\",\"url\":\"https:\/\/sey.fi\/raahe\/\",\"name\":\"SEY Raahe\",\"description\":\"Uusi SEY J\u00e4senyhdistykset -sivusto\",\"potentialAction\":[{\"@type\":\"SearchAction\",\"target\":{\"@type\":\"EntryPoint\",\"urlTemplate\":\"https:\/\/sey.fi\/raahe\/?s={search_term_string}\"},\"query-input\":{\"@type\":\"PropertyValueSpecification\",\"valueRequired\":true,\"valueName\":\"search_term_string\"}}],\"inLanguage\":\"fi\"}]}<\/script>\n<!-- \/ Yoast SEO plugin. -->","yoast_head_json":{"title":"El\u00e4insuojelu - SEY Raahe","robots":{"index":"index","follow":"follow","max-snippet":"max-snippet:-1","max-image-preview":"max-image-preview:large","max-video-preview":"max-video-preview:-1"},"canonical":"https:\/\/sey.fi\/raahe\/sey-raahe\/elainsuojelu\/","og_locale":"fi_FI","og_type":"article","og_title":"El\u00e4insuojelu - SEY Raahe","og_description":"SIVU P\u00c4IVITETTY: 8.3.2026 Alla tietoja el\u00e4insuojeluilmoituksista, l\u00f6yt\u00f6el\u00e4imist\u00e4, luonnonvaraisista el\u00e4imist\u00e4 ja loukuista Raahen seutukunnan alueella. El\u00e4insuojeluilmoitukset Valvontael\u00e4inl\u00e4\u00e4k\u00e4ri Kalajoki (ml. Himanka), Pyh\u00e4joki, Merij\u00e4rvi, Raahe, Vihanti ja SiikajokiJos sinulla on syyt\u00e4 ep\u00e4ill\u00e4 el\u00e4imen kaltoinkohtelua ja haluat tehd\u00e4 el\u00e4insuojeluilmoituksen, ole yhteydess\u00e4 valvontael\u00e4inl\u00e4\u00e4k\u00e4riin: valvontaelainlaakari@kalajoki.fi&nbsp;tai Arkisin:&nbsp; Valvontael\u00e4inl\u00e4\u00e4k\u00e4ri Laura Sedrik, puh. 044 4691 747 (laura.sedrik@kalajoki.fi)&nbsp; Vs. Valvontael\u00e4inl\u00e4\u00e4k\u00e4ri Tiina Lyttinen, puh. 044 4691 [&hellip;]","og_url":"https:\/\/sey.fi\/raahe\/sey-raahe\/elainsuojelu\/","og_site_name":"SEY Raahe","article_modified_time":"2026-03-08T17:53:58+00:00","twitter_card":"summary_large_image","twitter_misc":{"Arvioitu lukuaika":"4 minuuttia"},"schema":{"@context":"https:\/\/schema.org","@graph":[{"@type":"WebPage","@id":"https:\/\/sey.fi\/raahe\/sey-raahe\/elainsuojelu\/","url":"https:\/\/sey.fi\/raahe\/sey-raahe\/elainsuojelu\/","name":"El\u00e4insuojelu - SEY Raahe","isPartOf":{"@id":"https:\/\/sey.fi\/raahe\/#website"},"datePublished":"2019-11-08T13:07:18+00:00","dateModified":"2026-03-08T17:53:58+00:00","breadcrumb":{"@id":"https:\/\/sey.fi\/raahe\/sey-raahe\/elainsuojelu\/#breadcrumb"},"inLanguage":"fi","potentialAction":[{"@type":"ReadAction","target":["https:\/\/sey.fi\/raahe\/sey-raahe\/elainsuojelu\/"]}]},{"@type":"BreadcrumbList","@id":"https:\/\/sey.fi\/raahe\/sey-raahe\/elainsuojelu\/#breadcrumb","itemListElement":[{"@type":"ListItem","position":1,"name":"Home","item":"https:\/\/sey.fi\/raahe\/"},{"@type":"ListItem","position":2,"name":"SEY Raahe","item":"https:\/\/sey.fi\/raahe\/"},{"@type":"ListItem","position":3,"name":"El\u00e4insuojelu"}]},{"@type":"WebSite","@id":"https:\/\/sey.fi\/raahe\/#website","url":"https:\/\/sey.fi\/raahe\/","name":"SEY Raahe","description":"Uusi SEY J\u00e4senyhdistykset -sivusto","potentialAction":[{"@type":"SearchAction","target":{"@type":"EntryPoint","urlTemplate":"https:\/\/sey.fi\/raahe\/?s={search_term_string}"},"query-input":{"@type":"PropertyValueSpecification","valueRequired":true,"valueName":"search_term_string"}}],"inLanguage":"fi"}]}},"_links":{"self":[{"href":"https:\/\/sey.fi\/raahe\/wp-json\/wp\/v2\/pages\/32","targetHints":{"allow":["GET"]}}],"collection":[{"href":"https:\/\/sey.fi\/raahe\/wp-json\/wp\/v2\/pages"}],"about":[{"href":"https:\/\/sey.fi\/raahe\/wp-json\/wp\/v2\/types\/page"}],"author":[{"embeddable":true,"href":"https:\/\/sey.fi\/raahe\/wp-json\/wp\/v2\/users\/8"}],"replies":[{"embeddable":true,"href":"https:\/\/sey.fi\/raahe\/wp-json\/wp\/v2\/comments?post=32"}],"version-history":[{"count":26,"href":"https:\/\/sey.fi\/raahe\/wp-json\/wp\/v2\/pages\/32\/revisions"}],"predecessor-version":[{"id":226,"href":"https:\/\/sey.fi\/raahe\/wp-json\/wp\/v2\/pages\/32\/revisions\/226"}],"up":[{"embeddable":true,"href":"https:\/\/sey.fi\/raahe\/wp-json\/wp\/v2\/pages\/2"}],"wp:attachment":[{"href":"https:\/\/sey.fi\/raahe\/wp-json\/wp\/v2\/media?parent=32"}],"curies":[{"name":"wp","href":"https:\/\/api.w.org\/{rel}","templated":true}]}}