{"id":36,"date":"2019-11-08T15:08:52","date_gmt":"2019-11-08T13:08:52","guid":{"rendered":"http:\/\/srvr10.xetpoint.com\/~seyfi\/raahe\/?page_id=36"},"modified":"2021-07-29T15:34:01","modified_gmt":"2021-07-29T12:34:01","slug":"idealoota","status":"publish","type":"page","link":"https:\/\/sey.fi\/raahe\/sey-raahe\/yhteystiedot\/idealoota\/","title":{"rendered":"Idealoota"},"content":{"rendered":"\n<p>Voit j\u00e4tt\u00e4\u00e4 vinkkej\u00e4, toiveita, millaista toimintaa toivoisit paikallisyhdistykselt\u00e4 el\u00e4inasioissa ja niiden etujen puolestapuhujana osoitteeseen pj.seyraahe@gmail.com tai l\u00e4hett\u00e4m\u00e4ll\u00e4 viesti\u00e4 <a href=\"https:\/\/www.facebook.com\/seyraahe\">Facebook-sivun<\/a> kautta.<\/p>\n\n\n\n<p>Muistathan, ett\u00e4 toimimme vapaaehtoisvoimin, joten joskus vastauksemme voi viiv\u00e4sty\u00e4.<\/p>\n","protected":false},"excerpt":{"rendered":"<p>Voit j\u00e4tt\u00e4\u00e4 vinkkej\u00e4, toiveita, millaista toimintaa toivoisit paikallisyhdistykselt\u00e4 el\u00e4inasioissa ja niiden etujen puolestapuhujana osoitteeseen pj.seyraahe@gmail.com tai l\u00e4hett\u00e4m\u00e4ll\u00e4 viesti\u00e4 Facebook-sivun kautta. Muistathan, ett\u00e4 toimimme vapaaehtoisvoimin, joten joskus vastauksemme voi viiv\u00e4sty\u00e4.<\/p>\n","protected":false},"author":8,"featured_media":0,"parent":34,"menu_order":0,"comment_status":"closed","ping_status":"closed","template":"","meta":{"_acf_changed":false,"footnotes":""},"class_list":["post-36","page","type-page","status-publish","hentry"],"acf":[],"yoast_head":"<!-- This site is optimized with the Yoast SEO plugin v27.1.1 - https:\/\/yoast.com\/product\/yoast-seo-wordpress\/ -->\n<title>Idealoota - SEY Raahe<\/title>\n<meta name=\"robots\" content=\"index, follow, max-snippet:-1, max-image-preview:large, max-video-preview:-1\" \/>\n<link rel=\"canonical\" href=\"https:\/\/sey.fi\/raahe\/sey-raahe\/yhteystiedot\/idealoota\/\" \/>\n<meta property=\"og:locale\" content=\"fi_FI\" \/>\n<meta property=\"og:type\" content=\"article\" \/>\n<meta property=\"og:title\" content=\"Idealoota - SEY Raahe\" \/>\n<meta property=\"og:description\" content=\"Voit j\u00e4tt\u00e4\u00e4 vinkkej\u00e4, toiveita, millaista toimintaa toivoisit paikallisyhdistykselt\u00e4 el\u00e4inasioissa ja niiden etujen puolestapuhujana osoitteeseen pj.seyraahe@gmail.com tai l\u00e4hett\u00e4m\u00e4ll\u00e4 viesti\u00e4 Facebook-sivun kautta. Muistathan, ett\u00e4 toimimme vapaaehtoisvoimin, joten joskus vastauksemme voi viiv\u00e4sty\u00e4.\" \/>\n<meta property=\"og:url\" content=\"https:\/\/sey.fi\/raahe\/sey-raahe\/yhteystiedot\/idealoota\/\" \/>\n<meta property=\"og:site_name\" content=\"SEY Raahe\" \/>\n<meta property=\"article:modified_time\" content=\"2021-07-29T12:34:01+00:00\" \/>\n<meta name=\"twitter:card\" content=\"summary_large_image\" \/>\n<script type=\"application\/ld+json\" class=\"yoast-schema-graph\">{\"@context\":\"https:\/\/schema.org\",\"@graph\":[{\"@type\":\"WebPage\",\"@id\":\"https:\/\/sey.fi\/raahe\/sey-raahe\/yhteystiedot\/idealoota\/\",\"url\":\"https:\/\/sey.fi\/raahe\/sey-raahe\/yhteystiedot\/idealoota\/\",\"name\":\"Idealoota - SEY Raahe\",\"isPartOf\":{\"@id\":\"https:\/\/sey.fi\/raahe\/#website\"},\"datePublished\":\"2019-11-08T13:08:52+00:00\",\"dateModified\":\"2021-07-29T12:34:01+00:00\",\"breadcrumb\":{\"@id\":\"https:\/\/sey.fi\/raahe\/sey-raahe\/yhteystiedot\/idealoota\/#breadcrumb\"},\"inLanguage\":\"fi\",\"potentialAction\":[{\"@type\":\"ReadAction\",\"target\":[\"https:\/\/sey.fi\/raahe\/sey-raahe\/yhteystiedot\/idealoota\/\"]}]},{\"@type\":\"BreadcrumbList\",\"@id\":\"https:\/\/sey.fi\/raahe\/sey-raahe\/yhteystiedot\/idealoota\/#breadcrumb\",\"itemListElement\":[{\"@type\":\"ListItem\",\"position\":1,\"name\":\"Home\",\"item\":\"https:\/\/sey.fi\/raahe\/\"},{\"@type\":\"ListItem\",\"position\":2,\"name\":\"SEY Raahe\",\"item\":\"https:\/\/sey.fi\/raahe\/\"},{\"@type\":\"ListItem\",\"position\":3,\"name\":\"Yhteystiedot\",\"item\":\"https:\/\/sey.fi\/raahe\/sey-raahe\/yhteystiedot\/\"},{\"@type\":\"ListItem\",\"position\":4,\"name\":\"Idealoota\"}]},{\"@type\":\"WebSite\",\"@id\":\"https:\/\/sey.fi\/raahe\/#website\",\"url\":\"https:\/\/sey.fi\/raahe\/\",\"name\":\"SEY Raahe\",\"description\":\"Uusi SEY J\u00e4senyhdistykset -sivusto\",\"potentialAction\":[{\"@type\":\"SearchAction\",\"target\":{\"@type\":\"EntryPoint\",\"urlTemplate\":\"https:\/\/sey.fi\/raahe\/?s={search_term_string}\"},\"query-input\":{\"@type\":\"PropertyValueSpecification\",\"valueRequired\":true,\"valueName\":\"search_term_string\"}}],\"inLanguage\":\"fi\"}]}<\/script>\n<!-- \/ Yoast SEO plugin. -->","yoast_head_json":{"title":"Idealoota - SEY Raahe","robots":{"index":"index","follow":"follow","max-snippet":"max-snippet:-1","max-image-preview":"max-image-preview:large","max-video-preview":"max-video-preview:-1"},"canonical":"https:\/\/sey.fi\/raahe\/sey-raahe\/yhteystiedot\/idealoota\/","og_locale":"fi_FI","og_type":"article","og_title":"Idealoota - SEY Raahe","og_description":"Voit j\u00e4tt\u00e4\u00e4 vinkkej\u00e4, toiveita, millaista toimintaa toivoisit paikallisyhdistykselt\u00e4 el\u00e4inasioissa ja niiden etujen puolestapuhujana osoitteeseen pj.seyraahe@gmail.com tai l\u00e4hett\u00e4m\u00e4ll\u00e4 viesti\u00e4 Facebook-sivun kautta. Muistathan, ett\u00e4 toimimme vapaaehtoisvoimin, joten joskus vastauksemme voi viiv\u00e4sty\u00e4.","og_url":"https:\/\/sey.fi\/raahe\/sey-raahe\/yhteystiedot\/idealoota\/","og_site_name":"SEY Raahe","article_modified_time":"2021-07-29T12:34:01+00:00","twitter_card":"summary_large_image","schema":{"@context":"https:\/\/schema.org","@graph":[{"@type":"WebPage","@id":"https:\/\/sey.fi\/raahe\/sey-raahe\/yhteystiedot\/idealoota\/","url":"https:\/\/sey.fi\/raahe\/sey-raahe\/yhteystiedot\/idealoota\/","name":"Idealoota - SEY Raahe","isPartOf":{"@id":"https:\/\/sey.fi\/raahe\/#website"},"datePublished":"2019-11-08T13:08:52+00:00","dateModified":"2021-07-29T12:34:01+00:00","breadcrumb":{"@id":"https:\/\/sey.fi\/raahe\/sey-raahe\/yhteystiedot\/idealoota\/#breadcrumb"},"inLanguage":"fi","potentialAction":[{"@type":"ReadAction","target":["https:\/\/sey.fi\/raahe\/sey-raahe\/yhteystiedot\/idealoota\/"]}]},{"@type":"BreadcrumbList","@id":"https:\/\/sey.fi\/raahe\/sey-raahe\/yhteystiedot\/idealoota\/#breadcrumb","itemListElement":[{"@type":"ListItem","position":1,"name":"Home","item":"https:\/\/sey.fi\/raahe\/"},{"@type":"ListItem","position":2,"name":"SEY Raahe","item":"https:\/\/sey.fi\/raahe\/"},{"@type":"ListItem","position":3,"name":"Yhteystiedot","item":"https:\/\/sey.fi\/raahe\/sey-raahe\/yhteystiedot\/"},{"@type":"ListItem","position":4,"name":"Idealoota"}]},{"@type":"WebSite","@id":"https:\/\/sey.fi\/raahe\/#website","url":"https:\/\/sey.fi\/raahe\/","name":"SEY Raahe","description":"Uusi SEY J\u00e4senyhdistykset -sivusto","potentialAction":[{"@type":"SearchAction","target":{"@type":"EntryPoint","urlTemplate":"https:\/\/sey.fi\/raahe\/?s={search_term_string}"},"query-input":{"@type":"PropertyValueSpecification","valueRequired":true,"valueName":"search_term_string"}}],"inLanguage":"fi"}]}},"_links":{"self":[{"href":"https:\/\/sey.fi\/raahe\/wp-json\/wp\/v2\/pages\/36","targetHints":{"allow":["GET"]}}],"collection":[{"href":"https:\/\/sey.fi\/raahe\/wp-json\/wp\/v2\/pages"}],"about":[{"href":"https:\/\/sey.fi\/raahe\/wp-json\/wp\/v2\/types\/page"}],"author":[{"embeddable":true,"href":"https:\/\/sey.fi\/raahe\/wp-json\/wp\/v2\/users\/8"}],"replies":[{"embeddable":true,"href":"https:\/\/sey.fi\/raahe\/wp-json\/wp\/v2\/comments?post=36"}],"version-history":[{"count":2,"href":"https:\/\/sey.fi\/raahe\/wp-json\/wp\/v2\/pages\/36\/revisions"}],"predecessor-version":[{"id":153,"href":"https:\/\/sey.fi\/raahe\/wp-json\/wp\/v2\/pages\/36\/revisions\/153"}],"up":[{"embeddable":true,"href":"https:\/\/sey.fi\/raahe\/wp-json\/wp\/v2\/pages\/34"}],"wp:attachment":[{"href":"https:\/\/sey.fi\/raahe\/wp-json\/wp\/v2\/media?parent=36"}],"curies":[{"name":"wp","href":"https:\/\/api.w.org\/{rel}","templated":true}]}}