{"id":14,"date":"2019-11-14T15:28:57","date_gmt":"2019-11-14T13:28:57","guid":{"rendered":"http:\/\/srvr10.xetpoint.com\/~seyfi\/rovaniemi\/?page_id=14"},"modified":"2025-05-12T07:56:52","modified_gmt":"2025-05-12T04:56:52","slug":"ajankohtaista","status":"publish","type":"page","link":"https:\/\/sey.fi\/rovaniemi\/rovaniemen-elainsuojelu\/ajankohtaista\/","title":{"rendered":"Ajankohtaista"},"content":{"rendered":"\n<p>Vuosikokous 2025<\/p>\n\n\n\n<p>Rovaniemen seudun el\u00e4insuojeluyhdistys ry:n s\u00e4\u00e4nt\u00f6m\u00e4\u00e4r\u00e4inen vuosikokous ti 20.5.2025 klo 18.<\/p>\n\n\n\n<p>Paikkana Lapinkatu 11, Rovaniemi<\/p>\n\n\n\n<p>Kokouksessa k\u00e4sitell\u00e4\u00e4n s\u00e4\u00e4nt\u00f6jen m\u00e4\u00e4r\u00e4\u00e4m\u00e4t asiat.<br>Tervetuloa!<\/p>\n\n\n\n<p>_______________________________________________________________________________________________________________<\/p>\n\n\n\n<p>Vuosikokous 2024<\/p>\n\n\n\n<p>Rovaniemen seudun el\u00e4insuojeluyhdistys ry:n s\u00e4\u00e4nt\u00f6m\u00e4\u00e4r\u00e4inen vuosikokous  ke 29.5.2024 klo 17.<\/p>\n\n\n\n<p>Paikkana Lapinkatu 11, Rovaniemi<\/p>\n\n\n\n<p>Kokouksessa k\u00e4sitell\u00e4\u00e4n s\u00e4\u00e4nt\u00f6jen m\u00e4\u00e4r\u00e4\u00e4m\u00e4t asiat.<br>Tervetuloa!<\/p>\n\n\n\n<p>_______________________________________________________________________________________________________________<\/p>\n\n\n\n<p><\/p>\n\n\n\n<p>Vuosikokous 2023<\/p>\n\n\n\n<p>Rovaniemen seudun el\u00e4insuojeluyhdistys ry:n s\u00e4\u00e4nt\u00f6m\u00e4\u00e4r\u00e4inen vuosikokous pidet\u00e4\u00e4n ti 23.5.2023 klo 17.<\/p>\n\n\n\n<p>Paikkana Lapinkatu 11, Rovaniemi<\/p>\n\n\n\n<p>Kokouksessa k\u00e4sitell\u00e4\u00e4n s\u00e4\u00e4nt\u00f6jen m\u00e4\u00e4r\u00e4\u00e4m\u00e4t asiat.<br>Tervetuloa!<\/p>\n\n\n\n<p>________________________________________________________________________________________________________________<\/p>\n\n\n\n<p><\/p>\n\n\n\n<p>Ruoka- ja tarvikeker\u00e4ys Ukrainan el\u00e4imille Rovaniemi<\/p>\n\n\n\n<p><\/p>\n\n\n\n<p>El\u00e4imille apua-ilman rajoja ry koordinoi ruoka- ja tarvikeapua el\u00e4imille Ukrainaan. Siell\u00e4 kuolee nyt el\u00e4imi\u00e4 n\u00e4lk\u00e4\u00e4n. Ker\u00e4tyt ruuat ja tarvikkeet kuljetetaan Kangasalle, josta ne l\u00e4htev\u00e4t rekalla Ukrainaan. <\/p>\n\n\n\n<p>Rovaniemen esyn ker\u00e4yspiste Ukrainan siirtolaisten avustuspiste Ritarinne 12 Rovaniemi. Avoinna elokuussa pe klo 16-19 ja la klo 11-14. Ker\u00e4ysaika 1-15.8.2022. Ota yhteytt\u00e4 esyyn, jos et pysty toimittamaan itse ker\u00e4yspisteeseen. <\/p>\n\n\n\n<p>Otamme vastaan:<br>-koirien ja kissojen kuivamuonia, my\u00f6s pennuille (max 6 kk p\u00e4iv\u00e4ysvanhoja)<br>-kissojen ja koirien loish\u00e4\u00e4t\u00f6l\u00e4\u00e4kkeit\u00e4<br>-emonmaidonvastikkeita<br>-uusia tai muutoin hyv\u00e4ss\u00e4 kunnossa olevia puhtaita pantoja ja remmej\u00e4Lis\u00e4\u00e4 tietoa l\u00f6yd\u00e4t <\/p>\n\n\n\n<p>El\u00e4imille apua Ukrainaan &#8211; sivulta <a href=\"https:\/\/www.facebook.com\/search\/top?q=el%C3%A4imille%20apua%20ukrainaan&amp;__cft__[0]=AZUqOxr-q0KNVRdwFSdA55bzOvCjGr8sJsfeqEDo4F4RiofCY-rDJbq2q_CvSWbRDWg4kg4ChvUaCmOeHQkBsL_9FByZ9Mx5jkdV32d0wA5aDkwu7Evzg40253YXCxxMaTYVFCHz0mbbHg30i3f8Q1Z8rAkXXjakRO4nNoIirqY0IQ&amp;__tn__=q\">https:\/\/www.facebook.com\/search\/top?q=el%C3%A4imille%20apua%20ukrainaan<\/a>Yhteydenotot ker\u00e4ykseen liittyen rovaniemiesy@gmail.com , facesivujen kautta tai puh 0413174166 (tekstiviestill\u00e4 mielell\u00e4\u00e4n tai soitot 17.00-21.00)<\/p>\n\n\n\n<p>____________________________________________________________________________________________________________________________<\/p>\n\n\n\n<p>Vuosikokous 2022<\/p>\n\n\n\n<p>Rovaniemen seudun el\u00e4insuojeluyhdistys ry:n s\u00e4\u00e4nt\u00f6m\u00e4\u00e4r\u00e4inen vuosikokous pidet\u00e4\u00e4n ti 10.5.2022 klo 18.<\/p>\n\n\n\n<p>Paikkana Neste Reissumies, Alakorkalontie 22, Rovaniemi<\/p>\n\n\n\n<p>Kokouksessa k\u00e4sitell\u00e4\u00e4n s\u00e4\u00e4nt\u00f6jen m\u00e4\u00e4r\u00e4\u00e4m\u00e4t asiat.<br>Tervetuloa!<\/p>\n\n\n\n<p>______________________________________________________________________________________________________________________________<\/p>\n\n\n\n<p><\/p>\n\n\n\n<p>17.6.2021 Meille tupsahti l\u00e4hes tusinan verran kissoja! <\/p>\n\n\n\n<p>Ruokaa ja  hiekkaa kuluu ja rahaakin tarvitaan jotta koko poppoo saadaan hoidettua, rokotettua ja leikkautettua. Sitten alkaa uusien kotien etsint\u00e4.<\/p>\n\n\n\n<p>Jos haluat tukea n\u00e4it\u00e4 kisuleita ja muuta toimintaa niin lahjoita <\/p>\n\n\n\n<figure class=\"wp-block-image\"><img decoding=\"async\" src=\"https:\/\/static.xx.fbcdn.net\/images\/emoji.php\/v9\/t33\/1.5\/16\/2665.png\" alt=\"\u2665\ufe0f\" \/><\/figure>\n\n\n\n<p>Tilinro Op FI52 5640 0220 4695 92 viitenumero 4446<\/p>\n\n\n\n<p>Mobile Pay numero lahjoitusta varten on 72953<\/p>\n\n\n\n<p>Rovaniemen seudun el\u00e4insuojeluyhdistys ry:lle on my\u00f6nnetty rahanker\u00e4yslupa.<\/p>\n\n\n\n<p>Luvan nro RA\/2020\/472\/Poliisihallitus \/ 23.04.2020\/ alkaen 01.05.2020 toistaiseksi voimassa olevana.<\/p>\n\n\n\n<p>Rahanker\u00e4yksell\u00e4 ker\u00e4tt\u00e4v\u00e4t varat k\u00e4ytet\u00e4\u00e4n erilaiseen ennaltaehk\u00e4isev\u00e4\u00e4n el\u00e4insuojeluty\u00f6h\u00f6n, esimerkiksi leikkaus-, sirutus- ja rokotuskampanjoihin, erilaisiin valistustilaisuuksiin ja muuhun neuvontaan, erilaisiin avustuksiin el\u00e4insuojeluty\u00f6h\u00f6n, sijaiskotitoimintaan, el\u00e4inl\u00e4\u00e4k\u00e4rihoitoa vaativien el\u00e4inten el\u00e4inl\u00e4\u00e4k\u00e4rikuluihin, h\u00e4t\u00e4apuun el\u00e4inten hyv\u00e4ksi mm. kissapopulaatioiden ehk\u00e4isyyn, loukutukseen ja hoitoon, el\u00e4inten hoito- ja lopetuskuluihin, el\u00e4insuojeluty\u00f6t\u00e4 tekevien avustamiseen el\u00e4insuojeluty\u00f6n toteuttamisessa ja ennaltaehk\u00e4isev\u00e4ss\u00e4 toiminnassa. <\/p>\n\n\n\n<p>______________________________________________________________________________<\/p>\n\n\n\n<p>Vuosikokous 2021<\/p>\n\n\n\n<p>Rovaniemen seudun el\u00e4insuojeluyhdistys ry:n s\u00e4\u00e4nt\u00f6m\u00e4\u00e4r\u00e4inen\nvuosikokous pidet\u00e4\u00e4n to 6.5.2021 klo 17. <\/p>\n\n\n\n<p>Paikkana Neste Reissumies, Alakorkalontie 22, Rovaniemi<\/p>\n\n\n\n<p>Kokouksessa k\u00e4sitell\u00e4\u00e4n s\u00e4\u00e4nt\u00f6jen m\u00e4\u00e4r\u00e4\u00e4m\u00e4t asiat.<\/p>\n\n\n\n<p>Ilmoittautumiset etuk\u00e4teen viimeist\u00e4\u00e4n 28.4.2021 rovaniemiesy@gmail.com<\/p>\n\n\n\n<p>J\u00e4senet tervetuloa!<\/p>\n\n\n\n<p>Hallitus<\/p>\n\n\n\n<p>_____________________________________________________________________________<\/p>\n\n\n\n<p>12.4.2021 Annahoivaa.fi tuki esylle<\/p>\n\n\n\n<p>Voit ostaa Annahoivaa.fi verkkokaupasta Back on Track tuotteita tai safarikoirille ruokaa. Klikkaa verkkokauppaan!<\/p>\n\n\n\n<p><a href=\"https:\/\/www.annahoivaa.fi\/category\/325\/roi-esy-tuki\">https:\/\/www.annahoivaa.fi\/category\/325\/roi-esy-tuki<\/a><\/p>\n\n\n\n<p>_____________________________________________________________________________<\/p>\n\n\n\n<p><\/p>\n\n\n\n<p>28.3.2021<\/p>\n\n\n\n<figure class=\"wp-block-image size-large\"><img decoding=\"async\" src=\"https:\/\/sey.fi\/wp-content\/uploads\/sites\/27\/2021\/03\/ROVANIEMEN-SEUDUN-EL\u00c4INSUOJELUYHDISTYS-RY.png\" alt=\"\" class=\"wp-image-406\" \/><figcaption class=\"wp-element-caption\"><strong> J\u00e4rjest\u00e4mme yhdess\u00e4 Lemmikkiel\u00e4inliike J\u00e4ljen kanssa ruokaker\u00e4yksen rekikoirille! <br>Helppo tapa auttaa! <br>Klikkaa J\u00e4ljen verkkokauppaan ja valitse haluamasi kilom\u00e4\u00e4r\u00e4 ja<\/strong><br><strong> toimitustavaksi nouto.<br><a rel=\"noreferrer noopener\" href=\"https:\/\/www.jalki.net\/tuote\/huskytarha-ruokakerays\/?fbclid=IwAR2XfM8wgt1AasVgRGyhsgFYmgSjQRLsaGJLX2BPr1_yLmzldAGvV8tWJas\" target=\"_blank\">https:\/\/www.jalki.net\/tuote\/huskytarha-ruokakerays\/<\/a><br>Toimitamme ruuat  J\u00e4ljest\u00e4 eteenp\u00e4in apua tarvitseville.<br>Kiitos  !<\/strong><\/figcaption><\/figure>\n\n\n\n<p>6.3.2021  Lahjoita!<\/p>\n\n\n\n<p>Lahjoita tilille &nbsp; Op&nbsp; FI5256400220469592&nbsp; . Lahjoituksen viitenumero on 4446 <\/p>\n\n\n\n<p>Lahjoita Mobile Paylla.&nbsp;\nLyhytnumero 72953<\/p>\n\n\n\n<p>Rovaniemen seudun el\u00e4insuojeluyhdistys ry:lle on my\u00f6nnetty rahanker\u00e4yslupa.Luvan nro RA\/2020\/472\/Poliisihallitus \/ 23.04.2020Alkaen 01.05.2020 toistaiseksi voimassa olevana.<\/p>\n\n\n\n<p>Rahanker\u00e4yksell\u00e4 ker\u00e4tt\u00e4v\u00e4t varat k\u00e4ytet\u00e4\u00e4n erilaiseen ennaltaehk\u00e4isev\u00e4\u00e4n el\u00e4insuojeluty\u00f6h\u00f6n, esimerkiksi leikkaus-, sirutus- ja rokotuskampanjoihin, erilaisiin&nbsp; valistustilaisuuksiin&nbsp; ja muuhun&nbsp; neuvontaan, erilaisiin avustuksiin&nbsp; el\u00e4insuojeluty\u00f6h\u00f6n, sijaiskotitoimintaan, el\u00e4inl\u00e4\u00e4k\u00e4rihoitoa vaativien el\u00e4inten el\u00e4inl\u00e4\u00e4k\u00e4rikuluihin, h\u00e4t\u00e4apuun el\u00e4inten hyv\u00e4ksi mm. kissapopulaatioiden ehk\u00e4isyyn, loukutukseen ja hoitoon, el\u00e4inten hoito- ja lopetuskuluihin, el\u00e4insuojeluty\u00f6t\u00e4 tekevien avustamiseen el\u00e4insuojeluty\u00f6n toteuttamisessa ja ennaltaehk\u00e4isev\u00e4ss\u00e4 toiminnassa.<\/p>\n\n\n\n<p><\/p>\n\n\n\n<p>23.8.2020 <\/p>\n\n\n\n<p>Etsint\u00e4kuulutus! Sijaiskoteja haussa!<\/p>\n\n\n\n<p>Etsimme lis\u00e4\u00e4 sijaiskoteja, erityisesti nyt my\u00f6s muualta kuin Rovaniemen alueelta.<br>Sijaiskotina tarjoat kodin el\u00e4imelle, kunnes sille l\u00f6ytyy oma uusi koti&nbsp;\ud83d\ude42<\/p>\n\n\n\n<p>Yksil\u00f6t ja olosuhteet mist\u00e4 el\u00e4imet tulevat, vaihtelevat suuresti ja vaikka meill\u00e4 on jo joukko sijaiskoteja ja sijaiskodeiksi ilmoittautuneita, aina ei heid\u00e4nk\u00e4\u00e4n joukosta v\u00e4ltt\u00e4m\u00e4tt\u00e4 l\u00f6ydy juuri sit\u00e4 tietylle el\u00e4imelle sopivaa paikkaa. Eli erilaisia vaihtoehtoja tarvitsemme lis\u00e4\u00e4. Koirattomia, kissattomia, kokonaan el\u00e4imett\u00f6mi\u00e4, kissakavereita, koirakavereita, lapsettomia, lapsellisia jne.&nbsp;\ud83d\ude42<\/p>\n\n\n\n<p>Yhdistys maksaa ruuat, hiekat, el\u00e4inl\u00e4\u00e4k\u00e4rikulut ja antaa tarvittavat tarvikkeet. Jos sijaiskotia tarjoavalla on omia el\u00e4imi\u00e4, niiden tulisi olla rokotettuja.<\/p>\n\n\n\n<p><\/p>\n\n\n\n<p>20.7.2020 Osta ja tue!<\/p>\n\n\n\n<p>Ostamalla Annahoivaa.fi tuet samalla yhdistyst\u00e4mme!<\/p>\n\n\n\n<p>Katso verkkokauppa ja tee tilaus! 50% kategorian tuotteiden myyntihinnasta el\u00e4inten hyv\u00e4ksi \ud83d\ude42 <\/p>\n\n\n\n<p>L\u00e4mpim\u00e4t kiitokset tuestasi! <\/p>\n\n\n\n<p><a href=\"https:\/\/www.annahoivaa.fi\/category\/325\/roi-esy-tuki\">https:\/\/www.annahoivaa.fi\/category\/325\/roi-esy-tuki<\/a><\/p>\n\n\n\n<p>15.5.2020 <\/p>\n\n\n\n<p>Vuosikokous 2020<\/p>\n\n\n\n<p>Rovaniemen seudun el\u00e4insuojeluyhdistys ry:n  s\u00e4\u00e4nt\u00f6m\u00e4\u00e4r\u00e4inen vuosikokous pidet\u00e4\u00e4n ti 2.6.2020 klo 18 <br>Paikkana  Neste Reissumies, Alakorkalontie 22, Rovaniemi <\/p>\n\n\n\n<p>Kokouksessa k\u00e4sitell\u00e4\u00e4n s\u00e4\u00e4nt\u00f6jen m\u00e4\u00e4r\u00e4\u00e4m\u00e4t asiat.<br>Koronatilanteesta johtuen ilmoittautumiset  etuk\u00e4teen rovaniemiesy@gmail.com<\/p>\n\n\n\n<p>Tervetuloa! <br><\/p>\n\n\n\n<p><\/p>\n\n\n\n<p><\/p>\n\n\n\n<p><\/p>\n\n\n\n<p>1.5.2020 Uusi rahanker\u00e4yslupamme tuli voimaan.<\/p>\n\n\n\n<p>Rovaniemen seudun el\u00e4insuojeluyhdistys ry:lle on my\u00f6nnetty rahanker\u00e4yslupa.<\/p>\n\n\n\n<p>Luvan nro RA\/2020\/472<\/p>\n\n\n\n<p>Alkaen 01.05.2020 toistaiseksi voimassa olevana<\/p>\n\n\n\n<p>Luvan my\u00f6nt\u00e4j\u00e4 Poliisihallitus<\/p>\n\n\n\n<p>My\u00f6nt\u00e4misp\u00e4iv\u00e4 23.04.2020<\/p>\n\n\n\n<p>Tilinro  Osuuspankki  FI52 5640 0220 4695 92 <\/p>\n\n\n\n<p>Rahanker\u00e4yksell\u00e4 ker\u00e4tt\u00e4v\u00e4t varat k\u00e4ytet\u00e4\u00e4n erilaiseen \nennaltaehk\u00e4isev\u00e4\u00e4n el\u00e4insuojeluty\u00f6h\u00f6n, esimerkiksi leikkaus-, sirutus- \nja rokotuskampanjoihin, erilaisiin&nbsp; valistustilaisuuksiin&nbsp; ja muuhun&nbsp; \nneuvontaan, erilaisiin avustuksiin&nbsp; el\u00e4insuojeluty\u00f6h\u00f6n, \nsijaiskotitoimintaan, el\u00e4inl\u00e4\u00e4k\u00e4rihoitoa vaativien el\u00e4inten \nel\u00e4inl\u00e4\u00e4k\u00e4rikuluihin, h\u00e4t\u00e4apuun el\u00e4inten hyv\u00e4ksi mm. kissapopulaatioiden\n ehk\u00e4isyyn, loukutukseen ja hoitoon, el\u00e4inten hoito- ja lopetuskuluihin,\n el\u00e4insuojeluty\u00f6t\u00e4 tekevien avustamiseen el\u00e4insuojeluty\u00f6n \ntoteuttamisessa ja ennaltaehk\u00e4isev\u00e4ss\u00e4 toiminnassa.<\/p>\n\n\n\n<p><\/p>\n\n\n\n<p><\/p>\n\n\n\n<p>21.4.2020 Yhdistyksen vuosikokous on viiv\u00e4stynyt koronan vuoksi.  Kokous  pidet\u00e4\u00e4n, kun  Suomen hallituksen kokoontumisohjeet sen sallivat.  <\/p>\n\n\n\n<p><\/p>\n\n\n\n<p><\/p>\n","protected":false},"excerpt":{"rendered":"<p>Vuosikokous 2025 Rovaniemen seudun el\u00e4insuojeluyhdistys ry:n s\u00e4\u00e4nt\u00f6m\u00e4\u00e4r\u00e4inen vuosikokous ti 20.5.2025 klo 18. Paikkana Lapinkatu 11, Rovaniemi Kokouksessa k\u00e4sitell\u00e4\u00e4n s\u00e4\u00e4nt\u00f6jen m\u00e4\u00e4r\u00e4\u00e4m\u00e4t asiat.Tervetuloa! _______________________________________________________________________________________________________________ Vuosikokous 2024 Rovaniemen seudun el\u00e4insuojeluyhdistys ry:n s\u00e4\u00e4nt\u00f6m\u00e4\u00e4r\u00e4inen vuosikokous ke 29.5.2024 klo 17. Paikkana Lapinkatu 11, Rovaniemi Kokouksessa k\u00e4sitell\u00e4\u00e4n s\u00e4\u00e4nt\u00f6jen m\u00e4\u00e4r\u00e4\u00e4m\u00e4t asiat.Tervetuloa! _______________________________________________________________________________________________________________ Vuosikokous 2023 Rovaniemen seudun el\u00e4insuojeluyhdistys ry:n s\u00e4\u00e4nt\u00f6m\u00e4\u00e4r\u00e4inen vuosikokous pidet\u00e4\u00e4n ti 23.5.2023 [&hellip;]<\/p>\n","protected":false},"author":8,"featured_media":0,"parent":2,"menu_order":0,"comment_status":"closed","ping_status":"closed","template":"","meta":{"_acf_changed":false,"footnotes":""},"class_list":["post-14","page","type-page","status-publish","hentry"],"acf":[],"yoast_head":"<!-- This site is optimized with the Yoast SEO plugin v27.1.1 - https:\/\/yoast.com\/product\/yoast-seo-wordpress\/ -->\n<title>Ajankohtaista - Rovaniemen seudun el\u00e4insuojeluyhdistys<\/title>\n<meta name=\"robots\" content=\"index, follow, max-snippet:-1, max-image-preview:large, max-video-preview:-1\" \/>\n<link rel=\"canonical\" href=\"https:\/\/sey.fi\/rovaniemi\/rovaniemen-elainsuojelu\/ajankohtaista\/\" \/>\n<meta property=\"og:locale\" content=\"fi_FI\" \/>\n<meta property=\"og:type\" content=\"article\" \/>\n<meta property=\"og:title\" content=\"Ajankohtaista - Rovaniemen seudun el\u00e4insuojeluyhdistys\" \/>\n<meta property=\"og:description\" content=\"Vuosikokous 2025 Rovaniemen seudun el\u00e4insuojeluyhdistys ry:n s\u00e4\u00e4nt\u00f6m\u00e4\u00e4r\u00e4inen vuosikokous ti 20.5.2025 klo 18. Paikkana Lapinkatu 11, Rovaniemi Kokouksessa k\u00e4sitell\u00e4\u00e4n s\u00e4\u00e4nt\u00f6jen m\u00e4\u00e4r\u00e4\u00e4m\u00e4t asiat.Tervetuloa! _______________________________________________________________________________________________________________ Vuosikokous 2024 Rovaniemen seudun el\u00e4insuojeluyhdistys ry:n s\u00e4\u00e4nt\u00f6m\u00e4\u00e4r\u00e4inen vuosikokous ke 29.5.2024 klo 17. Paikkana Lapinkatu 11, Rovaniemi Kokouksessa k\u00e4sitell\u00e4\u00e4n s\u00e4\u00e4nt\u00f6jen m\u00e4\u00e4r\u00e4\u00e4m\u00e4t asiat.Tervetuloa! _______________________________________________________________________________________________________________ Vuosikokous 2023 Rovaniemen seudun el\u00e4insuojeluyhdistys ry:n s\u00e4\u00e4nt\u00f6m\u00e4\u00e4r\u00e4inen vuosikokous pidet\u00e4\u00e4n ti 23.5.2023 [&hellip;]\" \/>\n<meta property=\"og:url\" content=\"https:\/\/sey.fi\/rovaniemi\/rovaniemen-elainsuojelu\/ajankohtaista\/\" \/>\n<meta property=\"og:site_name\" content=\"Rovaniemen seudun el\u00e4insuojeluyhdistys\" \/>\n<meta property=\"article:modified_time\" content=\"2025-05-12T04:56:52+00:00\" \/>\n<meta property=\"og:image\" content=\"https:\/\/static.xx.fbcdn.net\/images\/emoji.php\/v9\/t33\/1.5\/16\/2665.png\" \/>\n<meta name=\"twitter:card\" content=\"summary_large_image\" \/>\n<meta name=\"twitter:label1\" content=\"Arvioitu lukuaika\" \/>\n\t<meta name=\"twitter:data1\" content=\"5 minuuttia\" \/>\n<script type=\"application\/ld+json\" class=\"yoast-schema-graph\">{\"@context\":\"https:\/\/schema.org\",\"@graph\":[{\"@type\":\"WebPage\",\"@id\":\"https:\/\/sey.fi\/rovaniemi\/rovaniemen-elainsuojelu\/ajankohtaista\/\",\"url\":\"https:\/\/sey.fi\/rovaniemi\/rovaniemen-elainsuojelu\/ajankohtaista\/\",\"name\":\"Ajankohtaista - Rovaniemen seudun el\u00e4insuojeluyhdistys\",\"isPartOf\":{\"@id\":\"https:\/\/sey.fi\/rovaniemi\/#website\"},\"primaryImageOfPage\":{\"@id\":\"https:\/\/sey.fi\/rovaniemi\/rovaniemen-elainsuojelu\/ajankohtaista\/#primaryimage\"},\"image\":{\"@id\":\"https:\/\/sey.fi\/rovaniemi\/rovaniemen-elainsuojelu\/ajankohtaista\/#primaryimage\"},\"thumbnailUrl\":\"https:\/\/static.xx.fbcdn.net\/images\/emoji.php\/v9\/t33\/1.5\/16\/2665.png\",\"datePublished\":\"2019-11-14T13:28:57+00:00\",\"dateModified\":\"2025-05-12T04:56:52+00:00\",\"breadcrumb\":{\"@id\":\"https:\/\/sey.fi\/rovaniemi\/rovaniemen-elainsuojelu\/ajankohtaista\/#breadcrumb\"},\"inLanguage\":\"fi\",\"potentialAction\":[{\"@type\":\"ReadAction\",\"target\":[\"https:\/\/sey.fi\/rovaniemi\/rovaniemen-elainsuojelu\/ajankohtaista\/\"]}]},{\"@type\":\"ImageObject\",\"inLanguage\":\"fi\",\"@id\":\"https:\/\/sey.fi\/rovaniemi\/rovaniemen-elainsuojelu\/ajankohtaista\/#primaryimage\",\"url\":\"https:\/\/static.xx.fbcdn.net\/images\/emoji.php\/v9\/t33\/1.5\/16\/2665.png\",\"contentUrl\":\"https:\/\/static.xx.fbcdn.net\/images\/emoji.php\/v9\/t33\/1.5\/16\/2665.png\"},{\"@type\":\"BreadcrumbList\",\"@id\":\"https:\/\/sey.fi\/rovaniemi\/rovaniemen-elainsuojelu\/ajankohtaista\/#breadcrumb\",\"itemListElement\":[{\"@type\":\"ListItem\",\"position\":1,\"name\":\"Home\",\"item\":\"https:\/\/sey.fi\/rovaniemi\/\"},{\"@type\":\"ListItem\",\"position\":2,\"name\":\"Rovaniemen seudun el\u00e4insuojeluyhdistys\",\"item\":\"https:\/\/sey.fi\/rovaniemi\/\"},{\"@type\":\"ListItem\",\"position\":3,\"name\":\"Ajankohtaista\"}]},{\"@type\":\"WebSite\",\"@id\":\"https:\/\/sey.fi\/rovaniemi\/#website\",\"url\":\"https:\/\/sey.fi\/rovaniemi\/\",\"name\":\"Rovaniemen seudun el\u00e4insuojeluyhdistys\",\"description\":\"Uusi SEY J\u00e4senyhdistykset -sivusto\",\"potentialAction\":[{\"@type\":\"SearchAction\",\"target\":{\"@type\":\"EntryPoint\",\"urlTemplate\":\"https:\/\/sey.fi\/rovaniemi\/?s={search_term_string}\"},\"query-input\":{\"@type\":\"PropertyValueSpecification\",\"valueRequired\":true,\"valueName\":\"search_term_string\"}}],\"inLanguage\":\"fi\"}]}<\/script>\n<!-- \/ Yoast SEO plugin. -->","yoast_head_json":{"title":"Ajankohtaista - Rovaniemen seudun el\u00e4insuojeluyhdistys","robots":{"index":"index","follow":"follow","max-snippet":"max-snippet:-1","max-image-preview":"max-image-preview:large","max-video-preview":"max-video-preview:-1"},"canonical":"https:\/\/sey.fi\/rovaniemi\/rovaniemen-elainsuojelu\/ajankohtaista\/","og_locale":"fi_FI","og_type":"article","og_title":"Ajankohtaista - Rovaniemen seudun el\u00e4insuojeluyhdistys","og_description":"Vuosikokous 2025 Rovaniemen seudun el\u00e4insuojeluyhdistys ry:n s\u00e4\u00e4nt\u00f6m\u00e4\u00e4r\u00e4inen vuosikokous ti 20.5.2025 klo 18. Paikkana Lapinkatu 11, Rovaniemi Kokouksessa k\u00e4sitell\u00e4\u00e4n s\u00e4\u00e4nt\u00f6jen m\u00e4\u00e4r\u00e4\u00e4m\u00e4t asiat.Tervetuloa! _______________________________________________________________________________________________________________ Vuosikokous 2024 Rovaniemen seudun el\u00e4insuojeluyhdistys ry:n s\u00e4\u00e4nt\u00f6m\u00e4\u00e4r\u00e4inen vuosikokous ke 29.5.2024 klo 17. Paikkana Lapinkatu 11, Rovaniemi Kokouksessa k\u00e4sitell\u00e4\u00e4n s\u00e4\u00e4nt\u00f6jen m\u00e4\u00e4r\u00e4\u00e4m\u00e4t asiat.Tervetuloa! _______________________________________________________________________________________________________________ Vuosikokous 2023 Rovaniemen seudun el\u00e4insuojeluyhdistys ry:n s\u00e4\u00e4nt\u00f6m\u00e4\u00e4r\u00e4inen vuosikokous pidet\u00e4\u00e4n ti 23.5.2023 [&hellip;]","og_url":"https:\/\/sey.fi\/rovaniemi\/rovaniemen-elainsuojelu\/ajankohtaista\/","og_site_name":"Rovaniemen seudun el\u00e4insuojeluyhdistys","article_modified_time":"2025-05-12T04:56:52+00:00","og_image":[{"url":"https:\/\/static.xx.fbcdn.net\/images\/emoji.php\/v9\/t33\/1.5\/16\/2665.png","type":"","width":"","height":""}],"twitter_card":"summary_large_image","twitter_misc":{"Arvioitu lukuaika":"5 minuuttia"},"schema":{"@context":"https:\/\/schema.org","@graph":[{"@type":"WebPage","@id":"https:\/\/sey.fi\/rovaniemi\/rovaniemen-elainsuojelu\/ajankohtaista\/","url":"https:\/\/sey.fi\/rovaniemi\/rovaniemen-elainsuojelu\/ajankohtaista\/","name":"Ajankohtaista - Rovaniemen seudun el\u00e4insuojeluyhdistys","isPartOf":{"@id":"https:\/\/sey.fi\/rovaniemi\/#website"},"primaryImageOfPage":{"@id":"https:\/\/sey.fi\/rovaniemi\/rovaniemen-elainsuojelu\/ajankohtaista\/#primaryimage"},"image":{"@id":"https:\/\/sey.fi\/rovaniemi\/rovaniemen-elainsuojelu\/ajankohtaista\/#primaryimage"},"thumbnailUrl":"https:\/\/static.xx.fbcdn.net\/images\/emoji.php\/v9\/t33\/1.5\/16\/2665.png","datePublished":"2019-11-14T13:28:57+00:00","dateModified":"2025-05-12T04:56:52+00:00","breadcrumb":{"@id":"https:\/\/sey.fi\/rovaniemi\/rovaniemen-elainsuojelu\/ajankohtaista\/#breadcrumb"},"inLanguage":"fi","potentialAction":[{"@type":"ReadAction","target":["https:\/\/sey.fi\/rovaniemi\/rovaniemen-elainsuojelu\/ajankohtaista\/"]}]},{"@type":"ImageObject","inLanguage":"fi","@id":"https:\/\/sey.fi\/rovaniemi\/rovaniemen-elainsuojelu\/ajankohtaista\/#primaryimage","url":"https:\/\/static.xx.fbcdn.net\/images\/emoji.php\/v9\/t33\/1.5\/16\/2665.png","contentUrl":"https:\/\/static.xx.fbcdn.net\/images\/emoji.php\/v9\/t33\/1.5\/16\/2665.png"},{"@type":"BreadcrumbList","@id":"https:\/\/sey.fi\/rovaniemi\/rovaniemen-elainsuojelu\/ajankohtaista\/#breadcrumb","itemListElement":[{"@type":"ListItem","position":1,"name":"Home","item":"https:\/\/sey.fi\/rovaniemi\/"},{"@type":"ListItem","position":2,"name":"Rovaniemen seudun el\u00e4insuojeluyhdistys","item":"https:\/\/sey.fi\/rovaniemi\/"},{"@type":"ListItem","position":3,"name":"Ajankohtaista"}]},{"@type":"WebSite","@id":"https:\/\/sey.fi\/rovaniemi\/#website","url":"https:\/\/sey.fi\/rovaniemi\/","name":"Rovaniemen seudun el\u00e4insuojeluyhdistys","description":"Uusi SEY J\u00e4senyhdistykset -sivusto","potentialAction":[{"@type":"SearchAction","target":{"@type":"EntryPoint","urlTemplate":"https:\/\/sey.fi\/rovaniemi\/?s={search_term_string}"},"query-input":{"@type":"PropertyValueSpecification","valueRequired":true,"valueName":"search_term_string"}}],"inLanguage":"fi"}]}},"_links":{"self":[{"href":"https:\/\/sey.fi\/rovaniemi\/wp-json\/wp\/v2\/pages\/14","targetHints":{"allow":["GET"]}}],"collection":[{"href":"https:\/\/sey.fi\/rovaniemi\/wp-json\/wp\/v2\/pages"}],"about":[{"href":"https:\/\/sey.fi\/rovaniemi\/wp-json\/wp\/v2\/types\/page"}],"author":[{"embeddable":true,"href":"https:\/\/sey.fi\/rovaniemi\/wp-json\/wp\/v2\/users\/8"}],"replies":[{"embeddable":true,"href":"https:\/\/sey.fi\/rovaniemi\/wp-json\/wp\/v2\/comments?post=14"}],"version-history":[{"count":32,"href":"https:\/\/sey.fi\/rovaniemi\/wp-json\/wp\/v2\/pages\/14\/revisions"}],"predecessor-version":[{"id":562,"href":"https:\/\/sey.fi\/rovaniemi\/wp-json\/wp\/v2\/pages\/14\/revisions\/562"}],"up":[{"embeddable":true,"href":"https:\/\/sey.fi\/rovaniemi\/wp-json\/wp\/v2\/pages\/2"}],"wp:attachment":[{"href":"https:\/\/sey.fi\/rovaniemi\/wp-json\/wp\/v2\/media?parent=14"}],"curies":[{"name":"wp","href":"https:\/\/api.w.org\/{rel}","templated":true}]}}