{"id":39,"date":"2019-11-14T15:37:30","date_gmt":"2019-11-14T13:37:30","guid":{"rendered":"http:\/\/srvr10.xetpoint.com\/~seyfi\/rovaniemi\/?page_id=39"},"modified":"2025-04-21T07:43:04","modified_gmt":"2025-04-21T04:43:04","slug":"yhteystiedot","status":"publish","type":"page","link":"https:\/\/sey.fi\/rovaniemi\/rovaniemen-elainsuojelu\/yhdistys\/yhteystiedot\/","title":{"rendered":"Yhteystiedot"},"content":{"rendered":"\n<p>Yhdistyksen puhelin:<\/p>\n\n\n\n<p>0413174166 (jos ei vastaa, laita viesti)<\/p>\n\n\n\n<p>Yhdistyksen s\u00e4hk\u00f6postiosoite:<\/p>\n\n\n\n<p><a href=\"mailto:rovaniemiesy@gmail.com\">rovaniemiesy@gmail.com<\/a><\/p>\n\n\n\n<p><\/p>\n\n\n\n<p>Kiireellisiss\u00e4 el\u00e4insuojelutapauksissa ota yhteytt\u00e4 el\u00e4inl\u00e4\u00e4k\u00e4riin tai  poliisiin. Kotisivuiltamme l\u00f6yd\u00e4t my\u00f6s neuvoja, yhteystietoja sek\u00e4  linkkej\u00e4 eri toimijoille jotka voivat auttaa <\/p>\n\n\n\n<p><\/p>\n\n\n\n<p>SEYn valtakunnallinen  el\u00e4insuojeluneuvontanumero 09- 3158 6580.&nbsp;<\/p>\n\n\n\n<p>Palvelu on auki 10\u201315, ja 1.6.2025 alkaen klo 9\u201318.<\/p>\n\n\n\n<p>El\u00e4insuojelu-chat <a href=\"https:\/\/sey.fi\/\">sey.fi<\/a><\/p>\n","protected":false},"excerpt":{"rendered":"<p>Yhdistyksen puhelin: 0413174166 (jos ei vastaa, laita viesti) Yhdistyksen s\u00e4hk\u00f6postiosoite: rovaniemiesy@gmail.com Kiireellisiss\u00e4 el\u00e4insuojelutapauksissa ota yhteytt\u00e4 el\u00e4inl\u00e4\u00e4k\u00e4riin tai poliisiin. Kotisivuiltamme l\u00f6yd\u00e4t my\u00f6s neuvoja, yhteystietoja sek\u00e4 linkkej\u00e4 eri toimijoille jotka voivat auttaa SEYn valtakunnallinen el\u00e4insuojeluneuvontanumero 09- 3158 6580.&nbsp; Palvelu on auki 10\u201315, ja 1.6.2025 alkaen klo 9\u201318. El\u00e4insuojelu-chat sey.fi<\/p>\n","protected":false},"author":8,"featured_media":0,"parent":33,"menu_order":0,"comment_status":"closed","ping_status":"closed","template":"","meta":{"_acf_changed":false,"footnotes":""},"class_list":["post-39","page","type-page","status-publish","hentry"],"acf":[],"yoast_head":"<!-- This site is optimized with the Yoast SEO plugin v27.1.1 - https:\/\/yoast.com\/product\/yoast-seo-wordpress\/ -->\n<title>Yhteystiedot - Rovaniemen seudun el\u00e4insuojeluyhdistys<\/title>\n<meta name=\"robots\" content=\"index, follow, max-snippet:-1, max-image-preview:large, max-video-preview:-1\" \/>\n<link rel=\"canonical\" href=\"https:\/\/sey.fi\/rovaniemi\/rovaniemen-elainsuojelu\/yhdistys\/yhteystiedot\/\" \/>\n<meta property=\"og:locale\" content=\"fi_FI\" \/>\n<meta property=\"og:type\" content=\"article\" \/>\n<meta property=\"og:title\" content=\"Yhteystiedot - Rovaniemen seudun el\u00e4insuojeluyhdistys\" \/>\n<meta property=\"og:description\" content=\"Yhdistyksen puhelin: 0413174166 (jos ei vastaa, laita viesti) Yhdistyksen s\u00e4hk\u00f6postiosoite: rovaniemiesy@gmail.com Kiireellisiss\u00e4 el\u00e4insuojelutapauksissa ota yhteytt\u00e4 el\u00e4inl\u00e4\u00e4k\u00e4riin tai poliisiin. Kotisivuiltamme l\u00f6yd\u00e4t my\u00f6s neuvoja, yhteystietoja sek\u00e4 linkkej\u00e4 eri toimijoille jotka voivat auttaa SEYn valtakunnallinen el\u00e4insuojeluneuvontanumero 09- 3158 6580.&nbsp; Palvelu on auki 10\u201315, ja 1.6.2025 alkaen klo 9\u201318. El\u00e4insuojelu-chat sey.fi\" \/>\n<meta property=\"og:url\" content=\"https:\/\/sey.fi\/rovaniemi\/rovaniemen-elainsuojelu\/yhdistys\/yhteystiedot\/\" \/>\n<meta property=\"og:site_name\" content=\"Rovaniemen seudun el\u00e4insuojeluyhdistys\" \/>\n<meta property=\"article:modified_time\" content=\"2025-04-21T04:43:04+00:00\" \/>\n<meta name=\"twitter:card\" content=\"summary_large_image\" \/>\n<meta name=\"twitter:label1\" content=\"Arvioitu lukuaika\" \/>\n\t<meta name=\"twitter:data1\" content=\"1 minuutti\" \/>\n<script type=\"application\/ld+json\" class=\"yoast-schema-graph\">{\"@context\":\"https:\/\/schema.org\",\"@graph\":[{\"@type\":\"WebPage\",\"@id\":\"https:\/\/sey.fi\/rovaniemi\/rovaniemen-elainsuojelu\/yhdistys\/yhteystiedot\/\",\"url\":\"https:\/\/sey.fi\/rovaniemi\/rovaniemen-elainsuojelu\/yhdistys\/yhteystiedot\/\",\"name\":\"Yhteystiedot - Rovaniemen seudun el\u00e4insuojeluyhdistys\",\"isPartOf\":{\"@id\":\"https:\/\/sey.fi\/rovaniemi\/#website\"},\"datePublished\":\"2019-11-14T13:37:30+00:00\",\"dateModified\":\"2025-04-21T04:43:04+00:00\",\"breadcrumb\":{\"@id\":\"https:\/\/sey.fi\/rovaniemi\/rovaniemen-elainsuojelu\/yhdistys\/yhteystiedot\/#breadcrumb\"},\"inLanguage\":\"fi\",\"potentialAction\":[{\"@type\":\"ReadAction\",\"target\":[\"https:\/\/sey.fi\/rovaniemi\/rovaniemen-elainsuojelu\/yhdistys\/yhteystiedot\/\"]}]},{\"@type\":\"BreadcrumbList\",\"@id\":\"https:\/\/sey.fi\/rovaniemi\/rovaniemen-elainsuojelu\/yhdistys\/yhteystiedot\/#breadcrumb\",\"itemListElement\":[{\"@type\":\"ListItem\",\"position\":1,\"name\":\"Home\",\"item\":\"https:\/\/sey.fi\/rovaniemi\/\"},{\"@type\":\"ListItem\",\"position\":2,\"name\":\"Rovaniemen seudun el\u00e4insuojeluyhdistys\",\"item\":\"https:\/\/sey.fi\/rovaniemi\/\"},{\"@type\":\"ListItem\",\"position\":3,\"name\":\"Yhdistys\",\"item\":\"https:\/\/sey.fi\/rovaniemi\/rovaniemen-elainsuojelu\/yhdistys\/\"},{\"@type\":\"ListItem\",\"position\":4,\"name\":\"Yhteystiedot\"}]},{\"@type\":\"WebSite\",\"@id\":\"https:\/\/sey.fi\/rovaniemi\/#website\",\"url\":\"https:\/\/sey.fi\/rovaniemi\/\",\"name\":\"Rovaniemen seudun el\u00e4insuojeluyhdistys\",\"description\":\"Uusi SEY J\u00e4senyhdistykset -sivusto\",\"potentialAction\":[{\"@type\":\"SearchAction\",\"target\":{\"@type\":\"EntryPoint\",\"urlTemplate\":\"https:\/\/sey.fi\/rovaniemi\/?s={search_term_string}\"},\"query-input\":{\"@type\":\"PropertyValueSpecification\",\"valueRequired\":true,\"valueName\":\"search_term_string\"}}],\"inLanguage\":\"fi\"}]}<\/script>\n<!-- \/ Yoast SEO plugin. -->","yoast_head_json":{"title":"Yhteystiedot - Rovaniemen seudun el\u00e4insuojeluyhdistys","robots":{"index":"index","follow":"follow","max-snippet":"max-snippet:-1","max-image-preview":"max-image-preview:large","max-video-preview":"max-video-preview:-1"},"canonical":"https:\/\/sey.fi\/rovaniemi\/rovaniemen-elainsuojelu\/yhdistys\/yhteystiedot\/","og_locale":"fi_FI","og_type":"article","og_title":"Yhteystiedot - Rovaniemen seudun el\u00e4insuojeluyhdistys","og_description":"Yhdistyksen puhelin: 0413174166 (jos ei vastaa, laita viesti) Yhdistyksen s\u00e4hk\u00f6postiosoite: rovaniemiesy@gmail.com Kiireellisiss\u00e4 el\u00e4insuojelutapauksissa ota yhteytt\u00e4 el\u00e4inl\u00e4\u00e4k\u00e4riin tai poliisiin. Kotisivuiltamme l\u00f6yd\u00e4t my\u00f6s neuvoja, yhteystietoja sek\u00e4 linkkej\u00e4 eri toimijoille jotka voivat auttaa SEYn valtakunnallinen el\u00e4insuojeluneuvontanumero 09- 3158 6580.&nbsp; Palvelu on auki 10\u201315, ja 1.6.2025 alkaen klo 9\u201318. El\u00e4insuojelu-chat sey.fi","og_url":"https:\/\/sey.fi\/rovaniemi\/rovaniemen-elainsuojelu\/yhdistys\/yhteystiedot\/","og_site_name":"Rovaniemen seudun el\u00e4insuojeluyhdistys","article_modified_time":"2025-04-21T04:43:04+00:00","twitter_card":"summary_large_image","twitter_misc":{"Arvioitu lukuaika":"1 minuutti"},"schema":{"@context":"https:\/\/schema.org","@graph":[{"@type":"WebPage","@id":"https:\/\/sey.fi\/rovaniemi\/rovaniemen-elainsuojelu\/yhdistys\/yhteystiedot\/","url":"https:\/\/sey.fi\/rovaniemi\/rovaniemen-elainsuojelu\/yhdistys\/yhteystiedot\/","name":"Yhteystiedot - Rovaniemen seudun el\u00e4insuojeluyhdistys","isPartOf":{"@id":"https:\/\/sey.fi\/rovaniemi\/#website"},"datePublished":"2019-11-14T13:37:30+00:00","dateModified":"2025-04-21T04:43:04+00:00","breadcrumb":{"@id":"https:\/\/sey.fi\/rovaniemi\/rovaniemen-elainsuojelu\/yhdistys\/yhteystiedot\/#breadcrumb"},"inLanguage":"fi","potentialAction":[{"@type":"ReadAction","target":["https:\/\/sey.fi\/rovaniemi\/rovaniemen-elainsuojelu\/yhdistys\/yhteystiedot\/"]}]},{"@type":"BreadcrumbList","@id":"https:\/\/sey.fi\/rovaniemi\/rovaniemen-elainsuojelu\/yhdistys\/yhteystiedot\/#breadcrumb","itemListElement":[{"@type":"ListItem","position":1,"name":"Home","item":"https:\/\/sey.fi\/rovaniemi\/"},{"@type":"ListItem","position":2,"name":"Rovaniemen seudun el\u00e4insuojeluyhdistys","item":"https:\/\/sey.fi\/rovaniemi\/"},{"@type":"ListItem","position":3,"name":"Yhdistys","item":"https:\/\/sey.fi\/rovaniemi\/rovaniemen-elainsuojelu\/yhdistys\/"},{"@type":"ListItem","position":4,"name":"Yhteystiedot"}]},{"@type":"WebSite","@id":"https:\/\/sey.fi\/rovaniemi\/#website","url":"https:\/\/sey.fi\/rovaniemi\/","name":"Rovaniemen seudun el\u00e4insuojeluyhdistys","description":"Uusi SEY J\u00e4senyhdistykset -sivusto","potentialAction":[{"@type":"SearchAction","target":{"@type":"EntryPoint","urlTemplate":"https:\/\/sey.fi\/rovaniemi\/?s={search_term_string}"},"query-input":{"@type":"PropertyValueSpecification","valueRequired":true,"valueName":"search_term_string"}}],"inLanguage":"fi"}]}},"_links":{"self":[{"href":"https:\/\/sey.fi\/rovaniemi\/wp-json\/wp\/v2\/pages\/39","targetHints":{"allow":["GET"]}}],"collection":[{"href":"https:\/\/sey.fi\/rovaniemi\/wp-json\/wp\/v2\/pages"}],"about":[{"href":"https:\/\/sey.fi\/rovaniemi\/wp-json\/wp\/v2\/types\/page"}],"author":[{"embeddable":true,"href":"https:\/\/sey.fi\/rovaniemi\/wp-json\/wp\/v2\/users\/8"}],"replies":[{"embeddable":true,"href":"https:\/\/sey.fi\/rovaniemi\/wp-json\/wp\/v2\/comments?post=39"}],"version-history":[{"count":12,"href":"https:\/\/sey.fi\/rovaniemi\/wp-json\/wp\/v2\/pages\/39\/revisions"}],"predecessor-version":[{"id":560,"href":"https:\/\/sey.fi\/rovaniemi\/wp-json\/wp\/v2\/pages\/39\/revisions\/560"}],"up":[{"embeddable":true,"href":"https:\/\/sey.fi\/rovaniemi\/wp-json\/wp\/v2\/pages\/33"}],"wp:attachment":[{"href":"https:\/\/sey.fi\/rovaniemi\/wp-json\/wp\/v2\/media?parent=39"}],"curies":[{"name":"wp","href":"https:\/\/api.w.org\/{rel}","templated":true}]}}