{"id":41,"date":"2019-11-14T15:37:55","date_gmt":"2019-11-14T13:37:55","guid":{"rendered":"http:\/\/srvr10.xetpoint.com\/~seyfi\/rovaniemi\/?page_id=41"},"modified":"2025-07-04T15:49:46","modified_gmt":"2025-07-04T12:49:46","slug":"tietoturva-ja-rekisteriseloste","status":"publish","type":"page","link":"https:\/\/sey.fi\/rovaniemi\/rovaniemen-elainsuojelu\/yhdistys\/tietoturva-ja-rekisteriseloste\/","title":{"rendered":"TIETOTURVA- JA REKISTERISELOSTE"},"content":{"rendered":"\n<p>TIETOTURVA- JA REKISTERISELOSTE<\/p>\n\n\n\n<p>Rekisterinpit\u00e4j\u00e4:<\/p>\n\n\n\n<p>Rovaniemen seudun el\u00e4insuojeluyhdistys ry<\/p>\n\n\n\n<p>Y-tunnus 1621428-1&nbsp; Yhdistysrekisteritunnus 55.138<\/p>\n\n\n\n<p>Vastuuhenkil\u00f6:<\/p>\n\n\n\n<p>puheenjohtaja <\/p>\n\n\n\n<p>Rekister\u00f6idyt:<\/p>\n\n\n\n<p>Rekisteriss\u00e4 k\u00e4sitell\u00e4\u00e4n j\u00e4senten, yhteisty\u00f6kumppaneiden, asiakkaiden, vapaaehtoisten ja erilaisiin tapahtumiin osallistuvien henkil\u00f6iden tietoja siin\u00e4 laajuudessa kuin on tarpeen. Varsinaista j\u00e4senrekisteri\u00e4 yll\u00e4pit\u00e4\u00e4 Suomen El\u00e4insuojeluyhdistysten liitto ry SEY.<\/p>\n\n\n\n<p>Rekisterin k\u00e4ytt\u00f6tarkoitus:<\/p>\n\n\n\n<p>Erilaisten asiakas \u2013 ja palvelusuhteiden yll\u00e4pit\u00e4minen ja tapahtumien j\u00e4rjest\u00e4miseen liittyvien tietojen ker\u00e4\u00e4minen siin\u00e4 laajuudessa kuin se on yhdistyksen toiminnan kannalta tarkoituksen mukaista ja el\u00e4insuojelun toteutumiseksi on.<\/p>\n\n\n\n<p>Rekisterin sis\u00e4lt\u00f6:<\/p>\n\n\n\n<p>Rekisteri voi pit\u00e4\u00e4 sis\u00e4ll\u00e4\u00e4n seuraavia tietoja:<\/p>\n\n\n\n<p>-nimi ja yhteystiedot (esim. osoite, s\u00e4hk\u00f6postiosoite, puhelinnumero)<\/p>\n\n\n\n<p>-asiakkuuden hoitamiseksi tarpeelliset tiedot (esimerkiksi tiedot el\u00e4imest\u00e4 ja vastaavia tietoja), erilaisiin tapahtumiin liittyvien tietojen k\u00e4sittelyyn tarvittavat tiedot ja  sijaiskotitoiminnassa tarvittavia tietoja <\/p>\n\n\n\n<p>Kotisivut voivat k\u00e4ytt\u00e4\u00e4 ev\u00e4steit\u00e4 ja sivun k\u00e4ytt\u00e4j\u00e4 voi valita oman selaimen asetuksista, hyv\u00e4ksyyk\u00f6 ev\u00e4steiden k\u00e4yt\u00f6n. Ev\u00e4steist\u00e4 voi lukea tarkemmin https:\/\/www.viestintavirasto.fi\/kyberturvallisuus\/tietoturvaohjeet\/palveluidenturvallinenkaytto\/evasteet.html<\/p>\n\n\n\n<p>Tietol\u00e4hteet<\/p>\n\n\n\n<p>Rekisteriin ker\u00e4tt\u00e4v\u00e4t henkil\u00f6tiedot ovat p\u00e4\u00e4asiassa rekister\u00f6idyn itsens\u00e4 antamia tietoja tai verkkosivuston k\u00e4yt\u00f6st\u00e4 muodostettuja tietoja.<\/p>\n\n\n\n<p>Tietoja saadaan mm. www-lomakkeilla, s\u00e4hk\u00f6postitse, puhelimitse, sosiaalisen median palvelujen kautta, sopimuksista, tapahtumista tai vastaavista tilaisuuksista ja muista tilanteista joissa henkil\u00f6 luovuttaa tietojaan vapaaehtoisesti. Lis\u00e4ksi tarvittavia tietoja voidaan saada my\u00f6s viranomaisten kautta.<\/p>\n\n\n\n<p>Tietojen luovutus:<\/p>\n\n\n\n<p>Asiakasrekisterin tiedot ovat ainoastaan Rovaniemen seudun el\u00e4insuojeluyhdistyksen tiedossa. &nbsp;Tietoja ei luovuteta ulkopuolelle esimerkiksi markkinointitarkoituksiin. Henkil\u00f6tietoja luovutetaan ainoastaan viranomaisten tai vastaavien tahojen kulloinkin voimassaolevaan lains\u00e4\u00e4d\u00e4nt\u00f6\u00f6n perustuvalla tavalla tai mik\u00e4li yhdistys katsoo muutoin harkintansa perusteella olevan perusteltu syy tietojen luovuttamiseen el\u00e4insuojelun toteuttamiseksi.<\/p>\n\n\n\n<p>Suojaus:<\/p>\n\n\n\n<p>Suojattavat tiedot s\u00e4ilytet\u00e4\u00e4n niin, &nbsp;ettei niihin ole p\u00e4\u00e4sy\u00e4 ulkopuolisilla henkil\u00f6ill\u00e4 salasana- ja tietoturvasuojatuissa tiedostoissa. &nbsp;Manuaalisesti k\u00e4sitelt\u00e4v\u00e4t tiedot sijaitsevat lukituissa tiloissa. &nbsp;Rekister\u00f6idyll\u00e4 on mahdollisuus kysy\u00e4 rekisterinpit\u00e4j\u00e4lt\u00e4, mit\u00e4 tietoja h\u00e4nest\u00e4 on tallennettu ja mihin. Rekister\u00f6ityneen henkil\u00f6tiedot h\u00e4vitet\u00e4\u00e4n k\u00e4ytt\u00e4j\u00e4n pyynn\u00f6st\u00e4, ellei lains\u00e4\u00e4d\u00e4nt\u00f6 (esimerkiksi kirjanpito), laskutus tai perint\u00e4toimet est\u00e4 tietojen poistamista.<\/p>\n\n\n\n<p>Tiedot poistetaan kun ne eiv\u00e4t ole en\u00e4\u00e4 tarpeellisia.<\/p>\n\n\n\n<p>Tietojen siirto EU:n ulkopuolelle:<\/p>\n\n\n\n<p>Henkil\u00f6tietoja ei p\u00e4\u00e4s\u00e4\u00e4nt\u00f6isesti siirret\u00e4 EU:n tai Euroopan talousalueen ulkopuolelle, ellei se ole henkil\u00f6tietojen k\u00e4sittelyn tarkoituksien tai tietojen k\u00e4sittelyn teknisen toteuttamisen kannalta tarpeellista, jolloin tietojen siirrossa noudatetaan henkil\u00f6tietolains\u00e4\u00e4d\u00e4nn\u00f6n vaatimuksia.<\/p>\n\n\n\n<p>Tietoturvaloukkauksista ilmoitetaan rekister\u00f6idylle sek\u00e4 toimivaltaiselle valvontaviranomaiselle.<\/p>\n","protected":false},"excerpt":{"rendered":"<p>TIETOTURVA- JA REKISTERISELOSTE Rekisterinpit\u00e4j\u00e4: Rovaniemen seudun el\u00e4insuojeluyhdistys ry Y-tunnus 1621428-1&nbsp; Yhdistysrekisteritunnus 55.138 Vastuuhenkil\u00f6: puheenjohtaja Rekister\u00f6idyt: Rekisteriss\u00e4 k\u00e4sitell\u00e4\u00e4n j\u00e4senten, yhteisty\u00f6kumppaneiden, asiakkaiden, vapaaehtoisten ja erilaisiin tapahtumiin osallistuvien henkil\u00f6iden tietoja siin\u00e4 laajuudessa kuin on tarpeen. Varsinaista j\u00e4senrekisteri\u00e4 yll\u00e4pit\u00e4\u00e4 Suomen El\u00e4insuojeluyhdistysten liitto ry SEY. Rekisterin k\u00e4ytt\u00f6tarkoitus: Erilaisten asiakas \u2013 ja palvelusuhteiden yll\u00e4pit\u00e4minen ja tapahtumien j\u00e4rjest\u00e4miseen liittyvien tietojen ker\u00e4\u00e4minen siin\u00e4 [&hellip;]<\/p>\n","protected":false},"author":8,"featured_media":0,"parent":33,"menu_order":0,"comment_status":"closed","ping_status":"closed","template":"","meta":{"_acf_changed":false,"footnotes":""},"class_list":["post-41","page","type-page","status-publish","hentry"],"acf":[],"yoast_head":"<!-- This site is optimized with the Yoast SEO plugin v27.1.1 - https:\/\/yoast.com\/product\/yoast-seo-wordpress\/ -->\n<title>TIETOTURVA- JA REKISTERISELOSTE - Rovaniemen seudun el\u00e4insuojeluyhdistys<\/title>\n<meta name=\"robots\" content=\"index, follow, max-snippet:-1, max-image-preview:large, max-video-preview:-1\" \/>\n<link rel=\"canonical\" href=\"https:\/\/sey.fi\/rovaniemi\/rovaniemen-elainsuojelu\/yhdistys\/tietoturva-ja-rekisteriseloste\/\" \/>\n<meta property=\"og:locale\" content=\"fi_FI\" \/>\n<meta property=\"og:type\" content=\"article\" \/>\n<meta property=\"og:title\" content=\"TIETOTURVA- JA REKISTERISELOSTE - Rovaniemen seudun el\u00e4insuojeluyhdistys\" \/>\n<meta property=\"og:description\" content=\"TIETOTURVA- JA REKISTERISELOSTE Rekisterinpit\u00e4j\u00e4: Rovaniemen seudun el\u00e4insuojeluyhdistys ry Y-tunnus 1621428-1&nbsp; Yhdistysrekisteritunnus 55.138 Vastuuhenkil\u00f6: puheenjohtaja Rekister\u00f6idyt: Rekisteriss\u00e4 k\u00e4sitell\u00e4\u00e4n j\u00e4senten, yhteisty\u00f6kumppaneiden, asiakkaiden, vapaaehtoisten ja erilaisiin tapahtumiin osallistuvien henkil\u00f6iden tietoja siin\u00e4 laajuudessa kuin on tarpeen. Varsinaista j\u00e4senrekisteri\u00e4 yll\u00e4pit\u00e4\u00e4 Suomen El\u00e4insuojeluyhdistysten liitto ry SEY. Rekisterin k\u00e4ytt\u00f6tarkoitus: Erilaisten asiakas \u2013 ja palvelusuhteiden yll\u00e4pit\u00e4minen ja tapahtumien j\u00e4rjest\u00e4miseen liittyvien tietojen ker\u00e4\u00e4minen siin\u00e4 [&hellip;]\" \/>\n<meta property=\"og:url\" content=\"https:\/\/sey.fi\/rovaniemi\/rovaniemen-elainsuojelu\/yhdistys\/tietoturva-ja-rekisteriseloste\/\" \/>\n<meta property=\"og:site_name\" content=\"Rovaniemen seudun el\u00e4insuojeluyhdistys\" \/>\n<meta property=\"article:modified_time\" content=\"2025-07-04T12:49:46+00:00\" \/>\n<meta name=\"twitter:card\" content=\"summary_large_image\" \/>\n<meta name=\"twitter:label1\" content=\"Arvioitu lukuaika\" \/>\n\t<meta name=\"twitter:data1\" content=\"2 minuuttia\" \/>\n<script type=\"application\/ld+json\" class=\"yoast-schema-graph\">{\"@context\":\"https:\/\/schema.org\",\"@graph\":[{\"@type\":\"WebPage\",\"@id\":\"https:\/\/sey.fi\/rovaniemi\/rovaniemen-elainsuojelu\/yhdistys\/tietoturva-ja-rekisteriseloste\/\",\"url\":\"https:\/\/sey.fi\/rovaniemi\/rovaniemen-elainsuojelu\/yhdistys\/tietoturva-ja-rekisteriseloste\/\",\"name\":\"TIETOTURVA- JA REKISTERISELOSTE - Rovaniemen seudun el\u00e4insuojeluyhdistys\",\"isPartOf\":{\"@id\":\"https:\/\/sey.fi\/rovaniemi\/#website\"},\"datePublished\":\"2019-11-14T13:37:55+00:00\",\"dateModified\":\"2025-07-04T12:49:46+00:00\",\"breadcrumb\":{\"@id\":\"https:\/\/sey.fi\/rovaniemi\/rovaniemen-elainsuojelu\/yhdistys\/tietoturva-ja-rekisteriseloste\/#breadcrumb\"},\"inLanguage\":\"fi\",\"potentialAction\":[{\"@type\":\"ReadAction\",\"target\":[\"https:\/\/sey.fi\/rovaniemi\/rovaniemen-elainsuojelu\/yhdistys\/tietoturva-ja-rekisteriseloste\/\"]}]},{\"@type\":\"BreadcrumbList\",\"@id\":\"https:\/\/sey.fi\/rovaniemi\/rovaniemen-elainsuojelu\/yhdistys\/tietoturva-ja-rekisteriseloste\/#breadcrumb\",\"itemListElement\":[{\"@type\":\"ListItem\",\"position\":1,\"name\":\"Home\",\"item\":\"https:\/\/sey.fi\/rovaniemi\/\"},{\"@type\":\"ListItem\",\"position\":2,\"name\":\"Rovaniemen seudun el\u00e4insuojeluyhdistys\",\"item\":\"https:\/\/sey.fi\/rovaniemi\/\"},{\"@type\":\"ListItem\",\"position\":3,\"name\":\"Yhdistys\",\"item\":\"https:\/\/sey.fi\/rovaniemi\/rovaniemen-elainsuojelu\/yhdistys\/\"},{\"@type\":\"ListItem\",\"position\":4,\"name\":\"TIETOTURVA- JA REKISTERISELOSTE\"}]},{\"@type\":\"WebSite\",\"@id\":\"https:\/\/sey.fi\/rovaniemi\/#website\",\"url\":\"https:\/\/sey.fi\/rovaniemi\/\",\"name\":\"Rovaniemen seudun el\u00e4insuojeluyhdistys\",\"description\":\"Uusi SEY J\u00e4senyhdistykset -sivusto\",\"potentialAction\":[{\"@type\":\"SearchAction\",\"target\":{\"@type\":\"EntryPoint\",\"urlTemplate\":\"https:\/\/sey.fi\/rovaniemi\/?s={search_term_string}\"},\"query-input\":{\"@type\":\"PropertyValueSpecification\",\"valueRequired\":true,\"valueName\":\"search_term_string\"}}],\"inLanguage\":\"fi\"}]}<\/script>\n<!-- \/ Yoast SEO plugin. -->","yoast_head_json":{"title":"TIETOTURVA- JA REKISTERISELOSTE - Rovaniemen seudun el\u00e4insuojeluyhdistys","robots":{"index":"index","follow":"follow","max-snippet":"max-snippet:-1","max-image-preview":"max-image-preview:large","max-video-preview":"max-video-preview:-1"},"canonical":"https:\/\/sey.fi\/rovaniemi\/rovaniemen-elainsuojelu\/yhdistys\/tietoturva-ja-rekisteriseloste\/","og_locale":"fi_FI","og_type":"article","og_title":"TIETOTURVA- JA REKISTERISELOSTE - Rovaniemen seudun el\u00e4insuojeluyhdistys","og_description":"TIETOTURVA- JA REKISTERISELOSTE Rekisterinpit\u00e4j\u00e4: Rovaniemen seudun el\u00e4insuojeluyhdistys ry Y-tunnus 1621428-1&nbsp; Yhdistysrekisteritunnus 55.138 Vastuuhenkil\u00f6: puheenjohtaja Rekister\u00f6idyt: Rekisteriss\u00e4 k\u00e4sitell\u00e4\u00e4n j\u00e4senten, yhteisty\u00f6kumppaneiden, asiakkaiden, vapaaehtoisten ja erilaisiin tapahtumiin osallistuvien henkil\u00f6iden tietoja siin\u00e4 laajuudessa kuin on tarpeen. Varsinaista j\u00e4senrekisteri\u00e4 yll\u00e4pit\u00e4\u00e4 Suomen El\u00e4insuojeluyhdistysten liitto ry SEY. Rekisterin k\u00e4ytt\u00f6tarkoitus: Erilaisten asiakas \u2013 ja palvelusuhteiden yll\u00e4pit\u00e4minen ja tapahtumien j\u00e4rjest\u00e4miseen liittyvien tietojen ker\u00e4\u00e4minen siin\u00e4 [&hellip;]","og_url":"https:\/\/sey.fi\/rovaniemi\/rovaniemen-elainsuojelu\/yhdistys\/tietoturva-ja-rekisteriseloste\/","og_site_name":"Rovaniemen seudun el\u00e4insuojeluyhdistys","article_modified_time":"2025-07-04T12:49:46+00:00","twitter_card":"summary_large_image","twitter_misc":{"Arvioitu lukuaika":"2 minuuttia"},"schema":{"@context":"https:\/\/schema.org","@graph":[{"@type":"WebPage","@id":"https:\/\/sey.fi\/rovaniemi\/rovaniemen-elainsuojelu\/yhdistys\/tietoturva-ja-rekisteriseloste\/","url":"https:\/\/sey.fi\/rovaniemi\/rovaniemen-elainsuojelu\/yhdistys\/tietoturva-ja-rekisteriseloste\/","name":"TIETOTURVA- JA REKISTERISELOSTE - Rovaniemen seudun el\u00e4insuojeluyhdistys","isPartOf":{"@id":"https:\/\/sey.fi\/rovaniemi\/#website"},"datePublished":"2019-11-14T13:37:55+00:00","dateModified":"2025-07-04T12:49:46+00:00","breadcrumb":{"@id":"https:\/\/sey.fi\/rovaniemi\/rovaniemen-elainsuojelu\/yhdistys\/tietoturva-ja-rekisteriseloste\/#breadcrumb"},"inLanguage":"fi","potentialAction":[{"@type":"ReadAction","target":["https:\/\/sey.fi\/rovaniemi\/rovaniemen-elainsuojelu\/yhdistys\/tietoturva-ja-rekisteriseloste\/"]}]},{"@type":"BreadcrumbList","@id":"https:\/\/sey.fi\/rovaniemi\/rovaniemen-elainsuojelu\/yhdistys\/tietoturva-ja-rekisteriseloste\/#breadcrumb","itemListElement":[{"@type":"ListItem","position":1,"name":"Home","item":"https:\/\/sey.fi\/rovaniemi\/"},{"@type":"ListItem","position":2,"name":"Rovaniemen seudun el\u00e4insuojeluyhdistys","item":"https:\/\/sey.fi\/rovaniemi\/"},{"@type":"ListItem","position":3,"name":"Yhdistys","item":"https:\/\/sey.fi\/rovaniemi\/rovaniemen-elainsuojelu\/yhdistys\/"},{"@type":"ListItem","position":4,"name":"TIETOTURVA- JA REKISTERISELOSTE"}]},{"@type":"WebSite","@id":"https:\/\/sey.fi\/rovaniemi\/#website","url":"https:\/\/sey.fi\/rovaniemi\/","name":"Rovaniemen seudun el\u00e4insuojeluyhdistys","description":"Uusi SEY J\u00e4senyhdistykset -sivusto","potentialAction":[{"@type":"SearchAction","target":{"@type":"EntryPoint","urlTemplate":"https:\/\/sey.fi\/rovaniemi\/?s={search_term_string}"},"query-input":{"@type":"PropertyValueSpecification","valueRequired":true,"valueName":"search_term_string"}}],"inLanguage":"fi"}]}},"_links":{"self":[{"href":"https:\/\/sey.fi\/rovaniemi\/wp-json\/wp\/v2\/pages\/41","targetHints":{"allow":["GET"]}}],"collection":[{"href":"https:\/\/sey.fi\/rovaniemi\/wp-json\/wp\/v2\/pages"}],"about":[{"href":"https:\/\/sey.fi\/rovaniemi\/wp-json\/wp\/v2\/types\/page"}],"author":[{"embeddable":true,"href":"https:\/\/sey.fi\/rovaniemi\/wp-json\/wp\/v2\/users\/8"}],"replies":[{"embeddable":true,"href":"https:\/\/sey.fi\/rovaniemi\/wp-json\/wp\/v2\/comments?post=41"}],"version-history":[{"count":4,"href":"https:\/\/sey.fi\/rovaniemi\/wp-json\/wp\/v2\/pages\/41\/revisions"}],"predecessor-version":[{"id":565,"href":"https:\/\/sey.fi\/rovaniemi\/wp-json\/wp\/v2\/pages\/41\/revisions\/565"}],"up":[{"embeddable":true,"href":"https:\/\/sey.fi\/rovaniemi\/wp-json\/wp\/v2\/pages\/33"}],"wp:attachment":[{"href":"https:\/\/sey.fi\/rovaniemi\/wp-json\/wp\/v2\/media?parent=41"}],"curies":[{"name":"wp","href":"https:\/\/api.w.org\/{rel}","templated":true}]}}