{"id":45,"date":"2019-11-14T15:39:27","date_gmt":"2019-11-14T13:39:27","guid":{"rendered":"http:\/\/srvr10.xetpoint.com\/~seyfi\/rovaniemi\/?page_id=45"},"modified":"2023-05-25T16:56:29","modified_gmt":"2023-05-25T13:56:29","slug":"tue-toimintaa","status":"publish","type":"page","link":"https:\/\/sey.fi\/rovaniemi\/rovaniemen-elainsuojelu\/tue-toimintaa\/","title":{"rendered":"Tue toimintaa"},"content":{"rendered":"\n<p><br><\/p>\n\n\n\n<h2 class=\"wp-block-heading\">Liity j\u00e4seneksi<\/h2>\n\n\n\n<p>Rovaniemen seudun el\u00e4insuojeluyhdistys ry on yksi SEYn eli Suomen el\u00e4insuojelu ry:n&nbsp; j\u00e4senyhdistyksist\u00e4.<\/p>\n\n\n\n<p><a href=\"http:\/\/sey.fi\/osallistu-ja-vaikuta\/liity-jaseneksi\/\">Liity j\u00e4seneksi <\/a><\/p>\n\n\n\n<h2 class=\"wp-block-heading\">Lahjoita tilille<\/h2>\n\n\n\n<p><strong>Voit lahjoittaa haluamasi summan tilille. <\/strong> <strong>Viitenumero 4446<\/strong>.<\/p>\n\n\n\n<p>Rovaniemen seudun el\u00e4insuojeluyhdistys ry:lle on my\u00f6nnetty rahanker\u00e4yslupa.<\/p>\n\n\n\n<p>Luvan nro RA\/2020\/472<\/p>\n\n\n\n<p>Alkaen 01.05.2020 toistaiseksi voimassa olevana<\/p>\n\n\n\n<p>Luvan my\u00f6nt\u00e4j\u00e4 Poliisihallitus<\/p>\n\n\n\n<p>My\u00f6nt\u00e4misp\u00e4iv\u00e4 23.04.2020<\/p>\n\n\n\n<p>Tilinro Rovaniemen esy Osuuspankki  FI52 5640 0220 4695 92 <\/p>\n\n\n\n<p> Lahjoituksen viitenumero on 4446 <\/p>\n\n\n\n<h2 class=\"wp-block-heading\">Lahjoita Mobile Paylla<\/h2>\n\n\n\n<p>Mobile Pay numero lahjoitusta varten on 72953<\/p>\n\n\n\n<p>N\u00e4in teet lahjoituksen MobilePaylla<\/p>\n\n\n\n<ol class=\"wp-block-list\">\n<li>Avaa MobilePay<\/li>\n\n\n\n<li>Sy\u00f6t\u00e4 summa<\/li>\n\n\n\n<li>Sy\u00f6t\u00e4 ker\u00e4yksen lyhytnumero 72953<\/li>\n\n\n\n<li>Hyv\u00e4ksy lahjoitus pyyhk\u00e4isem\u00e4ll\u00e4<\/li>\n<\/ol>\n\n\n\n<p>Rahanker\u00e4yksell\u00e4 ker\u00e4tt\u00e4v\u00e4t varat k\u00e4ytet\u00e4\u00e4n erilaiseen ennaltaehk\u00e4isev\u00e4\u00e4n el\u00e4insuojeluty\u00f6h\u00f6n, esimerkiksi leikkaus-, sirutus- ja rokotuskampanjoihin, erilaisiin&nbsp; valistustilaisuuksiin&nbsp; ja muuhun&nbsp; neuvontaan, erilaisiin avustuksiin&nbsp; el\u00e4insuojeluty\u00f6h\u00f6n, sijaiskotitoimintaan, el\u00e4inl\u00e4\u00e4k\u00e4rihoitoa vaativien el\u00e4inten el\u00e4inl\u00e4\u00e4k\u00e4rikuluihin, h\u00e4t\u00e4apuun el\u00e4inten hyv\u00e4ksi mm. kissapopulaatioiden ehk\u00e4isyyn, loukutukseen ja hoitoon, el\u00e4inten hoito- ja lopetuskuluihin, el\u00e4insuojeluty\u00f6t\u00e4 tekevien avustamiseen el\u00e4insuojeluty\u00f6n toteuttamisessa ja ennaltaehk\u00e4isev\u00e4ss\u00e4 toiminnassa.<\/p>\n\n\n\n<p><\/p>\n\n\n\n<h2 class=\"wp-block-heading\">Ruoka- ja tarvikelahjoitus<\/h2>\n\n\n\n<p>Otamme vastaan ruoka-apua sek\u00e4 kissanhiekkalahjoituksia. Ota yhteys yksityisviestill\u00e4 facesivun kautta tai <a href=\"mailto:rovaniemiesy@gmail.com\">rovaniemiesy@gmail.com<\/a> tai puhelimella  0413174166 <\/p>\n\n\n\n<h2 class=\"wp-block-heading\"><\/h2>\n\n\n\n<p><\/p>\n\n\n\n<p><\/p>\n\n\n\n<h2 class=\"wp-block-heading\"><strong>T<\/strong>ule aktiivitoimintaan mukaan <\/h2>\n\n\n\n<p>Sijaiskodiksi ,pit\u00e4m\u00e4\u00e4n ker\u00e4ysp\u00f6yt\u00e4\u00e4, j\u00e4rjest\u00e4m\u00e4\u00e4n tapahtumia ym. Uudet toimijat ovat tervetulleita mukaan!<\/p>\n","protected":false},"excerpt":{"rendered":"<p>Liity j\u00e4seneksi Rovaniemen seudun el\u00e4insuojeluyhdistys ry on yksi SEYn eli Suomen el\u00e4insuojelu ry:n&nbsp; j\u00e4senyhdistyksist\u00e4. Liity j\u00e4seneksi Lahjoita tilille Voit lahjoittaa haluamasi summan tilille. Viitenumero 4446. Rovaniemen seudun el\u00e4insuojeluyhdistys ry:lle on my\u00f6nnetty rahanker\u00e4yslupa. Luvan nro RA\/2020\/472 Alkaen 01.05.2020 toistaiseksi voimassa olevana Luvan my\u00f6nt\u00e4j\u00e4 Poliisihallitus My\u00f6nt\u00e4misp\u00e4iv\u00e4 23.04.2020 Tilinro Rovaniemen esy Osuuspankki FI52 5640 0220 4695 92 Lahjoituksen [&hellip;]<\/p>\n","protected":false},"author":8,"featured_media":216,"parent":2,"menu_order":0,"comment_status":"closed","ping_status":"closed","template":"","meta":{"_acf_changed":false,"footnotes":""},"class_list":["post-45","page","type-page","status-publish","has-post-thumbnail","hentry"],"acf":[],"yoast_head":"<!-- This site is optimized with the Yoast SEO plugin v27.1.1 - https:\/\/yoast.com\/product\/yoast-seo-wordpress\/ -->\n<title>Tue toimintaa - Rovaniemen seudun el\u00e4insuojeluyhdistys<\/title>\n<meta name=\"robots\" content=\"index, follow, max-snippet:-1, max-image-preview:large, max-video-preview:-1\" \/>\n<link rel=\"canonical\" href=\"https:\/\/sey.fi\/rovaniemi\/rovaniemen-elainsuojelu\/tue-toimintaa\/\" \/>\n<meta property=\"og:locale\" content=\"fi_FI\" \/>\n<meta property=\"og:type\" content=\"article\" \/>\n<meta property=\"og:title\" content=\"Tue toimintaa - Rovaniemen seudun el\u00e4insuojeluyhdistys\" \/>\n<meta property=\"og:description\" content=\"Liity j\u00e4seneksi Rovaniemen seudun el\u00e4insuojeluyhdistys ry on yksi SEYn eli Suomen el\u00e4insuojelu ry:n&nbsp; j\u00e4senyhdistyksist\u00e4. Liity j\u00e4seneksi Lahjoita tilille Voit lahjoittaa haluamasi summan tilille. Viitenumero 4446. Rovaniemen seudun el\u00e4insuojeluyhdistys ry:lle on my\u00f6nnetty rahanker\u00e4yslupa. Luvan nro RA\/2020\/472 Alkaen 01.05.2020 toistaiseksi voimassa olevana Luvan my\u00f6nt\u00e4j\u00e4 Poliisihallitus My\u00f6nt\u00e4misp\u00e4iv\u00e4 23.04.2020 Tilinro Rovaniemen esy Osuuspankki FI52 5640 0220 4695 92 Lahjoituksen [&hellip;]\" \/>\n<meta property=\"og:url\" content=\"https:\/\/sey.fi\/rovaniemi\/rovaniemen-elainsuojelu\/tue-toimintaa\/\" \/>\n<meta property=\"og:site_name\" content=\"Rovaniemen seudun el\u00e4insuojeluyhdistys\" \/>\n<meta property=\"article:modified_time\" content=\"2023-05-25T13:56:29+00:00\" \/>\n<meta property=\"og:image\" content=\"https:\/\/sey.fi\/wp-content\/uploads\/sites\/27\/2020\/02\/kittens-4416914_1280.jpg\" \/>\n\t<meta property=\"og:image:width\" content=\"1280\" \/>\n\t<meta property=\"og:image:height\" content=\"960\" \/>\n\t<meta property=\"og:image:type\" content=\"image\/jpeg\" \/>\n<meta name=\"twitter:card\" content=\"summary_large_image\" \/>\n<meta name=\"twitter:label1\" content=\"Arvioitu lukuaika\" \/>\n\t<meta name=\"twitter:data1\" content=\"2 minuuttia\" \/>\n<script type=\"application\/ld+json\" class=\"yoast-schema-graph\">{\"@context\":\"https:\/\/schema.org\",\"@graph\":[{\"@type\":\"WebPage\",\"@id\":\"https:\/\/sey.fi\/rovaniemi\/rovaniemen-elainsuojelu\/tue-toimintaa\/\",\"url\":\"https:\/\/sey.fi\/rovaniemi\/rovaniemen-elainsuojelu\/tue-toimintaa\/\",\"name\":\"Tue toimintaa - Rovaniemen seudun el\u00e4insuojeluyhdistys\",\"isPartOf\":{\"@id\":\"https:\/\/sey.fi\/rovaniemi\/#website\"},\"primaryImageOfPage\":{\"@id\":\"https:\/\/sey.fi\/rovaniemi\/rovaniemen-elainsuojelu\/tue-toimintaa\/#primaryimage\"},\"image\":{\"@id\":\"https:\/\/sey.fi\/rovaniemi\/rovaniemen-elainsuojelu\/tue-toimintaa\/#primaryimage\"},\"thumbnailUrl\":\"https:\/\/sey.fi\/wp-content\/uploads\/sites\/27\/2020\/02\/kittens-4416914_1280.jpg\",\"datePublished\":\"2019-11-14T13:39:27+00:00\",\"dateModified\":\"2023-05-25T13:56:29+00:00\",\"breadcrumb\":{\"@id\":\"https:\/\/sey.fi\/rovaniemi\/rovaniemen-elainsuojelu\/tue-toimintaa\/#breadcrumb\"},\"inLanguage\":\"fi\",\"potentialAction\":[{\"@type\":\"ReadAction\",\"target\":[\"https:\/\/sey.fi\/rovaniemi\/rovaniemen-elainsuojelu\/tue-toimintaa\/\"]}]},{\"@type\":\"ImageObject\",\"inLanguage\":\"fi\",\"@id\":\"https:\/\/sey.fi\/rovaniemi\/rovaniemen-elainsuojelu\/tue-toimintaa\/#primaryimage\",\"url\":\"https:\/\/sey.fi\/wp-content\/uploads\/sites\/27\/2020\/02\/kittens-4416914_1280.jpg\",\"contentUrl\":\"https:\/\/sey.fi\/wp-content\/uploads\/sites\/27\/2020\/02\/kittens-4416914_1280.jpg\",\"width\":1280,\"height\":960},{\"@type\":\"BreadcrumbList\",\"@id\":\"https:\/\/sey.fi\/rovaniemi\/rovaniemen-elainsuojelu\/tue-toimintaa\/#breadcrumb\",\"itemListElement\":[{\"@type\":\"ListItem\",\"position\":1,\"name\":\"Home\",\"item\":\"https:\/\/sey.fi\/rovaniemi\/\"},{\"@type\":\"ListItem\",\"position\":2,\"name\":\"Rovaniemen seudun el\u00e4insuojeluyhdistys\",\"item\":\"https:\/\/sey.fi\/rovaniemi\/\"},{\"@type\":\"ListItem\",\"position\":3,\"name\":\"Tue toimintaa\"}]},{\"@type\":\"WebSite\",\"@id\":\"https:\/\/sey.fi\/rovaniemi\/#website\",\"url\":\"https:\/\/sey.fi\/rovaniemi\/\",\"name\":\"Rovaniemen seudun el\u00e4insuojeluyhdistys\",\"description\":\"Uusi SEY J\u00e4senyhdistykset -sivusto\",\"potentialAction\":[{\"@type\":\"SearchAction\",\"target\":{\"@type\":\"EntryPoint\",\"urlTemplate\":\"https:\/\/sey.fi\/rovaniemi\/?s={search_term_string}\"},\"query-input\":{\"@type\":\"PropertyValueSpecification\",\"valueRequired\":true,\"valueName\":\"search_term_string\"}}],\"inLanguage\":\"fi\"}]}<\/script>\n<!-- \/ Yoast SEO plugin. -->","yoast_head_json":{"title":"Tue toimintaa - Rovaniemen seudun el\u00e4insuojeluyhdistys","robots":{"index":"index","follow":"follow","max-snippet":"max-snippet:-1","max-image-preview":"max-image-preview:large","max-video-preview":"max-video-preview:-1"},"canonical":"https:\/\/sey.fi\/rovaniemi\/rovaniemen-elainsuojelu\/tue-toimintaa\/","og_locale":"fi_FI","og_type":"article","og_title":"Tue toimintaa - Rovaniemen seudun el\u00e4insuojeluyhdistys","og_description":"Liity j\u00e4seneksi Rovaniemen seudun el\u00e4insuojeluyhdistys ry on yksi SEYn eli Suomen el\u00e4insuojelu ry:n&nbsp; j\u00e4senyhdistyksist\u00e4. Liity j\u00e4seneksi Lahjoita tilille Voit lahjoittaa haluamasi summan tilille. Viitenumero 4446. Rovaniemen seudun el\u00e4insuojeluyhdistys ry:lle on my\u00f6nnetty rahanker\u00e4yslupa. Luvan nro RA\/2020\/472 Alkaen 01.05.2020 toistaiseksi voimassa olevana Luvan my\u00f6nt\u00e4j\u00e4 Poliisihallitus My\u00f6nt\u00e4misp\u00e4iv\u00e4 23.04.2020 Tilinro Rovaniemen esy Osuuspankki FI52 5640 0220 4695 92 Lahjoituksen [&hellip;]","og_url":"https:\/\/sey.fi\/rovaniemi\/rovaniemen-elainsuojelu\/tue-toimintaa\/","og_site_name":"Rovaniemen seudun el\u00e4insuojeluyhdistys","article_modified_time":"2023-05-25T13:56:29+00:00","og_image":[{"width":1280,"height":960,"url":"https:\/\/sey.fi\/wp-content\/uploads\/sites\/27\/2020\/02\/kittens-4416914_1280.jpg","type":"image\/jpeg"}],"twitter_card":"summary_large_image","twitter_misc":{"Arvioitu lukuaika":"2 minuuttia"},"schema":{"@context":"https:\/\/schema.org","@graph":[{"@type":"WebPage","@id":"https:\/\/sey.fi\/rovaniemi\/rovaniemen-elainsuojelu\/tue-toimintaa\/","url":"https:\/\/sey.fi\/rovaniemi\/rovaniemen-elainsuojelu\/tue-toimintaa\/","name":"Tue toimintaa - Rovaniemen seudun el\u00e4insuojeluyhdistys","isPartOf":{"@id":"https:\/\/sey.fi\/rovaniemi\/#website"},"primaryImageOfPage":{"@id":"https:\/\/sey.fi\/rovaniemi\/rovaniemen-elainsuojelu\/tue-toimintaa\/#primaryimage"},"image":{"@id":"https:\/\/sey.fi\/rovaniemi\/rovaniemen-elainsuojelu\/tue-toimintaa\/#primaryimage"},"thumbnailUrl":"https:\/\/sey.fi\/wp-content\/uploads\/sites\/27\/2020\/02\/kittens-4416914_1280.jpg","datePublished":"2019-11-14T13:39:27+00:00","dateModified":"2023-05-25T13:56:29+00:00","breadcrumb":{"@id":"https:\/\/sey.fi\/rovaniemi\/rovaniemen-elainsuojelu\/tue-toimintaa\/#breadcrumb"},"inLanguage":"fi","potentialAction":[{"@type":"ReadAction","target":["https:\/\/sey.fi\/rovaniemi\/rovaniemen-elainsuojelu\/tue-toimintaa\/"]}]},{"@type":"ImageObject","inLanguage":"fi","@id":"https:\/\/sey.fi\/rovaniemi\/rovaniemen-elainsuojelu\/tue-toimintaa\/#primaryimage","url":"https:\/\/sey.fi\/wp-content\/uploads\/sites\/27\/2020\/02\/kittens-4416914_1280.jpg","contentUrl":"https:\/\/sey.fi\/wp-content\/uploads\/sites\/27\/2020\/02\/kittens-4416914_1280.jpg","width":1280,"height":960},{"@type":"BreadcrumbList","@id":"https:\/\/sey.fi\/rovaniemi\/rovaniemen-elainsuojelu\/tue-toimintaa\/#breadcrumb","itemListElement":[{"@type":"ListItem","position":1,"name":"Home","item":"https:\/\/sey.fi\/rovaniemi\/"},{"@type":"ListItem","position":2,"name":"Rovaniemen seudun el\u00e4insuojeluyhdistys","item":"https:\/\/sey.fi\/rovaniemi\/"},{"@type":"ListItem","position":3,"name":"Tue toimintaa"}]},{"@type":"WebSite","@id":"https:\/\/sey.fi\/rovaniemi\/#website","url":"https:\/\/sey.fi\/rovaniemi\/","name":"Rovaniemen seudun el\u00e4insuojeluyhdistys","description":"Uusi SEY J\u00e4senyhdistykset -sivusto","potentialAction":[{"@type":"SearchAction","target":{"@type":"EntryPoint","urlTemplate":"https:\/\/sey.fi\/rovaniemi\/?s={search_term_string}"},"query-input":{"@type":"PropertyValueSpecification","valueRequired":true,"valueName":"search_term_string"}}],"inLanguage":"fi"}]}},"_links":{"self":[{"href":"https:\/\/sey.fi\/rovaniemi\/wp-json\/wp\/v2\/pages\/45","targetHints":{"allow":["GET"]}}],"collection":[{"href":"https:\/\/sey.fi\/rovaniemi\/wp-json\/wp\/v2\/pages"}],"about":[{"href":"https:\/\/sey.fi\/rovaniemi\/wp-json\/wp\/v2\/types\/page"}],"author":[{"embeddable":true,"href":"https:\/\/sey.fi\/rovaniemi\/wp-json\/wp\/v2\/users\/8"}],"replies":[{"embeddable":true,"href":"https:\/\/sey.fi\/rovaniemi\/wp-json\/wp\/v2\/comments?post=45"}],"version-history":[{"count":16,"href":"https:\/\/sey.fi\/rovaniemi\/wp-json\/wp\/v2\/pages\/45\/revisions"}],"predecessor-version":[{"id":537,"href":"https:\/\/sey.fi\/rovaniemi\/wp-json\/wp\/v2\/pages\/45\/revisions\/537"}],"up":[{"embeddable":true,"href":"https:\/\/sey.fi\/rovaniemi\/wp-json\/wp\/v2\/pages\/2"}],"wp:featuredmedia":[{"embeddable":true,"href":"https:\/\/sey.fi\/rovaniemi\/wp-json\/wp\/v2\/media\/216"}],"wp:attachment":[{"href":"https:\/\/sey.fi\/rovaniemi\/wp-json\/wp\/v2\/media?parent=45"}],"curies":[{"name":"wp","href":"https:\/\/api.w.org\/{rel}","templated":true}]}}