{"id":47,"date":"2019-11-14T15:39:54","date_gmt":"2019-11-14T13:39:54","guid":{"rendered":"http:\/\/srvr10.xetpoint.com\/~seyfi\/rovaniemi\/?page_id=47"},"modified":"2024-12-21T15:10:22","modified_gmt":"2024-12-21T13:10:22","slug":"kotia-etsii","status":"publish","type":"page","link":"https:\/\/sey.fi\/rovaniemi\/rovaniemen-elainsuojelu\/kotia-etsii\/","title":{"rendered":"Kotia etsii"},"content":{"rendered":"\n<p>Kaikki kissat madotetaan, kastroidaan tai steriloidaan, rokotetaan  ja sirutetaan yhdistyksen toimesta.   Luovutamme kissat vain sis\u00e4kissoiksi.  <\/p>\n\n\n\n<p>Kissanpennun kulukorvaus on 300 e (alle 1 v).  Sis\u00e4lt\u00e4v\u00e4t edell\u00e4 mainitut toimenpiteet. Pentujen luovutusik\u00e4 v\u00e4hint\u00e4\u00e4n 14 vko. Uudessa kodissa tulee olla joko kissakaveri valmiina tai kodin tarjoaja voi adoptoida kaksi kissaa samaan aikaan. <\/p>\n\n\n\n<p>Aikuisten kulukorvaus 200 e. Poikkeustapauksissa (esim. vanha kissa) kulukorvaus voi olla matalampi  tai my\u00f6s korkeampi. Sis\u00e4lt\u00e4v\u00e4t edell\u00e4 mainitut toimenpiteet. Aikuiset luovutetaan kissasta riippuen joko kissakaverin kanssa tai kotiin jossa on jo kissaseuraa, mutta osa aikuisista kissoista p\u00e4rj\u00e4\u00e4 parhaiten my\u00f6s ainoana kissana. <\/p>\n\n\n\n<p><\/p>\n\n\n\n<p>Luovutuksesta tehd\u00e4\u00e4n kirjallinen sopimus ja ostajana tulee olla t\u00e4ysi-ik\u00e4inen henkil\u00f6. <\/p>\n\n\n\n<p>Koirat  tapauskohtaisesti.<\/p>\n\n\n\n<p>Kanit 200 e. <\/p>\n\n\n\n<p>AJANKOHTAISIMMAT TIEDOT KOTIA ETSIVIST\u00c4 L\u00d6YD\u00c4T FACEBOOK-SIVUILTAMME<\/p>\n\n\n\n<p><\/p>\n\n\n\n<p><br><\/p>\n\n\n\n<p><\/p>\n\n\n\n<p>. <\/p>\n\n\n\n<p><\/p>\n\n\n\n<p><\/p>\n\n\n\n<p><\/p>\n\n\n\n<p><\/p>\n\n\n\n<p><\/p>\n\n\n\n<p><br><\/p>\n\n\n\n<p><\/p>\n\n\n\n<p><\/p>\n\n\n\n<p><\/p>\n\n\n\n<p><\/p>\n\n\n\n<p><\/p>\n\n\n\n<p class=\"has-large-font-size\"><strong>Yksityiset uutta kotia etsiv\u00e4t<\/strong><\/p>\n\n\n\n<p>Uutta kotia etsiv\u00e4t yksityisten ihmisten el\u00e4imet. T\u00e4ss\u00e4 ilmoitetut el\u00e4imet eiv\u00e4t ole Rovaniemen esyn sijaiskodeissa, vaan ilmoittaja ja uusi koti sopivat varsinaisesta  luovutuksesta ja sopimusehdoista kesken\u00e4\u00e4n.<\/p>\n\n\n\n<p><br><\/p>\n\n\n\n<p><\/p>\n\n\n\n<p><\/p>\n\n\n\n<p><\/p>\n\n\n\n<p><\/p>\n\n\n\n<p><\/p>\n\n\n\n<p><\/p>\n\n\n\n<p><\/p>\n","protected":false},"excerpt":{"rendered":"<p>Kaikki kissat madotetaan, kastroidaan tai steriloidaan, rokotetaan ja sirutetaan yhdistyksen toimesta. Luovutamme kissat vain sis\u00e4kissoiksi. Kissanpennun kulukorvaus on 300 e (alle 1 v). Sis\u00e4lt\u00e4v\u00e4t edell\u00e4 mainitut toimenpiteet. Pentujen luovutusik\u00e4 v\u00e4hint\u00e4\u00e4n 14 vko. Uudessa kodissa tulee olla joko kissakaveri valmiina tai kodin tarjoaja voi adoptoida kaksi kissaa samaan aikaan. Aikuisten kulukorvaus 200 e. Poikkeustapauksissa (esim. vanha [&hellip;]<\/p>\n","protected":false},"author":8,"featured_media":0,"parent":2,"menu_order":0,"comment_status":"closed","ping_status":"closed","template":"","meta":{"_acf_changed":false,"footnotes":""},"class_list":["post-47","page","type-page","status-publish","hentry"],"acf":[],"yoast_head":"<!-- This site is optimized with the Yoast SEO plugin v27.1.1 - https:\/\/yoast.com\/product\/yoast-seo-wordpress\/ -->\n<title>Kotia etsii - Rovaniemen seudun el\u00e4insuojeluyhdistys<\/title>\n<meta name=\"robots\" content=\"index, follow, max-snippet:-1, max-image-preview:large, max-video-preview:-1\" \/>\n<link rel=\"canonical\" href=\"https:\/\/sey.fi\/rovaniemi\/rovaniemen-elainsuojelu\/kotia-etsii\/\" \/>\n<meta property=\"og:locale\" content=\"fi_FI\" \/>\n<meta property=\"og:type\" content=\"article\" \/>\n<meta property=\"og:title\" content=\"Kotia etsii - Rovaniemen seudun el\u00e4insuojeluyhdistys\" \/>\n<meta property=\"og:description\" content=\"Kaikki kissat madotetaan, kastroidaan tai steriloidaan, rokotetaan ja sirutetaan yhdistyksen toimesta. Luovutamme kissat vain sis\u00e4kissoiksi. Kissanpennun kulukorvaus on 300 e (alle 1 v). Sis\u00e4lt\u00e4v\u00e4t edell\u00e4 mainitut toimenpiteet. Pentujen luovutusik\u00e4 v\u00e4hint\u00e4\u00e4n 14 vko. Uudessa kodissa tulee olla joko kissakaveri valmiina tai kodin tarjoaja voi adoptoida kaksi kissaa samaan aikaan. Aikuisten kulukorvaus 200 e. Poikkeustapauksissa (esim. vanha [&hellip;]\" \/>\n<meta property=\"og:url\" content=\"https:\/\/sey.fi\/rovaniemi\/rovaniemen-elainsuojelu\/kotia-etsii\/\" \/>\n<meta property=\"og:site_name\" content=\"Rovaniemen seudun el\u00e4insuojeluyhdistys\" \/>\n<meta property=\"article:modified_time\" content=\"2024-12-21T13:10:22+00:00\" \/>\n<meta name=\"twitter:card\" content=\"summary_large_image\" \/>\n<meta name=\"twitter:label1\" content=\"Arvioitu lukuaika\" \/>\n\t<meta name=\"twitter:data1\" content=\"1 minuutti\" \/>\n<script type=\"application\/ld+json\" class=\"yoast-schema-graph\">{\"@context\":\"https:\/\/schema.org\",\"@graph\":[{\"@type\":\"WebPage\",\"@id\":\"https:\/\/sey.fi\/rovaniemi\/rovaniemen-elainsuojelu\/kotia-etsii\/\",\"url\":\"https:\/\/sey.fi\/rovaniemi\/rovaniemen-elainsuojelu\/kotia-etsii\/\",\"name\":\"Kotia etsii - Rovaniemen seudun el\u00e4insuojeluyhdistys\",\"isPartOf\":{\"@id\":\"https:\/\/sey.fi\/rovaniemi\/#website\"},\"datePublished\":\"2019-11-14T13:39:54+00:00\",\"dateModified\":\"2024-12-21T13:10:22+00:00\",\"breadcrumb\":{\"@id\":\"https:\/\/sey.fi\/rovaniemi\/rovaniemen-elainsuojelu\/kotia-etsii\/#breadcrumb\"},\"inLanguage\":\"fi\",\"potentialAction\":[{\"@type\":\"ReadAction\",\"target\":[\"https:\/\/sey.fi\/rovaniemi\/rovaniemen-elainsuojelu\/kotia-etsii\/\"]}]},{\"@type\":\"BreadcrumbList\",\"@id\":\"https:\/\/sey.fi\/rovaniemi\/rovaniemen-elainsuojelu\/kotia-etsii\/#breadcrumb\",\"itemListElement\":[{\"@type\":\"ListItem\",\"position\":1,\"name\":\"Home\",\"item\":\"https:\/\/sey.fi\/rovaniemi\/\"},{\"@type\":\"ListItem\",\"position\":2,\"name\":\"Rovaniemen seudun el\u00e4insuojeluyhdistys\",\"item\":\"https:\/\/sey.fi\/rovaniemi\/\"},{\"@type\":\"ListItem\",\"position\":3,\"name\":\"Kotia etsii\"}]},{\"@type\":\"WebSite\",\"@id\":\"https:\/\/sey.fi\/rovaniemi\/#website\",\"url\":\"https:\/\/sey.fi\/rovaniemi\/\",\"name\":\"Rovaniemen seudun el\u00e4insuojeluyhdistys\",\"description\":\"Uusi SEY J\u00e4senyhdistykset -sivusto\",\"potentialAction\":[{\"@type\":\"SearchAction\",\"target\":{\"@type\":\"EntryPoint\",\"urlTemplate\":\"https:\/\/sey.fi\/rovaniemi\/?s={search_term_string}\"},\"query-input\":{\"@type\":\"PropertyValueSpecification\",\"valueRequired\":true,\"valueName\":\"search_term_string\"}}],\"inLanguage\":\"fi\"}]}<\/script>\n<!-- \/ Yoast SEO plugin. -->","yoast_head_json":{"title":"Kotia etsii - Rovaniemen seudun el\u00e4insuojeluyhdistys","robots":{"index":"index","follow":"follow","max-snippet":"max-snippet:-1","max-image-preview":"max-image-preview:large","max-video-preview":"max-video-preview:-1"},"canonical":"https:\/\/sey.fi\/rovaniemi\/rovaniemen-elainsuojelu\/kotia-etsii\/","og_locale":"fi_FI","og_type":"article","og_title":"Kotia etsii - Rovaniemen seudun el\u00e4insuojeluyhdistys","og_description":"Kaikki kissat madotetaan, kastroidaan tai steriloidaan, rokotetaan ja sirutetaan yhdistyksen toimesta. Luovutamme kissat vain sis\u00e4kissoiksi. Kissanpennun kulukorvaus on 300 e (alle 1 v). Sis\u00e4lt\u00e4v\u00e4t edell\u00e4 mainitut toimenpiteet. Pentujen luovutusik\u00e4 v\u00e4hint\u00e4\u00e4n 14 vko. Uudessa kodissa tulee olla joko kissakaveri valmiina tai kodin tarjoaja voi adoptoida kaksi kissaa samaan aikaan. Aikuisten kulukorvaus 200 e. Poikkeustapauksissa (esim. vanha [&hellip;]","og_url":"https:\/\/sey.fi\/rovaniemi\/rovaniemen-elainsuojelu\/kotia-etsii\/","og_site_name":"Rovaniemen seudun el\u00e4insuojeluyhdistys","article_modified_time":"2024-12-21T13:10:22+00:00","twitter_card":"summary_large_image","twitter_misc":{"Arvioitu lukuaika":"1 minuutti"},"schema":{"@context":"https:\/\/schema.org","@graph":[{"@type":"WebPage","@id":"https:\/\/sey.fi\/rovaniemi\/rovaniemen-elainsuojelu\/kotia-etsii\/","url":"https:\/\/sey.fi\/rovaniemi\/rovaniemen-elainsuojelu\/kotia-etsii\/","name":"Kotia etsii - Rovaniemen seudun el\u00e4insuojeluyhdistys","isPartOf":{"@id":"https:\/\/sey.fi\/rovaniemi\/#website"},"datePublished":"2019-11-14T13:39:54+00:00","dateModified":"2024-12-21T13:10:22+00:00","breadcrumb":{"@id":"https:\/\/sey.fi\/rovaniemi\/rovaniemen-elainsuojelu\/kotia-etsii\/#breadcrumb"},"inLanguage":"fi","potentialAction":[{"@type":"ReadAction","target":["https:\/\/sey.fi\/rovaniemi\/rovaniemen-elainsuojelu\/kotia-etsii\/"]}]},{"@type":"BreadcrumbList","@id":"https:\/\/sey.fi\/rovaniemi\/rovaniemen-elainsuojelu\/kotia-etsii\/#breadcrumb","itemListElement":[{"@type":"ListItem","position":1,"name":"Home","item":"https:\/\/sey.fi\/rovaniemi\/"},{"@type":"ListItem","position":2,"name":"Rovaniemen seudun el\u00e4insuojeluyhdistys","item":"https:\/\/sey.fi\/rovaniemi\/"},{"@type":"ListItem","position":3,"name":"Kotia etsii"}]},{"@type":"WebSite","@id":"https:\/\/sey.fi\/rovaniemi\/#website","url":"https:\/\/sey.fi\/rovaniemi\/","name":"Rovaniemen seudun el\u00e4insuojeluyhdistys","description":"Uusi SEY J\u00e4senyhdistykset -sivusto","potentialAction":[{"@type":"SearchAction","target":{"@type":"EntryPoint","urlTemplate":"https:\/\/sey.fi\/rovaniemi\/?s={search_term_string}"},"query-input":{"@type":"PropertyValueSpecification","valueRequired":true,"valueName":"search_term_string"}}],"inLanguage":"fi"}]}},"_links":{"self":[{"href":"https:\/\/sey.fi\/rovaniemi\/wp-json\/wp\/v2\/pages\/47","targetHints":{"allow":["GET"]}}],"collection":[{"href":"https:\/\/sey.fi\/rovaniemi\/wp-json\/wp\/v2\/pages"}],"about":[{"href":"https:\/\/sey.fi\/rovaniemi\/wp-json\/wp\/v2\/types\/page"}],"author":[{"embeddable":true,"href":"https:\/\/sey.fi\/rovaniemi\/wp-json\/wp\/v2\/users\/8"}],"replies":[{"embeddable":true,"href":"https:\/\/sey.fi\/rovaniemi\/wp-json\/wp\/v2\/comments?post=47"}],"version-history":[{"count":122,"href":"https:\/\/sey.fi\/rovaniemi\/wp-json\/wp\/v2\/pages\/47\/revisions"}],"predecessor-version":[{"id":555,"href":"https:\/\/sey.fi\/rovaniemi\/wp-json\/wp\/v2\/pages\/47\/revisions\/555"}],"up":[{"embeddable":true,"href":"https:\/\/sey.fi\/rovaniemi\/wp-json\/wp\/v2\/pages\/2"}],"wp:attachment":[{"href":"https:\/\/sey.fi\/rovaniemi\/wp-json\/wp\/v2\/media?parent=47"}],"curies":[{"name":"wp","href":"https:\/\/api.w.org\/{rel}","templated":true}]}}