{"id":51,"date":"2019-11-14T15:40:51","date_gmt":"2019-11-14T13:40:51","guid":{"rendered":"http:\/\/srvr10.xetpoint.com\/~seyfi\/rovaniemi\/?page_id=51"},"modified":"2025-07-04T15:54:44","modified_gmt":"2025-07-04T12:54:44","slug":"jaseneksi","status":"publish","type":"page","link":"https:\/\/sey.fi\/rovaniemi\/rovaniemen-elainsuojelu\/jaseneksi\/","title":{"rendered":"J\u00e4seneksi"},"content":{"rendered":"\n<p>Rovaniemen seudun el\u00e4insuojeluyhdistys ry on yksi SEYn eli Suomen el\u00e4insuojelu ry:n j\u00e4senyhdistyksist\u00e4.<\/p>\n\n\n\n<p>SEY on Suomen suurin el\u00e4insuojeluj\u00e4rjest\u00f6 ja se toteuttaa el\u00e4insuojeluty\u00f6t\u00e4 k\u00e4yt\u00e4nn\u00f6n tasolla j\u00e4senyhdistystens\u00e4 ja vapaaehtoisten el\u00e4insuojeluneuvojiensa&nbsp; kautta. SEY pyrkii my\u00f6s vaikuttamaan&nbsp;yleiseen mielipiteeseen ja poliittiseen p\u00e4\u00e4t\u00f6ksentekoon el\u00e4inten hyv\u00e4ksi. Liittym\u00e4ll\u00e4&nbsp; j\u00e4seneksi tuet&nbsp; el\u00e4insuojeluty\u00f6t\u00e4. SEY toimii l\u00e4hes t\u00e4ysin lahjoitusvaroin. <\/p>\n\n\n\n<p>SEY on liitto, johon kuulutaan j\u00e4senyhdistysten kautta. J\u00e4senet saavat El\u00e4inten yst\u00e4v\u00e4 -lehden.<\/p>\n\n\n\n<p>J\u00e4senmaksut Rovaniemen seudun el\u00e4insuojeluyhdistys :<\/p>\n\n\n\n<p>Nuorisoj\u00e4sen (alle 15-vuotiaat), j\u00e4senmaksu 23\u20ac \/v&nbsp;&nbsp;&nbsp;&nbsp;&nbsp;&nbsp;&nbsp;&nbsp;&nbsp;&nbsp;&nbsp;&nbsp;&nbsp;&nbsp;&nbsp;&nbsp;&nbsp;&nbsp;&nbsp;&nbsp;&nbsp;&nbsp;&nbsp;&nbsp;&nbsp;&nbsp;&nbsp;&nbsp;&nbsp;&nbsp;&nbsp;&nbsp;&nbsp;&nbsp;&nbsp;&nbsp;&nbsp;&nbsp;&nbsp;&nbsp;&nbsp;&nbsp;&nbsp;&nbsp;&nbsp;&nbsp;&nbsp;&nbsp;&nbsp;&nbsp;&nbsp;&nbsp;&nbsp;&nbsp;&nbsp;&nbsp;&nbsp;&nbsp;&nbsp;&nbsp;<\/p>\n\n\n\n<p>Varsinainen j\u00e4sen (ik\u00e4 15 v. tai yli), j\u00e4senmaksu 33\u20ac \/v<\/p>\n\n\n\n<p>Kannatusj\u00e4sen, j\u00e4senmaksu 230\u20ac \/v<\/p>\n\n\n\n<p>Perhej\u00e4sen (ei lehte\u00e4, lehden saa joku muu samassa osoitteessa asuva j\u00e4sen), j\u00e4senmaksu 23\u20ac \/v<\/p>\n\n\n\n<p>Ainaisj\u00e4sen, kertamaksu 330\u20ac \u0080<\/p>\n\n\n\n<p>Liittomuotoisessa SEYss\u00e4 j\u00e4senhakemuksen k\u00e4sittely kest\u00e4\u00e4 jonkin aikaa. J\u00e4senmaksut laskutetaan muutaman kerran vuodessa, joten liittymisen j\u00e4lkeen voi menn\u00e4 muutama kuukausi, ett\u00e4 saat laskun.&nbsp;&nbsp;&nbsp;&nbsp;&nbsp;&nbsp;&nbsp;&nbsp;&nbsp;&nbsp;<\/p>\n\n\n\n<p><a href=\"http:\/\/www.sey.fi\/tue-toimintaa\/jasenyys\"><strong>Liity j\u00e4seneksi t\u00e4ytt\u00e4m\u00e4ll\u00e4 lomake t\u00e4st\u00e4!<\/strong><\/a><\/p>\n","protected":false},"excerpt":{"rendered":"<p>Rovaniemen seudun el\u00e4insuojeluyhdistys ry on yksi SEYn eli Suomen el\u00e4insuojelu ry:n j\u00e4senyhdistyksist\u00e4. SEY on Suomen suurin el\u00e4insuojeluj\u00e4rjest\u00f6 ja se toteuttaa el\u00e4insuojeluty\u00f6t\u00e4 k\u00e4yt\u00e4nn\u00f6n tasolla j\u00e4senyhdistystens\u00e4 ja vapaaehtoisten el\u00e4insuojeluneuvojiensa&nbsp; kautta. SEY pyrkii my\u00f6s vaikuttamaan&nbsp;yleiseen mielipiteeseen ja poliittiseen p\u00e4\u00e4t\u00f6ksentekoon el\u00e4inten hyv\u00e4ksi. Liittym\u00e4ll\u00e4&nbsp; j\u00e4seneksi tuet&nbsp; el\u00e4insuojeluty\u00f6t\u00e4. SEY toimii l\u00e4hes t\u00e4ysin lahjoitusvaroin. SEY on liitto, johon kuulutaan j\u00e4senyhdistysten kautta. J\u00e4senet [&hellip;]<\/p>\n","protected":false},"author":8,"featured_media":0,"parent":2,"menu_order":0,"comment_status":"closed","ping_status":"closed","template":"","meta":{"_acf_changed":false,"footnotes":""},"class_list":["post-51","page","type-page","status-publish","hentry"],"acf":[],"yoast_head":"<!-- This site is optimized with the Yoast SEO plugin v27.1.1 - https:\/\/yoast.com\/product\/yoast-seo-wordpress\/ -->\n<title>J\u00e4seneksi - Rovaniemen seudun el\u00e4insuojeluyhdistys<\/title>\n<meta name=\"robots\" content=\"index, follow, max-snippet:-1, max-image-preview:large, max-video-preview:-1\" \/>\n<link rel=\"canonical\" href=\"https:\/\/sey.fi\/rovaniemi\/rovaniemen-elainsuojelu\/jaseneksi\/\" \/>\n<meta property=\"og:locale\" content=\"fi_FI\" \/>\n<meta property=\"og:type\" content=\"article\" \/>\n<meta property=\"og:title\" content=\"J\u00e4seneksi - Rovaniemen seudun el\u00e4insuojeluyhdistys\" \/>\n<meta property=\"og:description\" content=\"Rovaniemen seudun el\u00e4insuojeluyhdistys ry on yksi SEYn eli Suomen el\u00e4insuojelu ry:n j\u00e4senyhdistyksist\u00e4. SEY on Suomen suurin el\u00e4insuojeluj\u00e4rjest\u00f6 ja se toteuttaa el\u00e4insuojeluty\u00f6t\u00e4 k\u00e4yt\u00e4nn\u00f6n tasolla j\u00e4senyhdistystens\u00e4 ja vapaaehtoisten el\u00e4insuojeluneuvojiensa&nbsp; kautta. SEY pyrkii my\u00f6s vaikuttamaan&nbsp;yleiseen mielipiteeseen ja poliittiseen p\u00e4\u00e4t\u00f6ksentekoon el\u00e4inten hyv\u00e4ksi. Liittym\u00e4ll\u00e4&nbsp; j\u00e4seneksi tuet&nbsp; el\u00e4insuojeluty\u00f6t\u00e4. SEY toimii l\u00e4hes t\u00e4ysin lahjoitusvaroin. SEY on liitto, johon kuulutaan j\u00e4senyhdistysten kautta. J\u00e4senet [&hellip;]\" \/>\n<meta property=\"og:url\" content=\"https:\/\/sey.fi\/rovaniemi\/rovaniemen-elainsuojelu\/jaseneksi\/\" \/>\n<meta property=\"og:site_name\" content=\"Rovaniemen seudun el\u00e4insuojeluyhdistys\" \/>\n<meta property=\"article:modified_time\" content=\"2025-07-04T12:54:44+00:00\" \/>\n<meta name=\"twitter:card\" content=\"summary_large_image\" \/>\n<meta name=\"twitter:label1\" content=\"Arvioitu lukuaika\" \/>\n\t<meta name=\"twitter:data1\" content=\"1 minuutti\" \/>\n<script type=\"application\/ld+json\" class=\"yoast-schema-graph\">{\"@context\":\"https:\/\/schema.org\",\"@graph\":[{\"@type\":\"WebPage\",\"@id\":\"https:\/\/sey.fi\/rovaniemi\/rovaniemen-elainsuojelu\/jaseneksi\/\",\"url\":\"https:\/\/sey.fi\/rovaniemi\/rovaniemen-elainsuojelu\/jaseneksi\/\",\"name\":\"J\u00e4seneksi - Rovaniemen seudun el\u00e4insuojeluyhdistys\",\"isPartOf\":{\"@id\":\"https:\/\/sey.fi\/rovaniemi\/#website\"},\"datePublished\":\"2019-11-14T13:40:51+00:00\",\"dateModified\":\"2025-07-04T12:54:44+00:00\",\"breadcrumb\":{\"@id\":\"https:\/\/sey.fi\/rovaniemi\/rovaniemen-elainsuojelu\/jaseneksi\/#breadcrumb\"},\"inLanguage\":\"fi\",\"potentialAction\":[{\"@type\":\"ReadAction\",\"target\":[\"https:\/\/sey.fi\/rovaniemi\/rovaniemen-elainsuojelu\/jaseneksi\/\"]}]},{\"@type\":\"BreadcrumbList\",\"@id\":\"https:\/\/sey.fi\/rovaniemi\/rovaniemen-elainsuojelu\/jaseneksi\/#breadcrumb\",\"itemListElement\":[{\"@type\":\"ListItem\",\"position\":1,\"name\":\"Home\",\"item\":\"https:\/\/sey.fi\/rovaniemi\/\"},{\"@type\":\"ListItem\",\"position\":2,\"name\":\"Rovaniemen seudun el\u00e4insuojeluyhdistys\",\"item\":\"https:\/\/sey.fi\/rovaniemi\/\"},{\"@type\":\"ListItem\",\"position\":3,\"name\":\"J\u00e4seneksi\"}]},{\"@type\":\"WebSite\",\"@id\":\"https:\/\/sey.fi\/rovaniemi\/#website\",\"url\":\"https:\/\/sey.fi\/rovaniemi\/\",\"name\":\"Rovaniemen seudun el\u00e4insuojeluyhdistys\",\"description\":\"Uusi SEY J\u00e4senyhdistykset -sivusto\",\"potentialAction\":[{\"@type\":\"SearchAction\",\"target\":{\"@type\":\"EntryPoint\",\"urlTemplate\":\"https:\/\/sey.fi\/rovaniemi\/?s={search_term_string}\"},\"query-input\":{\"@type\":\"PropertyValueSpecification\",\"valueRequired\":true,\"valueName\":\"search_term_string\"}}],\"inLanguage\":\"fi\"}]}<\/script>\n<!-- \/ Yoast SEO plugin. -->","yoast_head_json":{"title":"J\u00e4seneksi - Rovaniemen seudun el\u00e4insuojeluyhdistys","robots":{"index":"index","follow":"follow","max-snippet":"max-snippet:-1","max-image-preview":"max-image-preview:large","max-video-preview":"max-video-preview:-1"},"canonical":"https:\/\/sey.fi\/rovaniemi\/rovaniemen-elainsuojelu\/jaseneksi\/","og_locale":"fi_FI","og_type":"article","og_title":"J\u00e4seneksi - Rovaniemen seudun el\u00e4insuojeluyhdistys","og_description":"Rovaniemen seudun el\u00e4insuojeluyhdistys ry on yksi SEYn eli Suomen el\u00e4insuojelu ry:n j\u00e4senyhdistyksist\u00e4. SEY on Suomen suurin el\u00e4insuojeluj\u00e4rjest\u00f6 ja se toteuttaa el\u00e4insuojeluty\u00f6t\u00e4 k\u00e4yt\u00e4nn\u00f6n tasolla j\u00e4senyhdistystens\u00e4 ja vapaaehtoisten el\u00e4insuojeluneuvojiensa&nbsp; kautta. SEY pyrkii my\u00f6s vaikuttamaan&nbsp;yleiseen mielipiteeseen ja poliittiseen p\u00e4\u00e4t\u00f6ksentekoon el\u00e4inten hyv\u00e4ksi. Liittym\u00e4ll\u00e4&nbsp; j\u00e4seneksi tuet&nbsp; el\u00e4insuojeluty\u00f6t\u00e4. SEY toimii l\u00e4hes t\u00e4ysin lahjoitusvaroin. SEY on liitto, johon kuulutaan j\u00e4senyhdistysten kautta. J\u00e4senet [&hellip;]","og_url":"https:\/\/sey.fi\/rovaniemi\/rovaniemen-elainsuojelu\/jaseneksi\/","og_site_name":"Rovaniemen seudun el\u00e4insuojeluyhdistys","article_modified_time":"2025-07-04T12:54:44+00:00","twitter_card":"summary_large_image","twitter_misc":{"Arvioitu lukuaika":"1 minuutti"},"schema":{"@context":"https:\/\/schema.org","@graph":[{"@type":"WebPage","@id":"https:\/\/sey.fi\/rovaniemi\/rovaniemen-elainsuojelu\/jaseneksi\/","url":"https:\/\/sey.fi\/rovaniemi\/rovaniemen-elainsuojelu\/jaseneksi\/","name":"J\u00e4seneksi - Rovaniemen seudun el\u00e4insuojeluyhdistys","isPartOf":{"@id":"https:\/\/sey.fi\/rovaniemi\/#website"},"datePublished":"2019-11-14T13:40:51+00:00","dateModified":"2025-07-04T12:54:44+00:00","breadcrumb":{"@id":"https:\/\/sey.fi\/rovaniemi\/rovaniemen-elainsuojelu\/jaseneksi\/#breadcrumb"},"inLanguage":"fi","potentialAction":[{"@type":"ReadAction","target":["https:\/\/sey.fi\/rovaniemi\/rovaniemen-elainsuojelu\/jaseneksi\/"]}]},{"@type":"BreadcrumbList","@id":"https:\/\/sey.fi\/rovaniemi\/rovaniemen-elainsuojelu\/jaseneksi\/#breadcrumb","itemListElement":[{"@type":"ListItem","position":1,"name":"Home","item":"https:\/\/sey.fi\/rovaniemi\/"},{"@type":"ListItem","position":2,"name":"Rovaniemen seudun el\u00e4insuojeluyhdistys","item":"https:\/\/sey.fi\/rovaniemi\/"},{"@type":"ListItem","position":3,"name":"J\u00e4seneksi"}]},{"@type":"WebSite","@id":"https:\/\/sey.fi\/rovaniemi\/#website","url":"https:\/\/sey.fi\/rovaniemi\/","name":"Rovaniemen seudun el\u00e4insuojeluyhdistys","description":"Uusi SEY J\u00e4senyhdistykset -sivusto","potentialAction":[{"@type":"SearchAction","target":{"@type":"EntryPoint","urlTemplate":"https:\/\/sey.fi\/rovaniemi\/?s={search_term_string}"},"query-input":{"@type":"PropertyValueSpecification","valueRequired":true,"valueName":"search_term_string"}}],"inLanguage":"fi"}]}},"_links":{"self":[{"href":"https:\/\/sey.fi\/rovaniemi\/wp-json\/wp\/v2\/pages\/51","targetHints":{"allow":["GET"]}}],"collection":[{"href":"https:\/\/sey.fi\/rovaniemi\/wp-json\/wp\/v2\/pages"}],"about":[{"href":"https:\/\/sey.fi\/rovaniemi\/wp-json\/wp\/v2\/types\/page"}],"author":[{"embeddable":true,"href":"https:\/\/sey.fi\/rovaniemi\/wp-json\/wp\/v2\/users\/8"}],"replies":[{"embeddable":true,"href":"https:\/\/sey.fi\/rovaniemi\/wp-json\/wp\/v2\/comments?post=51"}],"version-history":[{"count":4,"href":"https:\/\/sey.fi\/rovaniemi\/wp-json\/wp\/v2\/pages\/51\/revisions"}],"predecessor-version":[{"id":568,"href":"https:\/\/sey.fi\/rovaniemi\/wp-json\/wp\/v2\/pages\/51\/revisions\/568"}],"up":[{"embeddable":true,"href":"https:\/\/sey.fi\/rovaniemi\/wp-json\/wp\/v2\/pages\/2"}],"wp:attachment":[{"href":"https:\/\/sey.fi\/rovaniemi\/wp-json\/wp\/v2\/media?parent=51"}],"curies":[{"name":"wp","href":"https:\/\/api.w.org\/{rel}","templated":true}]}}