{"id":53,"date":"2019-11-14T15:42:01","date_gmt":"2019-11-14T13:42:01","guid":{"rendered":"http:\/\/srvr10.xetpoint.com\/~seyfi\/rovaniemi\/?page_id=53"},"modified":"2024-05-23T16:31:48","modified_gmt":"2024-05-23T13:31:48","slug":"elainsuojelu","status":"publish","type":"page","link":"https:\/\/sey.fi\/rovaniemi\/rovaniemen-elainsuojelu\/elainsuojelu\/","title":{"rendered":"El\u00e4insuojelu"},"content":{"rendered":"\n<p>El\u00e4imi\u00e4, niiden pitoa ja kohtelua, s\u00e4\u00e4telee useat erilaiset lait ja s\u00e4\u00e4d\u00f6kset mm.\u00a0<a href=\"https:\/\/www.finlex.fi\/fi\/laki\/smur\/2023\/20230693\">el\u00e4insuojelulaki<\/a>,\u00a0<a href=\"http:\/\/www.finlex.fi\/fi\/laki\/ajantasa\/1996\/19960396\">el<\/a><a href=\"https:\/\/www.finlex.fi\/fi\/laki\/ajantasa\/2023\/20230693#P119\">\u00e4insuojeluasetus<\/a>,\u00a0<a href=\"http:\/\/www.finlex.fi\/fi\/laki\/ajantasa\/2003\/20030612\">j\u00e4rjestyslaki<\/a>\u00a0ja\u00a0<a href=\"http:\/\/www.finlex.fi\/fi\/laki\/ajantasa\/1993\/19930615\">mets\u00e4styslaki<\/a>.<\/p>\n\n\n\n<p>El\u00e4insuojeluvalvontateht\u00e4v\u00e4t kuuluvat el\u00e4insuojelulakiin perustuen kunnan- ja kaupunginel\u00e4inl\u00e4\u00e4k\u00e4reille, poliiseille ja terveystarkastajille.&nbsp;&nbsp; Heid\u00e4n lis\u00e4kseen on pieni joukko&nbsp;aluehallintovirastojen valtuuttamia vapaaehtoisia el\u00e4insuojeluvalvojia,&nbsp;&nbsp;jotka voivat tehd\u00e4 tarkastuksia tietyin rajoituksin. &nbsp;K\u00e4yt\u00e4nn\u00f6ss\u00e4 se tarkoittaa, etteiv\u00e4t he voi tehd\u00e4 tarkastuksia kotirauhan piiriss\u00e4. Valvontaviranomaisia ovat lis\u00e4ksi tarkastusel\u00e4inl\u00e4\u00e4k\u00e4ri teurastamon tai teurastuspaikan alueella ja rajael\u00e4inl\u00e4\u00e4k\u00e4ri rajanylityspaikan, maastapoistumispaikan ja rajatarkastusaseman alueella.<\/p>\n\n\n\n<p>Uuden ohjeen mukaan varsinaiset el\u00e4inpelastusteht\u00e4v\u00e4t kuuluvat kunnallisille pelastuslaitoksille. Eli jos esimerkiksi kissa ei tule puusta alas, yleiseen h\u00e4t\u00e4numeroon&nbsp; ei&nbsp;voi en\u00e4\u00e4 soittaa. Lapissa oman kunnan pelastuslaitoksen numero l\u00f6ytyy&nbsp;<a href=\"http:\/\/www.lapinpelastuslaitos.fi\/\">Lapin Pelastuslaitoksen<\/a>&nbsp;sivuilta.<\/p>\n\n\n\n<p>Sen sijaan yleiseen h\u00e4t\u00e4numeroon 112 voi soittaa, jos el\u00e4in aiheuttaa vaaraa ihmisille tai el\u00e4imen pelastamisessa tarvitaan viranomaisten erityiskalustoa. T\u00e4llaisia tilanteita ovat esimerkiksi moottoritiell\u00e4 juokseva hirvi ja j\u00e4ihin pudonnut peura. My\u00f6s sellaisissa kiireellisiss\u00e4 tapauksissa, jos asia tarvitsee v\u00e4lit\u00f6nt\u00e4 poliisin puuttumista kuten esimerkiksi el\u00e4imen pahoinpitely, ota yhteys poliisiin, puh. 112.<\/p>\n\n\n\n<p>Lue lis\u00e4\u00e4&nbsp; H\u00e4t\u00e4keskuslaitoksen sivuilta&nbsp;<a href=\"http:\/\/www.112.fi\/hatanumero_112\/elain_hadassa\">El\u00e4in h\u00e4d\u00e4ss\u00e4<\/a>.&nbsp;<\/p>\n\n\n\n<p>SEY:n kouluttamat vapaaehtoiset el\u00e4insuojeluneuvojat eiv\u00e4t&nbsp; ole viranomaisia eik\u00e4 heill\u00e4 ole viranomaisten oikeuksia esimerkiksi ottaa el\u00e4int\u00e4 pois el\u00e4imen omistajalta, kuten ei edell\u00e4 mainituilla aluehallintoviraston el\u00e4insuojeluvalvojillakaan.&nbsp;&nbsp;Neuvojat tekev\u00e4t el\u00e4insuojelutarkastukset el\u00e4imen omistajan luvalla.&nbsp; Tarvittaessa asia siirret\u00e4\u00e4n el\u00e4insuojeluviranomaisen hoidettavaksi.<\/p>\n\n\n\n<p>El\u00e4insuojelutarkastusten lis\u00e4ksi neuvojat tekev\u00e4t&nbsp; valistusty\u00f6t\u00e4 esim. kouluissa, kerhoissa ja muissa tilaisuuksissa. He osallistuvat messuille ja n\u00e4yttelyihin ja antavat haastatteluja tai kirjoittavat lehtikirjoituksia. Lis\u00e4ksi neuvojat antavat ohjeita puhelimitse.Aiemmin puhuttiin el\u00e4insuojeluvalvojista, mutta nimitys on nyt muutettu neuvojaksi.<\/p>\n\n\n\n<p>Facebookissa toimiva&nbsp; El\u00e4inten pelastusrinki &#8211; koko Suomi , on yli 20 000 henkil\u00f6n vapaaehtoisista koostuva ryhm\u00e4 ymp\u00e4ri Suomea.&nbsp;&nbsp;<a>https:\/\/www.facebook.com\/groups\/907225516089816\/<\/a><\/p>\n\n\n\n<p>Valvontael\u00e4inl\u00e4\u00e4k\u00e4ri  Ylitornio, Rovaniemi, Ranua, Kolari, Pello<\/p>\n\n\n\n<p><a href=\"https:\/\/www.rovaniemi.fi\/Palvelut\/Elainsuojelu\/Valvontaelainlaakarin-puhelin\/2a587988-055d-4286-808f-422416b732ad\">https:\/\/www.rovaniemi.fi\/Palvelut\/Elainsuojelu\/1d51be49-ba4a-4b20-a93a-a552c85fd9fd<\/a><br><\/p>\n\n\n\n<p>El\u00e4insuojeluilmoituksen teko Rovakaaren ymp\u00e4rist\u00f6terveydenhuolto<\/p>\n\n\n\n<p><a href=\"https:\/\/www.rovaniemi.fi\/Palvelut\/Elainsuojelu\/1d51be49-ba4a-4b20-a93a-a552c85fd9fd\">https:\/\/www.rovaniemi.fi\/Palvelut\/Elainsuojelu\/1d51be49-ba4a-4b20-a93a-a552c85fd9fd<\/a><\/p>\n\n\n\n<p><\/p>\n\n\n\n<p><strong>El\u00e4insuojeluvalvoja&nbsp;<\/strong>Nina Rissanen<br>040 715 1793<br><a href=\"mailto:nina@rovaniemenelainkeskus.fi\">nina@rovaniemenelainkeskus.fi<\/a><br>Rovaniemi<\/p>\n\n\n\n<p><strong>Neuvoja puhelimitse ja s\u00e4hk\u00f6postitse antavat sek\u00e4 ilmoitusten perusteella el\u00e4insuojeluneuvontak\u00e4yntej\u00e4 tekev\u00e4t SEYn neuvojat Pohjois-Suomessa:<\/strong><br>Saila Keskitalo<br>041 550 8808<br>saila.keskitalo(at)hotmail.fi<br>Enonteki\u00f6, Kittil\u00e4, Kolari, Muonio, Pello&nbsp;&nbsp;&nbsp;&nbsp;&nbsp;&nbsp;&nbsp;&nbsp;&nbsp;&nbsp;&nbsp;&nbsp;&nbsp;&nbsp;&nbsp;&nbsp;&nbsp;&nbsp;&nbsp;&nbsp;&nbsp;&nbsp;&nbsp;&nbsp;&nbsp;&nbsp;&nbsp;&nbsp;&nbsp;&nbsp;&nbsp;&nbsp;&nbsp;&nbsp;&nbsp;&nbsp;&nbsp;&nbsp;&nbsp;&nbsp;&nbsp;&nbsp;&nbsp;&nbsp;&nbsp;&nbsp;&nbsp;&nbsp;&nbsp;&nbsp;&nbsp;&nbsp;&nbsp;&nbsp;&nbsp;&nbsp;&nbsp;&nbsp;&nbsp;&nbsp;&nbsp;&nbsp;&nbsp;&nbsp;&nbsp;&nbsp;&nbsp;&nbsp;&nbsp;&nbsp;&nbsp;&nbsp;&nbsp;&nbsp;<\/p>\n\n\n\n<p>Tarja Tolonen<br>045 138 8203 yhteydenotot viestill\u00e4, Messengerill\u00e4 tai s\u00e4hk\u00f6postilla<br>tarja.tolonen(at)sey.fi<br>Kemij\u00e4rvi, Haapavesi&nbsp;<\/p>\n\n\n\n<p><\/p>\n\n\n\n<p><a href=\"https:\/\/www.sey.fi\/seytoimii\/elainsuojeluneuvonta\"><strong>Muu Suomi<\/strong>&nbsp;<\/a><\/p>\n","protected":false},"excerpt":{"rendered":"<p>El\u00e4imi\u00e4, niiden pitoa ja kohtelua, s\u00e4\u00e4telee useat erilaiset lait ja s\u00e4\u00e4d\u00f6kset mm.\u00a0el\u00e4insuojelulaki,\u00a0el\u00e4insuojeluasetus,\u00a0j\u00e4rjestyslaki\u00a0ja\u00a0mets\u00e4styslaki. El\u00e4insuojeluvalvontateht\u00e4v\u00e4t kuuluvat el\u00e4insuojelulakiin perustuen kunnan- ja kaupunginel\u00e4inl\u00e4\u00e4k\u00e4reille, poliiseille ja terveystarkastajille.&nbsp;&nbsp; Heid\u00e4n lis\u00e4kseen on pieni joukko&nbsp;aluehallintovirastojen valtuuttamia vapaaehtoisia el\u00e4insuojeluvalvojia,&nbsp;&nbsp;jotka voivat tehd\u00e4 tarkastuksia tietyin rajoituksin. &nbsp;K\u00e4yt\u00e4nn\u00f6ss\u00e4 se tarkoittaa, etteiv\u00e4t he voi tehd\u00e4 tarkastuksia kotirauhan piiriss\u00e4. Valvontaviranomaisia ovat lis\u00e4ksi tarkastusel\u00e4inl\u00e4\u00e4k\u00e4ri teurastamon tai teurastuspaikan alueella ja rajael\u00e4inl\u00e4\u00e4k\u00e4ri [&hellip;]<\/p>\n","protected":false},"author":8,"featured_media":0,"parent":2,"menu_order":0,"comment_status":"closed","ping_status":"closed","template":"","meta":{"_acf_changed":false,"footnotes":""},"class_list":["post-53","page","type-page","status-publish","hentry"],"acf":[],"yoast_head":"<!-- This site is optimized with the Yoast SEO plugin v27.1.1 - https:\/\/yoast.com\/product\/yoast-seo-wordpress\/ -->\n<title>El\u00e4insuojelu - Rovaniemen seudun el\u00e4insuojeluyhdistys<\/title>\n<meta name=\"robots\" content=\"index, follow, max-snippet:-1, max-image-preview:large, max-video-preview:-1\" \/>\n<link rel=\"canonical\" href=\"https:\/\/sey.fi\/rovaniemi\/rovaniemen-elainsuojelu\/elainsuojelu\/\" \/>\n<meta property=\"og:locale\" content=\"fi_FI\" \/>\n<meta property=\"og:type\" content=\"article\" \/>\n<meta property=\"og:title\" content=\"El\u00e4insuojelu - Rovaniemen seudun el\u00e4insuojeluyhdistys\" \/>\n<meta property=\"og:description\" content=\"El\u00e4imi\u00e4, niiden pitoa ja kohtelua, s\u00e4\u00e4telee useat erilaiset lait ja s\u00e4\u00e4d\u00f6kset mm.\u00a0el\u00e4insuojelulaki,\u00a0el\u00e4insuojeluasetus,\u00a0j\u00e4rjestyslaki\u00a0ja\u00a0mets\u00e4styslaki. El\u00e4insuojeluvalvontateht\u00e4v\u00e4t kuuluvat el\u00e4insuojelulakiin perustuen kunnan- ja kaupunginel\u00e4inl\u00e4\u00e4k\u00e4reille, poliiseille ja terveystarkastajille.&nbsp;&nbsp; Heid\u00e4n lis\u00e4kseen on pieni joukko&nbsp;aluehallintovirastojen valtuuttamia vapaaehtoisia el\u00e4insuojeluvalvojia,&nbsp;&nbsp;jotka voivat tehd\u00e4 tarkastuksia tietyin rajoituksin. &nbsp;K\u00e4yt\u00e4nn\u00f6ss\u00e4 se tarkoittaa, etteiv\u00e4t he voi tehd\u00e4 tarkastuksia kotirauhan piiriss\u00e4. Valvontaviranomaisia ovat lis\u00e4ksi tarkastusel\u00e4inl\u00e4\u00e4k\u00e4ri teurastamon tai teurastuspaikan alueella ja rajael\u00e4inl\u00e4\u00e4k\u00e4ri [&hellip;]\" \/>\n<meta property=\"og:url\" content=\"https:\/\/sey.fi\/rovaniemi\/rovaniemen-elainsuojelu\/elainsuojelu\/\" \/>\n<meta property=\"og:site_name\" content=\"Rovaniemen seudun el\u00e4insuojeluyhdistys\" \/>\n<meta property=\"article:modified_time\" content=\"2024-05-23T13:31:48+00:00\" \/>\n<meta name=\"twitter:card\" content=\"summary_large_image\" \/>\n<meta name=\"twitter:label1\" content=\"Arvioitu lukuaika\" \/>\n\t<meta name=\"twitter:data1\" content=\"2 minuuttia\" \/>\n<script type=\"application\/ld+json\" class=\"yoast-schema-graph\">{\"@context\":\"https:\/\/schema.org\",\"@graph\":[{\"@type\":\"WebPage\",\"@id\":\"https:\/\/sey.fi\/rovaniemi\/rovaniemen-elainsuojelu\/elainsuojelu\/\",\"url\":\"https:\/\/sey.fi\/rovaniemi\/rovaniemen-elainsuojelu\/elainsuojelu\/\",\"name\":\"El\u00e4insuojelu - Rovaniemen seudun el\u00e4insuojeluyhdistys\",\"isPartOf\":{\"@id\":\"https:\/\/sey.fi\/rovaniemi\/#website\"},\"datePublished\":\"2019-11-14T13:42:01+00:00\",\"dateModified\":\"2024-05-23T13:31:48+00:00\",\"breadcrumb\":{\"@id\":\"https:\/\/sey.fi\/rovaniemi\/rovaniemen-elainsuojelu\/elainsuojelu\/#breadcrumb\"},\"inLanguage\":\"fi\",\"potentialAction\":[{\"@type\":\"ReadAction\",\"target\":[\"https:\/\/sey.fi\/rovaniemi\/rovaniemen-elainsuojelu\/elainsuojelu\/\"]}]},{\"@type\":\"BreadcrumbList\",\"@id\":\"https:\/\/sey.fi\/rovaniemi\/rovaniemen-elainsuojelu\/elainsuojelu\/#breadcrumb\",\"itemListElement\":[{\"@type\":\"ListItem\",\"position\":1,\"name\":\"Home\",\"item\":\"https:\/\/sey.fi\/rovaniemi\/\"},{\"@type\":\"ListItem\",\"position\":2,\"name\":\"Rovaniemen seudun el\u00e4insuojeluyhdistys\",\"item\":\"https:\/\/sey.fi\/rovaniemi\/\"},{\"@type\":\"ListItem\",\"position\":3,\"name\":\"El\u00e4insuojelu\"}]},{\"@type\":\"WebSite\",\"@id\":\"https:\/\/sey.fi\/rovaniemi\/#website\",\"url\":\"https:\/\/sey.fi\/rovaniemi\/\",\"name\":\"Rovaniemen seudun el\u00e4insuojeluyhdistys\",\"description\":\"Uusi SEY J\u00e4senyhdistykset -sivusto\",\"potentialAction\":[{\"@type\":\"SearchAction\",\"target\":{\"@type\":\"EntryPoint\",\"urlTemplate\":\"https:\/\/sey.fi\/rovaniemi\/?s={search_term_string}\"},\"query-input\":{\"@type\":\"PropertyValueSpecification\",\"valueRequired\":true,\"valueName\":\"search_term_string\"}}],\"inLanguage\":\"fi\"}]}<\/script>\n<!-- \/ Yoast SEO plugin. -->","yoast_head_json":{"title":"El\u00e4insuojelu - Rovaniemen seudun el\u00e4insuojeluyhdistys","robots":{"index":"index","follow":"follow","max-snippet":"max-snippet:-1","max-image-preview":"max-image-preview:large","max-video-preview":"max-video-preview:-1"},"canonical":"https:\/\/sey.fi\/rovaniemi\/rovaniemen-elainsuojelu\/elainsuojelu\/","og_locale":"fi_FI","og_type":"article","og_title":"El\u00e4insuojelu - Rovaniemen seudun el\u00e4insuojeluyhdistys","og_description":"El\u00e4imi\u00e4, niiden pitoa ja kohtelua, s\u00e4\u00e4telee useat erilaiset lait ja s\u00e4\u00e4d\u00f6kset mm.\u00a0el\u00e4insuojelulaki,\u00a0el\u00e4insuojeluasetus,\u00a0j\u00e4rjestyslaki\u00a0ja\u00a0mets\u00e4styslaki. El\u00e4insuojeluvalvontateht\u00e4v\u00e4t kuuluvat el\u00e4insuojelulakiin perustuen kunnan- ja kaupunginel\u00e4inl\u00e4\u00e4k\u00e4reille, poliiseille ja terveystarkastajille.&nbsp;&nbsp; Heid\u00e4n lis\u00e4kseen on pieni joukko&nbsp;aluehallintovirastojen valtuuttamia vapaaehtoisia el\u00e4insuojeluvalvojia,&nbsp;&nbsp;jotka voivat tehd\u00e4 tarkastuksia tietyin rajoituksin. &nbsp;K\u00e4yt\u00e4nn\u00f6ss\u00e4 se tarkoittaa, etteiv\u00e4t he voi tehd\u00e4 tarkastuksia kotirauhan piiriss\u00e4. Valvontaviranomaisia ovat lis\u00e4ksi tarkastusel\u00e4inl\u00e4\u00e4k\u00e4ri teurastamon tai teurastuspaikan alueella ja rajael\u00e4inl\u00e4\u00e4k\u00e4ri [&hellip;]","og_url":"https:\/\/sey.fi\/rovaniemi\/rovaniemen-elainsuojelu\/elainsuojelu\/","og_site_name":"Rovaniemen seudun el\u00e4insuojeluyhdistys","article_modified_time":"2024-05-23T13:31:48+00:00","twitter_card":"summary_large_image","twitter_misc":{"Arvioitu lukuaika":"2 minuuttia"},"schema":{"@context":"https:\/\/schema.org","@graph":[{"@type":"WebPage","@id":"https:\/\/sey.fi\/rovaniemi\/rovaniemen-elainsuojelu\/elainsuojelu\/","url":"https:\/\/sey.fi\/rovaniemi\/rovaniemen-elainsuojelu\/elainsuojelu\/","name":"El\u00e4insuojelu - Rovaniemen seudun el\u00e4insuojeluyhdistys","isPartOf":{"@id":"https:\/\/sey.fi\/rovaniemi\/#website"},"datePublished":"2019-11-14T13:42:01+00:00","dateModified":"2024-05-23T13:31:48+00:00","breadcrumb":{"@id":"https:\/\/sey.fi\/rovaniemi\/rovaniemen-elainsuojelu\/elainsuojelu\/#breadcrumb"},"inLanguage":"fi","potentialAction":[{"@type":"ReadAction","target":["https:\/\/sey.fi\/rovaniemi\/rovaniemen-elainsuojelu\/elainsuojelu\/"]}]},{"@type":"BreadcrumbList","@id":"https:\/\/sey.fi\/rovaniemi\/rovaniemen-elainsuojelu\/elainsuojelu\/#breadcrumb","itemListElement":[{"@type":"ListItem","position":1,"name":"Home","item":"https:\/\/sey.fi\/rovaniemi\/"},{"@type":"ListItem","position":2,"name":"Rovaniemen seudun el\u00e4insuojeluyhdistys","item":"https:\/\/sey.fi\/rovaniemi\/"},{"@type":"ListItem","position":3,"name":"El\u00e4insuojelu"}]},{"@type":"WebSite","@id":"https:\/\/sey.fi\/rovaniemi\/#website","url":"https:\/\/sey.fi\/rovaniemi\/","name":"Rovaniemen seudun el\u00e4insuojeluyhdistys","description":"Uusi SEY J\u00e4senyhdistykset -sivusto","potentialAction":[{"@type":"SearchAction","target":{"@type":"EntryPoint","urlTemplate":"https:\/\/sey.fi\/rovaniemi\/?s={search_term_string}"},"query-input":{"@type":"PropertyValueSpecification","valueRequired":true,"valueName":"search_term_string"}}],"inLanguage":"fi"}]}},"_links":{"self":[{"href":"https:\/\/sey.fi\/rovaniemi\/wp-json\/wp\/v2\/pages\/53","targetHints":{"allow":["GET"]}}],"collection":[{"href":"https:\/\/sey.fi\/rovaniemi\/wp-json\/wp\/v2\/pages"}],"about":[{"href":"https:\/\/sey.fi\/rovaniemi\/wp-json\/wp\/v2\/types\/page"}],"author":[{"embeddable":true,"href":"https:\/\/sey.fi\/rovaniemi\/wp-json\/wp\/v2\/users\/8"}],"replies":[{"embeddable":true,"href":"https:\/\/sey.fi\/rovaniemi\/wp-json\/wp\/v2\/comments?post=53"}],"version-history":[{"count":10,"href":"https:\/\/sey.fi\/rovaniemi\/wp-json\/wp\/v2\/pages\/53\/revisions"}],"predecessor-version":[{"id":550,"href":"https:\/\/sey.fi\/rovaniemi\/wp-json\/wp\/v2\/pages\/53\/revisions\/550"}],"up":[{"embeddable":true,"href":"https:\/\/sey.fi\/rovaniemi\/wp-json\/wp\/v2\/pages\/2"}],"wp:attachment":[{"href":"https:\/\/sey.fi\/rovaniemi\/wp-json\/wp\/v2\/media?parent=53"}],"curies":[{"name":"wp","href":"https:\/\/api.w.org\/{rel}","templated":true}]}}