{"id":59,"date":"2019-11-14T15:43:11","date_gmt":"2019-11-14T13:43:11","guid":{"rendered":"http:\/\/srvr10.xetpoint.com\/~seyfi\/rovaniemi\/?page_id=59"},"modified":"2025-11-10T16:31:10","modified_gmt":"2025-11-10T14:31:10","slug":"loytoelaimet","status":"publish","type":"page","link":"https:\/\/sey.fi\/rovaniemi\/rovaniemen-elainsuojelu\/elainsuojelu\/loytoelaimet\/","title":{"rendered":"L\u00f6yt\u00f6el\u00e4imet"},"content":{"rendered":"\n<p>Rovaniemen seudun el\u00e4insuojeluyhdistys ei vastaa alueen l\u00f6yt\u00f6el\u00e4imist\u00e4, vaan niist\u00e4 huolehtivat kaupungin\/kunnan kanssa sopimuksen tehneet toimijat.&nbsp;<\/p>\n\n\n\n<p>Kissanloukkuja kannattaa kysy\u00e4 paikallisilta l\u00f6yt\u00f6el\u00e4inhoitoloilta. Rovaniemell\u00e4 loukkuja lainaa Rovaniemen l\u00f6yt\u00f6el\u00e4imist\u00e4 vastaava L\u00f6yt\u00f6el\u00e4inkoti K\u00e4p\u00e4l\u00e4rinne.<\/p>\n\n\n\n<p>Yhdistyksell\u00e4 on kissanloukkuja sek\u00e4&nbsp;iso h\u00e4kkimallinen koiranloukku joita lainataan pient\u00e4 maksua ja palautettavaa panttia vastaan.&nbsp;Katso&nbsp;valikosta Loukkujen lainaus.<\/p>\n\n\n\n<p><\/p>\n\n\n\n<p><a href=\"http:\/\/www.karkurit.fi\/etsintaohjeet\">Ohjeita karkaamisiin ja loukuttamiseen l\u00f6yd\u00e4t Karkurit-sivustolta.<\/a><\/p>\n\n\n\n<p>El\u00e4insuojelulaki sanoo ett\u00e4 kunnan on huolehdittava alueellaan irrallaan tavattujen ja talteenotettujen koirien ja kissojen sek\u00e4 muiden vastaavien pienikokoisten seura- ja harrastusel\u00e4inten tilap\u00e4isen hoidon j\u00e4rjest\u00e4misest\u00e4.<\/p>\n\n\n\n<p>Talteenotettua el\u00e4int\u00e4 on s\u00e4ilytett\u00e4v\u00e4 v\u00e4hint\u00e4\u00e4n 15 p\u00e4iv\u00e4n ajan, mink\u00e4 j\u00e4lkeen kunnalla on oikeus myyd\u00e4, muutoin luovuttaa tai lopettaa el\u00e4in.<\/p>\n\n\n\n<p>Kunnalla on oikeus peri\u00e4 el\u00e4imen omistajalta tai haltijalta korvaus el\u00e4imen talteenotosta, hoidosta ja mahdollisesta lopettamisesta aiheutuneista kustannuksista.<\/p>\n\n\n\n<p>Jos poliisille on tehty mets\u00e4styslain (615\/93) 55 \u00a7:ss\u00e4 tarkoitettu ilmoitus koiran talteenotosta, tulee poliisin ilmoittaa talteenotosta kunnan l\u00f6yt\u00f6el\u00e4inten talteenottopaikkaan.<\/p>\n\n\n\n<p><strong>L\u00f6yt\u00f6el\u00e4inhoitolat<\/strong> <\/p>\n\n\n\n<p><strong>Lapin alueen ja l\u00e4hiseudun l\u00f6yt\u00f6el\u00e4inhoitolat. Tiedot ker\u00e4tty kuntien sivuilta ja suoraan l\u00f6yt\u00f6el\u00e4intarhoista. Jos huomaat virheit\u00e4 tai vanhentuneita tietoja , ilmoita!<\/strong><\/p>\n\n\n\n<p>Jos ei toisin mainita, kyseinen l\u00f6yt\u00f6el\u00e4intarha ottaa vastaan koirat, kissat ja muut pienet seura- ja harrastusel\u00e4imet.&nbsp; <strong>Huomaa ett\u00e4 Pellon  ja Utsjoen kunnissa on vain koiria vastaanottava l\u00f6yt\u00f6el\u00e4intarha.   Ota yhteytt\u00e4 ko kuntaan saadaksesi tiet\u00e4\u00e4 el\u00e4insuojelulain m\u00e4\u00e4r\u00e4\u00e4m\u00e4 taho, joka hoitaa kissat ja muut pienel\u00e4imet<\/strong>.  <\/p>\n\n\n\n<p><strong>Rovaniemi<\/strong><\/p>\n\n\n\n<p>Pienel\u00e4inhoitola K\u00e4p\u00e4l\u00e4rinne<\/p>\n\n\n\n<p>Pellontie 102, 97220 Sinett\u00e4<\/p>\n\n\n\n<p>p. 045 2200271<\/p>\n\n\n\n<p>Klo 8.00-18.00<\/p>\n\n\n\n<p><\/p>\n\n\n\n<p><strong>Ranua<\/strong><\/p>\n\n\n\n<p>Henna-Riikka Saaranen<\/p>\n\n\n\n<p>Simontie 185<\/p>\n\n\n\n<p>0451122664<\/p>\n\n\n\n<p><\/p>\n\n\n\n<p><strong>Kemi, Keminmaa, Tornio, Tervola<\/strong><\/p>\n\n\n\n<p>Juntin koirahoitola<\/p>\n\n\n\n<p>Avoinna 8.00\u201320.00<\/p>\n\n\n\n<p>Heinij\u00e4nk\u00e4ntie 564<\/p>\n\n\n\n<p>95460 Tornio<\/p>\n\n\n\n<p>Puh. 040 0884398<\/p>\n\n\n\n<p><\/p>\n\n\n\n<p><strong>Posio<\/strong><\/p>\n\n\n\n<p>Kennel Golden Mist <\/p>\n\n\n\n<p>Marja-Liisa Aapaoja<\/p>\n\n\n\n<p>Lauhkeantie 69 <\/p>\n\n\n\n<p>97900 Posio<\/p>\n\n\n\n<p>Puh. 040 716 8265<\/p>\n\n\n\n<p><\/p>\n\n\n\n<p><strong>Pello<\/strong><\/p>\n\n\n\n<p>Koirat<\/p>\n\n\n\n<p>Tmi Tuula Tarrimaa<\/p>\n\n\n\n<p>Rovanp\u00e4\u00e4ntie 59<\/p>\n\n\n\n<p>95760 Pello<\/p>\n\n\n\n<p>040 7220953<\/p>\n\n\n\n<p>Avoinna 9.00\u201320.00<\/p>\n\n\n\n<p><strong>Ylitornio<\/strong><\/p>\n\n\n\n<p>Juntin Koirahoitola<br>Heinij\u00e4nk\u00e4ntie 564<br>95460 Tornio<br>0400 884&nbsp;398<\/p>\n\n\n\n<p><strong>Simo, Ii<\/strong><\/p>\n\n\n\n<p>Kuivaniemen koirahoitola<\/p>\n\n\n\n<p>Kuusistontie 15, 95110 Kuivaniemi<\/p>\n\n\n\n<p>Kari Meril\u00e4inen p. 040 720 0506<\/p>\n\n\n\n<p><\/p>\n\n\n\n<p><strong>Kemij\u00e4rvi, Salla, Pelkosenniemi, Savukoski<\/strong><\/p>\n\n\n\n<p>Maija Ahola<\/p>\n\n\n\n<p>Tiermakantie 10<\/p>\n\n\n\n<p>98900 Salla<\/p>\n\n\n\n<p>040 589 8446<\/p>\n\n\n\n<p><\/p>\n\n\n\n<p><strong>Sodankyl\u00e4<\/strong><\/p>\n\n\n\n<p>Tmi Ville Pyh\u00e4j\u00e4rvi<\/p>\n\n\n\n<p>Porokuja 18<\/p>\n\n\n\n<p>99600 Sodankyl\u00e4<\/p>\n\n\n\n<p>044-973 9973 (ma-su klo 10-19). <\/p>\n\n\n\n<p><\/p>\n\n\n\n<p><strong>Kittil\u00e4<\/strong><\/p>\n\n\n\n<p>Polar Lights Tours<\/p>\n\n\n\n<p>Pohjanakan Ratsupolku 1<\/p>\n\n\n\n<p>99130 Levi<\/p>\n\n\n\n<p>040 413 9248 (puhelimella klo 8-18) s\u00e4hk\u00f6posti info(at)polarlightstours.fi<\/p>\n\n\n\n<p><\/p>\n\n\n\n<p><strong>Kolari<\/strong><\/p>\n\n\n\n<p>Koirat ja kissat<\/p>\n\n\n\n<p>Heli Kostiander<\/p>\n\n\n\n<p>Teollisuustie 14<\/p>\n\n\n\n<p>Kolari<\/p>\n\n\n\n<p>0505442285<\/p>\n\n\n\n<p>Auki sopimuksen mukaan<\/p>\n\n\n\n<p><\/p>\n\n\n\n<p><strong>Muonio<\/strong><\/p>\n\n\n\n<p>Koirat<\/p>\n\n\n\n<p>P\u00e4ivi Nilimaa<\/p>\n\n\n\n<p>Ojaj\u00e4ng\u00e4ntie 1<\/p>\n\n\n\n<p>99310 Ylimuonio<\/p>\n\n\n\n<p>0405688092<\/p>\n\n\n\n<p>Klo 8-18<\/p>\n\n\n\n<p><\/p>\n\n\n\n<p>Kissat ja muut pienet seura &#8211; ja harraste-el\u00e4imet (ei\nk\u00e4\u00e4rmeet)<\/p>\n\n\n\n<p>Kati Peltovuoma<\/p>\n\n\n\n<p>Ounastie 3187<\/p>\n\n\n\n<p>99420 Peltovuoma<\/p>\n\n\n\n<p>0400227477<\/p>\n\n\n\n<p>Klo 8-18<\/p>\n\n\n\n<p><\/p>\n\n\n\n<p><strong>Inari<\/strong><\/p>\n\n\n\n<p>Ivalon l\u00f6yt\u00f6el\u00e4intarha K9<\/p>\n\n\n\n<p>Nina Lager<\/p>\n\n\n\n<p>Peuravuonontie 155<\/p>\n\n\n\n<p>99800 Ivalo<\/p>\n\n\n\n<p>0449782978<\/p>\n\n\n\n<p><\/p>\n\n\n\n<p><strong>Enonteki\u00f6<\/strong><\/p>\n\n\n\n<p>Koirat<\/p>\n\n\n\n<p>Pasi Ikonen<\/p>\n\n\n\n<p>Hetantie 211<\/p>\n\n\n\n<p>99400 Enonteki\u00f6<\/p>\n\n\n\n<p>0505772762<\/p>\n\n\n\n<p><\/p>\n\n\n\n<p>Kissat ja muut pienet seura &#8211; ja harraste-el\u00e4imet (ei\nk\u00e4\u00e4rmeet)<\/p>\n\n\n\n<p>Kati Peltovuoma<\/p>\n\n\n\n<p>Ounastie 3187<\/p>\n\n\n\n<p>99420 Peltovuoma<\/p>\n\n\n\n<p>0400227477<\/p>\n\n\n\n<p><\/p>\n\n\n\n<p><strong>Utsjoki <\/strong><\/p>\n\n\n\n<p>Koirat<\/p>\n\n\n\n<p>Jarmo Helander<br>puh. 040 089 4319<\/p>\n\n\n\n<p><br>Lasse Kunttu<br>puh. 040 016 6502<\/p>\n\n\n\n<p><\/p>\n\n\n\n<p><\/p>\n\n\n\n<p>Pohjois-Pohjanmaan l\u00f6yt\u00f6el\u00e4inhoitoloita<\/p>\n\n\n\n<p><strong>Oulun kaupunki, Haukipudas, Kello, Yli-Ii, Kiiminki, Ylikiiminki, J\u00e4\u00e4li, Muhos,  Liminka, Lumijoki, Tyrn\u00e4v\u00e4<\/strong><\/p>\n\n\n\n<p>Lemmikkihoitola Vierashuone<\/p>\n\n\n\n<p>Kurikkatie 11, 90440 Kempele<\/p>\n\n\n\n<p>L\u00f6yt\u00f6el\u00e4imiin liittyv\u00e4t tiedustelut ja ilmoitukset ymp\u00e4ri vuorokauden:\n040 961 5319.<\/p>\n\n\n\n<p>Noutoajat<\/p>\n\n\n\n<p>Oulun kaupungin, Haukiputaan, Kellon, Yli-iin, Kiimingin, Ylikiimingin, J\u00e4\u00e4lin, Muhoksen, Limingan, Lumijoen ja Tyrn\u00e4v\u00e4n l\u00f6yt\u00f6el\u00e4imet <\/p>\n\n\n\n<p>Noudamme l\u00f6yt\u00f6el\u00e4imi\u00e4 klo 8 &#8211; 19<\/p>\n\n\n\n<p>(Huom. Oulun Kaupungin alueelta klo 20 saakka)<\/p>\n\n\n\n<p><\/p>\n\n\n\n<p><\/p>\n\n\n\n<p><strong>Kempele, Oulunsalo, Hailuoto<\/strong><\/p>\n\n\n\n<p>Oulun el\u00e4inkoti Ay  <a href=\"tel:044-069 0371\">044-069 0371<\/a><\/p>\n\n\n\n<p><\/p>\n\n\n\n<p><strong>Pudasj\u00e4rvi<\/strong><\/p>\n\n\n\n<p>Christa van der Vegt<\/p>\n\n\n\n<p>Konttilantie 898<\/p>\n\n\n\n<p>93190 Yli-Siurua<\/p>\n\n\n\n<p>Puh. 046 887 2786   <a href=\"mailto:loytoelaimet.pudasjarvi@gmail.com\">loytoelaimet.pudasjarvi@gmail.com<\/a><\/p>\n\n\n\n<p><\/p>\n\n\n\n<p><strong>Kuusamo<\/strong><\/p>\n\n\n\n<p>Tmi TassunTahti<\/p>\n\n\n\n<p>Hanne K\u00e4rn\u00e4<\/p>\n\n\n\n<p>Vesisuontie 74<\/p>\n\n\n\n<p>93700 Kuusamo<\/p>\n\n\n\n<p>puh. 040 412 3779<\/p>\n\n\n\n<p><\/p>\n\n\n\n<p><strong>Taivalkoski<\/strong><\/p>\n\n\n\n<p>Finn-Jann Huskyfarmi Oy <\/p>\n\n\n\n<p>Raappanansuontie 61 <\/p>\n\n\n\n<p>93420 Jurmu <\/p>\n\n\n\n<p>Puh. 040 593 2597<\/p>\n\n\n\n<p><\/p>\n","protected":false},"excerpt":{"rendered":"<p>Rovaniemen seudun el\u00e4insuojeluyhdistys ei vastaa alueen l\u00f6yt\u00f6el\u00e4imist\u00e4, vaan niist\u00e4 huolehtivat kaupungin\/kunnan kanssa sopimuksen tehneet toimijat.&nbsp; Kissanloukkuja kannattaa kysy\u00e4 paikallisilta l\u00f6yt\u00f6el\u00e4inhoitoloilta. Rovaniemell\u00e4 loukkuja lainaa Rovaniemen l\u00f6yt\u00f6el\u00e4imist\u00e4 vastaava L\u00f6yt\u00f6el\u00e4inkoti K\u00e4p\u00e4l\u00e4rinne. Yhdistyksell\u00e4 on kissanloukkuja sek\u00e4&nbsp;iso h\u00e4kkimallinen koiranloukku joita lainataan pient\u00e4 maksua ja palautettavaa panttia vastaan.&nbsp;Katso&nbsp;valikosta Loukkujen lainaus. Ohjeita karkaamisiin ja loukuttamiseen l\u00f6yd\u00e4t Karkurit-sivustolta. El\u00e4insuojelulaki sanoo ett\u00e4 kunnan on [&hellip;]<\/p>\n","protected":false},"author":8,"featured_media":0,"parent":53,"menu_order":0,"comment_status":"closed","ping_status":"closed","template":"","meta":{"_acf_changed":false,"footnotes":""},"class_list":["post-59","page","type-page","status-publish","hentry"],"acf":[],"yoast_head":"<!-- This site is optimized with the Yoast SEO plugin v27.1.1 - https:\/\/yoast.com\/product\/yoast-seo-wordpress\/ -->\n<title>L\u00f6yt\u00f6el\u00e4imet - Rovaniemen seudun el\u00e4insuojeluyhdistys<\/title>\n<meta name=\"robots\" content=\"index, follow, max-snippet:-1, max-image-preview:large, max-video-preview:-1\" \/>\n<link rel=\"canonical\" href=\"https:\/\/sey.fi\/rovaniemi\/rovaniemen-elainsuojelu\/elainsuojelu\/loytoelaimet\/\" \/>\n<meta property=\"og:locale\" content=\"fi_FI\" \/>\n<meta property=\"og:type\" content=\"article\" \/>\n<meta property=\"og:title\" content=\"L\u00f6yt\u00f6el\u00e4imet - Rovaniemen seudun el\u00e4insuojeluyhdistys\" \/>\n<meta property=\"og:description\" content=\"Rovaniemen seudun el\u00e4insuojeluyhdistys ei vastaa alueen l\u00f6yt\u00f6el\u00e4imist\u00e4, vaan niist\u00e4 huolehtivat kaupungin\/kunnan kanssa sopimuksen tehneet toimijat.&nbsp; Kissanloukkuja kannattaa kysy\u00e4 paikallisilta l\u00f6yt\u00f6el\u00e4inhoitoloilta. Rovaniemell\u00e4 loukkuja lainaa Rovaniemen l\u00f6yt\u00f6el\u00e4imist\u00e4 vastaava L\u00f6yt\u00f6el\u00e4inkoti K\u00e4p\u00e4l\u00e4rinne. Yhdistyksell\u00e4 on kissanloukkuja sek\u00e4&nbsp;iso h\u00e4kkimallinen koiranloukku joita lainataan pient\u00e4 maksua ja palautettavaa panttia vastaan.&nbsp;Katso&nbsp;valikosta Loukkujen lainaus. Ohjeita karkaamisiin ja loukuttamiseen l\u00f6yd\u00e4t Karkurit-sivustolta. El\u00e4insuojelulaki sanoo ett\u00e4 kunnan on [&hellip;]\" \/>\n<meta property=\"og:url\" content=\"https:\/\/sey.fi\/rovaniemi\/rovaniemen-elainsuojelu\/elainsuojelu\/loytoelaimet\/\" \/>\n<meta property=\"og:site_name\" content=\"Rovaniemen seudun el\u00e4insuojeluyhdistys\" \/>\n<meta property=\"article:modified_time\" content=\"2025-11-10T14:31:10+00:00\" \/>\n<meta name=\"twitter:card\" content=\"summary_large_image\" \/>\n<meta name=\"twitter:label1\" content=\"Arvioitu lukuaika\" \/>\n\t<meta name=\"twitter:data1\" content=\"4 minuuttia\" \/>\n<script type=\"application\/ld+json\" class=\"yoast-schema-graph\">{\"@context\":\"https:\/\/schema.org\",\"@graph\":[{\"@type\":\"WebPage\",\"@id\":\"https:\/\/sey.fi\/rovaniemi\/rovaniemen-elainsuojelu\/elainsuojelu\/loytoelaimet\/\",\"url\":\"https:\/\/sey.fi\/rovaniemi\/rovaniemen-elainsuojelu\/elainsuojelu\/loytoelaimet\/\",\"name\":\"L\u00f6yt\u00f6el\u00e4imet - Rovaniemen seudun el\u00e4insuojeluyhdistys\",\"isPartOf\":{\"@id\":\"https:\/\/sey.fi\/rovaniemi\/#website\"},\"datePublished\":\"2019-11-14T13:43:11+00:00\",\"dateModified\":\"2025-11-10T14:31:10+00:00\",\"breadcrumb\":{\"@id\":\"https:\/\/sey.fi\/rovaniemi\/rovaniemen-elainsuojelu\/elainsuojelu\/loytoelaimet\/#breadcrumb\"},\"inLanguage\":\"fi\",\"potentialAction\":[{\"@type\":\"ReadAction\",\"target\":[\"https:\/\/sey.fi\/rovaniemi\/rovaniemen-elainsuojelu\/elainsuojelu\/loytoelaimet\/\"]}]},{\"@type\":\"BreadcrumbList\",\"@id\":\"https:\/\/sey.fi\/rovaniemi\/rovaniemen-elainsuojelu\/elainsuojelu\/loytoelaimet\/#breadcrumb\",\"itemListElement\":[{\"@type\":\"ListItem\",\"position\":1,\"name\":\"Home\",\"item\":\"https:\/\/sey.fi\/rovaniemi\/\"},{\"@type\":\"ListItem\",\"position\":2,\"name\":\"Rovaniemen seudun el\u00e4insuojeluyhdistys\",\"item\":\"https:\/\/sey.fi\/rovaniemi\/\"},{\"@type\":\"ListItem\",\"position\":3,\"name\":\"El\u00e4insuojelu\",\"item\":\"https:\/\/sey.fi\/rovaniemi\/rovaniemen-elainsuojelu\/elainsuojelu\/\"},{\"@type\":\"ListItem\",\"position\":4,\"name\":\"L\u00f6yt\u00f6el\u00e4imet\"}]},{\"@type\":\"WebSite\",\"@id\":\"https:\/\/sey.fi\/rovaniemi\/#website\",\"url\":\"https:\/\/sey.fi\/rovaniemi\/\",\"name\":\"Rovaniemen seudun el\u00e4insuojeluyhdistys\",\"description\":\"Uusi SEY J\u00e4senyhdistykset -sivusto\",\"potentialAction\":[{\"@type\":\"SearchAction\",\"target\":{\"@type\":\"EntryPoint\",\"urlTemplate\":\"https:\/\/sey.fi\/rovaniemi\/?s={search_term_string}\"},\"query-input\":{\"@type\":\"PropertyValueSpecification\",\"valueRequired\":true,\"valueName\":\"search_term_string\"}}],\"inLanguage\":\"fi\"}]}<\/script>\n<!-- \/ Yoast SEO plugin. -->","yoast_head_json":{"title":"L\u00f6yt\u00f6el\u00e4imet - Rovaniemen seudun el\u00e4insuojeluyhdistys","robots":{"index":"index","follow":"follow","max-snippet":"max-snippet:-1","max-image-preview":"max-image-preview:large","max-video-preview":"max-video-preview:-1"},"canonical":"https:\/\/sey.fi\/rovaniemi\/rovaniemen-elainsuojelu\/elainsuojelu\/loytoelaimet\/","og_locale":"fi_FI","og_type":"article","og_title":"L\u00f6yt\u00f6el\u00e4imet - Rovaniemen seudun el\u00e4insuojeluyhdistys","og_description":"Rovaniemen seudun el\u00e4insuojeluyhdistys ei vastaa alueen l\u00f6yt\u00f6el\u00e4imist\u00e4, vaan niist\u00e4 huolehtivat kaupungin\/kunnan kanssa sopimuksen tehneet toimijat.&nbsp; Kissanloukkuja kannattaa kysy\u00e4 paikallisilta l\u00f6yt\u00f6el\u00e4inhoitoloilta. Rovaniemell\u00e4 loukkuja lainaa Rovaniemen l\u00f6yt\u00f6el\u00e4imist\u00e4 vastaava L\u00f6yt\u00f6el\u00e4inkoti K\u00e4p\u00e4l\u00e4rinne. Yhdistyksell\u00e4 on kissanloukkuja sek\u00e4&nbsp;iso h\u00e4kkimallinen koiranloukku joita lainataan pient\u00e4 maksua ja palautettavaa panttia vastaan.&nbsp;Katso&nbsp;valikosta Loukkujen lainaus. Ohjeita karkaamisiin ja loukuttamiseen l\u00f6yd\u00e4t Karkurit-sivustolta. El\u00e4insuojelulaki sanoo ett\u00e4 kunnan on [&hellip;]","og_url":"https:\/\/sey.fi\/rovaniemi\/rovaniemen-elainsuojelu\/elainsuojelu\/loytoelaimet\/","og_site_name":"Rovaniemen seudun el\u00e4insuojeluyhdistys","article_modified_time":"2025-11-10T14:31:10+00:00","twitter_card":"summary_large_image","twitter_misc":{"Arvioitu lukuaika":"4 minuuttia"},"schema":{"@context":"https:\/\/schema.org","@graph":[{"@type":"WebPage","@id":"https:\/\/sey.fi\/rovaniemi\/rovaniemen-elainsuojelu\/elainsuojelu\/loytoelaimet\/","url":"https:\/\/sey.fi\/rovaniemi\/rovaniemen-elainsuojelu\/elainsuojelu\/loytoelaimet\/","name":"L\u00f6yt\u00f6el\u00e4imet - Rovaniemen seudun el\u00e4insuojeluyhdistys","isPartOf":{"@id":"https:\/\/sey.fi\/rovaniemi\/#website"},"datePublished":"2019-11-14T13:43:11+00:00","dateModified":"2025-11-10T14:31:10+00:00","breadcrumb":{"@id":"https:\/\/sey.fi\/rovaniemi\/rovaniemen-elainsuojelu\/elainsuojelu\/loytoelaimet\/#breadcrumb"},"inLanguage":"fi","potentialAction":[{"@type":"ReadAction","target":["https:\/\/sey.fi\/rovaniemi\/rovaniemen-elainsuojelu\/elainsuojelu\/loytoelaimet\/"]}]},{"@type":"BreadcrumbList","@id":"https:\/\/sey.fi\/rovaniemi\/rovaniemen-elainsuojelu\/elainsuojelu\/loytoelaimet\/#breadcrumb","itemListElement":[{"@type":"ListItem","position":1,"name":"Home","item":"https:\/\/sey.fi\/rovaniemi\/"},{"@type":"ListItem","position":2,"name":"Rovaniemen seudun el\u00e4insuojeluyhdistys","item":"https:\/\/sey.fi\/rovaniemi\/"},{"@type":"ListItem","position":3,"name":"El\u00e4insuojelu","item":"https:\/\/sey.fi\/rovaniemi\/rovaniemen-elainsuojelu\/elainsuojelu\/"},{"@type":"ListItem","position":4,"name":"L\u00f6yt\u00f6el\u00e4imet"}]},{"@type":"WebSite","@id":"https:\/\/sey.fi\/rovaniemi\/#website","url":"https:\/\/sey.fi\/rovaniemi\/","name":"Rovaniemen seudun el\u00e4insuojeluyhdistys","description":"Uusi SEY J\u00e4senyhdistykset -sivusto","potentialAction":[{"@type":"SearchAction","target":{"@type":"EntryPoint","urlTemplate":"https:\/\/sey.fi\/rovaniemi\/?s={search_term_string}"},"query-input":{"@type":"PropertyValueSpecification","valueRequired":true,"valueName":"search_term_string"}}],"inLanguage":"fi"}]}},"_links":{"self":[{"href":"https:\/\/sey.fi\/rovaniemi\/wp-json\/wp\/v2\/pages\/59","targetHints":{"allow":["GET"]}}],"collection":[{"href":"https:\/\/sey.fi\/rovaniemi\/wp-json\/wp\/v2\/pages"}],"about":[{"href":"https:\/\/sey.fi\/rovaniemi\/wp-json\/wp\/v2\/types\/page"}],"author":[{"embeddable":true,"href":"https:\/\/sey.fi\/rovaniemi\/wp-json\/wp\/v2\/users\/8"}],"replies":[{"embeddable":true,"href":"https:\/\/sey.fi\/rovaniemi\/wp-json\/wp\/v2\/comments?post=59"}],"version-history":[{"count":19,"href":"https:\/\/sey.fi\/rovaniemi\/wp-json\/wp\/v2\/pages\/59\/revisions"}],"predecessor-version":[{"id":570,"href":"https:\/\/sey.fi\/rovaniemi\/wp-json\/wp\/v2\/pages\/59\/revisions\/570"}],"up":[{"embeddable":true,"href":"https:\/\/sey.fi\/rovaniemi\/wp-json\/wp\/v2\/pages\/53"}],"wp:attachment":[{"href":"https:\/\/sey.fi\/rovaniemi\/wp-json\/wp\/v2\/media?parent=59"}],"curies":[{"name":"wp","href":"https:\/\/api.w.org\/{rel}","templated":true}]}}