{"id":89,"date":"2019-11-14T15:53:45","date_gmt":"2019-11-14T13:53:45","guid":{"rendered":"http:\/\/srvr10.xetpoint.com\/~seyfi\/rovaniemi\/?page_id=89"},"modified":"2022-12-05T10:08:07","modified_gmt":"2022-12-05T08:08:07","slug":"luonnonvaraiset-elaimet","status":"publish","type":"page","link":"https:\/\/sey.fi\/rovaniemi\/rovaniemen-elainsuojelu\/elainsuojelu\/luonnonvaraiset-elaimet\/","title":{"rendered":"Luonnonvaraiset el\u00e4imet"},"content":{"rendered":"\n<p>El\u00e4insuojelulaki suojelee my\u00f6s luonnonvaraisia el\u00e4imi\u00e4.&nbsp; Jokaisella on velvollisuus auttaa, jos havaitsee el\u00e4imen tarvitsevan apua.<\/p>\n\n\n\n<p><strong>Pohjois-Suomi<\/strong><\/p>\n\n\n\n<p><\/p>\n\n\n\n<p><\/p>\n\n\n\n<p>Ranua Zoo , Ranuan el\u00e4inpuisto<\/p>\n\n\n\n<p>Hoivaneuvonta <a href=\"tel:040 183 7309 ja 0400 124 365\">040 183 7309 ja 0400 124 365<\/a><\/p>\n\n\n\n<p>etunimi.sukunimi@ranuaresort.com<\/p>\n\n\n\n<p><a href=\"https:\/\/ranuaresort.com\/elainpuisto\/suojelutyo\/hoivaelaintoiminta\/\">https:\/\/ranuaresort.com\/elainpuisto\/suojelutyo\/hoivaelaintoiminta\/<\/a><\/p>\n\n\n\n<p><\/p>\n\n\n\n<p><\/p>\n\n\n\n<p><\/p>\n\n\n\n<p>Voit kysy\u00e4 neuvoja my\u00f6s kaikilta el\u00e4insuojeluneuvojilta. Erityisesti luonnonvaraisiin el\u00e4imiin erikoistuneita neuvojia l\u00f6yd\u00e4t&nbsp;<a href=\"http:\/\/www.sey.fi\/seytoimii\/luonnonvaraiset-elaimet\/kysy-neuvoa-luonnonvaraisista-elaimista\">t\u00e4\u00e4lt\u00e4<\/a>.<\/p>\n\n\n\n<p><\/p>\n\n\n\n<p><strong>Hoitoloiden kotisivuja muualla Suomessa:<\/strong><\/p>\n\n\n\n<p><a href=\"http:\/\/www.korkeasaari.fi\/suojelutyo\/villielainsairaala\/\">Korkeasaaren&nbsp;<\/a>sivuilta l\u00f6yd\u00e4t ohjeita mm. oravien ja siilien hoitoon.<\/p>\n\n\n\n<p><a href=\"http:\/\/www.heinolanlintutarha.fi\/\">Heinolan Lintutarha<\/a><\/p>\n\n\n\n<p><a href=\"https:\/\/www.lly.fi\/yhdistys\/toimhenkilot\/?fbclid=IwAR233gBYQp1UVh3Gy1q4s8udeVKyqqKqcORiMqcccYEFBrqBLyN1Za--Veo\">Lapin lintutieteellinen yhdistys ry <\/a><\/p>\n\n\n\n<p><a href=\"http:\/\/luonnonelaimet.fi\/luonnonelaimet-ja-ihminen\/yhteystietoja-ja-linkkeja\">SEY:n sivuilta l\u00f6yd\u00e4t yhteystietoja ja lis\u00e4tietoja luonnonvaraisten el\u00e4inten auttamisessa.<\/a><\/p>\n\n\n\n<p><a href=\"http:\/\/www.sey.fi\/seytoimii\/luonnonvaraiset-elaimet\/kysy-neuvoa-luonnonvaraisista-elaimista\">T\u00e4\u00e4lt\u00e4 l\u00f6yd\u00e4t luonnonvaraisia el\u00e4imi\u00e4 hoitavien\/neuvoja antavien &nbsp;yhteystietoja koko Suomessa.<\/a><\/p>\n","protected":false},"excerpt":{"rendered":"<p>El\u00e4insuojelulaki suojelee my\u00f6s luonnonvaraisia el\u00e4imi\u00e4.&nbsp; Jokaisella on velvollisuus auttaa, jos havaitsee el\u00e4imen tarvitsevan apua. Pohjois-Suomi Ranua Zoo , Ranuan el\u00e4inpuisto Hoivaneuvonta 040 183 7309 ja 0400 124 365 etunimi.sukunimi@ranuaresort.com https:\/\/ranuaresort.com\/elainpuisto\/suojelutyo\/hoivaelaintoiminta\/ Voit kysy\u00e4 neuvoja my\u00f6s kaikilta el\u00e4insuojeluneuvojilta. Erityisesti luonnonvaraisiin el\u00e4imiin erikoistuneita neuvojia l\u00f6yd\u00e4t&nbsp;t\u00e4\u00e4lt\u00e4. Hoitoloiden kotisivuja muualla Suomessa: Korkeasaaren&nbsp;sivuilta l\u00f6yd\u00e4t ohjeita mm. oravien ja siilien hoitoon. Heinolan [&hellip;]<\/p>\n","protected":false},"author":8,"featured_media":214,"parent":53,"menu_order":0,"comment_status":"closed","ping_status":"closed","template":"","meta":{"_acf_changed":false,"footnotes":""},"class_list":["post-89","page","type-page","status-publish","has-post-thumbnail","hentry"],"acf":[],"yoast_head":"<!-- This site is optimized with the Yoast SEO plugin v27.1.1 - https:\/\/yoast.com\/product\/yoast-seo-wordpress\/ -->\n<title>Luonnonvaraiset el\u00e4imet - Rovaniemen seudun el\u00e4insuojeluyhdistys<\/title>\n<meta name=\"robots\" content=\"index, follow, max-snippet:-1, max-image-preview:large, max-video-preview:-1\" \/>\n<link rel=\"canonical\" href=\"https:\/\/sey.fi\/rovaniemi\/rovaniemen-elainsuojelu\/elainsuojelu\/luonnonvaraiset-elaimet\/\" \/>\n<meta property=\"og:locale\" content=\"fi_FI\" \/>\n<meta property=\"og:type\" content=\"article\" \/>\n<meta property=\"og:title\" content=\"Luonnonvaraiset el\u00e4imet - Rovaniemen seudun el\u00e4insuojeluyhdistys\" \/>\n<meta property=\"og:description\" content=\"El\u00e4insuojelulaki suojelee my\u00f6s luonnonvaraisia el\u00e4imi\u00e4.&nbsp; Jokaisella on velvollisuus auttaa, jos havaitsee el\u00e4imen tarvitsevan apua. Pohjois-Suomi Ranua Zoo , Ranuan el\u00e4inpuisto Hoivaneuvonta 040 183 7309 ja 0400 124 365 etunimi.sukunimi@ranuaresort.com https:\/\/ranuaresort.com\/elainpuisto\/suojelutyo\/hoivaelaintoiminta\/ Voit kysy\u00e4 neuvoja my\u00f6s kaikilta el\u00e4insuojeluneuvojilta. Erityisesti luonnonvaraisiin el\u00e4imiin erikoistuneita neuvojia l\u00f6yd\u00e4t&nbsp;t\u00e4\u00e4lt\u00e4. Hoitoloiden kotisivuja muualla Suomessa: Korkeasaaren&nbsp;sivuilta l\u00f6yd\u00e4t ohjeita mm. oravien ja siilien hoitoon. Heinolan [&hellip;]\" \/>\n<meta property=\"og:url\" content=\"https:\/\/sey.fi\/rovaniemi\/rovaniemen-elainsuojelu\/elainsuojelu\/luonnonvaraiset-elaimet\/\" \/>\n<meta property=\"og:site_name\" content=\"Rovaniemen seudun el\u00e4insuojeluyhdistys\" \/>\n<meta property=\"article:modified_time\" content=\"2022-12-05T08:08:07+00:00\" \/>\n<meta property=\"og:image\" content=\"https:\/\/sey.fi\/wp-content\/uploads\/sites\/27\/2020\/02\/bird-4810686_1280.jpg\" \/>\n\t<meta property=\"og:image:width\" content=\"1280\" \/>\n\t<meta property=\"og:image:height\" content=\"960\" \/>\n\t<meta property=\"og:image:type\" content=\"image\/jpeg\" \/>\n<meta name=\"twitter:card\" content=\"summary_large_image\" \/>\n<meta name=\"twitter:label1\" content=\"Arvioitu lukuaika\" \/>\n\t<meta name=\"twitter:data1\" content=\"1 minuutti\" \/>\n<script type=\"application\/ld+json\" class=\"yoast-schema-graph\">{\"@context\":\"https:\/\/schema.org\",\"@graph\":[{\"@type\":\"WebPage\",\"@id\":\"https:\/\/sey.fi\/rovaniemi\/rovaniemen-elainsuojelu\/elainsuojelu\/luonnonvaraiset-elaimet\/\",\"url\":\"https:\/\/sey.fi\/rovaniemi\/rovaniemen-elainsuojelu\/elainsuojelu\/luonnonvaraiset-elaimet\/\",\"name\":\"Luonnonvaraiset el\u00e4imet - Rovaniemen seudun el\u00e4insuojeluyhdistys\",\"isPartOf\":{\"@id\":\"https:\/\/sey.fi\/rovaniemi\/#website\"},\"primaryImageOfPage\":{\"@id\":\"https:\/\/sey.fi\/rovaniemi\/rovaniemen-elainsuojelu\/elainsuojelu\/luonnonvaraiset-elaimet\/#primaryimage\"},\"image\":{\"@id\":\"https:\/\/sey.fi\/rovaniemi\/rovaniemen-elainsuojelu\/elainsuojelu\/luonnonvaraiset-elaimet\/#primaryimage\"},\"thumbnailUrl\":\"https:\/\/sey.fi\/wp-content\/uploads\/sites\/27\/2020\/02\/bird-4810686_1280.jpg\",\"datePublished\":\"2019-11-14T13:53:45+00:00\",\"dateModified\":\"2022-12-05T08:08:07+00:00\",\"breadcrumb\":{\"@id\":\"https:\/\/sey.fi\/rovaniemi\/rovaniemen-elainsuojelu\/elainsuojelu\/luonnonvaraiset-elaimet\/#breadcrumb\"},\"inLanguage\":\"fi\",\"potentialAction\":[{\"@type\":\"ReadAction\",\"target\":[\"https:\/\/sey.fi\/rovaniemi\/rovaniemen-elainsuojelu\/elainsuojelu\/luonnonvaraiset-elaimet\/\"]}]},{\"@type\":\"ImageObject\",\"inLanguage\":\"fi\",\"@id\":\"https:\/\/sey.fi\/rovaniemi\/rovaniemen-elainsuojelu\/elainsuojelu\/luonnonvaraiset-elaimet\/#primaryimage\",\"url\":\"https:\/\/sey.fi\/wp-content\/uploads\/sites\/27\/2020\/02\/bird-4810686_1280.jpg\",\"contentUrl\":\"https:\/\/sey.fi\/wp-content\/uploads\/sites\/27\/2020\/02\/bird-4810686_1280.jpg\",\"width\":1280,\"height\":960},{\"@type\":\"BreadcrumbList\",\"@id\":\"https:\/\/sey.fi\/rovaniemi\/rovaniemen-elainsuojelu\/elainsuojelu\/luonnonvaraiset-elaimet\/#breadcrumb\",\"itemListElement\":[{\"@type\":\"ListItem\",\"position\":1,\"name\":\"Home\",\"item\":\"https:\/\/sey.fi\/rovaniemi\/\"},{\"@type\":\"ListItem\",\"position\":2,\"name\":\"Rovaniemen seudun el\u00e4insuojeluyhdistys\",\"item\":\"https:\/\/sey.fi\/rovaniemi\/\"},{\"@type\":\"ListItem\",\"position\":3,\"name\":\"El\u00e4insuojelu\",\"item\":\"https:\/\/sey.fi\/rovaniemi\/rovaniemen-elainsuojelu\/elainsuojelu\/\"},{\"@type\":\"ListItem\",\"position\":4,\"name\":\"Luonnonvaraiset el\u00e4imet\"}]},{\"@type\":\"WebSite\",\"@id\":\"https:\/\/sey.fi\/rovaniemi\/#website\",\"url\":\"https:\/\/sey.fi\/rovaniemi\/\",\"name\":\"Rovaniemen seudun el\u00e4insuojeluyhdistys\",\"description\":\"Uusi SEY J\u00e4senyhdistykset -sivusto\",\"potentialAction\":[{\"@type\":\"SearchAction\",\"target\":{\"@type\":\"EntryPoint\",\"urlTemplate\":\"https:\/\/sey.fi\/rovaniemi\/?s={search_term_string}\"},\"query-input\":{\"@type\":\"PropertyValueSpecification\",\"valueRequired\":true,\"valueName\":\"search_term_string\"}}],\"inLanguage\":\"fi\"}]}<\/script>\n<!-- \/ Yoast SEO plugin. -->","yoast_head_json":{"title":"Luonnonvaraiset el\u00e4imet - Rovaniemen seudun el\u00e4insuojeluyhdistys","robots":{"index":"index","follow":"follow","max-snippet":"max-snippet:-1","max-image-preview":"max-image-preview:large","max-video-preview":"max-video-preview:-1"},"canonical":"https:\/\/sey.fi\/rovaniemi\/rovaniemen-elainsuojelu\/elainsuojelu\/luonnonvaraiset-elaimet\/","og_locale":"fi_FI","og_type":"article","og_title":"Luonnonvaraiset el\u00e4imet - Rovaniemen seudun el\u00e4insuojeluyhdistys","og_description":"El\u00e4insuojelulaki suojelee my\u00f6s luonnonvaraisia el\u00e4imi\u00e4.&nbsp; Jokaisella on velvollisuus auttaa, jos havaitsee el\u00e4imen tarvitsevan apua. Pohjois-Suomi Ranua Zoo , Ranuan el\u00e4inpuisto Hoivaneuvonta 040 183 7309 ja 0400 124 365 etunimi.sukunimi@ranuaresort.com https:\/\/ranuaresort.com\/elainpuisto\/suojelutyo\/hoivaelaintoiminta\/ Voit kysy\u00e4 neuvoja my\u00f6s kaikilta el\u00e4insuojeluneuvojilta. Erityisesti luonnonvaraisiin el\u00e4imiin erikoistuneita neuvojia l\u00f6yd\u00e4t&nbsp;t\u00e4\u00e4lt\u00e4. Hoitoloiden kotisivuja muualla Suomessa: Korkeasaaren&nbsp;sivuilta l\u00f6yd\u00e4t ohjeita mm. oravien ja siilien hoitoon. Heinolan [&hellip;]","og_url":"https:\/\/sey.fi\/rovaniemi\/rovaniemen-elainsuojelu\/elainsuojelu\/luonnonvaraiset-elaimet\/","og_site_name":"Rovaniemen seudun el\u00e4insuojeluyhdistys","article_modified_time":"2022-12-05T08:08:07+00:00","og_image":[{"width":1280,"height":960,"url":"https:\/\/sey.fi\/wp-content\/uploads\/sites\/27\/2020\/02\/bird-4810686_1280.jpg","type":"image\/jpeg"}],"twitter_card":"summary_large_image","twitter_misc":{"Arvioitu lukuaika":"1 minuutti"},"schema":{"@context":"https:\/\/schema.org","@graph":[{"@type":"WebPage","@id":"https:\/\/sey.fi\/rovaniemi\/rovaniemen-elainsuojelu\/elainsuojelu\/luonnonvaraiset-elaimet\/","url":"https:\/\/sey.fi\/rovaniemi\/rovaniemen-elainsuojelu\/elainsuojelu\/luonnonvaraiset-elaimet\/","name":"Luonnonvaraiset el\u00e4imet - Rovaniemen seudun el\u00e4insuojeluyhdistys","isPartOf":{"@id":"https:\/\/sey.fi\/rovaniemi\/#website"},"primaryImageOfPage":{"@id":"https:\/\/sey.fi\/rovaniemi\/rovaniemen-elainsuojelu\/elainsuojelu\/luonnonvaraiset-elaimet\/#primaryimage"},"image":{"@id":"https:\/\/sey.fi\/rovaniemi\/rovaniemen-elainsuojelu\/elainsuojelu\/luonnonvaraiset-elaimet\/#primaryimage"},"thumbnailUrl":"https:\/\/sey.fi\/wp-content\/uploads\/sites\/27\/2020\/02\/bird-4810686_1280.jpg","datePublished":"2019-11-14T13:53:45+00:00","dateModified":"2022-12-05T08:08:07+00:00","breadcrumb":{"@id":"https:\/\/sey.fi\/rovaniemi\/rovaniemen-elainsuojelu\/elainsuojelu\/luonnonvaraiset-elaimet\/#breadcrumb"},"inLanguage":"fi","potentialAction":[{"@type":"ReadAction","target":["https:\/\/sey.fi\/rovaniemi\/rovaniemen-elainsuojelu\/elainsuojelu\/luonnonvaraiset-elaimet\/"]}]},{"@type":"ImageObject","inLanguage":"fi","@id":"https:\/\/sey.fi\/rovaniemi\/rovaniemen-elainsuojelu\/elainsuojelu\/luonnonvaraiset-elaimet\/#primaryimage","url":"https:\/\/sey.fi\/wp-content\/uploads\/sites\/27\/2020\/02\/bird-4810686_1280.jpg","contentUrl":"https:\/\/sey.fi\/wp-content\/uploads\/sites\/27\/2020\/02\/bird-4810686_1280.jpg","width":1280,"height":960},{"@type":"BreadcrumbList","@id":"https:\/\/sey.fi\/rovaniemi\/rovaniemen-elainsuojelu\/elainsuojelu\/luonnonvaraiset-elaimet\/#breadcrumb","itemListElement":[{"@type":"ListItem","position":1,"name":"Home","item":"https:\/\/sey.fi\/rovaniemi\/"},{"@type":"ListItem","position":2,"name":"Rovaniemen seudun el\u00e4insuojeluyhdistys","item":"https:\/\/sey.fi\/rovaniemi\/"},{"@type":"ListItem","position":3,"name":"El\u00e4insuojelu","item":"https:\/\/sey.fi\/rovaniemi\/rovaniemen-elainsuojelu\/elainsuojelu\/"},{"@type":"ListItem","position":4,"name":"Luonnonvaraiset el\u00e4imet"}]},{"@type":"WebSite","@id":"https:\/\/sey.fi\/rovaniemi\/#website","url":"https:\/\/sey.fi\/rovaniemi\/","name":"Rovaniemen seudun el\u00e4insuojeluyhdistys","description":"Uusi SEY J\u00e4senyhdistykset -sivusto","potentialAction":[{"@type":"SearchAction","target":{"@type":"EntryPoint","urlTemplate":"https:\/\/sey.fi\/rovaniemi\/?s={search_term_string}"},"query-input":{"@type":"PropertyValueSpecification","valueRequired":true,"valueName":"search_term_string"}}],"inLanguage":"fi"}]}},"_links":{"self":[{"href":"https:\/\/sey.fi\/rovaniemi\/wp-json\/wp\/v2\/pages\/89","targetHints":{"allow":["GET"]}}],"collection":[{"href":"https:\/\/sey.fi\/rovaniemi\/wp-json\/wp\/v2\/pages"}],"about":[{"href":"https:\/\/sey.fi\/rovaniemi\/wp-json\/wp\/v2\/types\/page"}],"author":[{"embeddable":true,"href":"https:\/\/sey.fi\/rovaniemi\/wp-json\/wp\/v2\/users\/8"}],"replies":[{"embeddable":true,"href":"https:\/\/sey.fi\/rovaniemi\/wp-json\/wp\/v2\/comments?post=89"}],"version-history":[{"count":12,"href":"https:\/\/sey.fi\/rovaniemi\/wp-json\/wp\/v2\/pages\/89\/revisions"}],"predecessor-version":[{"id":506,"href":"https:\/\/sey.fi\/rovaniemi\/wp-json\/wp\/v2\/pages\/89\/revisions\/506"}],"up":[{"embeddable":true,"href":"https:\/\/sey.fi\/rovaniemi\/wp-json\/wp\/v2\/pages\/53"}],"wp:featuredmedia":[{"embeddable":true,"href":"https:\/\/sey.fi\/rovaniemi\/wp-json\/wp\/v2\/media\/214"}],"wp:attachment":[{"href":"https:\/\/sey.fi\/rovaniemi\/wp-json\/wp\/v2\/media?parent=89"}],"curies":[{"name":"wp","href":"https:\/\/api.w.org\/{rel}","templated":true}]}}