{"id":16,"date":"2019-11-15T16:45:44","date_gmt":"2019-11-15T14:45:44","guid":{"rendered":"http:\/\/srvr10.xetpoint.com\/~seyfi\/salo\/?page_id=16"},"modified":"2020-08-04T10:44:23","modified_gmt":"2020-08-04T07:44:23","slug":"ssey-kirppis","status":"publish","type":"page","link":"https:\/\/sey.fi\/salo\/salon-elainsuojelu\/ssey-kirppis\/","title":{"rendered":"SSEY Kirppis"},"content":{"rendered":"\n<p>Yhdistyksell\u00e4 on p\u00f6yt\u00e4 <strong>SecondHandMarketilla<\/strong>, osoitteessa: T\u00e4htel\u00e4nkatu 1, 24100 Salo.<br><strong>P\u00f6yt\u00e4 nro 1319<\/strong><br><br>My\u00f6s <strong>Radiokirppikselt\u00e4<\/strong> l\u00f6yd\u00e4t p\u00f6yt\u00e4mme!\u00a0Helsingintie 22, 24100 Salo<br><strong>P\u00f6yt\u00e4 nro 185<\/strong><\/p>\n\n\n\n<p>El\u00e4intenhoitoon ja yll\u00e4pitoon otamme vastaan<em> uusia ja k\u00e4ytettyj\u00e4, hyv\u00e4kuntoisia\/ehji\u00e4\/puhtaita<\/em> tarvikkeita vastaan.<br>S\u00e4\u00e4nn\u00f6llinen tarve on esimerkiksi <em>liinavaatteille ja j\u00e4tes\u00e4keille.<\/em><br><br>Jos sinulla on lahjoitettavaa,\u00a0voit ottaa\u00a0yhteytt\u00e4: <a href=\"mailto:ssey.salo@gmail.com\">ssey.salo@gmail.com<\/a><\/p>\n","protected":false},"excerpt":{"rendered":"<p>Yhdistyksell\u00e4 on p\u00f6yt\u00e4 SecondHandMarketilla, osoitteessa: T\u00e4htel\u00e4nkatu 1, 24100 Salo.P\u00f6yt\u00e4 nro 1319 My\u00f6s Radiokirppikselt\u00e4 l\u00f6yd\u00e4t p\u00f6yt\u00e4mme!\u00a0Helsingintie 22, 24100 SaloP\u00f6yt\u00e4 nro 185 El\u00e4intenhoitoon ja yll\u00e4pitoon otamme vastaan uusia ja k\u00e4ytettyj\u00e4, hyv\u00e4kuntoisia\/ehji\u00e4\/puhtaita tarvikkeita vastaan.S\u00e4\u00e4nn\u00f6llinen tarve on esimerkiksi liinavaatteille ja j\u00e4tes\u00e4keille. Jos sinulla on lahjoitettavaa,\u00a0voit ottaa\u00a0yhteytt\u00e4: ssey.salo@gmail.com<\/p>\n","protected":false},"author":8,"featured_media":0,"parent":2,"menu_order":0,"comment_status":"closed","ping_status":"closed","template":"","meta":{"_acf_changed":false,"footnotes":""},"class_list":["post-16","page","type-page","status-publish","hentry"],"acf":[],"yoast_head":"<!-- This site is optimized with the Yoast SEO plugin v27.1.1 - https:\/\/yoast.com\/product\/yoast-seo-wordpress\/ -->\n<title>SSEY Kirppis - Salon seudun el\u00e4insuojeluyhdistys<\/title>\n<meta name=\"robots\" content=\"index, follow, max-snippet:-1, max-image-preview:large, max-video-preview:-1\" \/>\n<link rel=\"canonical\" href=\"https:\/\/sey.fi\/salo\/salon-elainsuojelu\/yhdistys__trashed\/ssey-kirppis\/\" \/>\n<meta property=\"og:locale\" content=\"fi_FI\" \/>\n<meta property=\"og:type\" content=\"article\" \/>\n<meta property=\"og:title\" content=\"SSEY Kirppis - Salon seudun el\u00e4insuojeluyhdistys\" \/>\n<meta property=\"og:description\" content=\"Yhdistyksell\u00e4 on p\u00f6yt\u00e4 SecondHandMarketilla, osoitteessa: T\u00e4htel\u00e4nkatu 1, 24100 Salo.P\u00f6yt\u00e4 nro 1319 My\u00f6s Radiokirppikselt\u00e4 l\u00f6yd\u00e4t p\u00f6yt\u00e4mme!\u00a0Helsingintie 22, 24100 SaloP\u00f6yt\u00e4 nro 185 El\u00e4intenhoitoon ja yll\u00e4pitoon otamme vastaan uusia ja k\u00e4ytettyj\u00e4, hyv\u00e4kuntoisia\/ehji\u00e4\/puhtaita tarvikkeita vastaan.S\u00e4\u00e4nn\u00f6llinen tarve on esimerkiksi liinavaatteille ja j\u00e4tes\u00e4keille. Jos sinulla on lahjoitettavaa,\u00a0voit ottaa\u00a0yhteytt\u00e4: ssey.salo@gmail.com\" \/>\n<meta property=\"og:url\" content=\"https:\/\/sey.fi\/salo\/salon-elainsuojelu\/yhdistys__trashed\/ssey-kirppis\/\" \/>\n<meta property=\"og:site_name\" content=\"Salon seudun el\u00e4insuojeluyhdistys\" \/>\n<meta property=\"article:modified_time\" content=\"2020-08-04T07:44:23+00:00\" \/>\n<meta name=\"twitter:card\" content=\"summary_large_image\" \/>\n<script type=\"application\/ld+json\" class=\"yoast-schema-graph\">{\"@context\":\"https:\/\/schema.org\",\"@graph\":[{\"@type\":\"WebPage\",\"@id\":\"https:\/\/sey.fi\/salo\/salon-elainsuojelu\/yhdistys__trashed\/ssey-kirppis\/\",\"url\":\"https:\/\/sey.fi\/salo\/salon-elainsuojelu\/yhdistys__trashed\/ssey-kirppis\/\",\"name\":\"SSEY Kirppis - Salon seudun el\u00e4insuojeluyhdistys\",\"isPartOf\":{\"@id\":\"https:\/\/sey.fi\/salo\/#website\"},\"datePublished\":\"2019-11-15T14:45:44+00:00\",\"dateModified\":\"2020-08-04T07:44:23+00:00\",\"breadcrumb\":{\"@id\":\"https:\/\/sey.fi\/salo\/salon-elainsuojelu\/yhdistys__trashed\/ssey-kirppis\/#breadcrumb\"},\"inLanguage\":\"fi\",\"potentialAction\":[{\"@type\":\"ReadAction\",\"target\":[\"https:\/\/sey.fi\/salo\/salon-elainsuojelu\/yhdistys__trashed\/ssey-kirppis\/\"]}]},{\"@type\":\"BreadcrumbList\",\"@id\":\"https:\/\/sey.fi\/salo\/salon-elainsuojelu\/yhdistys__trashed\/ssey-kirppis\/#breadcrumb\",\"itemListElement\":[{\"@type\":\"ListItem\",\"position\":1,\"name\":\"Home\",\"item\":\"https:\/\/sey.fi\/salo\/\"},{\"@type\":\"ListItem\",\"position\":2,\"name\":\"Salon Seudun El\u00e4insuojeluyhdistys\",\"item\":\"https:\/\/sey.fi\/salo\/\"},{\"@type\":\"ListItem\",\"position\":3,\"name\":\"SSEY Kirppis\"}]},{\"@type\":\"WebSite\",\"@id\":\"https:\/\/sey.fi\/salo\/#website\",\"url\":\"https:\/\/sey.fi\/salo\/\",\"name\":\"Salon seudun el\u00e4insuojeluyhdistys\",\"description\":\"Uusi SEY J\u00e4senyhdistykset -sivusto\",\"potentialAction\":[{\"@type\":\"SearchAction\",\"target\":{\"@type\":\"EntryPoint\",\"urlTemplate\":\"https:\/\/sey.fi\/salo\/?s={search_term_string}\"},\"query-input\":{\"@type\":\"PropertyValueSpecification\",\"valueRequired\":true,\"valueName\":\"search_term_string\"}}],\"inLanguage\":\"fi\"}]}<\/script>\n<!-- \/ Yoast SEO plugin. -->","yoast_head_json":{"title":"SSEY Kirppis - Salon seudun el\u00e4insuojeluyhdistys","robots":{"index":"index","follow":"follow","max-snippet":"max-snippet:-1","max-image-preview":"max-image-preview:large","max-video-preview":"max-video-preview:-1"},"canonical":"https:\/\/sey.fi\/salo\/salon-elainsuojelu\/yhdistys__trashed\/ssey-kirppis\/","og_locale":"fi_FI","og_type":"article","og_title":"SSEY Kirppis - Salon seudun el\u00e4insuojeluyhdistys","og_description":"Yhdistyksell\u00e4 on p\u00f6yt\u00e4 SecondHandMarketilla, osoitteessa: T\u00e4htel\u00e4nkatu 1, 24100 Salo.P\u00f6yt\u00e4 nro 1319 My\u00f6s Radiokirppikselt\u00e4 l\u00f6yd\u00e4t p\u00f6yt\u00e4mme!\u00a0Helsingintie 22, 24100 SaloP\u00f6yt\u00e4 nro 185 El\u00e4intenhoitoon ja yll\u00e4pitoon otamme vastaan uusia ja k\u00e4ytettyj\u00e4, hyv\u00e4kuntoisia\/ehji\u00e4\/puhtaita tarvikkeita vastaan.S\u00e4\u00e4nn\u00f6llinen tarve on esimerkiksi liinavaatteille ja j\u00e4tes\u00e4keille. Jos sinulla on lahjoitettavaa,\u00a0voit ottaa\u00a0yhteytt\u00e4: ssey.salo@gmail.com","og_url":"https:\/\/sey.fi\/salo\/salon-elainsuojelu\/yhdistys__trashed\/ssey-kirppis\/","og_site_name":"Salon seudun el\u00e4insuojeluyhdistys","article_modified_time":"2020-08-04T07:44:23+00:00","twitter_card":"summary_large_image","schema":{"@context":"https:\/\/schema.org","@graph":[{"@type":"WebPage","@id":"https:\/\/sey.fi\/salo\/salon-elainsuojelu\/yhdistys__trashed\/ssey-kirppis\/","url":"https:\/\/sey.fi\/salo\/salon-elainsuojelu\/yhdistys__trashed\/ssey-kirppis\/","name":"SSEY Kirppis - Salon seudun el\u00e4insuojeluyhdistys","isPartOf":{"@id":"https:\/\/sey.fi\/salo\/#website"},"datePublished":"2019-11-15T14:45:44+00:00","dateModified":"2020-08-04T07:44:23+00:00","breadcrumb":{"@id":"https:\/\/sey.fi\/salo\/salon-elainsuojelu\/yhdistys__trashed\/ssey-kirppis\/#breadcrumb"},"inLanguage":"fi","potentialAction":[{"@type":"ReadAction","target":["https:\/\/sey.fi\/salo\/salon-elainsuojelu\/yhdistys__trashed\/ssey-kirppis\/"]}]},{"@type":"BreadcrumbList","@id":"https:\/\/sey.fi\/salo\/salon-elainsuojelu\/yhdistys__trashed\/ssey-kirppis\/#breadcrumb","itemListElement":[{"@type":"ListItem","position":1,"name":"Home","item":"https:\/\/sey.fi\/salo\/"},{"@type":"ListItem","position":2,"name":"Salon Seudun El\u00e4insuojeluyhdistys","item":"https:\/\/sey.fi\/salo\/"},{"@type":"ListItem","position":3,"name":"SSEY Kirppis"}]},{"@type":"WebSite","@id":"https:\/\/sey.fi\/salo\/#website","url":"https:\/\/sey.fi\/salo\/","name":"Salon seudun el\u00e4insuojeluyhdistys","description":"Uusi SEY J\u00e4senyhdistykset -sivusto","potentialAction":[{"@type":"SearchAction","target":{"@type":"EntryPoint","urlTemplate":"https:\/\/sey.fi\/salo\/?s={search_term_string}"},"query-input":{"@type":"PropertyValueSpecification","valueRequired":true,"valueName":"search_term_string"}}],"inLanguage":"fi"}]}},"_links":{"self":[{"href":"https:\/\/sey.fi\/salo\/wp-json\/wp\/v2\/pages\/16","targetHints":{"allow":["GET"]}}],"collection":[{"href":"https:\/\/sey.fi\/salo\/wp-json\/wp\/v2\/pages"}],"about":[{"href":"https:\/\/sey.fi\/salo\/wp-json\/wp\/v2\/types\/page"}],"author":[{"embeddable":true,"href":"https:\/\/sey.fi\/salo\/wp-json\/wp\/v2\/users\/8"}],"replies":[{"embeddable":true,"href":"https:\/\/sey.fi\/salo\/wp-json\/wp\/v2\/comments?post=16"}],"version-history":[{"count":2,"href":"https:\/\/sey.fi\/salo\/wp-json\/wp\/v2\/pages\/16\/revisions"}],"predecessor-version":[{"id":164,"href":"https:\/\/sey.fi\/salo\/wp-json\/wp\/v2\/pages\/16\/revisions\/164"}],"up":[{"embeddable":true,"href":"https:\/\/sey.fi\/salo\/wp-json\/wp\/v2\/pages\/2"}],"wp:attachment":[{"href":"https:\/\/sey.fi\/salo\/wp-json\/wp\/v2\/media?parent=16"}],"curies":[{"name":"wp","href":"https:\/\/api.w.org\/{rel}","templated":true}]}}