{"id":2,"date":"2019-10-18T14:19:18","date_gmt":"2019-10-18T11:19:18","guid":{"rendered":"http:\/\/srvr10.xetpoint.com\/~seyfi\/salo\/?page_id=2"},"modified":"2024-06-16T11:47:55","modified_gmt":"2024-06-16T08:47:55","slug":"salon-elainsuojelu","status":"publish","type":"page","link":"https:\/\/sey.fi\/salo\/","title":{"rendered":"Salon Seudun El\u00e4insuojeluyhdistys"},"content":{"rendered":"","protected":false},"excerpt":{"rendered":"","protected":false},"author":8,"featured_media":0,"parent":0,"menu_order":0,"comment_status":"closed","ping_status":"closed","template":"TemplateHome.php","meta":{"_acf_changed":false,"footnotes":""},"class_list":["post-2","page","type-page","status-publish","hentry"],"acf":[],"yoast_head":"<!-- This site is optimized with the Yoast SEO plugin v27.1.1 - https:\/\/yoast.com\/product\/yoast-seo-wordpress\/ -->\n<title>Salon Seudun El\u00e4insuojeluyhdistys<\/title>\n<meta name=\"description\" content=\"Kohtasitko h\u00e4d\u00e4ss\u00e4 olevan el\u00e4imen tai haluaisitko mukaan toimintaan? Ota yhteytt\u00e4! | Salon Seudun El\u00e4insuojeluyhdistys\" \/>\n<meta name=\"robots\" content=\"index, follow, max-snippet:-1, max-image-preview:large, max-video-preview:-1\" \/>\n<link rel=\"canonical\" href=\"https:\/\/sey.fi\/salo\/\" \/>\n<meta property=\"og:locale\" content=\"fi_FI\" \/>\n<meta property=\"og:type\" content=\"article\" \/>\n<meta property=\"og:title\" content=\"Salon Seudun El\u00e4insuojeluyhdistys\" \/>\n<meta property=\"og:description\" content=\"Kohtasitko h\u00e4d\u00e4ss\u00e4 olevan el\u00e4imen tai haluaisitko mukaan toimintaan? Ota yhteytt\u00e4! | Salon Seudun El\u00e4insuojeluyhdistys\" \/>\n<meta property=\"og:url\" content=\"https:\/\/sey.fi\/salo\/\" \/>\n<meta property=\"og:site_name\" content=\"Salon seudun el\u00e4insuojeluyhdistys\" \/>\n<meta property=\"article:modified_time\" content=\"2024-06-16T08:47:55+00:00\" \/>\n<meta name=\"twitter:card\" content=\"summary_large_image\" \/>\n<script type=\"application\/ld+json\" class=\"yoast-schema-graph\">{\"@context\":\"https:\/\/schema.org\",\"@graph\":[{\"@type\":\"WebPage\",\"@id\":\"https:\/\/sey.fi\/salo\/\",\"url\":\"https:\/\/sey.fi\/salo\/\",\"name\":\"Salon Seudun El\u00e4insuojeluyhdistys\",\"isPartOf\":{\"@id\":\"https:\/\/sey.fi\/salo\/#website\"},\"datePublished\":\"2019-10-18T11:19:18+00:00\",\"dateModified\":\"2024-06-16T08:47:55+00:00\",\"description\":\"Kohtasitko h\u00e4d\u00e4ss\u00e4 olevan el\u00e4imen tai haluaisitko mukaan toimintaan? Ota yhteytt\u00e4! | Salon Seudun El\u00e4insuojeluyhdistys\",\"breadcrumb\":{\"@id\":\"https:\/\/sey.fi\/salo\/#breadcrumb\"},\"inLanguage\":\"fi\",\"potentialAction\":[{\"@type\":\"ReadAction\",\"target\":[\"https:\/\/sey.fi\/salo\/\"]}]},{\"@type\":\"BreadcrumbList\",\"@id\":\"https:\/\/sey.fi\/salo\/#breadcrumb\",\"itemListElement\":[{\"@type\":\"ListItem\",\"position\":1,\"name\":\"Home\",\"item\":\"https:\/\/sey.fi\/salo\/\"},{\"@type\":\"ListItem\",\"position\":2,\"name\":\"Salon Seudun El\u00e4insuojeluyhdistys\"}]},{\"@type\":\"WebSite\",\"@id\":\"https:\/\/sey.fi\/salo\/#website\",\"url\":\"https:\/\/sey.fi\/salo\/\",\"name\":\"Salon seudun el\u00e4insuojeluyhdistys\",\"description\":\"Uusi SEY J\u00e4senyhdistykset -sivusto\",\"potentialAction\":[{\"@type\":\"SearchAction\",\"target\":{\"@type\":\"EntryPoint\",\"urlTemplate\":\"https:\/\/sey.fi\/salo\/?s={search_term_string}\"},\"query-input\":{\"@type\":\"PropertyValueSpecification\",\"valueRequired\":true,\"valueName\":\"search_term_string\"}}],\"inLanguage\":\"fi\"}]}<\/script>\n<!-- \/ Yoast SEO plugin. -->","yoast_head_json":{"title":"Salon Seudun El\u00e4insuojeluyhdistys","description":"Kohtasitko h\u00e4d\u00e4ss\u00e4 olevan el\u00e4imen tai haluaisitko mukaan toimintaan? Ota yhteytt\u00e4! | Salon Seudun El\u00e4insuojeluyhdistys","robots":{"index":"index","follow":"follow","max-snippet":"max-snippet:-1","max-image-preview":"max-image-preview:large","max-video-preview":"max-video-preview:-1"},"canonical":"https:\/\/sey.fi\/salo\/","og_locale":"fi_FI","og_type":"article","og_title":"Salon Seudun El\u00e4insuojeluyhdistys","og_description":"Kohtasitko h\u00e4d\u00e4ss\u00e4 olevan el\u00e4imen tai haluaisitko mukaan toimintaan? Ota yhteytt\u00e4! | Salon Seudun El\u00e4insuojeluyhdistys","og_url":"https:\/\/sey.fi\/salo\/","og_site_name":"Salon seudun el\u00e4insuojeluyhdistys","article_modified_time":"2024-06-16T08:47:55+00:00","twitter_card":"summary_large_image","schema":{"@context":"https:\/\/schema.org","@graph":[{"@type":"WebPage","@id":"https:\/\/sey.fi\/salo\/","url":"https:\/\/sey.fi\/salo\/","name":"Salon Seudun El\u00e4insuojeluyhdistys","isPartOf":{"@id":"https:\/\/sey.fi\/salo\/#website"},"datePublished":"2019-10-18T11:19:18+00:00","dateModified":"2024-06-16T08:47:55+00:00","description":"Kohtasitko h\u00e4d\u00e4ss\u00e4 olevan el\u00e4imen tai haluaisitko mukaan toimintaan? Ota yhteytt\u00e4! | Salon Seudun El\u00e4insuojeluyhdistys","breadcrumb":{"@id":"https:\/\/sey.fi\/salo\/#breadcrumb"},"inLanguage":"fi","potentialAction":[{"@type":"ReadAction","target":["https:\/\/sey.fi\/salo\/"]}]},{"@type":"BreadcrumbList","@id":"https:\/\/sey.fi\/salo\/#breadcrumb","itemListElement":[{"@type":"ListItem","position":1,"name":"Home","item":"https:\/\/sey.fi\/salo\/"},{"@type":"ListItem","position":2,"name":"Salon Seudun El\u00e4insuojeluyhdistys"}]},{"@type":"WebSite","@id":"https:\/\/sey.fi\/salo\/#website","url":"https:\/\/sey.fi\/salo\/","name":"Salon seudun el\u00e4insuojeluyhdistys","description":"Uusi SEY J\u00e4senyhdistykset -sivusto","potentialAction":[{"@type":"SearchAction","target":{"@type":"EntryPoint","urlTemplate":"https:\/\/sey.fi\/salo\/?s={search_term_string}"},"query-input":{"@type":"PropertyValueSpecification","valueRequired":true,"valueName":"search_term_string"}}],"inLanguage":"fi"}]}},"_links":{"self":[{"href":"https:\/\/sey.fi\/salo\/wp-json\/wp\/v2\/pages\/2","targetHints":{"allow":["GET"]}}],"collection":[{"href":"https:\/\/sey.fi\/salo\/wp-json\/wp\/v2\/pages"}],"about":[{"href":"https:\/\/sey.fi\/salo\/wp-json\/wp\/v2\/types\/page"}],"author":[{"embeddable":true,"href":"https:\/\/sey.fi\/salo\/wp-json\/wp\/v2\/users\/8"}],"replies":[{"embeddable":true,"href":"https:\/\/sey.fi\/salo\/wp-json\/wp\/v2\/comments?post=2"}],"version-history":[{"count":52,"href":"https:\/\/sey.fi\/salo\/wp-json\/wp\/v2\/pages\/2\/revisions"}],"predecessor-version":[{"id":1144,"href":"https:\/\/sey.fi\/salo\/wp-json\/wp\/v2\/pages\/2\/revisions\/1144"}],"wp:attachment":[{"href":"https:\/\/sey.fi\/salo\/wp-json\/wp\/v2\/media?parent=2"}],"curies":[{"name":"wp","href":"https:\/\/api.w.org\/{rel}","templated":true}]}}