{"id":343,"date":"2021-03-08T23:00:12","date_gmt":"2021-03-08T21:00:12","guid":{"rendered":"https:\/\/sey.fi\/salo\/?page_id=343"},"modified":"2025-05-29T18:05:13","modified_gmt":"2025-05-29T15:05:13","slug":"yritysjasenet","status":"publish","type":"page","link":"https:\/\/sey.fi\/salo\/salon-elainsuojelu\/tue-toimintaa\/yritysjasenet\/","title":{"rendered":"Yritysj\u00e4senet 2025"},"content":{"rendered":"\n<p>Yrityksen on mahdollista liitty\u00e4 <strong>SSEY:n yritysj\u00e4seneksi<\/strong>. Lue yritysten vuosij\u00e4senyydest\u00e4 tarkemmin sivun lopusta.<\/p>\n\n\n\n<p><strong>SUURI KIITOS kaikille yritysj\u00e4senillemme!<\/strong><\/p>\n\n\n\n<p><a href=\"https:\/\/www.amadeusoptiikka.fi\/\">Amadeus Salo \/ Matinkallion Optiikka Oy<\/a><br><a href=\"https:\/\/www.energiatalo.fi\/\">Energiatalo J\u00e4rvi<\/a><br><a href=\"https:\/\/vikstrominpitopalvelu.fi\/\">Juhla- ja Pitopalvelu Koti-Vikstr\u00f6m Ky<\/a><br><a href=\"https:\/\/corakeittiot.fi\/\">Jysepa Oy \/ Cora keitti\u00f6t<\/a><br><a href=\"https:\/\/www.kone-glans.fi\/?srsltid=AfmBOoowywSkES47x5RbvY-tTu5Jz67zXH1p-A9NiSXbWbONA1SD15AS\">Kone-Glans Oy<\/a><br><a href=\"https:\/\/www.facebook.com\/Liivilehti\/?locale=fi_FI\">Liivi-Lehti Oy<\/a><br><a href=\"http:\/\/ollialanko.fi\/\">Olli Alanko Oy<\/a><br><a href=\"https:\/\/www.salonkultaisimmat.fi\/\">Salon Kultaisimmat Oy<\/a><br><a href=\"https:\/\/www.helahoito.fi\/\">Salon Lukko ja Helahoito K. Sandberg Oy<\/a><br><a href=\"https:\/\/haven.fi\/\">Haven Oy<\/a><br><a href=\"https:\/\/kaamos.co\/?srsltid=AfmBOoqcFOy8RyJiUZ4SlzPcZD8pbiN-WGndwht9lhTpGmzzGghWAk0b\">Kaamos Company<\/a><br><a href=\"https:\/\/www.salonakvaario.fi\/\">Salon Akvaarioliike Oy<\/a><br><a href=\"https:\/\/www.xn--berg-4qa.fi\/\">Vihannestukku \u00d6berg Oy<\/a><br><a href=\"https:\/\/salonmattopyykki.fi\/\">Salon Mattopyykki<\/a><br><a href=\"https:\/\/www.facebook.com\/p\/Salon-Diesel-Huolto-AVesterlund-100054416173332\/?locale=fi_FI\">Salon Diesel-huolto<\/a><br><a href=\"https:\/\/www.roorikulma.fi\/\">R\u00f6\u00f6rikulma Oy<\/a><br><a href=\"https:\/\/www.modaliisa.fi\/tuotteet\/\">Modaliisa<\/a><br><a href=\"https:\/\/bellaregina.fi\/\">Kukkakauppa Bella-Regina<\/a><br><a href=\"https:\/\/www.korpiahodesign.fi\/\">Korpiaho Design &amp; Korpiaho Visuals<\/a><br><a href=\"https:\/\/samivaananen.fi\/\">Sami V\u00e4\u00e4n\u00e4nen Oy<\/a><\/p>\n\n\n\n<hr class=\"wp-block-separator has-css-opacity is-style-dots\" \/>\n\n\n\n<h2 class=\"wp-block-heading\">Mik\u00e4 on SSEY:n yritysj\u00e4senyys?<\/h2>\n\n\n\n<p>Yritys voi liitty\u00e4 SSEY:n yritysj\u00e4seneksi aina yhdeksi kalenterivuodeksi kerrallaan. Moni yritysj\u00e4senist\u00e4mme onkin yhdistyksemme pitk\u00e4aikaisia tukijoita ja ostavat j\u00e4senyyden vuosittain uudelleen.<\/p>\n\n\n\n<p>Yrityksen vuosij\u00e4senyysmaksun voi kukin yritys valita itse 100 ja 230 euron v\u00e4lilt\u00e4. Kiitokseksi Salon el\u00e4insuojelun tukemisesta yritysj\u00e4senet saavat vuosij\u00e4senyydest\u00e4\u00e4n diplomin, jonka voi vaikkapa laittaa yrityksen toimitilojen sein\u00e4lle.<\/p>\n\n\n\n<p>Mik\u00e4li yritysj\u00e4seneksi liittyminen kiinnostaa, laitathan s\u00e4hk\u00f6postia osoitteeseen <a href=\"mailto:ssey@ssey.fi\">ssey@ssey.fi<\/a>.<br>Liittymisen yhteydess\u00e4 tarvitsemme yrityksest\u00e4 seuraavat tiedot:<br>&#8211; Nimi<br>&#8211; Y-tunnus<br>&#8211; Valitsemanne j\u00e4sensumma 100-230\u20ac<br>&#8211; Laskutustiedot (e-lasku, s\u00e4hk\u00f6posti tai paperilasku postitse)<br>&#8211; Osoite, minne diplomi l\u00e4hetet\u00e4\u00e4n<\/p>\n\n\n<div class=\"wp-block-image\">\n<figure class=\"alignleft size-large is-resized\"><img loading=\"lazy\" decoding=\"async\" width=\"768\" height=\"1024\" src=\"https:\/\/sey.fi\/wp-content\/uploads\/sites\/28\/2024\/08\/IMG_4007-768x1024.jpeg\" alt=\"Salon Kultaisimmat yritysdiplomi vuodelta 2022.\" class=\"wp-image-1155\" style=\"width:auto;height:450px\" srcset=\"https:\/\/sey.fi\/wp-content\/uploads\/sites\/28\/2024\/08\/IMG_4007-768x1024.jpeg 768w, https:\/\/sey.fi\/wp-content\/uploads\/sites\/28\/2024\/08\/IMG_4007-225x300.jpeg 225w, https:\/\/sey.fi\/wp-content\/uploads\/sites\/28\/2024\/08\/IMG_4007-1152x1536.jpeg 1152w, https:\/\/sey.fi\/wp-content\/uploads\/sites\/28\/2024\/08\/IMG_4007.jpeg 1536w\" sizes=\"auto, (max-width: 768px) 100vw, 768px\" \/><figcaption class=\"wp-element-caption\"><em>Salon Kultaisimmat yritysdiplomi vuodelta 2022.<\/em><\/figcaption><\/figure><\/div>","protected":false},"excerpt":{"rendered":"<p>Yrityksen on mahdollista liitty\u00e4 SSEY:n yritysj\u00e4seneksi. Lue yritysten vuosij\u00e4senyydest\u00e4 tarkemmin sivun lopusta. SUURI KIITOS kaikille yritysj\u00e4senillemme! Amadeus Salo \/ Matinkallion Optiikka OyEnergiatalo J\u00e4rviJuhla- ja Pitopalvelu Koti-Vikstr\u00f6m KyJysepa Oy \/ Cora keitti\u00f6tKone-Glans OyLiivi-Lehti OyOlli Alanko OySalon Kultaisimmat OySalon Lukko ja Helahoito K. Sandberg OyHaven OyKaamos CompanySalon Akvaarioliike OyVihannestukku \u00d6berg OySalon MattopyykkiSalon Diesel-huoltoR\u00f6\u00f6rikulma OyModaliisaKukkakauppa Bella-ReginaKorpiaho Design &amp; [&hellip;]<\/p>\n","protected":false},"author":25,"featured_media":0,"parent":546,"menu_order":0,"comment_status":"closed","ping_status":"closed","template":"","meta":{"_acf_changed":false,"footnotes":""},"class_list":["post-343","page","type-page","status-publish","hentry"],"acf":[],"yoast_head":"<!-- This site is optimized with the Yoast SEO plugin v27.1.1 - https:\/\/yoast.com\/product\/yoast-seo-wordpress\/ -->\n<title>Yritysj\u00e4senet 2025 - Salon seudun el\u00e4insuojeluyhdistys<\/title>\n<meta name=\"robots\" content=\"index, follow, max-snippet:-1, max-image-preview:large, max-video-preview:-1\" \/>\n<link rel=\"canonical\" href=\"https:\/\/sey.fi\/salo\/salon-elainsuojelu\/tue-toimintaa\/yritysjasenet\/\" \/>\n<meta property=\"og:locale\" content=\"fi_FI\" \/>\n<meta property=\"og:type\" content=\"article\" \/>\n<meta property=\"og:title\" content=\"Yritysj\u00e4senet 2025 - Salon seudun el\u00e4insuojeluyhdistys\" \/>\n<meta property=\"og:description\" content=\"Yrityksen on mahdollista liitty\u00e4 SSEY:n yritysj\u00e4seneksi. Lue yritysten vuosij\u00e4senyydest\u00e4 tarkemmin sivun lopusta. SUURI KIITOS kaikille yritysj\u00e4senillemme! Amadeus Salo \/ Matinkallion Optiikka OyEnergiatalo J\u00e4rviJuhla- ja Pitopalvelu Koti-Vikstr\u00f6m KyJysepa Oy \/ Cora keitti\u00f6tKone-Glans OyLiivi-Lehti OyOlli Alanko OySalon Kultaisimmat OySalon Lukko ja Helahoito K. Sandberg OyHaven OyKaamos CompanySalon Akvaarioliike OyVihannestukku \u00d6berg OySalon MattopyykkiSalon Diesel-huoltoR\u00f6\u00f6rikulma OyModaliisaKukkakauppa Bella-ReginaKorpiaho Design &amp; [&hellip;]\" \/>\n<meta property=\"og:url\" content=\"https:\/\/sey.fi\/salo\/salon-elainsuojelu\/tue-toimintaa\/yritysjasenet\/\" \/>\n<meta property=\"og:site_name\" content=\"Salon seudun el\u00e4insuojeluyhdistys\" \/>\n<meta property=\"article:modified_time\" content=\"2025-05-29T15:05:13+00:00\" \/>\n<meta property=\"og:image\" content=\"https:\/\/sey.fi\/wp-content\/uploads\/sites\/28\/2024\/08\/IMG_4007.jpeg\" \/>\n\t<meta property=\"og:image:width\" content=\"1536\" \/>\n\t<meta property=\"og:image:height\" content=\"2048\" \/>\n\t<meta property=\"og:image:type\" content=\"image\/jpeg\" \/>\n<meta name=\"twitter:card\" content=\"summary_large_image\" \/>\n<meta name=\"twitter:label1\" content=\"Arvioitu lukuaika\" \/>\n\t<meta name=\"twitter:data1\" content=\"2 minuuttia\" \/>\n<script type=\"application\/ld+json\" class=\"yoast-schema-graph\">{\"@context\":\"https:\/\/schema.org\",\"@graph\":[{\"@type\":\"WebPage\",\"@id\":\"https:\/\/sey.fi\/salo\/salon-elainsuojelu\/tue-toimintaa\/yritysjasenet\/\",\"url\":\"https:\/\/sey.fi\/salo\/salon-elainsuojelu\/tue-toimintaa\/yritysjasenet\/\",\"name\":\"Yritysj\u00e4senet 2025 - Salon seudun el\u00e4insuojeluyhdistys\",\"isPartOf\":{\"@id\":\"https:\/\/sey.fi\/salo\/#website\"},\"primaryImageOfPage\":{\"@id\":\"https:\/\/sey.fi\/salo\/salon-elainsuojelu\/tue-toimintaa\/yritysjasenet\/#primaryimage\"},\"image\":{\"@id\":\"https:\/\/sey.fi\/salo\/salon-elainsuojelu\/tue-toimintaa\/yritysjasenet\/#primaryimage\"},\"thumbnailUrl\":\"https:\/\/sey.fi\/wp-content\/uploads\/sites\/28\/2024\/08\/IMG_4007-768x1024.jpeg\",\"datePublished\":\"2021-03-08T21:00:12+00:00\",\"dateModified\":\"2025-05-29T15:05:13+00:00\",\"breadcrumb\":{\"@id\":\"https:\/\/sey.fi\/salo\/salon-elainsuojelu\/tue-toimintaa\/yritysjasenet\/#breadcrumb\"},\"inLanguage\":\"fi\",\"potentialAction\":[{\"@type\":\"ReadAction\",\"target\":[\"https:\/\/sey.fi\/salo\/salon-elainsuojelu\/tue-toimintaa\/yritysjasenet\/\"]}]},{\"@type\":\"ImageObject\",\"inLanguage\":\"fi\",\"@id\":\"https:\/\/sey.fi\/salo\/salon-elainsuojelu\/tue-toimintaa\/yritysjasenet\/#primaryimage\",\"url\":\"https:\/\/sey.fi\/wp-content\/uploads\/sites\/28\/2024\/08\/IMG_4007-768x1024.jpeg\",\"contentUrl\":\"https:\/\/sey.fi\/wp-content\/uploads\/sites\/28\/2024\/08\/IMG_4007-768x1024.jpeg\"},{\"@type\":\"BreadcrumbList\",\"@id\":\"https:\/\/sey.fi\/salo\/salon-elainsuojelu\/tue-toimintaa\/yritysjasenet\/#breadcrumb\",\"itemListElement\":[{\"@type\":\"ListItem\",\"position\":1,\"name\":\"Home\",\"item\":\"https:\/\/sey.fi\/salo\/\"},{\"@type\":\"ListItem\",\"position\":2,\"name\":\"Salon Seudun El\u00e4insuojeluyhdistys\",\"item\":\"https:\/\/sey.fi\/salo\/\"},{\"@type\":\"ListItem\",\"position\":3,\"name\":\"Tue toimintaa\",\"item\":\"https:\/\/sey.fi\/salo\/salon-elainsuojelu\/tue-toimintaa\/\"},{\"@type\":\"ListItem\",\"position\":4,\"name\":\"Yritysj\u00e4senet 2025\"}]},{\"@type\":\"WebSite\",\"@id\":\"https:\/\/sey.fi\/salo\/#website\",\"url\":\"https:\/\/sey.fi\/salo\/\",\"name\":\"Salon seudun el\u00e4insuojeluyhdistys\",\"description\":\"Uusi SEY J\u00e4senyhdistykset -sivusto\",\"potentialAction\":[{\"@type\":\"SearchAction\",\"target\":{\"@type\":\"EntryPoint\",\"urlTemplate\":\"https:\/\/sey.fi\/salo\/?s={search_term_string}\"},\"query-input\":{\"@type\":\"PropertyValueSpecification\",\"valueRequired\":true,\"valueName\":\"search_term_string\"}}],\"inLanguage\":\"fi\"}]}<\/script>\n<!-- \/ Yoast SEO plugin. -->","yoast_head_json":{"title":"Yritysj\u00e4senet 2025 - Salon seudun el\u00e4insuojeluyhdistys","robots":{"index":"index","follow":"follow","max-snippet":"max-snippet:-1","max-image-preview":"max-image-preview:large","max-video-preview":"max-video-preview:-1"},"canonical":"https:\/\/sey.fi\/salo\/salon-elainsuojelu\/tue-toimintaa\/yritysjasenet\/","og_locale":"fi_FI","og_type":"article","og_title":"Yritysj\u00e4senet 2025 - Salon seudun el\u00e4insuojeluyhdistys","og_description":"Yrityksen on mahdollista liitty\u00e4 SSEY:n yritysj\u00e4seneksi. Lue yritysten vuosij\u00e4senyydest\u00e4 tarkemmin sivun lopusta. SUURI KIITOS kaikille yritysj\u00e4senillemme! Amadeus Salo \/ Matinkallion Optiikka OyEnergiatalo J\u00e4rviJuhla- ja Pitopalvelu Koti-Vikstr\u00f6m KyJysepa Oy \/ Cora keitti\u00f6tKone-Glans OyLiivi-Lehti OyOlli Alanko OySalon Kultaisimmat OySalon Lukko ja Helahoito K. Sandberg OyHaven OyKaamos CompanySalon Akvaarioliike OyVihannestukku \u00d6berg OySalon MattopyykkiSalon Diesel-huoltoR\u00f6\u00f6rikulma OyModaliisaKukkakauppa Bella-ReginaKorpiaho Design &amp; [&hellip;]","og_url":"https:\/\/sey.fi\/salo\/salon-elainsuojelu\/tue-toimintaa\/yritysjasenet\/","og_site_name":"Salon seudun el\u00e4insuojeluyhdistys","article_modified_time":"2025-05-29T15:05:13+00:00","og_image":[{"width":1536,"height":2048,"url":"https:\/\/sey.fi\/wp-content\/uploads\/sites\/28\/2024\/08\/IMG_4007.jpeg","type":"image\/jpeg"}],"twitter_card":"summary_large_image","twitter_misc":{"Arvioitu lukuaika":"2 minuuttia"},"schema":{"@context":"https:\/\/schema.org","@graph":[{"@type":"WebPage","@id":"https:\/\/sey.fi\/salo\/salon-elainsuojelu\/tue-toimintaa\/yritysjasenet\/","url":"https:\/\/sey.fi\/salo\/salon-elainsuojelu\/tue-toimintaa\/yritysjasenet\/","name":"Yritysj\u00e4senet 2025 - Salon seudun el\u00e4insuojeluyhdistys","isPartOf":{"@id":"https:\/\/sey.fi\/salo\/#website"},"primaryImageOfPage":{"@id":"https:\/\/sey.fi\/salo\/salon-elainsuojelu\/tue-toimintaa\/yritysjasenet\/#primaryimage"},"image":{"@id":"https:\/\/sey.fi\/salo\/salon-elainsuojelu\/tue-toimintaa\/yritysjasenet\/#primaryimage"},"thumbnailUrl":"https:\/\/sey.fi\/wp-content\/uploads\/sites\/28\/2024\/08\/IMG_4007-768x1024.jpeg","datePublished":"2021-03-08T21:00:12+00:00","dateModified":"2025-05-29T15:05:13+00:00","breadcrumb":{"@id":"https:\/\/sey.fi\/salo\/salon-elainsuojelu\/tue-toimintaa\/yritysjasenet\/#breadcrumb"},"inLanguage":"fi","potentialAction":[{"@type":"ReadAction","target":["https:\/\/sey.fi\/salo\/salon-elainsuojelu\/tue-toimintaa\/yritysjasenet\/"]}]},{"@type":"ImageObject","inLanguage":"fi","@id":"https:\/\/sey.fi\/salo\/salon-elainsuojelu\/tue-toimintaa\/yritysjasenet\/#primaryimage","url":"https:\/\/sey.fi\/wp-content\/uploads\/sites\/28\/2024\/08\/IMG_4007-768x1024.jpeg","contentUrl":"https:\/\/sey.fi\/wp-content\/uploads\/sites\/28\/2024\/08\/IMG_4007-768x1024.jpeg"},{"@type":"BreadcrumbList","@id":"https:\/\/sey.fi\/salo\/salon-elainsuojelu\/tue-toimintaa\/yritysjasenet\/#breadcrumb","itemListElement":[{"@type":"ListItem","position":1,"name":"Home","item":"https:\/\/sey.fi\/salo\/"},{"@type":"ListItem","position":2,"name":"Salon Seudun El\u00e4insuojeluyhdistys","item":"https:\/\/sey.fi\/salo\/"},{"@type":"ListItem","position":3,"name":"Tue toimintaa","item":"https:\/\/sey.fi\/salo\/salon-elainsuojelu\/tue-toimintaa\/"},{"@type":"ListItem","position":4,"name":"Yritysj\u00e4senet 2025"}]},{"@type":"WebSite","@id":"https:\/\/sey.fi\/salo\/#website","url":"https:\/\/sey.fi\/salo\/","name":"Salon seudun el\u00e4insuojeluyhdistys","description":"Uusi SEY J\u00e4senyhdistykset -sivusto","potentialAction":[{"@type":"SearchAction","target":{"@type":"EntryPoint","urlTemplate":"https:\/\/sey.fi\/salo\/?s={search_term_string}"},"query-input":{"@type":"PropertyValueSpecification","valueRequired":true,"valueName":"search_term_string"}}],"inLanguage":"fi"}]}},"_links":{"self":[{"href":"https:\/\/sey.fi\/salo\/wp-json\/wp\/v2\/pages\/343","targetHints":{"allow":["GET"]}}],"collection":[{"href":"https:\/\/sey.fi\/salo\/wp-json\/wp\/v2\/pages"}],"about":[{"href":"https:\/\/sey.fi\/salo\/wp-json\/wp\/v2\/types\/page"}],"author":[{"embeddable":true,"href":"https:\/\/sey.fi\/salo\/wp-json\/wp\/v2\/users\/25"}],"replies":[{"embeddable":true,"href":"https:\/\/sey.fi\/salo\/wp-json\/wp\/v2\/comments?post=343"}],"version-history":[{"count":27,"href":"https:\/\/sey.fi\/salo\/wp-json\/wp\/v2\/pages\/343\/revisions"}],"predecessor-version":[{"id":1204,"href":"https:\/\/sey.fi\/salo\/wp-json\/wp\/v2\/pages\/343\/revisions\/1204"}],"up":[{"embeddable":true,"href":"https:\/\/sey.fi\/salo\/wp-json\/wp\/v2\/pages\/546"}],"wp:attachment":[{"href":"https:\/\/sey.fi\/salo\/wp-json\/wp\/v2\/media?parent=343"}],"curies":[{"name":"wp","href":"https:\/\/api.w.org\/{rel}","templated":true}]}}