{"id":41,"date":"2019-11-15T16:54:48","date_gmt":"2019-11-15T14:54:48","guid":{"rendered":"http:\/\/srvr10.xetpoint.com\/~seyfi\/salo\/?page_id=41"},"modified":"2023-05-09T14:41:43","modified_gmt":"2023-05-09T11:41:43","slug":"sseyn-tuotteet","status":"publish","type":"page","link":"https:\/\/sey.fi\/salo\/salon-elainsuojelu\/tue-toimintaa\/sseyn-tuotteet\/","title":{"rendered":"SSEY:n tuotteet"},"content":{"rendered":"\n<p>T-paitoja ja kangaskasseja saatavilla yhdistyksen erilaisissa tapahtumissa ja tilaisuuksissa.<\/p>\n\n\n\n<h2 class=\"wp-block-heading\">T-paidat<\/h2>\n\n\n\n<h3 class=\"wp-block-heading\">Laadukkaat ja kest\u00e4v\u00e4t t-paidat aikuisille ja lapsille edullisesti!<\/h3>\n\n\n\n<h2 class=\"wp-block-heading\"><strong>Naisten ja Miesten T-paidat<\/strong><\/h2>\n\n\n\n<figure class=\"wp-block-image size-large\"><img loading=\"lazy\" decoding=\"async\" width=\"500\" height=\"333\" src=\"https:\/\/sey.fi\/wp-content\/uploads\/sites\/28\/2020\/08\/paidat1.jpg\" alt=\"\" class=\"wp-image-161\" srcset=\"https:\/\/sey.fi\/wp-content\/uploads\/sites\/28\/2020\/08\/paidat1.jpg 500w, https:\/\/sey.fi\/wp-content\/uploads\/sites\/28\/2020\/08\/paidat1-300x200.jpg 300w\" sizes=\"auto, (max-width: 500px) 100vw, 500px\" \/><\/figure>\n\n\n\n<p><strong>NAISTEN T-PAIDAT<\/strong><\/p>\n\n\n\n<p>Naisille oma \u201dFIT\u201d eli tyk\u00f6istuva malli&nbsp;<br><strong>Koot: <\/strong>S &#8211; XXL<br><strong>V\u00e4rit:<\/strong><em> <\/em>Punainen, musta ja sininen<br><strong>Merkki:<\/strong> D.A.D.<\/p>\n\n\n\n<p><strong>Hinta: <\/strong>12 eur \/ t-paita<\/p>\n\n\n\n<hr class=\"wp-block-separator has-css-opacity\" \/>\n\n\n\n<p><strong>MIESTEN T-PAIDAT&nbsp;<\/strong><\/p>\n\n\n\n<p>Miesten malli on &#8221;Unisex&#8221; eli suoramalli (sopii my\u00f6s naisille)<br><strong>Koot:<\/strong> S &#8211; XXL<br><strong>V\u00e4rit:<\/strong> Punainen, musta ja sininen<br><strong>Merkki:<\/strong> D.A.D.<\/p>\n\n\n\n<p><strong>Hinta:<\/strong> 12 eur \/ t-paita<\/p>\n\n\n\n<hr class=\"wp-block-separator has-css-opacity\" \/>\n\n\n\n<h2 class=\"wp-block-heading\"><strong>Lasten T-paidat<\/strong><\/h2>\n\n\n\n<figure class=\"wp-block-image size-large\"><img loading=\"lazy\" decoding=\"async\" width=\"500\" height=\"333\" src=\"https:\/\/sey.fi\/wp-content\/uploads\/sites\/28\/2020\/08\/paidat2.jpg\" alt=\"\" class=\"wp-image-162\" srcset=\"https:\/\/sey.fi\/wp-content\/uploads\/sites\/28\/2020\/08\/paidat2.jpg 500w, https:\/\/sey.fi\/wp-content\/uploads\/sites\/28\/2020\/08\/paidat2-300x200.jpg 300w\" sizes=\"auto, (max-width: 500px) 100vw, 500px\" \/><\/figure>\n\n\n\n<p><strong>Koot:<\/strong> 104, 116, 128, 140 ja 152 cm<br><em>(koko 152cm vastaa naisten D.A.D:n L-kokoa)<\/em><br><strong>V\u00e4rit:<\/strong> Punainen, keltainen, vihre\u00e4, oranssi ja sininen<br><strong>Merkki:<\/strong> Fruit of the Loom<\/p>\n\n\n\n<p><strong>Hinta:<\/strong> 8 eur \/ t-paita<\/p>\n\n\n\n<hr class=\"wp-block-separator has-css-opacity\" \/>\n\n\n\n<h2 class=\"wp-block-heading\">Kangaskassi<\/h2>\n\n\n\n<p>Kangaskassit ovat myyt\u00e4v\u00e4n\u00e4 yhdistyksen tapahtumissa.<\/p>\n\n\n\n<p><strong>Hinta:<\/strong>&nbsp;4 eur \/ kassi<\/p>\n","protected":false},"excerpt":{"rendered":"<p>T-paitoja ja kangaskasseja saatavilla yhdistyksen erilaisissa tapahtumissa ja tilaisuuksissa. T-paidat Laadukkaat ja kest\u00e4v\u00e4t t-paidat aikuisille ja lapsille edullisesti! Naisten ja Miesten T-paidat NAISTEN T-PAIDAT Naisille oma \u201dFIT\u201d eli tyk\u00f6istuva malli&nbsp;Koot: S &#8211; XXLV\u00e4rit: Punainen, musta ja sininenMerkki: D.A.D. Hinta: 12 eur \/ t-paita MIESTEN T-PAIDAT&nbsp; Miesten malli on &#8221;Unisex&#8221; eli suoramalli (sopii my\u00f6s naisille)Koot: S [&hellip;]<\/p>\n","protected":false},"author":8,"featured_media":0,"parent":546,"menu_order":0,"comment_status":"closed","ping_status":"closed","template":"","meta":{"_acf_changed":false,"footnotes":""},"class_list":["post-41","page","type-page","status-publish","hentry"],"acf":[],"yoast_head":"<!-- This site is optimized with the Yoast SEO plugin v27.1.1 - https:\/\/yoast.com\/product\/yoast-seo-wordpress\/ -->\n<title>SSEY:n tuotteet - Salon seudun el\u00e4insuojeluyhdistys<\/title>\n<meta name=\"robots\" content=\"index, follow, max-snippet:-1, max-image-preview:large, max-video-preview:-1\" \/>\n<link rel=\"canonical\" href=\"https:\/\/sey.fi\/salo\/salon-elainsuojelu\/tue-toimintaa\/sseyn-tuotteet\/\" \/>\n<meta property=\"og:locale\" content=\"fi_FI\" \/>\n<meta property=\"og:type\" content=\"article\" \/>\n<meta property=\"og:title\" content=\"SSEY:n tuotteet - Salon seudun el\u00e4insuojeluyhdistys\" \/>\n<meta property=\"og:description\" content=\"T-paitoja ja kangaskasseja saatavilla yhdistyksen erilaisissa tapahtumissa ja tilaisuuksissa. T-paidat Laadukkaat ja kest\u00e4v\u00e4t t-paidat aikuisille ja lapsille edullisesti! Naisten ja Miesten T-paidat NAISTEN T-PAIDAT Naisille oma \u201dFIT\u201d eli tyk\u00f6istuva malli&nbsp;Koot: S &#8211; XXLV\u00e4rit: Punainen, musta ja sininenMerkki: D.A.D. Hinta: 12 eur \/ t-paita MIESTEN T-PAIDAT&nbsp; Miesten malli on &#8221;Unisex&#8221; eli suoramalli (sopii my\u00f6s naisille)Koot: S [&hellip;]\" \/>\n<meta property=\"og:url\" content=\"https:\/\/sey.fi\/salo\/salon-elainsuojelu\/tue-toimintaa\/sseyn-tuotteet\/\" \/>\n<meta property=\"og:site_name\" content=\"Salon seudun el\u00e4insuojeluyhdistys\" \/>\n<meta property=\"article:modified_time\" content=\"2023-05-09T11:41:43+00:00\" \/>\n<meta property=\"og:image\" content=\"https:\/\/sey.fi\/wp-content\/uploads\/sites\/28\/2020\/08\/paidat1.jpg\" \/>\n<meta name=\"twitter:card\" content=\"summary_large_image\" \/>\n<meta name=\"twitter:label1\" content=\"Arvioitu lukuaika\" \/>\n\t<meta name=\"twitter:data1\" content=\"2 minuuttia\" \/>\n<script type=\"application\/ld+json\" class=\"yoast-schema-graph\">{\"@context\":\"https:\/\/schema.org\",\"@graph\":[{\"@type\":\"WebPage\",\"@id\":\"https:\/\/sey.fi\/salo\/salon-elainsuojelu\/tue-toimintaa\/sseyn-tuotteet\/\",\"url\":\"https:\/\/sey.fi\/salo\/salon-elainsuojelu\/tue-toimintaa\/sseyn-tuotteet\/\",\"name\":\"SSEY:n tuotteet - Salon seudun el\u00e4insuojeluyhdistys\",\"isPartOf\":{\"@id\":\"https:\/\/sey.fi\/salo\/#website\"},\"primaryImageOfPage\":{\"@id\":\"https:\/\/sey.fi\/salo\/salon-elainsuojelu\/tue-toimintaa\/sseyn-tuotteet\/#primaryimage\"},\"image\":{\"@id\":\"https:\/\/sey.fi\/salo\/salon-elainsuojelu\/tue-toimintaa\/sseyn-tuotteet\/#primaryimage\"},\"thumbnailUrl\":\"https:\/\/sey.fi\/wp-content\/uploads\/sites\/28\/2020\/08\/paidat1.jpg\",\"datePublished\":\"2019-11-15T14:54:48+00:00\",\"dateModified\":\"2023-05-09T11:41:43+00:00\",\"breadcrumb\":{\"@id\":\"https:\/\/sey.fi\/salo\/salon-elainsuojelu\/tue-toimintaa\/sseyn-tuotteet\/#breadcrumb\"},\"inLanguage\":\"fi\",\"potentialAction\":[{\"@type\":\"ReadAction\",\"target\":[\"https:\/\/sey.fi\/salo\/salon-elainsuojelu\/tue-toimintaa\/sseyn-tuotteet\/\"]}]},{\"@type\":\"ImageObject\",\"inLanguage\":\"fi\",\"@id\":\"https:\/\/sey.fi\/salo\/salon-elainsuojelu\/tue-toimintaa\/sseyn-tuotteet\/#primaryimage\",\"url\":\"https:\/\/sey.fi\/wp-content\/uploads\/sites\/28\/2020\/08\/paidat1.jpg\",\"contentUrl\":\"https:\/\/sey.fi\/wp-content\/uploads\/sites\/28\/2020\/08\/paidat1.jpg\"},{\"@type\":\"BreadcrumbList\",\"@id\":\"https:\/\/sey.fi\/salo\/salon-elainsuojelu\/tue-toimintaa\/sseyn-tuotteet\/#breadcrumb\",\"itemListElement\":[{\"@type\":\"ListItem\",\"position\":1,\"name\":\"Home\",\"item\":\"https:\/\/sey.fi\/salo\/\"},{\"@type\":\"ListItem\",\"position\":2,\"name\":\"Salon Seudun El\u00e4insuojeluyhdistys\",\"item\":\"https:\/\/sey.fi\/salo\/\"},{\"@type\":\"ListItem\",\"position\":3,\"name\":\"Tue toimintaa\",\"item\":\"https:\/\/sey.fi\/salo\/salon-elainsuojelu\/tue-toimintaa\/\"},{\"@type\":\"ListItem\",\"position\":4,\"name\":\"SSEY:n tuotteet\"}]},{\"@type\":\"WebSite\",\"@id\":\"https:\/\/sey.fi\/salo\/#website\",\"url\":\"https:\/\/sey.fi\/salo\/\",\"name\":\"Salon seudun el\u00e4insuojeluyhdistys\",\"description\":\"Uusi SEY J\u00e4senyhdistykset -sivusto\",\"potentialAction\":[{\"@type\":\"SearchAction\",\"target\":{\"@type\":\"EntryPoint\",\"urlTemplate\":\"https:\/\/sey.fi\/salo\/?s={search_term_string}\"},\"query-input\":{\"@type\":\"PropertyValueSpecification\",\"valueRequired\":true,\"valueName\":\"search_term_string\"}}],\"inLanguage\":\"fi\"}]}<\/script>\n<!-- \/ Yoast SEO plugin. -->","yoast_head_json":{"title":"SSEY:n tuotteet - Salon seudun el\u00e4insuojeluyhdistys","robots":{"index":"index","follow":"follow","max-snippet":"max-snippet:-1","max-image-preview":"max-image-preview:large","max-video-preview":"max-video-preview:-1"},"canonical":"https:\/\/sey.fi\/salo\/salon-elainsuojelu\/tue-toimintaa\/sseyn-tuotteet\/","og_locale":"fi_FI","og_type":"article","og_title":"SSEY:n tuotteet - Salon seudun el\u00e4insuojeluyhdistys","og_description":"T-paitoja ja kangaskasseja saatavilla yhdistyksen erilaisissa tapahtumissa ja tilaisuuksissa. T-paidat Laadukkaat ja kest\u00e4v\u00e4t t-paidat aikuisille ja lapsille edullisesti! Naisten ja Miesten T-paidat NAISTEN T-PAIDAT Naisille oma \u201dFIT\u201d eli tyk\u00f6istuva malli&nbsp;Koot: S &#8211; XXLV\u00e4rit: Punainen, musta ja sininenMerkki: D.A.D. Hinta: 12 eur \/ t-paita MIESTEN T-PAIDAT&nbsp; Miesten malli on &#8221;Unisex&#8221; eli suoramalli (sopii my\u00f6s naisille)Koot: S [&hellip;]","og_url":"https:\/\/sey.fi\/salo\/salon-elainsuojelu\/tue-toimintaa\/sseyn-tuotteet\/","og_site_name":"Salon seudun el\u00e4insuojeluyhdistys","article_modified_time":"2023-05-09T11:41:43+00:00","og_image":[{"url":"https:\/\/sey.fi\/wp-content\/uploads\/sites\/28\/2020\/08\/paidat1.jpg","type":"","width":"","height":""}],"twitter_card":"summary_large_image","twitter_misc":{"Arvioitu lukuaika":"2 minuuttia"},"schema":{"@context":"https:\/\/schema.org","@graph":[{"@type":"WebPage","@id":"https:\/\/sey.fi\/salo\/salon-elainsuojelu\/tue-toimintaa\/sseyn-tuotteet\/","url":"https:\/\/sey.fi\/salo\/salon-elainsuojelu\/tue-toimintaa\/sseyn-tuotteet\/","name":"SSEY:n tuotteet - Salon seudun el\u00e4insuojeluyhdistys","isPartOf":{"@id":"https:\/\/sey.fi\/salo\/#website"},"primaryImageOfPage":{"@id":"https:\/\/sey.fi\/salo\/salon-elainsuojelu\/tue-toimintaa\/sseyn-tuotteet\/#primaryimage"},"image":{"@id":"https:\/\/sey.fi\/salo\/salon-elainsuojelu\/tue-toimintaa\/sseyn-tuotteet\/#primaryimage"},"thumbnailUrl":"https:\/\/sey.fi\/wp-content\/uploads\/sites\/28\/2020\/08\/paidat1.jpg","datePublished":"2019-11-15T14:54:48+00:00","dateModified":"2023-05-09T11:41:43+00:00","breadcrumb":{"@id":"https:\/\/sey.fi\/salo\/salon-elainsuojelu\/tue-toimintaa\/sseyn-tuotteet\/#breadcrumb"},"inLanguage":"fi","potentialAction":[{"@type":"ReadAction","target":["https:\/\/sey.fi\/salo\/salon-elainsuojelu\/tue-toimintaa\/sseyn-tuotteet\/"]}]},{"@type":"ImageObject","inLanguage":"fi","@id":"https:\/\/sey.fi\/salo\/salon-elainsuojelu\/tue-toimintaa\/sseyn-tuotteet\/#primaryimage","url":"https:\/\/sey.fi\/wp-content\/uploads\/sites\/28\/2020\/08\/paidat1.jpg","contentUrl":"https:\/\/sey.fi\/wp-content\/uploads\/sites\/28\/2020\/08\/paidat1.jpg"},{"@type":"BreadcrumbList","@id":"https:\/\/sey.fi\/salo\/salon-elainsuojelu\/tue-toimintaa\/sseyn-tuotteet\/#breadcrumb","itemListElement":[{"@type":"ListItem","position":1,"name":"Home","item":"https:\/\/sey.fi\/salo\/"},{"@type":"ListItem","position":2,"name":"Salon Seudun El\u00e4insuojeluyhdistys","item":"https:\/\/sey.fi\/salo\/"},{"@type":"ListItem","position":3,"name":"Tue toimintaa","item":"https:\/\/sey.fi\/salo\/salon-elainsuojelu\/tue-toimintaa\/"},{"@type":"ListItem","position":4,"name":"SSEY:n tuotteet"}]},{"@type":"WebSite","@id":"https:\/\/sey.fi\/salo\/#website","url":"https:\/\/sey.fi\/salo\/","name":"Salon seudun el\u00e4insuojeluyhdistys","description":"Uusi SEY J\u00e4senyhdistykset -sivusto","potentialAction":[{"@type":"SearchAction","target":{"@type":"EntryPoint","urlTemplate":"https:\/\/sey.fi\/salo\/?s={search_term_string}"},"query-input":{"@type":"PropertyValueSpecification","valueRequired":true,"valueName":"search_term_string"}}],"inLanguage":"fi"}]}},"_links":{"self":[{"href":"https:\/\/sey.fi\/salo\/wp-json\/wp\/v2\/pages\/41","targetHints":{"allow":["GET"]}}],"collection":[{"href":"https:\/\/sey.fi\/salo\/wp-json\/wp\/v2\/pages"}],"about":[{"href":"https:\/\/sey.fi\/salo\/wp-json\/wp\/v2\/types\/page"}],"author":[{"embeddable":true,"href":"https:\/\/sey.fi\/salo\/wp-json\/wp\/v2\/users\/8"}],"replies":[{"embeddable":true,"href":"https:\/\/sey.fi\/salo\/wp-json\/wp\/v2\/comments?post=41"}],"version-history":[{"count":6,"href":"https:\/\/sey.fi\/salo\/wp-json\/wp\/v2\/pages\/41\/revisions"}],"predecessor-version":[{"id":829,"href":"https:\/\/sey.fi\/salo\/wp-json\/wp\/v2\/pages\/41\/revisions\/829"}],"up":[{"embeddable":true,"href":"https:\/\/sey.fi\/salo\/wp-json\/wp\/v2\/pages\/546"}],"wp:attachment":[{"href":"https:\/\/sey.fi\/salo\/wp-json\/wp\/v2\/media?parent=41"}],"curies":[{"name":"wp","href":"https:\/\/api.w.org\/{rel}","templated":true}]}}