{"id":544,"date":"2023-05-06T14:16:22","date_gmt":"2023-05-06T11:16:22","guid":{"rendered":"https:\/\/sey.fi\/salo\/?page_id=544"},"modified":"2024-03-03T17:41:40","modified_gmt":"2024-03-03T15:41:40","slug":"toimitilat","status":"publish","type":"page","link":"https:\/\/sey.fi\/salo\/salon-elainsuojelu\/yhdistys\/toimitilat\/","title":{"rendered":"Toimitilat ja pop-up kahvio"},"content":{"rendered":"\n<p><strong>Osoite:<br>Salon Seudun El\u00e4insuojeluyhdistys ry<br>Esterinkatu 13<br>24100 Salo<\/strong><\/p>\n\n\n<div class=\"wp-block-image\">\n<figure class=\"aligncenter size-large is-resized\"><img loading=\"lazy\" decoding=\"async\" src=\"https:\/\/sey.fi\/wp-content\/uploads\/sites\/28\/2023\/05\/ssey-olohuone-avoinna-1-1024x1024.png\" alt=\"\" class=\"wp-image-810\" width=\"512\" height=\"512\" srcset=\"https:\/\/sey.fi\/wp-content\/uploads\/sites\/28\/2023\/05\/ssey-olohuone-avoinna-1-1024x1024.png 1024w, https:\/\/sey.fi\/wp-content\/uploads\/sites\/28\/2023\/05\/ssey-olohuone-avoinna-1-300x300.png 300w, https:\/\/sey.fi\/wp-content\/uploads\/sites\/28\/2023\/05\/ssey-olohuone-avoinna-1-150x150.png 150w, https:\/\/sey.fi\/wp-content\/uploads\/sites\/28\/2023\/05\/ssey-olohuone-avoinna-1-768x768.png 768w, https:\/\/sey.fi\/wp-content\/uploads\/sites\/28\/2023\/05\/ssey-olohuone-avoinna-1-160x160.png 160w, https:\/\/sey.fi\/wp-content\/uploads\/sites\/28\/2023\/05\/ssey-olohuone-avoinna-1.png 1080w\" sizes=\"auto, (max-width: 512px) 100vw, 512px\" \/><\/figure><\/div>\n\n\n<p>Ensimm\u00e4iset toimitilat SSEY hankki itselleen vuokraamalla kaksikerroksisen kiinteist\u00f6n Salon keskustasta, Helsingintielt\u00e4 marraskuussa 2015. T\u00e4m\u00e4 paransi huomattavasti yhdistyksen resursseja vastaanottaa l\u00f6yt\u00f6el\u00e4imi\u00e4 v\u00e4liaikaissijoitukseen ja n\u00e4in toimintamme oli mahdollista laajentua merkitt\u00e4v\u00e4sti. Yhdistys pystyi nyt palvelemaan viranomaisia my\u00f6s y\u00f6aikaan, jolloin poliisi sai toimitettua mm. koirat suoraan yhdistyksen tiloihin.<\/p>\n\n\n\n<p>Toiminnan laajentuessa entisest\u00e4\u00e4n tilat alkoivat kuitenkin auttamatta k\u00e4yd\u00e4 ahtaiksi ja ep\u00e4k\u00e4yt\u00e4nn\u00f6llisiksi. Yhdistys aloitti uusien, isompien ja toimivampien vuokratilojen etsimisen Salon keskustan tuntumasta niit\u00e4 kuitenkaan l\u00f6yt\u00e4m\u00e4tt\u00e4. Yhdistyksen hallitus p\u00e4\u00e4tti lopulta syksyll\u00e4 2022 tehd\u00e4 ostotarjouksen toimitilasta Esterinkatu 13 kiinteist\u00f6n alakerrassa. Tarjous hyv\u00e4ksyttiin, ja muuttoa tehtiin pikkuhiljaa alkuvuodesta 2023. Toiminta p\u00e4\u00e4stiin aloittamaan uusilla tiloilla huhtikuun 2023 alussa. Avajaisia juhlistettiin yhdistyksen 126. vuosip\u00e4iv\u00e4n\u00e4 13.4.2023.<\/p>\n\n\n\n<p>Uusilla toimitiloilla neli\u00f6it\u00e4 on yhteens\u00e4 250, mik\u00e4 mahdollistaa toiminnan laajentamisen entisest\u00e4\u00e4n sek\u00e4 kodinomaisempien olojen luomisen sek\u00e4 l\u00f6yt\u00f6kissoille ett\u00e4 -koirille. Sek\u00e4 koirien ett\u00e4 kissojen osalta l\u00e4\u00e4kityksen, perustutkimuksen, mahdollisten testien ja hoidon j\u00e4lkeen el\u00e4imet siirtyv\u00e4t sijaiskoteihin odottamaan omaa loppuel\u00e4m\u00e4nkotiaan, eli kyseess\u00e4 ei ole varsinainen pitk\u00e4aikaiseen hoitoon tarkoitettu el\u00e4inhoitola tai l\u00f6yt\u00f6el\u00e4intalo. Hoidossa olevia el\u00e4imi\u00e4 ei p\u00e4\u00e4s\u00e4\u00e4nt\u00f6isesti p\u00e4\u00e4se my\u00f6sk\u00e4\u00e4n katsomaan ellei kyseess\u00e4 ole avoimet ovet -tapahtuma.<\/p>\n\n\n\n<p>Avara keitti\u00f6tila sek\u00e4 WC:t mahdollistavat my\u00f6skin tapahtumien, kokousten tai koulutusten pit\u00e4misen omilla tiloillamme muualta tilan vuokraamisen sijaan. Viihtyisyyden lis\u00e4\u00e4ntymisen vuoksi olemme lis\u00e4nneet toimitiloillemme my\u00f6s aukioloajat, mitk\u00e4 helpottavat muun muassa lahjoitusten tuomista ja vastaanottamista, ja samalla voi piipahtaa aktiiviemme kanssa rupattelemassa kahvin tai teen \u00e4\u00e4rell\u00e4.<\/p>\n\n\n\n<p>Toimitilat ovat avoinna joka sunnuntai klo 12-14.<br>Mahdollisista suuremmista lahjoituksista tulee kuitenkin aina ilmoittaa etuk\u00e4teen.<\/p>\n","protected":false},"excerpt":{"rendered":"<p>Osoite:Salon Seudun El\u00e4insuojeluyhdistys ryEsterinkatu 1324100 Salo Ensimm\u00e4iset toimitilat SSEY hankki itselleen vuokraamalla kaksikerroksisen kiinteist\u00f6n Salon keskustasta, Helsingintielt\u00e4 marraskuussa 2015. T\u00e4m\u00e4 paransi huomattavasti yhdistyksen resursseja vastaanottaa l\u00f6yt\u00f6el\u00e4imi\u00e4 v\u00e4liaikaissijoitukseen ja n\u00e4in toimintamme oli mahdollista laajentua merkitt\u00e4v\u00e4sti. Yhdistys pystyi nyt palvelemaan viranomaisia my\u00f6s y\u00f6aikaan, jolloin poliisi sai toimitettua mm. koirat suoraan yhdistyksen tiloihin. Toiminnan laajentuessa entisest\u00e4\u00e4n tilat alkoivat [&hellip;]<\/p>\n","protected":false},"author":25,"featured_media":0,"parent":538,"menu_order":0,"comment_status":"closed","ping_status":"closed","template":"","meta":{"_acf_changed":false,"footnotes":""},"class_list":["post-544","page","type-page","status-publish","hentry"],"acf":[],"yoast_head":"<!-- This site is optimized with the Yoast SEO plugin v27.1.1 - https:\/\/yoast.com\/product\/yoast-seo-wordpress\/ -->\n<title>Toimitilat ja pop-up kahvio - Salon seudun el\u00e4insuojeluyhdistys<\/title>\n<meta name=\"robots\" content=\"index, follow, max-snippet:-1, max-image-preview:large, max-video-preview:-1\" \/>\n<link rel=\"canonical\" href=\"https:\/\/sey.fi\/salo\/salon-elainsuojelu\/yhdistys\/toimitilat\/\" \/>\n<meta property=\"og:locale\" content=\"fi_FI\" \/>\n<meta property=\"og:type\" content=\"article\" \/>\n<meta property=\"og:title\" content=\"Toimitilat ja pop-up kahvio - Salon seudun el\u00e4insuojeluyhdistys\" \/>\n<meta property=\"og:description\" content=\"Osoite:Salon Seudun El\u00e4insuojeluyhdistys ryEsterinkatu 1324100 Salo Ensimm\u00e4iset toimitilat SSEY hankki itselleen vuokraamalla kaksikerroksisen kiinteist\u00f6n Salon keskustasta, Helsingintielt\u00e4 marraskuussa 2015. T\u00e4m\u00e4 paransi huomattavasti yhdistyksen resursseja vastaanottaa l\u00f6yt\u00f6el\u00e4imi\u00e4 v\u00e4liaikaissijoitukseen ja n\u00e4in toimintamme oli mahdollista laajentua merkitt\u00e4v\u00e4sti. Yhdistys pystyi nyt palvelemaan viranomaisia my\u00f6s y\u00f6aikaan, jolloin poliisi sai toimitettua mm. koirat suoraan yhdistyksen tiloihin. Toiminnan laajentuessa entisest\u00e4\u00e4n tilat alkoivat [&hellip;]\" \/>\n<meta property=\"og:url\" content=\"https:\/\/sey.fi\/salo\/salon-elainsuojelu\/yhdistys\/toimitilat\/\" \/>\n<meta property=\"og:site_name\" content=\"Salon seudun el\u00e4insuojeluyhdistys\" \/>\n<meta property=\"article:modified_time\" content=\"2024-03-03T15:41:40+00:00\" \/>\n<meta property=\"og:image\" content=\"https:\/\/sey.fi\/wp-content\/uploads\/sites\/28\/2023\/05\/ssey-olohuone-avoinna-1-1024x1024.png\" \/>\n<meta name=\"twitter:card\" content=\"summary_large_image\" \/>\n<meta name=\"twitter:label1\" content=\"Arvioitu lukuaika\" \/>\n\t<meta name=\"twitter:data1\" content=\"2 minuuttia\" \/>\n<script type=\"application\/ld+json\" class=\"yoast-schema-graph\">{\"@context\":\"https:\/\/schema.org\",\"@graph\":[{\"@type\":\"WebPage\",\"@id\":\"https:\/\/sey.fi\/salo\/salon-elainsuojelu\/yhdistys\/toimitilat\/\",\"url\":\"https:\/\/sey.fi\/salo\/salon-elainsuojelu\/yhdistys\/toimitilat\/\",\"name\":\"Toimitilat ja pop-up kahvio - Salon seudun el\u00e4insuojeluyhdistys\",\"isPartOf\":{\"@id\":\"https:\/\/sey.fi\/salo\/#website\"},\"primaryImageOfPage\":{\"@id\":\"https:\/\/sey.fi\/salo\/salon-elainsuojelu\/yhdistys\/toimitilat\/#primaryimage\"},\"image\":{\"@id\":\"https:\/\/sey.fi\/salo\/salon-elainsuojelu\/yhdistys\/toimitilat\/#primaryimage\"},\"thumbnailUrl\":\"https:\/\/sey.fi\/wp-content\/uploads\/sites\/28\/2023\/05\/ssey-olohuone-avoinna-1-1024x1024.png\",\"datePublished\":\"2023-05-06T11:16:22+00:00\",\"dateModified\":\"2024-03-03T15:41:40+00:00\",\"breadcrumb\":{\"@id\":\"https:\/\/sey.fi\/salo\/salon-elainsuojelu\/yhdistys\/toimitilat\/#breadcrumb\"},\"inLanguage\":\"fi\",\"potentialAction\":[{\"@type\":\"ReadAction\",\"target\":[\"https:\/\/sey.fi\/salo\/salon-elainsuojelu\/yhdistys\/toimitilat\/\"]}]},{\"@type\":\"ImageObject\",\"inLanguage\":\"fi\",\"@id\":\"https:\/\/sey.fi\/salo\/salon-elainsuojelu\/yhdistys\/toimitilat\/#primaryimage\",\"url\":\"https:\/\/sey.fi\/wp-content\/uploads\/sites\/28\/2023\/05\/ssey-olohuone-avoinna-1-1024x1024.png\",\"contentUrl\":\"https:\/\/sey.fi\/wp-content\/uploads\/sites\/28\/2023\/05\/ssey-olohuone-avoinna-1-1024x1024.png\"},{\"@type\":\"BreadcrumbList\",\"@id\":\"https:\/\/sey.fi\/salo\/salon-elainsuojelu\/yhdistys\/toimitilat\/#breadcrumb\",\"itemListElement\":[{\"@type\":\"ListItem\",\"position\":1,\"name\":\"Home\",\"item\":\"https:\/\/sey.fi\/salo\/\"},{\"@type\":\"ListItem\",\"position\":2,\"name\":\"Salon Seudun El\u00e4insuojeluyhdistys\",\"item\":\"https:\/\/sey.fi\/salo\/\"},{\"@type\":\"ListItem\",\"position\":3,\"name\":\"Yhdistys\",\"item\":\"https:\/\/sey.fi\/salo\/salon-elainsuojelu\/yhdistys\/\"},{\"@type\":\"ListItem\",\"position\":4,\"name\":\"Toimitilat ja pop-up kahvio\"}]},{\"@type\":\"WebSite\",\"@id\":\"https:\/\/sey.fi\/salo\/#website\",\"url\":\"https:\/\/sey.fi\/salo\/\",\"name\":\"Salon seudun el\u00e4insuojeluyhdistys\",\"description\":\"Uusi SEY J\u00e4senyhdistykset -sivusto\",\"potentialAction\":[{\"@type\":\"SearchAction\",\"target\":{\"@type\":\"EntryPoint\",\"urlTemplate\":\"https:\/\/sey.fi\/salo\/?s={search_term_string}\"},\"query-input\":{\"@type\":\"PropertyValueSpecification\",\"valueRequired\":true,\"valueName\":\"search_term_string\"}}],\"inLanguage\":\"fi\"}]}<\/script>\n<!-- \/ Yoast SEO plugin. -->","yoast_head_json":{"title":"Toimitilat ja pop-up kahvio - Salon seudun el\u00e4insuojeluyhdistys","robots":{"index":"index","follow":"follow","max-snippet":"max-snippet:-1","max-image-preview":"max-image-preview:large","max-video-preview":"max-video-preview:-1"},"canonical":"https:\/\/sey.fi\/salo\/salon-elainsuojelu\/yhdistys\/toimitilat\/","og_locale":"fi_FI","og_type":"article","og_title":"Toimitilat ja pop-up kahvio - Salon seudun el\u00e4insuojeluyhdistys","og_description":"Osoite:Salon Seudun El\u00e4insuojeluyhdistys ryEsterinkatu 1324100 Salo Ensimm\u00e4iset toimitilat SSEY hankki itselleen vuokraamalla kaksikerroksisen kiinteist\u00f6n Salon keskustasta, Helsingintielt\u00e4 marraskuussa 2015. T\u00e4m\u00e4 paransi huomattavasti yhdistyksen resursseja vastaanottaa l\u00f6yt\u00f6el\u00e4imi\u00e4 v\u00e4liaikaissijoitukseen ja n\u00e4in toimintamme oli mahdollista laajentua merkitt\u00e4v\u00e4sti. Yhdistys pystyi nyt palvelemaan viranomaisia my\u00f6s y\u00f6aikaan, jolloin poliisi sai toimitettua mm. koirat suoraan yhdistyksen tiloihin. Toiminnan laajentuessa entisest\u00e4\u00e4n tilat alkoivat [&hellip;]","og_url":"https:\/\/sey.fi\/salo\/salon-elainsuojelu\/yhdistys\/toimitilat\/","og_site_name":"Salon seudun el\u00e4insuojeluyhdistys","article_modified_time":"2024-03-03T15:41:40+00:00","og_image":[{"url":"https:\/\/sey.fi\/wp-content\/uploads\/sites\/28\/2023\/05\/ssey-olohuone-avoinna-1-1024x1024.png","type":"","width":"","height":""}],"twitter_card":"summary_large_image","twitter_misc":{"Arvioitu lukuaika":"2 minuuttia"},"schema":{"@context":"https:\/\/schema.org","@graph":[{"@type":"WebPage","@id":"https:\/\/sey.fi\/salo\/salon-elainsuojelu\/yhdistys\/toimitilat\/","url":"https:\/\/sey.fi\/salo\/salon-elainsuojelu\/yhdistys\/toimitilat\/","name":"Toimitilat ja pop-up kahvio - Salon seudun el\u00e4insuojeluyhdistys","isPartOf":{"@id":"https:\/\/sey.fi\/salo\/#website"},"primaryImageOfPage":{"@id":"https:\/\/sey.fi\/salo\/salon-elainsuojelu\/yhdistys\/toimitilat\/#primaryimage"},"image":{"@id":"https:\/\/sey.fi\/salo\/salon-elainsuojelu\/yhdistys\/toimitilat\/#primaryimage"},"thumbnailUrl":"https:\/\/sey.fi\/wp-content\/uploads\/sites\/28\/2023\/05\/ssey-olohuone-avoinna-1-1024x1024.png","datePublished":"2023-05-06T11:16:22+00:00","dateModified":"2024-03-03T15:41:40+00:00","breadcrumb":{"@id":"https:\/\/sey.fi\/salo\/salon-elainsuojelu\/yhdistys\/toimitilat\/#breadcrumb"},"inLanguage":"fi","potentialAction":[{"@type":"ReadAction","target":["https:\/\/sey.fi\/salo\/salon-elainsuojelu\/yhdistys\/toimitilat\/"]}]},{"@type":"ImageObject","inLanguage":"fi","@id":"https:\/\/sey.fi\/salo\/salon-elainsuojelu\/yhdistys\/toimitilat\/#primaryimage","url":"https:\/\/sey.fi\/wp-content\/uploads\/sites\/28\/2023\/05\/ssey-olohuone-avoinna-1-1024x1024.png","contentUrl":"https:\/\/sey.fi\/wp-content\/uploads\/sites\/28\/2023\/05\/ssey-olohuone-avoinna-1-1024x1024.png"},{"@type":"BreadcrumbList","@id":"https:\/\/sey.fi\/salo\/salon-elainsuojelu\/yhdistys\/toimitilat\/#breadcrumb","itemListElement":[{"@type":"ListItem","position":1,"name":"Home","item":"https:\/\/sey.fi\/salo\/"},{"@type":"ListItem","position":2,"name":"Salon Seudun El\u00e4insuojeluyhdistys","item":"https:\/\/sey.fi\/salo\/"},{"@type":"ListItem","position":3,"name":"Yhdistys","item":"https:\/\/sey.fi\/salo\/salon-elainsuojelu\/yhdistys\/"},{"@type":"ListItem","position":4,"name":"Toimitilat ja pop-up kahvio"}]},{"@type":"WebSite","@id":"https:\/\/sey.fi\/salo\/#website","url":"https:\/\/sey.fi\/salo\/","name":"Salon seudun el\u00e4insuojeluyhdistys","description":"Uusi SEY J\u00e4senyhdistykset -sivusto","potentialAction":[{"@type":"SearchAction","target":{"@type":"EntryPoint","urlTemplate":"https:\/\/sey.fi\/salo\/?s={search_term_string}"},"query-input":{"@type":"PropertyValueSpecification","valueRequired":true,"valueName":"search_term_string"}}],"inLanguage":"fi"}]}},"_links":{"self":[{"href":"https:\/\/sey.fi\/salo\/wp-json\/wp\/v2\/pages\/544","targetHints":{"allow":["GET"]}}],"collection":[{"href":"https:\/\/sey.fi\/salo\/wp-json\/wp\/v2\/pages"}],"about":[{"href":"https:\/\/sey.fi\/salo\/wp-json\/wp\/v2\/types\/page"}],"author":[{"embeddable":true,"href":"https:\/\/sey.fi\/salo\/wp-json\/wp\/v2\/users\/25"}],"replies":[{"embeddable":true,"href":"https:\/\/sey.fi\/salo\/wp-json\/wp\/v2\/comments?post=544"}],"version-history":[{"count":5,"href":"https:\/\/sey.fi\/salo\/wp-json\/wp\/v2\/pages\/544\/revisions"}],"predecessor-version":[{"id":1036,"href":"https:\/\/sey.fi\/salo\/wp-json\/wp\/v2\/pages\/544\/revisions\/1036"}],"up":[{"embeddable":true,"href":"https:\/\/sey.fi\/salo\/wp-json\/wp\/v2\/pages\/538"}],"wp:attachment":[{"href":"https:\/\/sey.fi\/salo\/wp-json\/wp\/v2\/media?parent=544"}],"curies":[{"name":"wp","href":"https:\/\/api.w.org\/{rel}","templated":true}]}}