{"id":548,"date":"2023-05-06T14:33:50","date_gmt":"2023-05-06T11:33:50","guid":{"rendered":"https:\/\/sey.fi\/salo\/?page_id=548"},"modified":"2024-05-15T13:44:32","modified_gmt":"2024-05-15T10:44:32","slug":"vapaaehtoistyo","status":"publish","type":"page","link":"https:\/\/sey.fi\/salo\/salon-elainsuojelu\/toiminta\/vapaaehtoistyo\/","title":{"rendered":"Vapaaehtoisty\u00f6"},"content":{"rendered":"\n<p>Yhdistyksemme toimii vapaaehtoisvoimin, mutta k\u00e4yt\u00e4mme palkkatuettua ty\u00f6ntekij\u00e4\u00e4 mahdollisuuksien mukaan. Vapaaehtoisty\u00f6st\u00e4 ei siis saa palkkaa, mutta se tuo runsaasti uutta sis\u00e4lt\u00f6\u00e4 sek\u00e4 merkityksellisyytt\u00e4 vapaaehtoisen el\u00e4m\u00e4\u00e4n. Jokaisella vapaaehtoisella on merkityst\u00e4, ja otamme yksil\u00f6lliset kiinnostuksenkohteet, tiedot ja taidot huomioon ty\u00f6teht\u00e4viss\u00e4. Uudet vapaaehtoiset saavat toimintaan perehdytyksen. Osallistuakseen vapaaehtoistoimintaamme ei tarvitse olla yhdistyksen j\u00e4sen, mutta j\u00e4senen\u00e4 voit osallistua syys- ja kev\u00e4tkokouksiin, joissa sinulla on my\u00f6s \u00e4\u00e4nioikeus.<\/p>\n\n\n\n<p>Vaikka olemme el\u00e4insuojeluyhdistys ja toimimme el\u00e4inten parissa, ty\u00f6skentelemme tiiviisti my\u00f6s muiden ihmisten kanssa &#8211; sek\u00e4 yhdistyksen muiden aktiivien ett\u00e4 yhdistyksen ulkopuolisten ihmisten kanssa. T\u00f6it\u00e4 tehd\u00e4\u00e4n tiimeiss\u00e4 ja jokaisella tiimill\u00e4 on oma vastaavansa. Vapaaehtoisenakin siis noudatetaan tiettyj\u00e4 yhdistyksen s\u00e4\u00e4nt\u00f6j\u00e4 sek\u00e4 tiimikohtaisia s\u00e4\u00e4nt\u00f6j\u00e4 ja suosituksia. Vapaaehtoisen tulee olla yhteisty\u00f6kykyinen ja osata toimia osana tiimi\u00e4. Tiimilt\u00e4 ja muilta aktiiveilta saa tukea ja apua ja sit\u00e4 kannattaakin rohkeasti kysy\u00e4. Pyrimme pit\u00e4m\u00e4\u00e4n hyv\u00e4\u00e4 yhteishenke\u00e4 yll\u00e4 yhteisill\u00e4 kahvitteluilla, retkill\u00e4 yms.<\/p>\n\n\n\n<p>Yhdistyksess\u00e4mme on runsaasti konkreettista k\u00e4yt\u00e4nn\u00f6n toimintaa, johon osallistua. Oheisista linkeist\u00e4 p\u00e4\u00e4set tarkastelemaan viiden p\u00e4\u00e4osastomme teht\u00e4vi\u00e4 tarkemmin. N\u00e4iden osastojen ja tiimien lis\u00e4ksi yhdistyksell\u00e4 on paljon muutakin teht\u00e4v\u00e4\u00e4, kuten:<\/p>\n\n\n\n<ul class=\"wp-block-list\">\n<li>varainhankinta, arpajaispalkinnot ja ker\u00e4yskampanjat<\/li>\n\n\n\n<li>kahvio ja leivonta<\/li>\n\n\n\n<li>sosiaalisen median ja nettisivujen yll\u00e4pito<\/li>\n\n\n\n<li>valo- ja videokuvaus sek\u00e4 graafinen suunnittelu<\/li>\n\n\n\n<li>virkistystoiminnan ty\u00f6ryhm\u00e4<\/li>\n\n\n\n<li>pienel\u00e4inhautausmaan yll\u00e4pito<\/li>\n\n\n\n<li>puhelinrinki<\/li>\n\n\n\n<li>koulutusten j\u00e4rjest\u00e4minen<\/li>\n\n\n\n<li>siivousapu<\/li>\n\n\n\n<li>nuorisotoiminta (lasten kerhot ja kouluvierailut ym)<\/li>\n\n\n\n<li>kaikenlainen nikkarointi ja remonttiapu<\/li>\n\n\n\n<li>erilaiset paperity\u00f6t tietokoneella<\/li>\n\n\n\n<li>nettihuutokauppojen j\u00e4rjest\u00e4minen<\/li>\n\n\n\n<li>hallitusty\u00f6skentely<\/li>\n<\/ul>\n\n\n\n<p>Laitathan <a href=\"https:\/\/sey.fi\/salo\/salon-elainsuojelu\/yhteystiedot\/ssey-yhteystiedot\/\">s\u00e4hk\u00f6postia<\/a> jos vapaaehtoisty\u00f6 el\u00e4insuojelun parissa kiinnostaa sinua. Kerro hieman omista kiinnostuksenkohteistasi ja taidoistasi, sek\u00e4 mink\u00e4 verran aikaa olet valmis k\u00e4ytt\u00e4m\u00e4\u00e4n vapaaehtoist\u00f6ihin, niin mietit\u00e4\u00e4n yhdess\u00e4 mist\u00e4 sinun olisi kiva aloittaa.<br>Voit my\u00f6s laittaa s\u00e4hk\u00f6postia suoraan <a href=\"https:\/\/sey.fi\/salo\/salon-elainsuojelu\/yhteystiedot\/hallitus-ja-vastuuhenkilot\/\" target=\"_blank\" rel=\"noreferrer noopener\">tiiminvastaaville<\/a>.<\/p>\n\n\n\n<hr class=\"wp-block-separator has-alpha-channel-opacity\" \/>\n\n\n<div class=\"wp-block-image is-style-rounded\">\n<figure class=\"aligncenter size-full is-resized\"><img loading=\"lazy\" decoding=\"async\" width=\"200\" height=\"200\" src=\"https:\/\/sey.fi\/wp-content\/uploads\/sites\/28\/2023\/05\/quote_anni.jpg\" alt=\"\" class=\"wp-image-844\" style=\"width:150px\" srcset=\"https:\/\/sey.fi\/wp-content\/uploads\/sites\/28\/2023\/05\/quote_anni.jpg 200w, https:\/\/sey.fi\/wp-content\/uploads\/sites\/28\/2023\/05\/quote_anni-150x150.jpg 150w, https:\/\/sey.fi\/wp-content\/uploads\/sites\/28\/2023\/05\/quote_anni-160x160.jpg 160w\" sizes=\"auto, (max-width: 200px) 100vw, 200px\" \/><\/figure><\/div>\n\n\n<p class=\"has-text-align-center\" style=\"font-size:16px\"><em>&#8221;Vapaaehtoisty\u00f6ss\u00e4 el\u00e4insuojelun parissa oppii eri el\u00e4imist\u00e4 koko ajan uutta. My\u00f6s tiimity\u00f6 palkitsee, sill\u00e4 ymp\u00e4rill\u00e4 on osaavia ja mukavia ihmisi\u00e4, joilta voi aina kysy\u00e4 apua.&#8221;<\/em><\/p>\n\n\n\n<p class=\"has-text-align-center has-small-font-size\">&#8211; Anni, kissojen sijaiskotivastaava ja kentt\u00e4vapaaehtoinen<\/p>\n","protected":false},"excerpt":{"rendered":"<p>Yhdistyksemme toimii vapaaehtoisvoimin, mutta k\u00e4yt\u00e4mme palkkatuettua ty\u00f6ntekij\u00e4\u00e4 mahdollisuuksien mukaan. Vapaaehtoisty\u00f6st\u00e4 ei siis saa palkkaa, mutta se tuo runsaasti uutta sis\u00e4lt\u00f6\u00e4 sek\u00e4 merkityksellisyytt\u00e4 vapaaehtoisen el\u00e4m\u00e4\u00e4n. Jokaisella vapaaehtoisella on merkityst\u00e4, ja otamme yksil\u00f6lliset kiinnostuksenkohteet, tiedot ja taidot huomioon ty\u00f6teht\u00e4viss\u00e4. Uudet vapaaehtoiset saavat toimintaan perehdytyksen. Osallistuakseen vapaaehtoistoimintaamme ei tarvitse olla yhdistyksen j\u00e4sen, mutta j\u00e4senen\u00e4 voit osallistua syys- ja [&hellip;]<\/p>\n","protected":false},"author":25,"featured_media":0,"parent":798,"menu_order":0,"comment_status":"closed","ping_status":"closed","template":"","meta":{"_acf_changed":false,"footnotes":""},"class_list":["post-548","page","type-page","status-publish","hentry"],"acf":[],"yoast_head":"<!-- This site is optimized with the Yoast SEO plugin v27.1.1 - https:\/\/yoast.com\/product\/yoast-seo-wordpress\/ -->\n<title>Vapaaehtoisty\u00f6 - Salon seudun el\u00e4insuojeluyhdistys<\/title>\n<meta name=\"robots\" content=\"index, follow, max-snippet:-1, max-image-preview:large, max-video-preview:-1\" \/>\n<link rel=\"canonical\" href=\"https:\/\/sey.fi\/salo\/salon-elainsuojelu\/toiminta\/vapaaehtoistyo\/\" \/>\n<meta property=\"og:locale\" content=\"fi_FI\" \/>\n<meta property=\"og:type\" content=\"article\" \/>\n<meta property=\"og:title\" content=\"Vapaaehtoisty\u00f6 - Salon seudun el\u00e4insuojeluyhdistys\" \/>\n<meta property=\"og:description\" content=\"Yhdistyksemme toimii vapaaehtoisvoimin, mutta k\u00e4yt\u00e4mme palkkatuettua ty\u00f6ntekij\u00e4\u00e4 mahdollisuuksien mukaan. Vapaaehtoisty\u00f6st\u00e4 ei siis saa palkkaa, mutta se tuo runsaasti uutta sis\u00e4lt\u00f6\u00e4 sek\u00e4 merkityksellisyytt\u00e4 vapaaehtoisen el\u00e4m\u00e4\u00e4n. Jokaisella vapaaehtoisella on merkityst\u00e4, ja otamme yksil\u00f6lliset kiinnostuksenkohteet, tiedot ja taidot huomioon ty\u00f6teht\u00e4viss\u00e4. Uudet vapaaehtoiset saavat toimintaan perehdytyksen. Osallistuakseen vapaaehtoistoimintaamme ei tarvitse olla yhdistyksen j\u00e4sen, mutta j\u00e4senen\u00e4 voit osallistua syys- ja [&hellip;]\" \/>\n<meta property=\"og:url\" content=\"https:\/\/sey.fi\/salo\/salon-elainsuojelu\/toiminta\/vapaaehtoistyo\/\" \/>\n<meta property=\"og:site_name\" content=\"Salon seudun el\u00e4insuojeluyhdistys\" \/>\n<meta property=\"article:modified_time\" content=\"2024-05-15T10:44:32+00:00\" \/>\n<meta property=\"og:image\" content=\"https:\/\/sey.fi\/wp-content\/uploads\/sites\/28\/2023\/05\/quote_anni.jpg\" \/>\n<meta name=\"twitter:card\" content=\"summary_large_image\" \/>\n<meta name=\"twitter:label1\" content=\"Arvioitu lukuaika\" \/>\n\t<meta name=\"twitter:data1\" content=\"2 minuuttia\" \/>\n<script type=\"application\/ld+json\" class=\"yoast-schema-graph\">{\"@context\":\"https:\/\/schema.org\",\"@graph\":[{\"@type\":\"WebPage\",\"@id\":\"https:\/\/sey.fi\/salo\/salon-elainsuojelu\/toiminta\/vapaaehtoistyo\/\",\"url\":\"https:\/\/sey.fi\/salo\/salon-elainsuojelu\/toiminta\/vapaaehtoistyo\/\",\"name\":\"Vapaaehtoisty\u00f6 - Salon seudun el\u00e4insuojeluyhdistys\",\"isPartOf\":{\"@id\":\"https:\/\/sey.fi\/salo\/#website\"},\"primaryImageOfPage\":{\"@id\":\"https:\/\/sey.fi\/salo\/salon-elainsuojelu\/toiminta\/vapaaehtoistyo\/#primaryimage\"},\"image\":{\"@id\":\"https:\/\/sey.fi\/salo\/salon-elainsuojelu\/toiminta\/vapaaehtoistyo\/#primaryimage\"},\"thumbnailUrl\":\"https:\/\/sey.fi\/wp-content\/uploads\/sites\/28\/2023\/05\/quote_anni.jpg\",\"datePublished\":\"2023-05-06T11:33:50+00:00\",\"dateModified\":\"2024-05-15T10:44:32+00:00\",\"breadcrumb\":{\"@id\":\"https:\/\/sey.fi\/salo\/salon-elainsuojelu\/toiminta\/vapaaehtoistyo\/#breadcrumb\"},\"inLanguage\":\"fi\",\"potentialAction\":[{\"@type\":\"ReadAction\",\"target\":[\"https:\/\/sey.fi\/salo\/salon-elainsuojelu\/toiminta\/vapaaehtoistyo\/\"]}]},{\"@type\":\"ImageObject\",\"inLanguage\":\"fi\",\"@id\":\"https:\/\/sey.fi\/salo\/salon-elainsuojelu\/toiminta\/vapaaehtoistyo\/#primaryimage\",\"url\":\"https:\/\/sey.fi\/wp-content\/uploads\/sites\/28\/2023\/05\/quote_anni.jpg\",\"contentUrl\":\"https:\/\/sey.fi\/wp-content\/uploads\/sites\/28\/2023\/05\/quote_anni.jpg\"},{\"@type\":\"BreadcrumbList\",\"@id\":\"https:\/\/sey.fi\/salo\/salon-elainsuojelu\/toiminta\/vapaaehtoistyo\/#breadcrumb\",\"itemListElement\":[{\"@type\":\"ListItem\",\"position\":1,\"name\":\"Home\",\"item\":\"https:\/\/sey.fi\/salo\/\"},{\"@type\":\"ListItem\",\"position\":2,\"name\":\"Salon Seudun El\u00e4insuojeluyhdistys\",\"item\":\"https:\/\/sey.fi\/salo\/\"},{\"@type\":\"ListItem\",\"position\":3,\"name\":\"Toiminta\",\"item\":\"https:\/\/sey.fi\/salo\/salon-elainsuojelu\/toiminta\/\"},{\"@type\":\"ListItem\",\"position\":4,\"name\":\"Vapaaehtoisty\u00f6\"}]},{\"@type\":\"WebSite\",\"@id\":\"https:\/\/sey.fi\/salo\/#website\",\"url\":\"https:\/\/sey.fi\/salo\/\",\"name\":\"Salon seudun el\u00e4insuojeluyhdistys\",\"description\":\"Uusi SEY J\u00e4senyhdistykset -sivusto\",\"potentialAction\":[{\"@type\":\"SearchAction\",\"target\":{\"@type\":\"EntryPoint\",\"urlTemplate\":\"https:\/\/sey.fi\/salo\/?s={search_term_string}\"},\"query-input\":{\"@type\":\"PropertyValueSpecification\",\"valueRequired\":true,\"valueName\":\"search_term_string\"}}],\"inLanguage\":\"fi\"}]}<\/script>\n<!-- \/ Yoast SEO plugin. -->","yoast_head_json":{"title":"Vapaaehtoisty\u00f6 - Salon seudun el\u00e4insuojeluyhdistys","robots":{"index":"index","follow":"follow","max-snippet":"max-snippet:-1","max-image-preview":"max-image-preview:large","max-video-preview":"max-video-preview:-1"},"canonical":"https:\/\/sey.fi\/salo\/salon-elainsuojelu\/toiminta\/vapaaehtoistyo\/","og_locale":"fi_FI","og_type":"article","og_title":"Vapaaehtoisty\u00f6 - Salon seudun el\u00e4insuojeluyhdistys","og_description":"Yhdistyksemme toimii vapaaehtoisvoimin, mutta k\u00e4yt\u00e4mme palkkatuettua ty\u00f6ntekij\u00e4\u00e4 mahdollisuuksien mukaan. Vapaaehtoisty\u00f6st\u00e4 ei siis saa palkkaa, mutta se tuo runsaasti uutta sis\u00e4lt\u00f6\u00e4 sek\u00e4 merkityksellisyytt\u00e4 vapaaehtoisen el\u00e4m\u00e4\u00e4n. Jokaisella vapaaehtoisella on merkityst\u00e4, ja otamme yksil\u00f6lliset kiinnostuksenkohteet, tiedot ja taidot huomioon ty\u00f6teht\u00e4viss\u00e4. Uudet vapaaehtoiset saavat toimintaan perehdytyksen. Osallistuakseen vapaaehtoistoimintaamme ei tarvitse olla yhdistyksen j\u00e4sen, mutta j\u00e4senen\u00e4 voit osallistua syys- ja [&hellip;]","og_url":"https:\/\/sey.fi\/salo\/salon-elainsuojelu\/toiminta\/vapaaehtoistyo\/","og_site_name":"Salon seudun el\u00e4insuojeluyhdistys","article_modified_time":"2024-05-15T10:44:32+00:00","og_image":[{"url":"https:\/\/sey.fi\/wp-content\/uploads\/sites\/28\/2023\/05\/quote_anni.jpg","type":"","width":"","height":""}],"twitter_card":"summary_large_image","twitter_misc":{"Arvioitu lukuaika":"2 minuuttia"},"schema":{"@context":"https:\/\/schema.org","@graph":[{"@type":"WebPage","@id":"https:\/\/sey.fi\/salo\/salon-elainsuojelu\/toiminta\/vapaaehtoistyo\/","url":"https:\/\/sey.fi\/salo\/salon-elainsuojelu\/toiminta\/vapaaehtoistyo\/","name":"Vapaaehtoisty\u00f6 - Salon seudun el\u00e4insuojeluyhdistys","isPartOf":{"@id":"https:\/\/sey.fi\/salo\/#website"},"primaryImageOfPage":{"@id":"https:\/\/sey.fi\/salo\/salon-elainsuojelu\/toiminta\/vapaaehtoistyo\/#primaryimage"},"image":{"@id":"https:\/\/sey.fi\/salo\/salon-elainsuojelu\/toiminta\/vapaaehtoistyo\/#primaryimage"},"thumbnailUrl":"https:\/\/sey.fi\/wp-content\/uploads\/sites\/28\/2023\/05\/quote_anni.jpg","datePublished":"2023-05-06T11:33:50+00:00","dateModified":"2024-05-15T10:44:32+00:00","breadcrumb":{"@id":"https:\/\/sey.fi\/salo\/salon-elainsuojelu\/toiminta\/vapaaehtoistyo\/#breadcrumb"},"inLanguage":"fi","potentialAction":[{"@type":"ReadAction","target":["https:\/\/sey.fi\/salo\/salon-elainsuojelu\/toiminta\/vapaaehtoistyo\/"]}]},{"@type":"ImageObject","inLanguage":"fi","@id":"https:\/\/sey.fi\/salo\/salon-elainsuojelu\/toiminta\/vapaaehtoistyo\/#primaryimage","url":"https:\/\/sey.fi\/wp-content\/uploads\/sites\/28\/2023\/05\/quote_anni.jpg","contentUrl":"https:\/\/sey.fi\/wp-content\/uploads\/sites\/28\/2023\/05\/quote_anni.jpg"},{"@type":"BreadcrumbList","@id":"https:\/\/sey.fi\/salo\/salon-elainsuojelu\/toiminta\/vapaaehtoistyo\/#breadcrumb","itemListElement":[{"@type":"ListItem","position":1,"name":"Home","item":"https:\/\/sey.fi\/salo\/"},{"@type":"ListItem","position":2,"name":"Salon Seudun El\u00e4insuojeluyhdistys","item":"https:\/\/sey.fi\/salo\/"},{"@type":"ListItem","position":3,"name":"Toiminta","item":"https:\/\/sey.fi\/salo\/salon-elainsuojelu\/toiminta\/"},{"@type":"ListItem","position":4,"name":"Vapaaehtoisty\u00f6"}]},{"@type":"WebSite","@id":"https:\/\/sey.fi\/salo\/#website","url":"https:\/\/sey.fi\/salo\/","name":"Salon seudun el\u00e4insuojeluyhdistys","description":"Uusi SEY J\u00e4senyhdistykset -sivusto","potentialAction":[{"@type":"SearchAction","target":{"@type":"EntryPoint","urlTemplate":"https:\/\/sey.fi\/salo\/?s={search_term_string}"},"query-input":{"@type":"PropertyValueSpecification","valueRequired":true,"valueName":"search_term_string"}}],"inLanguage":"fi"}]}},"_links":{"self":[{"href":"https:\/\/sey.fi\/salo\/wp-json\/wp\/v2\/pages\/548","targetHints":{"allow":["GET"]}}],"collection":[{"href":"https:\/\/sey.fi\/salo\/wp-json\/wp\/v2\/pages"}],"about":[{"href":"https:\/\/sey.fi\/salo\/wp-json\/wp\/v2\/types\/page"}],"author":[{"embeddable":true,"href":"https:\/\/sey.fi\/salo\/wp-json\/wp\/v2\/users\/25"}],"replies":[{"embeddable":true,"href":"https:\/\/sey.fi\/salo\/wp-json\/wp\/v2\/comments?post=548"}],"version-history":[{"count":14,"href":"https:\/\/sey.fi\/salo\/wp-json\/wp\/v2\/pages\/548\/revisions"}],"predecessor-version":[{"id":1132,"href":"https:\/\/sey.fi\/salo\/wp-json\/wp\/v2\/pages\/548\/revisions\/1132"}],"up":[{"embeddable":true,"href":"https:\/\/sey.fi\/salo\/wp-json\/wp\/v2\/pages\/798"}],"wp:attachment":[{"href":"https:\/\/sey.fi\/salo\/wp-json\/wp\/v2\/media?parent=548"}],"curies":[{"name":"wp","href":"https:\/\/api.w.org\/{rel}","templated":true}]}}