{"id":550,"date":"2023-05-06T14:35:22","date_gmt":"2023-05-06T11:35:22","guid":{"rendered":"https:\/\/sey.fi\/salo\/?page_id=550"},"modified":"2024-04-30T14:18:17","modified_gmt":"2024-04-30T11:18:17","slug":"kissala","status":"publish","type":"page","link":"https:\/\/sey.fi\/salo\/salon-elainsuojelu\/toiminta\/kissala\/","title":{"rendered":"Kissala"},"content":{"rendered":"\n<p>SSEY:n kissala on tarkoitettu l\u00f6yt\u00f6kissojen v\u00e4liaikaiseen sijoittamiseen. Kissalaan eiv\u00e4t p\u00e4\u00e4s\u00e4\u00e4nt\u00f6isesti p\u00e4\u00e4se ulkopuoliset (pl. avoimet ovet), eli siell\u00e4 ei voi vierailla katsomassa kissoja. Kissalassa hoidamme kissoja, kunnes ne jatkosijoitetaan. Kissalassa toimiessa eduksi ovat kissatuntemus sek\u00e4 siisteys ja huolellisuus, mutta aiempaa kissakokemusta ei v\u00e4ltt\u00e4m\u00e4tt\u00e4 tarvita, sill\u00e4 teht\u00e4v\u00e4\u00e4n perehdytet\u00e4\u00e4n huolella.<\/p>\n\n\n\n<p>Kissalassa k\u00e4yt\u00f6ss\u00e4 ovat hoitovuorot, ja kukin hoitaja voi ottaa itselleen niin monta hoitovuoroa kuukaudessa, kuin itse kokee sopivaksi.<\/p>\n\n\n\n<p>Kissalassa on desinfiointiin k\u00e4yt\u00f6ss\u00e4 voimakkaita desinfiointiaineita, joten kovin kemikaaliallergiselle se ei sovi. Hoitoteht\u00e4viss\u00e4 tulee jonkin verran my\u00f6s kumartelua, nostoja ja kyykistymisi\u00e4, joten kohtalainen fyysinen kunto on tarpeen.<\/p>\n\n\n\n<p><strong>Kissalassa<\/strong><\/p>\n\n\n\n<ul class=\"wp-block-list\">\n<li>Hoidetaan kaikki kissalassa olevat kissat valitsemallaan hoitovuorolla<\/li>\n\n\n\n<li>Saa viett\u00e4\u00e4 kissojen kanssa aikaa niin paljon kuin haluaa<\/li>\n\n\n\n<li>Kirjataan yl\u00f6s kunkin kissan vointi ja k\u00e4ytt\u00e4ytyminen<\/li>\n\n\n\n<li>Desinfioidaan kissalan ja sijaiskotien tarvikkeita<\/li>\n<\/ul>\n\n\n\n<p>Haluaisitko tulla mukaan kivaan tiimiin hoitamaan kissoja? Laita <a href=\"https:\/\/sey.fi\/salo\/salon-elainsuojelu\/yhteystiedot\/ssey-yhteystiedot\/\">s\u00e4hk\u00f6postia<\/a> kissapostiin!<\/p>\n\n\n\n<hr class=\"wp-block-separator has-alpha-channel-opacity\" \/>\n\n\n<div class=\"wp-block-image is-style-rounded\">\n<figure class=\"aligncenter size-full is-resized\"><img loading=\"lazy\" decoding=\"async\" width=\"200\" height=\"200\" src=\"https:\/\/sey.fi\/wp-content\/uploads\/sites\/28\/2023\/05\/quote_sirpa.jpg\" alt=\"\" class=\"wp-image-712\" style=\"width:150px\" srcset=\"https:\/\/sey.fi\/wp-content\/uploads\/sites\/28\/2023\/05\/quote_sirpa.jpg 200w, https:\/\/sey.fi\/wp-content\/uploads\/sites\/28\/2023\/05\/quote_sirpa-150x150.jpg 150w, https:\/\/sey.fi\/wp-content\/uploads\/sites\/28\/2023\/05\/quote_sirpa-160x160.jpg 160w\" sizes=\"auto, (max-width: 200px) 100vw, 200px\" \/><\/figure><\/div>\n\n\n<p class=\"has-text-align-center\" style=\"font-size:16px\"><em>&#8221;Kissalatoiminnassa parasta on se, ett\u00e4 voi yhdess\u00e4 samanhenkisten ihmisten kanssa toimia el\u00e4inten hyvinvoinnin edist\u00e4miseksi.&#8221;<\/em><\/p>\n\n\n\n<p class=\"has-text-align-center has-small-font-size\">&#8211; Sirpa, kissalan hoitovuorot<\/p>\n","protected":false},"excerpt":{"rendered":"<p>SSEY:n kissala on tarkoitettu l\u00f6yt\u00f6kissojen v\u00e4liaikaiseen sijoittamiseen. Kissalaan eiv\u00e4t p\u00e4\u00e4s\u00e4\u00e4nt\u00f6isesti p\u00e4\u00e4se ulkopuoliset (pl. avoimet ovet), eli siell\u00e4 ei voi vierailla katsomassa kissoja. Kissalassa hoidamme kissoja, kunnes ne jatkosijoitetaan. Kissalassa toimiessa eduksi ovat kissatuntemus sek\u00e4 siisteys ja huolellisuus, mutta aiempaa kissakokemusta ei v\u00e4ltt\u00e4m\u00e4tt\u00e4 tarvita, sill\u00e4 teht\u00e4v\u00e4\u00e4n perehdytet\u00e4\u00e4n huolella. Kissalassa k\u00e4yt\u00f6ss\u00e4 ovat hoitovuorot, ja kukin hoitaja voi [&hellip;]<\/p>\n","protected":false},"author":25,"featured_media":0,"parent":798,"menu_order":0,"comment_status":"closed","ping_status":"closed","template":"","meta":{"_acf_changed":false,"footnotes":""},"class_list":["post-550","page","type-page","status-publish","hentry"],"acf":[],"yoast_head":"<!-- This site is optimized with the Yoast SEO plugin v27.1.1 - https:\/\/yoast.com\/product\/yoast-seo-wordpress\/ -->\n<title>Kissala - Salon seudun el\u00e4insuojeluyhdistys<\/title>\n<meta name=\"robots\" content=\"index, follow, max-snippet:-1, max-image-preview:large, max-video-preview:-1\" \/>\n<link rel=\"canonical\" href=\"https:\/\/sey.fi\/salo\/salon-elainsuojelu\/toiminta\/kissala\/\" \/>\n<meta property=\"og:locale\" content=\"fi_FI\" \/>\n<meta property=\"og:type\" content=\"article\" \/>\n<meta property=\"og:title\" content=\"Kissala - Salon seudun el\u00e4insuojeluyhdistys\" \/>\n<meta property=\"og:description\" content=\"SSEY:n kissala on tarkoitettu l\u00f6yt\u00f6kissojen v\u00e4liaikaiseen sijoittamiseen. Kissalaan eiv\u00e4t p\u00e4\u00e4s\u00e4\u00e4nt\u00f6isesti p\u00e4\u00e4se ulkopuoliset (pl. avoimet ovet), eli siell\u00e4 ei voi vierailla katsomassa kissoja. Kissalassa hoidamme kissoja, kunnes ne jatkosijoitetaan. Kissalassa toimiessa eduksi ovat kissatuntemus sek\u00e4 siisteys ja huolellisuus, mutta aiempaa kissakokemusta ei v\u00e4ltt\u00e4m\u00e4tt\u00e4 tarvita, sill\u00e4 teht\u00e4v\u00e4\u00e4n perehdytet\u00e4\u00e4n huolella. Kissalassa k\u00e4yt\u00f6ss\u00e4 ovat hoitovuorot, ja kukin hoitaja voi [&hellip;]\" \/>\n<meta property=\"og:url\" content=\"https:\/\/sey.fi\/salo\/salon-elainsuojelu\/toiminta\/kissala\/\" \/>\n<meta property=\"og:site_name\" content=\"Salon seudun el\u00e4insuojeluyhdistys\" \/>\n<meta property=\"article:modified_time\" content=\"2024-04-30T11:18:17+00:00\" \/>\n<meta property=\"og:image\" content=\"https:\/\/sey.fi\/wp-content\/uploads\/sites\/28\/2023\/05\/quote_sirpa.jpg\" \/>\n<meta name=\"twitter:card\" content=\"summary_large_image\" \/>\n<meta name=\"twitter:label1\" content=\"Arvioitu lukuaika\" \/>\n\t<meta name=\"twitter:data1\" content=\"2 minuuttia\" \/>\n<script type=\"application\/ld+json\" class=\"yoast-schema-graph\">{\"@context\":\"https:\/\/schema.org\",\"@graph\":[{\"@type\":\"WebPage\",\"@id\":\"https:\/\/sey.fi\/salo\/salon-elainsuojelu\/toiminta\/kissala\/\",\"url\":\"https:\/\/sey.fi\/salo\/salon-elainsuojelu\/toiminta\/kissala\/\",\"name\":\"Kissala - Salon seudun el\u00e4insuojeluyhdistys\",\"isPartOf\":{\"@id\":\"https:\/\/sey.fi\/salo\/#website\"},\"primaryImageOfPage\":{\"@id\":\"https:\/\/sey.fi\/salo\/salon-elainsuojelu\/toiminta\/kissala\/#primaryimage\"},\"image\":{\"@id\":\"https:\/\/sey.fi\/salo\/salon-elainsuojelu\/toiminta\/kissala\/#primaryimage\"},\"thumbnailUrl\":\"https:\/\/sey.fi\/wp-content\/uploads\/sites\/28\/2023\/05\/quote_sirpa.jpg\",\"datePublished\":\"2023-05-06T11:35:22+00:00\",\"dateModified\":\"2024-04-30T11:18:17+00:00\",\"breadcrumb\":{\"@id\":\"https:\/\/sey.fi\/salo\/salon-elainsuojelu\/toiminta\/kissala\/#breadcrumb\"},\"inLanguage\":\"fi\",\"potentialAction\":[{\"@type\":\"ReadAction\",\"target\":[\"https:\/\/sey.fi\/salo\/salon-elainsuojelu\/toiminta\/kissala\/\"]}]},{\"@type\":\"ImageObject\",\"inLanguage\":\"fi\",\"@id\":\"https:\/\/sey.fi\/salo\/salon-elainsuojelu\/toiminta\/kissala\/#primaryimage\",\"url\":\"https:\/\/sey.fi\/wp-content\/uploads\/sites\/28\/2023\/05\/quote_sirpa.jpg\",\"contentUrl\":\"https:\/\/sey.fi\/wp-content\/uploads\/sites\/28\/2023\/05\/quote_sirpa.jpg\"},{\"@type\":\"BreadcrumbList\",\"@id\":\"https:\/\/sey.fi\/salo\/salon-elainsuojelu\/toiminta\/kissala\/#breadcrumb\",\"itemListElement\":[{\"@type\":\"ListItem\",\"position\":1,\"name\":\"Home\",\"item\":\"https:\/\/sey.fi\/salo\/\"},{\"@type\":\"ListItem\",\"position\":2,\"name\":\"Salon Seudun El\u00e4insuojeluyhdistys\",\"item\":\"https:\/\/sey.fi\/salo\/\"},{\"@type\":\"ListItem\",\"position\":3,\"name\":\"Toiminta\",\"item\":\"https:\/\/sey.fi\/salo\/salon-elainsuojelu\/toiminta\/\"},{\"@type\":\"ListItem\",\"position\":4,\"name\":\"Kissala\"}]},{\"@type\":\"WebSite\",\"@id\":\"https:\/\/sey.fi\/salo\/#website\",\"url\":\"https:\/\/sey.fi\/salo\/\",\"name\":\"Salon seudun el\u00e4insuojeluyhdistys\",\"description\":\"Uusi SEY J\u00e4senyhdistykset -sivusto\",\"potentialAction\":[{\"@type\":\"SearchAction\",\"target\":{\"@type\":\"EntryPoint\",\"urlTemplate\":\"https:\/\/sey.fi\/salo\/?s={search_term_string}\"},\"query-input\":{\"@type\":\"PropertyValueSpecification\",\"valueRequired\":true,\"valueName\":\"search_term_string\"}}],\"inLanguage\":\"fi\"}]}<\/script>\n<!-- \/ Yoast SEO plugin. -->","yoast_head_json":{"title":"Kissala - Salon seudun el\u00e4insuojeluyhdistys","robots":{"index":"index","follow":"follow","max-snippet":"max-snippet:-1","max-image-preview":"max-image-preview:large","max-video-preview":"max-video-preview:-1"},"canonical":"https:\/\/sey.fi\/salo\/salon-elainsuojelu\/toiminta\/kissala\/","og_locale":"fi_FI","og_type":"article","og_title":"Kissala - Salon seudun el\u00e4insuojeluyhdistys","og_description":"SSEY:n kissala on tarkoitettu l\u00f6yt\u00f6kissojen v\u00e4liaikaiseen sijoittamiseen. Kissalaan eiv\u00e4t p\u00e4\u00e4s\u00e4\u00e4nt\u00f6isesti p\u00e4\u00e4se ulkopuoliset (pl. avoimet ovet), eli siell\u00e4 ei voi vierailla katsomassa kissoja. Kissalassa hoidamme kissoja, kunnes ne jatkosijoitetaan. Kissalassa toimiessa eduksi ovat kissatuntemus sek\u00e4 siisteys ja huolellisuus, mutta aiempaa kissakokemusta ei v\u00e4ltt\u00e4m\u00e4tt\u00e4 tarvita, sill\u00e4 teht\u00e4v\u00e4\u00e4n perehdytet\u00e4\u00e4n huolella. Kissalassa k\u00e4yt\u00f6ss\u00e4 ovat hoitovuorot, ja kukin hoitaja voi [&hellip;]","og_url":"https:\/\/sey.fi\/salo\/salon-elainsuojelu\/toiminta\/kissala\/","og_site_name":"Salon seudun el\u00e4insuojeluyhdistys","article_modified_time":"2024-04-30T11:18:17+00:00","og_image":[{"url":"https:\/\/sey.fi\/wp-content\/uploads\/sites\/28\/2023\/05\/quote_sirpa.jpg","type":"","width":"","height":""}],"twitter_card":"summary_large_image","twitter_misc":{"Arvioitu lukuaika":"2 minuuttia"},"schema":{"@context":"https:\/\/schema.org","@graph":[{"@type":"WebPage","@id":"https:\/\/sey.fi\/salo\/salon-elainsuojelu\/toiminta\/kissala\/","url":"https:\/\/sey.fi\/salo\/salon-elainsuojelu\/toiminta\/kissala\/","name":"Kissala - Salon seudun el\u00e4insuojeluyhdistys","isPartOf":{"@id":"https:\/\/sey.fi\/salo\/#website"},"primaryImageOfPage":{"@id":"https:\/\/sey.fi\/salo\/salon-elainsuojelu\/toiminta\/kissala\/#primaryimage"},"image":{"@id":"https:\/\/sey.fi\/salo\/salon-elainsuojelu\/toiminta\/kissala\/#primaryimage"},"thumbnailUrl":"https:\/\/sey.fi\/wp-content\/uploads\/sites\/28\/2023\/05\/quote_sirpa.jpg","datePublished":"2023-05-06T11:35:22+00:00","dateModified":"2024-04-30T11:18:17+00:00","breadcrumb":{"@id":"https:\/\/sey.fi\/salo\/salon-elainsuojelu\/toiminta\/kissala\/#breadcrumb"},"inLanguage":"fi","potentialAction":[{"@type":"ReadAction","target":["https:\/\/sey.fi\/salo\/salon-elainsuojelu\/toiminta\/kissala\/"]}]},{"@type":"ImageObject","inLanguage":"fi","@id":"https:\/\/sey.fi\/salo\/salon-elainsuojelu\/toiminta\/kissala\/#primaryimage","url":"https:\/\/sey.fi\/wp-content\/uploads\/sites\/28\/2023\/05\/quote_sirpa.jpg","contentUrl":"https:\/\/sey.fi\/wp-content\/uploads\/sites\/28\/2023\/05\/quote_sirpa.jpg"},{"@type":"BreadcrumbList","@id":"https:\/\/sey.fi\/salo\/salon-elainsuojelu\/toiminta\/kissala\/#breadcrumb","itemListElement":[{"@type":"ListItem","position":1,"name":"Home","item":"https:\/\/sey.fi\/salo\/"},{"@type":"ListItem","position":2,"name":"Salon Seudun El\u00e4insuojeluyhdistys","item":"https:\/\/sey.fi\/salo\/"},{"@type":"ListItem","position":3,"name":"Toiminta","item":"https:\/\/sey.fi\/salo\/salon-elainsuojelu\/toiminta\/"},{"@type":"ListItem","position":4,"name":"Kissala"}]},{"@type":"WebSite","@id":"https:\/\/sey.fi\/salo\/#website","url":"https:\/\/sey.fi\/salo\/","name":"Salon seudun el\u00e4insuojeluyhdistys","description":"Uusi SEY J\u00e4senyhdistykset -sivusto","potentialAction":[{"@type":"SearchAction","target":{"@type":"EntryPoint","urlTemplate":"https:\/\/sey.fi\/salo\/?s={search_term_string}"},"query-input":{"@type":"PropertyValueSpecification","valueRequired":true,"valueName":"search_term_string"}}],"inLanguage":"fi"}]}},"_links":{"self":[{"href":"https:\/\/sey.fi\/salo\/wp-json\/wp\/v2\/pages\/550","targetHints":{"allow":["GET"]}}],"collection":[{"href":"https:\/\/sey.fi\/salo\/wp-json\/wp\/v2\/pages"}],"about":[{"href":"https:\/\/sey.fi\/salo\/wp-json\/wp\/v2\/types\/page"}],"author":[{"embeddable":true,"href":"https:\/\/sey.fi\/salo\/wp-json\/wp\/v2\/users\/25"}],"replies":[{"embeddable":true,"href":"https:\/\/sey.fi\/salo\/wp-json\/wp\/v2\/comments?post=550"}],"version-history":[{"count":6,"href":"https:\/\/sey.fi\/salo\/wp-json\/wp\/v2\/pages\/550\/revisions"}],"predecessor-version":[{"id":1099,"href":"https:\/\/sey.fi\/salo\/wp-json\/wp\/v2\/pages\/550\/revisions\/1099"}],"up":[{"embeddable":true,"href":"https:\/\/sey.fi\/salo\/wp-json\/wp\/v2\/pages\/798"}],"wp:attachment":[{"href":"https:\/\/sey.fi\/salo\/wp-json\/wp\/v2\/media?parent=550"}],"curies":[{"name":"wp","href":"https:\/\/api.w.org\/{rel}","templated":true}]}}