{"id":552,"date":"2023-05-06T14:36:52","date_gmt":"2023-05-06T11:36:52","guid":{"rendered":"https:\/\/sey.fi\/salo\/?page_id=552"},"modified":"2024-05-15T13:46:22","modified_gmt":"2024-05-15T10:46:22","slug":"kenttatoiminta","status":"publish","type":"page","link":"https:\/\/sey.fi\/salo\/salon-elainsuojelu\/toiminta\/kenttatoiminta\/","title":{"rendered":"Kentt\u00e4toiminta"},"content":{"rendered":"\n<p>Kent\u00e4ll\u00e4 p\u00e4\u00e4semme konkreettisesti auttamaan h\u00e4d\u00e4ss\u00e4 olevia el\u00e4imi\u00e4; koiria, kissoja, pienel\u00e4imi\u00e4, luonnonvaraisia.<\/p>\n\n\n\n<p>Kentt\u00e4toiminta pit\u00e4\u00e4 sis\u00e4ll\u00e4\u00e4n paljon el\u00e4inten kuljetuksia ja loukkujen tarkastuksia lyhyell\u00e4kin varoitusajalla. SSEY:ll\u00e4 on k\u00e4yt\u00f6ss\u00e4\u00e4n pakettiautomallinen el\u00e4inpelastusauto, joka on parkissa Salon keskustassa. N\u00e4in ollen et v\u00e4ltt\u00e4m\u00e4tt\u00e4 tarvitse omaa autoa kent\u00e4ll\u00e4 toimimiseen, mutta B-ajokortti olisi hyv\u00e4 kuitenkin olla.<\/p>\n\n\n\n<p>Kent\u00e4ll\u00e4 teht\u00e4v\u00e4t pyrit\u00e4\u00e4n hoitamaan pareittain, mutta jonkin verran on my\u00f6s yksin teht\u00e4vi\u00e4 tapauksia. Kent\u00e4ll\u00e4 parhaiten oppii vain tekem\u00e4ll\u00e4, sill\u00e4 jokainen tilanne on hieman omanlaisensa. Siksi kent\u00e4ll\u00e4 kannattaakin alusta asti l\u00e4hte\u00e4 aktiivisesti keikoille mukaan kokeneemman pariksi.<\/p>\n\n\n\n<p>Kentt\u00e4toiminta vaatii my\u00f6s omatoimisuutta ja itseohjautuvuutta jokaiselta, jotta se on sujuvaa. Kent\u00e4ll\u00e4 t\u00e4ytyy my\u00f6s siet\u00e4\u00e4 vaihtelevia ja haastaviakin olosuhteita ja likaantumista, ja se vaatii toisinaan rutkasti k\u00e4rsiv\u00e4llisyytt\u00e4 ja lehm\u00e4n hermoja.<\/p>\n\n\n\n<p><strong>Kentt\u00e4toiminta pit\u00e4\u00e4 sis\u00e4ll\u00e4\u00e4n<\/strong><\/p>\n\n\n\n<ul class=\"wp-block-list\">\n<li>El\u00e4inten kuljetuksia el\u00e4inl\u00e4\u00e4k\u00e4riin, l\u00f6yt\u00f6el\u00e4intaloon tai jatkohoitoon<\/li>\n\n\n\n<li>Loukutuksia ja loukkujen tarkastuksia<\/li>\n\n\n\n<li>Konkreettista el\u00e4inpelastusta erilaisissa ymp\u00e4rist\u00f6iss\u00e4 (osa pelastusteht\u00e4vist\u00e4 on vaativia ja saattavat kest\u00e4\u00e4 kauan)<\/li>\n\n\n\n<li>Mahdollisuuksien mukaan neuvontapuheluihin vastaamista<\/li>\n<\/ul>\n\n\n\n<p>Kiinnostuitko kentt\u00e4toiminnasta? Laita <a href=\"https:\/\/sey.fi\/salo\/salon-elainsuojelu\/yhteystiedot\/ssey-yhteystiedot\/\">s\u00e4hk\u00f6postia<\/a>!<\/p>\n\n\n\n<hr class=\"wp-block-separator has-alpha-channel-opacity\" \/>\n\n\n<div class=\"wp-block-image is-style-rounded\">\n<figure class=\"aligncenter size-full is-resized\"><img loading=\"lazy\" decoding=\"async\" width=\"200\" height=\"200\" src=\"https:\/\/sey.fi\/wp-content\/uploads\/sites\/28\/2023\/05\/quote_elina.jpg\" alt=\"\" class=\"wp-image-728\" style=\"width:150px\" srcset=\"https:\/\/sey.fi\/wp-content\/uploads\/sites\/28\/2023\/05\/quote_elina.jpg 200w, https:\/\/sey.fi\/wp-content\/uploads\/sites\/28\/2023\/05\/quote_elina-150x150.jpg 150w, https:\/\/sey.fi\/wp-content\/uploads\/sites\/28\/2023\/05\/quote_elina-160x160.jpg 160w\" sizes=\"auto, (max-width: 200px) 100vw, 200px\" \/><\/figure><\/div>\n\n\n<p class=\"has-text-align-center\" style=\"font-size:16px\"><em>&#8221;Kentt\u00e4toiminnassa hienointa on saada hyl\u00e4tyt ja huonokuntoiset kissat l\u00e4mpim\u00e4\u00e4n ja ruokakippojen \u00e4\u00e4reen v\u00e4litt\u00e4vien ihmisten ymp\u00e4r\u00f6im\u00e4ksi, vaikka kissan ennuste olisi huonokin. Toivo my\u00f6s siit\u00e4, ett\u00e4 ne saavat uuden, huolehtivan kodin yhdistyksemme kautta.&#8221;<\/em><\/p>\n\n\n\n<p class=\"has-text-align-center has-small-font-size\">&#8211; Elina, puheenjohtaja<\/p>\n","protected":false},"excerpt":{"rendered":"<p>Kent\u00e4ll\u00e4 p\u00e4\u00e4semme konkreettisesti auttamaan h\u00e4d\u00e4ss\u00e4 olevia el\u00e4imi\u00e4; koiria, kissoja, pienel\u00e4imi\u00e4, luonnonvaraisia. Kentt\u00e4toiminta pit\u00e4\u00e4 sis\u00e4ll\u00e4\u00e4n paljon el\u00e4inten kuljetuksia ja loukkujen tarkastuksia lyhyell\u00e4kin varoitusajalla. SSEY:ll\u00e4 on k\u00e4yt\u00f6ss\u00e4\u00e4n pakettiautomallinen el\u00e4inpelastusauto, joka on parkissa Salon keskustassa. N\u00e4in ollen et v\u00e4ltt\u00e4m\u00e4tt\u00e4 tarvitse omaa autoa kent\u00e4ll\u00e4 toimimiseen, mutta B-ajokortti olisi hyv\u00e4 kuitenkin olla. Kent\u00e4ll\u00e4 teht\u00e4v\u00e4t pyrit\u00e4\u00e4n hoitamaan pareittain, mutta jonkin verran [&hellip;]<\/p>\n","protected":false},"author":25,"featured_media":0,"parent":798,"menu_order":0,"comment_status":"closed","ping_status":"closed","template":"","meta":{"_acf_changed":false,"footnotes":""},"class_list":["post-552","page","type-page","status-publish","hentry"],"acf":[],"yoast_head":"<!-- This site is optimized with the Yoast SEO plugin v27.1.1 - https:\/\/yoast.com\/product\/yoast-seo-wordpress\/ -->\n<title>Kentt\u00e4toiminta - Salon seudun el\u00e4insuojeluyhdistys<\/title>\n<meta name=\"robots\" content=\"index, follow, max-snippet:-1, max-image-preview:large, max-video-preview:-1\" \/>\n<link rel=\"canonical\" href=\"https:\/\/sey.fi\/salo\/salon-elainsuojelu\/toiminta\/kenttatoiminta\/\" \/>\n<meta property=\"og:locale\" content=\"fi_FI\" \/>\n<meta property=\"og:type\" content=\"article\" \/>\n<meta property=\"og:title\" content=\"Kentt\u00e4toiminta - Salon seudun el\u00e4insuojeluyhdistys\" \/>\n<meta property=\"og:description\" content=\"Kent\u00e4ll\u00e4 p\u00e4\u00e4semme konkreettisesti auttamaan h\u00e4d\u00e4ss\u00e4 olevia el\u00e4imi\u00e4; koiria, kissoja, pienel\u00e4imi\u00e4, luonnonvaraisia. Kentt\u00e4toiminta pit\u00e4\u00e4 sis\u00e4ll\u00e4\u00e4n paljon el\u00e4inten kuljetuksia ja loukkujen tarkastuksia lyhyell\u00e4kin varoitusajalla. SSEY:ll\u00e4 on k\u00e4yt\u00f6ss\u00e4\u00e4n pakettiautomallinen el\u00e4inpelastusauto, joka on parkissa Salon keskustassa. N\u00e4in ollen et v\u00e4ltt\u00e4m\u00e4tt\u00e4 tarvitse omaa autoa kent\u00e4ll\u00e4 toimimiseen, mutta B-ajokortti olisi hyv\u00e4 kuitenkin olla. Kent\u00e4ll\u00e4 teht\u00e4v\u00e4t pyrit\u00e4\u00e4n hoitamaan pareittain, mutta jonkin verran [&hellip;]\" \/>\n<meta property=\"og:url\" content=\"https:\/\/sey.fi\/salo\/salon-elainsuojelu\/toiminta\/kenttatoiminta\/\" \/>\n<meta property=\"og:site_name\" content=\"Salon seudun el\u00e4insuojeluyhdistys\" \/>\n<meta property=\"article:modified_time\" content=\"2024-05-15T10:46:22+00:00\" \/>\n<meta property=\"og:image\" content=\"https:\/\/sey.fi\/wp-content\/uploads\/sites\/28\/2023\/05\/quote_elina.jpg\" \/>\n<meta name=\"twitter:card\" content=\"summary_large_image\" \/>\n<meta name=\"twitter:label1\" content=\"Arvioitu lukuaika\" \/>\n\t<meta name=\"twitter:data1\" content=\"2 minuuttia\" \/>\n<script type=\"application\/ld+json\" class=\"yoast-schema-graph\">{\"@context\":\"https:\/\/schema.org\",\"@graph\":[{\"@type\":\"WebPage\",\"@id\":\"https:\/\/sey.fi\/salo\/salon-elainsuojelu\/toiminta\/kenttatoiminta\/\",\"url\":\"https:\/\/sey.fi\/salo\/salon-elainsuojelu\/toiminta\/kenttatoiminta\/\",\"name\":\"Kentt\u00e4toiminta - Salon seudun el\u00e4insuojeluyhdistys\",\"isPartOf\":{\"@id\":\"https:\/\/sey.fi\/salo\/#website\"},\"primaryImageOfPage\":{\"@id\":\"https:\/\/sey.fi\/salo\/salon-elainsuojelu\/toiminta\/kenttatoiminta\/#primaryimage\"},\"image\":{\"@id\":\"https:\/\/sey.fi\/salo\/salon-elainsuojelu\/toiminta\/kenttatoiminta\/#primaryimage\"},\"thumbnailUrl\":\"https:\/\/sey.fi\/wp-content\/uploads\/sites\/28\/2023\/05\/quote_elina.jpg\",\"datePublished\":\"2023-05-06T11:36:52+00:00\",\"dateModified\":\"2024-05-15T10:46:22+00:00\",\"breadcrumb\":{\"@id\":\"https:\/\/sey.fi\/salo\/salon-elainsuojelu\/toiminta\/kenttatoiminta\/#breadcrumb\"},\"inLanguage\":\"fi\",\"potentialAction\":[{\"@type\":\"ReadAction\",\"target\":[\"https:\/\/sey.fi\/salo\/salon-elainsuojelu\/toiminta\/kenttatoiminta\/\"]}]},{\"@type\":\"ImageObject\",\"inLanguage\":\"fi\",\"@id\":\"https:\/\/sey.fi\/salo\/salon-elainsuojelu\/toiminta\/kenttatoiminta\/#primaryimage\",\"url\":\"https:\/\/sey.fi\/wp-content\/uploads\/sites\/28\/2023\/05\/quote_elina.jpg\",\"contentUrl\":\"https:\/\/sey.fi\/wp-content\/uploads\/sites\/28\/2023\/05\/quote_elina.jpg\"},{\"@type\":\"BreadcrumbList\",\"@id\":\"https:\/\/sey.fi\/salo\/salon-elainsuojelu\/toiminta\/kenttatoiminta\/#breadcrumb\",\"itemListElement\":[{\"@type\":\"ListItem\",\"position\":1,\"name\":\"Home\",\"item\":\"https:\/\/sey.fi\/salo\/\"},{\"@type\":\"ListItem\",\"position\":2,\"name\":\"Salon Seudun El\u00e4insuojeluyhdistys\",\"item\":\"https:\/\/sey.fi\/salo\/\"},{\"@type\":\"ListItem\",\"position\":3,\"name\":\"Toiminta\",\"item\":\"https:\/\/sey.fi\/salo\/salon-elainsuojelu\/toiminta\/\"},{\"@type\":\"ListItem\",\"position\":4,\"name\":\"Kentt\u00e4toiminta\"}]},{\"@type\":\"WebSite\",\"@id\":\"https:\/\/sey.fi\/salo\/#website\",\"url\":\"https:\/\/sey.fi\/salo\/\",\"name\":\"Salon seudun el\u00e4insuojeluyhdistys\",\"description\":\"Uusi SEY J\u00e4senyhdistykset -sivusto\",\"potentialAction\":[{\"@type\":\"SearchAction\",\"target\":{\"@type\":\"EntryPoint\",\"urlTemplate\":\"https:\/\/sey.fi\/salo\/?s={search_term_string}\"},\"query-input\":{\"@type\":\"PropertyValueSpecification\",\"valueRequired\":true,\"valueName\":\"search_term_string\"}}],\"inLanguage\":\"fi\"}]}<\/script>\n<!-- \/ Yoast SEO plugin. -->","yoast_head_json":{"title":"Kentt\u00e4toiminta - Salon seudun el\u00e4insuojeluyhdistys","robots":{"index":"index","follow":"follow","max-snippet":"max-snippet:-1","max-image-preview":"max-image-preview:large","max-video-preview":"max-video-preview:-1"},"canonical":"https:\/\/sey.fi\/salo\/salon-elainsuojelu\/toiminta\/kenttatoiminta\/","og_locale":"fi_FI","og_type":"article","og_title":"Kentt\u00e4toiminta - Salon seudun el\u00e4insuojeluyhdistys","og_description":"Kent\u00e4ll\u00e4 p\u00e4\u00e4semme konkreettisesti auttamaan h\u00e4d\u00e4ss\u00e4 olevia el\u00e4imi\u00e4; koiria, kissoja, pienel\u00e4imi\u00e4, luonnonvaraisia. Kentt\u00e4toiminta pit\u00e4\u00e4 sis\u00e4ll\u00e4\u00e4n paljon el\u00e4inten kuljetuksia ja loukkujen tarkastuksia lyhyell\u00e4kin varoitusajalla. SSEY:ll\u00e4 on k\u00e4yt\u00f6ss\u00e4\u00e4n pakettiautomallinen el\u00e4inpelastusauto, joka on parkissa Salon keskustassa. N\u00e4in ollen et v\u00e4ltt\u00e4m\u00e4tt\u00e4 tarvitse omaa autoa kent\u00e4ll\u00e4 toimimiseen, mutta B-ajokortti olisi hyv\u00e4 kuitenkin olla. Kent\u00e4ll\u00e4 teht\u00e4v\u00e4t pyrit\u00e4\u00e4n hoitamaan pareittain, mutta jonkin verran [&hellip;]","og_url":"https:\/\/sey.fi\/salo\/salon-elainsuojelu\/toiminta\/kenttatoiminta\/","og_site_name":"Salon seudun el\u00e4insuojeluyhdistys","article_modified_time":"2024-05-15T10:46:22+00:00","og_image":[{"url":"https:\/\/sey.fi\/wp-content\/uploads\/sites\/28\/2023\/05\/quote_elina.jpg","type":"","width":"","height":""}],"twitter_card":"summary_large_image","twitter_misc":{"Arvioitu lukuaika":"2 minuuttia"},"schema":{"@context":"https:\/\/schema.org","@graph":[{"@type":"WebPage","@id":"https:\/\/sey.fi\/salo\/salon-elainsuojelu\/toiminta\/kenttatoiminta\/","url":"https:\/\/sey.fi\/salo\/salon-elainsuojelu\/toiminta\/kenttatoiminta\/","name":"Kentt\u00e4toiminta - Salon seudun el\u00e4insuojeluyhdistys","isPartOf":{"@id":"https:\/\/sey.fi\/salo\/#website"},"primaryImageOfPage":{"@id":"https:\/\/sey.fi\/salo\/salon-elainsuojelu\/toiminta\/kenttatoiminta\/#primaryimage"},"image":{"@id":"https:\/\/sey.fi\/salo\/salon-elainsuojelu\/toiminta\/kenttatoiminta\/#primaryimage"},"thumbnailUrl":"https:\/\/sey.fi\/wp-content\/uploads\/sites\/28\/2023\/05\/quote_elina.jpg","datePublished":"2023-05-06T11:36:52+00:00","dateModified":"2024-05-15T10:46:22+00:00","breadcrumb":{"@id":"https:\/\/sey.fi\/salo\/salon-elainsuojelu\/toiminta\/kenttatoiminta\/#breadcrumb"},"inLanguage":"fi","potentialAction":[{"@type":"ReadAction","target":["https:\/\/sey.fi\/salo\/salon-elainsuojelu\/toiminta\/kenttatoiminta\/"]}]},{"@type":"ImageObject","inLanguage":"fi","@id":"https:\/\/sey.fi\/salo\/salon-elainsuojelu\/toiminta\/kenttatoiminta\/#primaryimage","url":"https:\/\/sey.fi\/wp-content\/uploads\/sites\/28\/2023\/05\/quote_elina.jpg","contentUrl":"https:\/\/sey.fi\/wp-content\/uploads\/sites\/28\/2023\/05\/quote_elina.jpg"},{"@type":"BreadcrumbList","@id":"https:\/\/sey.fi\/salo\/salon-elainsuojelu\/toiminta\/kenttatoiminta\/#breadcrumb","itemListElement":[{"@type":"ListItem","position":1,"name":"Home","item":"https:\/\/sey.fi\/salo\/"},{"@type":"ListItem","position":2,"name":"Salon Seudun El\u00e4insuojeluyhdistys","item":"https:\/\/sey.fi\/salo\/"},{"@type":"ListItem","position":3,"name":"Toiminta","item":"https:\/\/sey.fi\/salo\/salon-elainsuojelu\/toiminta\/"},{"@type":"ListItem","position":4,"name":"Kentt\u00e4toiminta"}]},{"@type":"WebSite","@id":"https:\/\/sey.fi\/salo\/#website","url":"https:\/\/sey.fi\/salo\/","name":"Salon seudun el\u00e4insuojeluyhdistys","description":"Uusi SEY J\u00e4senyhdistykset -sivusto","potentialAction":[{"@type":"SearchAction","target":{"@type":"EntryPoint","urlTemplate":"https:\/\/sey.fi\/salo\/?s={search_term_string}"},"query-input":{"@type":"PropertyValueSpecification","valueRequired":true,"valueName":"search_term_string"}}],"inLanguage":"fi"}]}},"_links":{"self":[{"href":"https:\/\/sey.fi\/salo\/wp-json\/wp\/v2\/pages\/552","targetHints":{"allow":["GET"]}}],"collection":[{"href":"https:\/\/sey.fi\/salo\/wp-json\/wp\/v2\/pages"}],"about":[{"href":"https:\/\/sey.fi\/salo\/wp-json\/wp\/v2\/types\/page"}],"author":[{"embeddable":true,"href":"https:\/\/sey.fi\/salo\/wp-json\/wp\/v2\/users\/25"}],"replies":[{"embeddable":true,"href":"https:\/\/sey.fi\/salo\/wp-json\/wp\/v2\/comments?post=552"}],"version-history":[{"count":10,"href":"https:\/\/sey.fi\/salo\/wp-json\/wp\/v2\/pages\/552\/revisions"}],"predecessor-version":[{"id":1133,"href":"https:\/\/sey.fi\/salo\/wp-json\/wp\/v2\/pages\/552\/revisions\/1133"}],"up":[{"embeddable":true,"href":"https:\/\/sey.fi\/salo\/wp-json\/wp\/v2\/pages\/798"}],"wp:attachment":[{"href":"https:\/\/sey.fi\/salo\/wp-json\/wp\/v2\/media?parent=552"}],"curies":[{"name":"wp","href":"https:\/\/api.w.org\/{rel}","templated":true}]}}