{"id":554,"date":"2023-05-06T15:06:26","date_gmt":"2023-05-06T12:06:26","guid":{"rendered":"https:\/\/sey.fi\/salo\/?page_id=554"},"modified":"2024-04-30T14:20:45","modified_gmt":"2024-04-30T11:20:45","slug":"sijaiskotitoiminta","status":"publish","type":"page","link":"https:\/\/sey.fi\/salo\/salon-elainsuojelu\/toiminta\/sijaiskotitoiminta\/","title":{"rendered":"Sijaiskotitoiminta"},"content":{"rendered":"\n<p>SSEY:ll\u00e4 kotia vailla olevat el\u00e4imet asuvat sijaiskodeissa, kunnes niille l\u00f6ydet\u00e4\u00e4n oma loppuel\u00e4m\u00e4nkoti, joten ilman sijaiskoteja adoptiotoimintamme olisi mahdotonta. Sijaiskoteina saamme tutustua moniin erilaisiin el\u00e4inpersooniin, joiden huolenpito ja kehittyminen palkitsee sijaiskodin varmasti.<\/p>\n\n\n\n<p>Sijaiskodin ei tarvitse itse kustantaa el\u00e4imen ruokia, tarvikkeita tai el\u00e4inl\u00e4\u00e4k\u00e4rik\u00e4yntej\u00e4, vaan kaikki tulevat yhdistyksen puolesta.<br>Sijaiskotitoiminta sopii hyvin ihmisille, jotka eiv\u00e4t halua tai voi sitoutua omaan, pitk\u00e4aikaiseen lemmikkiin, mutta jotka viett\u00e4v\u00e4t kuitenkin paljon aikaa kotona. Kissakokemusta ei tarvitse olla entuudestaan, koirien kohdalla aiempaa kokemusta ja j\u00e4m\u00e4kkyytt\u00e4 on hyv\u00e4 olla.<br>Jokaiselle uudelle sijaiskodille tehd\u00e4\u00e4n tutustumisk\u00e4ynti, jonka yhteydess\u00e4 perehdytet\u00e4\u00e4n toimintaan ja el\u00e4imen hoitoon. Sijaiskoti saa oman sijaiskotivastaavan, ja sill\u00e4 on t\u00e4m\u00e4n jatkuva tuki.<\/p>\n\n\n\n<p><strong>Sijaiskodin teht\u00e4v\u00e4n\u00e4 on<\/strong><\/p>\n\n\n\n<ul class=\"wp-block-list\">\n<li>Pit\u00e4\u00e4 huolta el\u00e4imest\u00e4 kunnes se l\u00f6yt\u00e4\u00e4 loppuel\u00e4m\u00e4nkodin<\/li>\n\n\n\n<li>Huolehtia el\u00e4imest\u00e4 kuin omastaan<\/li>\n\n\n\n<li>Kuljettaa el\u00e4int\u00e4 el\u00e4inl\u00e4\u00e4k\u00e4riin jos mahdollista<\/li>\n\n\n\n<li>Noudattaa yhteisi\u00e4 s\u00e4\u00e4nt\u00f6j\u00e4<\/li>\n<\/ul>\n\n\n\n<p>Sijaiskoti voi itse valita mink\u00e4laisia el\u00e4imi\u00e4 ottaa hoitoon. Eniten yhdistykselle tulee kissoja, mutta koirasijaiskodeista on kovempi pula. My\u00f6s luonnonvaraisia el\u00e4imi\u00e4 tulee sijaiskoteihin hoitoon. N\u00e4iden hoitojaksot ovat yleens\u00e4 lyhyit\u00e4, mutta sit\u00e4kin intensiivisempi\u00e4, ja vaativat usein y\u00f6ruokintaa.<\/p>\n\n\n<div class=\"wp-block-image\">\n<figure class=\"aligncenter size-full is-resized\"><img loading=\"lazy\" decoding=\"async\" width=\"960\" height=\"640\" src=\"https:\/\/sey.fi\/wp-content\/uploads\/sites\/28\/2023\/05\/sijaiskodiksi.jpg\" alt=\"\" class=\"wp-image-737\" style=\"width:480px;height:320px\" srcset=\"https:\/\/sey.fi\/wp-content\/uploads\/sites\/28\/2023\/05\/sijaiskodiksi.jpg 960w, https:\/\/sey.fi\/wp-content\/uploads\/sites\/28\/2023\/05\/sijaiskodiksi-300x200.jpg 300w, https:\/\/sey.fi\/wp-content\/uploads\/sites\/28\/2023\/05\/sijaiskodiksi-768x512.jpg 768w\" sizes=\"auto, (max-width: 960px) 100vw, 960px\" \/><\/figure><\/div>\n\n\n<p>Sijaiskotien lis\u00e4ksi sijaiskoti- ja adoptiotiimimme tarvitsee lis\u00e4\u00e4 sijaiskotivastaavia. Sijaiskotivastaavalla tulee olla joko oma auto k\u00e4yt\u00f6ss\u00e4 <strong>tai<\/strong> v\u00e4hint\u00e4\u00e4n B-ajokortti ja valmius ajaa pakettiautoa. Erinomaisista vuorovaikutustaidoista ja ihmistuntemuksesta on t\u00e4ss\u00e4 teht\u00e4v\u00e4ss\u00e4 paljon hy\u00f6ty\u00e4.<\/p>\n\n\n\n<p><strong>Sijaiskotivastaavan teht\u00e4viin kuuluu<\/strong><\/p>\n\n\n\n<ul class=\"wp-block-list\">\n<li>Pit\u00e4\u00e4 huolta omista vastuusijaiskodeistaan ja auttaa el\u00e4imen hoidossa<\/li>\n\n\n\n<li>T\u00e4ydent\u00e4\u00e4 sijaiskotien tarvike- ja ruokavarastoja<\/li>\n\n\n\n<li>Huolehtia el\u00e4inten el\u00e4inl\u00e4\u00e4k\u00e4ritoimenpiteist\u00e4 ja kirjata niit\u00e4 yl\u00f6s<\/li>\n\n\n\n<li>Hoitaa el\u00e4imen adoptioprosessin alusta loppuun<\/li>\n<\/ul>\n\n\n\n<p>Kiinnostuitko sijaiskotitoiminnasta? Laita <a href=\"https:\/\/sey.fi\/salo\/salon-elainsuojelu\/yhteystiedot\/ssey-yhteystiedot\/\">s\u00e4hk\u00f6postia<\/a> kissa- tai koiraposteihimme!<\/p>\n\n\n\n<hr class=\"wp-block-separator has-alpha-channel-opacity\" \/>\n\n\n<div class=\"wp-block-image is-style-rounded\">\n<figure class=\"aligncenter size-full\"><img loading=\"lazy\" decoding=\"async\" width=\"150\" height=\"150\" src=\"https:\/\/sey.fi\/wp-content\/uploads\/sites\/28\/2023\/05\/quote_henni2-1.jpeg\" alt=\"\" class=\"wp-image-561\" \/><\/figure><\/div>\n\n\n<p class=\"has-text-align-center\" id=\"block-4f5d383a-8670-4533-aba1-f0e27d975e76\" style=\"font-size:16px\"><em>&#8221;Sijaiskotitoiminnassa parasta on n\u00e4hd\u00e4 ujon kissan kehittyv\u00e4n, ja se, kun kissalle l\u00f6ytyy juuri se t\u00e4ydellinen loppuel\u00e4m\u00e4nkoti.&#8221;<\/em><\/p>\n\n\n\n<p class=\"has-text-align-center has-small-font-size\" id=\"block-4f5d383a-8670-4533-aba1-f0e27d975e76\">&#8211; Henni, kissasijaiskotivastaava<\/p>\n","protected":false},"excerpt":{"rendered":"<p>SSEY:ll\u00e4 kotia vailla olevat el\u00e4imet asuvat sijaiskodeissa, kunnes niille l\u00f6ydet\u00e4\u00e4n oma loppuel\u00e4m\u00e4nkoti, joten ilman sijaiskoteja adoptiotoimintamme olisi mahdotonta. Sijaiskoteina saamme tutustua moniin erilaisiin el\u00e4inpersooniin, joiden huolenpito ja kehittyminen palkitsee sijaiskodin varmasti. Sijaiskodin ei tarvitse itse kustantaa el\u00e4imen ruokia, tarvikkeita tai el\u00e4inl\u00e4\u00e4k\u00e4rik\u00e4yntej\u00e4, vaan kaikki tulevat yhdistyksen puolesta.Sijaiskotitoiminta sopii hyvin ihmisille, jotka eiv\u00e4t halua tai voi sitoutua [&hellip;]<\/p>\n","protected":false},"author":25,"featured_media":0,"parent":798,"menu_order":0,"comment_status":"closed","ping_status":"closed","template":"","meta":{"_acf_changed":false,"footnotes":""},"class_list":["post-554","page","type-page","status-publish","hentry"],"acf":[],"yoast_head":"<!-- This site is optimized with the Yoast SEO plugin v27.1.1 - https:\/\/yoast.com\/product\/yoast-seo-wordpress\/ -->\n<title>Sijaiskotitoiminta - Salon seudun el\u00e4insuojeluyhdistys<\/title>\n<meta name=\"robots\" content=\"index, follow, max-snippet:-1, max-image-preview:large, max-video-preview:-1\" \/>\n<link rel=\"canonical\" href=\"https:\/\/sey.fi\/salo\/salon-elainsuojelu\/toiminta\/sijaiskotitoiminta\/\" \/>\n<meta property=\"og:locale\" content=\"fi_FI\" \/>\n<meta property=\"og:type\" content=\"article\" \/>\n<meta property=\"og:title\" content=\"Sijaiskotitoiminta - Salon seudun el\u00e4insuojeluyhdistys\" \/>\n<meta property=\"og:description\" content=\"SSEY:ll\u00e4 kotia vailla olevat el\u00e4imet asuvat sijaiskodeissa, kunnes niille l\u00f6ydet\u00e4\u00e4n oma loppuel\u00e4m\u00e4nkoti, joten ilman sijaiskoteja adoptiotoimintamme olisi mahdotonta. Sijaiskoteina saamme tutustua moniin erilaisiin el\u00e4inpersooniin, joiden huolenpito ja kehittyminen palkitsee sijaiskodin varmasti. Sijaiskodin ei tarvitse itse kustantaa el\u00e4imen ruokia, tarvikkeita tai el\u00e4inl\u00e4\u00e4k\u00e4rik\u00e4yntej\u00e4, vaan kaikki tulevat yhdistyksen puolesta.Sijaiskotitoiminta sopii hyvin ihmisille, jotka eiv\u00e4t halua tai voi sitoutua [&hellip;]\" \/>\n<meta property=\"og:url\" content=\"https:\/\/sey.fi\/salo\/salon-elainsuojelu\/toiminta\/sijaiskotitoiminta\/\" \/>\n<meta property=\"og:site_name\" content=\"Salon seudun el\u00e4insuojeluyhdistys\" \/>\n<meta property=\"article:modified_time\" content=\"2024-04-30T11:20:45+00:00\" \/>\n<meta property=\"og:image\" content=\"https:\/\/sey.fi\/wp-content\/uploads\/sites\/28\/2023\/05\/sijaiskodiksi.jpg\" \/>\n<meta name=\"twitter:card\" content=\"summary_large_image\" \/>\n<meta name=\"twitter:label1\" content=\"Arvioitu lukuaika\" \/>\n\t<meta name=\"twitter:data1\" content=\"2 minuuttia\" \/>\n<script type=\"application\/ld+json\" class=\"yoast-schema-graph\">{\"@context\":\"https:\/\/schema.org\",\"@graph\":[{\"@type\":\"WebPage\",\"@id\":\"https:\/\/sey.fi\/salo\/salon-elainsuojelu\/toiminta\/sijaiskotitoiminta\/\",\"url\":\"https:\/\/sey.fi\/salo\/salon-elainsuojelu\/toiminta\/sijaiskotitoiminta\/\",\"name\":\"Sijaiskotitoiminta - Salon seudun el\u00e4insuojeluyhdistys\",\"isPartOf\":{\"@id\":\"https:\/\/sey.fi\/salo\/#website\"},\"primaryImageOfPage\":{\"@id\":\"https:\/\/sey.fi\/salo\/salon-elainsuojelu\/toiminta\/sijaiskotitoiminta\/#primaryimage\"},\"image\":{\"@id\":\"https:\/\/sey.fi\/salo\/salon-elainsuojelu\/toiminta\/sijaiskotitoiminta\/#primaryimage\"},\"thumbnailUrl\":\"https:\/\/sey.fi\/wp-content\/uploads\/sites\/28\/2023\/05\/sijaiskodiksi.jpg\",\"datePublished\":\"2023-05-06T12:06:26+00:00\",\"dateModified\":\"2024-04-30T11:20:45+00:00\",\"breadcrumb\":{\"@id\":\"https:\/\/sey.fi\/salo\/salon-elainsuojelu\/toiminta\/sijaiskotitoiminta\/#breadcrumb\"},\"inLanguage\":\"fi\",\"potentialAction\":[{\"@type\":\"ReadAction\",\"target\":[\"https:\/\/sey.fi\/salo\/salon-elainsuojelu\/toiminta\/sijaiskotitoiminta\/\"]}]},{\"@type\":\"ImageObject\",\"inLanguage\":\"fi\",\"@id\":\"https:\/\/sey.fi\/salo\/salon-elainsuojelu\/toiminta\/sijaiskotitoiminta\/#primaryimage\",\"url\":\"https:\/\/sey.fi\/wp-content\/uploads\/sites\/28\/2023\/05\/sijaiskodiksi.jpg\",\"contentUrl\":\"https:\/\/sey.fi\/wp-content\/uploads\/sites\/28\/2023\/05\/sijaiskodiksi.jpg\"},{\"@type\":\"BreadcrumbList\",\"@id\":\"https:\/\/sey.fi\/salo\/salon-elainsuojelu\/toiminta\/sijaiskotitoiminta\/#breadcrumb\",\"itemListElement\":[{\"@type\":\"ListItem\",\"position\":1,\"name\":\"Home\",\"item\":\"https:\/\/sey.fi\/salo\/\"},{\"@type\":\"ListItem\",\"position\":2,\"name\":\"Salon Seudun El\u00e4insuojeluyhdistys\",\"item\":\"https:\/\/sey.fi\/salo\/\"},{\"@type\":\"ListItem\",\"position\":3,\"name\":\"Toiminta\",\"item\":\"https:\/\/sey.fi\/salo\/salon-elainsuojelu\/toiminta\/\"},{\"@type\":\"ListItem\",\"position\":4,\"name\":\"Sijaiskotitoiminta\"}]},{\"@type\":\"WebSite\",\"@id\":\"https:\/\/sey.fi\/salo\/#website\",\"url\":\"https:\/\/sey.fi\/salo\/\",\"name\":\"Salon seudun el\u00e4insuojeluyhdistys\",\"description\":\"Uusi SEY J\u00e4senyhdistykset -sivusto\",\"potentialAction\":[{\"@type\":\"SearchAction\",\"target\":{\"@type\":\"EntryPoint\",\"urlTemplate\":\"https:\/\/sey.fi\/salo\/?s={search_term_string}\"},\"query-input\":{\"@type\":\"PropertyValueSpecification\",\"valueRequired\":true,\"valueName\":\"search_term_string\"}}],\"inLanguage\":\"fi\"}]}<\/script>\n<!-- \/ Yoast SEO plugin. -->","yoast_head_json":{"title":"Sijaiskotitoiminta - Salon seudun el\u00e4insuojeluyhdistys","robots":{"index":"index","follow":"follow","max-snippet":"max-snippet:-1","max-image-preview":"max-image-preview:large","max-video-preview":"max-video-preview:-1"},"canonical":"https:\/\/sey.fi\/salo\/salon-elainsuojelu\/toiminta\/sijaiskotitoiminta\/","og_locale":"fi_FI","og_type":"article","og_title":"Sijaiskotitoiminta - Salon seudun el\u00e4insuojeluyhdistys","og_description":"SSEY:ll\u00e4 kotia vailla olevat el\u00e4imet asuvat sijaiskodeissa, kunnes niille l\u00f6ydet\u00e4\u00e4n oma loppuel\u00e4m\u00e4nkoti, joten ilman sijaiskoteja adoptiotoimintamme olisi mahdotonta. Sijaiskoteina saamme tutustua moniin erilaisiin el\u00e4inpersooniin, joiden huolenpito ja kehittyminen palkitsee sijaiskodin varmasti. Sijaiskodin ei tarvitse itse kustantaa el\u00e4imen ruokia, tarvikkeita tai el\u00e4inl\u00e4\u00e4k\u00e4rik\u00e4yntej\u00e4, vaan kaikki tulevat yhdistyksen puolesta.Sijaiskotitoiminta sopii hyvin ihmisille, jotka eiv\u00e4t halua tai voi sitoutua [&hellip;]","og_url":"https:\/\/sey.fi\/salo\/salon-elainsuojelu\/toiminta\/sijaiskotitoiminta\/","og_site_name":"Salon seudun el\u00e4insuojeluyhdistys","article_modified_time":"2024-04-30T11:20:45+00:00","og_image":[{"url":"https:\/\/sey.fi\/wp-content\/uploads\/sites\/28\/2023\/05\/sijaiskodiksi.jpg","type":"","width":"","height":""}],"twitter_card":"summary_large_image","twitter_misc":{"Arvioitu lukuaika":"2 minuuttia"},"schema":{"@context":"https:\/\/schema.org","@graph":[{"@type":"WebPage","@id":"https:\/\/sey.fi\/salo\/salon-elainsuojelu\/toiminta\/sijaiskotitoiminta\/","url":"https:\/\/sey.fi\/salo\/salon-elainsuojelu\/toiminta\/sijaiskotitoiminta\/","name":"Sijaiskotitoiminta - Salon seudun el\u00e4insuojeluyhdistys","isPartOf":{"@id":"https:\/\/sey.fi\/salo\/#website"},"primaryImageOfPage":{"@id":"https:\/\/sey.fi\/salo\/salon-elainsuojelu\/toiminta\/sijaiskotitoiminta\/#primaryimage"},"image":{"@id":"https:\/\/sey.fi\/salo\/salon-elainsuojelu\/toiminta\/sijaiskotitoiminta\/#primaryimage"},"thumbnailUrl":"https:\/\/sey.fi\/wp-content\/uploads\/sites\/28\/2023\/05\/sijaiskodiksi.jpg","datePublished":"2023-05-06T12:06:26+00:00","dateModified":"2024-04-30T11:20:45+00:00","breadcrumb":{"@id":"https:\/\/sey.fi\/salo\/salon-elainsuojelu\/toiminta\/sijaiskotitoiminta\/#breadcrumb"},"inLanguage":"fi","potentialAction":[{"@type":"ReadAction","target":["https:\/\/sey.fi\/salo\/salon-elainsuojelu\/toiminta\/sijaiskotitoiminta\/"]}]},{"@type":"ImageObject","inLanguage":"fi","@id":"https:\/\/sey.fi\/salo\/salon-elainsuojelu\/toiminta\/sijaiskotitoiminta\/#primaryimage","url":"https:\/\/sey.fi\/wp-content\/uploads\/sites\/28\/2023\/05\/sijaiskodiksi.jpg","contentUrl":"https:\/\/sey.fi\/wp-content\/uploads\/sites\/28\/2023\/05\/sijaiskodiksi.jpg"},{"@type":"BreadcrumbList","@id":"https:\/\/sey.fi\/salo\/salon-elainsuojelu\/toiminta\/sijaiskotitoiminta\/#breadcrumb","itemListElement":[{"@type":"ListItem","position":1,"name":"Home","item":"https:\/\/sey.fi\/salo\/"},{"@type":"ListItem","position":2,"name":"Salon Seudun El\u00e4insuojeluyhdistys","item":"https:\/\/sey.fi\/salo\/"},{"@type":"ListItem","position":3,"name":"Toiminta","item":"https:\/\/sey.fi\/salo\/salon-elainsuojelu\/toiminta\/"},{"@type":"ListItem","position":4,"name":"Sijaiskotitoiminta"}]},{"@type":"WebSite","@id":"https:\/\/sey.fi\/salo\/#website","url":"https:\/\/sey.fi\/salo\/","name":"Salon seudun el\u00e4insuojeluyhdistys","description":"Uusi SEY J\u00e4senyhdistykset -sivusto","potentialAction":[{"@type":"SearchAction","target":{"@type":"EntryPoint","urlTemplate":"https:\/\/sey.fi\/salo\/?s={search_term_string}"},"query-input":{"@type":"PropertyValueSpecification","valueRequired":true,"valueName":"search_term_string"}}],"inLanguage":"fi"}]}},"_links":{"self":[{"href":"https:\/\/sey.fi\/salo\/wp-json\/wp\/v2\/pages\/554","targetHints":{"allow":["GET"]}}],"collection":[{"href":"https:\/\/sey.fi\/salo\/wp-json\/wp\/v2\/pages"}],"about":[{"href":"https:\/\/sey.fi\/salo\/wp-json\/wp\/v2\/types\/page"}],"author":[{"embeddable":true,"href":"https:\/\/sey.fi\/salo\/wp-json\/wp\/v2\/users\/25"}],"replies":[{"embeddable":true,"href":"https:\/\/sey.fi\/salo\/wp-json\/wp\/v2\/comments?post=554"}],"version-history":[{"count":9,"href":"https:\/\/sey.fi\/salo\/wp-json\/wp\/v2\/pages\/554\/revisions"}],"predecessor-version":[{"id":1101,"href":"https:\/\/sey.fi\/salo\/wp-json\/wp\/v2\/pages\/554\/revisions\/1101"}],"up":[{"embeddable":true,"href":"https:\/\/sey.fi\/salo\/wp-json\/wp\/v2\/pages\/798"}],"wp:attachment":[{"href":"https:\/\/sey.fi\/salo\/wp-json\/wp\/v2\/media?parent=554"}],"curies":[{"name":"wp","href":"https:\/\/api.w.org\/{rel}","templated":true}]}}