{"id":568,"date":"2023-05-06T15:35:43","date_gmt":"2023-05-06T12:35:43","guid":{"rendered":"https:\/\/sey.fi\/salo\/?page_id=568"},"modified":"2024-04-30T14:19:34","modified_gmt":"2024-04-30T11:19:34","slug":"koiratoiminta","status":"publish","type":"page","link":"https:\/\/sey.fi\/salo\/salon-elainsuojelu\/toiminta\/koiratoiminta\/","title":{"rendered":"Koiratoiminta"},"content":{"rendered":"\n<p>Koiratoiminta koostuu koirien sijaiskodeista ja sijaiskotivastaavista, niin sanotusta koirakent\u00e4st\u00e4 sek\u00e4 l\u00f6yt\u00f6koirien lenkitysringist\u00e4. L\u00f6yt\u00f6koirien kanssa tekemisiss\u00e4 ollessa tulisi olla koiranlukutaitoa ja valmiutta k\u00e4sitell\u00e4 haastavampiakin koiria, sill\u00e4 l\u00f6yt\u00f6koirista l\u00f6ytyy monenlaista.<\/p>\n\n\n\n<p><strong>Koiratiimiss\u00e4 vastaan tulee seuraavanlaisia teht\u00e4vi\u00e4:<\/strong><\/p>\n\n\n\n<ul class=\"wp-block-list\">\n<li>Koirakent\u00e4n p\u00e4ivystyspuhelimeen vastaaminen ja teht\u00e4vien jakoa<\/li>\n\n\n\n<li>L\u00f6yt\u00f6koirien vastaanottaminen<\/li>\n\n\n\n<li>Koirien l\u00f6yt\u00f6- ja katoamisilmoitusten laatiminen Facebookiin<\/li>\n\n\n\n<li>L\u00f6yt\u00f6koirien lenkitt\u00e4minen ja koiralatoiminta<\/li>\n\n\n\n<li>L\u00f6yt\u00f6koirien luovuttaminen takaisin omistajalle<\/li>\n\n\n\n<li>Kodinvaihtajien vastaanottaminen yhdistykselle ja omistajan haastattelu<\/li>\n\n\n\n<li>Sijaiskodin ja hoidokin huolenpito<\/li>\n\n\n\n<li>Ruoka-avustusten toimittaminen<\/li>\n\n\n\n<li>Koirien adoptointi uusiin koteihin<\/li>\n<\/ul>\n\n\n\n<p>Jos kiinnostuit koiratoiminnasta, laita <a href=\"https:\/\/sey.fi\/salo\/salon-elainsuojelu\/yhteystiedot\/ssey-yhteystiedot\/\">s\u00e4hk\u00f6postia<\/a> koirapostiin!<\/p>\n\n\n\n<hr class=\"wp-block-separator has-alpha-channel-opacity\" \/>\n\n\n<div class=\"wp-block-image is-style-rounded\">\n<figure class=\"aligncenter size-full is-resized\"><img loading=\"lazy\" decoding=\"async\" width=\"200\" height=\"200\" src=\"https:\/\/sey.fi\/wp-content\/uploads\/sites\/28\/2023\/05\/quote_taru.jpg\" alt=\"\" class=\"wp-image-716\" style=\"width:150px\" srcset=\"https:\/\/sey.fi\/wp-content\/uploads\/sites\/28\/2023\/05\/quote_taru.jpg 200w, https:\/\/sey.fi\/wp-content\/uploads\/sites\/28\/2023\/05\/quote_taru-150x150.jpg 150w, https:\/\/sey.fi\/wp-content\/uploads\/sites\/28\/2023\/05\/quote_taru-160x160.jpg 160w\" sizes=\"auto, (max-width: 200px) 100vw, 200px\" \/><\/figure><\/div>\n\n\n<p class=\"has-text-align-center\" style=\"font-size:16px\"><em>&#8221;Koiratoiminnassa kivointa ehdottomasti on l\u00f6yt\u00e4\u00e4 koiralle se t\u00e4ydellinen loppuel\u00e4m\u00e4nkoti. Ja kun saa sielt\u00e4 kuulumisia, kuinka koira nauttii el\u00e4m\u00e4st\u00e4\u00e4n &#8211; se on ihan parasta!&#8221;<\/em><\/p>\n\n\n\n<p class=\"has-text-align-center has-small-font-size\">&#8211; Taru, koiratiimi<\/p>\n","protected":false},"excerpt":{"rendered":"<p>Koiratoiminta koostuu koirien sijaiskodeista ja sijaiskotivastaavista, niin sanotusta koirakent\u00e4st\u00e4 sek\u00e4 l\u00f6yt\u00f6koirien lenkitysringist\u00e4. L\u00f6yt\u00f6koirien kanssa tekemisiss\u00e4 ollessa tulisi olla koiranlukutaitoa ja valmiutta k\u00e4sitell\u00e4 haastavampiakin koiria, sill\u00e4 l\u00f6yt\u00f6koirista l\u00f6ytyy monenlaista. Koiratiimiss\u00e4 vastaan tulee seuraavanlaisia teht\u00e4vi\u00e4: Jos kiinnostuit koiratoiminnasta, laita s\u00e4hk\u00f6postia koirapostiin! &#8221;Koiratoiminnassa kivointa ehdottomasti on l\u00f6yt\u00e4\u00e4 koiralle se t\u00e4ydellinen loppuel\u00e4m\u00e4nkoti. Ja kun saa sielt\u00e4 kuulumisia, kuinka koira [&hellip;]<\/p>\n","protected":false},"author":25,"featured_media":0,"parent":798,"menu_order":0,"comment_status":"closed","ping_status":"closed","template":"","meta":{"_acf_changed":false,"footnotes":""},"class_list":["post-568","page","type-page","status-publish","hentry"],"acf":[],"yoast_head":"<!-- This site is optimized with the Yoast SEO plugin v27.1.1 - https:\/\/yoast.com\/product\/yoast-seo-wordpress\/ -->\n<title>Koiratoiminta - Salon seudun el\u00e4insuojeluyhdistys<\/title>\n<meta name=\"robots\" content=\"index, follow, max-snippet:-1, max-image-preview:large, max-video-preview:-1\" \/>\n<link rel=\"canonical\" href=\"https:\/\/sey.fi\/salo\/salon-elainsuojelu\/toiminta\/koiratoiminta\/\" \/>\n<meta property=\"og:locale\" content=\"fi_FI\" \/>\n<meta property=\"og:type\" content=\"article\" \/>\n<meta property=\"og:title\" content=\"Koiratoiminta - Salon seudun el\u00e4insuojeluyhdistys\" \/>\n<meta property=\"og:description\" content=\"Koiratoiminta koostuu koirien sijaiskodeista ja sijaiskotivastaavista, niin sanotusta koirakent\u00e4st\u00e4 sek\u00e4 l\u00f6yt\u00f6koirien lenkitysringist\u00e4. L\u00f6yt\u00f6koirien kanssa tekemisiss\u00e4 ollessa tulisi olla koiranlukutaitoa ja valmiutta k\u00e4sitell\u00e4 haastavampiakin koiria, sill\u00e4 l\u00f6yt\u00f6koirista l\u00f6ytyy monenlaista. Koiratiimiss\u00e4 vastaan tulee seuraavanlaisia teht\u00e4vi\u00e4: Jos kiinnostuit koiratoiminnasta, laita s\u00e4hk\u00f6postia koirapostiin! &#8221;Koiratoiminnassa kivointa ehdottomasti on l\u00f6yt\u00e4\u00e4 koiralle se t\u00e4ydellinen loppuel\u00e4m\u00e4nkoti. Ja kun saa sielt\u00e4 kuulumisia, kuinka koira [&hellip;]\" \/>\n<meta property=\"og:url\" content=\"https:\/\/sey.fi\/salo\/salon-elainsuojelu\/toiminta\/koiratoiminta\/\" \/>\n<meta property=\"og:site_name\" content=\"Salon seudun el\u00e4insuojeluyhdistys\" \/>\n<meta property=\"article:modified_time\" content=\"2024-04-30T11:19:34+00:00\" \/>\n<meta property=\"og:image\" content=\"https:\/\/sey.fi\/wp-content\/uploads\/sites\/28\/2023\/05\/quote_taru.jpg\" \/>\n<meta name=\"twitter:card\" content=\"summary_large_image\" \/>\n<meta name=\"twitter:label1\" content=\"Arvioitu lukuaika\" \/>\n\t<meta name=\"twitter:data1\" content=\"1 minuutti\" \/>\n<script type=\"application\/ld+json\" class=\"yoast-schema-graph\">{\"@context\":\"https:\/\/schema.org\",\"@graph\":[{\"@type\":\"WebPage\",\"@id\":\"https:\/\/sey.fi\/salo\/salon-elainsuojelu\/toiminta\/koiratoiminta\/\",\"url\":\"https:\/\/sey.fi\/salo\/salon-elainsuojelu\/toiminta\/koiratoiminta\/\",\"name\":\"Koiratoiminta - Salon seudun el\u00e4insuojeluyhdistys\",\"isPartOf\":{\"@id\":\"https:\/\/sey.fi\/salo\/#website\"},\"primaryImageOfPage\":{\"@id\":\"https:\/\/sey.fi\/salo\/salon-elainsuojelu\/toiminta\/koiratoiminta\/#primaryimage\"},\"image\":{\"@id\":\"https:\/\/sey.fi\/salo\/salon-elainsuojelu\/toiminta\/koiratoiminta\/#primaryimage\"},\"thumbnailUrl\":\"https:\/\/sey.fi\/wp-content\/uploads\/sites\/28\/2023\/05\/quote_taru.jpg\",\"datePublished\":\"2023-05-06T12:35:43+00:00\",\"dateModified\":\"2024-04-30T11:19:34+00:00\",\"breadcrumb\":{\"@id\":\"https:\/\/sey.fi\/salo\/salon-elainsuojelu\/toiminta\/koiratoiminta\/#breadcrumb\"},\"inLanguage\":\"fi\",\"potentialAction\":[{\"@type\":\"ReadAction\",\"target\":[\"https:\/\/sey.fi\/salo\/salon-elainsuojelu\/toiminta\/koiratoiminta\/\"]}]},{\"@type\":\"ImageObject\",\"inLanguage\":\"fi\",\"@id\":\"https:\/\/sey.fi\/salo\/salon-elainsuojelu\/toiminta\/koiratoiminta\/#primaryimage\",\"url\":\"https:\/\/sey.fi\/wp-content\/uploads\/sites\/28\/2023\/05\/quote_taru.jpg\",\"contentUrl\":\"https:\/\/sey.fi\/wp-content\/uploads\/sites\/28\/2023\/05\/quote_taru.jpg\"},{\"@type\":\"BreadcrumbList\",\"@id\":\"https:\/\/sey.fi\/salo\/salon-elainsuojelu\/toiminta\/koiratoiminta\/#breadcrumb\",\"itemListElement\":[{\"@type\":\"ListItem\",\"position\":1,\"name\":\"Home\",\"item\":\"https:\/\/sey.fi\/salo\/\"},{\"@type\":\"ListItem\",\"position\":2,\"name\":\"Salon Seudun El\u00e4insuojeluyhdistys\",\"item\":\"https:\/\/sey.fi\/salo\/\"},{\"@type\":\"ListItem\",\"position\":3,\"name\":\"Toiminta\",\"item\":\"https:\/\/sey.fi\/salo\/salon-elainsuojelu\/toiminta\/\"},{\"@type\":\"ListItem\",\"position\":4,\"name\":\"Koiratoiminta\"}]},{\"@type\":\"WebSite\",\"@id\":\"https:\/\/sey.fi\/salo\/#website\",\"url\":\"https:\/\/sey.fi\/salo\/\",\"name\":\"Salon seudun el\u00e4insuojeluyhdistys\",\"description\":\"Uusi SEY J\u00e4senyhdistykset -sivusto\",\"potentialAction\":[{\"@type\":\"SearchAction\",\"target\":{\"@type\":\"EntryPoint\",\"urlTemplate\":\"https:\/\/sey.fi\/salo\/?s={search_term_string}\"},\"query-input\":{\"@type\":\"PropertyValueSpecification\",\"valueRequired\":true,\"valueName\":\"search_term_string\"}}],\"inLanguage\":\"fi\"}]}<\/script>\n<!-- \/ Yoast SEO plugin. -->","yoast_head_json":{"title":"Koiratoiminta - Salon seudun el\u00e4insuojeluyhdistys","robots":{"index":"index","follow":"follow","max-snippet":"max-snippet:-1","max-image-preview":"max-image-preview:large","max-video-preview":"max-video-preview:-1"},"canonical":"https:\/\/sey.fi\/salo\/salon-elainsuojelu\/toiminta\/koiratoiminta\/","og_locale":"fi_FI","og_type":"article","og_title":"Koiratoiminta - Salon seudun el\u00e4insuojeluyhdistys","og_description":"Koiratoiminta koostuu koirien sijaiskodeista ja sijaiskotivastaavista, niin sanotusta koirakent\u00e4st\u00e4 sek\u00e4 l\u00f6yt\u00f6koirien lenkitysringist\u00e4. L\u00f6yt\u00f6koirien kanssa tekemisiss\u00e4 ollessa tulisi olla koiranlukutaitoa ja valmiutta k\u00e4sitell\u00e4 haastavampiakin koiria, sill\u00e4 l\u00f6yt\u00f6koirista l\u00f6ytyy monenlaista. Koiratiimiss\u00e4 vastaan tulee seuraavanlaisia teht\u00e4vi\u00e4: Jos kiinnostuit koiratoiminnasta, laita s\u00e4hk\u00f6postia koirapostiin! &#8221;Koiratoiminnassa kivointa ehdottomasti on l\u00f6yt\u00e4\u00e4 koiralle se t\u00e4ydellinen loppuel\u00e4m\u00e4nkoti. Ja kun saa sielt\u00e4 kuulumisia, kuinka koira [&hellip;]","og_url":"https:\/\/sey.fi\/salo\/salon-elainsuojelu\/toiminta\/koiratoiminta\/","og_site_name":"Salon seudun el\u00e4insuojeluyhdistys","article_modified_time":"2024-04-30T11:19:34+00:00","og_image":[{"url":"https:\/\/sey.fi\/wp-content\/uploads\/sites\/28\/2023\/05\/quote_taru.jpg","type":"","width":"","height":""}],"twitter_card":"summary_large_image","twitter_misc":{"Arvioitu lukuaika":"1 minuutti"},"schema":{"@context":"https:\/\/schema.org","@graph":[{"@type":"WebPage","@id":"https:\/\/sey.fi\/salo\/salon-elainsuojelu\/toiminta\/koiratoiminta\/","url":"https:\/\/sey.fi\/salo\/salon-elainsuojelu\/toiminta\/koiratoiminta\/","name":"Koiratoiminta - Salon seudun el\u00e4insuojeluyhdistys","isPartOf":{"@id":"https:\/\/sey.fi\/salo\/#website"},"primaryImageOfPage":{"@id":"https:\/\/sey.fi\/salo\/salon-elainsuojelu\/toiminta\/koiratoiminta\/#primaryimage"},"image":{"@id":"https:\/\/sey.fi\/salo\/salon-elainsuojelu\/toiminta\/koiratoiminta\/#primaryimage"},"thumbnailUrl":"https:\/\/sey.fi\/wp-content\/uploads\/sites\/28\/2023\/05\/quote_taru.jpg","datePublished":"2023-05-06T12:35:43+00:00","dateModified":"2024-04-30T11:19:34+00:00","breadcrumb":{"@id":"https:\/\/sey.fi\/salo\/salon-elainsuojelu\/toiminta\/koiratoiminta\/#breadcrumb"},"inLanguage":"fi","potentialAction":[{"@type":"ReadAction","target":["https:\/\/sey.fi\/salo\/salon-elainsuojelu\/toiminta\/koiratoiminta\/"]}]},{"@type":"ImageObject","inLanguage":"fi","@id":"https:\/\/sey.fi\/salo\/salon-elainsuojelu\/toiminta\/koiratoiminta\/#primaryimage","url":"https:\/\/sey.fi\/wp-content\/uploads\/sites\/28\/2023\/05\/quote_taru.jpg","contentUrl":"https:\/\/sey.fi\/wp-content\/uploads\/sites\/28\/2023\/05\/quote_taru.jpg"},{"@type":"BreadcrumbList","@id":"https:\/\/sey.fi\/salo\/salon-elainsuojelu\/toiminta\/koiratoiminta\/#breadcrumb","itemListElement":[{"@type":"ListItem","position":1,"name":"Home","item":"https:\/\/sey.fi\/salo\/"},{"@type":"ListItem","position":2,"name":"Salon Seudun El\u00e4insuojeluyhdistys","item":"https:\/\/sey.fi\/salo\/"},{"@type":"ListItem","position":3,"name":"Toiminta","item":"https:\/\/sey.fi\/salo\/salon-elainsuojelu\/toiminta\/"},{"@type":"ListItem","position":4,"name":"Koiratoiminta"}]},{"@type":"WebSite","@id":"https:\/\/sey.fi\/salo\/#website","url":"https:\/\/sey.fi\/salo\/","name":"Salon seudun el\u00e4insuojeluyhdistys","description":"Uusi SEY J\u00e4senyhdistykset -sivusto","potentialAction":[{"@type":"SearchAction","target":{"@type":"EntryPoint","urlTemplate":"https:\/\/sey.fi\/salo\/?s={search_term_string}"},"query-input":{"@type":"PropertyValueSpecification","valueRequired":true,"valueName":"search_term_string"}}],"inLanguage":"fi"}]}},"_links":{"self":[{"href":"https:\/\/sey.fi\/salo\/wp-json\/wp\/v2\/pages\/568","targetHints":{"allow":["GET"]}}],"collection":[{"href":"https:\/\/sey.fi\/salo\/wp-json\/wp\/v2\/pages"}],"about":[{"href":"https:\/\/sey.fi\/salo\/wp-json\/wp\/v2\/types\/page"}],"author":[{"embeddable":true,"href":"https:\/\/sey.fi\/salo\/wp-json\/wp\/v2\/users\/25"}],"replies":[{"embeddable":true,"href":"https:\/\/sey.fi\/salo\/wp-json\/wp\/v2\/comments?post=568"}],"version-history":[{"count":8,"href":"https:\/\/sey.fi\/salo\/wp-json\/wp\/v2\/pages\/568\/revisions"}],"predecessor-version":[{"id":1100,"href":"https:\/\/sey.fi\/salo\/wp-json\/wp\/v2\/pages\/568\/revisions\/1100"}],"up":[{"embeddable":true,"href":"https:\/\/sey.fi\/salo\/wp-json\/wp\/v2\/pages\/798"}],"wp:attachment":[{"href":"https:\/\/sey.fi\/salo\/wp-json\/wp\/v2\/media?parent=568"}],"curies":[{"name":"wp","href":"https:\/\/api.w.org\/{rel}","templated":true}]}}