{"id":570,"date":"2023-05-06T15:37:51","date_gmt":"2023-05-06T12:37:51","guid":{"rendered":"https:\/\/sey.fi\/salo\/?page_id=570"},"modified":"2024-04-30T14:22:00","modified_gmt":"2024-04-30T11:22:00","slug":"tapahtumat-ja-puuharyhma","status":"publish","type":"page","link":"https:\/\/sey.fi\/salo\/salon-elainsuojelu\/toiminta\/tapahtumat-ja-puuharyhma\/","title":{"rendered":"Tapahtumat ja puuharyhm\u00e4"},"content":{"rendered":"\n<p>Tapahtumissa edustamme SSEY:t\u00e4, tapaamme useita ihmisi\u00e4 ja kerromme toiminnastamme siit\u00e4 kiinnostuneille. Pid\u00e4mme usein tapahtumissa buffettia ja arpajaisia.<br>Ty\u00f6 sis\u00e4lt\u00e4\u00e4 jonkin verran nostoja, kyykistely\u00e4, kumartelua ja kantamista, joten kohtuullinen fyysinen kunto on eduksi.<\/p>\n\n\n\n<p>Puuharyhm\u00e4ss\u00e4 ideoimme ja teemme tapahtumissa myyt\u00e4vi\u00e4 k\u00e4sit\u00f6it\u00e4 ja leivonnaisia. P\u00e4\u00e4asiassa puuharyhm\u00e4l\u00e4iset tekev\u00e4t tuotteita kotona omalla ajallaan, mutta pyrimme my\u00f6s pit\u00e4m\u00e4\u00e4n tapaamisia ryhm\u00e4n kesken askartelun parissa. Tekemi\u00e4mme tuotteita myyd\u00e4\u00e4n tapahtumissa ja omilla tiloillamme, ja kaikki niist\u00e4 saatu tuotto menee suoraan el\u00e4inten hyv\u00e4ksi.<\/p>\n\n\n\n<p>Tapahtumatiimiin sis\u00e4ltyy my\u00f6s varainhankinta ja niiden kampanjoiden ideoiminen ja toteuttaminen.<\/p>\n\n\n\n<p>Tapahtumatiimi sopii hyvin sosiaalisille ja ihmisist\u00e4 pit\u00e4ville henkil\u00f6ille, ja puuharyhm\u00e4 kaikenlaisille idearikkaille k\u00e4dentaitajille ja leipojille. T\u00e4m\u00e4 osa-alue sopii hyvin my\u00f6s el\u00e4imille allergisille, jotka kuitenkin haluaisivat auttaa.<\/p>\n\n\n\n<p>J\u00e4ik\u00f6 tapahtumat tai Puuhis kiinnostamaan? Voit laittaa <a href=\"https:\/\/sey.fi\/salo\/salon-elainsuojelu\/yhteystiedot\/ssey-yhteystiedot\/\">s\u00e4hk\u00f6postia<\/a> yleiseen osoitteeseemme.<\/p>\n\n\n\n<hr class=\"wp-block-separator has-alpha-channel-opacity\" \/>\n\n\n<div class=\"wp-block-image is-style-rounded\">\n<figure class=\"aligncenter size-full is-resized\"><img loading=\"lazy\" decoding=\"async\" width=\"250\" height=\"250\" src=\"https:\/\/sey.fi\/wp-content\/uploads\/sites\/28\/2023\/06\/quote_marjo.jpg\" alt=\"Marjo ja pieni koira\" class=\"wp-image-929\" style=\"width:150px;height:150px\" srcset=\"https:\/\/sey.fi\/wp-content\/uploads\/sites\/28\/2023\/06\/quote_marjo.jpg 250w, https:\/\/sey.fi\/wp-content\/uploads\/sites\/28\/2023\/06\/quote_marjo-150x150.jpg 150w, https:\/\/sey.fi\/wp-content\/uploads\/sites\/28\/2023\/06\/quote_marjo-160x160.jpg 160w\" sizes=\"auto, (max-width: 250px) 100vw, 250px\" \/><\/figure><\/div>\n\n\n<p class=\"has-text-align-center\" style=\"font-size:16px\"><em>&#8221;Tapahtumatoiminnassa on parasta ja palkitsevinta se, ett\u00e4 yhdess\u00e4 tehd\u00e4\u00e4n ja myyd\u00e4\u00e4n tuotteita, joilla saadaan ker\u00e4tty\u00e4 varoja el\u00e4inten auttamiseksi.&#8221;<\/em><\/p>\n\n\n\n<p class=\"has-text-align-center has-small-font-size\">&#8211; Marjo, tapahtuma- ja varainhankintavastaava<\/p>\n","protected":false},"excerpt":{"rendered":"<p>Tapahtumissa edustamme SSEY:t\u00e4, tapaamme useita ihmisi\u00e4 ja kerromme toiminnastamme siit\u00e4 kiinnostuneille. Pid\u00e4mme usein tapahtumissa buffettia ja arpajaisia.Ty\u00f6 sis\u00e4lt\u00e4\u00e4 jonkin verran nostoja, kyykistely\u00e4, kumartelua ja kantamista, joten kohtuullinen fyysinen kunto on eduksi. Puuharyhm\u00e4ss\u00e4 ideoimme ja teemme tapahtumissa myyt\u00e4vi\u00e4 k\u00e4sit\u00f6it\u00e4 ja leivonnaisia. P\u00e4\u00e4asiassa puuharyhm\u00e4l\u00e4iset tekev\u00e4t tuotteita kotona omalla ajallaan, mutta pyrimme my\u00f6s pit\u00e4m\u00e4\u00e4n tapaamisia ryhm\u00e4n kesken askartelun [&hellip;]<\/p>\n","protected":false},"author":25,"featured_media":0,"parent":798,"menu_order":0,"comment_status":"closed","ping_status":"closed","template":"","meta":{"_acf_changed":false,"footnotes":""},"class_list":["post-570","page","type-page","status-publish","hentry"],"acf":[],"yoast_head":"<!-- This site is optimized with the Yoast SEO plugin v27.1.1 - https:\/\/yoast.com\/product\/yoast-seo-wordpress\/ -->\n<title>Tapahtumat ja puuharyhm\u00e4 - Salon seudun el\u00e4insuojeluyhdistys<\/title>\n<meta name=\"robots\" content=\"index, follow, max-snippet:-1, max-image-preview:large, max-video-preview:-1\" \/>\n<link rel=\"canonical\" href=\"https:\/\/sey.fi\/salo\/salon-elainsuojelu\/toiminta\/tapahtumat-ja-puuharyhma\/\" \/>\n<meta property=\"og:locale\" content=\"fi_FI\" \/>\n<meta property=\"og:type\" content=\"article\" \/>\n<meta property=\"og:title\" content=\"Tapahtumat ja puuharyhm\u00e4 - Salon seudun el\u00e4insuojeluyhdistys\" \/>\n<meta property=\"og:description\" content=\"Tapahtumissa edustamme SSEY:t\u00e4, tapaamme useita ihmisi\u00e4 ja kerromme toiminnastamme siit\u00e4 kiinnostuneille. Pid\u00e4mme usein tapahtumissa buffettia ja arpajaisia.Ty\u00f6 sis\u00e4lt\u00e4\u00e4 jonkin verran nostoja, kyykistely\u00e4, kumartelua ja kantamista, joten kohtuullinen fyysinen kunto on eduksi. Puuharyhm\u00e4ss\u00e4 ideoimme ja teemme tapahtumissa myyt\u00e4vi\u00e4 k\u00e4sit\u00f6it\u00e4 ja leivonnaisia. P\u00e4\u00e4asiassa puuharyhm\u00e4l\u00e4iset tekev\u00e4t tuotteita kotona omalla ajallaan, mutta pyrimme my\u00f6s pit\u00e4m\u00e4\u00e4n tapaamisia ryhm\u00e4n kesken askartelun [&hellip;]\" \/>\n<meta property=\"og:url\" content=\"https:\/\/sey.fi\/salo\/salon-elainsuojelu\/toiminta\/tapahtumat-ja-puuharyhma\/\" \/>\n<meta property=\"og:site_name\" content=\"Salon seudun el\u00e4insuojeluyhdistys\" \/>\n<meta property=\"article:modified_time\" content=\"2024-04-30T11:22:00+00:00\" \/>\n<meta property=\"og:image\" content=\"https:\/\/sey.fi\/wp-content\/uploads\/sites\/28\/2023\/06\/quote_marjo.jpg\" \/>\n<meta name=\"twitter:card\" content=\"summary_large_image\" \/>\n<meta name=\"twitter:label1\" content=\"Arvioitu lukuaika\" \/>\n\t<meta name=\"twitter:data1\" content=\"2 minuuttia\" \/>\n<script type=\"application\/ld+json\" class=\"yoast-schema-graph\">{\"@context\":\"https:\/\/schema.org\",\"@graph\":[{\"@type\":\"WebPage\",\"@id\":\"https:\/\/sey.fi\/salo\/salon-elainsuojelu\/toiminta\/tapahtumat-ja-puuharyhma\/\",\"url\":\"https:\/\/sey.fi\/salo\/salon-elainsuojelu\/toiminta\/tapahtumat-ja-puuharyhma\/\",\"name\":\"Tapahtumat ja puuharyhm\u00e4 - Salon seudun el\u00e4insuojeluyhdistys\",\"isPartOf\":{\"@id\":\"https:\/\/sey.fi\/salo\/#website\"},\"primaryImageOfPage\":{\"@id\":\"https:\/\/sey.fi\/salo\/salon-elainsuojelu\/toiminta\/tapahtumat-ja-puuharyhma\/#primaryimage\"},\"image\":{\"@id\":\"https:\/\/sey.fi\/salo\/salon-elainsuojelu\/toiminta\/tapahtumat-ja-puuharyhma\/#primaryimage\"},\"thumbnailUrl\":\"https:\/\/sey.fi\/wp-content\/uploads\/sites\/28\/2023\/06\/quote_marjo.jpg\",\"datePublished\":\"2023-05-06T12:37:51+00:00\",\"dateModified\":\"2024-04-30T11:22:00+00:00\",\"breadcrumb\":{\"@id\":\"https:\/\/sey.fi\/salo\/salon-elainsuojelu\/toiminta\/tapahtumat-ja-puuharyhma\/#breadcrumb\"},\"inLanguage\":\"fi\",\"potentialAction\":[{\"@type\":\"ReadAction\",\"target\":[\"https:\/\/sey.fi\/salo\/salon-elainsuojelu\/toiminta\/tapahtumat-ja-puuharyhma\/\"]}]},{\"@type\":\"ImageObject\",\"inLanguage\":\"fi\",\"@id\":\"https:\/\/sey.fi\/salo\/salon-elainsuojelu\/toiminta\/tapahtumat-ja-puuharyhma\/#primaryimage\",\"url\":\"https:\/\/sey.fi\/wp-content\/uploads\/sites\/28\/2023\/06\/quote_marjo.jpg\",\"contentUrl\":\"https:\/\/sey.fi\/wp-content\/uploads\/sites\/28\/2023\/06\/quote_marjo.jpg\"},{\"@type\":\"BreadcrumbList\",\"@id\":\"https:\/\/sey.fi\/salo\/salon-elainsuojelu\/toiminta\/tapahtumat-ja-puuharyhma\/#breadcrumb\",\"itemListElement\":[{\"@type\":\"ListItem\",\"position\":1,\"name\":\"Home\",\"item\":\"https:\/\/sey.fi\/salo\/\"},{\"@type\":\"ListItem\",\"position\":2,\"name\":\"Salon Seudun El\u00e4insuojeluyhdistys\",\"item\":\"https:\/\/sey.fi\/salo\/\"},{\"@type\":\"ListItem\",\"position\":3,\"name\":\"Toiminta\",\"item\":\"https:\/\/sey.fi\/salo\/salon-elainsuojelu\/toiminta\/\"},{\"@type\":\"ListItem\",\"position\":4,\"name\":\"Tapahtumat ja puuharyhm\u00e4\"}]},{\"@type\":\"WebSite\",\"@id\":\"https:\/\/sey.fi\/salo\/#website\",\"url\":\"https:\/\/sey.fi\/salo\/\",\"name\":\"Salon seudun el\u00e4insuojeluyhdistys\",\"description\":\"Uusi SEY J\u00e4senyhdistykset -sivusto\",\"potentialAction\":[{\"@type\":\"SearchAction\",\"target\":{\"@type\":\"EntryPoint\",\"urlTemplate\":\"https:\/\/sey.fi\/salo\/?s={search_term_string}\"},\"query-input\":{\"@type\":\"PropertyValueSpecification\",\"valueRequired\":true,\"valueName\":\"search_term_string\"}}],\"inLanguage\":\"fi\"}]}<\/script>\n<!-- \/ Yoast SEO plugin. -->","yoast_head_json":{"title":"Tapahtumat ja puuharyhm\u00e4 - Salon seudun el\u00e4insuojeluyhdistys","robots":{"index":"index","follow":"follow","max-snippet":"max-snippet:-1","max-image-preview":"max-image-preview:large","max-video-preview":"max-video-preview:-1"},"canonical":"https:\/\/sey.fi\/salo\/salon-elainsuojelu\/toiminta\/tapahtumat-ja-puuharyhma\/","og_locale":"fi_FI","og_type":"article","og_title":"Tapahtumat ja puuharyhm\u00e4 - Salon seudun el\u00e4insuojeluyhdistys","og_description":"Tapahtumissa edustamme SSEY:t\u00e4, tapaamme useita ihmisi\u00e4 ja kerromme toiminnastamme siit\u00e4 kiinnostuneille. Pid\u00e4mme usein tapahtumissa buffettia ja arpajaisia.Ty\u00f6 sis\u00e4lt\u00e4\u00e4 jonkin verran nostoja, kyykistely\u00e4, kumartelua ja kantamista, joten kohtuullinen fyysinen kunto on eduksi. Puuharyhm\u00e4ss\u00e4 ideoimme ja teemme tapahtumissa myyt\u00e4vi\u00e4 k\u00e4sit\u00f6it\u00e4 ja leivonnaisia. P\u00e4\u00e4asiassa puuharyhm\u00e4l\u00e4iset tekev\u00e4t tuotteita kotona omalla ajallaan, mutta pyrimme my\u00f6s pit\u00e4m\u00e4\u00e4n tapaamisia ryhm\u00e4n kesken askartelun [&hellip;]","og_url":"https:\/\/sey.fi\/salo\/salon-elainsuojelu\/toiminta\/tapahtumat-ja-puuharyhma\/","og_site_name":"Salon seudun el\u00e4insuojeluyhdistys","article_modified_time":"2024-04-30T11:22:00+00:00","og_image":[{"url":"https:\/\/sey.fi\/wp-content\/uploads\/sites\/28\/2023\/06\/quote_marjo.jpg","type":"","width":"","height":""}],"twitter_card":"summary_large_image","twitter_misc":{"Arvioitu lukuaika":"2 minuuttia"},"schema":{"@context":"https:\/\/schema.org","@graph":[{"@type":"WebPage","@id":"https:\/\/sey.fi\/salo\/salon-elainsuojelu\/toiminta\/tapahtumat-ja-puuharyhma\/","url":"https:\/\/sey.fi\/salo\/salon-elainsuojelu\/toiminta\/tapahtumat-ja-puuharyhma\/","name":"Tapahtumat ja puuharyhm\u00e4 - Salon seudun el\u00e4insuojeluyhdistys","isPartOf":{"@id":"https:\/\/sey.fi\/salo\/#website"},"primaryImageOfPage":{"@id":"https:\/\/sey.fi\/salo\/salon-elainsuojelu\/toiminta\/tapahtumat-ja-puuharyhma\/#primaryimage"},"image":{"@id":"https:\/\/sey.fi\/salo\/salon-elainsuojelu\/toiminta\/tapahtumat-ja-puuharyhma\/#primaryimage"},"thumbnailUrl":"https:\/\/sey.fi\/wp-content\/uploads\/sites\/28\/2023\/06\/quote_marjo.jpg","datePublished":"2023-05-06T12:37:51+00:00","dateModified":"2024-04-30T11:22:00+00:00","breadcrumb":{"@id":"https:\/\/sey.fi\/salo\/salon-elainsuojelu\/toiminta\/tapahtumat-ja-puuharyhma\/#breadcrumb"},"inLanguage":"fi","potentialAction":[{"@type":"ReadAction","target":["https:\/\/sey.fi\/salo\/salon-elainsuojelu\/toiminta\/tapahtumat-ja-puuharyhma\/"]}]},{"@type":"ImageObject","inLanguage":"fi","@id":"https:\/\/sey.fi\/salo\/salon-elainsuojelu\/toiminta\/tapahtumat-ja-puuharyhma\/#primaryimage","url":"https:\/\/sey.fi\/wp-content\/uploads\/sites\/28\/2023\/06\/quote_marjo.jpg","contentUrl":"https:\/\/sey.fi\/wp-content\/uploads\/sites\/28\/2023\/06\/quote_marjo.jpg"},{"@type":"BreadcrumbList","@id":"https:\/\/sey.fi\/salo\/salon-elainsuojelu\/toiminta\/tapahtumat-ja-puuharyhma\/#breadcrumb","itemListElement":[{"@type":"ListItem","position":1,"name":"Home","item":"https:\/\/sey.fi\/salo\/"},{"@type":"ListItem","position":2,"name":"Salon Seudun El\u00e4insuojeluyhdistys","item":"https:\/\/sey.fi\/salo\/"},{"@type":"ListItem","position":3,"name":"Toiminta","item":"https:\/\/sey.fi\/salo\/salon-elainsuojelu\/toiminta\/"},{"@type":"ListItem","position":4,"name":"Tapahtumat ja puuharyhm\u00e4"}]},{"@type":"WebSite","@id":"https:\/\/sey.fi\/salo\/#website","url":"https:\/\/sey.fi\/salo\/","name":"Salon seudun el\u00e4insuojeluyhdistys","description":"Uusi SEY J\u00e4senyhdistykset -sivusto","potentialAction":[{"@type":"SearchAction","target":{"@type":"EntryPoint","urlTemplate":"https:\/\/sey.fi\/salo\/?s={search_term_string}"},"query-input":{"@type":"PropertyValueSpecification","valueRequired":true,"valueName":"search_term_string"}}],"inLanguage":"fi"}]}},"_links":{"self":[{"href":"https:\/\/sey.fi\/salo\/wp-json\/wp\/v2\/pages\/570","targetHints":{"allow":["GET"]}}],"collection":[{"href":"https:\/\/sey.fi\/salo\/wp-json\/wp\/v2\/pages"}],"about":[{"href":"https:\/\/sey.fi\/salo\/wp-json\/wp\/v2\/types\/page"}],"author":[{"embeddable":true,"href":"https:\/\/sey.fi\/salo\/wp-json\/wp\/v2\/users\/25"}],"replies":[{"embeddable":true,"href":"https:\/\/sey.fi\/salo\/wp-json\/wp\/v2\/comments?post=570"}],"version-history":[{"count":6,"href":"https:\/\/sey.fi\/salo\/wp-json\/wp\/v2\/pages\/570\/revisions"}],"predecessor-version":[{"id":1102,"href":"https:\/\/sey.fi\/salo\/wp-json\/wp\/v2\/pages\/570\/revisions\/1102"}],"up":[{"embeddable":true,"href":"https:\/\/sey.fi\/salo\/wp-json\/wp\/v2\/pages\/798"}],"wp:attachment":[{"href":"https:\/\/sey.fi\/salo\/wp-json\/wp\/v2\/media?parent=570"}],"curies":[{"name":"wp","href":"https:\/\/api.w.org\/{rel}","templated":true}]}}