{"id":586,"date":"2023-05-07T10:06:57","date_gmt":"2023-05-07T07:06:57","guid":{"rendered":"https:\/\/sey.fi\/salo\/?page_id=586"},"modified":"2024-10-14T17:27:37","modified_gmt":"2024-10-14T14:27:37","slug":"kirpputori-ja-huutokauppa","status":"publish","type":"page","link":"https:\/\/sey.fi\/salo\/salon-elainsuojelu\/tue-toimintaa\/kirpputori-ja-huutokauppa\/","title":{"rendered":"Kirpputori ja huutokauppa"},"content":{"rendered":"\n<h2 class=\"wp-block-heading\">Kirpputoritoiminta<\/h2>\n\n\n\n<p>Yhdistyksell\u00e4 on Salon keskustan kirpputoreilla kaksi omaa p\u00f6yt\u00e4\u00e4, joiden tuotto menee suoraan el\u00e4insuojeluun.<\/p>\n\n\n\n<p><strong>SecondHandMarket<\/strong>: T\u00e4htel\u00e4nkatu 1, 24100 Salo. <strong>P\u00f6yt\u00e4 nro 110<\/strong>.<br>T\u00e4nne otetaan myyntiin myyntikuntoista ja ehj\u00e4\u00e4 <em>tavaraa<\/em>.<\/p>\n\n\n\n<p><strong>Radiokirppis: <\/strong>Helsingintie 22, 24100 Salo. <strong>P\u00f6yt\u00e4 nro 185<\/strong>.<br>Radiokirppikselle otetaan myyntiin valikoidusti my\u00f6s <em>vaatteita<\/em>.<\/p>\n\n\n\n<p>HUOM! Kun olet lahjoittamassa yhdistykselle tavaraa\/vaatteita, mietith\u00e4n aina, onko se edelleen myyntikuntoista ja ostaisitko sen itse kirppikselt\u00e4.<br>S\u00e4ilytystilamme myyntiin meneville kirpputoritavaroille ovat eritt\u00e4in rajalliset, joten kaikkea emme voi ottaa myyntiin. Kiitos ymm\u00e4rryksest\u00e4!<\/p>\n\n\n\n<h2 class=\"wp-block-heading\">Nettihuutokaupat<\/h2>\n\n\n\n<p>Yhdistyksell\u00e4 on Facebookissa <a href=\"https:\/\/www.facebook.com\/groups\/1060142894500671\" target=\"_blank\" rel=\"noreferrer noopener\">SSEY Tukihuutokauppa<\/a> -ryhm\u00e4, jossa j\u00e4rjestet\u00e4\u00e4n huutokauppoja muutaman kerran vuodessa. Huutokaupassa myynniss\u00e4 voi olla huonekaluja, sisustusesineit\u00e4, lasitavaraa, k\u00e4sit\u00f6it\u00e4, taidetta jne. Huutokauppaan osallistuminen vaatii Facebook-tilin sek\u00e4 ryhm\u00e4\u00e4n liittymisen.<\/p>\n\n\n\n<p>Voit osallistua huutokauppoihin joko huutamalla tuotteita tai lahjoittamalla niit\u00e4.<\/p>\n\n\n\n<p>Jos sinulla on lahjoitettavaa kirppikselle tai huutokauppaan,&nbsp;voit ottaa&nbsp;yhteytt\u00e4 <a href=\"https:\/\/sey.fi\/salo\/salon-elainsuojelu\/yhteystiedot\/ssey-yhteystiedot\/\">s\u00e4hk\u00f6postitse<\/a> yhdistyksen yleiseen s\u00e4hk\u00f6postiosoitteeseen.<\/p>\n","protected":false},"excerpt":{"rendered":"<p>Kirpputoritoiminta Yhdistyksell\u00e4 on Salon keskustan kirpputoreilla kaksi omaa p\u00f6yt\u00e4\u00e4, joiden tuotto menee suoraan el\u00e4insuojeluun. SecondHandMarket: T\u00e4htel\u00e4nkatu 1, 24100 Salo. P\u00f6yt\u00e4 nro 110.T\u00e4nne otetaan myyntiin myyntikuntoista ja ehj\u00e4\u00e4 tavaraa. Radiokirppis: Helsingintie 22, 24100 Salo. P\u00f6yt\u00e4 nro 185.Radiokirppikselle otetaan myyntiin valikoidusti my\u00f6s vaatteita. HUOM! Kun olet lahjoittamassa yhdistykselle tavaraa\/vaatteita, mietith\u00e4n aina, onko se edelleen myyntikuntoista ja ostaisitko [&hellip;]<\/p>\n","protected":false},"author":25,"featured_media":0,"parent":546,"menu_order":0,"comment_status":"closed","ping_status":"closed","template":"","meta":{"_acf_changed":false,"footnotes":""},"class_list":["post-586","page","type-page","status-publish","hentry"],"acf":[],"yoast_head":"<!-- This site is optimized with the Yoast SEO plugin v27.1.1 - https:\/\/yoast.com\/product\/yoast-seo-wordpress\/ -->\n<title>Kirpputori ja huutokauppa - Salon seudun el\u00e4insuojeluyhdistys<\/title>\n<meta name=\"description\" content=\"SSEY:n kirpputorip\u00f6yd\u00e4t l\u00f6ytyv\u00e4t Salon Secondhand Marketista ja Radiokirppikselt\u00e4. J\u00e4rjest\u00e4mme nettihuutokauppoja muutaman kerran vuodessa.\" \/>\n<meta name=\"robots\" content=\"index, follow, max-snippet:-1, max-image-preview:large, max-video-preview:-1\" \/>\n<link rel=\"canonical\" href=\"https:\/\/sey.fi\/salo\/salon-elainsuojelu\/tue-toimintaa\/kirpputori-ja-huutokauppa\/\" \/>\n<meta property=\"og:locale\" content=\"fi_FI\" \/>\n<meta property=\"og:type\" content=\"article\" \/>\n<meta property=\"og:title\" content=\"Kirpputori ja huutokauppa - Salon seudun el\u00e4insuojeluyhdistys\" \/>\n<meta property=\"og:description\" content=\"SSEY:n kirpputorip\u00f6yd\u00e4t l\u00f6ytyv\u00e4t Salon Secondhand Marketista ja Radiokirppikselt\u00e4. J\u00e4rjest\u00e4mme nettihuutokauppoja muutaman kerran vuodessa.\" \/>\n<meta property=\"og:url\" content=\"https:\/\/sey.fi\/salo\/salon-elainsuojelu\/tue-toimintaa\/kirpputori-ja-huutokauppa\/\" \/>\n<meta property=\"og:site_name\" content=\"Salon seudun el\u00e4insuojeluyhdistys\" \/>\n<meta property=\"article:modified_time\" content=\"2024-10-14T14:27:37+00:00\" \/>\n<meta name=\"twitter:card\" content=\"summary_large_image\" \/>\n<meta name=\"twitter:label1\" content=\"Arvioitu lukuaika\" \/>\n\t<meta name=\"twitter:data1\" content=\"1 minuutti\" \/>\n<script type=\"application\/ld+json\" class=\"yoast-schema-graph\">{\"@context\":\"https:\/\/schema.org\",\"@graph\":[{\"@type\":\"WebPage\",\"@id\":\"https:\/\/sey.fi\/salo\/salon-elainsuojelu\/tue-toimintaa\/kirpputori-ja-huutokauppa\/\",\"url\":\"https:\/\/sey.fi\/salo\/salon-elainsuojelu\/tue-toimintaa\/kirpputori-ja-huutokauppa\/\",\"name\":\"Kirpputori ja huutokauppa - Salon seudun el\u00e4insuojeluyhdistys\",\"isPartOf\":{\"@id\":\"https:\/\/sey.fi\/salo\/#website\"},\"datePublished\":\"2023-05-07T07:06:57+00:00\",\"dateModified\":\"2024-10-14T14:27:37+00:00\",\"description\":\"SSEY:n kirpputorip\u00f6yd\u00e4t l\u00f6ytyv\u00e4t Salon Secondhand Marketista ja Radiokirppikselt\u00e4. J\u00e4rjest\u00e4mme nettihuutokauppoja muutaman kerran vuodessa.\",\"breadcrumb\":{\"@id\":\"https:\/\/sey.fi\/salo\/salon-elainsuojelu\/tue-toimintaa\/kirpputori-ja-huutokauppa\/#breadcrumb\"},\"inLanguage\":\"fi\",\"potentialAction\":[{\"@type\":\"ReadAction\",\"target\":[\"https:\/\/sey.fi\/salo\/salon-elainsuojelu\/tue-toimintaa\/kirpputori-ja-huutokauppa\/\"]}]},{\"@type\":\"BreadcrumbList\",\"@id\":\"https:\/\/sey.fi\/salo\/salon-elainsuojelu\/tue-toimintaa\/kirpputori-ja-huutokauppa\/#breadcrumb\",\"itemListElement\":[{\"@type\":\"ListItem\",\"position\":1,\"name\":\"Home\",\"item\":\"https:\/\/sey.fi\/salo\/\"},{\"@type\":\"ListItem\",\"position\":2,\"name\":\"Salon Seudun El\u00e4insuojeluyhdistys\",\"item\":\"https:\/\/sey.fi\/salo\/\"},{\"@type\":\"ListItem\",\"position\":3,\"name\":\"Tue toimintaa\",\"item\":\"https:\/\/sey.fi\/salo\/salon-elainsuojelu\/tue-toimintaa\/\"},{\"@type\":\"ListItem\",\"position\":4,\"name\":\"Kirpputori ja huutokauppa\"}]},{\"@type\":\"WebSite\",\"@id\":\"https:\/\/sey.fi\/salo\/#website\",\"url\":\"https:\/\/sey.fi\/salo\/\",\"name\":\"Salon seudun el\u00e4insuojeluyhdistys\",\"description\":\"Uusi SEY J\u00e4senyhdistykset -sivusto\",\"potentialAction\":[{\"@type\":\"SearchAction\",\"target\":{\"@type\":\"EntryPoint\",\"urlTemplate\":\"https:\/\/sey.fi\/salo\/?s={search_term_string}\"},\"query-input\":{\"@type\":\"PropertyValueSpecification\",\"valueRequired\":true,\"valueName\":\"search_term_string\"}}],\"inLanguage\":\"fi\"}]}<\/script>\n<!-- \/ Yoast SEO plugin. -->","yoast_head_json":{"title":"Kirpputori ja huutokauppa - Salon seudun el\u00e4insuojeluyhdistys","description":"SSEY:n kirpputorip\u00f6yd\u00e4t l\u00f6ytyv\u00e4t Salon Secondhand Marketista ja Radiokirppikselt\u00e4. J\u00e4rjest\u00e4mme nettihuutokauppoja muutaman kerran vuodessa.","robots":{"index":"index","follow":"follow","max-snippet":"max-snippet:-1","max-image-preview":"max-image-preview:large","max-video-preview":"max-video-preview:-1"},"canonical":"https:\/\/sey.fi\/salo\/salon-elainsuojelu\/tue-toimintaa\/kirpputori-ja-huutokauppa\/","og_locale":"fi_FI","og_type":"article","og_title":"Kirpputori ja huutokauppa - Salon seudun el\u00e4insuojeluyhdistys","og_description":"SSEY:n kirpputorip\u00f6yd\u00e4t l\u00f6ytyv\u00e4t Salon Secondhand Marketista ja Radiokirppikselt\u00e4. J\u00e4rjest\u00e4mme nettihuutokauppoja muutaman kerran vuodessa.","og_url":"https:\/\/sey.fi\/salo\/salon-elainsuojelu\/tue-toimintaa\/kirpputori-ja-huutokauppa\/","og_site_name":"Salon seudun el\u00e4insuojeluyhdistys","article_modified_time":"2024-10-14T14:27:37+00:00","twitter_card":"summary_large_image","twitter_misc":{"Arvioitu lukuaika":"1 minuutti"},"schema":{"@context":"https:\/\/schema.org","@graph":[{"@type":"WebPage","@id":"https:\/\/sey.fi\/salo\/salon-elainsuojelu\/tue-toimintaa\/kirpputori-ja-huutokauppa\/","url":"https:\/\/sey.fi\/salo\/salon-elainsuojelu\/tue-toimintaa\/kirpputori-ja-huutokauppa\/","name":"Kirpputori ja huutokauppa - Salon seudun el\u00e4insuojeluyhdistys","isPartOf":{"@id":"https:\/\/sey.fi\/salo\/#website"},"datePublished":"2023-05-07T07:06:57+00:00","dateModified":"2024-10-14T14:27:37+00:00","description":"SSEY:n kirpputorip\u00f6yd\u00e4t l\u00f6ytyv\u00e4t Salon Secondhand Marketista ja Radiokirppikselt\u00e4. J\u00e4rjest\u00e4mme nettihuutokauppoja muutaman kerran vuodessa.","breadcrumb":{"@id":"https:\/\/sey.fi\/salo\/salon-elainsuojelu\/tue-toimintaa\/kirpputori-ja-huutokauppa\/#breadcrumb"},"inLanguage":"fi","potentialAction":[{"@type":"ReadAction","target":["https:\/\/sey.fi\/salo\/salon-elainsuojelu\/tue-toimintaa\/kirpputori-ja-huutokauppa\/"]}]},{"@type":"BreadcrumbList","@id":"https:\/\/sey.fi\/salo\/salon-elainsuojelu\/tue-toimintaa\/kirpputori-ja-huutokauppa\/#breadcrumb","itemListElement":[{"@type":"ListItem","position":1,"name":"Home","item":"https:\/\/sey.fi\/salo\/"},{"@type":"ListItem","position":2,"name":"Salon Seudun El\u00e4insuojeluyhdistys","item":"https:\/\/sey.fi\/salo\/"},{"@type":"ListItem","position":3,"name":"Tue toimintaa","item":"https:\/\/sey.fi\/salo\/salon-elainsuojelu\/tue-toimintaa\/"},{"@type":"ListItem","position":4,"name":"Kirpputori ja huutokauppa"}]},{"@type":"WebSite","@id":"https:\/\/sey.fi\/salo\/#website","url":"https:\/\/sey.fi\/salo\/","name":"Salon seudun el\u00e4insuojeluyhdistys","description":"Uusi SEY J\u00e4senyhdistykset -sivusto","potentialAction":[{"@type":"SearchAction","target":{"@type":"EntryPoint","urlTemplate":"https:\/\/sey.fi\/salo\/?s={search_term_string}"},"query-input":{"@type":"PropertyValueSpecification","valueRequired":true,"valueName":"search_term_string"}}],"inLanguage":"fi"}]}},"_links":{"self":[{"href":"https:\/\/sey.fi\/salo\/wp-json\/wp\/v2\/pages\/586","targetHints":{"allow":["GET"]}}],"collection":[{"href":"https:\/\/sey.fi\/salo\/wp-json\/wp\/v2\/pages"}],"about":[{"href":"https:\/\/sey.fi\/salo\/wp-json\/wp\/v2\/types\/page"}],"author":[{"embeddable":true,"href":"https:\/\/sey.fi\/salo\/wp-json\/wp\/v2\/users\/25"}],"replies":[{"embeddable":true,"href":"https:\/\/sey.fi\/salo\/wp-json\/wp\/v2\/comments?post=586"}],"version-history":[{"count":5,"href":"https:\/\/sey.fi\/salo\/wp-json\/wp\/v2\/pages\/586\/revisions"}],"predecessor-version":[{"id":1170,"href":"https:\/\/sey.fi\/salo\/wp-json\/wp\/v2\/pages\/586\/revisions\/1170"}],"up":[{"embeddable":true,"href":"https:\/\/sey.fi\/salo\/wp-json\/wp\/v2\/pages\/546"}],"wp:attachment":[{"href":"https:\/\/sey.fi\/salo\/wp-json\/wp\/v2\/media?parent=586"}],"curies":[{"name":"wp","href":"https:\/\/api.w.org\/{rel}","templated":true}]}}