{"id":588,"date":"2023-05-07T10:18:08","date_gmt":"2023-05-07T07:18:08","guid":{"rendered":"https:\/\/sey.fi\/salo\/?page_id=588"},"modified":"2024-06-12T11:17:12","modified_gmt":"2024-06-12T08:17:12","slug":"kotia-etsivat","status":"publish","type":"page","link":"https:\/\/sey.fi\/salo\/salon-elainsuojelu\/kotia-etsivat\/","title":{"rendered":"Kotia etsiv\u00e4t"},"content":{"rendered":"\n<p>Yhdistyksemme kotia etsiv\u00e4t el\u00e4imet l\u00f6ytyv\u00e4t <a href=\"https:\/\/www.facebook.com\/sseysalo\/\" target=\"_blank\" rel=\"noreferrer noopener\">Facebook-sivuiltamme<\/a>. Sinun ei tarvitse olla Facebookin rekister\u00f6itynyt k\u00e4ytt\u00e4j\u00e4 n\u00e4hd\u00e4ksesi ilmoitukset. Osa el\u00e4imist\u00e4 l\u00f6ytyy my\u00f6s <a href=\"https:\/\/kodittomat.info\/fi\/shelter\/view\/10001490\/salon-seudun-elainsuojeluyhdistys-ry\/\">Kodittomat.info<\/a>-sivustolta.<\/p>\n\n\n\n<p>Jos kotia etsivist\u00e4 ei juuri t\u00e4ll\u00e4 hetkell\u00e4 l\u00f6ydy sinulle sopivaa el\u00e4int\u00e4, voit l\u00e4hett\u00e4\u00e4 avoimen kotihakemuksen. Kaikki kotia etsiv\u00e4t kissat, etenk\u00e4\u00e4n pennut eiv\u00e4t v\u00e4ltt\u00e4m\u00e4tt\u00e4 ehdi nettiin asti, mik\u00e4li sopivia koteja on jonossa.<\/p>\n\n\n\n<p><strong>Avoimet kotihakemukset:<\/strong><br>Kissat: <a href=\"mailto:kissat@ssey.fi\">kissat@ssey.fi<\/a><br>Koirat: <a href=\"mailto:koirat@ssey.fi\">koirat@ssey.fi<\/a><br>Muut el\u00e4imet: <a href=\"mailto:ssey@ssey.fi\">ssey@ssey.fi<\/a><\/p>\n\n\n\n<p>Alempana lis\u00e4\u00e4 ohjeita adoptointia varten.<\/p>\n\n\n<div class=\"wp-block-image\">\n<figure class=\"aligncenter size-medium\"><img loading=\"lazy\" decoding=\"async\" width=\"300\" height=\"300\" src=\"https:\/\/sey.fi\/wp-content\/uploads\/sites\/28\/2024\/04\/salon-seudun-elainsuojeluyhdistys-kissaystavat-300x300.jpg\" alt=\"\" class=\"wp-image-1086\" style=\"object-fit:cover\" srcset=\"https:\/\/sey.fi\/wp-content\/uploads\/sites\/28\/2024\/04\/salon-seudun-elainsuojeluyhdistys-kissaystavat-300x300.jpg 300w, https:\/\/sey.fi\/wp-content\/uploads\/sites\/28\/2024\/04\/salon-seudun-elainsuojeluyhdistys-kissaystavat-1024x1024.jpg 1024w, https:\/\/sey.fi\/wp-content\/uploads\/sites\/28\/2024\/04\/salon-seudun-elainsuojeluyhdistys-kissaystavat-150x150.jpg 150w, https:\/\/sey.fi\/wp-content\/uploads\/sites\/28\/2024\/04\/salon-seudun-elainsuojeluyhdistys-kissaystavat-768x768.jpg 768w, https:\/\/sey.fi\/wp-content\/uploads\/sites\/28\/2024\/04\/salon-seudun-elainsuojeluyhdistys-kissaystavat-160x160.jpg 160w, https:\/\/sey.fi\/wp-content\/uploads\/sites\/28\/2024\/04\/salon-seudun-elainsuojeluyhdistys-kissaystavat.jpg 1080w\" sizes=\"auto, (max-width: 300px) 100vw, 300px\" \/><\/figure><\/div>\n\n\n<h2 class=\"wp-block-heading\">Yleisi\u00e4 ohjeita el\u00e4imen adoptointiin SSEY:lt\u00e4<\/h2>\n\n\n\n<p>Kokosimme muutamia yleisi\u00e4 ohjenuoria adoptioprosessin k\u00e4ynnist\u00e4miseksi, jotta se olisi molemmin puolin sujuvaa. Luethan n\u00e4m\u00e4 jo ennen yhteydenottoa, kiitos <img loading=\"lazy\" decoding=\"async\" height=\"16\" width=\"16\" src=\"https:\/\/static.xx.fbcdn.net\/images\/emoji.php\/v9\/td8\/1.5\/16\/1f60a.png\" alt=\"\ud83d\ude0a\"><\/p>\n\n\n\n<p>Huomioithan, ett\u00e4 my\u00f6s adoptioista vastaavat vapaaehtoisemme tekev\u00e4t ty\u00f6t\u00e4\u00e4n omalla vapaa-ajalla ja muun el\u00e4m\u00e4n ohessa. <strong>Emme siis v\u00e4ltt\u00e4m\u00e4tt\u00e4 pysty vastaamaan tiedusteluihin v\u00e4litt\u00f6m\u00e4sti.<\/strong> Annathan vastaukselle aikaa. Joissakin tilanteissa vastaus vaatii erilaisia selvityst\u00f6it\u00e4 muilta vapaaehtoisiltamme.<\/p>\n\n\n\n<p>Mieti jo ennakkoon, <strong>onko el\u00e4m\u00e4ntilanteesi ja motivaatiosi sellainen, ett\u00e4 pystyt adoptoimaan el\u00e4imen ja sitoutumaan siihen koko sen elini\u00e4ksi.<\/strong> Muutokset kuuluvat el\u00e4m\u00e4\u00e4n ja joskus sen vuoksi lemmikit meille palautuvatkin, mutta emme haluaisi palautuksia vain siksi, ett\u00e4 kiinnostus el\u00e4int\u00e4 kohtaan hiipuu.<\/p>\n\n\n\n<p><strong>Eth\u00e4n kysy adoptioista puhelimitse<\/strong>, ellei esimerkiksi kodinetsint\u00e4ilmoituksessa ole ilmoitettu puhelinnumeroa. Puhelinp\u00e4ivyst\u00e4j\u00e4mme eiv\u00e4t v\u00e4ltt\u00e4m\u00e4tt\u00e4 osaa kertoa juuri sen hetkisist\u00e4 kodittomista el\u00e4imist\u00e4 mit\u00e4\u00e4n. P\u00e4ivyst\u00e4j\u00e4t voivat parhaimmassa tapauksessa ottaa vain yhteydenottopyynn\u00f6n, joten helpommalla p\u00e4\u00e4set, kun laitat suoraan <a href=\"https:\/\/sey.fi\/salo\/salon-elainsuojelu\/yhteystiedot\/ssey-yhteystiedot\/\">s\u00e4hk\u00f6postia<\/a> adoptioista vastaaville.<\/p>\n\n\n\n<p><strong>\u00c4l\u00e4 l\u00e4het\u00e4 kotihakemusta, ellet ole valmis jatkamaan keskustelua ja mahdollisesti adoptioprosessia.<\/strong> N\u00e4ihin s\u00e4hk\u00f6posteihin vastaaminen vie aina aikaa vapaaehtoisiltamme, ja on ik\u00e4v\u00e4\u00e4 jollei meille en\u00e4\u00e4 ensimm\u00e4isen yhteydenoton j\u00e4lkeen vastata. Kerrothan my\u00f6s avoimesti jos sinulla on samaan aikaan haku p\u00e4\u00e4ll\u00e4 useampiin yhdistyksiin. Toivomme kuitenkin, ett\u00e4 sopivaa lemmikki\u00e4 kysytt\u00e4isi vain yhdest\u00e4 yhdistyksest\u00e4 kerrallaan, sill\u00e4 l\u00e4hes jokainen Suomessa toimiva el\u00e4insuojeluyhdistys toimii vapaaehtoisvoimin rajattujen resurssien puitteissa.<\/p>\n\n\n\n<p><strong>Kissapuolella kotiselvityslomakkeen t\u00e4ytt\u00e4minen on edellytys adoptiolistalle p\u00e4\u00e4semiselle<\/strong>, ja lomake pyydet\u00e4\u00e4n t\u00e4ytt\u00e4m\u00e4\u00e4n vasta kun s\u00e4hk\u00f6postiyhteys on avattu. Huolellisesti laadittu kotihakemus-s\u00e4hk\u00f6posti sek\u00e4 ajatuksella luettu ja t\u00e4ytetty kotiselvityslomake kertovat meille, ett\u00e4 kotiehdokas on tosissaan liikkeell\u00e4.<\/p>\n\n\n\n<p>Jos et tule valituksi uudeksi kodiksi juuri sille el\u00e4imelle, jolle laitoit hakemuksen, saatat silti olla mainio uusi koti jollekin toiselle el\u00e4imellemme. T\u00e4ll\u00f6in saatamme samantien ehdottaa sinulle jotakuta toista, tai kysy\u00e4 haluatko j\u00e4\u00e4d\u00e4 odottamaan sopivampaa el\u00e4int\u00e4. Adoptiotiimill\u00e4mme on vuosien kokemus el\u00e4inten yhdist\u00e4misest\u00e4 juuri oikeanlaisiin perheisiin, joten suosittelemmekin pit\u00e4m\u00e4\u00e4n mielen avoimena. Siksi etenkin avoimien kotihakemusten kohdalla onkin eritt\u00e4in t\u00e4rke\u00e4\u00e4 kertoa, jos on valmis joustamaan joistakin kriteereist\u00e4, kuten ik\u00e4, v\u00e4ri tai sukupuoli. <strong>Mit\u00e4 tiukemmat kriteerit el\u00e4imelle sinulla itsell\u00e4si on, sit\u00e4 luultavammin joudut odottelemaan pidemp\u00e4\u00e4n<\/strong><em>.<\/em><\/p>\n\n\n<div class=\"wp-block-image\">\n<figure class=\"aligncenter size-medium\"><img loading=\"lazy\" decoding=\"async\" width=\"300\" height=\"300\" src=\"https:\/\/sey.fi\/wp-content\/uploads\/sites\/28\/2024\/04\/salon-seudun-elainsuojeluyhdistys-musta-kissa-300x300.jpg\" alt=\"\" class=\"wp-image-1087\" style=\"object-fit:cover\" srcset=\"https:\/\/sey.fi\/wp-content\/uploads\/sites\/28\/2024\/04\/salon-seudun-elainsuojeluyhdistys-musta-kissa-300x300.jpg 300w, https:\/\/sey.fi\/wp-content\/uploads\/sites\/28\/2024\/04\/salon-seudun-elainsuojeluyhdistys-musta-kissa-150x150.jpg 150w, https:\/\/sey.fi\/wp-content\/uploads\/sites\/28\/2024\/04\/salon-seudun-elainsuojeluyhdistys-musta-kissa-768x768.jpg 768w, https:\/\/sey.fi\/wp-content\/uploads\/sites\/28\/2024\/04\/salon-seudun-elainsuojeluyhdistys-musta-kissa-160x160.jpg 160w, https:\/\/sey.fi\/wp-content\/uploads\/sites\/28\/2024\/04\/salon-seudun-elainsuojeluyhdistys-musta-kissa.jpg 828w\" sizes=\"auto, (max-width: 300px) 100vw, 300px\" \/><\/figure><\/div>\n\n\n<h2 class=\"wp-block-heading\">Miksi adoptoida el\u00e4insuojeluyhdistykselt\u00e4?<\/h2>\n\n\n\n<p>El\u00e4insuojeluyhdistykselt\u00e4 el\u00e4imen adoptointi on arvovalinta. SSEY:lle tulee el\u00e4imi\u00e4 hyvin erilaisista olosuhteista; ne voivat olla kaltoinkohdeltuja, luontoon hyl\u00e4ttyj\u00e4 tai kilttej\u00e4 ja kesyj\u00e4 kodinvaihtajia. Yhdistykselt\u00e4mme l\u00f6ytyy lemmikkej\u00e4 monenlaisiin perheisiin, joten kannattaa ehdottomasti tiedustella josko t\u00e4ydellinen pari l\u00f6ytyisi. SSEY:lt\u00e4 adoptoidessa tarjoat el\u00e4imelle uuden mahdollisuuden el\u00e4m\u00e4\u00e4n, ja saat yhdistyksemme tuen.<\/p>\n\n\n\n<p>Moni SSEY:lle tulevista kissoista on tullessaan eritt\u00e4in arkoja. Ne asuvat sijaiskodeissa, miss\u00e4 kissoja pyrit\u00e4\u00e4n rohkaisemaan mahdollisimman paljon ja lempe\u00e4sti. Pyrimme kuitenkin aloittamaan kodinetsinn\u00e4n jo melko aikaisessa vaiheessa, sill\u00e4 usein lopulliset, isot kehitysharppaukset otetaankin vasta loppuel\u00e4m\u00e4nkodissa. T\u00e4st\u00e4 syyst\u00e4 ei kannata pel\u00e4t\u00e4 arkojenkaan kissojen adoptointia, sill\u00e4 ne rohkaistuvat kyll\u00e4. Joillakin se ottaa enemm\u00e4n aikaa, ja jotkut rohkaistuvat hetkess\u00e4 oman ihmisen kanssa.<\/p>\n\n\n\n<p>Kiitos teille loppuel\u00e4m\u00e4nkodeille, jotka laitatte el\u00e4imist\u00e4 kuulumisia! On uskomatonta n\u00e4hd\u00e4 huikeita edistysaskelia ja kuulla, miten joskus meill\u00e4 hoidossa olleella el\u00e4imell\u00e4 menee nykyisin. Se auttaa meit\u00e4 jaksamaan, sill\u00e4 el\u00e4insuojeluty\u00f6 ei lopu koskaan.<\/p>\n\n\n\n<hr class=\"wp-block-separator has-alpha-channel-opacity\" \/>\n\n\n\n<p><em>&#8221;SSEY:lt\u00e4 adoptointi sujui tosi hyvin ja vaivattomasti. Yhteydenpito toimi koko ajan loistavasti. Erityisen mukavaa oli saada kuulumisia kuvien ja videoiden muodossa, kun kissa varttui sijaiskodissa. Selke\u00e4sti my\u00f6s huolehdittiin, ett\u00e4 kissa saa hyv\u00e4n kodin. Adoptoinnin j\u00e4lkeen my\u00f6s mukavaa, kun saa viestitell\u00e4 ja itse kertoa kuulumisia kissan loppuel\u00e4m\u00e4n kodista <img loading=\"lazy\" decoding=\"async\" height=\"16\" width=\"16\" src=\"https:\/\/static.xx.fbcdn.net\/images\/emoji.php\/v9\/tf3\/1.5\/16\/2764.png\" alt=\"\u2764\">&#8221;<\/em><br>&#8211; Saara, SSEY:lt\u00e4 adoptoinut<\/p>\n\n\n\n<p><em>&#8221;Adoptio SSEY:lt\u00e4 sujui joustavasti ja selke\u00e4sti. Meille osattiin ehdottaa kissaa, jollaista en itse olisi hoksannut edes kysy\u00e4! H\u00e4n on perheeseemme t\u00e4ydellinen <img loading=\"lazy\" decoding=\"async\" height=\"16\" width=\"16\" src=\"https:\/\/static.xx.fbcdn.net\/images\/emoji.php\/v9\/tf3\/1.5\/16\/2764.png\" alt=\"\u2764\"> Kaikesta huokuu se, ett\u00e4 SSEY:n vapaaehtoiset tekev\u00e4t ty\u00f6t\u00e4\u00e4n t\u00e4ydest\u00e4 syd\u00e4mest\u00e4\u00e4n. Jokainen el\u00e4in on teille t\u00e4rke\u00e4 ja merkityksellinen my\u00f6s adoption j\u00e4lkeen.&#8221;<\/em><br>&#8211; Anne, SSEY:lt\u00e4 adoptoinut<\/p>\n\n\n\n<p><em>&#8221;Adoptioprosessi oli mielest\u00e4ni selke\u00e4; ohjeet oli selke\u00e4t, miten edet\u00e4\u00e4n. Oli ihanaa, ett\u00e4 pentuja p\u00e4\u00e4si katsomaan ennen lopullista p\u00e4\u00e4t\u00f6st\u00e4. Teit\u00e4 my\u00f6s aidosti kiinnostaa, mit\u00e4 adoptoiduille el\u00e4imille kuuluu. Oli my\u00f6s ihana l\u00e4hte\u00e4 kotiin niin, ett\u00e4 mukana oli &#8217;pentupaketti&#8217;.&#8221;<\/em><br>&#8211; Saija, SSEY:lt\u00e4 adoptoinut<\/p>\n","protected":false},"excerpt":{"rendered":"<p>Yhdistyksemme kotia etsiv\u00e4t el\u00e4imet l\u00f6ytyv\u00e4t Facebook-sivuiltamme. Sinun ei tarvitse olla Facebookin rekister\u00f6itynyt k\u00e4ytt\u00e4j\u00e4 n\u00e4hd\u00e4ksesi ilmoitukset. Osa el\u00e4imist\u00e4 l\u00f6ytyy my\u00f6s Kodittomat.info-sivustolta. Jos kotia etsivist\u00e4 ei juuri t\u00e4ll\u00e4 hetkell\u00e4 l\u00f6ydy sinulle sopivaa el\u00e4int\u00e4, voit l\u00e4hett\u00e4\u00e4 avoimen kotihakemuksen. Kaikki kotia etsiv\u00e4t kissat, etenk\u00e4\u00e4n pennut eiv\u00e4t v\u00e4ltt\u00e4m\u00e4tt\u00e4 ehdi nettiin asti, mik\u00e4li sopivia koteja on jonossa. Avoimet kotihakemukset:Kissat: kissat@ssey.fiKoirat: koirat@ssey.fiMuut [&hellip;]<\/p>\n","protected":false},"author":25,"featured_media":0,"parent":2,"menu_order":0,"comment_status":"closed","ping_status":"closed","template":"","meta":{"_acf_changed":false,"footnotes":""},"class_list":["post-588","page","type-page","status-publish","hentry"],"acf":[],"yoast_head":"<!-- This site is optimized with the Yoast SEO plugin v27.1.1 - https:\/\/yoast.com\/product\/yoast-seo-wordpress\/ -->\n<title>Kotia etsiv\u00e4t - Salon seudun el\u00e4insuojeluyhdistys<\/title>\n<meta name=\"robots\" content=\"index, follow, max-snippet:-1, max-image-preview:large, max-video-preview:-1\" \/>\n<link rel=\"canonical\" href=\"https:\/\/sey.fi\/salo\/salon-elainsuojelu\/kotia-etsivat\/\" \/>\n<meta property=\"og:locale\" content=\"fi_FI\" \/>\n<meta property=\"og:type\" content=\"article\" \/>\n<meta property=\"og:title\" content=\"Kotia etsiv\u00e4t - Salon seudun el\u00e4insuojeluyhdistys\" \/>\n<meta property=\"og:description\" content=\"Yhdistyksemme kotia etsiv\u00e4t el\u00e4imet l\u00f6ytyv\u00e4t Facebook-sivuiltamme. Sinun ei tarvitse olla Facebookin rekister\u00f6itynyt k\u00e4ytt\u00e4j\u00e4 n\u00e4hd\u00e4ksesi ilmoitukset. Osa el\u00e4imist\u00e4 l\u00f6ytyy my\u00f6s Kodittomat.info-sivustolta. Jos kotia etsivist\u00e4 ei juuri t\u00e4ll\u00e4 hetkell\u00e4 l\u00f6ydy sinulle sopivaa el\u00e4int\u00e4, voit l\u00e4hett\u00e4\u00e4 avoimen kotihakemuksen. Kaikki kotia etsiv\u00e4t kissat, etenk\u00e4\u00e4n pennut eiv\u00e4t v\u00e4ltt\u00e4m\u00e4tt\u00e4 ehdi nettiin asti, mik\u00e4li sopivia koteja on jonossa. Avoimet kotihakemukset:Kissat: kissat@ssey.fiKoirat: koirat@ssey.fiMuut [&hellip;]\" \/>\n<meta property=\"og:url\" content=\"https:\/\/sey.fi\/salo\/salon-elainsuojelu\/kotia-etsivat\/\" \/>\n<meta property=\"og:site_name\" content=\"Salon seudun el\u00e4insuojeluyhdistys\" \/>\n<meta property=\"article:modified_time\" content=\"2024-06-12T08:17:12+00:00\" \/>\n<meta property=\"og:image\" content=\"https:\/\/sey.fi\/wp-content\/uploads\/sites\/28\/2024\/04\/salon-seudun-elainsuojeluyhdistys-kissaystavat-300x300.jpg\" \/>\n<meta name=\"twitter:card\" content=\"summary_large_image\" \/>\n<meta name=\"twitter:label1\" content=\"Arvioitu lukuaika\" \/>\n\t<meta name=\"twitter:data1\" content=\"5 minuuttia\" \/>\n<script type=\"application\/ld+json\" class=\"yoast-schema-graph\">{\"@context\":\"https:\/\/schema.org\",\"@graph\":[{\"@type\":\"WebPage\",\"@id\":\"https:\/\/sey.fi\/salo\/salon-elainsuojelu\/kotia-etsivat\/\",\"url\":\"https:\/\/sey.fi\/salo\/salon-elainsuojelu\/kotia-etsivat\/\",\"name\":\"Kotia etsiv\u00e4t - Salon seudun el\u00e4insuojeluyhdistys\",\"isPartOf\":{\"@id\":\"https:\/\/sey.fi\/salo\/#website\"},\"primaryImageOfPage\":{\"@id\":\"https:\/\/sey.fi\/salo\/salon-elainsuojelu\/kotia-etsivat\/#primaryimage\"},\"image\":{\"@id\":\"https:\/\/sey.fi\/salo\/salon-elainsuojelu\/kotia-etsivat\/#primaryimage\"},\"thumbnailUrl\":\"https:\/\/sey.fi\/wp-content\/uploads\/sites\/28\/2024\/04\/salon-seudun-elainsuojeluyhdistys-kissaystavat-300x300.jpg\",\"datePublished\":\"2023-05-07T07:18:08+00:00\",\"dateModified\":\"2024-06-12T08:17:12+00:00\",\"breadcrumb\":{\"@id\":\"https:\/\/sey.fi\/salo\/salon-elainsuojelu\/kotia-etsivat\/#breadcrumb\"},\"inLanguage\":\"fi\",\"potentialAction\":[{\"@type\":\"ReadAction\",\"target\":[\"https:\/\/sey.fi\/salo\/salon-elainsuojelu\/kotia-etsivat\/\"]}]},{\"@type\":\"ImageObject\",\"inLanguage\":\"fi\",\"@id\":\"https:\/\/sey.fi\/salo\/salon-elainsuojelu\/kotia-etsivat\/#primaryimage\",\"url\":\"https:\/\/sey.fi\/wp-content\/uploads\/sites\/28\/2024\/04\/salon-seudun-elainsuojeluyhdistys-kissaystavat-300x300.jpg\",\"contentUrl\":\"https:\/\/sey.fi\/wp-content\/uploads\/sites\/28\/2024\/04\/salon-seudun-elainsuojeluyhdistys-kissaystavat-300x300.jpg\"},{\"@type\":\"BreadcrumbList\",\"@id\":\"https:\/\/sey.fi\/salo\/salon-elainsuojelu\/kotia-etsivat\/#breadcrumb\",\"itemListElement\":[{\"@type\":\"ListItem\",\"position\":1,\"name\":\"Home\",\"item\":\"https:\/\/sey.fi\/salo\/\"},{\"@type\":\"ListItem\",\"position\":2,\"name\":\"Salon Seudun El\u00e4insuojeluyhdistys\",\"item\":\"https:\/\/sey.fi\/salo\/\"},{\"@type\":\"ListItem\",\"position\":3,\"name\":\"Kotia etsiv\u00e4t\"}]},{\"@type\":\"WebSite\",\"@id\":\"https:\/\/sey.fi\/salo\/#website\",\"url\":\"https:\/\/sey.fi\/salo\/\",\"name\":\"Salon seudun el\u00e4insuojeluyhdistys\",\"description\":\"Uusi SEY J\u00e4senyhdistykset -sivusto\",\"potentialAction\":[{\"@type\":\"SearchAction\",\"target\":{\"@type\":\"EntryPoint\",\"urlTemplate\":\"https:\/\/sey.fi\/salo\/?s={search_term_string}\"},\"query-input\":{\"@type\":\"PropertyValueSpecification\",\"valueRequired\":true,\"valueName\":\"search_term_string\"}}],\"inLanguage\":\"fi\"}]}<\/script>\n<!-- \/ Yoast SEO plugin. -->","yoast_head_json":{"title":"Kotia etsiv\u00e4t - Salon seudun el\u00e4insuojeluyhdistys","robots":{"index":"index","follow":"follow","max-snippet":"max-snippet:-1","max-image-preview":"max-image-preview:large","max-video-preview":"max-video-preview:-1"},"canonical":"https:\/\/sey.fi\/salo\/salon-elainsuojelu\/kotia-etsivat\/","og_locale":"fi_FI","og_type":"article","og_title":"Kotia etsiv\u00e4t - Salon seudun el\u00e4insuojeluyhdistys","og_description":"Yhdistyksemme kotia etsiv\u00e4t el\u00e4imet l\u00f6ytyv\u00e4t Facebook-sivuiltamme. Sinun ei tarvitse olla Facebookin rekister\u00f6itynyt k\u00e4ytt\u00e4j\u00e4 n\u00e4hd\u00e4ksesi ilmoitukset. Osa el\u00e4imist\u00e4 l\u00f6ytyy my\u00f6s Kodittomat.info-sivustolta. Jos kotia etsivist\u00e4 ei juuri t\u00e4ll\u00e4 hetkell\u00e4 l\u00f6ydy sinulle sopivaa el\u00e4int\u00e4, voit l\u00e4hett\u00e4\u00e4 avoimen kotihakemuksen. Kaikki kotia etsiv\u00e4t kissat, etenk\u00e4\u00e4n pennut eiv\u00e4t v\u00e4ltt\u00e4m\u00e4tt\u00e4 ehdi nettiin asti, mik\u00e4li sopivia koteja on jonossa. Avoimet kotihakemukset:Kissat: kissat@ssey.fiKoirat: koirat@ssey.fiMuut [&hellip;]","og_url":"https:\/\/sey.fi\/salo\/salon-elainsuojelu\/kotia-etsivat\/","og_site_name":"Salon seudun el\u00e4insuojeluyhdistys","article_modified_time":"2024-06-12T08:17:12+00:00","og_image":[{"url":"https:\/\/sey.fi\/wp-content\/uploads\/sites\/28\/2024\/04\/salon-seudun-elainsuojeluyhdistys-kissaystavat-300x300.jpg","type":"","width":"","height":""}],"twitter_card":"summary_large_image","twitter_misc":{"Arvioitu lukuaika":"5 minuuttia"},"schema":{"@context":"https:\/\/schema.org","@graph":[{"@type":"WebPage","@id":"https:\/\/sey.fi\/salo\/salon-elainsuojelu\/kotia-etsivat\/","url":"https:\/\/sey.fi\/salo\/salon-elainsuojelu\/kotia-etsivat\/","name":"Kotia etsiv\u00e4t - Salon seudun el\u00e4insuojeluyhdistys","isPartOf":{"@id":"https:\/\/sey.fi\/salo\/#website"},"primaryImageOfPage":{"@id":"https:\/\/sey.fi\/salo\/salon-elainsuojelu\/kotia-etsivat\/#primaryimage"},"image":{"@id":"https:\/\/sey.fi\/salo\/salon-elainsuojelu\/kotia-etsivat\/#primaryimage"},"thumbnailUrl":"https:\/\/sey.fi\/wp-content\/uploads\/sites\/28\/2024\/04\/salon-seudun-elainsuojeluyhdistys-kissaystavat-300x300.jpg","datePublished":"2023-05-07T07:18:08+00:00","dateModified":"2024-06-12T08:17:12+00:00","breadcrumb":{"@id":"https:\/\/sey.fi\/salo\/salon-elainsuojelu\/kotia-etsivat\/#breadcrumb"},"inLanguage":"fi","potentialAction":[{"@type":"ReadAction","target":["https:\/\/sey.fi\/salo\/salon-elainsuojelu\/kotia-etsivat\/"]}]},{"@type":"ImageObject","inLanguage":"fi","@id":"https:\/\/sey.fi\/salo\/salon-elainsuojelu\/kotia-etsivat\/#primaryimage","url":"https:\/\/sey.fi\/wp-content\/uploads\/sites\/28\/2024\/04\/salon-seudun-elainsuojeluyhdistys-kissaystavat-300x300.jpg","contentUrl":"https:\/\/sey.fi\/wp-content\/uploads\/sites\/28\/2024\/04\/salon-seudun-elainsuojeluyhdistys-kissaystavat-300x300.jpg"},{"@type":"BreadcrumbList","@id":"https:\/\/sey.fi\/salo\/salon-elainsuojelu\/kotia-etsivat\/#breadcrumb","itemListElement":[{"@type":"ListItem","position":1,"name":"Home","item":"https:\/\/sey.fi\/salo\/"},{"@type":"ListItem","position":2,"name":"Salon Seudun El\u00e4insuojeluyhdistys","item":"https:\/\/sey.fi\/salo\/"},{"@type":"ListItem","position":3,"name":"Kotia etsiv\u00e4t"}]},{"@type":"WebSite","@id":"https:\/\/sey.fi\/salo\/#website","url":"https:\/\/sey.fi\/salo\/","name":"Salon seudun el\u00e4insuojeluyhdistys","description":"Uusi SEY J\u00e4senyhdistykset -sivusto","potentialAction":[{"@type":"SearchAction","target":{"@type":"EntryPoint","urlTemplate":"https:\/\/sey.fi\/salo\/?s={search_term_string}"},"query-input":{"@type":"PropertyValueSpecification","valueRequired":true,"valueName":"search_term_string"}}],"inLanguage":"fi"}]}},"_links":{"self":[{"href":"https:\/\/sey.fi\/salo\/wp-json\/wp\/v2\/pages\/588","targetHints":{"allow":["GET"]}}],"collection":[{"href":"https:\/\/sey.fi\/salo\/wp-json\/wp\/v2\/pages"}],"about":[{"href":"https:\/\/sey.fi\/salo\/wp-json\/wp\/v2\/types\/page"}],"author":[{"embeddable":true,"href":"https:\/\/sey.fi\/salo\/wp-json\/wp\/v2\/users\/25"}],"replies":[{"embeddable":true,"href":"https:\/\/sey.fi\/salo\/wp-json\/wp\/v2\/comments?post=588"}],"version-history":[{"count":8,"href":"https:\/\/sey.fi\/salo\/wp-json\/wp\/v2\/pages\/588\/revisions"}],"predecessor-version":[{"id":1141,"href":"https:\/\/sey.fi\/salo\/wp-json\/wp\/v2\/pages\/588\/revisions\/1141"}],"up":[{"embeddable":true,"href":"https:\/\/sey.fi\/salo\/wp-json\/wp\/v2\/pages\/2"}],"wp:attachment":[{"href":"https:\/\/sey.fi\/salo\/wp-json\/wp\/v2\/media?parent=588"}],"curies":[{"name":"wp","href":"https:\/\/api.w.org\/{rel}","templated":true}]}}