{"id":594,"date":"2023-05-07T10:43:17","date_gmt":"2023-05-07T07:43:17","guid":{"rendered":"https:\/\/sey.fi\/salo\/?page_id=594"},"modified":"2024-04-29T07:07:03","modified_gmt":"2024-04-29T04:07:03","slug":"kotia-etsivat-koirat","status":"publish","type":"page","link":"https:\/\/sey.fi\/salo\/salon-elainsuojelu\/kotia-etsivat\/kotia-etsivat-koirat\/","title":{"rendered":"Kotia etsiv\u00e4t koirat"},"content":{"rendered":"\n<p>L\u00f6yd\u00e4t kotia etsiv\u00e4t koiramme yhdistyksen Facebook-sivuilta. Voit kysy\u00e4 koirista my\u00f6s s\u00e4hk\u00f6postilla <a href=\"mailto:koirat@ssey.fi\">koirat@ssey.fi<\/a>.<\/p>\n\n\n\n<p><strong><a href=\"https:\/\/www.facebook.com\/media\/set\/?set=a.1077988588911780&amp;type=3\">KOTIA ETSIV\u00c4T KOIRAT<\/a><\/strong> <em>(FB-tunnuksia ei tarvita!)<\/em><\/p>\n\n\n\n<p>Koirat luovutetaan aina el\u00e4inl\u00e4\u00e4k\u00e4rin tarkastamina, loish\u00e4\u00e4dettyn\u00e4, rokotettuna sek\u00e4 sirutettuna. Siru rekister\u00f6id\u00e4\u00e4n Turvasiruun yhdistyksen toimesta. Koirien kohdalla kastrointi\/sterilointi on tapauskohtainen. Uuden kodin vastuulle j\u00e4\u00e4 koiran rekister\u00f6iminen Ruokaviraston koirarekisteriin.<\/p>\n\n\n\n<p>Koiramme asuvat sijaiskodeissa, kunnes Se Oikea koti l\u00f6ytyy.<br>Lemmikin sijoituksesta tehd\u00e4\u00e4n uuden hoitajan kanssa hoitosopimus.<\/p>\n\n\n\n<p>Salon Seudun El\u00e4insuojeluyhdistys ry pitopaikkatunnus FI000018136976.<\/p>\n","protected":false},"excerpt":{"rendered":"<p>L\u00f6yd\u00e4t kotia etsiv\u00e4t koiramme yhdistyksen Facebook-sivuilta. Voit kysy\u00e4 koirista my\u00f6s s\u00e4hk\u00f6postilla koirat@ssey.fi. KOTIA ETSIV\u00c4T KOIRAT (FB-tunnuksia ei tarvita!) Koirat luovutetaan aina el\u00e4inl\u00e4\u00e4k\u00e4rin tarkastamina, loish\u00e4\u00e4dettyn\u00e4, rokotettuna sek\u00e4 sirutettuna. Siru rekister\u00f6id\u00e4\u00e4n Turvasiruun yhdistyksen toimesta. Koirien kohdalla kastrointi\/sterilointi on tapauskohtainen. Uuden kodin vastuulle j\u00e4\u00e4 koiran rekister\u00f6iminen Ruokaviraston koirarekisteriin. Koiramme asuvat sijaiskodeissa, kunnes Se Oikea koti l\u00f6ytyy.Lemmikin sijoituksesta tehd\u00e4\u00e4n [&hellip;]<\/p>\n","protected":false},"author":25,"featured_media":0,"parent":588,"menu_order":0,"comment_status":"closed","ping_status":"closed","template":"","meta":{"_acf_changed":false,"footnotes":""},"class_list":["post-594","page","type-page","status-publish","hentry"],"acf":[],"yoast_head":"<!-- This site is optimized with the Yoast SEO plugin v27.1.1 - https:\/\/yoast.com\/product\/yoast-seo-wordpress\/ -->\n<title>Kotia etsiv\u00e4t koirat - Salon seudun el\u00e4insuojeluyhdistys<\/title>\n<meta name=\"robots\" content=\"index, follow, max-snippet:-1, max-image-preview:large, max-video-preview:-1\" \/>\n<link rel=\"canonical\" href=\"https:\/\/sey.fi\/salo\/salon-elainsuojelu\/kotia-etsivat\/kotia-etsivat-koirat\/\" \/>\n<meta property=\"og:locale\" content=\"fi_FI\" \/>\n<meta property=\"og:type\" content=\"article\" \/>\n<meta property=\"og:title\" content=\"Kotia etsiv\u00e4t koirat - Salon seudun el\u00e4insuojeluyhdistys\" \/>\n<meta property=\"og:description\" content=\"L\u00f6yd\u00e4t kotia etsiv\u00e4t koiramme yhdistyksen Facebook-sivuilta. Voit kysy\u00e4 koirista my\u00f6s s\u00e4hk\u00f6postilla koirat@ssey.fi. KOTIA ETSIV\u00c4T KOIRAT (FB-tunnuksia ei tarvita!) Koirat luovutetaan aina el\u00e4inl\u00e4\u00e4k\u00e4rin tarkastamina, loish\u00e4\u00e4dettyn\u00e4, rokotettuna sek\u00e4 sirutettuna. Siru rekister\u00f6id\u00e4\u00e4n Turvasiruun yhdistyksen toimesta. Koirien kohdalla kastrointi\/sterilointi on tapauskohtainen. Uuden kodin vastuulle j\u00e4\u00e4 koiran rekister\u00f6iminen Ruokaviraston koirarekisteriin. Koiramme asuvat sijaiskodeissa, kunnes Se Oikea koti l\u00f6ytyy.Lemmikin sijoituksesta tehd\u00e4\u00e4n [&hellip;]\" \/>\n<meta property=\"og:url\" content=\"https:\/\/sey.fi\/salo\/salon-elainsuojelu\/kotia-etsivat\/kotia-etsivat-koirat\/\" \/>\n<meta property=\"og:site_name\" content=\"Salon seudun el\u00e4insuojeluyhdistys\" \/>\n<meta property=\"article:modified_time\" content=\"2024-04-29T04:07:03+00:00\" \/>\n<meta name=\"twitter:card\" content=\"summary_large_image\" \/>\n<meta name=\"twitter:label1\" content=\"Arvioitu lukuaika\" \/>\n\t<meta name=\"twitter:data1\" content=\"1 minuutti\" \/>\n<script type=\"application\/ld+json\" class=\"yoast-schema-graph\">{\"@context\":\"https:\/\/schema.org\",\"@graph\":[{\"@type\":\"WebPage\",\"@id\":\"https:\/\/sey.fi\/salo\/salon-elainsuojelu\/kotia-etsivat\/kotia-etsivat-koirat\/\",\"url\":\"https:\/\/sey.fi\/salo\/salon-elainsuojelu\/kotia-etsivat\/kotia-etsivat-koirat\/\",\"name\":\"Kotia etsiv\u00e4t koirat - Salon seudun el\u00e4insuojeluyhdistys\",\"isPartOf\":{\"@id\":\"https:\/\/sey.fi\/salo\/#website\"},\"datePublished\":\"2023-05-07T07:43:17+00:00\",\"dateModified\":\"2024-04-29T04:07:03+00:00\",\"breadcrumb\":{\"@id\":\"https:\/\/sey.fi\/salo\/salon-elainsuojelu\/kotia-etsivat\/kotia-etsivat-koirat\/#breadcrumb\"},\"inLanguage\":\"fi\",\"potentialAction\":[{\"@type\":\"ReadAction\",\"target\":[\"https:\/\/sey.fi\/salo\/salon-elainsuojelu\/kotia-etsivat\/kotia-etsivat-koirat\/\"]}]},{\"@type\":\"BreadcrumbList\",\"@id\":\"https:\/\/sey.fi\/salo\/salon-elainsuojelu\/kotia-etsivat\/kotia-etsivat-koirat\/#breadcrumb\",\"itemListElement\":[{\"@type\":\"ListItem\",\"position\":1,\"name\":\"Home\",\"item\":\"https:\/\/sey.fi\/salo\/\"},{\"@type\":\"ListItem\",\"position\":2,\"name\":\"Salon Seudun El\u00e4insuojeluyhdistys\",\"item\":\"https:\/\/sey.fi\/salo\/\"},{\"@type\":\"ListItem\",\"position\":3,\"name\":\"Kotia etsiv\u00e4t\",\"item\":\"https:\/\/sey.fi\/salo\/salon-elainsuojelu\/kotia-etsivat\/\"},{\"@type\":\"ListItem\",\"position\":4,\"name\":\"Kotia etsiv\u00e4t koirat\"}]},{\"@type\":\"WebSite\",\"@id\":\"https:\/\/sey.fi\/salo\/#website\",\"url\":\"https:\/\/sey.fi\/salo\/\",\"name\":\"Salon seudun el\u00e4insuojeluyhdistys\",\"description\":\"Uusi SEY J\u00e4senyhdistykset -sivusto\",\"potentialAction\":[{\"@type\":\"SearchAction\",\"target\":{\"@type\":\"EntryPoint\",\"urlTemplate\":\"https:\/\/sey.fi\/salo\/?s={search_term_string}\"},\"query-input\":{\"@type\":\"PropertyValueSpecification\",\"valueRequired\":true,\"valueName\":\"search_term_string\"}}],\"inLanguage\":\"fi\"}]}<\/script>\n<!-- \/ Yoast SEO plugin. -->","yoast_head_json":{"title":"Kotia etsiv\u00e4t koirat - Salon seudun el\u00e4insuojeluyhdistys","robots":{"index":"index","follow":"follow","max-snippet":"max-snippet:-1","max-image-preview":"max-image-preview:large","max-video-preview":"max-video-preview:-1"},"canonical":"https:\/\/sey.fi\/salo\/salon-elainsuojelu\/kotia-etsivat\/kotia-etsivat-koirat\/","og_locale":"fi_FI","og_type":"article","og_title":"Kotia etsiv\u00e4t koirat - Salon seudun el\u00e4insuojeluyhdistys","og_description":"L\u00f6yd\u00e4t kotia etsiv\u00e4t koiramme yhdistyksen Facebook-sivuilta. Voit kysy\u00e4 koirista my\u00f6s s\u00e4hk\u00f6postilla koirat@ssey.fi. KOTIA ETSIV\u00c4T KOIRAT (FB-tunnuksia ei tarvita!) Koirat luovutetaan aina el\u00e4inl\u00e4\u00e4k\u00e4rin tarkastamina, loish\u00e4\u00e4dettyn\u00e4, rokotettuna sek\u00e4 sirutettuna. Siru rekister\u00f6id\u00e4\u00e4n Turvasiruun yhdistyksen toimesta. Koirien kohdalla kastrointi\/sterilointi on tapauskohtainen. Uuden kodin vastuulle j\u00e4\u00e4 koiran rekister\u00f6iminen Ruokaviraston koirarekisteriin. Koiramme asuvat sijaiskodeissa, kunnes Se Oikea koti l\u00f6ytyy.Lemmikin sijoituksesta tehd\u00e4\u00e4n [&hellip;]","og_url":"https:\/\/sey.fi\/salo\/salon-elainsuojelu\/kotia-etsivat\/kotia-etsivat-koirat\/","og_site_name":"Salon seudun el\u00e4insuojeluyhdistys","article_modified_time":"2024-04-29T04:07:03+00:00","twitter_card":"summary_large_image","twitter_misc":{"Arvioitu lukuaika":"1 minuutti"},"schema":{"@context":"https:\/\/schema.org","@graph":[{"@type":"WebPage","@id":"https:\/\/sey.fi\/salo\/salon-elainsuojelu\/kotia-etsivat\/kotia-etsivat-koirat\/","url":"https:\/\/sey.fi\/salo\/salon-elainsuojelu\/kotia-etsivat\/kotia-etsivat-koirat\/","name":"Kotia etsiv\u00e4t koirat - Salon seudun el\u00e4insuojeluyhdistys","isPartOf":{"@id":"https:\/\/sey.fi\/salo\/#website"},"datePublished":"2023-05-07T07:43:17+00:00","dateModified":"2024-04-29T04:07:03+00:00","breadcrumb":{"@id":"https:\/\/sey.fi\/salo\/salon-elainsuojelu\/kotia-etsivat\/kotia-etsivat-koirat\/#breadcrumb"},"inLanguage":"fi","potentialAction":[{"@type":"ReadAction","target":["https:\/\/sey.fi\/salo\/salon-elainsuojelu\/kotia-etsivat\/kotia-etsivat-koirat\/"]}]},{"@type":"BreadcrumbList","@id":"https:\/\/sey.fi\/salo\/salon-elainsuojelu\/kotia-etsivat\/kotia-etsivat-koirat\/#breadcrumb","itemListElement":[{"@type":"ListItem","position":1,"name":"Home","item":"https:\/\/sey.fi\/salo\/"},{"@type":"ListItem","position":2,"name":"Salon Seudun El\u00e4insuojeluyhdistys","item":"https:\/\/sey.fi\/salo\/"},{"@type":"ListItem","position":3,"name":"Kotia etsiv\u00e4t","item":"https:\/\/sey.fi\/salo\/salon-elainsuojelu\/kotia-etsivat\/"},{"@type":"ListItem","position":4,"name":"Kotia etsiv\u00e4t koirat"}]},{"@type":"WebSite","@id":"https:\/\/sey.fi\/salo\/#website","url":"https:\/\/sey.fi\/salo\/","name":"Salon seudun el\u00e4insuojeluyhdistys","description":"Uusi SEY J\u00e4senyhdistykset -sivusto","potentialAction":[{"@type":"SearchAction","target":{"@type":"EntryPoint","urlTemplate":"https:\/\/sey.fi\/salo\/?s={search_term_string}"},"query-input":{"@type":"PropertyValueSpecification","valueRequired":true,"valueName":"search_term_string"}}],"inLanguage":"fi"}]}},"_links":{"self":[{"href":"https:\/\/sey.fi\/salo\/wp-json\/wp\/v2\/pages\/594","targetHints":{"allow":["GET"]}}],"collection":[{"href":"https:\/\/sey.fi\/salo\/wp-json\/wp\/v2\/pages"}],"about":[{"href":"https:\/\/sey.fi\/salo\/wp-json\/wp\/v2\/types\/page"}],"author":[{"embeddable":true,"href":"https:\/\/sey.fi\/salo\/wp-json\/wp\/v2\/users\/25"}],"replies":[{"embeddable":true,"href":"https:\/\/sey.fi\/salo\/wp-json\/wp\/v2\/comments?post=594"}],"version-history":[{"count":4,"href":"https:\/\/sey.fi\/salo\/wp-json\/wp\/v2\/pages\/594\/revisions"}],"predecessor-version":[{"id":1075,"href":"https:\/\/sey.fi\/salo\/wp-json\/wp\/v2\/pages\/594\/revisions\/1075"}],"up":[{"embeddable":true,"href":"https:\/\/sey.fi\/salo\/wp-json\/wp\/v2\/pages\/588"}],"wp:attachment":[{"href":"https:\/\/sey.fi\/salo\/wp-json\/wp\/v2\/media?parent=594"}],"curies":[{"name":"wp","href":"https:\/\/api.w.org\/{rel}","templated":true}]}}