{"id":598,"date":"2023-05-07T10:51:12","date_gmt":"2023-05-07T07:51:12","guid":{"rendered":"https:\/\/sey.fi\/salo\/?page_id=598"},"modified":"2024-05-15T13:36:25","modified_gmt":"2024-05-15T10:36:25","slug":"kotia-etsivat-muut-elaimet","status":"publish","type":"page","link":"https:\/\/sey.fi\/salo\/salon-elainsuojelu\/kotia-etsivat\/kotia-etsivat-muut-elaimet\/","title":{"rendered":"Kotia etsiv\u00e4t muut el\u00e4imet"},"content":{"rendered":"\n<p>Yhdistykselle tulee my\u00f6s ep\u00e4s\u00e4\u00e4nn\u00f6llisesti erilaisia muita el\u00e4imi\u00e4, yleisimmin kaneja ja pienjyrsij\u00f6it\u00e4. Harvemmin lintuja ja matelijoita. L\u00f6yd\u00e4t n\u00e4m\u00e4kin yhdistyksen Facebook-sivuilta.<\/p>\n\n\n\n<p><a href=\"https:\/\/www.facebook.com\/media\/set\/?set=a.4758821487495120&amp;type=3\" target=\"_blank\" rel=\"noreferrer noopener\"><strong>KOTIA ETSIV\u00c4T MUUT EL\u00c4IMET<\/strong><\/a> <em>(FB-tunnuksia ei tarvita!)<\/em><\/p>\n\n\n\n<p>Jokainen adoptio n\u00e4iss\u00e4 on tapauskohtainen ja kulukorvaussumma m\u00e4\u00e4r\u00e4ytyy i\u00e4n, el\u00e4inlajin ja kustannusten mukaan. Jokainen el\u00e4in on el\u00e4inl\u00e4\u00e4k\u00e4rin tarkastama ja tunnistusmerkint\u00e4 pyrit\u00e4\u00e4n laittamaan aina kun mahdollista. Kastroinnit\/steriloinnit, kuten muutkin hoidolliset toimenpiteet suoritetaan aina kun aihetta on.<\/p>\n\n\n\n<p>Lemmikin&nbsp;sijoituksesta tehd\u00e4\u00e4n uuden hoitajan kanssa hoitosopimus.<\/p>\n\n\n\n<p>Salon Seudun El\u00e4insuojeluyhdistys ry pitopaikkatunnus FI000018136976.<\/p>\n","protected":false},"excerpt":{"rendered":"<p>Yhdistykselle tulee my\u00f6s ep\u00e4s\u00e4\u00e4nn\u00f6llisesti erilaisia muita el\u00e4imi\u00e4, yleisimmin kaneja ja pienjyrsij\u00f6it\u00e4. Harvemmin lintuja ja matelijoita. L\u00f6yd\u00e4t n\u00e4m\u00e4kin yhdistyksen Facebook-sivuilta. KOTIA ETSIV\u00c4T MUUT EL\u00c4IMET (FB-tunnuksia ei tarvita!) Jokainen adoptio n\u00e4iss\u00e4 on tapauskohtainen ja kulukorvaussumma m\u00e4\u00e4r\u00e4ytyy i\u00e4n, el\u00e4inlajin ja kustannusten mukaan. Jokainen el\u00e4in on el\u00e4inl\u00e4\u00e4k\u00e4rin tarkastama ja tunnistusmerkint\u00e4 pyrit\u00e4\u00e4n laittamaan aina kun mahdollista. Kastroinnit\/steriloinnit, kuten muutkin hoidolliset [&hellip;]<\/p>\n","protected":false},"author":25,"featured_media":0,"parent":588,"menu_order":0,"comment_status":"closed","ping_status":"closed","template":"","meta":{"_acf_changed":false,"footnotes":""},"class_list":["post-598","page","type-page","status-publish","hentry"],"acf":[],"yoast_head":"<!-- This site is optimized with the Yoast SEO plugin v27.1.1 - https:\/\/yoast.com\/product\/yoast-seo-wordpress\/ -->\n<title>Kotia etsiv\u00e4t muut el\u00e4imet - Salon seudun el\u00e4insuojeluyhdistys<\/title>\n<meta name=\"robots\" content=\"index, follow, max-snippet:-1, max-image-preview:large, max-video-preview:-1\" \/>\n<link rel=\"canonical\" href=\"https:\/\/sey.fi\/salo\/salon-elainsuojelu\/kotia-etsivat\/kotia-etsivat-muut-elaimet\/\" \/>\n<meta property=\"og:locale\" content=\"fi_FI\" \/>\n<meta property=\"og:type\" content=\"article\" \/>\n<meta property=\"og:title\" content=\"Kotia etsiv\u00e4t muut el\u00e4imet - Salon seudun el\u00e4insuojeluyhdistys\" \/>\n<meta property=\"og:description\" content=\"Yhdistykselle tulee my\u00f6s ep\u00e4s\u00e4\u00e4nn\u00f6llisesti erilaisia muita el\u00e4imi\u00e4, yleisimmin kaneja ja pienjyrsij\u00f6it\u00e4. Harvemmin lintuja ja matelijoita. L\u00f6yd\u00e4t n\u00e4m\u00e4kin yhdistyksen Facebook-sivuilta. KOTIA ETSIV\u00c4T MUUT EL\u00c4IMET (FB-tunnuksia ei tarvita!) Jokainen adoptio n\u00e4iss\u00e4 on tapauskohtainen ja kulukorvaussumma m\u00e4\u00e4r\u00e4ytyy i\u00e4n, el\u00e4inlajin ja kustannusten mukaan. Jokainen el\u00e4in on el\u00e4inl\u00e4\u00e4k\u00e4rin tarkastama ja tunnistusmerkint\u00e4 pyrit\u00e4\u00e4n laittamaan aina kun mahdollista. Kastroinnit\/steriloinnit, kuten muutkin hoidolliset [&hellip;]\" \/>\n<meta property=\"og:url\" content=\"https:\/\/sey.fi\/salo\/salon-elainsuojelu\/kotia-etsivat\/kotia-etsivat-muut-elaimet\/\" \/>\n<meta property=\"og:site_name\" content=\"Salon seudun el\u00e4insuojeluyhdistys\" \/>\n<meta property=\"article:modified_time\" content=\"2024-05-15T10:36:25+00:00\" \/>\n<meta name=\"twitter:card\" content=\"summary_large_image\" \/>\n<meta name=\"twitter:label1\" content=\"Arvioitu lukuaika\" \/>\n\t<meta name=\"twitter:data1\" content=\"1 minuutti\" \/>\n<script type=\"application\/ld+json\" class=\"yoast-schema-graph\">{\"@context\":\"https:\/\/schema.org\",\"@graph\":[{\"@type\":\"WebPage\",\"@id\":\"https:\/\/sey.fi\/salo\/salon-elainsuojelu\/kotia-etsivat\/kotia-etsivat-muut-elaimet\/\",\"url\":\"https:\/\/sey.fi\/salo\/salon-elainsuojelu\/kotia-etsivat\/kotia-etsivat-muut-elaimet\/\",\"name\":\"Kotia etsiv\u00e4t muut el\u00e4imet - Salon seudun el\u00e4insuojeluyhdistys\",\"isPartOf\":{\"@id\":\"https:\/\/sey.fi\/salo\/#website\"},\"datePublished\":\"2023-05-07T07:51:12+00:00\",\"dateModified\":\"2024-05-15T10:36:25+00:00\",\"breadcrumb\":{\"@id\":\"https:\/\/sey.fi\/salo\/salon-elainsuojelu\/kotia-etsivat\/kotia-etsivat-muut-elaimet\/#breadcrumb\"},\"inLanguage\":\"fi\",\"potentialAction\":[{\"@type\":\"ReadAction\",\"target\":[\"https:\/\/sey.fi\/salo\/salon-elainsuojelu\/kotia-etsivat\/kotia-etsivat-muut-elaimet\/\"]}]},{\"@type\":\"BreadcrumbList\",\"@id\":\"https:\/\/sey.fi\/salo\/salon-elainsuojelu\/kotia-etsivat\/kotia-etsivat-muut-elaimet\/#breadcrumb\",\"itemListElement\":[{\"@type\":\"ListItem\",\"position\":1,\"name\":\"Home\",\"item\":\"https:\/\/sey.fi\/salo\/\"},{\"@type\":\"ListItem\",\"position\":2,\"name\":\"Salon Seudun El\u00e4insuojeluyhdistys\",\"item\":\"https:\/\/sey.fi\/salo\/\"},{\"@type\":\"ListItem\",\"position\":3,\"name\":\"Kotia etsiv\u00e4t\",\"item\":\"https:\/\/sey.fi\/salo\/salon-elainsuojelu\/kotia-etsivat\/\"},{\"@type\":\"ListItem\",\"position\":4,\"name\":\"Kotia etsiv\u00e4t muut el\u00e4imet\"}]},{\"@type\":\"WebSite\",\"@id\":\"https:\/\/sey.fi\/salo\/#website\",\"url\":\"https:\/\/sey.fi\/salo\/\",\"name\":\"Salon seudun el\u00e4insuojeluyhdistys\",\"description\":\"Uusi SEY J\u00e4senyhdistykset -sivusto\",\"potentialAction\":[{\"@type\":\"SearchAction\",\"target\":{\"@type\":\"EntryPoint\",\"urlTemplate\":\"https:\/\/sey.fi\/salo\/?s={search_term_string}\"},\"query-input\":{\"@type\":\"PropertyValueSpecification\",\"valueRequired\":true,\"valueName\":\"search_term_string\"}}],\"inLanguage\":\"fi\"}]}<\/script>\n<!-- \/ Yoast SEO plugin. -->","yoast_head_json":{"title":"Kotia etsiv\u00e4t muut el\u00e4imet - Salon seudun el\u00e4insuojeluyhdistys","robots":{"index":"index","follow":"follow","max-snippet":"max-snippet:-1","max-image-preview":"max-image-preview:large","max-video-preview":"max-video-preview:-1"},"canonical":"https:\/\/sey.fi\/salo\/salon-elainsuojelu\/kotia-etsivat\/kotia-etsivat-muut-elaimet\/","og_locale":"fi_FI","og_type":"article","og_title":"Kotia etsiv\u00e4t muut el\u00e4imet - Salon seudun el\u00e4insuojeluyhdistys","og_description":"Yhdistykselle tulee my\u00f6s ep\u00e4s\u00e4\u00e4nn\u00f6llisesti erilaisia muita el\u00e4imi\u00e4, yleisimmin kaneja ja pienjyrsij\u00f6it\u00e4. Harvemmin lintuja ja matelijoita. L\u00f6yd\u00e4t n\u00e4m\u00e4kin yhdistyksen Facebook-sivuilta. KOTIA ETSIV\u00c4T MUUT EL\u00c4IMET (FB-tunnuksia ei tarvita!) Jokainen adoptio n\u00e4iss\u00e4 on tapauskohtainen ja kulukorvaussumma m\u00e4\u00e4r\u00e4ytyy i\u00e4n, el\u00e4inlajin ja kustannusten mukaan. Jokainen el\u00e4in on el\u00e4inl\u00e4\u00e4k\u00e4rin tarkastama ja tunnistusmerkint\u00e4 pyrit\u00e4\u00e4n laittamaan aina kun mahdollista. Kastroinnit\/steriloinnit, kuten muutkin hoidolliset [&hellip;]","og_url":"https:\/\/sey.fi\/salo\/salon-elainsuojelu\/kotia-etsivat\/kotia-etsivat-muut-elaimet\/","og_site_name":"Salon seudun el\u00e4insuojeluyhdistys","article_modified_time":"2024-05-15T10:36:25+00:00","twitter_card":"summary_large_image","twitter_misc":{"Arvioitu lukuaika":"1 minuutti"},"schema":{"@context":"https:\/\/schema.org","@graph":[{"@type":"WebPage","@id":"https:\/\/sey.fi\/salo\/salon-elainsuojelu\/kotia-etsivat\/kotia-etsivat-muut-elaimet\/","url":"https:\/\/sey.fi\/salo\/salon-elainsuojelu\/kotia-etsivat\/kotia-etsivat-muut-elaimet\/","name":"Kotia etsiv\u00e4t muut el\u00e4imet - Salon seudun el\u00e4insuojeluyhdistys","isPartOf":{"@id":"https:\/\/sey.fi\/salo\/#website"},"datePublished":"2023-05-07T07:51:12+00:00","dateModified":"2024-05-15T10:36:25+00:00","breadcrumb":{"@id":"https:\/\/sey.fi\/salo\/salon-elainsuojelu\/kotia-etsivat\/kotia-etsivat-muut-elaimet\/#breadcrumb"},"inLanguage":"fi","potentialAction":[{"@type":"ReadAction","target":["https:\/\/sey.fi\/salo\/salon-elainsuojelu\/kotia-etsivat\/kotia-etsivat-muut-elaimet\/"]}]},{"@type":"BreadcrumbList","@id":"https:\/\/sey.fi\/salo\/salon-elainsuojelu\/kotia-etsivat\/kotia-etsivat-muut-elaimet\/#breadcrumb","itemListElement":[{"@type":"ListItem","position":1,"name":"Home","item":"https:\/\/sey.fi\/salo\/"},{"@type":"ListItem","position":2,"name":"Salon Seudun El\u00e4insuojeluyhdistys","item":"https:\/\/sey.fi\/salo\/"},{"@type":"ListItem","position":3,"name":"Kotia etsiv\u00e4t","item":"https:\/\/sey.fi\/salo\/salon-elainsuojelu\/kotia-etsivat\/"},{"@type":"ListItem","position":4,"name":"Kotia etsiv\u00e4t muut el\u00e4imet"}]},{"@type":"WebSite","@id":"https:\/\/sey.fi\/salo\/#website","url":"https:\/\/sey.fi\/salo\/","name":"Salon seudun el\u00e4insuojeluyhdistys","description":"Uusi SEY J\u00e4senyhdistykset -sivusto","potentialAction":[{"@type":"SearchAction","target":{"@type":"EntryPoint","urlTemplate":"https:\/\/sey.fi\/salo\/?s={search_term_string}"},"query-input":{"@type":"PropertyValueSpecification","valueRequired":true,"valueName":"search_term_string"}}],"inLanguage":"fi"}]}},"_links":{"self":[{"href":"https:\/\/sey.fi\/salo\/wp-json\/wp\/v2\/pages\/598","targetHints":{"allow":["GET"]}}],"collection":[{"href":"https:\/\/sey.fi\/salo\/wp-json\/wp\/v2\/pages"}],"about":[{"href":"https:\/\/sey.fi\/salo\/wp-json\/wp\/v2\/types\/page"}],"author":[{"embeddable":true,"href":"https:\/\/sey.fi\/salo\/wp-json\/wp\/v2\/users\/25"}],"replies":[{"embeddable":true,"href":"https:\/\/sey.fi\/salo\/wp-json\/wp\/v2\/comments?post=598"}],"version-history":[{"count":4,"href":"https:\/\/sey.fi\/salo\/wp-json\/wp\/v2\/pages\/598\/revisions"}],"predecessor-version":[{"id":1130,"href":"https:\/\/sey.fi\/salo\/wp-json\/wp\/v2\/pages\/598\/revisions\/1130"}],"up":[{"embeddable":true,"href":"https:\/\/sey.fi\/salo\/wp-json\/wp\/v2\/pages\/588"}],"wp:attachment":[{"href":"https:\/\/sey.fi\/salo\/wp-json\/wp\/v2\/media?parent=598"}],"curies":[{"name":"wp","href":"https:\/\/api.w.org\/{rel}","templated":true}]}}