{"id":602,"date":"2023-05-07T12:17:59","date_gmt":"2023-05-07T09:17:59","guid":{"rendered":"https:\/\/sey.fi\/salo\/?page_id=602"},"modified":"2024-04-29T07:17:10","modified_gmt":"2024-04-29T04:17:10","slug":"elaimesta-luopuminen","status":"publish","type":"page","link":"https:\/\/sey.fi\/salo\/salon-elainsuojelu\/kotia-etsivat\/elaimesta-luopuminen\/","title":{"rendered":"El\u00e4imest\u00e4 luopuminen"},"content":{"rendered":"\n<p>El\u00e4imest\u00e4 luopumiseen on monia syit\u00e4, eik\u00e4 luopuminen ole v\u00e4ltt\u00e4m\u00e4tt\u00e4 helppoa omistajallekaan.<br>Luopumissyyn\u00e4 voi olla esim. allergiat, pitovaikeudet, suuri el\u00e4inm\u00e4\u00e4r\u00e4, el\u00e4inten v\u00e4liset konfliktit, omistajan el\u00e4m\u00e4ntilanteen muutos, omistajan kuolema, k\u00e4yt\u00f6songelmat ym. Mahdollisuuksien mukaan SSEY voi ottaa vastaan my\u00f6s kodinvaihtajia, mutta tilanteissa, joissa omistajan on edelleen mahdollisuus pit\u00e4\u00e4 el\u00e4imest\u00e4 huolta kodinetsinn\u00e4n ajan, kehotamme ensisijaisesti etsim\u00e4\u00e4n uutta kotia yksityisesti. Sijaiskotiresurssimme ovat rajalliset, eik\u00e4 kodeissa aina v\u00e4ltt\u00e4m\u00e4tt\u00e4 ole tilaa.<br>Katso ohjeet ja info <a href=\"https:\/\/sey.fi\/salo\/salon-elainsuojelu\/kotia-etsivat\/yksityisesti-kotia-etsivat\/\">t\u00e4\u00e4lt\u00e4<\/a>!<\/p>\n\n\n\n<p>Mik\u00e4li omistajan ei ole mahdollista pit\u00e4\u00e4 lemmikist\u00e4\u00e4n en\u00e4\u00e4 huolta, esim. omistajan jouduttua sairaalaan tai menehdytty\u00e4, pyrimme auttamaan aina kun mahdollista.<br><strong>On kuitenkin huomioitava, ett\u00e4 perimme kodinvaihtajista vastaanottomaksun.<\/strong><\/p>\n\n\n\n<p>Jos olet luopumassa lemmikist\u00e4si, olethan ensisijaisesti yhteydess\u00e4 puhelimitse <a href=\"https:\/\/sey.fi\/salo\/salon-elainsuojelu\/yhteystiedot-2\/ssey-yhteystiedot\/\">kissa- tai koiranumeroomme<\/a>, niin mietit\u00e4\u00e4n yhdess\u00e4 vaihtoehtoja.<\/p>\n","protected":false},"excerpt":{"rendered":"<p>El\u00e4imest\u00e4 luopumiseen on monia syit\u00e4, eik\u00e4 luopuminen ole v\u00e4ltt\u00e4m\u00e4tt\u00e4 helppoa omistajallekaan.Luopumissyyn\u00e4 voi olla esim. allergiat, pitovaikeudet, suuri el\u00e4inm\u00e4\u00e4r\u00e4, el\u00e4inten v\u00e4liset konfliktit, omistajan el\u00e4m\u00e4ntilanteen muutos, omistajan kuolema, k\u00e4yt\u00f6songelmat ym. Mahdollisuuksien mukaan SSEY voi ottaa vastaan my\u00f6s kodinvaihtajia, mutta tilanteissa, joissa omistajan on edelleen mahdollisuus pit\u00e4\u00e4 el\u00e4imest\u00e4 huolta kodinetsinn\u00e4n ajan, kehotamme ensisijaisesti etsim\u00e4\u00e4n uutta kotia yksityisesti. Sijaiskotiresurssimme [&hellip;]<\/p>\n","protected":false},"author":25,"featured_media":0,"parent":588,"menu_order":0,"comment_status":"closed","ping_status":"closed","template":"","meta":{"_acf_changed":false,"footnotes":""},"class_list":["post-602","page","type-page","status-publish","hentry"],"acf":[],"yoast_head":"<!-- This site is optimized with the Yoast SEO plugin v27.1.1 - https:\/\/yoast.com\/product\/yoast-seo-wordpress\/ -->\n<title>El\u00e4imest\u00e4 luopuminen - Salon seudun el\u00e4insuojeluyhdistys<\/title>\n<meta name=\"robots\" content=\"index, follow, max-snippet:-1, max-image-preview:large, max-video-preview:-1\" \/>\n<link rel=\"canonical\" href=\"https:\/\/sey.fi\/salo\/salon-elainsuojelu\/kotia-etsivat\/elaimesta-luopuminen\/\" \/>\n<meta property=\"og:locale\" content=\"fi_FI\" \/>\n<meta property=\"og:type\" content=\"article\" \/>\n<meta property=\"og:title\" content=\"El\u00e4imest\u00e4 luopuminen - Salon seudun el\u00e4insuojeluyhdistys\" \/>\n<meta property=\"og:description\" content=\"El\u00e4imest\u00e4 luopumiseen on monia syit\u00e4, eik\u00e4 luopuminen ole v\u00e4ltt\u00e4m\u00e4tt\u00e4 helppoa omistajallekaan.Luopumissyyn\u00e4 voi olla esim. allergiat, pitovaikeudet, suuri el\u00e4inm\u00e4\u00e4r\u00e4, el\u00e4inten v\u00e4liset konfliktit, omistajan el\u00e4m\u00e4ntilanteen muutos, omistajan kuolema, k\u00e4yt\u00f6songelmat ym. Mahdollisuuksien mukaan SSEY voi ottaa vastaan my\u00f6s kodinvaihtajia, mutta tilanteissa, joissa omistajan on edelleen mahdollisuus pit\u00e4\u00e4 el\u00e4imest\u00e4 huolta kodinetsinn\u00e4n ajan, kehotamme ensisijaisesti etsim\u00e4\u00e4n uutta kotia yksityisesti. Sijaiskotiresurssimme [&hellip;]\" \/>\n<meta property=\"og:url\" content=\"https:\/\/sey.fi\/salo\/salon-elainsuojelu\/kotia-etsivat\/elaimesta-luopuminen\/\" \/>\n<meta property=\"og:site_name\" content=\"Salon seudun el\u00e4insuojeluyhdistys\" \/>\n<meta property=\"article:modified_time\" content=\"2024-04-29T04:17:10+00:00\" \/>\n<meta name=\"twitter:card\" content=\"summary_large_image\" \/>\n<meta name=\"twitter:label1\" content=\"Arvioitu lukuaika\" \/>\n\t<meta name=\"twitter:data1\" content=\"1 minuutti\" \/>\n<script type=\"application\/ld+json\" class=\"yoast-schema-graph\">{\"@context\":\"https:\/\/schema.org\",\"@graph\":[{\"@type\":\"WebPage\",\"@id\":\"https:\/\/sey.fi\/salo\/salon-elainsuojelu\/kotia-etsivat\/elaimesta-luopuminen\/\",\"url\":\"https:\/\/sey.fi\/salo\/salon-elainsuojelu\/kotia-etsivat\/elaimesta-luopuminen\/\",\"name\":\"El\u00e4imest\u00e4 luopuminen - Salon seudun el\u00e4insuojeluyhdistys\",\"isPartOf\":{\"@id\":\"https:\/\/sey.fi\/salo\/#website\"},\"datePublished\":\"2023-05-07T09:17:59+00:00\",\"dateModified\":\"2024-04-29T04:17:10+00:00\",\"breadcrumb\":{\"@id\":\"https:\/\/sey.fi\/salo\/salon-elainsuojelu\/kotia-etsivat\/elaimesta-luopuminen\/#breadcrumb\"},\"inLanguage\":\"fi\",\"potentialAction\":[{\"@type\":\"ReadAction\",\"target\":[\"https:\/\/sey.fi\/salo\/salon-elainsuojelu\/kotia-etsivat\/elaimesta-luopuminen\/\"]}]},{\"@type\":\"BreadcrumbList\",\"@id\":\"https:\/\/sey.fi\/salo\/salon-elainsuojelu\/kotia-etsivat\/elaimesta-luopuminen\/#breadcrumb\",\"itemListElement\":[{\"@type\":\"ListItem\",\"position\":1,\"name\":\"Home\",\"item\":\"https:\/\/sey.fi\/salo\/\"},{\"@type\":\"ListItem\",\"position\":2,\"name\":\"Salon Seudun El\u00e4insuojeluyhdistys\",\"item\":\"https:\/\/sey.fi\/salo\/\"},{\"@type\":\"ListItem\",\"position\":3,\"name\":\"Kotia etsiv\u00e4t\",\"item\":\"https:\/\/sey.fi\/salo\/salon-elainsuojelu\/kotia-etsivat\/\"},{\"@type\":\"ListItem\",\"position\":4,\"name\":\"El\u00e4imest\u00e4 luopuminen\"}]},{\"@type\":\"WebSite\",\"@id\":\"https:\/\/sey.fi\/salo\/#website\",\"url\":\"https:\/\/sey.fi\/salo\/\",\"name\":\"Salon seudun el\u00e4insuojeluyhdistys\",\"description\":\"Uusi SEY J\u00e4senyhdistykset -sivusto\",\"potentialAction\":[{\"@type\":\"SearchAction\",\"target\":{\"@type\":\"EntryPoint\",\"urlTemplate\":\"https:\/\/sey.fi\/salo\/?s={search_term_string}\"},\"query-input\":{\"@type\":\"PropertyValueSpecification\",\"valueRequired\":true,\"valueName\":\"search_term_string\"}}],\"inLanguage\":\"fi\"}]}<\/script>\n<!-- \/ Yoast SEO plugin. -->","yoast_head_json":{"title":"El\u00e4imest\u00e4 luopuminen - Salon seudun el\u00e4insuojeluyhdistys","robots":{"index":"index","follow":"follow","max-snippet":"max-snippet:-1","max-image-preview":"max-image-preview:large","max-video-preview":"max-video-preview:-1"},"canonical":"https:\/\/sey.fi\/salo\/salon-elainsuojelu\/kotia-etsivat\/elaimesta-luopuminen\/","og_locale":"fi_FI","og_type":"article","og_title":"El\u00e4imest\u00e4 luopuminen - Salon seudun el\u00e4insuojeluyhdistys","og_description":"El\u00e4imest\u00e4 luopumiseen on monia syit\u00e4, eik\u00e4 luopuminen ole v\u00e4ltt\u00e4m\u00e4tt\u00e4 helppoa omistajallekaan.Luopumissyyn\u00e4 voi olla esim. allergiat, pitovaikeudet, suuri el\u00e4inm\u00e4\u00e4r\u00e4, el\u00e4inten v\u00e4liset konfliktit, omistajan el\u00e4m\u00e4ntilanteen muutos, omistajan kuolema, k\u00e4yt\u00f6songelmat ym. Mahdollisuuksien mukaan SSEY voi ottaa vastaan my\u00f6s kodinvaihtajia, mutta tilanteissa, joissa omistajan on edelleen mahdollisuus pit\u00e4\u00e4 el\u00e4imest\u00e4 huolta kodinetsinn\u00e4n ajan, kehotamme ensisijaisesti etsim\u00e4\u00e4n uutta kotia yksityisesti. Sijaiskotiresurssimme [&hellip;]","og_url":"https:\/\/sey.fi\/salo\/salon-elainsuojelu\/kotia-etsivat\/elaimesta-luopuminen\/","og_site_name":"Salon seudun el\u00e4insuojeluyhdistys","article_modified_time":"2024-04-29T04:17:10+00:00","twitter_card":"summary_large_image","twitter_misc":{"Arvioitu lukuaika":"1 minuutti"},"schema":{"@context":"https:\/\/schema.org","@graph":[{"@type":"WebPage","@id":"https:\/\/sey.fi\/salo\/salon-elainsuojelu\/kotia-etsivat\/elaimesta-luopuminen\/","url":"https:\/\/sey.fi\/salo\/salon-elainsuojelu\/kotia-etsivat\/elaimesta-luopuminen\/","name":"El\u00e4imest\u00e4 luopuminen - Salon seudun el\u00e4insuojeluyhdistys","isPartOf":{"@id":"https:\/\/sey.fi\/salo\/#website"},"datePublished":"2023-05-07T09:17:59+00:00","dateModified":"2024-04-29T04:17:10+00:00","breadcrumb":{"@id":"https:\/\/sey.fi\/salo\/salon-elainsuojelu\/kotia-etsivat\/elaimesta-luopuminen\/#breadcrumb"},"inLanguage":"fi","potentialAction":[{"@type":"ReadAction","target":["https:\/\/sey.fi\/salo\/salon-elainsuojelu\/kotia-etsivat\/elaimesta-luopuminen\/"]}]},{"@type":"BreadcrumbList","@id":"https:\/\/sey.fi\/salo\/salon-elainsuojelu\/kotia-etsivat\/elaimesta-luopuminen\/#breadcrumb","itemListElement":[{"@type":"ListItem","position":1,"name":"Home","item":"https:\/\/sey.fi\/salo\/"},{"@type":"ListItem","position":2,"name":"Salon Seudun El\u00e4insuojeluyhdistys","item":"https:\/\/sey.fi\/salo\/"},{"@type":"ListItem","position":3,"name":"Kotia etsiv\u00e4t","item":"https:\/\/sey.fi\/salo\/salon-elainsuojelu\/kotia-etsivat\/"},{"@type":"ListItem","position":4,"name":"El\u00e4imest\u00e4 luopuminen"}]},{"@type":"WebSite","@id":"https:\/\/sey.fi\/salo\/#website","url":"https:\/\/sey.fi\/salo\/","name":"Salon seudun el\u00e4insuojeluyhdistys","description":"Uusi SEY J\u00e4senyhdistykset -sivusto","potentialAction":[{"@type":"SearchAction","target":{"@type":"EntryPoint","urlTemplate":"https:\/\/sey.fi\/salo\/?s={search_term_string}"},"query-input":{"@type":"PropertyValueSpecification","valueRequired":true,"valueName":"search_term_string"}}],"inLanguage":"fi"}]}},"_links":{"self":[{"href":"https:\/\/sey.fi\/salo\/wp-json\/wp\/v2\/pages\/602","targetHints":{"allow":["GET"]}}],"collection":[{"href":"https:\/\/sey.fi\/salo\/wp-json\/wp\/v2\/pages"}],"about":[{"href":"https:\/\/sey.fi\/salo\/wp-json\/wp\/v2\/types\/page"}],"author":[{"embeddable":true,"href":"https:\/\/sey.fi\/salo\/wp-json\/wp\/v2\/users\/25"}],"replies":[{"embeddable":true,"href":"https:\/\/sey.fi\/salo\/wp-json\/wp\/v2\/comments?post=602"}],"version-history":[{"count":5,"href":"https:\/\/sey.fi\/salo\/wp-json\/wp\/v2\/pages\/602\/revisions"}],"predecessor-version":[{"id":1078,"href":"https:\/\/sey.fi\/salo\/wp-json\/wp\/v2\/pages\/602\/revisions\/1078"}],"up":[{"embeddable":true,"href":"https:\/\/sey.fi\/salo\/wp-json\/wp\/v2\/pages\/588"}],"wp:attachment":[{"href":"https:\/\/sey.fi\/salo\/wp-json\/wp\/v2\/media?parent=602"}],"curies":[{"name":"wp","href":"https:\/\/api.w.org\/{rel}","templated":true}]}}