{"id":604,"date":"2023-05-07T12:27:51","date_gmt":"2023-05-07T09:27:51","guid":{"rendered":"https:\/\/sey.fi\/salo\/?page_id=604"},"modified":"2023-05-09T13:49:12","modified_gmt":"2023-05-09T10:49:12","slug":"avustusta-vahavaraisille","status":"publish","type":"page","link":"https:\/\/sey.fi\/salo\/salon-elainsuojelu\/toiminta\/avustusta-vahavaraisille\/","title":{"rendered":"Avustusta v\u00e4h\u00e4varaisille"},"content":{"rendered":"\n<p>SSEY tukee harkintansa mukaan Salon alueella asuvia v\u00e4h\u00e4varaisia lemmikinomistajia taloudellisissa haasteissa el\u00e4imen hyvinvoinnin turvaamiseksi. Avustusta voi hakea esimerkiksi el\u00e4inl\u00e4\u00e4k\u00e4rikuluihin tai ruokaan.<\/p>\n\n\n\n<p>L\u00e4ht\u00f6kohtaisesti omistaja on itse taloudellisesti vastuussa omien lemmikkiens\u00e4 hoidossa. Avustukset ovat kertaluonteisia ja suunnattu yll\u00e4tt\u00e4viin sek\u00e4 odottamattomiin tilanteisiin, joissa omistajan maksukyky on heikentynyt esimerkiksi ty\u00f6paikan menetyksen tai muun tulojen \u00e4killisen v\u00e4hentymisen vuoksi. Avustusta voi hakea perusk\u00e4yntien lis\u00e4ksi mm. kalliimpiin tutkimuksiin ja toimenpiteisiin. Avustuksen hakijan kanssa tehd\u00e4\u00e4n my\u00f6s takaisinmaksusuunnitelma.<\/p>\n\n\n<div class=\"wp-block-image\">\n<figure class=\"alignleft size-full is-resized\"><img loading=\"lazy\" decoding=\"async\" src=\"https:\/\/sey.fi\/wp-content\/uploads\/sites\/28\/2023\/05\/joulutassu.jpg\" alt=\"\" class=\"wp-image-607\" width=\"165\" height=\"165\" srcset=\"https:\/\/sey.fi\/wp-content\/uploads\/sites\/28\/2023\/05\/joulutassu.jpg 225w, https:\/\/sey.fi\/wp-content\/uploads\/sites\/28\/2023\/05\/joulutassu-150x150.jpg 150w, https:\/\/sey.fi\/wp-content\/uploads\/sites\/28\/2023\/05\/joulutassu-160x160.jpg 160w\" sizes=\"auto, (max-width: 165px) 100vw, 165px\" \/><\/figure><\/div>\n\n\n<h2 class=\"wp-block-heading\">Joulutassu-ker\u00e4ys<\/h2>\n\n\n\n<p>SSEY:ll\u00e4 on mahdollisuus antaa my\u00f6s ruoka-avustusta. Vuosittain joulun alla j\u00e4rjest\u00e4mme Joulutassu-ker\u00e4yksen yhteisty\u00f6ss\u00e4 paikallisten kauppiaiden kanssa, josta saatuja lahjoituksia jaamme v\u00e4h\u00e4varaisille ennen joulua.<\/p>\n\n\n\n<p><strong>Miten Joulutassu-ker\u00e4ys toimii?<\/strong><br>Marraskuun loppupuolella yhdistys ilmoittaa ker\u00e4yksess\u00e4 mukana olevat liikkeet. Liikkeest\u00e4 voi ostaa el\u00e4inten ruokaa ja tarvikkeita, ja maksamisen j\u00e4lkeen lahjoittaa n\u00e4m\u00e4 SSEY:n Joulutassu-laatikoihin. Ker\u00e4yksen p\u00e4\u00e4tytty\u00e4 jaamme Joulutassussa saadut lahjoitukset v\u00e4h\u00e4varaisille jakop\u00e4iv\u00e4n\u00e4.<\/p>\n\n\n\n<p><em>Vuonna 2022 Joulutassuun osallistuneet liikkeet:<\/em><\/p>\n\n\n\n<ul class=\"wp-block-list\">\n<li>El\u00e4inklinikka EHYT<\/li>\n\n\n\n<li>El\u00e4inl\u00e4\u00e4k\u00e4riasema Salovet<\/li>\n\n\n\n<li>Hankkija<\/li>\n\n\n\n<li>K-Citymarket, Salo<\/li>\n\n\n\n<li>K-Market Pahkavuori<\/li>\n\n\n\n<li>K-Market Pirkkatori<\/li>\n\n\n\n<li>Musti &amp; Mirri, Halikko<\/li>\n\n\n\n<li>Musti &amp; Mirri, Salo<\/li>\n\n\n\n<li>Petmart &#8211; Salon Akvaarioliike<\/li>\n\n\n\n<li>Puuilo<\/li>\n\n\n\n<li>Tokmanni, Halikko<\/li>\n\n\n\n<li>Tokmanni, Salo<\/li>\n\n\n\n<li>Voimael\u00e4in<\/li>\n<\/ul>\n\n\n\n<p>Joulutassun lis\u00e4ksi ruoka-avustusta voi hakea ymp\u00e4ri vuoden.<br>Olethan matalalla kynnyksell\u00e4 yhteydess\u00e4 jos voisimme olla avuksi tilanteessasi.<\/p>\n","protected":false},"excerpt":{"rendered":"<p>SSEY tukee harkintansa mukaan Salon alueella asuvia v\u00e4h\u00e4varaisia lemmikinomistajia taloudellisissa haasteissa el\u00e4imen hyvinvoinnin turvaamiseksi. Avustusta voi hakea esimerkiksi el\u00e4inl\u00e4\u00e4k\u00e4rikuluihin tai ruokaan. L\u00e4ht\u00f6kohtaisesti omistaja on itse taloudellisesti vastuussa omien lemmikkiens\u00e4 hoidossa. Avustukset ovat kertaluonteisia ja suunnattu yll\u00e4tt\u00e4viin sek\u00e4 odottamattomiin tilanteisiin, joissa omistajan maksukyky on heikentynyt esimerkiksi ty\u00f6paikan menetyksen tai muun tulojen \u00e4killisen v\u00e4hentymisen vuoksi. Avustusta voi [&hellip;]<\/p>\n","protected":false},"author":25,"featured_media":0,"parent":798,"menu_order":0,"comment_status":"closed","ping_status":"closed","template":"","meta":{"_acf_changed":false,"footnotes":""},"class_list":["post-604","page","type-page","status-publish","hentry"],"acf":[],"yoast_head":"<!-- This site is optimized with the Yoast SEO plugin v27.1.1 - https:\/\/yoast.com\/product\/yoast-seo-wordpress\/ -->\n<title>Avustusta v\u00e4h\u00e4varaisille - Salon seudun el\u00e4insuojeluyhdistys<\/title>\n<meta name=\"robots\" content=\"index, follow, max-snippet:-1, max-image-preview:large, max-video-preview:-1\" \/>\n<link rel=\"canonical\" href=\"https:\/\/sey.fi\/salo\/salon-elainsuojelu\/toiminta\/avustusta-vahavaraisille\/\" \/>\n<meta property=\"og:locale\" content=\"fi_FI\" \/>\n<meta property=\"og:type\" content=\"article\" \/>\n<meta property=\"og:title\" content=\"Avustusta v\u00e4h\u00e4varaisille - Salon seudun el\u00e4insuojeluyhdistys\" \/>\n<meta property=\"og:description\" content=\"SSEY tukee harkintansa mukaan Salon alueella asuvia v\u00e4h\u00e4varaisia lemmikinomistajia taloudellisissa haasteissa el\u00e4imen hyvinvoinnin turvaamiseksi. Avustusta voi hakea esimerkiksi el\u00e4inl\u00e4\u00e4k\u00e4rikuluihin tai ruokaan. L\u00e4ht\u00f6kohtaisesti omistaja on itse taloudellisesti vastuussa omien lemmikkiens\u00e4 hoidossa. Avustukset ovat kertaluonteisia ja suunnattu yll\u00e4tt\u00e4viin sek\u00e4 odottamattomiin tilanteisiin, joissa omistajan maksukyky on heikentynyt esimerkiksi ty\u00f6paikan menetyksen tai muun tulojen \u00e4killisen v\u00e4hentymisen vuoksi. Avustusta voi [&hellip;]\" \/>\n<meta property=\"og:url\" content=\"https:\/\/sey.fi\/salo\/salon-elainsuojelu\/toiminta\/avustusta-vahavaraisille\/\" \/>\n<meta property=\"og:site_name\" content=\"Salon seudun el\u00e4insuojeluyhdistys\" \/>\n<meta property=\"article:modified_time\" content=\"2023-05-09T10:49:12+00:00\" \/>\n<meta property=\"og:image\" content=\"https:\/\/sey.fi\/wp-content\/uploads\/sites\/28\/2023\/05\/joulutassu.jpg\" \/>\n<meta name=\"twitter:card\" content=\"summary_large_image\" \/>\n<meta name=\"twitter:label1\" content=\"Arvioitu lukuaika\" \/>\n\t<meta name=\"twitter:data1\" content=\"2 minuuttia\" \/>\n<script type=\"application\/ld+json\" class=\"yoast-schema-graph\">{\"@context\":\"https:\/\/schema.org\",\"@graph\":[{\"@type\":\"WebPage\",\"@id\":\"https:\/\/sey.fi\/salo\/salon-elainsuojelu\/toiminta\/avustusta-vahavaraisille\/\",\"url\":\"https:\/\/sey.fi\/salo\/salon-elainsuojelu\/toiminta\/avustusta-vahavaraisille\/\",\"name\":\"Avustusta v\u00e4h\u00e4varaisille - Salon seudun el\u00e4insuojeluyhdistys\",\"isPartOf\":{\"@id\":\"https:\/\/sey.fi\/salo\/#website\"},\"primaryImageOfPage\":{\"@id\":\"https:\/\/sey.fi\/salo\/salon-elainsuojelu\/toiminta\/avustusta-vahavaraisille\/#primaryimage\"},\"image\":{\"@id\":\"https:\/\/sey.fi\/salo\/salon-elainsuojelu\/toiminta\/avustusta-vahavaraisille\/#primaryimage\"},\"thumbnailUrl\":\"https:\/\/sey.fi\/wp-content\/uploads\/sites\/28\/2023\/05\/joulutassu.jpg\",\"datePublished\":\"2023-05-07T09:27:51+00:00\",\"dateModified\":\"2023-05-09T10:49:12+00:00\",\"breadcrumb\":{\"@id\":\"https:\/\/sey.fi\/salo\/salon-elainsuojelu\/toiminta\/avustusta-vahavaraisille\/#breadcrumb\"},\"inLanguage\":\"fi\",\"potentialAction\":[{\"@type\":\"ReadAction\",\"target\":[\"https:\/\/sey.fi\/salo\/salon-elainsuojelu\/toiminta\/avustusta-vahavaraisille\/\"]}]},{\"@type\":\"ImageObject\",\"inLanguage\":\"fi\",\"@id\":\"https:\/\/sey.fi\/salo\/salon-elainsuojelu\/toiminta\/avustusta-vahavaraisille\/#primaryimage\",\"url\":\"https:\/\/sey.fi\/wp-content\/uploads\/sites\/28\/2023\/05\/joulutassu.jpg\",\"contentUrl\":\"https:\/\/sey.fi\/wp-content\/uploads\/sites\/28\/2023\/05\/joulutassu.jpg\"},{\"@type\":\"BreadcrumbList\",\"@id\":\"https:\/\/sey.fi\/salo\/salon-elainsuojelu\/toiminta\/avustusta-vahavaraisille\/#breadcrumb\",\"itemListElement\":[{\"@type\":\"ListItem\",\"position\":1,\"name\":\"Home\",\"item\":\"https:\/\/sey.fi\/salo\/\"},{\"@type\":\"ListItem\",\"position\":2,\"name\":\"Salon Seudun El\u00e4insuojeluyhdistys\",\"item\":\"https:\/\/sey.fi\/salo\/\"},{\"@type\":\"ListItem\",\"position\":3,\"name\":\"Toiminta\",\"item\":\"https:\/\/sey.fi\/salo\/salon-elainsuojelu\/toiminta\/\"},{\"@type\":\"ListItem\",\"position\":4,\"name\":\"Avustusta v\u00e4h\u00e4varaisille\"}]},{\"@type\":\"WebSite\",\"@id\":\"https:\/\/sey.fi\/salo\/#website\",\"url\":\"https:\/\/sey.fi\/salo\/\",\"name\":\"Salon seudun el\u00e4insuojeluyhdistys\",\"description\":\"Uusi SEY J\u00e4senyhdistykset -sivusto\",\"potentialAction\":[{\"@type\":\"SearchAction\",\"target\":{\"@type\":\"EntryPoint\",\"urlTemplate\":\"https:\/\/sey.fi\/salo\/?s={search_term_string}\"},\"query-input\":{\"@type\":\"PropertyValueSpecification\",\"valueRequired\":true,\"valueName\":\"search_term_string\"}}],\"inLanguage\":\"fi\"}]}<\/script>\n<!-- \/ Yoast SEO plugin. -->","yoast_head_json":{"title":"Avustusta v\u00e4h\u00e4varaisille - Salon seudun el\u00e4insuojeluyhdistys","robots":{"index":"index","follow":"follow","max-snippet":"max-snippet:-1","max-image-preview":"max-image-preview:large","max-video-preview":"max-video-preview:-1"},"canonical":"https:\/\/sey.fi\/salo\/salon-elainsuojelu\/toiminta\/avustusta-vahavaraisille\/","og_locale":"fi_FI","og_type":"article","og_title":"Avustusta v\u00e4h\u00e4varaisille - Salon seudun el\u00e4insuojeluyhdistys","og_description":"SSEY tukee harkintansa mukaan Salon alueella asuvia v\u00e4h\u00e4varaisia lemmikinomistajia taloudellisissa haasteissa el\u00e4imen hyvinvoinnin turvaamiseksi. Avustusta voi hakea esimerkiksi el\u00e4inl\u00e4\u00e4k\u00e4rikuluihin tai ruokaan. L\u00e4ht\u00f6kohtaisesti omistaja on itse taloudellisesti vastuussa omien lemmikkiens\u00e4 hoidossa. Avustukset ovat kertaluonteisia ja suunnattu yll\u00e4tt\u00e4viin sek\u00e4 odottamattomiin tilanteisiin, joissa omistajan maksukyky on heikentynyt esimerkiksi ty\u00f6paikan menetyksen tai muun tulojen \u00e4killisen v\u00e4hentymisen vuoksi. Avustusta voi [&hellip;]","og_url":"https:\/\/sey.fi\/salo\/salon-elainsuojelu\/toiminta\/avustusta-vahavaraisille\/","og_site_name":"Salon seudun el\u00e4insuojeluyhdistys","article_modified_time":"2023-05-09T10:49:12+00:00","og_image":[{"url":"https:\/\/sey.fi\/wp-content\/uploads\/sites\/28\/2023\/05\/joulutassu.jpg","type":"","width":"","height":""}],"twitter_card":"summary_large_image","twitter_misc":{"Arvioitu lukuaika":"2 minuuttia"},"schema":{"@context":"https:\/\/schema.org","@graph":[{"@type":"WebPage","@id":"https:\/\/sey.fi\/salo\/salon-elainsuojelu\/toiminta\/avustusta-vahavaraisille\/","url":"https:\/\/sey.fi\/salo\/salon-elainsuojelu\/toiminta\/avustusta-vahavaraisille\/","name":"Avustusta v\u00e4h\u00e4varaisille - Salon seudun el\u00e4insuojeluyhdistys","isPartOf":{"@id":"https:\/\/sey.fi\/salo\/#website"},"primaryImageOfPage":{"@id":"https:\/\/sey.fi\/salo\/salon-elainsuojelu\/toiminta\/avustusta-vahavaraisille\/#primaryimage"},"image":{"@id":"https:\/\/sey.fi\/salo\/salon-elainsuojelu\/toiminta\/avustusta-vahavaraisille\/#primaryimage"},"thumbnailUrl":"https:\/\/sey.fi\/wp-content\/uploads\/sites\/28\/2023\/05\/joulutassu.jpg","datePublished":"2023-05-07T09:27:51+00:00","dateModified":"2023-05-09T10:49:12+00:00","breadcrumb":{"@id":"https:\/\/sey.fi\/salo\/salon-elainsuojelu\/toiminta\/avustusta-vahavaraisille\/#breadcrumb"},"inLanguage":"fi","potentialAction":[{"@type":"ReadAction","target":["https:\/\/sey.fi\/salo\/salon-elainsuojelu\/toiminta\/avustusta-vahavaraisille\/"]}]},{"@type":"ImageObject","inLanguage":"fi","@id":"https:\/\/sey.fi\/salo\/salon-elainsuojelu\/toiminta\/avustusta-vahavaraisille\/#primaryimage","url":"https:\/\/sey.fi\/wp-content\/uploads\/sites\/28\/2023\/05\/joulutassu.jpg","contentUrl":"https:\/\/sey.fi\/wp-content\/uploads\/sites\/28\/2023\/05\/joulutassu.jpg"},{"@type":"BreadcrumbList","@id":"https:\/\/sey.fi\/salo\/salon-elainsuojelu\/toiminta\/avustusta-vahavaraisille\/#breadcrumb","itemListElement":[{"@type":"ListItem","position":1,"name":"Home","item":"https:\/\/sey.fi\/salo\/"},{"@type":"ListItem","position":2,"name":"Salon Seudun El\u00e4insuojeluyhdistys","item":"https:\/\/sey.fi\/salo\/"},{"@type":"ListItem","position":3,"name":"Toiminta","item":"https:\/\/sey.fi\/salo\/salon-elainsuojelu\/toiminta\/"},{"@type":"ListItem","position":4,"name":"Avustusta v\u00e4h\u00e4varaisille"}]},{"@type":"WebSite","@id":"https:\/\/sey.fi\/salo\/#website","url":"https:\/\/sey.fi\/salo\/","name":"Salon seudun el\u00e4insuojeluyhdistys","description":"Uusi SEY J\u00e4senyhdistykset -sivusto","potentialAction":[{"@type":"SearchAction","target":{"@type":"EntryPoint","urlTemplate":"https:\/\/sey.fi\/salo\/?s={search_term_string}"},"query-input":{"@type":"PropertyValueSpecification","valueRequired":true,"valueName":"search_term_string"}}],"inLanguage":"fi"}]}},"_links":{"self":[{"href":"https:\/\/sey.fi\/salo\/wp-json\/wp\/v2\/pages\/604","targetHints":{"allow":["GET"]}}],"collection":[{"href":"https:\/\/sey.fi\/salo\/wp-json\/wp\/v2\/pages"}],"about":[{"href":"https:\/\/sey.fi\/salo\/wp-json\/wp\/v2\/types\/page"}],"author":[{"embeddable":true,"href":"https:\/\/sey.fi\/salo\/wp-json\/wp\/v2\/users\/25"}],"replies":[{"embeddable":true,"href":"https:\/\/sey.fi\/salo\/wp-json\/wp\/v2\/comments?post=604"}],"version-history":[{"count":3,"href":"https:\/\/sey.fi\/salo\/wp-json\/wp\/v2\/pages\/604\/revisions"}],"predecessor-version":[{"id":739,"href":"https:\/\/sey.fi\/salo\/wp-json\/wp\/v2\/pages\/604\/revisions\/739"}],"up":[{"embeddable":true,"href":"https:\/\/sey.fi\/salo\/wp-json\/wp\/v2\/pages\/798"}],"wp:attachment":[{"href":"https:\/\/sey.fi\/salo\/wp-json\/wp\/v2\/media?parent=604"}],"curies":[{"name":"wp","href":"https:\/\/api.w.org\/{rel}","templated":true}]}}