{"id":616,"date":"2023-05-08T08:46:04","date_gmt":"2023-05-08T05:46:04","guid":{"rendered":"https:\/\/sey.fi\/salo\/?page_id=616"},"modified":"2024-03-03T17:34:31","modified_gmt":"2024-03-03T15:34:31","slug":"kodin-saaneet","status":"publish","type":"page","link":"https:\/\/sey.fi\/salo\/salon-elainsuojelu\/kotia-etsivat\/kodin-saaneet\/","title":{"rendered":"Kodin saaneet"},"content":{"rendered":"\n<p>Kodin saaneita el\u00e4imi\u00e4 l\u00f6yd\u00e4t Facebook-sivuiltamme. Sinun ei tarvitse olla Facebookin rekister\u00f6itynyt k\u00e4ytt\u00e4j\u00e4 n\u00e4hd\u00e4ksesi kuvat.<\/p>\n\n\n\n<p><a href=\"https:\/\/www.facebook.com\/media\/set\/?set=a.727162639517167&amp;type=3\" target=\"_blank\" rel=\"noreferrer noopener\">Kodin saaneet 2024<\/a><\/p>\n\n\n\n<p><a href=\"https:\/\/www.facebook.com\/media\/set\/?set=a.522388666661233&amp;type=3\" target=\"_blank\" rel=\"noreferrer noopener\">Kodin saaneet 2023<\/a><\/p>\n\n\n\n<p><a href=\"https:\/\/www.facebook.com\/media\/set\/?set=a.4785729934804275&amp;type=3\" target=\"_blank\" rel=\"noreferrer noopener\">Kodin saaneet 2022<\/a><\/p>\n\n\n\n<p><a href=\"https:\/\/www.facebook.com\/media\/set\/?set=a.3683972444980035&amp;type=3\" target=\"_blank\" rel=\"noreferrer noopener\">Kodin saaneet 2021<\/a><\/p>\n\n\n\n<p><a href=\"https:\/\/www.facebook.com\/media\/set\/?set=a.354846551225991&amp;type=3\" target=\"_blank\" rel=\"noreferrer noopener\">Kodin saaneet 2012-2020<\/a><\/p>\n\n\n\n<p>Sijoitettujen el\u00e4inten kuulumiset pirist\u00e4v\u00e4t vapaaehtoistemme p\u00e4iv\u00e4\u00e4, vuosienkin takaa! Jos haluat laittaa karvakorvasi kuulumisia ja puhelinnumerot ovat jo hukuksissa, voit l\u00e4hett\u00e4\u00e4 kuulumisia <a href=\"https:\/\/sey.fi\/salo\/salon-elainsuojelu\/yhteystiedot-2\/ssey-yhteystiedot\/\">s\u00e4hk\u00f6postitse<\/a>.<\/p>\n","protected":false},"excerpt":{"rendered":"<p>Kodin saaneita el\u00e4imi\u00e4 l\u00f6yd\u00e4t Facebook-sivuiltamme. Sinun ei tarvitse olla Facebookin rekister\u00f6itynyt k\u00e4ytt\u00e4j\u00e4 n\u00e4hd\u00e4ksesi kuvat. Kodin saaneet 2024 Kodin saaneet 2023 Kodin saaneet 2022 Kodin saaneet 2021 Kodin saaneet 2012-2020 Sijoitettujen el\u00e4inten kuulumiset pirist\u00e4v\u00e4t vapaaehtoistemme p\u00e4iv\u00e4\u00e4, vuosienkin takaa! Jos haluat laittaa karvakorvasi kuulumisia ja puhelinnumerot ovat jo hukuksissa, voit l\u00e4hett\u00e4\u00e4 kuulumisia s\u00e4hk\u00f6postitse.<\/p>\n","protected":false},"author":25,"featured_media":0,"parent":588,"menu_order":0,"comment_status":"closed","ping_status":"closed","template":"","meta":{"_acf_changed":false,"footnotes":""},"class_list":["post-616","page","type-page","status-publish","hentry"],"acf":[],"yoast_head":"<!-- This site is optimized with the Yoast SEO plugin v27.1.1 - https:\/\/yoast.com\/product\/yoast-seo-wordpress\/ -->\n<title>Kodin saaneet - Salon seudun el\u00e4insuojeluyhdistys<\/title>\n<meta name=\"robots\" content=\"index, follow, max-snippet:-1, max-image-preview:large, max-video-preview:-1\" \/>\n<link rel=\"canonical\" href=\"https:\/\/sey.fi\/salo\/salon-elainsuojelu\/kotia-etsivat\/kodin-saaneet\/\" \/>\n<meta property=\"og:locale\" content=\"fi_FI\" \/>\n<meta property=\"og:type\" content=\"article\" \/>\n<meta property=\"og:title\" content=\"Kodin saaneet - Salon seudun el\u00e4insuojeluyhdistys\" \/>\n<meta property=\"og:description\" content=\"Kodin saaneita el\u00e4imi\u00e4 l\u00f6yd\u00e4t Facebook-sivuiltamme. Sinun ei tarvitse olla Facebookin rekister\u00f6itynyt k\u00e4ytt\u00e4j\u00e4 n\u00e4hd\u00e4ksesi kuvat. Kodin saaneet 2024 Kodin saaneet 2023 Kodin saaneet 2022 Kodin saaneet 2021 Kodin saaneet 2012-2020 Sijoitettujen el\u00e4inten kuulumiset pirist\u00e4v\u00e4t vapaaehtoistemme p\u00e4iv\u00e4\u00e4, vuosienkin takaa! Jos haluat laittaa karvakorvasi kuulumisia ja puhelinnumerot ovat jo hukuksissa, voit l\u00e4hett\u00e4\u00e4 kuulumisia s\u00e4hk\u00f6postitse.\" \/>\n<meta property=\"og:url\" content=\"https:\/\/sey.fi\/salo\/salon-elainsuojelu\/kotia-etsivat\/kodin-saaneet\/\" \/>\n<meta property=\"og:site_name\" content=\"Salon seudun el\u00e4insuojeluyhdistys\" \/>\n<meta property=\"article:modified_time\" content=\"2024-03-03T15:34:31+00:00\" \/>\n<meta name=\"twitter:card\" content=\"summary_large_image\" \/>\n<meta name=\"twitter:label1\" content=\"Arvioitu lukuaika\" \/>\n\t<meta name=\"twitter:data1\" content=\"1 minuutti\" \/>\n<script type=\"application\/ld+json\" class=\"yoast-schema-graph\">{\"@context\":\"https:\/\/schema.org\",\"@graph\":[{\"@type\":\"WebPage\",\"@id\":\"https:\/\/sey.fi\/salo\/salon-elainsuojelu\/kotia-etsivat\/kodin-saaneet\/\",\"url\":\"https:\/\/sey.fi\/salo\/salon-elainsuojelu\/kotia-etsivat\/kodin-saaneet\/\",\"name\":\"Kodin saaneet - Salon seudun el\u00e4insuojeluyhdistys\",\"isPartOf\":{\"@id\":\"https:\/\/sey.fi\/salo\/#website\"},\"datePublished\":\"2023-05-08T05:46:04+00:00\",\"dateModified\":\"2024-03-03T15:34:31+00:00\",\"breadcrumb\":{\"@id\":\"https:\/\/sey.fi\/salo\/salon-elainsuojelu\/kotia-etsivat\/kodin-saaneet\/#breadcrumb\"},\"inLanguage\":\"fi\",\"potentialAction\":[{\"@type\":\"ReadAction\",\"target\":[\"https:\/\/sey.fi\/salo\/salon-elainsuojelu\/kotia-etsivat\/kodin-saaneet\/\"]}]},{\"@type\":\"BreadcrumbList\",\"@id\":\"https:\/\/sey.fi\/salo\/salon-elainsuojelu\/kotia-etsivat\/kodin-saaneet\/#breadcrumb\",\"itemListElement\":[{\"@type\":\"ListItem\",\"position\":1,\"name\":\"Home\",\"item\":\"https:\/\/sey.fi\/salo\/\"},{\"@type\":\"ListItem\",\"position\":2,\"name\":\"Salon Seudun El\u00e4insuojeluyhdistys\",\"item\":\"https:\/\/sey.fi\/salo\/\"},{\"@type\":\"ListItem\",\"position\":3,\"name\":\"Kotia etsiv\u00e4t\",\"item\":\"https:\/\/sey.fi\/salo\/salon-elainsuojelu\/kotia-etsivat\/\"},{\"@type\":\"ListItem\",\"position\":4,\"name\":\"Kodin saaneet\"}]},{\"@type\":\"WebSite\",\"@id\":\"https:\/\/sey.fi\/salo\/#website\",\"url\":\"https:\/\/sey.fi\/salo\/\",\"name\":\"Salon seudun el\u00e4insuojeluyhdistys\",\"description\":\"Uusi SEY J\u00e4senyhdistykset -sivusto\",\"potentialAction\":[{\"@type\":\"SearchAction\",\"target\":{\"@type\":\"EntryPoint\",\"urlTemplate\":\"https:\/\/sey.fi\/salo\/?s={search_term_string}\"},\"query-input\":{\"@type\":\"PropertyValueSpecification\",\"valueRequired\":true,\"valueName\":\"search_term_string\"}}],\"inLanguage\":\"fi\"}]}<\/script>\n<!-- \/ Yoast SEO plugin. -->","yoast_head_json":{"title":"Kodin saaneet - Salon seudun el\u00e4insuojeluyhdistys","robots":{"index":"index","follow":"follow","max-snippet":"max-snippet:-1","max-image-preview":"max-image-preview:large","max-video-preview":"max-video-preview:-1"},"canonical":"https:\/\/sey.fi\/salo\/salon-elainsuojelu\/kotia-etsivat\/kodin-saaneet\/","og_locale":"fi_FI","og_type":"article","og_title":"Kodin saaneet - Salon seudun el\u00e4insuojeluyhdistys","og_description":"Kodin saaneita el\u00e4imi\u00e4 l\u00f6yd\u00e4t Facebook-sivuiltamme. Sinun ei tarvitse olla Facebookin rekister\u00f6itynyt k\u00e4ytt\u00e4j\u00e4 n\u00e4hd\u00e4ksesi kuvat. Kodin saaneet 2024 Kodin saaneet 2023 Kodin saaneet 2022 Kodin saaneet 2021 Kodin saaneet 2012-2020 Sijoitettujen el\u00e4inten kuulumiset pirist\u00e4v\u00e4t vapaaehtoistemme p\u00e4iv\u00e4\u00e4, vuosienkin takaa! Jos haluat laittaa karvakorvasi kuulumisia ja puhelinnumerot ovat jo hukuksissa, voit l\u00e4hett\u00e4\u00e4 kuulumisia s\u00e4hk\u00f6postitse.","og_url":"https:\/\/sey.fi\/salo\/salon-elainsuojelu\/kotia-etsivat\/kodin-saaneet\/","og_site_name":"Salon seudun el\u00e4insuojeluyhdistys","article_modified_time":"2024-03-03T15:34:31+00:00","twitter_card":"summary_large_image","twitter_misc":{"Arvioitu lukuaika":"1 minuutti"},"schema":{"@context":"https:\/\/schema.org","@graph":[{"@type":"WebPage","@id":"https:\/\/sey.fi\/salo\/salon-elainsuojelu\/kotia-etsivat\/kodin-saaneet\/","url":"https:\/\/sey.fi\/salo\/salon-elainsuojelu\/kotia-etsivat\/kodin-saaneet\/","name":"Kodin saaneet - Salon seudun el\u00e4insuojeluyhdistys","isPartOf":{"@id":"https:\/\/sey.fi\/salo\/#website"},"datePublished":"2023-05-08T05:46:04+00:00","dateModified":"2024-03-03T15:34:31+00:00","breadcrumb":{"@id":"https:\/\/sey.fi\/salo\/salon-elainsuojelu\/kotia-etsivat\/kodin-saaneet\/#breadcrumb"},"inLanguage":"fi","potentialAction":[{"@type":"ReadAction","target":["https:\/\/sey.fi\/salo\/salon-elainsuojelu\/kotia-etsivat\/kodin-saaneet\/"]}]},{"@type":"BreadcrumbList","@id":"https:\/\/sey.fi\/salo\/salon-elainsuojelu\/kotia-etsivat\/kodin-saaneet\/#breadcrumb","itemListElement":[{"@type":"ListItem","position":1,"name":"Home","item":"https:\/\/sey.fi\/salo\/"},{"@type":"ListItem","position":2,"name":"Salon Seudun El\u00e4insuojeluyhdistys","item":"https:\/\/sey.fi\/salo\/"},{"@type":"ListItem","position":3,"name":"Kotia etsiv\u00e4t","item":"https:\/\/sey.fi\/salo\/salon-elainsuojelu\/kotia-etsivat\/"},{"@type":"ListItem","position":4,"name":"Kodin saaneet"}]},{"@type":"WebSite","@id":"https:\/\/sey.fi\/salo\/#website","url":"https:\/\/sey.fi\/salo\/","name":"Salon seudun el\u00e4insuojeluyhdistys","description":"Uusi SEY J\u00e4senyhdistykset -sivusto","potentialAction":[{"@type":"SearchAction","target":{"@type":"EntryPoint","urlTemplate":"https:\/\/sey.fi\/salo\/?s={search_term_string}"},"query-input":{"@type":"PropertyValueSpecification","valueRequired":true,"valueName":"search_term_string"}}],"inLanguage":"fi"}]}},"_links":{"self":[{"href":"https:\/\/sey.fi\/salo\/wp-json\/wp\/v2\/pages\/616","targetHints":{"allow":["GET"]}}],"collection":[{"href":"https:\/\/sey.fi\/salo\/wp-json\/wp\/v2\/pages"}],"about":[{"href":"https:\/\/sey.fi\/salo\/wp-json\/wp\/v2\/types\/page"}],"author":[{"embeddable":true,"href":"https:\/\/sey.fi\/salo\/wp-json\/wp\/v2\/users\/25"}],"replies":[{"embeddable":true,"href":"https:\/\/sey.fi\/salo\/wp-json\/wp\/v2\/comments?post=616"}],"version-history":[{"count":3,"href":"https:\/\/sey.fi\/salo\/wp-json\/wp\/v2\/pages\/616\/revisions"}],"predecessor-version":[{"id":1034,"href":"https:\/\/sey.fi\/salo\/wp-json\/wp\/v2\/pages\/616\/revisions\/1034"}],"up":[{"embeddable":true,"href":"https:\/\/sey.fi\/salo\/wp-json\/wp\/v2\/pages\/588"}],"wp:attachment":[{"href":"https:\/\/sey.fi\/salo\/wp-json\/wp\/v2\/media?parent=616"}],"curies":[{"name":"wp","href":"https:\/\/api.w.org\/{rel}","templated":true}]}}