{"id":620,"date":"2023-05-08T09:17:40","date_gmt":"2023-05-08T06:17:40","guid":{"rendered":"https:\/\/sey.fi\/salo\/?page_id=620"},"modified":"2024-04-30T14:28:46","modified_gmt":"2024-04-30T11:28:46","slug":"liity-sseyn-jaseneksi","status":"publish","type":"page","link":"https:\/\/sey.fi\/salo\/salon-elainsuojelu\/tue-toimintaa\/liity-sseyn-jaseneksi\/","title":{"rendered":"Liity SSEY:n j\u00e4seneksi"},"content":{"rendered":"\n<p>Suurin osa j\u00e4senist\u00e4mme on kannatusj\u00e4seni\u00e4, jotka kannattavat toimintaa j\u00e4senmaksun kautta. Liittym\u00e4ll\u00e4 Salon Seudun El\u00e4insuojeluyhdistyksen (SSEY:n) j\u00e4seneksi lis\u00e4\u00e4t el\u00e4inten hyvinvoinnin painoarvoa yhteiskunnassamme ja olet mukana el\u00e4insuojeluty\u00f6ss\u00e4. Yhdistys tekee ty\u00f6t\u00e4 el\u00e4inten hyv\u00e4ksi j\u00e4senmaksujen ja lahjoitusten turvin. Salon Seudun El\u00e4insuojeluyhdistyksess\u00e4 oli vuonna 2022 212 j\u00e4sent\u00e4.<\/p>\n\n\n\n<p>J\u00e4seneksi liittyminen tapahtuu Suomen El\u00e4insuojeluyhdistysten Liiton (SEY:n) sivujen kautta, muistathan valita j\u00e4senyhdistykseksi Salon Seudun El\u00e4insuojeluyhdistyksen.<\/p>\n\n\n\n<h2 class=\"wp-block-heading\">Salon Seudun El\u00e4insuojeluyhdistyksen j\u00e4senmaksut vuodelle 2024<\/h2>\n\n\n\n<p><em><strong>My\u00f6s sin\u00e4 voit&nbsp;tukea toimintaamme&nbsp;j\u00e4senmaksullasi.&nbsp;<\/strong><\/em><\/p>\n\n\n\n<ul class=\"wp-block-list\">\n<li>Aikuinen, <strong><em>35\u20ac\/v<\/em><\/strong><\/li>\n\n\n\n<li>Nuorisoj\u00e4sen (alle 15 v.),<strong><em> 25\u20ac\/v<\/em><\/strong><\/li>\n\n\n\n<li>Perheenj\u00e4sen, <strong><em>25\u20ac\/v<\/em><\/strong><\/li>\n\n\n\n<li>Kannatusj\u00e4sen, <strong><em>250\u20ac\/v<\/em><\/strong><\/li>\n\n\n\n<li>Ainaisj\u00e4sen, <strong><em>350\u20ac\/v<\/em><\/strong><\/li>\n<\/ul>\n\n\n\n<p>J\u00e4seneksi voit liitty\u00e4&nbsp;<a href=\"https:\/\/sey.fi\/osallistu-ja-vaikuta\/liity-jaseneksi\/\"><em>t\u00e4\u00e4ll\u00e4<\/em><\/a>.<\/p>\n\n\n\n<p><em><strong>Kiitos tuestasi ja tervetuloa mukaan!<\/strong><\/em><\/p>\n\n\n\n<h2 class=\"wp-block-heading\">SEY:n El\u00e4inten Yst\u00e4v\u00e4 -lehti<\/h2>\n\n\n\n<p>J\u00e4senen\u00e4mme saat SEY:n <strong>El\u00e4inten Yst\u00e4v\u00e4 <\/strong>-lehden kaksi kertaa vuodessa. Lehti alkaa&nbsp;saapua heti, vaikka yhdistykseen liittyisi vasta loppuvuodesta. Jos lehden tulossa on pient\u00e4kin ongelmaa, voit informoida yhdistyst\u00e4 asiasta yleiseen s\u00e4hk\u00f6postiin.<\/p>\n\n\n\n<p>Lue lis\u00e4\u00e4 SEY:n\u00a0<a href=\"https:\/\/sey.fi\/sey\/elainten-ystava\/\">El\u00e4inten Yst\u00e4v\u00e4<\/a>\u00a0-lehdest\u00e4.<br>SEY l\u00e4hett\u00e4\u00e4 postitse laskun j\u00e4senmaksusta kev\u00e4isin ja lasku tulee aina koko vuodesta.<\/p>\n\n\n\n<h2 class=\"wp-block-heading\">Osoitteenmuutos<\/h2>\n\n\n\n<h3 class=\"wp-block-heading\">Muuttuiko kotiosoitteesi&nbsp;tai s\u00e4hk\u00f6postiosoitteesi?<\/h3>\n\n\n\n<p>Muistathan ilmoittaa\u00a0osoitteesi muuttumisesta. N\u00e4in sinulle tulee katkeamattomasti SEYn<strong> El\u00e4inten Yst\u00e4v\u00e4 -lehti<\/strong>.<br>Voit ilmoittaa osoitteenmuutoksestasi\u00a0<a href=\"https:\/\/sey.fi\/yhteystiedot\/lahjoittajapalvelu\/muutosilmoitus\/\">t\u00e4\u00e4lt\u00e4<\/a>\u00a0tai l\u00e4hett\u00e4m\u00e4ll\u00e4 s\u00e4hk\u00f6postia osoitteeseen: <a href=\"mailto:jasensihteeri@ssey.fi\">jasensihteeri@ssey.fi<\/a><br><a href=\"mailto:jasensihteeri.ssey@gmail.com\"><\/a><\/p>\n\n\n\n<p><em><strong>Kiitos!<\/strong><\/em><\/p>\n","protected":false},"excerpt":{"rendered":"<p>Suurin osa j\u00e4senist\u00e4mme on kannatusj\u00e4seni\u00e4, jotka kannattavat toimintaa j\u00e4senmaksun kautta. Liittym\u00e4ll\u00e4 Salon Seudun El\u00e4insuojeluyhdistyksen (SSEY:n) j\u00e4seneksi lis\u00e4\u00e4t el\u00e4inten hyvinvoinnin painoarvoa yhteiskunnassamme ja olet mukana el\u00e4insuojeluty\u00f6ss\u00e4. Yhdistys tekee ty\u00f6t\u00e4 el\u00e4inten hyv\u00e4ksi j\u00e4senmaksujen ja lahjoitusten turvin. Salon Seudun El\u00e4insuojeluyhdistyksess\u00e4 oli vuonna 2022 212 j\u00e4sent\u00e4. J\u00e4seneksi liittyminen tapahtuu Suomen El\u00e4insuojeluyhdistysten Liiton (SEY:n) sivujen kautta, muistathan valita j\u00e4senyhdistykseksi Salon [&hellip;]<\/p>\n","protected":false},"author":25,"featured_media":0,"parent":546,"menu_order":0,"comment_status":"closed","ping_status":"closed","template":"","meta":{"_acf_changed":false,"footnotes":""},"class_list":["post-620","page","type-page","status-publish","hentry"],"acf":[],"yoast_head":"<!-- This site is optimized with the Yoast SEO plugin v27.1.1 - https:\/\/yoast.com\/product\/yoast-seo-wordpress\/ -->\n<title>Liity SSEY:n j\u00e4seneksi - Salon seudun el\u00e4insuojeluyhdistys<\/title>\n<meta name=\"robots\" content=\"index, follow, max-snippet:-1, max-image-preview:large, max-video-preview:-1\" \/>\n<link rel=\"canonical\" href=\"https:\/\/sey.fi\/salo\/salon-elainsuojelu\/tue-toimintaa\/liity-sseyn-jaseneksi\/\" \/>\n<meta property=\"og:locale\" content=\"fi_FI\" \/>\n<meta property=\"og:type\" content=\"article\" \/>\n<meta property=\"og:title\" content=\"Liity SSEY:n j\u00e4seneksi - Salon seudun el\u00e4insuojeluyhdistys\" \/>\n<meta property=\"og:description\" content=\"Suurin osa j\u00e4senist\u00e4mme on kannatusj\u00e4seni\u00e4, jotka kannattavat toimintaa j\u00e4senmaksun kautta. Liittym\u00e4ll\u00e4 Salon Seudun El\u00e4insuojeluyhdistyksen (SSEY:n) j\u00e4seneksi lis\u00e4\u00e4t el\u00e4inten hyvinvoinnin painoarvoa yhteiskunnassamme ja olet mukana el\u00e4insuojeluty\u00f6ss\u00e4. Yhdistys tekee ty\u00f6t\u00e4 el\u00e4inten hyv\u00e4ksi j\u00e4senmaksujen ja lahjoitusten turvin. Salon Seudun El\u00e4insuojeluyhdistyksess\u00e4 oli vuonna 2022 212 j\u00e4sent\u00e4. J\u00e4seneksi liittyminen tapahtuu Suomen El\u00e4insuojeluyhdistysten Liiton (SEY:n) sivujen kautta, muistathan valita j\u00e4senyhdistykseksi Salon [&hellip;]\" \/>\n<meta property=\"og:url\" content=\"https:\/\/sey.fi\/salo\/salon-elainsuojelu\/tue-toimintaa\/liity-sseyn-jaseneksi\/\" \/>\n<meta property=\"og:site_name\" content=\"Salon seudun el\u00e4insuojeluyhdistys\" \/>\n<meta property=\"article:modified_time\" content=\"2024-04-30T11:28:46+00:00\" \/>\n<meta name=\"twitter:card\" content=\"summary_large_image\" \/>\n<meta name=\"twitter:label1\" content=\"Arvioitu lukuaika\" \/>\n\t<meta name=\"twitter:data1\" content=\"2 minuuttia\" \/>\n<script type=\"application\/ld+json\" class=\"yoast-schema-graph\">{\"@context\":\"https:\/\/schema.org\",\"@graph\":[{\"@type\":\"WebPage\",\"@id\":\"https:\/\/sey.fi\/salo\/salon-elainsuojelu\/tue-toimintaa\/liity-sseyn-jaseneksi\/\",\"url\":\"https:\/\/sey.fi\/salo\/salon-elainsuojelu\/tue-toimintaa\/liity-sseyn-jaseneksi\/\",\"name\":\"Liity SSEY:n j\u00e4seneksi - Salon seudun el\u00e4insuojeluyhdistys\",\"isPartOf\":{\"@id\":\"https:\/\/sey.fi\/salo\/#website\"},\"datePublished\":\"2023-05-08T06:17:40+00:00\",\"dateModified\":\"2024-04-30T11:28:46+00:00\",\"breadcrumb\":{\"@id\":\"https:\/\/sey.fi\/salo\/salon-elainsuojelu\/tue-toimintaa\/liity-sseyn-jaseneksi\/#breadcrumb\"},\"inLanguage\":\"fi\",\"potentialAction\":[{\"@type\":\"ReadAction\",\"target\":[\"https:\/\/sey.fi\/salo\/salon-elainsuojelu\/tue-toimintaa\/liity-sseyn-jaseneksi\/\"]}]},{\"@type\":\"BreadcrumbList\",\"@id\":\"https:\/\/sey.fi\/salo\/salon-elainsuojelu\/tue-toimintaa\/liity-sseyn-jaseneksi\/#breadcrumb\",\"itemListElement\":[{\"@type\":\"ListItem\",\"position\":1,\"name\":\"Home\",\"item\":\"https:\/\/sey.fi\/salo\/\"},{\"@type\":\"ListItem\",\"position\":2,\"name\":\"Salon Seudun El\u00e4insuojeluyhdistys\",\"item\":\"https:\/\/sey.fi\/salo\/\"},{\"@type\":\"ListItem\",\"position\":3,\"name\":\"Tue toimintaa\",\"item\":\"https:\/\/sey.fi\/salo\/salon-elainsuojelu\/tue-toimintaa\/\"},{\"@type\":\"ListItem\",\"position\":4,\"name\":\"Liity SSEY:n j\u00e4seneksi\"}]},{\"@type\":\"WebSite\",\"@id\":\"https:\/\/sey.fi\/salo\/#website\",\"url\":\"https:\/\/sey.fi\/salo\/\",\"name\":\"Salon seudun el\u00e4insuojeluyhdistys\",\"description\":\"Uusi SEY J\u00e4senyhdistykset -sivusto\",\"potentialAction\":[{\"@type\":\"SearchAction\",\"target\":{\"@type\":\"EntryPoint\",\"urlTemplate\":\"https:\/\/sey.fi\/salo\/?s={search_term_string}\"},\"query-input\":{\"@type\":\"PropertyValueSpecification\",\"valueRequired\":true,\"valueName\":\"search_term_string\"}}],\"inLanguage\":\"fi\"}]}<\/script>\n<!-- \/ Yoast SEO plugin. -->","yoast_head_json":{"title":"Liity SSEY:n j\u00e4seneksi - Salon seudun el\u00e4insuojeluyhdistys","robots":{"index":"index","follow":"follow","max-snippet":"max-snippet:-1","max-image-preview":"max-image-preview:large","max-video-preview":"max-video-preview:-1"},"canonical":"https:\/\/sey.fi\/salo\/salon-elainsuojelu\/tue-toimintaa\/liity-sseyn-jaseneksi\/","og_locale":"fi_FI","og_type":"article","og_title":"Liity SSEY:n j\u00e4seneksi - Salon seudun el\u00e4insuojeluyhdistys","og_description":"Suurin osa j\u00e4senist\u00e4mme on kannatusj\u00e4seni\u00e4, jotka kannattavat toimintaa j\u00e4senmaksun kautta. Liittym\u00e4ll\u00e4 Salon Seudun El\u00e4insuojeluyhdistyksen (SSEY:n) j\u00e4seneksi lis\u00e4\u00e4t el\u00e4inten hyvinvoinnin painoarvoa yhteiskunnassamme ja olet mukana el\u00e4insuojeluty\u00f6ss\u00e4. Yhdistys tekee ty\u00f6t\u00e4 el\u00e4inten hyv\u00e4ksi j\u00e4senmaksujen ja lahjoitusten turvin. Salon Seudun El\u00e4insuojeluyhdistyksess\u00e4 oli vuonna 2022 212 j\u00e4sent\u00e4. J\u00e4seneksi liittyminen tapahtuu Suomen El\u00e4insuojeluyhdistysten Liiton (SEY:n) sivujen kautta, muistathan valita j\u00e4senyhdistykseksi Salon [&hellip;]","og_url":"https:\/\/sey.fi\/salo\/salon-elainsuojelu\/tue-toimintaa\/liity-sseyn-jaseneksi\/","og_site_name":"Salon seudun el\u00e4insuojeluyhdistys","article_modified_time":"2024-04-30T11:28:46+00:00","twitter_card":"summary_large_image","twitter_misc":{"Arvioitu lukuaika":"2 minuuttia"},"schema":{"@context":"https:\/\/schema.org","@graph":[{"@type":"WebPage","@id":"https:\/\/sey.fi\/salo\/salon-elainsuojelu\/tue-toimintaa\/liity-sseyn-jaseneksi\/","url":"https:\/\/sey.fi\/salo\/salon-elainsuojelu\/tue-toimintaa\/liity-sseyn-jaseneksi\/","name":"Liity SSEY:n j\u00e4seneksi - Salon seudun el\u00e4insuojeluyhdistys","isPartOf":{"@id":"https:\/\/sey.fi\/salo\/#website"},"datePublished":"2023-05-08T06:17:40+00:00","dateModified":"2024-04-30T11:28:46+00:00","breadcrumb":{"@id":"https:\/\/sey.fi\/salo\/salon-elainsuojelu\/tue-toimintaa\/liity-sseyn-jaseneksi\/#breadcrumb"},"inLanguage":"fi","potentialAction":[{"@type":"ReadAction","target":["https:\/\/sey.fi\/salo\/salon-elainsuojelu\/tue-toimintaa\/liity-sseyn-jaseneksi\/"]}]},{"@type":"BreadcrumbList","@id":"https:\/\/sey.fi\/salo\/salon-elainsuojelu\/tue-toimintaa\/liity-sseyn-jaseneksi\/#breadcrumb","itemListElement":[{"@type":"ListItem","position":1,"name":"Home","item":"https:\/\/sey.fi\/salo\/"},{"@type":"ListItem","position":2,"name":"Salon Seudun El\u00e4insuojeluyhdistys","item":"https:\/\/sey.fi\/salo\/"},{"@type":"ListItem","position":3,"name":"Tue toimintaa","item":"https:\/\/sey.fi\/salo\/salon-elainsuojelu\/tue-toimintaa\/"},{"@type":"ListItem","position":4,"name":"Liity SSEY:n j\u00e4seneksi"}]},{"@type":"WebSite","@id":"https:\/\/sey.fi\/salo\/#website","url":"https:\/\/sey.fi\/salo\/","name":"Salon seudun el\u00e4insuojeluyhdistys","description":"Uusi SEY J\u00e4senyhdistykset -sivusto","potentialAction":[{"@type":"SearchAction","target":{"@type":"EntryPoint","urlTemplate":"https:\/\/sey.fi\/salo\/?s={search_term_string}"},"query-input":{"@type":"PropertyValueSpecification","valueRequired":true,"valueName":"search_term_string"}}],"inLanguage":"fi"}]}},"_links":{"self":[{"href":"https:\/\/sey.fi\/salo\/wp-json\/wp\/v2\/pages\/620","targetHints":{"allow":["GET"]}}],"collection":[{"href":"https:\/\/sey.fi\/salo\/wp-json\/wp\/v2\/pages"}],"about":[{"href":"https:\/\/sey.fi\/salo\/wp-json\/wp\/v2\/types\/page"}],"author":[{"embeddable":true,"href":"https:\/\/sey.fi\/salo\/wp-json\/wp\/v2\/users\/25"}],"replies":[{"embeddable":true,"href":"https:\/\/sey.fi\/salo\/wp-json\/wp\/v2\/comments?post=620"}],"version-history":[{"count":8,"href":"https:\/\/sey.fi\/salo\/wp-json\/wp\/v2\/pages\/620\/revisions"}],"predecessor-version":[{"id":1106,"href":"https:\/\/sey.fi\/salo\/wp-json\/wp\/v2\/pages\/620\/revisions\/1106"}],"up":[{"embeddable":true,"href":"https:\/\/sey.fi\/salo\/wp-json\/wp\/v2\/pages\/546"}],"wp:attachment":[{"href":"https:\/\/sey.fi\/salo\/wp-json\/wp\/v2\/media?parent=620"}],"curies":[{"name":"wp","href":"https:\/\/api.w.org\/{rel}","templated":true}]}}