{"id":622,"date":"2023-05-08T09:48:26","date_gmt":"2023-05-08T06:48:26","guid":{"rendered":"https:\/\/sey.fi\/salo\/?page_id=622"},"modified":"2024-06-12T10:54:53","modified_gmt":"2024-06-12T07:54:53","slug":"elainsuojeluneuvonta","status":"publish","type":"page","link":"https:\/\/sey.fi\/salo\/salon-elainsuojelu\/elainsuojelu\/elainsuojeluneuvonta\/","title":{"rendered":"El\u00e4insuojeluneuvonta"},"content":{"rendered":"\n<h3 class=\"wp-block-heading\">Vapaaehtoiset el\u00e4insuojeluneuvojat<\/h3>\n\n\n\n<p>El\u00e4insuojeluviranomaisten apuna el\u00e4insuojeluvalvontaa kunnissa tekev\u00e4t Suomen El\u00e4insuojeluyhdistysten liitto ry:n (SEY:n) valtuuttamat&nbsp;<a href=\"https:\/\/sey.fi\/elainsuojeluneuvojat\/\" target=\"_blank\" rel=\"noreferrer noopener\">el\u00e4insuojeluneuvojat<\/a>, jotka ovat vapaaehtoisia el\u00e4insuojeluneuvontaan koulutettuja kansalaisia, ja jotka tekev\u00e4t arvokasta el\u00e4insuojeluty\u00f6t\u00e4 oman ansioty\u00f6ns\u00e4 ja muun el\u00e4m\u00e4ns\u00e4 rinnalla. Yhteystiedoissa onkin mainittu, mik\u00e4li neuvojalla on puhelinaika, jolloin h\u00e4n on tavoitettavissa. Soitathan uudelleen tai j\u00e4t\u00e4t viestin, jos neuvoja ei heti vastaa.<\/p>\n\n\n\n<p>Salon alueella puhelinneuvontaa antavat Turusta k\u00e4sin:<\/p>\n\n\n\n<p><strong>Taru S\u00e4teri<\/strong><br>Puh. <em>0400 737 739<\/em><\/p>\n\n\n\n<p><strong>Sini Kielo<\/strong><br>Puh. <em>040 740 7390<\/em> \/ vain luonnonvaraiset el\u00e4imet<\/p>\n\n\n\n<p>Vapaaehtoiset el\u00e4insuojeluneuvojat k\u00e4yv\u00e4t saamiensa ilmoitusten perusteella tarkastamassa paikkoja, joissa ep\u00e4ill\u00e4\u00e4n el\u00e4inten huonoa kohtelua tai hoitoa. Useimmat tapaukset ovat lievi\u00e4 ja asioihin saadaan korjaus neuvomalla ja keskustelemalla. Vakavissa tapauksissa asiat siirret\u00e4\u00e4n viranomaisten hoidettavaksi.<\/p>\n\n\n\n<p>On t\u00e4rke\u00e4\u00e4 muistaa, ett\u00e4 el\u00e4insuojeluneuvojilla on vaitiolovelvollisuus eli ilmoituksen tekij\u00e4 ei tule ilmiannon kohteen tietoon \u2013 ilmoituksen tekoa ei siis kannata lyk\u00e4t\u00e4 t\u00e4m\u00e4n pelon takia. Jokainen tieto k\u00e4sitell\u00e4\u00e4n luottamuksella, ilmoittajaa ei kerrota eteenp\u00e4in. Voit soittaa jopa anonyymin\u00e4.<\/p>\n\n\n\n<p>Jos ep\u00e4ilet, ett\u00e4 joku kohtelee el\u00e4int\u00e4\u00e4n huonosti, kannattaa ottaa yhteytt\u00e4 ensisijaisesti Varsinais-Suomen alueella toimiviin el\u00e4insuojeluneuvojiin, jotka voivat k\u00e4yd\u00e4 tarkastamassa tilanteen. Tarvittaessa he pyyt\u00e4v\u00e4t kunnan el\u00e4insuojeluviranomaisten apua. Voit ottaa yhteytt\u00e4 my\u00f6s suoraan kyseess\u00e4 olevan kunnan el\u00e4inl\u00e4\u00e4k\u00e4riin, terveystarkastajaan tai h\u00e4t\u00e4tapauksissa poliisiin. Vasta ilmoituksen perusteella viranomaiset voivat puuttua el\u00e4inten huonoon kohteluun.<\/p>\n\n\n\n<p>Voit tehd\u00e4 my\u00f6s s\u00e4hk\u00f6isen el\u00e4insuojeluilmoituksen <a href=\"https:\/\/sey.fi\/tee-elainsuojeluilmoitus\/\" target=\"_blank\" rel=\"noreferrer noopener\">t\u00e4\u00e4ll\u00e4<\/a>.<\/p>\n\n\n\n<p>El\u00e4insuojeluneuvojat antavat apuja puhelimitse my\u00f6s luonnonvaraisten el\u00e4inten auttamisessa. Jos kohtaat mahdollisesti h\u00e4d\u00e4ss\u00e4 olevan el\u00e4imen, ole ensisijaisesti yhteydess\u00e4 alueemme el\u00e4insuojeluneuvojaan. <\/p>\n\n\n<div class=\"wp-block-image is-style-rounded\">\n<figure class=\"aligncenter size-full\"><a href=\"https:\/\/sey.fi\/elainsuojeluneuvojat\/\" target=\"_blank\" rel=\"noreferrer noopener\"><img loading=\"lazy\" decoding=\"async\" width=\"200\" height=\"200\" src=\"https:\/\/sey.fi\/wp-content\/uploads\/sites\/28\/2023\/05\/elainsuojeluneuvoja-haku-orava.jpg\" alt=\"\" class=\"wp-image-623\" srcset=\"https:\/\/sey.fi\/wp-content\/uploads\/sites\/28\/2023\/05\/elainsuojeluneuvoja-haku-orava.jpg 200w, https:\/\/sey.fi\/wp-content\/uploads\/sites\/28\/2023\/05\/elainsuojeluneuvoja-haku-orava-150x150.jpg 150w, https:\/\/sey.fi\/wp-content\/uploads\/sites\/28\/2023\/05\/elainsuojeluneuvoja-haku-orava-160x160.jpg 160w\" sizes=\"auto, (max-width: 200px) 100vw, 200px\" \/><\/a><\/figure><\/div>\n\n\n<h2 class=\"wp-block-heading has-text-align-center\"><a href=\"https:\/\/sey.fi\/elainsuojeluneuvojat\/\" target=\"_blank\" rel=\"noreferrer noopener\">Etsi l\u00e4hin el\u00e4insuojeluneuvoja<\/a><\/h2>\n","protected":false},"excerpt":{"rendered":"<p>Vapaaehtoiset el\u00e4insuojeluneuvojat El\u00e4insuojeluviranomaisten apuna el\u00e4insuojeluvalvontaa kunnissa tekev\u00e4t Suomen El\u00e4insuojeluyhdistysten liitto ry:n (SEY:n) valtuuttamat&nbsp;el\u00e4insuojeluneuvojat, jotka ovat vapaaehtoisia el\u00e4insuojeluneuvontaan koulutettuja kansalaisia, ja jotka tekev\u00e4t arvokasta el\u00e4insuojeluty\u00f6t\u00e4 oman ansioty\u00f6ns\u00e4 ja muun el\u00e4m\u00e4ns\u00e4 rinnalla. Yhteystiedoissa onkin mainittu, mik\u00e4li neuvojalla on puhelinaika, jolloin h\u00e4n on tavoitettavissa. Soitathan uudelleen tai j\u00e4t\u00e4t viestin, jos neuvoja ei heti vastaa. Salon alueella puhelinneuvontaa antavat [&hellip;]<\/p>\n","protected":false},"author":25,"featured_media":0,"parent":627,"menu_order":0,"comment_status":"closed","ping_status":"closed","template":"","meta":{"_acf_changed":false,"footnotes":""},"class_list":["post-622","page","type-page","status-publish","hentry"],"acf":[],"yoast_head":"<!-- This site is optimized with the Yoast SEO plugin v27.1.1 - https:\/\/yoast.com\/product\/yoast-seo-wordpress\/ -->\n<title>El\u00e4insuojeluneuvonta - Salon seudun el\u00e4insuojeluyhdistys<\/title>\n<meta name=\"robots\" content=\"index, follow, max-snippet:-1, max-image-preview:large, max-video-preview:-1\" \/>\n<link rel=\"canonical\" href=\"https:\/\/sey.fi\/salo\/salon-elainsuojelu\/elainsuojelu\/elainsuojeluneuvonta\/\" \/>\n<meta property=\"og:locale\" content=\"fi_FI\" \/>\n<meta property=\"og:type\" content=\"article\" \/>\n<meta property=\"og:title\" content=\"El\u00e4insuojeluneuvonta - Salon seudun el\u00e4insuojeluyhdistys\" \/>\n<meta property=\"og:description\" content=\"Vapaaehtoiset el\u00e4insuojeluneuvojat El\u00e4insuojeluviranomaisten apuna el\u00e4insuojeluvalvontaa kunnissa tekev\u00e4t Suomen El\u00e4insuojeluyhdistysten liitto ry:n (SEY:n) valtuuttamat&nbsp;el\u00e4insuojeluneuvojat, jotka ovat vapaaehtoisia el\u00e4insuojeluneuvontaan koulutettuja kansalaisia, ja jotka tekev\u00e4t arvokasta el\u00e4insuojeluty\u00f6t\u00e4 oman ansioty\u00f6ns\u00e4 ja muun el\u00e4m\u00e4ns\u00e4 rinnalla. Yhteystiedoissa onkin mainittu, mik\u00e4li neuvojalla on puhelinaika, jolloin h\u00e4n on tavoitettavissa. Soitathan uudelleen tai j\u00e4t\u00e4t viestin, jos neuvoja ei heti vastaa. Salon alueella puhelinneuvontaa antavat [&hellip;]\" \/>\n<meta property=\"og:url\" content=\"https:\/\/sey.fi\/salo\/salon-elainsuojelu\/elainsuojelu\/elainsuojeluneuvonta\/\" \/>\n<meta property=\"og:site_name\" content=\"Salon seudun el\u00e4insuojeluyhdistys\" \/>\n<meta property=\"article:modified_time\" content=\"2024-06-12T07:54:53+00:00\" \/>\n<meta property=\"og:image\" content=\"https:\/\/sey.fi\/wp-content\/uploads\/sites\/28\/2023\/05\/elainsuojeluneuvoja-haku-orava.jpg\" \/>\n<meta name=\"twitter:card\" content=\"summary_large_image\" \/>\n<meta name=\"twitter:label1\" content=\"Arvioitu lukuaika\" \/>\n\t<meta name=\"twitter:data1\" content=\"2 minuuttia\" \/>\n<script type=\"application\/ld+json\" class=\"yoast-schema-graph\">{\"@context\":\"https:\/\/schema.org\",\"@graph\":[{\"@type\":\"WebPage\",\"@id\":\"https:\/\/sey.fi\/salo\/salon-elainsuojelu\/elainsuojelu\/elainsuojeluneuvonta\/\",\"url\":\"https:\/\/sey.fi\/salo\/salon-elainsuojelu\/elainsuojelu\/elainsuojeluneuvonta\/\",\"name\":\"El\u00e4insuojeluneuvonta - Salon seudun el\u00e4insuojeluyhdistys\",\"isPartOf\":{\"@id\":\"https:\/\/sey.fi\/salo\/#website\"},\"primaryImageOfPage\":{\"@id\":\"https:\/\/sey.fi\/salo\/salon-elainsuojelu\/elainsuojelu\/elainsuojeluneuvonta\/#primaryimage\"},\"image\":{\"@id\":\"https:\/\/sey.fi\/salo\/salon-elainsuojelu\/elainsuojelu\/elainsuojeluneuvonta\/#primaryimage\"},\"thumbnailUrl\":\"https:\/\/sey.fi\/wp-content\/uploads\/sites\/28\/2023\/05\/elainsuojeluneuvoja-haku-orava.jpg\",\"datePublished\":\"2023-05-08T06:48:26+00:00\",\"dateModified\":\"2024-06-12T07:54:53+00:00\",\"breadcrumb\":{\"@id\":\"https:\/\/sey.fi\/salo\/salon-elainsuojelu\/elainsuojelu\/elainsuojeluneuvonta\/#breadcrumb\"},\"inLanguage\":\"fi\",\"potentialAction\":[{\"@type\":\"ReadAction\",\"target\":[\"https:\/\/sey.fi\/salo\/salon-elainsuojelu\/elainsuojelu\/elainsuojeluneuvonta\/\"]}]},{\"@type\":\"ImageObject\",\"inLanguage\":\"fi\",\"@id\":\"https:\/\/sey.fi\/salo\/salon-elainsuojelu\/elainsuojelu\/elainsuojeluneuvonta\/#primaryimage\",\"url\":\"https:\/\/sey.fi\/wp-content\/uploads\/sites\/28\/2023\/05\/elainsuojeluneuvoja-haku-orava.jpg\",\"contentUrl\":\"https:\/\/sey.fi\/wp-content\/uploads\/sites\/28\/2023\/05\/elainsuojeluneuvoja-haku-orava.jpg\"},{\"@type\":\"BreadcrumbList\",\"@id\":\"https:\/\/sey.fi\/salo\/salon-elainsuojelu\/elainsuojelu\/elainsuojeluneuvonta\/#breadcrumb\",\"itemListElement\":[{\"@type\":\"ListItem\",\"position\":1,\"name\":\"Home\",\"item\":\"https:\/\/sey.fi\/salo\/\"},{\"@type\":\"ListItem\",\"position\":2,\"name\":\"Salon Seudun El\u00e4insuojeluyhdistys\",\"item\":\"https:\/\/sey.fi\/salo\/\"},{\"@type\":\"ListItem\",\"position\":3,\"name\":\"El\u00e4insuojelu\",\"item\":\"https:\/\/sey.fi\/salo\/salon-elainsuojelu\/elainsuojelu\/\"},{\"@type\":\"ListItem\",\"position\":4,\"name\":\"El\u00e4insuojeluneuvonta\"}]},{\"@type\":\"WebSite\",\"@id\":\"https:\/\/sey.fi\/salo\/#website\",\"url\":\"https:\/\/sey.fi\/salo\/\",\"name\":\"Salon seudun el\u00e4insuojeluyhdistys\",\"description\":\"Uusi SEY J\u00e4senyhdistykset -sivusto\",\"potentialAction\":[{\"@type\":\"SearchAction\",\"target\":{\"@type\":\"EntryPoint\",\"urlTemplate\":\"https:\/\/sey.fi\/salo\/?s={search_term_string}\"},\"query-input\":{\"@type\":\"PropertyValueSpecification\",\"valueRequired\":true,\"valueName\":\"search_term_string\"}}],\"inLanguage\":\"fi\"}]}<\/script>\n<!-- \/ Yoast SEO plugin. -->","yoast_head_json":{"title":"El\u00e4insuojeluneuvonta - Salon seudun el\u00e4insuojeluyhdistys","robots":{"index":"index","follow":"follow","max-snippet":"max-snippet:-1","max-image-preview":"max-image-preview:large","max-video-preview":"max-video-preview:-1"},"canonical":"https:\/\/sey.fi\/salo\/salon-elainsuojelu\/elainsuojelu\/elainsuojeluneuvonta\/","og_locale":"fi_FI","og_type":"article","og_title":"El\u00e4insuojeluneuvonta - Salon seudun el\u00e4insuojeluyhdistys","og_description":"Vapaaehtoiset el\u00e4insuojeluneuvojat El\u00e4insuojeluviranomaisten apuna el\u00e4insuojeluvalvontaa kunnissa tekev\u00e4t Suomen El\u00e4insuojeluyhdistysten liitto ry:n (SEY:n) valtuuttamat&nbsp;el\u00e4insuojeluneuvojat, jotka ovat vapaaehtoisia el\u00e4insuojeluneuvontaan koulutettuja kansalaisia, ja jotka tekev\u00e4t arvokasta el\u00e4insuojeluty\u00f6t\u00e4 oman ansioty\u00f6ns\u00e4 ja muun el\u00e4m\u00e4ns\u00e4 rinnalla. Yhteystiedoissa onkin mainittu, mik\u00e4li neuvojalla on puhelinaika, jolloin h\u00e4n on tavoitettavissa. Soitathan uudelleen tai j\u00e4t\u00e4t viestin, jos neuvoja ei heti vastaa. Salon alueella puhelinneuvontaa antavat [&hellip;]","og_url":"https:\/\/sey.fi\/salo\/salon-elainsuojelu\/elainsuojelu\/elainsuojeluneuvonta\/","og_site_name":"Salon seudun el\u00e4insuojeluyhdistys","article_modified_time":"2024-06-12T07:54:53+00:00","og_image":[{"url":"https:\/\/sey.fi\/wp-content\/uploads\/sites\/28\/2023\/05\/elainsuojeluneuvoja-haku-orava.jpg","type":"","width":"","height":""}],"twitter_card":"summary_large_image","twitter_misc":{"Arvioitu lukuaika":"2 minuuttia"},"schema":{"@context":"https:\/\/schema.org","@graph":[{"@type":"WebPage","@id":"https:\/\/sey.fi\/salo\/salon-elainsuojelu\/elainsuojelu\/elainsuojeluneuvonta\/","url":"https:\/\/sey.fi\/salo\/salon-elainsuojelu\/elainsuojelu\/elainsuojeluneuvonta\/","name":"El\u00e4insuojeluneuvonta - Salon seudun el\u00e4insuojeluyhdistys","isPartOf":{"@id":"https:\/\/sey.fi\/salo\/#website"},"primaryImageOfPage":{"@id":"https:\/\/sey.fi\/salo\/salon-elainsuojelu\/elainsuojelu\/elainsuojeluneuvonta\/#primaryimage"},"image":{"@id":"https:\/\/sey.fi\/salo\/salon-elainsuojelu\/elainsuojelu\/elainsuojeluneuvonta\/#primaryimage"},"thumbnailUrl":"https:\/\/sey.fi\/wp-content\/uploads\/sites\/28\/2023\/05\/elainsuojeluneuvoja-haku-orava.jpg","datePublished":"2023-05-08T06:48:26+00:00","dateModified":"2024-06-12T07:54:53+00:00","breadcrumb":{"@id":"https:\/\/sey.fi\/salo\/salon-elainsuojelu\/elainsuojelu\/elainsuojeluneuvonta\/#breadcrumb"},"inLanguage":"fi","potentialAction":[{"@type":"ReadAction","target":["https:\/\/sey.fi\/salo\/salon-elainsuojelu\/elainsuojelu\/elainsuojeluneuvonta\/"]}]},{"@type":"ImageObject","inLanguage":"fi","@id":"https:\/\/sey.fi\/salo\/salon-elainsuojelu\/elainsuojelu\/elainsuojeluneuvonta\/#primaryimage","url":"https:\/\/sey.fi\/wp-content\/uploads\/sites\/28\/2023\/05\/elainsuojeluneuvoja-haku-orava.jpg","contentUrl":"https:\/\/sey.fi\/wp-content\/uploads\/sites\/28\/2023\/05\/elainsuojeluneuvoja-haku-orava.jpg"},{"@type":"BreadcrumbList","@id":"https:\/\/sey.fi\/salo\/salon-elainsuojelu\/elainsuojelu\/elainsuojeluneuvonta\/#breadcrumb","itemListElement":[{"@type":"ListItem","position":1,"name":"Home","item":"https:\/\/sey.fi\/salo\/"},{"@type":"ListItem","position":2,"name":"Salon Seudun El\u00e4insuojeluyhdistys","item":"https:\/\/sey.fi\/salo\/"},{"@type":"ListItem","position":3,"name":"El\u00e4insuojelu","item":"https:\/\/sey.fi\/salo\/salon-elainsuojelu\/elainsuojelu\/"},{"@type":"ListItem","position":4,"name":"El\u00e4insuojeluneuvonta"}]},{"@type":"WebSite","@id":"https:\/\/sey.fi\/salo\/#website","url":"https:\/\/sey.fi\/salo\/","name":"Salon seudun el\u00e4insuojeluyhdistys","description":"Uusi SEY J\u00e4senyhdistykset -sivusto","potentialAction":[{"@type":"SearchAction","target":{"@type":"EntryPoint","urlTemplate":"https:\/\/sey.fi\/salo\/?s={search_term_string}"},"query-input":{"@type":"PropertyValueSpecification","valueRequired":true,"valueName":"search_term_string"}}],"inLanguage":"fi"}]}},"_links":{"self":[{"href":"https:\/\/sey.fi\/salo\/wp-json\/wp\/v2\/pages\/622","targetHints":{"allow":["GET"]}}],"collection":[{"href":"https:\/\/sey.fi\/salo\/wp-json\/wp\/v2\/pages"}],"about":[{"href":"https:\/\/sey.fi\/salo\/wp-json\/wp\/v2\/types\/page"}],"author":[{"embeddable":true,"href":"https:\/\/sey.fi\/salo\/wp-json\/wp\/v2\/users\/25"}],"replies":[{"embeddable":true,"href":"https:\/\/sey.fi\/salo\/wp-json\/wp\/v2\/comments?post=622"}],"version-history":[{"count":5,"href":"https:\/\/sey.fi\/salo\/wp-json\/wp\/v2\/pages\/622\/revisions"}],"predecessor-version":[{"id":1135,"href":"https:\/\/sey.fi\/salo\/wp-json\/wp\/v2\/pages\/622\/revisions\/1135"}],"up":[{"embeddable":true,"href":"https:\/\/sey.fi\/salo\/wp-json\/wp\/v2\/pages\/627"}],"wp:attachment":[{"href":"https:\/\/sey.fi\/salo\/wp-json\/wp\/v2\/media?parent=622"}],"curies":[{"name":"wp","href":"https:\/\/api.w.org\/{rel}","templated":true}]}}