{"id":627,"date":"2023-05-08T10:20:56","date_gmt":"2023-05-08T07:20:56","guid":{"rendered":"https:\/\/sey.fi\/salo\/?page_id=627"},"modified":"2023-05-22T08:24:52","modified_gmt":"2023-05-22T05:24:52","slug":"elainsuojelu","status":"publish","type":"page","link":"https:\/\/sey.fi\/salo\/salon-elainsuojelu\/elainsuojelu\/","title":{"rendered":"El\u00e4insuojelu"},"content":{"rendered":"\n<p>El\u00e4insuojelu on jokaisen meid\u00e4n vastuulla. El\u00e4insuojeluvalvonta on viranomaisten asia. Kunnan- ja l\u00e4\u00e4ninel\u00e4inl\u00e4\u00e4k\u00e4rit, poliisit ja terveystarkastajat ovat el\u00e4insuojeluviranomaisia, joihin voi ottaa yhteytt\u00e4 jos ep\u00e4ilee el\u00e4int\u00e4 kohdeltavan huonosti. Suomen El\u00e4insuojeluyhdistysten liitto ry:n (SEY:n) vapaaehtoiset el\u00e4insuojeluneuvojat voivat my\u00f6s auttaa. T\u00e4lt\u00e4 sivulta l\u00f6yd\u00e4t tietoa k\u00e4yt\u00e4nn\u00f6n el\u00e4insuojelusta, vapaaehtoisista el\u00e4insuojeluneuvojista, viranomaisista ja siit\u00e4 mit\u00e4 itse voit tehd\u00e4 el\u00e4inten hyv\u00e4ksi.<\/p>\n\n\n\n<div class=\"wp-block-file\"><a id=\"wp-block-file--media-dc85145d-add4-47de-9b60-e2efce975d7c\" href=\"https:\/\/sey.fi\/wp-content\/uploads\/sites\/28\/2023\/05\/Toimi-nain-kun-elain-on-hadassa-UUSI.pdf\"><strong>Toimi n\u00e4in, kun el\u00e4in on h\u00e4d\u00e4ss\u00e4<\/strong><\/a><a href=\"https:\/\/sey.fi\/wp-content\/uploads\/sites\/28\/2023\/05\/Toimi-nain-kun-elain-on-hadassa-UUSI.pdf\" class=\"wp-block-file__button wp-element-button\" download aria-describedby=\"wp-block-file--media-dc85145d-add4-47de-9b60-e2efce975d7c\">Lataa<\/a><\/div>\n","protected":false},"excerpt":{"rendered":"<p>El\u00e4insuojelu on jokaisen meid\u00e4n vastuulla. El\u00e4insuojeluvalvonta on viranomaisten asia. Kunnan- ja l\u00e4\u00e4ninel\u00e4inl\u00e4\u00e4k\u00e4rit, poliisit ja terveystarkastajat ovat el\u00e4insuojeluviranomaisia, joihin voi ottaa yhteytt\u00e4 jos ep\u00e4ilee el\u00e4int\u00e4 kohdeltavan huonosti. Suomen El\u00e4insuojeluyhdistysten liitto ry:n (SEY:n) vapaaehtoiset el\u00e4insuojeluneuvojat voivat my\u00f6s auttaa. T\u00e4lt\u00e4 sivulta l\u00f6yd\u00e4t tietoa k\u00e4yt\u00e4nn\u00f6n el\u00e4insuojelusta, vapaaehtoisista el\u00e4insuojeluneuvojista, viranomaisista ja siit\u00e4 mit\u00e4 itse voit tehd\u00e4 el\u00e4inten hyv\u00e4ksi.<\/p>\n","protected":false},"author":25,"featured_media":0,"parent":2,"menu_order":0,"comment_status":"closed","ping_status":"closed","template":"","meta":{"_acf_changed":false,"footnotes":""},"class_list":["post-627","page","type-page","status-publish","hentry"],"acf":[],"yoast_head":"<!-- This site is optimized with the Yoast SEO plugin v27.1.1 - https:\/\/yoast.com\/product\/yoast-seo-wordpress\/ -->\n<title>El\u00e4insuojelu - Salon seudun el\u00e4insuojeluyhdistys<\/title>\n<meta name=\"robots\" content=\"index, follow, max-snippet:-1, max-image-preview:large, max-video-preview:-1\" \/>\n<link rel=\"canonical\" href=\"https:\/\/sey.fi\/salo\/salon-elainsuojelu\/elainsuojelu\/\" \/>\n<meta property=\"og:locale\" content=\"fi_FI\" \/>\n<meta property=\"og:type\" content=\"article\" \/>\n<meta property=\"og:title\" content=\"El\u00e4insuojelu - Salon seudun el\u00e4insuojeluyhdistys\" \/>\n<meta property=\"og:description\" content=\"El\u00e4insuojelu on jokaisen meid\u00e4n vastuulla. El\u00e4insuojeluvalvonta on viranomaisten asia. Kunnan- ja l\u00e4\u00e4ninel\u00e4inl\u00e4\u00e4k\u00e4rit, poliisit ja terveystarkastajat ovat el\u00e4insuojeluviranomaisia, joihin voi ottaa yhteytt\u00e4 jos ep\u00e4ilee el\u00e4int\u00e4 kohdeltavan huonosti. Suomen El\u00e4insuojeluyhdistysten liitto ry:n (SEY:n) vapaaehtoiset el\u00e4insuojeluneuvojat voivat my\u00f6s auttaa. T\u00e4lt\u00e4 sivulta l\u00f6yd\u00e4t tietoa k\u00e4yt\u00e4nn\u00f6n el\u00e4insuojelusta, vapaaehtoisista el\u00e4insuojeluneuvojista, viranomaisista ja siit\u00e4 mit\u00e4 itse voit tehd\u00e4 el\u00e4inten hyv\u00e4ksi.\" \/>\n<meta property=\"og:url\" content=\"https:\/\/sey.fi\/salo\/salon-elainsuojelu\/elainsuojelu\/\" \/>\n<meta property=\"og:site_name\" content=\"Salon seudun el\u00e4insuojeluyhdistys\" \/>\n<meta property=\"article:modified_time\" content=\"2023-05-22T05:24:52+00:00\" \/>\n<meta name=\"twitter:card\" content=\"summary_large_image\" \/>\n<meta name=\"twitter:label1\" content=\"Arvioitu lukuaika\" \/>\n\t<meta name=\"twitter:data1\" content=\"1 minuutti\" \/>\n<script type=\"application\/ld+json\" class=\"yoast-schema-graph\">{\"@context\":\"https:\/\/schema.org\",\"@graph\":[{\"@type\":\"WebPage\",\"@id\":\"https:\/\/sey.fi\/salo\/salon-elainsuojelu\/elainsuojelu\/\",\"url\":\"https:\/\/sey.fi\/salo\/salon-elainsuojelu\/elainsuojelu\/\",\"name\":\"El\u00e4insuojelu - Salon seudun el\u00e4insuojeluyhdistys\",\"isPartOf\":{\"@id\":\"https:\/\/sey.fi\/salo\/#website\"},\"datePublished\":\"2023-05-08T07:20:56+00:00\",\"dateModified\":\"2023-05-22T05:24:52+00:00\",\"breadcrumb\":{\"@id\":\"https:\/\/sey.fi\/salo\/salon-elainsuojelu\/elainsuojelu\/#breadcrumb\"},\"inLanguage\":\"fi\",\"potentialAction\":[{\"@type\":\"ReadAction\",\"target\":[\"https:\/\/sey.fi\/salo\/salon-elainsuojelu\/elainsuojelu\/\"]}]},{\"@type\":\"BreadcrumbList\",\"@id\":\"https:\/\/sey.fi\/salo\/salon-elainsuojelu\/elainsuojelu\/#breadcrumb\",\"itemListElement\":[{\"@type\":\"ListItem\",\"position\":1,\"name\":\"Home\",\"item\":\"https:\/\/sey.fi\/salo\/\"},{\"@type\":\"ListItem\",\"position\":2,\"name\":\"Salon Seudun El\u00e4insuojeluyhdistys\",\"item\":\"https:\/\/sey.fi\/salo\/\"},{\"@type\":\"ListItem\",\"position\":3,\"name\":\"El\u00e4insuojelu\"}]},{\"@type\":\"WebSite\",\"@id\":\"https:\/\/sey.fi\/salo\/#website\",\"url\":\"https:\/\/sey.fi\/salo\/\",\"name\":\"Salon seudun el\u00e4insuojeluyhdistys\",\"description\":\"Uusi SEY J\u00e4senyhdistykset -sivusto\",\"potentialAction\":[{\"@type\":\"SearchAction\",\"target\":{\"@type\":\"EntryPoint\",\"urlTemplate\":\"https:\/\/sey.fi\/salo\/?s={search_term_string}\"},\"query-input\":{\"@type\":\"PropertyValueSpecification\",\"valueRequired\":true,\"valueName\":\"search_term_string\"}}],\"inLanguage\":\"fi\"}]}<\/script>\n<!-- \/ Yoast SEO plugin. -->","yoast_head_json":{"title":"El\u00e4insuojelu - Salon seudun el\u00e4insuojeluyhdistys","robots":{"index":"index","follow":"follow","max-snippet":"max-snippet:-1","max-image-preview":"max-image-preview:large","max-video-preview":"max-video-preview:-1"},"canonical":"https:\/\/sey.fi\/salo\/salon-elainsuojelu\/elainsuojelu\/","og_locale":"fi_FI","og_type":"article","og_title":"El\u00e4insuojelu - Salon seudun el\u00e4insuojeluyhdistys","og_description":"El\u00e4insuojelu on jokaisen meid\u00e4n vastuulla. El\u00e4insuojeluvalvonta on viranomaisten asia. Kunnan- ja l\u00e4\u00e4ninel\u00e4inl\u00e4\u00e4k\u00e4rit, poliisit ja terveystarkastajat ovat el\u00e4insuojeluviranomaisia, joihin voi ottaa yhteytt\u00e4 jos ep\u00e4ilee el\u00e4int\u00e4 kohdeltavan huonosti. Suomen El\u00e4insuojeluyhdistysten liitto ry:n (SEY:n) vapaaehtoiset el\u00e4insuojeluneuvojat voivat my\u00f6s auttaa. T\u00e4lt\u00e4 sivulta l\u00f6yd\u00e4t tietoa k\u00e4yt\u00e4nn\u00f6n el\u00e4insuojelusta, vapaaehtoisista el\u00e4insuojeluneuvojista, viranomaisista ja siit\u00e4 mit\u00e4 itse voit tehd\u00e4 el\u00e4inten hyv\u00e4ksi.","og_url":"https:\/\/sey.fi\/salo\/salon-elainsuojelu\/elainsuojelu\/","og_site_name":"Salon seudun el\u00e4insuojeluyhdistys","article_modified_time":"2023-05-22T05:24:52+00:00","twitter_card":"summary_large_image","twitter_misc":{"Arvioitu lukuaika":"1 minuutti"},"schema":{"@context":"https:\/\/schema.org","@graph":[{"@type":"WebPage","@id":"https:\/\/sey.fi\/salo\/salon-elainsuojelu\/elainsuojelu\/","url":"https:\/\/sey.fi\/salo\/salon-elainsuojelu\/elainsuojelu\/","name":"El\u00e4insuojelu - Salon seudun el\u00e4insuojeluyhdistys","isPartOf":{"@id":"https:\/\/sey.fi\/salo\/#website"},"datePublished":"2023-05-08T07:20:56+00:00","dateModified":"2023-05-22T05:24:52+00:00","breadcrumb":{"@id":"https:\/\/sey.fi\/salo\/salon-elainsuojelu\/elainsuojelu\/#breadcrumb"},"inLanguage":"fi","potentialAction":[{"@type":"ReadAction","target":["https:\/\/sey.fi\/salo\/salon-elainsuojelu\/elainsuojelu\/"]}]},{"@type":"BreadcrumbList","@id":"https:\/\/sey.fi\/salo\/salon-elainsuojelu\/elainsuojelu\/#breadcrumb","itemListElement":[{"@type":"ListItem","position":1,"name":"Home","item":"https:\/\/sey.fi\/salo\/"},{"@type":"ListItem","position":2,"name":"Salon Seudun El\u00e4insuojeluyhdistys","item":"https:\/\/sey.fi\/salo\/"},{"@type":"ListItem","position":3,"name":"El\u00e4insuojelu"}]},{"@type":"WebSite","@id":"https:\/\/sey.fi\/salo\/#website","url":"https:\/\/sey.fi\/salo\/","name":"Salon seudun el\u00e4insuojeluyhdistys","description":"Uusi SEY J\u00e4senyhdistykset -sivusto","potentialAction":[{"@type":"SearchAction","target":{"@type":"EntryPoint","urlTemplate":"https:\/\/sey.fi\/salo\/?s={search_term_string}"},"query-input":{"@type":"PropertyValueSpecification","valueRequired":true,"valueName":"search_term_string"}}],"inLanguage":"fi"}]}},"_links":{"self":[{"href":"https:\/\/sey.fi\/salo\/wp-json\/wp\/v2\/pages\/627","targetHints":{"allow":["GET"]}}],"collection":[{"href":"https:\/\/sey.fi\/salo\/wp-json\/wp\/v2\/pages"}],"about":[{"href":"https:\/\/sey.fi\/salo\/wp-json\/wp\/v2\/types\/page"}],"author":[{"embeddable":true,"href":"https:\/\/sey.fi\/salo\/wp-json\/wp\/v2\/users\/25"}],"replies":[{"embeddable":true,"href":"https:\/\/sey.fi\/salo\/wp-json\/wp\/v2\/comments?post=627"}],"version-history":[{"count":8,"href":"https:\/\/sey.fi\/salo\/wp-json\/wp\/v2\/pages\/627\/revisions"}],"predecessor-version":[{"id":842,"href":"https:\/\/sey.fi\/salo\/wp-json\/wp\/v2\/pages\/627\/revisions\/842"}],"up":[{"embeddable":true,"href":"https:\/\/sey.fi\/salo\/wp-json\/wp\/v2\/pages\/2"}],"wp:attachment":[{"href":"https:\/\/sey.fi\/salo\/wp-json\/wp\/v2\/media?parent=627"}],"curies":[{"name":"wp","href":"https:\/\/api.w.org\/{rel}","templated":true}]}}