{"id":631,"date":"2023-05-08T10:31:13","date_gmt":"2023-05-08T07:31:13","guid":{"rendered":"https:\/\/sey.fi\/salo\/?page_id=631"},"modified":"2024-03-03T17:50:18","modified_gmt":"2024-03-03T15:50:18","slug":"tee-elainsuojeluilmoitus","status":"publish","type":"page","link":"https:\/\/sey.fi\/salo\/salon-elainsuojelu\/elainsuojelu\/tee-elainsuojeluilmoitus\/","title":{"rendered":"Tee el\u00e4insuojeluilmoitus"},"content":{"rendered":"\n<p>Mik\u00e4li ep\u00e4ilet, ett\u00e4 el\u00e4int\u00e4 kohdellaan huonosti tai sit\u00e4 ei hoideta asianmukaisesti,<strong>&nbsp;ilmoita siit\u00e4 heti el\u00e4insuojeluviranomaisille.<\/strong>&nbsp;Vasta ilmoituksen perusteella viranomaiset voivat puuttua el\u00e4imen huonoon kohteluun. Viranomainen ei kerro muille, kuka ilmoituksen on tehnyt. Voit tehd\u00e4 ilmoituksen my\u00f6s nimett\u00f6m\u00e4n\u00e4.<\/p>\n\n\n\n<p>Salon Seudun El\u00e4insuojeluyhdistys <strong>ei ole el\u00e4insuojeluviranomainen<\/strong>, eik\u00e4 yhdistys pysty k\u00e4sittelem\u00e4\u00e4n el\u00e4insuojeluilmoituksia muuten, kuin laittamalla sen eteenp\u00e4in viranomaisille.<\/p>\n\n\n\n<h2 class=\"wp-block-heading\">Salon valvontael\u00e4inl\u00e4\u00e4k\u00e4ri<\/h2>\n\n\n\n<p><a href=\"https:\/\/salo.fi\/asuminen-ja-ymparisto\/ymparistoterveys-ja-elainten-hyvinvointi\/elainten-hyvinvointi\/elainsuojelu\/\" target=\"_blank\" rel=\"noreferrer noopener\">Valvontael\u00e4inl\u00e4\u00e4k\u00e4ri<\/a> vastaa erityisesti el\u00e4insuojeluun ja tarttuviin el\u00e4intauteihin liittyvist\u00e4 viranomaisteht\u00e4vist\u00e4. Muita el\u00e4insuojeluviranomaisia ovat <a href=\"https:\/\/salo.fi\/asuminen-ja-ymparisto\/ymparistoterveys-ja-elainten-hyvinvointi\/elainten-hyvinvointi\/elainlaakarit\/\" target=\"_blank\" rel=\"noreferrer noopener\">kaupunginel\u00e4inl\u00e4\u00e4k\u00e4rit<\/a> ja poliisi, joihin voi my\u00f6s ottaa yhteytt\u00e4 ep\u00e4ilt\u00e4ess\u00e4 el\u00e4insuojelulain vastaista toimintaa.\u00a0<\/p>\n\n\n\n<p>Jos on aihetta ep\u00e4ill\u00e4 el\u00e4int\u00e4 hoidettavan tai kohdeltavan el\u00e4insuojelulain vastaisesti, on el\u00e4insuojeluviranomaisella oikeus tehd\u00e4 kohteeseen ep\u00e4ilyyn perustuva el\u00e4insuojelutarkastus. Ep\u00e4ilyyn perustuvat el\u00e4insuojelutarkastukset pyrit\u00e4\u00e4n suorittamaan aina ennalta ilmoittamatta. El\u00e4insuojelutarkastusten yhteydess\u00e4 ei kerrota ilmoituksen tekij\u00e4n tietoja.&nbsp;<\/p>\n\n\n\n<p>Lis\u00e4ksi valvontael\u00e4inl\u00e4\u00e4k\u00e4ri tekee tarkastuksia el\u00e4insuojelulain edellytt\u00e4miin kohteisiin, kuten esim. paikkoihin miss\u00e4 harjoitetaan ammattimaista tai muutoin laajassa mitassa tapahtuvaa seura- ja harrastusel\u00e4inten pitoa.&nbsp;<\/p>\n\n\n\n<p><strong>Valvontael\u00e4inl\u00e4\u00e4k\u00e4ri<\/strong><br><a href=\"mailto:elainvalvonta@salo.fi\">elainvalvonta@salo.fi<\/a><br><a href=\"tel:+35827784619\">02 778 4619<\/a><\/p>\n\n\n\n<h2 class=\"wp-block-heading\">SEY:n s\u00e4hk\u00f6inen el\u00e4insuojeluilmoitus<\/h2>\n\n\n\n<p>Voit tehd\u00e4 my\u00f6s <a href=\"https:\/\/sey.fi\/tee-elainsuojeluilmoitus\/\" target=\"_blank\" rel=\"noreferrer noopener\">s\u00e4hk\u00f6isen el\u00e4insuojeluilmoituksen<\/a> SEY:n sivuilla. T\u00e4ll\u00f6in SEY ohjaa ilmoituksen eteenp\u00e4in sopivimmalle el\u00e4insuojeluneuvojalle tai el\u00e4insuojeluviranomaisille.<\/p>\n\n\n\n<p><\/p>\n","protected":false},"excerpt":{"rendered":"<p>Mik\u00e4li ep\u00e4ilet, ett\u00e4 el\u00e4int\u00e4 kohdellaan huonosti tai sit\u00e4 ei hoideta asianmukaisesti,&nbsp;ilmoita siit\u00e4 heti el\u00e4insuojeluviranomaisille.&nbsp;Vasta ilmoituksen perusteella viranomaiset voivat puuttua el\u00e4imen huonoon kohteluun. Viranomainen ei kerro muille, kuka ilmoituksen on tehnyt. Voit tehd\u00e4 ilmoituksen my\u00f6s nimett\u00f6m\u00e4n\u00e4. Salon Seudun El\u00e4insuojeluyhdistys ei ole el\u00e4insuojeluviranomainen, eik\u00e4 yhdistys pysty k\u00e4sittelem\u00e4\u00e4n el\u00e4insuojeluilmoituksia muuten, kuin laittamalla sen eteenp\u00e4in viranomaisille. Salon valvontael\u00e4inl\u00e4\u00e4k\u00e4ri Valvontael\u00e4inl\u00e4\u00e4k\u00e4ri [&hellip;]<\/p>\n","protected":false},"author":25,"featured_media":0,"parent":627,"menu_order":0,"comment_status":"closed","ping_status":"closed","template":"","meta":{"_acf_changed":false,"footnotes":""},"class_list":["post-631","page","type-page","status-publish","hentry"],"acf":[],"yoast_head":"<!-- This site is optimized with the Yoast SEO plugin v27.1.1 - https:\/\/yoast.com\/product\/yoast-seo-wordpress\/ -->\n<title>Tee el\u00e4insuojeluilmoitus - Salon seudun el\u00e4insuojeluyhdistys<\/title>\n<meta name=\"robots\" content=\"index, follow, max-snippet:-1, max-image-preview:large, max-video-preview:-1\" \/>\n<link rel=\"canonical\" href=\"https:\/\/sey.fi\/salo\/salon-elainsuojelu\/elainsuojelu\/tee-elainsuojeluilmoitus\/\" \/>\n<meta property=\"og:locale\" content=\"fi_FI\" \/>\n<meta property=\"og:type\" content=\"article\" \/>\n<meta property=\"og:title\" content=\"Tee el\u00e4insuojeluilmoitus - Salon seudun el\u00e4insuojeluyhdistys\" \/>\n<meta property=\"og:description\" content=\"Mik\u00e4li ep\u00e4ilet, ett\u00e4 el\u00e4int\u00e4 kohdellaan huonosti tai sit\u00e4 ei hoideta asianmukaisesti,&nbsp;ilmoita siit\u00e4 heti el\u00e4insuojeluviranomaisille.&nbsp;Vasta ilmoituksen perusteella viranomaiset voivat puuttua el\u00e4imen huonoon kohteluun. Viranomainen ei kerro muille, kuka ilmoituksen on tehnyt. Voit tehd\u00e4 ilmoituksen my\u00f6s nimett\u00f6m\u00e4n\u00e4. Salon Seudun El\u00e4insuojeluyhdistys ei ole el\u00e4insuojeluviranomainen, eik\u00e4 yhdistys pysty k\u00e4sittelem\u00e4\u00e4n el\u00e4insuojeluilmoituksia muuten, kuin laittamalla sen eteenp\u00e4in viranomaisille. Salon valvontael\u00e4inl\u00e4\u00e4k\u00e4ri Valvontael\u00e4inl\u00e4\u00e4k\u00e4ri [&hellip;]\" \/>\n<meta property=\"og:url\" content=\"https:\/\/sey.fi\/salo\/salon-elainsuojelu\/elainsuojelu\/tee-elainsuojeluilmoitus\/\" \/>\n<meta property=\"og:site_name\" content=\"Salon seudun el\u00e4insuojeluyhdistys\" \/>\n<meta property=\"article:modified_time\" content=\"2024-03-03T15:50:18+00:00\" \/>\n<meta name=\"twitter:card\" content=\"summary_large_image\" \/>\n<meta name=\"twitter:label1\" content=\"Arvioitu lukuaika\" \/>\n\t<meta name=\"twitter:data1\" content=\"1 minuutti\" \/>\n<script type=\"application\/ld+json\" class=\"yoast-schema-graph\">{\"@context\":\"https:\/\/schema.org\",\"@graph\":[{\"@type\":\"WebPage\",\"@id\":\"https:\/\/sey.fi\/salo\/salon-elainsuojelu\/elainsuojelu\/tee-elainsuojeluilmoitus\/\",\"url\":\"https:\/\/sey.fi\/salo\/salon-elainsuojelu\/elainsuojelu\/tee-elainsuojeluilmoitus\/\",\"name\":\"Tee el\u00e4insuojeluilmoitus - Salon seudun el\u00e4insuojeluyhdistys\",\"isPartOf\":{\"@id\":\"https:\/\/sey.fi\/salo\/#website\"},\"datePublished\":\"2023-05-08T07:31:13+00:00\",\"dateModified\":\"2024-03-03T15:50:18+00:00\",\"breadcrumb\":{\"@id\":\"https:\/\/sey.fi\/salo\/salon-elainsuojelu\/elainsuojelu\/tee-elainsuojeluilmoitus\/#breadcrumb\"},\"inLanguage\":\"fi\",\"potentialAction\":[{\"@type\":\"ReadAction\",\"target\":[\"https:\/\/sey.fi\/salo\/salon-elainsuojelu\/elainsuojelu\/tee-elainsuojeluilmoitus\/\"]}]},{\"@type\":\"BreadcrumbList\",\"@id\":\"https:\/\/sey.fi\/salo\/salon-elainsuojelu\/elainsuojelu\/tee-elainsuojeluilmoitus\/#breadcrumb\",\"itemListElement\":[{\"@type\":\"ListItem\",\"position\":1,\"name\":\"Home\",\"item\":\"https:\/\/sey.fi\/salo\/\"},{\"@type\":\"ListItem\",\"position\":2,\"name\":\"Salon Seudun El\u00e4insuojeluyhdistys\",\"item\":\"https:\/\/sey.fi\/salo\/\"},{\"@type\":\"ListItem\",\"position\":3,\"name\":\"El\u00e4insuojelu\",\"item\":\"https:\/\/sey.fi\/salo\/salon-elainsuojelu\/elainsuojelu\/\"},{\"@type\":\"ListItem\",\"position\":4,\"name\":\"Tee el\u00e4insuojeluilmoitus\"}]},{\"@type\":\"WebSite\",\"@id\":\"https:\/\/sey.fi\/salo\/#website\",\"url\":\"https:\/\/sey.fi\/salo\/\",\"name\":\"Salon seudun el\u00e4insuojeluyhdistys\",\"description\":\"Uusi SEY J\u00e4senyhdistykset -sivusto\",\"potentialAction\":[{\"@type\":\"SearchAction\",\"target\":{\"@type\":\"EntryPoint\",\"urlTemplate\":\"https:\/\/sey.fi\/salo\/?s={search_term_string}\"},\"query-input\":{\"@type\":\"PropertyValueSpecification\",\"valueRequired\":true,\"valueName\":\"search_term_string\"}}],\"inLanguage\":\"fi\"}]}<\/script>\n<!-- \/ Yoast SEO plugin. -->","yoast_head_json":{"title":"Tee el\u00e4insuojeluilmoitus - Salon seudun el\u00e4insuojeluyhdistys","robots":{"index":"index","follow":"follow","max-snippet":"max-snippet:-1","max-image-preview":"max-image-preview:large","max-video-preview":"max-video-preview:-1"},"canonical":"https:\/\/sey.fi\/salo\/salon-elainsuojelu\/elainsuojelu\/tee-elainsuojeluilmoitus\/","og_locale":"fi_FI","og_type":"article","og_title":"Tee el\u00e4insuojeluilmoitus - Salon seudun el\u00e4insuojeluyhdistys","og_description":"Mik\u00e4li ep\u00e4ilet, ett\u00e4 el\u00e4int\u00e4 kohdellaan huonosti tai sit\u00e4 ei hoideta asianmukaisesti,&nbsp;ilmoita siit\u00e4 heti el\u00e4insuojeluviranomaisille.&nbsp;Vasta ilmoituksen perusteella viranomaiset voivat puuttua el\u00e4imen huonoon kohteluun. Viranomainen ei kerro muille, kuka ilmoituksen on tehnyt. Voit tehd\u00e4 ilmoituksen my\u00f6s nimett\u00f6m\u00e4n\u00e4. Salon Seudun El\u00e4insuojeluyhdistys ei ole el\u00e4insuojeluviranomainen, eik\u00e4 yhdistys pysty k\u00e4sittelem\u00e4\u00e4n el\u00e4insuojeluilmoituksia muuten, kuin laittamalla sen eteenp\u00e4in viranomaisille. Salon valvontael\u00e4inl\u00e4\u00e4k\u00e4ri Valvontael\u00e4inl\u00e4\u00e4k\u00e4ri [&hellip;]","og_url":"https:\/\/sey.fi\/salo\/salon-elainsuojelu\/elainsuojelu\/tee-elainsuojeluilmoitus\/","og_site_name":"Salon seudun el\u00e4insuojeluyhdistys","article_modified_time":"2024-03-03T15:50:18+00:00","twitter_card":"summary_large_image","twitter_misc":{"Arvioitu lukuaika":"1 minuutti"},"schema":{"@context":"https:\/\/schema.org","@graph":[{"@type":"WebPage","@id":"https:\/\/sey.fi\/salo\/salon-elainsuojelu\/elainsuojelu\/tee-elainsuojeluilmoitus\/","url":"https:\/\/sey.fi\/salo\/salon-elainsuojelu\/elainsuojelu\/tee-elainsuojeluilmoitus\/","name":"Tee el\u00e4insuojeluilmoitus - Salon seudun el\u00e4insuojeluyhdistys","isPartOf":{"@id":"https:\/\/sey.fi\/salo\/#website"},"datePublished":"2023-05-08T07:31:13+00:00","dateModified":"2024-03-03T15:50:18+00:00","breadcrumb":{"@id":"https:\/\/sey.fi\/salo\/salon-elainsuojelu\/elainsuojelu\/tee-elainsuojeluilmoitus\/#breadcrumb"},"inLanguage":"fi","potentialAction":[{"@type":"ReadAction","target":["https:\/\/sey.fi\/salo\/salon-elainsuojelu\/elainsuojelu\/tee-elainsuojeluilmoitus\/"]}]},{"@type":"BreadcrumbList","@id":"https:\/\/sey.fi\/salo\/salon-elainsuojelu\/elainsuojelu\/tee-elainsuojeluilmoitus\/#breadcrumb","itemListElement":[{"@type":"ListItem","position":1,"name":"Home","item":"https:\/\/sey.fi\/salo\/"},{"@type":"ListItem","position":2,"name":"Salon Seudun El\u00e4insuojeluyhdistys","item":"https:\/\/sey.fi\/salo\/"},{"@type":"ListItem","position":3,"name":"El\u00e4insuojelu","item":"https:\/\/sey.fi\/salo\/salon-elainsuojelu\/elainsuojelu\/"},{"@type":"ListItem","position":4,"name":"Tee el\u00e4insuojeluilmoitus"}]},{"@type":"WebSite","@id":"https:\/\/sey.fi\/salo\/#website","url":"https:\/\/sey.fi\/salo\/","name":"Salon seudun el\u00e4insuojeluyhdistys","description":"Uusi SEY J\u00e4senyhdistykset -sivusto","potentialAction":[{"@type":"SearchAction","target":{"@type":"EntryPoint","urlTemplate":"https:\/\/sey.fi\/salo\/?s={search_term_string}"},"query-input":{"@type":"PropertyValueSpecification","valueRequired":true,"valueName":"search_term_string"}}],"inLanguage":"fi"}]}},"_links":{"self":[{"href":"https:\/\/sey.fi\/salo\/wp-json\/wp\/v2\/pages\/631","targetHints":{"allow":["GET"]}}],"collection":[{"href":"https:\/\/sey.fi\/salo\/wp-json\/wp\/v2\/pages"}],"about":[{"href":"https:\/\/sey.fi\/salo\/wp-json\/wp\/v2\/types\/page"}],"author":[{"embeddable":true,"href":"https:\/\/sey.fi\/salo\/wp-json\/wp\/v2\/users\/25"}],"replies":[{"embeddable":true,"href":"https:\/\/sey.fi\/salo\/wp-json\/wp\/v2\/comments?post=631"}],"version-history":[{"count":3,"href":"https:\/\/sey.fi\/salo\/wp-json\/wp\/v2\/pages\/631\/revisions"}],"predecessor-version":[{"id":1037,"href":"https:\/\/sey.fi\/salo\/wp-json\/wp\/v2\/pages\/631\/revisions\/1037"}],"up":[{"embeddable":true,"href":"https:\/\/sey.fi\/salo\/wp-json\/wp\/v2\/pages\/627"}],"wp:attachment":[{"href":"https:\/\/sey.fi\/salo\/wp-json\/wp\/v2\/media?parent=631"}],"curies":[{"name":"wp","href":"https:\/\/api.w.org\/{rel}","templated":true}]}}