{"id":642,"date":"2023-05-08T10:56:58","date_gmt":"2023-05-08T07:56:58","guid":{"rendered":"https:\/\/sey.fi\/salo\/?page_id=642"},"modified":"2023-05-09T15:07:53","modified_gmt":"2023-05-09T12:07:53","slug":"loytoelaimet","status":"publish","type":"page","link":"https:\/\/sey.fi\/salo\/salon-elainsuojelu\/loytoelaimet\/","title":{"rendered":"L\u00f6yt\u00f6el\u00e4imet"},"content":{"rendered":"\n<p>Salon kaupungin virallinen l\u00f6yt\u00f6el\u00e4inten talteenottopaikka on <a href=\"https:\/\/www.axxell.fi\/fi\/hittedjursmottagning\" target=\"_blank\" rel=\"noreferrer noopener\">Axxell Brusaby<\/a> Kemi\u00f6nsaaressa.<br>T\u00e4m\u00e4n lis\u00e4ksi l\u00f6yt\u00f6el\u00e4imi\u00e4 voi kysy\u00e4 Salon Seudun El\u00e4insuojeluyhdistykselt\u00e4 tai <a href=\"https:\/\/sey.fi\/pernio\/\" target=\"_blank\" rel=\"noreferrer noopener\">Perni\u00f6n El\u00e4insuojeluyhdistykselt\u00e4.<\/a><\/p>\n\n\n\n<p>Salon kaupunki on sopinut el\u00e4inhoitoloiden kanssa l\u00f6yt\u00f6el\u00e4inten tilap\u00e4isest\u00e4 hoidosta. Talteen otettua l\u00f6yt\u00f6el\u00e4int\u00e4 s\u00e4ilytet\u00e4\u00e4n hoitopaikoissa v\u00e4hint\u00e4\u00e4n 15 p\u00e4iv\u00e4n ajan, mink\u00e4 j\u00e4lkeen kunnalla on oikeus myyd\u00e4, muutoin luovuttaa tai lopettaa el\u00e4in. Mik\u00e4li el\u00e4imen omistaja tavoitetaan, perit\u00e4\u00e4n el\u00e4imen omistajalta tai haltijalta korvaus el\u00e4imen talteenotosta, hoidosta ja mahdollisesta lopettamisesta aiheutuneista kustannuksista.<\/p>\n\n\n\n<p>Jos kuljetat el\u00e4imen sopimushoitopaikkaan, voit hakea korvausta el\u00e4imen kuljettamisesta <a href=\"https:\/\/salo.fi\/asuminen-ja-ymparisto\/ymparistoterveys-ja-elainten-hyvinvointi\/elainten-hyvinvointi\/loytoelaimet\/\" target=\"_blank\" rel=\"noreferrer noopener\">Salon kaupungin sivuilta<\/a> l\u00f6ytyv\u00e4ll\u00e4 lomakkeella.<\/p>\n","protected":false},"excerpt":{"rendered":"<p>Salon kaupungin virallinen l\u00f6yt\u00f6el\u00e4inten talteenottopaikka on Axxell Brusaby Kemi\u00f6nsaaressa.T\u00e4m\u00e4n lis\u00e4ksi l\u00f6yt\u00f6el\u00e4imi\u00e4 voi kysy\u00e4 Salon Seudun El\u00e4insuojeluyhdistykselt\u00e4 tai Perni\u00f6n El\u00e4insuojeluyhdistykselt\u00e4. Salon kaupunki on sopinut el\u00e4inhoitoloiden kanssa l\u00f6yt\u00f6el\u00e4inten tilap\u00e4isest\u00e4 hoidosta. Talteen otettua l\u00f6yt\u00f6el\u00e4int\u00e4 s\u00e4ilytet\u00e4\u00e4n hoitopaikoissa v\u00e4hint\u00e4\u00e4n 15 p\u00e4iv\u00e4n ajan, mink\u00e4 j\u00e4lkeen kunnalla on oikeus myyd\u00e4, muutoin luovuttaa tai lopettaa el\u00e4in. Mik\u00e4li el\u00e4imen omistaja tavoitetaan, perit\u00e4\u00e4n el\u00e4imen omistajalta [&hellip;]<\/p>\n","protected":false},"author":25,"featured_media":0,"parent":2,"menu_order":0,"comment_status":"closed","ping_status":"closed","template":"","meta":{"_acf_changed":false,"footnotes":""},"class_list":["post-642","page","type-page","status-publish","hentry"],"acf":[],"yoast_head":"<!-- This site is optimized with the Yoast SEO plugin v27.1.1 - https:\/\/yoast.com\/product\/yoast-seo-wordpress\/ -->\n<title>L\u00f6yt\u00f6el\u00e4imet - Salon seudun el\u00e4insuojeluyhdistys<\/title>\n<meta name=\"robots\" content=\"index, follow, max-snippet:-1, max-image-preview:large, max-video-preview:-1\" \/>\n<link rel=\"canonical\" href=\"https:\/\/sey.fi\/salo\/salon-elainsuojelu\/loytoelaimet\/\" \/>\n<meta property=\"og:locale\" content=\"fi_FI\" \/>\n<meta property=\"og:type\" content=\"article\" \/>\n<meta property=\"og:title\" content=\"L\u00f6yt\u00f6el\u00e4imet - Salon seudun el\u00e4insuojeluyhdistys\" \/>\n<meta property=\"og:description\" content=\"Salon kaupungin virallinen l\u00f6yt\u00f6el\u00e4inten talteenottopaikka on Axxell Brusaby Kemi\u00f6nsaaressa.T\u00e4m\u00e4n lis\u00e4ksi l\u00f6yt\u00f6el\u00e4imi\u00e4 voi kysy\u00e4 Salon Seudun El\u00e4insuojeluyhdistykselt\u00e4 tai Perni\u00f6n El\u00e4insuojeluyhdistykselt\u00e4. Salon kaupunki on sopinut el\u00e4inhoitoloiden kanssa l\u00f6yt\u00f6el\u00e4inten tilap\u00e4isest\u00e4 hoidosta. Talteen otettua l\u00f6yt\u00f6el\u00e4int\u00e4 s\u00e4ilytet\u00e4\u00e4n hoitopaikoissa v\u00e4hint\u00e4\u00e4n 15 p\u00e4iv\u00e4n ajan, mink\u00e4 j\u00e4lkeen kunnalla on oikeus myyd\u00e4, muutoin luovuttaa tai lopettaa el\u00e4in. Mik\u00e4li el\u00e4imen omistaja tavoitetaan, perit\u00e4\u00e4n el\u00e4imen omistajalta [&hellip;]\" \/>\n<meta property=\"og:url\" content=\"https:\/\/sey.fi\/salo\/salon-elainsuojelu\/loytoelaimet\/\" \/>\n<meta property=\"og:site_name\" content=\"Salon seudun el\u00e4insuojeluyhdistys\" \/>\n<meta property=\"article:modified_time\" content=\"2023-05-09T12:07:53+00:00\" \/>\n<meta name=\"twitter:card\" content=\"summary_large_image\" \/>\n<meta name=\"twitter:label1\" content=\"Arvioitu lukuaika\" \/>\n\t<meta name=\"twitter:data1\" content=\"1 minuutti\" \/>\n<script type=\"application\/ld+json\" class=\"yoast-schema-graph\">{\"@context\":\"https:\/\/schema.org\",\"@graph\":[{\"@type\":\"WebPage\",\"@id\":\"https:\/\/sey.fi\/salo\/salon-elainsuojelu\/loytoelaimet\/\",\"url\":\"https:\/\/sey.fi\/salo\/salon-elainsuojelu\/loytoelaimet\/\",\"name\":\"L\u00f6yt\u00f6el\u00e4imet - Salon seudun el\u00e4insuojeluyhdistys\",\"isPartOf\":{\"@id\":\"https:\/\/sey.fi\/salo\/#website\"},\"datePublished\":\"2023-05-08T07:56:58+00:00\",\"dateModified\":\"2023-05-09T12:07:53+00:00\",\"breadcrumb\":{\"@id\":\"https:\/\/sey.fi\/salo\/salon-elainsuojelu\/loytoelaimet\/#breadcrumb\"},\"inLanguage\":\"fi\",\"potentialAction\":[{\"@type\":\"ReadAction\",\"target\":[\"https:\/\/sey.fi\/salo\/salon-elainsuojelu\/loytoelaimet\/\"]}]},{\"@type\":\"BreadcrumbList\",\"@id\":\"https:\/\/sey.fi\/salo\/salon-elainsuojelu\/loytoelaimet\/#breadcrumb\",\"itemListElement\":[{\"@type\":\"ListItem\",\"position\":1,\"name\":\"Home\",\"item\":\"https:\/\/sey.fi\/salo\/\"},{\"@type\":\"ListItem\",\"position\":2,\"name\":\"Salon Seudun El\u00e4insuojeluyhdistys\",\"item\":\"https:\/\/sey.fi\/salo\/\"},{\"@type\":\"ListItem\",\"position\":3,\"name\":\"L\u00f6yt\u00f6el\u00e4imet\"}]},{\"@type\":\"WebSite\",\"@id\":\"https:\/\/sey.fi\/salo\/#website\",\"url\":\"https:\/\/sey.fi\/salo\/\",\"name\":\"Salon seudun el\u00e4insuojeluyhdistys\",\"description\":\"Uusi SEY J\u00e4senyhdistykset -sivusto\",\"potentialAction\":[{\"@type\":\"SearchAction\",\"target\":{\"@type\":\"EntryPoint\",\"urlTemplate\":\"https:\/\/sey.fi\/salo\/?s={search_term_string}\"},\"query-input\":{\"@type\":\"PropertyValueSpecification\",\"valueRequired\":true,\"valueName\":\"search_term_string\"}}],\"inLanguage\":\"fi\"}]}<\/script>\n<!-- \/ Yoast SEO plugin. -->","yoast_head_json":{"title":"L\u00f6yt\u00f6el\u00e4imet - Salon seudun el\u00e4insuojeluyhdistys","robots":{"index":"index","follow":"follow","max-snippet":"max-snippet:-1","max-image-preview":"max-image-preview:large","max-video-preview":"max-video-preview:-1"},"canonical":"https:\/\/sey.fi\/salo\/salon-elainsuojelu\/loytoelaimet\/","og_locale":"fi_FI","og_type":"article","og_title":"L\u00f6yt\u00f6el\u00e4imet - Salon seudun el\u00e4insuojeluyhdistys","og_description":"Salon kaupungin virallinen l\u00f6yt\u00f6el\u00e4inten talteenottopaikka on Axxell Brusaby Kemi\u00f6nsaaressa.T\u00e4m\u00e4n lis\u00e4ksi l\u00f6yt\u00f6el\u00e4imi\u00e4 voi kysy\u00e4 Salon Seudun El\u00e4insuojeluyhdistykselt\u00e4 tai Perni\u00f6n El\u00e4insuojeluyhdistykselt\u00e4. Salon kaupunki on sopinut el\u00e4inhoitoloiden kanssa l\u00f6yt\u00f6el\u00e4inten tilap\u00e4isest\u00e4 hoidosta. Talteen otettua l\u00f6yt\u00f6el\u00e4int\u00e4 s\u00e4ilytet\u00e4\u00e4n hoitopaikoissa v\u00e4hint\u00e4\u00e4n 15 p\u00e4iv\u00e4n ajan, mink\u00e4 j\u00e4lkeen kunnalla on oikeus myyd\u00e4, muutoin luovuttaa tai lopettaa el\u00e4in. Mik\u00e4li el\u00e4imen omistaja tavoitetaan, perit\u00e4\u00e4n el\u00e4imen omistajalta [&hellip;]","og_url":"https:\/\/sey.fi\/salo\/salon-elainsuojelu\/loytoelaimet\/","og_site_name":"Salon seudun el\u00e4insuojeluyhdistys","article_modified_time":"2023-05-09T12:07:53+00:00","twitter_card":"summary_large_image","twitter_misc":{"Arvioitu lukuaika":"1 minuutti"},"schema":{"@context":"https:\/\/schema.org","@graph":[{"@type":"WebPage","@id":"https:\/\/sey.fi\/salo\/salon-elainsuojelu\/loytoelaimet\/","url":"https:\/\/sey.fi\/salo\/salon-elainsuojelu\/loytoelaimet\/","name":"L\u00f6yt\u00f6el\u00e4imet - Salon seudun el\u00e4insuojeluyhdistys","isPartOf":{"@id":"https:\/\/sey.fi\/salo\/#website"},"datePublished":"2023-05-08T07:56:58+00:00","dateModified":"2023-05-09T12:07:53+00:00","breadcrumb":{"@id":"https:\/\/sey.fi\/salo\/salon-elainsuojelu\/loytoelaimet\/#breadcrumb"},"inLanguage":"fi","potentialAction":[{"@type":"ReadAction","target":["https:\/\/sey.fi\/salo\/salon-elainsuojelu\/loytoelaimet\/"]}]},{"@type":"BreadcrumbList","@id":"https:\/\/sey.fi\/salo\/salon-elainsuojelu\/loytoelaimet\/#breadcrumb","itemListElement":[{"@type":"ListItem","position":1,"name":"Home","item":"https:\/\/sey.fi\/salo\/"},{"@type":"ListItem","position":2,"name":"Salon Seudun El\u00e4insuojeluyhdistys","item":"https:\/\/sey.fi\/salo\/"},{"@type":"ListItem","position":3,"name":"L\u00f6yt\u00f6el\u00e4imet"}]},{"@type":"WebSite","@id":"https:\/\/sey.fi\/salo\/#website","url":"https:\/\/sey.fi\/salo\/","name":"Salon seudun el\u00e4insuojeluyhdistys","description":"Uusi SEY J\u00e4senyhdistykset -sivusto","potentialAction":[{"@type":"SearchAction","target":{"@type":"EntryPoint","urlTemplate":"https:\/\/sey.fi\/salo\/?s={search_term_string}"},"query-input":{"@type":"PropertyValueSpecification","valueRequired":true,"valueName":"search_term_string"}}],"inLanguage":"fi"}]}},"_links":{"self":[{"href":"https:\/\/sey.fi\/salo\/wp-json\/wp\/v2\/pages\/642","targetHints":{"allow":["GET"]}}],"collection":[{"href":"https:\/\/sey.fi\/salo\/wp-json\/wp\/v2\/pages"}],"about":[{"href":"https:\/\/sey.fi\/salo\/wp-json\/wp\/v2\/types\/page"}],"author":[{"embeddable":true,"href":"https:\/\/sey.fi\/salo\/wp-json\/wp\/v2\/users\/25"}],"replies":[{"embeddable":true,"href":"https:\/\/sey.fi\/salo\/wp-json\/wp\/v2\/comments?post=642"}],"version-history":[{"count":1,"href":"https:\/\/sey.fi\/salo\/wp-json\/wp\/v2\/pages\/642\/revisions"}],"predecessor-version":[{"id":643,"href":"https:\/\/sey.fi\/salo\/wp-json\/wp\/v2\/pages\/642\/revisions\/643"}],"up":[{"embeddable":true,"href":"https:\/\/sey.fi\/salo\/wp-json\/wp\/v2\/pages\/2"}],"wp:attachment":[{"href":"https:\/\/sey.fi\/salo\/wp-json\/wp\/v2\/media?parent=642"}],"curies":[{"name":"wp","href":"https:\/\/api.w.org\/{rel}","templated":true}]}}