{"id":644,"date":"2023-05-08T10:57:41","date_gmt":"2023-05-08T07:57:41","guid":{"rendered":"https:\/\/sey.fi\/salo\/?page_id=644"},"modified":"2023-05-09T15:08:12","modified_gmt":"2023-05-09T12:08:12","slug":"axxell-brusaby-kemion-loytoelaintalo","status":"publish","type":"page","link":"https:\/\/sey.fi\/salo\/salon-elainsuojelu\/loytoelaimet\/axxell-brusaby-kemion-loytoelaintalo\/","title":{"rendered":"Axxell Brusaby &#8211; Kemi\u00f6n l\u00f6yt\u00f6el\u00e4intalo"},"content":{"rendered":"\n<p>Axxell Brusabyn l\u00f6yt\u00f6el\u00e4intalo on Salon kaupungin virallinen l\u00f6yt\u00f6el\u00e4inten talteenottopaikka, ja l\u00f6yt\u00f6el\u00e4imet ohjataan p\u00e4\u00e4s\u00e4\u00e4nt\u00f6isesti viem\u00e4\u00e4n sinne.<\/p>\n\n\n\n<p>Axxell Brusaby on oppilaitos, joka tarjoaa my\u00f6s klinikkael\u00e4inhoitajan koulutusta. El\u00e4imi\u00e4 voidaan vastaanottaa vain oppilaitoksen aukioloaikoina, arkisin klo 8-16. Huomaa, ett\u00e4 el\u00e4intaloon ei voi menn\u00e4 soittamatta ensin, soita aina etuk\u00e4teen ja sovi tapaamisajankohdasta.<\/p>\n\n\n\n<p>Talteen otettua l\u00f6yt\u00f6el\u00e4int\u00e4 s\u00e4ilytet\u00e4\u00e4n hoitopaikoissa v\u00e4hint\u00e4\u00e4n 15 p\u00e4iv\u00e4n ajan, mink\u00e4 j\u00e4lkeen kunnalla on oikeus myyd\u00e4, muutoin luovuttaa tai lopettaa el\u00e4in. Mik\u00e4li el\u00e4imen omistaja tavoitetaan, perit\u00e4\u00e4n el\u00e4imen omistajalta tai haltijalta korvaus el\u00e4imen talteenotosta, hoidosta ja mahdollisesta lopettamisesta aiheutuneista kustannuksista.<\/p>\n\n\n\n<h2 class=\"wp-block-heading\"><a href=\"https:\/\/www.axxell.fi\/fi\/hittedjursmottagning\" target=\"_blank\" rel=\"noreferrer noopener\">Axxell Brusaby l\u00f6yt\u00f6el\u00e4intalo<\/a><\/h2>\n\n\n\n<p>Brusabyntie 2<br>25700 Kemi\u00f6<br><a href=\"tel:+358447397118\">044 739 7118<\/a> (arkisin klo 8-15:30)<\/p>\n","protected":false},"excerpt":{"rendered":"<p>Axxell Brusabyn l\u00f6yt\u00f6el\u00e4intalo on Salon kaupungin virallinen l\u00f6yt\u00f6el\u00e4inten talteenottopaikka, ja l\u00f6yt\u00f6el\u00e4imet ohjataan p\u00e4\u00e4s\u00e4\u00e4nt\u00f6isesti viem\u00e4\u00e4n sinne. Axxell Brusaby on oppilaitos, joka tarjoaa my\u00f6s klinikkael\u00e4inhoitajan koulutusta. El\u00e4imi\u00e4 voidaan vastaanottaa vain oppilaitoksen aukioloaikoina, arkisin klo 8-16. Huomaa, ett\u00e4 el\u00e4intaloon ei voi menn\u00e4 soittamatta ensin, soita aina etuk\u00e4teen ja sovi tapaamisajankohdasta. Talteen otettua l\u00f6yt\u00f6el\u00e4int\u00e4 s\u00e4ilytet\u00e4\u00e4n hoitopaikoissa v\u00e4hint\u00e4\u00e4n 15 p\u00e4iv\u00e4n [&hellip;]<\/p>\n","protected":false},"author":25,"featured_media":0,"parent":642,"menu_order":0,"comment_status":"closed","ping_status":"closed","template":"","meta":{"_acf_changed":false,"footnotes":""},"class_list":["post-644","page","type-page","status-publish","hentry"],"acf":[],"yoast_head":"<!-- This site is optimized with the Yoast SEO plugin v27.1.1 - https:\/\/yoast.com\/product\/yoast-seo-wordpress\/ -->\n<title>Axxell Brusaby - Kemi\u00f6n l\u00f6yt\u00f6el\u00e4intalo - Salon seudun el\u00e4insuojeluyhdistys<\/title>\n<meta name=\"robots\" content=\"index, follow, max-snippet:-1, max-image-preview:large, max-video-preview:-1\" \/>\n<link rel=\"canonical\" href=\"https:\/\/sey.fi\/salo\/salon-elainsuojelu\/loytoelaimet\/axxell-brusaby-kemion-loytoelaintalo\/\" \/>\n<meta property=\"og:locale\" content=\"fi_FI\" \/>\n<meta property=\"og:type\" content=\"article\" \/>\n<meta property=\"og:title\" content=\"Axxell Brusaby - Kemi\u00f6n l\u00f6yt\u00f6el\u00e4intalo - Salon seudun el\u00e4insuojeluyhdistys\" \/>\n<meta property=\"og:description\" content=\"Axxell Brusabyn l\u00f6yt\u00f6el\u00e4intalo on Salon kaupungin virallinen l\u00f6yt\u00f6el\u00e4inten talteenottopaikka, ja l\u00f6yt\u00f6el\u00e4imet ohjataan p\u00e4\u00e4s\u00e4\u00e4nt\u00f6isesti viem\u00e4\u00e4n sinne. Axxell Brusaby on oppilaitos, joka tarjoaa my\u00f6s klinikkael\u00e4inhoitajan koulutusta. El\u00e4imi\u00e4 voidaan vastaanottaa vain oppilaitoksen aukioloaikoina, arkisin klo 8-16. Huomaa, ett\u00e4 el\u00e4intaloon ei voi menn\u00e4 soittamatta ensin, soita aina etuk\u00e4teen ja sovi tapaamisajankohdasta. Talteen otettua l\u00f6yt\u00f6el\u00e4int\u00e4 s\u00e4ilytet\u00e4\u00e4n hoitopaikoissa v\u00e4hint\u00e4\u00e4n 15 p\u00e4iv\u00e4n [&hellip;]\" \/>\n<meta property=\"og:url\" content=\"https:\/\/sey.fi\/salo\/salon-elainsuojelu\/loytoelaimet\/axxell-brusaby-kemion-loytoelaintalo\/\" \/>\n<meta property=\"og:site_name\" content=\"Salon seudun el\u00e4insuojeluyhdistys\" \/>\n<meta property=\"article:modified_time\" content=\"2023-05-09T12:08:12+00:00\" \/>\n<meta name=\"twitter:card\" content=\"summary_large_image\" \/>\n<meta name=\"twitter:label1\" content=\"Arvioitu lukuaika\" \/>\n\t<meta name=\"twitter:data1\" content=\"1 minuutti\" \/>\n<script type=\"application\/ld+json\" class=\"yoast-schema-graph\">{\"@context\":\"https:\/\/schema.org\",\"@graph\":[{\"@type\":\"WebPage\",\"@id\":\"https:\/\/sey.fi\/salo\/salon-elainsuojelu\/loytoelaimet\/axxell-brusaby-kemion-loytoelaintalo\/\",\"url\":\"https:\/\/sey.fi\/salo\/salon-elainsuojelu\/loytoelaimet\/axxell-brusaby-kemion-loytoelaintalo\/\",\"name\":\"Axxell Brusaby - Kemi\u00f6n l\u00f6yt\u00f6el\u00e4intalo - Salon seudun el\u00e4insuojeluyhdistys\",\"isPartOf\":{\"@id\":\"https:\/\/sey.fi\/salo\/#website\"},\"datePublished\":\"2023-05-08T07:57:41+00:00\",\"dateModified\":\"2023-05-09T12:08:12+00:00\",\"breadcrumb\":{\"@id\":\"https:\/\/sey.fi\/salo\/salon-elainsuojelu\/loytoelaimet\/axxell-brusaby-kemion-loytoelaintalo\/#breadcrumb\"},\"inLanguage\":\"fi\",\"potentialAction\":[{\"@type\":\"ReadAction\",\"target\":[\"https:\/\/sey.fi\/salo\/salon-elainsuojelu\/loytoelaimet\/axxell-brusaby-kemion-loytoelaintalo\/\"]}]},{\"@type\":\"BreadcrumbList\",\"@id\":\"https:\/\/sey.fi\/salo\/salon-elainsuojelu\/loytoelaimet\/axxell-brusaby-kemion-loytoelaintalo\/#breadcrumb\",\"itemListElement\":[{\"@type\":\"ListItem\",\"position\":1,\"name\":\"Home\",\"item\":\"https:\/\/sey.fi\/salo\/\"},{\"@type\":\"ListItem\",\"position\":2,\"name\":\"Salon Seudun El\u00e4insuojeluyhdistys\",\"item\":\"https:\/\/sey.fi\/salo\/\"},{\"@type\":\"ListItem\",\"position\":3,\"name\":\"L\u00f6yt\u00f6el\u00e4imet\",\"item\":\"https:\/\/sey.fi\/salo\/salon-elainsuojelu\/loytoelaimet\/\"},{\"@type\":\"ListItem\",\"position\":4,\"name\":\"Axxell Brusaby &#8211; Kemi\u00f6n l\u00f6yt\u00f6el\u00e4intalo\"}]},{\"@type\":\"WebSite\",\"@id\":\"https:\/\/sey.fi\/salo\/#website\",\"url\":\"https:\/\/sey.fi\/salo\/\",\"name\":\"Salon seudun el\u00e4insuojeluyhdistys\",\"description\":\"Uusi SEY J\u00e4senyhdistykset -sivusto\",\"potentialAction\":[{\"@type\":\"SearchAction\",\"target\":{\"@type\":\"EntryPoint\",\"urlTemplate\":\"https:\/\/sey.fi\/salo\/?s={search_term_string}\"},\"query-input\":{\"@type\":\"PropertyValueSpecification\",\"valueRequired\":true,\"valueName\":\"search_term_string\"}}],\"inLanguage\":\"fi\"}]}<\/script>\n<!-- \/ Yoast SEO plugin. -->","yoast_head_json":{"title":"Axxell Brusaby - Kemi\u00f6n l\u00f6yt\u00f6el\u00e4intalo - Salon seudun el\u00e4insuojeluyhdistys","robots":{"index":"index","follow":"follow","max-snippet":"max-snippet:-1","max-image-preview":"max-image-preview:large","max-video-preview":"max-video-preview:-1"},"canonical":"https:\/\/sey.fi\/salo\/salon-elainsuojelu\/loytoelaimet\/axxell-brusaby-kemion-loytoelaintalo\/","og_locale":"fi_FI","og_type":"article","og_title":"Axxell Brusaby - Kemi\u00f6n l\u00f6yt\u00f6el\u00e4intalo - Salon seudun el\u00e4insuojeluyhdistys","og_description":"Axxell Brusabyn l\u00f6yt\u00f6el\u00e4intalo on Salon kaupungin virallinen l\u00f6yt\u00f6el\u00e4inten talteenottopaikka, ja l\u00f6yt\u00f6el\u00e4imet ohjataan p\u00e4\u00e4s\u00e4\u00e4nt\u00f6isesti viem\u00e4\u00e4n sinne. Axxell Brusaby on oppilaitos, joka tarjoaa my\u00f6s klinikkael\u00e4inhoitajan koulutusta. El\u00e4imi\u00e4 voidaan vastaanottaa vain oppilaitoksen aukioloaikoina, arkisin klo 8-16. Huomaa, ett\u00e4 el\u00e4intaloon ei voi menn\u00e4 soittamatta ensin, soita aina etuk\u00e4teen ja sovi tapaamisajankohdasta. Talteen otettua l\u00f6yt\u00f6el\u00e4int\u00e4 s\u00e4ilytet\u00e4\u00e4n hoitopaikoissa v\u00e4hint\u00e4\u00e4n 15 p\u00e4iv\u00e4n [&hellip;]","og_url":"https:\/\/sey.fi\/salo\/salon-elainsuojelu\/loytoelaimet\/axxell-brusaby-kemion-loytoelaintalo\/","og_site_name":"Salon seudun el\u00e4insuojeluyhdistys","article_modified_time":"2023-05-09T12:08:12+00:00","twitter_card":"summary_large_image","twitter_misc":{"Arvioitu lukuaika":"1 minuutti"},"schema":{"@context":"https:\/\/schema.org","@graph":[{"@type":"WebPage","@id":"https:\/\/sey.fi\/salo\/salon-elainsuojelu\/loytoelaimet\/axxell-brusaby-kemion-loytoelaintalo\/","url":"https:\/\/sey.fi\/salo\/salon-elainsuojelu\/loytoelaimet\/axxell-brusaby-kemion-loytoelaintalo\/","name":"Axxell Brusaby - Kemi\u00f6n l\u00f6yt\u00f6el\u00e4intalo - Salon seudun el\u00e4insuojeluyhdistys","isPartOf":{"@id":"https:\/\/sey.fi\/salo\/#website"},"datePublished":"2023-05-08T07:57:41+00:00","dateModified":"2023-05-09T12:08:12+00:00","breadcrumb":{"@id":"https:\/\/sey.fi\/salo\/salon-elainsuojelu\/loytoelaimet\/axxell-brusaby-kemion-loytoelaintalo\/#breadcrumb"},"inLanguage":"fi","potentialAction":[{"@type":"ReadAction","target":["https:\/\/sey.fi\/salo\/salon-elainsuojelu\/loytoelaimet\/axxell-brusaby-kemion-loytoelaintalo\/"]}]},{"@type":"BreadcrumbList","@id":"https:\/\/sey.fi\/salo\/salon-elainsuojelu\/loytoelaimet\/axxell-brusaby-kemion-loytoelaintalo\/#breadcrumb","itemListElement":[{"@type":"ListItem","position":1,"name":"Home","item":"https:\/\/sey.fi\/salo\/"},{"@type":"ListItem","position":2,"name":"Salon Seudun El\u00e4insuojeluyhdistys","item":"https:\/\/sey.fi\/salo\/"},{"@type":"ListItem","position":3,"name":"L\u00f6yt\u00f6el\u00e4imet","item":"https:\/\/sey.fi\/salo\/salon-elainsuojelu\/loytoelaimet\/"},{"@type":"ListItem","position":4,"name":"Axxell Brusaby &#8211; Kemi\u00f6n l\u00f6yt\u00f6el\u00e4intalo"}]},{"@type":"WebSite","@id":"https:\/\/sey.fi\/salo\/#website","url":"https:\/\/sey.fi\/salo\/","name":"Salon seudun el\u00e4insuojeluyhdistys","description":"Uusi SEY J\u00e4senyhdistykset -sivusto","potentialAction":[{"@type":"SearchAction","target":{"@type":"EntryPoint","urlTemplate":"https:\/\/sey.fi\/salo\/?s={search_term_string}"},"query-input":{"@type":"PropertyValueSpecification","valueRequired":true,"valueName":"search_term_string"}}],"inLanguage":"fi"}]}},"_links":{"self":[{"href":"https:\/\/sey.fi\/salo\/wp-json\/wp\/v2\/pages\/644","targetHints":{"allow":["GET"]}}],"collection":[{"href":"https:\/\/sey.fi\/salo\/wp-json\/wp\/v2\/pages"}],"about":[{"href":"https:\/\/sey.fi\/salo\/wp-json\/wp\/v2\/types\/page"}],"author":[{"embeddable":true,"href":"https:\/\/sey.fi\/salo\/wp-json\/wp\/v2\/users\/25"}],"replies":[{"embeddable":true,"href":"https:\/\/sey.fi\/salo\/wp-json\/wp\/v2\/comments?post=644"}],"version-history":[{"count":4,"href":"https:\/\/sey.fi\/salo\/wp-json\/wp\/v2\/pages\/644\/revisions"}],"predecessor-version":[{"id":740,"href":"https:\/\/sey.fi\/salo\/wp-json\/wp\/v2\/pages\/644\/revisions\/740"}],"up":[{"embeddable":true,"href":"https:\/\/sey.fi\/salo\/wp-json\/wp\/v2\/pages\/642"}],"wp:attachment":[{"href":"https:\/\/sey.fi\/salo\/wp-json\/wp\/v2\/media?parent=644"}],"curies":[{"name":"wp","href":"https:\/\/api.w.org\/{rel}","templated":true}]}}