{"id":650,"date":"2023-05-08T11:07:09","date_gmt":"2023-05-08T08:07:09","guid":{"rendered":"https:\/\/sey.fi\/salo\/?page_id=650"},"modified":"2024-05-08T21:19:54","modified_gmt":"2024-05-08T18:19:54","slug":"sseyn-kissala","status":"publish","type":"page","link":"https:\/\/sey.fi\/salo\/salon-elainsuojelu\/loytoelaimet\/sseyn-kissala\/","title":{"rendered":"SSEY:n kissala ja koirala"},"content":{"rendered":"\n<p>Salon Seudun El\u00e4insuojeluyhdistyksell\u00e4 on oma l\u00f6yt\u00f6el\u00e4inten talteenottopaikka helpottaaksemme alueen l\u00f6yt\u00f6el\u00e4inten vastaanottoa.<\/p>\n\n\n\n<p>Talteen otettua l\u00f6yt\u00f6el\u00e4int\u00e4 s\u00e4ilytet\u00e4\u00e4n toimitiloillamme v\u00e4hint\u00e4\u00e4n 15 p\u00e4iv\u00e4n ajan, mink\u00e4 j\u00e4lkeen el\u00e4in siirtyy yhdistyksen omistukseen, ja sill\u00e4 on oikeus jatkosijoittaa el\u00e4in. Mik\u00e4li el\u00e4imen omistaja tavoitetaan, perit\u00e4\u00e4n el\u00e4imen omistajalta tai haltijalta korvaus el\u00e4imen talteenotosta, hoidosta ja mahdollisesta lopettamisesta aiheutuneista kustannuksista.<\/p>\n\n\n\n<p>L\u00f6yt\u00f6el\u00e4imi\u00e4 voit kysell\u00e4 seuraavista numeroista:<br>Kissat 044 778 4617<br>Koirat 040 913 0777<\/p>\n\n\n\n<p><strong>HUOM! L\u00f6yt\u00f6el\u00e4imi\u00e4 luovutetaan vain ennalta sovittuna aikana klo 12-19. Emme luovuta el\u00e4imi\u00e4 ellei siit\u00e4 ole sovittu etuk\u00e4teen, joten soita aina ensin ja sovi luovutuksesta. Emme luovuta el\u00e4imi\u00e4 p\u00e4ihtyneille henkil\u00f6ille.<\/strong><\/p>\n\n\n\n<h2 class=\"wp-block-heading\">SSEY:n hoitohinnasto 2024<\/h2>\n\n\n\n<p>1. hoitop\u00e4iv\u00e4: kissat 25\u20ac, koirat 30\u20ac<br>loput p\u00e4iv\u00e4t: kissat +12\u20ac\/pv\u00e4, koirat +17\u20ac\/pv\u00e4<br><\/p>\n\n\n\n<p>Lis\u00e4ksi perimme el\u00e4imen noudosta kilometrikorvauksen 0,75\u20ac\/km sek\u00e4 mahdollisen y\u00f6lis\u00e4n 20\u20ac.<\/p>\n","protected":false},"excerpt":{"rendered":"<p>Salon Seudun El\u00e4insuojeluyhdistyksell\u00e4 on oma l\u00f6yt\u00f6el\u00e4inten talteenottopaikka helpottaaksemme alueen l\u00f6yt\u00f6el\u00e4inten vastaanottoa. Talteen otettua l\u00f6yt\u00f6el\u00e4int\u00e4 s\u00e4ilytet\u00e4\u00e4n toimitiloillamme v\u00e4hint\u00e4\u00e4n 15 p\u00e4iv\u00e4n ajan, mink\u00e4 j\u00e4lkeen el\u00e4in siirtyy yhdistyksen omistukseen, ja sill\u00e4 on oikeus jatkosijoittaa el\u00e4in. Mik\u00e4li el\u00e4imen omistaja tavoitetaan, perit\u00e4\u00e4n el\u00e4imen omistajalta tai haltijalta korvaus el\u00e4imen talteenotosta, hoidosta ja mahdollisesta lopettamisesta aiheutuneista kustannuksista. L\u00f6yt\u00f6el\u00e4imi\u00e4 voit kysell\u00e4 seuraavista numeroista:Kissat [&hellip;]<\/p>\n","protected":false},"author":25,"featured_media":0,"parent":642,"menu_order":0,"comment_status":"closed","ping_status":"closed","template":"","meta":{"_acf_changed":false,"footnotes":""},"class_list":["post-650","page","type-page","status-publish","hentry"],"acf":[],"yoast_head":"<!-- This site is optimized with the Yoast SEO plugin v27.1.1 - https:\/\/yoast.com\/product\/yoast-seo-wordpress\/ -->\n<title>SSEY:n kissala ja koirala - Salon seudun el\u00e4insuojeluyhdistys<\/title>\n<meta name=\"robots\" content=\"index, follow, max-snippet:-1, max-image-preview:large, max-video-preview:-1\" \/>\n<link rel=\"canonical\" href=\"https:\/\/sey.fi\/salo\/salon-elainsuojelu\/loytoelaimet\/sseyn-kissala\/\" \/>\n<meta property=\"og:locale\" content=\"fi_FI\" \/>\n<meta property=\"og:type\" content=\"article\" \/>\n<meta property=\"og:title\" content=\"SSEY:n kissala ja koirala - Salon seudun el\u00e4insuojeluyhdistys\" \/>\n<meta property=\"og:description\" content=\"Salon Seudun El\u00e4insuojeluyhdistyksell\u00e4 on oma l\u00f6yt\u00f6el\u00e4inten talteenottopaikka helpottaaksemme alueen l\u00f6yt\u00f6el\u00e4inten vastaanottoa. Talteen otettua l\u00f6yt\u00f6el\u00e4int\u00e4 s\u00e4ilytet\u00e4\u00e4n toimitiloillamme v\u00e4hint\u00e4\u00e4n 15 p\u00e4iv\u00e4n ajan, mink\u00e4 j\u00e4lkeen el\u00e4in siirtyy yhdistyksen omistukseen, ja sill\u00e4 on oikeus jatkosijoittaa el\u00e4in. Mik\u00e4li el\u00e4imen omistaja tavoitetaan, perit\u00e4\u00e4n el\u00e4imen omistajalta tai haltijalta korvaus el\u00e4imen talteenotosta, hoidosta ja mahdollisesta lopettamisesta aiheutuneista kustannuksista. L\u00f6yt\u00f6el\u00e4imi\u00e4 voit kysell\u00e4 seuraavista numeroista:Kissat [&hellip;]\" \/>\n<meta property=\"og:url\" content=\"https:\/\/sey.fi\/salo\/salon-elainsuojelu\/loytoelaimet\/sseyn-kissala\/\" \/>\n<meta property=\"og:site_name\" content=\"Salon seudun el\u00e4insuojeluyhdistys\" \/>\n<meta property=\"article:modified_time\" content=\"2024-05-08T18:19:54+00:00\" \/>\n<meta name=\"twitter:card\" content=\"summary_large_image\" \/>\n<meta name=\"twitter:label1\" content=\"Arvioitu lukuaika\" \/>\n\t<meta name=\"twitter:data1\" content=\"1 minuutti\" \/>\n<script type=\"application\/ld+json\" class=\"yoast-schema-graph\">{\"@context\":\"https:\/\/schema.org\",\"@graph\":[{\"@type\":\"WebPage\",\"@id\":\"https:\/\/sey.fi\/salo\/salon-elainsuojelu\/loytoelaimet\/sseyn-kissala\/\",\"url\":\"https:\/\/sey.fi\/salo\/salon-elainsuojelu\/loytoelaimet\/sseyn-kissala\/\",\"name\":\"SSEY:n kissala ja koirala - Salon seudun el\u00e4insuojeluyhdistys\",\"isPartOf\":{\"@id\":\"https:\/\/sey.fi\/salo\/#website\"},\"datePublished\":\"2023-05-08T08:07:09+00:00\",\"dateModified\":\"2024-05-08T18:19:54+00:00\",\"breadcrumb\":{\"@id\":\"https:\/\/sey.fi\/salo\/salon-elainsuojelu\/loytoelaimet\/sseyn-kissala\/#breadcrumb\"},\"inLanguage\":\"fi\",\"potentialAction\":[{\"@type\":\"ReadAction\",\"target\":[\"https:\/\/sey.fi\/salo\/salon-elainsuojelu\/loytoelaimet\/sseyn-kissala\/\"]}]},{\"@type\":\"BreadcrumbList\",\"@id\":\"https:\/\/sey.fi\/salo\/salon-elainsuojelu\/loytoelaimet\/sseyn-kissala\/#breadcrumb\",\"itemListElement\":[{\"@type\":\"ListItem\",\"position\":1,\"name\":\"Home\",\"item\":\"https:\/\/sey.fi\/salo\/\"},{\"@type\":\"ListItem\",\"position\":2,\"name\":\"Salon Seudun El\u00e4insuojeluyhdistys\",\"item\":\"https:\/\/sey.fi\/salo\/\"},{\"@type\":\"ListItem\",\"position\":3,\"name\":\"L\u00f6yt\u00f6el\u00e4imet\",\"item\":\"https:\/\/sey.fi\/salo\/salon-elainsuojelu\/loytoelaimet\/\"},{\"@type\":\"ListItem\",\"position\":4,\"name\":\"SSEY:n kissala ja koirala\"}]},{\"@type\":\"WebSite\",\"@id\":\"https:\/\/sey.fi\/salo\/#website\",\"url\":\"https:\/\/sey.fi\/salo\/\",\"name\":\"Salon seudun el\u00e4insuojeluyhdistys\",\"description\":\"Uusi SEY J\u00e4senyhdistykset -sivusto\",\"potentialAction\":[{\"@type\":\"SearchAction\",\"target\":{\"@type\":\"EntryPoint\",\"urlTemplate\":\"https:\/\/sey.fi\/salo\/?s={search_term_string}\"},\"query-input\":{\"@type\":\"PropertyValueSpecification\",\"valueRequired\":true,\"valueName\":\"search_term_string\"}}],\"inLanguage\":\"fi\"}]}<\/script>\n<!-- \/ Yoast SEO plugin. -->","yoast_head_json":{"title":"SSEY:n kissala ja koirala - Salon seudun el\u00e4insuojeluyhdistys","robots":{"index":"index","follow":"follow","max-snippet":"max-snippet:-1","max-image-preview":"max-image-preview:large","max-video-preview":"max-video-preview:-1"},"canonical":"https:\/\/sey.fi\/salo\/salon-elainsuojelu\/loytoelaimet\/sseyn-kissala\/","og_locale":"fi_FI","og_type":"article","og_title":"SSEY:n kissala ja koirala - Salon seudun el\u00e4insuojeluyhdistys","og_description":"Salon Seudun El\u00e4insuojeluyhdistyksell\u00e4 on oma l\u00f6yt\u00f6el\u00e4inten talteenottopaikka helpottaaksemme alueen l\u00f6yt\u00f6el\u00e4inten vastaanottoa. Talteen otettua l\u00f6yt\u00f6el\u00e4int\u00e4 s\u00e4ilytet\u00e4\u00e4n toimitiloillamme v\u00e4hint\u00e4\u00e4n 15 p\u00e4iv\u00e4n ajan, mink\u00e4 j\u00e4lkeen el\u00e4in siirtyy yhdistyksen omistukseen, ja sill\u00e4 on oikeus jatkosijoittaa el\u00e4in. Mik\u00e4li el\u00e4imen omistaja tavoitetaan, perit\u00e4\u00e4n el\u00e4imen omistajalta tai haltijalta korvaus el\u00e4imen talteenotosta, hoidosta ja mahdollisesta lopettamisesta aiheutuneista kustannuksista. L\u00f6yt\u00f6el\u00e4imi\u00e4 voit kysell\u00e4 seuraavista numeroista:Kissat [&hellip;]","og_url":"https:\/\/sey.fi\/salo\/salon-elainsuojelu\/loytoelaimet\/sseyn-kissala\/","og_site_name":"Salon seudun el\u00e4insuojeluyhdistys","article_modified_time":"2024-05-08T18:19:54+00:00","twitter_card":"summary_large_image","twitter_misc":{"Arvioitu lukuaika":"1 minuutti"},"schema":{"@context":"https:\/\/schema.org","@graph":[{"@type":"WebPage","@id":"https:\/\/sey.fi\/salo\/salon-elainsuojelu\/loytoelaimet\/sseyn-kissala\/","url":"https:\/\/sey.fi\/salo\/salon-elainsuojelu\/loytoelaimet\/sseyn-kissala\/","name":"SSEY:n kissala ja koirala - Salon seudun el\u00e4insuojeluyhdistys","isPartOf":{"@id":"https:\/\/sey.fi\/salo\/#website"},"datePublished":"2023-05-08T08:07:09+00:00","dateModified":"2024-05-08T18:19:54+00:00","breadcrumb":{"@id":"https:\/\/sey.fi\/salo\/salon-elainsuojelu\/loytoelaimet\/sseyn-kissala\/#breadcrumb"},"inLanguage":"fi","potentialAction":[{"@type":"ReadAction","target":["https:\/\/sey.fi\/salo\/salon-elainsuojelu\/loytoelaimet\/sseyn-kissala\/"]}]},{"@type":"BreadcrumbList","@id":"https:\/\/sey.fi\/salo\/salon-elainsuojelu\/loytoelaimet\/sseyn-kissala\/#breadcrumb","itemListElement":[{"@type":"ListItem","position":1,"name":"Home","item":"https:\/\/sey.fi\/salo\/"},{"@type":"ListItem","position":2,"name":"Salon Seudun El\u00e4insuojeluyhdistys","item":"https:\/\/sey.fi\/salo\/"},{"@type":"ListItem","position":3,"name":"L\u00f6yt\u00f6el\u00e4imet","item":"https:\/\/sey.fi\/salo\/salon-elainsuojelu\/loytoelaimet\/"},{"@type":"ListItem","position":4,"name":"SSEY:n kissala ja koirala"}]},{"@type":"WebSite","@id":"https:\/\/sey.fi\/salo\/#website","url":"https:\/\/sey.fi\/salo\/","name":"Salon seudun el\u00e4insuojeluyhdistys","description":"Uusi SEY J\u00e4senyhdistykset -sivusto","potentialAction":[{"@type":"SearchAction","target":{"@type":"EntryPoint","urlTemplate":"https:\/\/sey.fi\/salo\/?s={search_term_string}"},"query-input":{"@type":"PropertyValueSpecification","valueRequired":true,"valueName":"search_term_string"}}],"inLanguage":"fi"}]}},"_links":{"self":[{"href":"https:\/\/sey.fi\/salo\/wp-json\/wp\/v2\/pages\/650","targetHints":{"allow":["GET"]}}],"collection":[{"href":"https:\/\/sey.fi\/salo\/wp-json\/wp\/v2\/pages"}],"about":[{"href":"https:\/\/sey.fi\/salo\/wp-json\/wp\/v2\/types\/page"}],"author":[{"embeddable":true,"href":"https:\/\/sey.fi\/salo\/wp-json\/wp\/v2\/users\/25"}],"replies":[{"embeddable":true,"href":"https:\/\/sey.fi\/salo\/wp-json\/wp\/v2\/comments?post=650"}],"version-history":[{"count":5,"href":"https:\/\/sey.fi\/salo\/wp-json\/wp\/v2\/pages\/650\/revisions"}],"predecessor-version":[{"id":1120,"href":"https:\/\/sey.fi\/salo\/wp-json\/wp\/v2\/pages\/650\/revisions\/1120"}],"up":[{"embeddable":true,"href":"https:\/\/sey.fi\/salo\/wp-json\/wp\/v2\/pages\/642"}],"wp:attachment":[{"href":"https:\/\/sey.fi\/salo\/wp-json\/wp\/v2\/media?parent=650"}],"curies":[{"name":"wp","href":"https:\/\/api.w.org\/{rel}","templated":true}]}}